{"id":988,"date":"2020-09-18T09:29:46","date_gmt":"2020-09-18T07:29:46","guid":{"rendered":"http:\/\/generaciokpartnere.hu\/leiwp\/?post_type=product&#038;p=988"},"modified":"2026-02-12T15:12:08","modified_gmt":"2026-02-12T14:12:08","slug":"lean-a-mindennapi-kenyerunk","status":"publish","type":"product","link":"https:\/\/lean.org.hu\/en\/lean-konyvesbolt\/lean-a-mindennapi-kenyerunk\/","title":{"rendered":"Lean, a mindennapi kenyer\u00fcnk"},"content":{"rendered":"<p><strong>Lean, a mindennapi kenyer\u00fcnk<\/strong>\u00a0<em>(The Lean Bakery)<\/em> <br \/>Juan Antonio Tena, Emi Castro \u00e9s Roberto Priolo <br \/><em>\u201eFollow the Learner\u201d sorozat<\/em> <br \/><br \/><\/p>\r\n<p><em>\u201cAz \u00e9tel akkor j\u00f3, ha friss. M\u00e9gis nagy t\u00e9telekben gy\u00e1rtjuk. Ha a nagy sebess\u00e9g\u0171, kis t\u00e9teles, egydarabos \u00e1raml\u00e1s m\u0171k\u00f6dhet az aut\u00f3alkatr\u00e9szek eset\u00e9ben, akkor mi\u00e9rt ne v\u00e1lhatna be a legfontosabb fogyaszt\u00e1si cikk \u2013 vagyis az \u00e9tel eset\u00e9ben? A barcelonai p\u00e9ks\u00e9g- \u00e9s bolth\u00e1l\u00f3zat mag\u00e1val ragad\u00f3 t\u00f6rt\u00e9nete erre a k\u00e9rd\u00e9s\u00fcnkre is v\u00e1laszt ad.\u201d<\/em><\/p>\r\n<p style=\"text-align: right;\"><strong>John Shook<\/strong> <br \/>eln\u00f6k, vez\u00e9rigazgat\u00f3<br \/>Lean Enterprise Institute<\/p>\r\n<p><em>\u201eA lean arra tan\u00edt, hogy hagyjuk el a sz\u00fcks\u00e9gtelent \u00e9s egyszer\u0171s\u00edts\u00fcnk, tartsuk meg azt, ami n\u00e9lk\u00fcl\u00f6zhetetlen, majd f\u00e1radhatatlanul dolgozzunk annak jobb\u00edt\u00e1s\u00e1n. Ahogyan a k\u00f6nyvb\u0151l ki is der\u00fcl, ez egy\u00e1ltal\u00e1n nem k\u00f6nny\u0171.\u201d<\/em><\/p>\r\n<p style=\"text-align: right;\"><strong>Oriol Cuatrecasas<\/strong> <br \/>Instituto Lean Management<\/p>\r\n<div class=\"wp-block-buttons aligncenter\">\r\n<div id=\"tlbbetekinto\" class=\"wp-block-button\"><a class=\"wp-block-button__link\" style=\"border-radius: 5px;\" href=\"https:\/\/drive.google.com\/file\/d\/1rCZmcEtHqtKLY1xrkrY14Brcj89jskKp\/view?usp=sharing\" target=\"_blank\" rel=\"noreferrer noopener\">Olvass bele a k\u00f6nyvbe!<\/a><\/div>\r\n<\/div>\r\n<p><em>\u201eAz els\u0151 n\u00e9h\u00e1ny \u00e9vben hihetetlen\u00fcl kem\u00e9nyen dolgoztunk, de ez nem bizonyult el\u00e9gnek. Egy rendszerre volt sz\u00fcks\u00e9g\u00fcnk a folyamataink ir\u00e1ny\u00edt\u00e1s\u00e1ra, mely lehet\u0151v\u00e9 teszi, hogy \u00e1tgondolt d\u00f6nt\u00e9seket hozzunk a k\u00f6vetkez\u0151 l\u00e9p\u00e9sekkel kapcsolatban. Ez a rendszer a lean szeml\u00e9let, amely az ut\u00f3bbi \u00e9vtizedben a munk\u00e1nk lelke lett, \u00e9s nagyszer\u0171 eredm\u00e9nyeket hozott. Teljesen \u00e1tform\u00e1lta a kult\u00far\u00e1nkat, megv\u00e1ltoztatta az \u00fczletmenetet, \u00e9s a n\u00f6veked\u00e9s motorj\u00e1v\u00e1 v\u00e1lt. Minden nap \u00faj ajt\u00f3t nyit meg: megmutatja, merre menj\u00fcnk, \u00e9s hogyan lehetn\u00e9nk egy kicsivel m\u00e9g jobbak.<\/em> <em>[\u2026] Mindenki azt vallja, hogy a lean egy utaz\u00e1s. Hiszem, hogy ez alapvet\u0151en egy k\u00eds\u00e9rletez\u00e9ssel, folyamatos felfedez\u00e9ssel teli utaz\u00e1s, mely sor\u00e1n \u00faj \u00e9s jobb munkam\u00f3dszereket saj\u00e1t\u00edthatunk el. A mi lean megk\u00f6zel\u00edt\u00e9s\u00fcnk nagyon is gyakorlatias. Nem haszn\u00e1lunk sok jap\u00e1n sz\u00f3t, \u00e9s nem is mindig alkalmazzuk k\u00f6nyv szerint a m\u00f3dszertant. A lean alapok az \u00e9let\u00fcnk szerves r\u00e9sz\u00e9v\u00e9 v\u00e1ltak, \u00e9s f\u00e1radhatatlanul dolgozunk azon, hogy az eszk\u00f6z\u00f6ket a v\u00e1ltoz\u00f3 sz\u00fcks\u00e9gleteinkhez \u00e9s k\u00f6r\u00fclm\u00e9nyeinkhez igaz\u00edtsuk.<\/em> <em>Amikor azt mondom, alapok, arra gondolok, hogy a vesztes\u00e9get \u00e9rt\u00e9kk\u00e9 alak\u00edtjuk, amit csak \u00fagy \u00e9rhet\u00fcnk el, ha a vev\u0151kre \u00f6sszpontos\u00edtunk \u00e9s tisztelj\u00fck az alkalmazottakat. Ez a menedzsmentmegk\u00f6zel\u00edt\u00e9s\u00fcnk alapja, amelyet a probl\u00e9mamegold\u00e1sok \u00e9s a fejleszt\u00e9sek sor\u00e1n megszerzett tud\u00e1ssal eg\u00e9sz\u00edt\u00fcnk ki.<\/em> <em>\u0150szint\u00e9n rem\u00e9lem, hogy a Lean a mindennapi kenyer\u00fcnk c\u00edm\u0171 k\u00f6nyv inspir\u00e1l\u00f3an fog hatni az olvas\u00f3kra, \u00e9s hasznos \u00fatit\u00e1rsnak bizonyul a saj\u00e1t lean utaz\u00e1sukon.\u201d<\/em><\/p>\r\n<p style=\"text-align: right;\"><strong>Juan Antonio Tena<\/strong> <br \/><em>365.<\/em>cafe<\/p>\r\n<p style=\"text-align: center;\"><strong>T\u00e1mogat\u00f3nk<\/strong><\/p>\r\n<p style=\"text-align: justify;\"><img decoding=\"async\" class=\"size-full wp-image-907 aligncenter\" src=\"https:\/\/lean.org.hu\/wp-content\/uploads\/2020\/08\/mol-1.jpg\" alt=\"mol log\u00f3\" width=\"250\" height=\"125\" srcset=\"https:\/\/lean.org.hu\/wp-content\/uploads\/2020\/08\/mol-1.jpg 250w, https:\/\/lean.org.hu\/wp-content\/uploads\/2020\/08\/mol-1-200x100.jpg 200w\" sizes=\"(max-width: 250px) 100vw, 250px\" \/><\/p>\r\n<p>ISBN 978-615-5887-00-0 <br \/>Terjedelem:\u00a099 oldal (130\u00d7187 mm) \u00a0<\/p>","protected":false},"excerpt":{"rendered":"<div class=\"book-box-author\"><em>\u201cA lean szeml\u00e9let teljesen \u00e1tform\u00e1lta a kult\u00far\u00e1nkat, megv\u00e1ltoztatta az \u00fczletmenetet, \u00e9s a n\u00f6veked\u00e9s motorj\u00e1v\u00e1 v\u00e1lt. Minden nap \u00faj ajt\u00f3t nyit meg: megmutatja, merre menj\u00fcnk, \u00e9s hogyan lehetn\u00e9nk egy kicsivel m\u00e9g jobbak.\u201d<\/em><\/div>","protected":false},"featured_media":66732,"template":"","meta":{"_eb_attr":""},"product_brand":[],"product_cat":[179,182,173,176],"product_tag":[],"class_list":{"0":"post-988","1":"product","2":"type-product","3":"status-publish","4":"has-post-thumbnail","6":"product_cat-lean-konyvek-esettanulmanyok","7":"product_cat-lean-konyvek-konnyed-olvasmanyok","8":"product_cat-lean-konyvesbolt","9":"product_cat-lean-konyvek-alapok","10":"infinite-scroll-item","11":"no-featured-image-padding","12":"sales-flash-overlay","13":"woocommerce-text-align-left","14":"woocommerce-image-align-left","15":"do-quantity-buttons","17":"first","18":"instock","19":"taxable","20":"shipping-taxable","21":"purchasable","22":"product-type-variable"},"yoast_head":"<!-- This site is optimized with the Yoast SEO plugin v27.4 - https:\/\/yoast.com\/product\/yoast-seo-wordpress\/ -->\n<title>Lean, a mindennapi kenyer\u00fcnk - A 365.cafe lean \u00e1talakul\u00e1sa - LEI<\/title>\n<meta name=\"description\" content=\"\u00c9rdekel a barcelonai 365.caf\u00e9 h\u00e1l\u00f3zatban v\u00e9grehajtott, inspir\u00e1l\u00f3 lean fejleszt\u00e9sek t\u00f6rt\u00e9nete? Lean, a mindennapi kenyer\u00fcnk szerezd be m\u00e9g ma\" \/>\n<meta name=\"robots\" content=\"index, follow, max-snippet:-1, max-image-preview:large, max-video-preview:-1\" \/>\n<link rel=\"canonical\" href=\"https:\/\/lean.org.hu\/en\/lean-konyvesbolt\/lean-a-mindennapi-kenyerunk\/\" \/>\n<meta property=\"og:locale\" content=\"en_GB\" \/>\n<meta property=\"og:type\" content=\"article\" \/>\n<meta property=\"og:title\" content=\"Lean, a mindennapi kenyer\u00fcnk\" \/>\n<meta property=\"og:description\" content=\"\u00c9rdekel a barcelonai 365.caf\u00e9 h\u00e1l\u00f3zatban v\u00e9grehajtott, inspir\u00e1l\u00f3 lean fejleszt\u00e9sek t\u00f6rt\u00e9nete? Lean, a mindennapi kenyer\u00fcnk szerezd be m\u00e9g ma\" \/>\n<meta property=\"og:url\" content=\"https:\/\/lean.org.hu\/en\/lean-konyvesbolt\/lean-a-mindennapi-kenyerunk\/\" \/>\n<meta property=\"og:site_name\" content=\"LEI\" \/>\n<meta property=\"article:publisher\" content=\"https:\/\/www.facebook.com\/LEI.Hungary\" \/>\n<meta property=\"article:modified_time\" content=\"2026-02-12T14:12:08+00:00\" \/>\n<meta property=\"og:image\" content=\"https:\/\/lean.org.hu\/wp-content\/uploads\/2020\/09\/Bakery-ajanlo_Sz.Zs_szines.png\" \/>\n\t<meta property=\"og:image:width\" content=\"1200\" \/>\n\t<meta property=\"og:image:height\" content=\"628\" \/>\n\t<meta property=\"og:image:type\" content=\"image\/png\" \/>\n<meta name=\"twitter:card\" content=\"summary_large_image\" \/>\n<meta name=\"twitter:label1\" content=\"Estimated reading time\" \/>\n\t<meta name=\"twitter:data1\" content=\"3 minutes\" \/>\n<script type=\"application\/ld+json\" class=\"yoast-schema-graph\">{\"@context\":\"https:\\\/\\\/schema.org\",\"@graph\":[{\"@type\":\"WebPage\",\"@id\":\"https:\\\/\\\/lean.org.hu\\\/lean-konyvesbolt\\\/lean-a-mindennapi-kenyerunk\\\/\",\"url\":\"https:\\\/\\\/lean.org.hu\\\/lean-konyvesbolt\\\/lean-a-mindennapi-kenyerunk\\\/\",\"name\":\"Lean, a mindennapi kenyer\u00fcnk - A 365.cafe lean \u00e1talakul\u00e1sa - LEI\",\"isPartOf\":{\"@id\":\"https:\\\/\\\/lean.org.hu\\\/#website\"},\"primaryImageOfPage\":{\"@id\":\"https:\\\/\\\/lean.org.hu\\\/lean-konyvesbolt\\\/lean-a-mindennapi-kenyerunk\\\/#primaryimage\"},\"image\":{\"@id\":\"https:\\\/\\\/lean.org.hu\\\/lean-konyvesbolt\\\/lean-a-mindennapi-kenyerunk\\\/#primaryimage\"},\"thumbnailUrl\":\"https:\\\/\\\/lean.org.hu\\\/wp-content\\\/uploads\\\/2020\\\/09\\\/TLB.jpg\",\"datePublished\":\"2020-09-18T07:29:46+00:00\",\"dateModified\":\"2026-02-12T14:12:08+00:00\",\"description\":\"\u00c9rdekel a barcelonai 365.caf\u00e9 h\u00e1l\u00f3zatban v\u00e9grehajtott, inspir\u00e1l\u00f3 lean fejleszt\u00e9sek t\u00f6rt\u00e9nete? Lean, a mindennapi kenyer\u00fcnk szerezd be m\u00e9g ma\",\"breadcrumb\":{\"@id\":\"https:\\\/\\\/lean.org.hu\\\/lean-konyvesbolt\\\/lean-a-mindennapi-kenyerunk\\\/#breadcrumb\"},\"inLanguage\":\"en-GB\",\"potentialAction\":[{\"@type\":\"ReadAction\",\"target\":[\"https:\\\/\\\/lean.org.hu\\\/lean-konyvesbolt\\\/lean-a-mindennapi-kenyerunk\\\/\"]}]},{\"@type\":\"ImageObject\",\"inLanguage\":\"en-GB\",\"@id\":\"https:\\\/\\\/lean.org.hu\\\/lean-konyvesbolt\\\/lean-a-mindennapi-kenyerunk\\\/#primaryimage\",\"url\":\"https:\\\/\\\/lean.org.hu\\\/wp-content\\\/uploads\\\/2020\\\/09\\\/TLB.jpg\",\"contentUrl\":\"https:\\\/\\\/lean.org.hu\\\/wp-content\\\/uploads\\\/2020\\\/09\\\/TLB.jpg\",\"width\":425,\"height\":600,\"caption\":\"Lean a mindennapi kenyer\u00fcnk\"},{\"@type\":\"BreadcrumbList\",\"@id\":\"https:\\\/\\\/lean.org.hu\\\/lean-konyvesbolt\\\/lean-a-mindennapi-kenyerunk\\\/#breadcrumb\",\"itemListElement\":[{\"@type\":\"ListItem\",\"position\":1,\"name\":\"Kezd\u0151lap\",\"item\":\"https:\\\/\\\/lean.org.hu\\\/\"},{\"@type\":\"ListItem\",\"position\":2,\"name\":\"Web\u00e1ruh\u00e1z oldal\",\"item\":\"http:\\\/\\\/lean.org.hu\\\/en\\\/webaruhaz-aloldal\\\/\"},{\"@type\":\"ListItem\",\"position\":3,\"name\":\"Lean, a mindennapi kenyer\u00fcnk\"}]},{\"@type\":\"WebSite\",\"@id\":\"https:\\\/\\\/lean.org.hu\\\/#website\",\"url\":\"https:\\\/\\\/lean.org.hu\\\/\",\"name\":\"LEI\",\"description\":\"\",\"publisher\":{\"@id\":\"https:\\\/\\\/lean.org.hu\\\/#organization\"},\"potentialAction\":[{\"@type\":\"SearchAction\",\"target\":{\"@type\":\"EntryPoint\",\"urlTemplate\":\"https:\\\/\\\/lean.org.hu\\\/?s={search_term_string}\"},\"query-input\":{\"@type\":\"PropertyValueSpecification\",\"valueRequired\":true,\"valueName\":\"search_term_string\"}}],\"inLanguage\":\"en-GB\"},{\"@type\":\"Organization\",\"@id\":\"https:\\\/\\\/lean.org.hu\\\/#organization\",\"name\":\"LEI\",\"url\":\"https:\\\/\\\/lean.org.hu\\\/\",\"logo\":{\"@type\":\"ImageObject\",\"inLanguage\":\"en-GB\",\"@id\":\"https:\\\/\\\/lean.org.hu\\\/#\\\/schema\\\/logo\\\/image\\\/\",\"url\":\"https:\\\/\\\/lean.org.hu\\\/wp-content\\\/uploads\\\/2020\\\/07\\\/cropped-lean_logo_final_color_horizontal.png\",\"contentUrl\":\"https:\\\/\\\/lean.org.hu\\\/wp-content\\\/uploads\\\/2020\\\/07\\\/cropped-lean_logo_final_color_horizontal.png\",\"width\":779,\"height\":288,\"caption\":\"LEI\"},\"image\":{\"@id\":\"https:\\\/\\\/lean.org.hu\\\/#\\\/schema\\\/logo\\\/image\\\/\"},\"sameAs\":[\"https:\\\/\\\/www.facebook.com\\\/LEI.Hungary\",\"https:\\\/\\\/www.linkedin.com\\\/company\\\/lean-enterprise-institute-hungary\"]}]}<\/script>\n<!-- \/ Yoast SEO plugin. -->","yoast_head_json":{"title":"Lean, a mindennapi kenyer\u00fcnk - A 365.cafe lean \u00e1talakul\u00e1sa - LEI","description":"\u00c9rdekel a barcelonai 365.caf\u00e9 h\u00e1l\u00f3zatban v\u00e9grehajtott, inspir\u00e1l\u00f3 lean fejleszt\u00e9sek t\u00f6rt\u00e9nete? Lean, a mindennapi kenyer\u00fcnk szerezd be m\u00e9g ma","robots":{"index":"index","follow":"follow","max-snippet":"max-snippet:-1","max-image-preview":"max-image-preview:large","max-video-preview":"max-video-preview:-1"},"canonical":"https:\/\/lean.org.hu\/en\/lean-konyvesbolt\/lean-a-mindennapi-kenyerunk\/","og_locale":"en_GB","og_type":"article","og_title":"Lean, a mindennapi kenyer\u00fcnk","og_description":"\u00c9rdekel a barcelonai 365.caf\u00e9 h\u00e1l\u00f3zatban v\u00e9grehajtott, inspir\u00e1l\u00f3 lean fejleszt\u00e9sek t\u00f6rt\u00e9nete? Lean, a mindennapi kenyer\u00fcnk szerezd be m\u00e9g ma","og_url":"https:\/\/lean.org.hu\/en\/lean-konyvesbolt\/lean-a-mindennapi-kenyerunk\/","og_site_name":"LEI","article_publisher":"https:\/\/www.facebook.com\/LEI.Hungary","article_modified_time":"2026-02-12T14:12:08+00:00","og_image":[{"width":1200,"height":628,"url":"https:\/\/lean.org.hu\/wp-content\/uploads\/2020\/09\/Bakery-ajanlo_Sz.Zs_szines.png","type":"image\/png"}],"twitter_card":"summary_large_image","twitter_misc":{"Estimated reading time":"3 minutes"},"schema":{"@context":"https:\/\/schema.org","@graph":[{"@type":"WebPage","@id":"https:\/\/lean.org.hu\/lean-konyvesbolt\/lean-a-mindennapi-kenyerunk\/","url":"https:\/\/lean.org.hu\/lean-konyvesbolt\/lean-a-mindennapi-kenyerunk\/","name":"Lean, a mindennapi kenyer\u00fcnk - A 365.cafe lean \u00e1talakul\u00e1sa - LEI","isPartOf":{"@id":"https:\/\/lean.org.hu\/#website"},"primaryImageOfPage":{"@id":"https:\/\/lean.org.hu\/lean-konyvesbolt\/lean-a-mindennapi-kenyerunk\/#primaryimage"},"image":{"@id":"https:\/\/lean.org.hu\/lean-konyvesbolt\/lean-a-mindennapi-kenyerunk\/#primaryimage"},"thumbnailUrl":"https:\/\/lean.org.hu\/wp-content\/uploads\/2020\/09\/TLB.jpg","datePublished":"2020-09-18T07:29:46+00:00","dateModified":"2026-02-12T14:12:08+00:00","description":"\u00c9rdekel a barcelonai 365.caf\u00e9 h\u00e1l\u00f3zatban v\u00e9grehajtott, inspir\u00e1l\u00f3 lean fejleszt\u00e9sek t\u00f6rt\u00e9nete? Lean, a mindennapi kenyer\u00fcnk szerezd be m\u00e9g ma","breadcrumb":{"@id":"https:\/\/lean.org.hu\/lean-konyvesbolt\/lean-a-mindennapi-kenyerunk\/#breadcrumb"},"inLanguage":"en-GB","potentialAction":[{"@type":"ReadAction","target":["https:\/\/lean.org.hu\/lean-konyvesbolt\/lean-a-mindennapi-kenyerunk\/"]}]},{"@type":"ImageObject","inLanguage":"en-GB","@id":"https:\/\/lean.org.hu\/lean-konyvesbolt\/lean-a-mindennapi-kenyerunk\/#primaryimage","url":"https:\/\/lean.org.hu\/wp-content\/uploads\/2020\/09\/TLB.jpg","contentUrl":"https:\/\/lean.org.hu\/wp-content\/uploads\/2020\/09\/TLB.jpg","width":425,"height":600,"caption":"Lean a mindennapi kenyer\u00fcnk"},{"@type":"BreadcrumbList","@id":"https:\/\/lean.org.hu\/lean-konyvesbolt\/lean-a-mindennapi-kenyerunk\/#breadcrumb","itemListElement":[{"@type":"ListItem","position":1,"name":"Kezd\u0151lap","item":"https:\/\/lean.org.hu\/"},{"@type":"ListItem","position":2,"name":"Web\u00e1ruh\u00e1z oldal","item":"http:\/\/lean.org.hu\/en\/webaruhaz-aloldal\/"},{"@type":"ListItem","position":3,"name":"Lean, a mindennapi kenyer\u00fcnk"}]},{"@type":"WebSite","@id":"https:\/\/lean.org.hu\/#website","url":"https:\/\/lean.org.hu\/","name":"LEI","description":"","publisher":{"@id":"https:\/\/lean.org.hu\/#organization"},"potentialAction":[{"@type":"SearchAction","target":{"@type":"EntryPoint","urlTemplate":"https:\/\/lean.org.hu\/?s={search_term_string}"},"query-input":{"@type":"PropertyValueSpecification","valueRequired":true,"valueName":"search_term_string"}}],"inLanguage":"en-GB"},{"@type":"Organization","@id":"https:\/\/lean.org.hu\/#organization","name":"LEI","url":"https:\/\/lean.org.hu\/","logo":{"@type":"ImageObject","inLanguage":"en-GB","@id":"https:\/\/lean.org.hu\/#\/schema\/logo\/image\/","url":"https:\/\/lean.org.hu\/wp-content\/uploads\/2020\/07\/cropped-lean_logo_final_color_horizontal.png","contentUrl":"https:\/\/lean.org.hu\/wp-content\/uploads\/2020\/07\/cropped-lean_logo_final_color_horizontal.png","width":779,"height":288,"caption":"LEI"},"image":{"@id":"https:\/\/lean.org.hu\/#\/schema\/logo\/image\/"},"sameAs":["https:\/\/www.facebook.com\/LEI.Hungary","https:\/\/www.linkedin.com\/company\/lean-enterprise-institute-hungary"]}]}},"_links":{"self":[{"href":"https:\/\/lean.org.hu\/en\/wp-json\/wp\/v2\/product\/988","targetHints":{"allow":["GET"]}}],"collection":[{"href":"https:\/\/lean.org.hu\/en\/wp-json\/wp\/v2\/product"}],"about":[{"href":"https:\/\/lean.org.hu\/en\/wp-json\/wp\/v2\/types\/product"}],"wp:featuredmedia":[{"embeddable":true,"href":"https:\/\/lean.org.hu\/en\/wp-json\/wp\/v2\/media\/66732"}],"wp:attachment":[{"href":"https:\/\/lean.org.hu\/en\/wp-json\/wp\/v2\/media?parent=988"}],"wp:term":[{"taxonomy":"product_brand","embeddable":true,"href":"https:\/\/lean.org.hu\/en\/wp-json\/wp\/v2\/product_brand?post=988"},{"taxonomy":"product_cat","embeddable":true,"href":"https:\/\/lean.org.hu\/en\/wp-json\/wp\/v2\/product_cat?post=988"},{"taxonomy":"product_tag","embeddable":true,"href":"https:\/\/lean.org.hu\/en\/wp-json\/wp\/v2\/product_tag?post=988"}],"curies":[{"name":"wp","href":"https:\/\/api.w.org\/{rel}","templated":true}]}}