{"id":977,"date":"2020-09-26T08:45:10","date_gmt":"2020-09-26T06:45:10","guid":{"rendered":"http:\/\/generaciokpartnere.hu\/leiwp\/?post_type=product&#038;p=977"},"modified":"2026-02-12T14:43:34","modified_gmt":"2026-02-12T13:43:34","slug":"lean-problemamegoldok-kezikonyve","status":"publish","type":"product","link":"https:\/\/lean.org.hu\/en\/lean-konyvesbolt\/lean-problemamegoldok-kezikonyve\/","title":{"rendered":"Four Types of Problems"},"content":{"rendered":"<p><strong>Four Types of Problems<\/strong>\u00a0<em>(Four Types of Problems)<br \/>Art Smalley <br \/><\/em><\/p>\r\n<p>A legt\u00f6bb c\u00e9gvezet\u0151 \u00e9s csapat automatikusan az ismer\u0151s \u00e9s standard probl\u00e9mamegold\u00f3 m\u00f3dszerekhez ny\u00fal, amikor b\u00e1rmilyen gonddal szembes\u00fcl, de ezzel felesleges neh\u00e9zs\u00e9geket, frusztr\u00e1ci\u00f3t, cs\u00fasz\u00e1sokat \u00e9s hat\u00e9konys\u00e1g-cs\u00f6kken\u00e9st okoznak a probl\u00e9ma megold\u00e1sa sor\u00e1n \u2013 m\u00e1r amennyiben a probl\u00e9ma egy\u00e1ltal\u00e1n megold\u00f3dik! M\u00e1sk\u00e9pp fogalmazva: \u00fajra \u00e9s \u00fajra a r\u00e9gi kalap\u00e1cshoz ny\u00falnak, mintha mindegyik \u00fczleti probl\u00e9ma ugyanaz a sz\u00f6g volna. A\u00a0<em>Four Types of Problems<\/em>\u00a0c\u00edm\u0171 k\u00f6nyvben a szerz\u0151, Art Smalley, a folyamatos fejleszt\u00e9s szak\u00e9rt\u0151je, megmutatja, hogyan t\u00f6rhet\u00fcnk ki ebb\u0151l a csapd\u00e1b\u00f3l. Megl\u00e1t\u00e1sa szerint a legt\u00f6bb \u00fczleti probl\u00e9ma n\u00e9gy f\u0151 kateg\u00f3ri\u00e1ba sorolhat\u00f3, amelyek m\u00e1s-m\u00e1s gondolkod\u00e1si folyamatot, fejleszt\u00e9si m\u00f3dszert \u00e9s menedzsment-megk\u00f6zel\u00edt\u00e9st ig\u00e9nyelnek. Ezek az al\u00e1bbiak: <img fetchpriority=\"high\" decoding=\"async\" class=\"size-medium wp-image-984 alignright\" src=\"https:\/\/lean.org.hu\/wp-content\/uploads\/2020\/09\/K\u00e9p01-2-295x300.jpg\" alt=\"probl\u00e9mamegold\u00f3k k\u00e9zik\u00f6nyve \u00e1braprobl\u00e9m\u00e1k n\u00e9gy t\u00edpusa\" width=\"295\" height=\"300\" srcset=\"https:\/\/lean.org.hu\/wp-content\/uploads\/2020\/09\/K\u00e9p01-2-295x300.jpg 295w, https:\/\/lean.org.hu\/wp-content\/uploads\/2020\/09\/K\u00e9p01-2-200x204.jpg 200w, https:\/\/lean.org.hu\/wp-content\/uploads\/2020\/09\/K\u00e9p01-2-300x305.jpg 300w, https:\/\/lean.org.hu\/wp-content\/uploads\/2020\/09\/K\u00e9p01-2.jpg 400w\" sizes=\"(max-width: 295px) 100vw, 295px\" \/><\/p>\r\n<ol>\r\n<li><strong>Hibaelh\u00e1r\u00edt\u00e1s:<\/strong>reakt\u00edv folyamat, mely sor\u00e1n gyorsan megsz\u00fcntetj\u00fck az abnorm\u00e1lis \u00e1llapotokat azzal, hogy halad\u00e9ktalanul visszat\u00e9r\u00fcnk az ismert standardhoz.<\/li>\r\n<li><strong>Standardt\u00f3l val\u00f3 elt\u00e9r\u00e9s:<\/strong>struktur\u00e1lt probl\u00e9mamegold\u00f3 folyamat, amely els\u0151sorban a gy\u00f6k\u00e9rokot veszi c\u00e9lba a probl\u00e9ma defini\u00e1l\u00e1sa, c\u00e9lkit\u0171z\u00e9s, elemz\u00e9s, ellenint\u00e9zked\u00e9sek foganatos\u00edt\u00e1sa, ellen\u0151rz\u00e9sek, standardok \u00e9s nyomon k\u00f6vet\u0151 tev\u00e9kenys\u00e9gek r\u00e9v\u00e9n.<\/li>\r\n<li><strong>C\u00e9l\u00e1llapot:<\/strong>folyamatos fejleszt\u00e9s (kaizen), amely t\u00falmutat a meglev\u0151 teljes\u00edtm\u00e9nyszinteken, hogy ez\u00e1ltal \u00faj \u00e9s jobb standardokat vagy \u00e1llapotokat \u00e9rj\u00fcnk el.<\/li>\r\n<li><strong>Ny\u00edltv\u00e9g\u0171 \u00e9s innov\u00e1ci\u00f3:<\/strong>szakadatlan t\u00f6rekv\u00e9s a kreativit\u00e1s \u00e9s egy j\u00f6v\u0151k\u00e9p vagy ide\u00e1lis \u00e1llapot szint\u00e9zise r\u00e9v\u00e9n, amely radik\u00e1lis fejleszt\u00e9sekkel j\u00e1r \u00e9s a jelenlegi szinten t\u00falmutat\u00f3, nem v\u00e1rt term\u00e9keket, folyamatokat, rendszereket hoz l\u00e9tre, vagy \u00e9rt\u00e9ket teremt az \u00fcgyf\u00e9l sz\u00e1m\u00e1ra.<\/li>\r\n<\/ol>\r\n<p><em>\u201eA szervezetek \u00e9s egy\u00e9nek, b\u00e1rmely szinten legyenek is, rendre beles\u00e9t\u00e1lnak ebbe a csapd\u00e1ba: egyetlen els\u0151dleges \u00e9s standard megold\u00e1suk van minden probl\u00e9m\u00e1ra\u201d<\/em>\u00a0\u2013 \u00e1ll\u00edtja Smalley, aki a probl\u00e9mamegold\u00e1st a Toyota h\u00edres Kamigo motorgy\u00e1r\u00e1ban tanulta Tomoo Harada-t\u00f3l, aki azokat a karbantart\u00e1si tev\u00e9kenys\u00e9geket vezette, amelyek biztos\u00edtott\u00e1k az Taiichi Ohno-f\u00e9le innov\u00e1ci\u00f3khoz sz\u00fcks\u00e9ges stabilit\u00e1st a Toyota Termel\u00e9si Rendszerben (TPS). <br \/><em>\u201eMindegyik probl\u00e9makateg\u00f3ria-t\u00edpusnak megvan a maga alrendszere \u00e9s a felsz\u00ednre ker\u00fcl\u0151 mechanizmusa, menedzsment-megk\u00f6zel\u00edt\u00e9se \u00e9s neh\u00e9zs\u00e9gi szintje\u201d<\/em>\u00a0\u2013 fejti ki. \u2013 \u201e<em>Nincs minden helyzetre megfelel\u0151 egys\u00e9ges megold\u00e1s, \u00e9s amikor a munkat\u00e1rsakat megtan\u00edtjuk az eszk\u00f6z\u00f6k vagy technik\u00e1k haszn\u00e1lat\u00e1ra, azzal m\u00e9g csak a felsz\u00ednt kapargatjuk.\u201d<br \/><br \/><\/em><\/p>\r\n<div class=\"wp-block-buttons aligncenter\">\r\n<div id=\"4topbetekinto\" class=\"wp-block-button\"><a class=\"wp-block-button__link\" style=\"border-radius: 5px;\" href=\"https:\/\/drive.google.com\/file\/d\/1QHJoAHQkaHJJY9SnTfz0Z9thgYp8LEy3\/view?usp=sharing\" target=\"_blank\" rel=\"noreferrer noopener\">Olvass bele a k\u00f6nyvbe!<\/a><\/div>\r\n<\/div>\r\n<p>A\u00a0<em>Four Types of Problems\u00a0<\/em>c\u00edm\u0171 k\u00f6nyvb\u0151l megtanulhatjuk:<\/p>\r\n<ul>\r\n<li>A n\u00e9gy probl\u00e9mamegold\u00f3 megk\u00f6zel\u00edt\u00e9st, amelyek szinte b\u00e1rmely \u00fczleti probl\u00e9ma eset\u00e9n hat\u00e9konyak;<\/li>\r\n<li>Hogyan \u00e9rdemes az \u201eabnorm\u00e1lis helyzetek\u201d kezel\u00e9s\u00e9t\u0151l elindulni az \u00f6sszetettebb probl\u00e9mamegold\u00f3 rutinok fel\u00e9, amelyek fejlesztik az embereket \u00e9s soksz\u00edn\u0171bb folyamatos fejleszt\u00e9si kult\u00far\u00e1t hoznak l\u00e9tre;<\/li>\r\n<li>Mikor, hogyan \u00e9s melyik t\u00edpust \u00e9rdemes haszn\u00e1lni, val\u00f3di p\u00e9ld\u00e1kon kereszt\u00fcl bemutatva;<\/li>\r\n<li>Melyek az egyes probl\u00e9mamegold\u00f3 t\u00edpusok er\u0151ss\u00e9gei \u00e9s korl\u00e1tai;<\/li>\r\n<li>Melyek az egyes t\u00edpusoknak megfelel\u0151 alrendszerek;<\/li>\r\n<li>Mi az id\u0151z\u00edt\u00e9s \u00e9s \u00fctemez\u00e9s fontoss\u00e1ga minden egyes rutin eset\u00e9ben;<\/li>\r\n<li>Melyik a h\u00e1rom f\u0151 ellenint\u00e9zked\u00e9si t\u00edpus, \u00e9s mikor \u00e9rdemes haszn\u00e1lni ezeket;<\/li>\r\n<li>A probl\u00e9mamegold\u00e1sban hogyan lehet a 4C-elvet felhaszn\u00e1lni az 1. t\u00edpus, azaz hibaelh\u00e1r\u00edt\u00e1s eset\u00e9ben;<\/li>\r\n<li>Mi a frontline szupervizorok kritikus szerepe a hibaelh\u00e1r\u00edt\u00e1sban;<\/li>\r\n<li>Melyik a 2. t\u00edpus\u00fa \u2013 standardt\u00f3l val\u00f3 elt\u00e9r\u00e9s \u2013 probl\u00e9mamegold\u00e1st ig\u00e9nyl\u0151 k\u00e9t \u00e1llapot;<\/li>\r\n<li>Mi a 2. t\u00edpus\u00fa probl\u00e9mamegold\u00e1s h\u00e9t alapl\u00e9p\u00e9se, \u00e9s azok legfontosabb pontjai;<\/li>\r\n<li>Miben k\u00fcl\u00f6nb\u00f6zik a 3. t\u00edpus\u00fa probl\u00e9mamegold\u00e1s az 1. \u00e9s 2. t\u00edpust\u00f3l;<\/li>\r\n<li>A 3. t\u00edpus\u00fa szeml\u00e9let mi\u00e9rt alkalmazhat\u00f3 b\u00e1rmely tev\u00e9kenys\u00e9g \u2013 gy\u00e1rt\u00e1s, szolg\u00e1ltat\u00e1sok, eg\u00e9szs\u00e9g\u00fcgy, logisztika; k\u00f6zigazgat\u00e1s stb. \u2013 eset\u00e9ben;<\/li>\r\n<li>Melyek a szakemberek megl\u00e1t\u00e1sai a design szeml\u00e9let \u00e9s az innov\u00e1ci\u00f3 modern, 4. t\u00edpus\u00fa probl\u00e9mamegold\u00f3 megk\u00f6zel\u00edt\u00e9s\u00e9r\u0151l;<\/li>\r\n<li>Milyen t\u00e9telekb\u0151l \u00e1ll a 4. t\u00edpus ellen\u0151rz\u0151list\u00e1ja;<\/li>\r\n<li>Melyik az a hat alternat\u00edv t\u00e9ma, amely az \u00f6sszes probl\u00e9mamegold\u00f3 t\u00edpusra \u00e9rv\u00e9nyes;<\/li>\r\n<li>Hogyan m\u00e9rj\u00fck fel egy v\u00e1llalat k\u00e9pess\u00e9geit mind a n\u00e9gy t\u00edpus \u00e9s n\u00e9gy elt\u00e9r\u0151 k\u00e9szs\u00e9gszint eset\u00e9ben;<\/li>\r\n<li>Mi a folyamatos fejleszt\u00e9s legf\u0151bb eszk\u00f6zei m\u00f6g\u00f6tt h\u00faz\u00f3d\u00f3 szeml\u00e9let \u00e9s logika;<\/li>\r\n<\/ul>\r\n<p>Fentiek r\u00f6gz\u00edt\u00e9s\u00e9t t\u00f6bb mint hatvan illusztr\u00e1ci\u00f3 t\u00e1mogatja, tov\u00e1bb\u00e1 minden fejezet v\u00e9g\u00e9n \u00f6sszefoglal\u00f3 k\u00e9rd\u00e9sek seg\u00edtik a pontos meg\u00e9rt\u00e9s ellen\u0151rz\u00e9s\u00e9t.<\/p>\r\n<p style=\"text-align: center;\"><strong>T\u00e1mogat\u00f3nk<\/strong><\/p>\r\n<p style=\"text-align: justify;\"><img decoding=\"async\" class=\"size-full wp-image-985 aligncenter\" src=\"https:\/\/lean.org.hu\/wp-content\/uploads\/2020\/09\/K\u00e9p02-2.jpg\" alt=\"eon log\u00f3\" width=\"152\" height=\"50\" srcset=\"https:\/\/lean.org.hu\/wp-content\/uploads\/2020\/09\/K\u00e9p02-2.jpg 152w, https:\/\/lean.org.hu\/wp-content\/uploads\/2020\/09\/K\u00e9p02-2-150x50.jpg 150w\" sizes=\"(max-width: 152px) 100vw, 152px\" \/><\/p>\r\n<p>ISBN 978-615-5887-01-7 <br \/>Terjedelem: 163 oldal (184\u00d7248 mm)<\/p>\r\n<hr \/>\r\n<h3>Probl\u00e9m\u00e1k n\u00e9gy t\u00edpusa workshop\u00a0<\/h3>\r\n<p><strong>Probl\u00e9mamegold\u00e1s a gyakorlatban<\/strong> <img decoding=\"async\" class=\"wp-image-981 alignright\" src=\"https:\/\/lean.org.hu\/wp-content\/uploads\/2020\/09\/K\u00e9p03-2-300x200.jpg\" alt=\"probl\u00e9m\u00e1k n\u00e9gy t\u00edpusa workshop\" width=\"323\" height=\"215\" \/>Magas a fluktu\u00e1ci\u00f3? Alacsony a g\u00e9pek rendelkez\u00e9sre \u00e1ll\u00e1sa? Ism\u00e9tl\u0151dnek a min\u0151s\u00e9gi probl\u00e9m\u00e1k, emelkedik a selejtsz\u00e1zal\u00e9k? Magasak a m\u0171k\u00f6d\u00e9si k\u00f6lts\u00e9gek? Egyre t\u00f6bb az el\u00e9gedetlen \u00fcgyf\u00e9l? Tapasztaltad m\u00e1r, hogy minduntalan ugyanazokat a probl\u00e9m\u00e1kat kell \u00fajra \u00e9s \u00fajra megoldani?\u00a0 A workshop c\u00e9lja, hogy a probl\u00e9mamegold\u00e1s ter\u00fclet\u00e9n vil\u00e1gszerte elismert szak\u00e9rt\u0151, Art Smalley Lean probl\u00e9mamegold\u00f3k k\u00e9zik\u00f6nyve c\u00edm\u0171 m\u0171v\u00e9nek feldolgoz\u00e1s\u00e1n kereszt\u00fcl a r\u00e9sztvev\u0151k megismerj\u00e9k az \u00fczleti probl\u00e9m\u00e1k megold\u00e1s\u00e1nak n\u00e9gy f\u0151 t\u00edpus\u00e1t, amelyek m\u00e1s-m\u00e1s gondolkod\u00e1si folyamatot, fejleszt\u00e9si m\u00f3dszert \u00e9s menedzsment-megk\u00f6zel\u00edt\u00e9st ig\u00e9nyelnek.<\/p>\r\n<p style=\"text-align: center;\"><a class=\"wp-block-button__link\" style=\"border-radius: 5px;\" href=\"https:\/\/lean.org.hu\/en\/problemaknegytipusa\/\" target=\"_blank\" rel=\"noreferrer noopener\">A probl\u00e9m\u00e1k n\u00e9gy t\u00edpusa workshop r\u00e9szletei\u00e9rt kattints ide!<\/a><\/p>\r\n<p>&nbsp;<\/p>\r\n<p><strong>A szerz\u0151r\u0151l<\/strong> <img loading=\"lazy\" decoding=\"async\" class=\"size-full wp-image-982 alignright\" src=\"https:\/\/lean.org.hu\/wp-content\/uploads\/2020\/09\/K\u00e9p04-1.jpg\" alt=\"Art Smalley portr\u00e9\" width=\"100\" height=\"108\" \/>Art Smalley vil\u00e1gszerte elismert szak\u00e9rt\u0151 a vezet\u00e9s, a probl\u00e9mamegold\u00e1s, valamint az operat\u00edv fejleszt\u00e9s ter\u00fcleteken. Az 1980-as \u00e9vek v\u00e9g\u00e9n Art az els\u0151 amerikaiak k\u00f6z\u00e9 tartozott, akik Jap\u00e1nban a Toyota Motor Corporationn\u00e1l dolgoztak. A kezdeti id\u0151kben k\u00fcl\u00f6nb\u00f6z\u0151 jap\u00e1n egyetemeken tanult, majd a Toyota Production System (TPS) elveit a h\u00edres Kamigo motorgy\u00e1rban saj\u00e1t\u00edtotta el, ahol Taiichi Ohno volt az alap\u00edt\u00f3 gy\u00e1rigazgat\u00f3. Art emellett jelent\u0151s szerepet j\u00e1tszott a TPS m\u00f3dszerek \u00e9s prec\u00edzi\u00f3s eszk\u00f6z\u00f6k fejleszt\u00e9s\u00e9ben \u00e9s \u00e1tv\u00e9tel\u00e9ben a Toyota tengerent\u00fali \u00fczemeiben is. Miut\u00e1n egy \u00e9vtizedet t\u00f6lt\u00f6tt Jap\u00e1nban, Art visszat\u00e9rt az Egyes\u00fclt \u00c1llamokba, \u00e9s \u00f6t \u00e9ven \u00e1t a Donnelly Corporation lean igazgat\u00f3jak\u00e9nt dolgozott. Art seg\u00edts\u00e9g\u00e9vel val\u00f3sult meg \u00c9szak-Amerika egyik legleny\u0171g\u00f6z\u0151bb lean \u00e1talakul\u00e1sa. A Donnelly t\u00f6bb d\u00edjat is elnyert, mik\u00f6zben jelent\u0151sen javult mind a nett\u00f3 \u00e1rbev\u00e9tele, mind a biztons\u00e1gra, min\u0151s\u00e9gre, termel\u00e9kenys\u00e9gre, sz\u00e1ll\u00edt\u00e1sra \u00e9s munkamor\u00e1lra vonatokoz\u00f3 operat\u00edv m\u00e9r\u0151sz\u00e1mai. A Forbes \u00e9s sz\u00e1mos egy\u00e9b kiadv\u00e1ny is besz\u00e1molt Art munk\u00e1ss\u00e1g\u00e1r\u00f3l \u00e9s a fenti fordulatr\u00f3l. Art 1998-ban csatlakozott a McKinsey &amp; Company nemzetk\u00f6zi tan\u00e1csad\u00f3 c\u00e9g\u00e9hez, ahol az egyik vezet\u0151 lean szakember volt. Sz\u00e1mos Fortune 500-\u00fcgyfelet t\u00e1mogatott operat\u00edv k\u00e9rd\u00e9sekben, t\u00f6bbek k\u00f6z\u00f6tt a lean megval\u00f3s\u00edt\u00e1s\u00e1val kapcsolatban, \u00e9s sz\u00e1mos sikeres min\u0151s\u00e9gi, k\u00f6lts\u00e9ghat\u00e9konys\u00e1gi \u00e9s sz\u00e1ll\u00edt\u00e1si teljes\u00edt\u00e9s fejleszt\u00e9s\u00e9re ir\u00e1nyul\u00f3 projektet vez\u00e9nyelt le. Art 2003-ban elind\u00edtotta a saj\u00e1t v\u00e1llalat\u00e1t, az Art of Lean Inc.-t, \u00e9s most az idej\u00e9t k\u00fcl\u00f6nf\u00e9le profil\u00fa c\u00e9gek k\u00f6z\u00f6tt osztja meg, mint amilyen a Parker Hannifin, Delphi, Timken, Schlumberger, Gillette, Nexteer, Sandia National Laboratories, illetve mag\u00e1nt\u0151ke befektet\u0151i csoportokkal \u00e9s egy\u00e9b v\u00e1llalatokkal dolgozik. Weboldala a vezet\u00e9sr\u0151l \u00e9s a leanr\u0151l sz\u00f3l\u00f3 cikkek, \u00fatmutat\u00f3k \u00e9s dokumentumok val\u00f3s\u00e1gos t\u00e1rh\u00e1za:\u00a0<a href=\"http:\/\/www.artoflean.com\/\">www.artoflean.com<\/a>. Art a Lean Enterprise Institute \u00e9s glob\u00e1lis t\u00e1rsszervezeteinek szerz\u0151je \u00e9s tan\u00e1csad\u00f3ja, vil\u00e1gszerte tart el\u0151ad\u00e1sokat neves gy\u00e1rt\u00f3k fels\u0151 vezet\u0151inek. Art 2005-ben adta ki a Shingo Publication Award d\u00edjjal jutalmazott\u00a0<em>Creating Level Pull<\/em>\u00a0c\u00edm\u0171 k\u00f6nyv\u00e9t, amely az alapvet\u0151 h\u00faz\u00f3rendszer l\u00e9trehoz\u00e1s\u00e1r\u00f3l sz\u00f3l. 2008-ban t\u00e1rsszerz\u0151je volt a Shingo-d\u00edjas\u00a0<em>Understanding A3 Thinking<\/em>\u00a0c\u00edm\u0171 k\u00f6nyvnek bar\u00e1tja \u00e9s koll\u00e9g\u00e1ja, Durward K. Sobek professzor mellett. 2010-ben Isao Kato-val egy\u00fcttm\u0171k\u00f6dve Art kiadta a\u00a0<em>Toyota\u2019s Kaizen Methods:\u00a0Six Steps to Improvement<\/em>\u00a0c\u00edm\u0171 k\u00f6tetet. Art a legut\u00f3bbi,\u00a0<em>Four\u00a0Types of Problems\u00a0<\/em>c\u00edm\u0171 k\u00f6nyv\u00e9t 2018-ban fejezte be, melyet a Lean Enterprise Institute adott ki.<\/p>","protected":false},"excerpt":{"rendered":"<p><em>\u201cMegl\u00e1t\u00e1sa szerint a legt\u00f6bb \u00fczleti probl\u00e9ma n\u00e9gy f\u0151 kateg\u00f3ri\u00e1ba sorolhat\u00f3, amelyek m\u00e1s-m\u00e1s gondolkod\u00e1si folyamatot, fejleszt\u00e9si m\u00f3dszert \u00e9s menedzsment-megk\u00f6zel\u00edt\u00e9st ig\u00e9nyelnek.\u201d<\/em><\/p>","protected":false},"featured_media":66735,"template":"","meta":{"_eb_attr":""},"product_brand":[],"product_cat":[173,177],"product_tag":[],"class_list":{"0":"post-977","1":"product","2":"type-product","3":"status-publish","4":"has-post-thumbnail","6":"product_cat-lean-konyvesbolt","7":"product_cat-lean-konyvek-problemamegoldas","8":"infinite-scroll-item","9":"no-featured-image-padding","10":"sales-flash-overlay","11":"woocommerce-text-align-left","12":"woocommerce-image-align-left","13":"do-quantity-buttons","15":"first","16":"instock","17":"taxable","18":"shipping-taxable","19":"purchasable","20":"product-type-variable"},"yoast_head":"<!-- This site is optimized with the Yoast SEO plugin v27.4 - https:\/\/yoast.com\/product\/yoast-seo-wordpress\/ -->\n<title>Lean probl\u00e9mamegold\u00f3k k\u00e9zik\u00f6nyve - Art Smalley - LEI<\/title>\n<meta name=\"description\" content=\"A legt\u00f6bb \u00fczleti probl\u00e9ma n\u00e9gy f\u0151 kateg\u00f3ri\u00e1ba sorolhat\u00f3, amelyek m\u00e1s-m\u00e1s gondolkod\u00e1si folyamatot, fejleszt\u00e9si m\u00f3dszert ig\u00e9nyelnek.\" \/>\n<meta name=\"robots\" content=\"index, follow, max-snippet:-1, max-image-preview:large, max-video-preview:-1\" \/>\n<link rel=\"canonical\" href=\"https:\/\/lean.org.hu\/en\/lean-konyvesbolt\/lean-problemamegoldok-kezikonyve\/\" \/>\n<meta property=\"og:locale\" content=\"en_GB\" \/>\n<meta property=\"og:type\" content=\"article\" \/>\n<meta property=\"og:title\" content=\"Lean probl\u00e9mamegold\u00f3k k\u00e9zik\u00f6nyve\" \/>\n<meta property=\"og:description\" content=\"A legt\u00f6bb \u00fczleti probl\u00e9ma n\u00e9gy f\u0151 kateg\u00f3ri\u00e1ba sorolhat\u00f3, amelyek m\u00e1s-m\u00e1s gondolkod\u00e1si folyamatot, fejleszt\u00e9si m\u00f3dszert ig\u00e9nyelnek.\" \/>\n<meta property=\"og:url\" content=\"https:\/\/lean.org.hu\/en\/lean-konyvesbolt\/lean-problemamegoldok-kezikonyve\/\" \/>\n<meta property=\"og:site_name\" content=\"LEI\" \/>\n<meta property=\"article:publisher\" content=\"https:\/\/www.facebook.com\/LEI.Hungary\" \/>\n<meta property=\"article:modified_time\" content=\"2026-02-12T13:43:34+00:00\" \/>\n<meta property=\"og:image\" content=\"https:\/\/lean.org.hu\/wp-content\/uploads\/2020\/09\/K\u00e9p03-2-e1598950874472.jpg\" \/>\n\t<meta property=\"og:image:width\" content=\"800\" \/>\n\t<meta property=\"og:image:height\" content=\"533\" \/>\n\t<meta property=\"og:image:type\" content=\"image\/jpeg\" \/>\n<meta name=\"twitter:card\" content=\"summary_large_image\" \/>\n<meta name=\"twitter:label1\" content=\"Estimated reading time\" \/>\n\t<meta name=\"twitter:data1\" content=\"7 minutes\" \/>\n<script type=\"application\/ld+json\" class=\"yoast-schema-graph\">{\"@context\":\"https:\\\/\\\/schema.org\",\"@graph\":[{\"@type\":\"WebPage\",\"@id\":\"https:\\\/\\\/lean.org.hu\\\/lean-konyvesbolt\\\/lean-problemamegoldok-kezikonyve\\\/\",\"url\":\"https:\\\/\\\/lean.org.hu\\\/lean-konyvesbolt\\\/lean-problemamegoldok-kezikonyve\\\/\",\"name\":\"Lean probl\u00e9mamegold\u00f3k k\u00e9zik\u00f6nyve - Art Smalley - LEI\",\"isPartOf\":{\"@id\":\"https:\\\/\\\/lean.org.hu\\\/#website\"},\"primaryImageOfPage\":{\"@id\":\"https:\\\/\\\/lean.org.hu\\\/lean-konyvesbolt\\\/lean-problemamegoldok-kezikonyve\\\/#primaryimage\"},\"image\":{\"@id\":\"https:\\\/\\\/lean.org.hu\\\/lean-konyvesbolt\\\/lean-problemamegoldok-kezikonyve\\\/#primaryimage\"},\"thumbnailUrl\":\"https:\\\/\\\/lean.org.hu\\\/wp-content\\\/uploads\\\/2020\\\/09\\\/4TOP-1.jpg\",\"datePublished\":\"2020-09-26T06:45:10+00:00\",\"dateModified\":\"2026-02-12T13:43:34+00:00\",\"description\":\"A legt\u00f6bb \u00fczleti probl\u00e9ma n\u00e9gy f\u0151 kateg\u00f3ri\u00e1ba sorolhat\u00f3, amelyek m\u00e1s-m\u00e1s gondolkod\u00e1si folyamatot, fejleszt\u00e9si m\u00f3dszert ig\u00e9nyelnek.\",\"breadcrumb\":{\"@id\":\"https:\\\/\\\/lean.org.hu\\\/lean-konyvesbolt\\\/lean-problemamegoldok-kezikonyve\\\/#breadcrumb\"},\"inLanguage\":\"en-GB\",\"potentialAction\":[{\"@type\":\"ReadAction\",\"target\":[\"https:\\\/\\\/lean.org.hu\\\/lean-konyvesbolt\\\/lean-problemamegoldok-kezikonyve\\\/\"]}]},{\"@type\":\"ImageObject\",\"inLanguage\":\"en-GB\",\"@id\":\"https:\\\/\\\/lean.org.hu\\\/lean-konyvesbolt\\\/lean-problemamegoldok-kezikonyve\\\/#primaryimage\",\"url\":\"https:\\\/\\\/lean.org.hu\\\/wp-content\\\/uploads\\\/2020\\\/09\\\/4TOP-1.jpg\",\"contentUrl\":\"https:\\\/\\\/lean.org.hu\\\/wp-content\\\/uploads\\\/2020\\\/09\\\/4TOP-1.jpg\",\"width\":425,\"height\":600,\"caption\":\"Lean probl\u00e9mamegold\u00f3k k\u00e9zik\u00f6nyve\"},{\"@type\":\"BreadcrumbList\",\"@id\":\"https:\\\/\\\/lean.org.hu\\\/lean-konyvesbolt\\\/lean-problemamegoldok-kezikonyve\\\/#breadcrumb\",\"itemListElement\":[{\"@type\":\"ListItem\",\"position\":1,\"name\":\"Kezd\u0151lap\",\"item\":\"https:\\\/\\\/lean.org.hu\\\/\"},{\"@type\":\"ListItem\",\"position\":2,\"name\":\"Web\u00e1ruh\u00e1z oldal\",\"item\":\"http:\\\/\\\/lean.org.hu\\\/en\\\/webaruhaz-aloldal\\\/\"},{\"@type\":\"ListItem\",\"position\":3,\"name\":\"Lean probl\u00e9mamegold\u00f3k k\u00e9zik\u00f6nyve\"}]},{\"@type\":\"WebSite\",\"@id\":\"https:\\\/\\\/lean.org.hu\\\/#website\",\"url\":\"https:\\\/\\\/lean.org.hu\\\/\",\"name\":\"LEI\",\"description\":\"\",\"publisher\":{\"@id\":\"https:\\\/\\\/lean.org.hu\\\/#organization\"},\"potentialAction\":[{\"@type\":\"SearchAction\",\"target\":{\"@type\":\"EntryPoint\",\"urlTemplate\":\"https:\\\/\\\/lean.org.hu\\\/?s={search_term_string}\"},\"query-input\":{\"@type\":\"PropertyValueSpecification\",\"valueRequired\":true,\"valueName\":\"search_term_string\"}}],\"inLanguage\":\"en-GB\"},{\"@type\":\"Organization\",\"@id\":\"https:\\\/\\\/lean.org.hu\\\/#organization\",\"name\":\"LEI\",\"url\":\"https:\\\/\\\/lean.org.hu\\\/\",\"logo\":{\"@type\":\"ImageObject\",\"inLanguage\":\"en-GB\",\"@id\":\"https:\\\/\\\/lean.org.hu\\\/#\\\/schema\\\/logo\\\/image\\\/\",\"url\":\"https:\\\/\\\/lean.org.hu\\\/wp-content\\\/uploads\\\/2020\\\/07\\\/cropped-lean_logo_final_color_horizontal.png\",\"contentUrl\":\"https:\\\/\\\/lean.org.hu\\\/wp-content\\\/uploads\\\/2020\\\/07\\\/cropped-lean_logo_final_color_horizontal.png\",\"width\":779,\"height\":288,\"caption\":\"LEI\"},\"image\":{\"@id\":\"https:\\\/\\\/lean.org.hu\\\/#\\\/schema\\\/logo\\\/image\\\/\"},\"sameAs\":[\"https:\\\/\\\/www.facebook.com\\\/LEI.Hungary\",\"https:\\\/\\\/www.linkedin.com\\\/company\\\/lean-enterprise-institute-hungary\"]}]}<\/script>\n<!-- \/ Yoast SEO plugin. -->","yoast_head_json":{"title":"Lean probl\u00e9mamegold\u00f3k k\u00e9zik\u00f6nyve - Art Smalley - LEI","description":"A legt\u00f6bb \u00fczleti probl\u00e9ma n\u00e9gy f\u0151 kateg\u00f3ri\u00e1ba sorolhat\u00f3, amelyek m\u00e1s-m\u00e1s gondolkod\u00e1si folyamatot, fejleszt\u00e9si m\u00f3dszert ig\u00e9nyelnek.","robots":{"index":"index","follow":"follow","max-snippet":"max-snippet:-1","max-image-preview":"max-image-preview:large","max-video-preview":"max-video-preview:-1"},"canonical":"https:\/\/lean.org.hu\/en\/lean-konyvesbolt\/lean-problemamegoldok-kezikonyve\/","og_locale":"en_GB","og_type":"article","og_title":"Lean probl\u00e9mamegold\u00f3k k\u00e9zik\u00f6nyve","og_description":"A legt\u00f6bb \u00fczleti probl\u00e9ma n\u00e9gy f\u0151 kateg\u00f3ri\u00e1ba sorolhat\u00f3, amelyek m\u00e1s-m\u00e1s gondolkod\u00e1si folyamatot, fejleszt\u00e9si m\u00f3dszert ig\u00e9nyelnek.","og_url":"https:\/\/lean.org.hu\/en\/lean-konyvesbolt\/lean-problemamegoldok-kezikonyve\/","og_site_name":"LEI","article_publisher":"https:\/\/www.facebook.com\/LEI.Hungary","article_modified_time":"2026-02-12T13:43:34+00:00","og_image":[{"width":800,"height":533,"url":"https:\/\/lean.org.hu\/wp-content\/uploads\/2020\/09\/K\u00e9p03-2-e1598950874472.jpg","type":"image\/jpeg"}],"twitter_card":"summary_large_image","twitter_misc":{"Estimated reading time":"7 minutes"},"schema":{"@context":"https:\/\/schema.org","@graph":[{"@type":"WebPage","@id":"https:\/\/lean.org.hu\/lean-konyvesbolt\/lean-problemamegoldok-kezikonyve\/","url":"https:\/\/lean.org.hu\/lean-konyvesbolt\/lean-problemamegoldok-kezikonyve\/","name":"Lean probl\u00e9mamegold\u00f3k k\u00e9zik\u00f6nyve - Art Smalley - LEI","isPartOf":{"@id":"https:\/\/lean.org.hu\/#website"},"primaryImageOfPage":{"@id":"https:\/\/lean.org.hu\/lean-konyvesbolt\/lean-problemamegoldok-kezikonyve\/#primaryimage"},"image":{"@id":"https:\/\/lean.org.hu\/lean-konyvesbolt\/lean-problemamegoldok-kezikonyve\/#primaryimage"},"thumbnailUrl":"https:\/\/lean.org.hu\/wp-content\/uploads\/2020\/09\/4TOP-1.jpg","datePublished":"2020-09-26T06:45:10+00:00","dateModified":"2026-02-12T13:43:34+00:00","description":"A legt\u00f6bb \u00fczleti probl\u00e9ma n\u00e9gy f\u0151 kateg\u00f3ri\u00e1ba sorolhat\u00f3, amelyek m\u00e1s-m\u00e1s gondolkod\u00e1si folyamatot, fejleszt\u00e9si m\u00f3dszert ig\u00e9nyelnek.","breadcrumb":{"@id":"https:\/\/lean.org.hu\/lean-konyvesbolt\/lean-problemamegoldok-kezikonyve\/#breadcrumb"},"inLanguage":"en-GB","potentialAction":[{"@type":"ReadAction","target":["https:\/\/lean.org.hu\/lean-konyvesbolt\/lean-problemamegoldok-kezikonyve\/"]}]},{"@type":"ImageObject","inLanguage":"en-GB","@id":"https:\/\/lean.org.hu\/lean-konyvesbolt\/lean-problemamegoldok-kezikonyve\/#primaryimage","url":"https:\/\/lean.org.hu\/wp-content\/uploads\/2020\/09\/4TOP-1.jpg","contentUrl":"https:\/\/lean.org.hu\/wp-content\/uploads\/2020\/09\/4TOP-1.jpg","width":425,"height":600,"caption":"Lean probl\u00e9mamegold\u00f3k k\u00e9zik\u00f6nyve"},{"@type":"BreadcrumbList","@id":"https:\/\/lean.org.hu\/lean-konyvesbolt\/lean-problemamegoldok-kezikonyve\/#breadcrumb","itemListElement":[{"@type":"ListItem","position":1,"name":"Kezd\u0151lap","item":"https:\/\/lean.org.hu\/"},{"@type":"ListItem","position":2,"name":"Web\u00e1ruh\u00e1z oldal","item":"http:\/\/lean.org.hu\/en\/webaruhaz-aloldal\/"},{"@type":"ListItem","position":3,"name":"Lean probl\u00e9mamegold\u00f3k k\u00e9zik\u00f6nyve"}]},{"@type":"WebSite","@id":"https:\/\/lean.org.hu\/#website","url":"https:\/\/lean.org.hu\/","name":"LEI","description":"","publisher":{"@id":"https:\/\/lean.org.hu\/#organization"},"potentialAction":[{"@type":"SearchAction","target":{"@type":"EntryPoint","urlTemplate":"https:\/\/lean.org.hu\/?s={search_term_string}"},"query-input":{"@type":"PropertyValueSpecification","valueRequired":true,"valueName":"search_term_string"}}],"inLanguage":"en-GB"},{"@type":"Organization","@id":"https:\/\/lean.org.hu\/#organization","name":"LEI","url":"https:\/\/lean.org.hu\/","logo":{"@type":"ImageObject","inLanguage":"en-GB","@id":"https:\/\/lean.org.hu\/#\/schema\/logo\/image\/","url":"https:\/\/lean.org.hu\/wp-content\/uploads\/2020\/07\/cropped-lean_logo_final_color_horizontal.png","contentUrl":"https:\/\/lean.org.hu\/wp-content\/uploads\/2020\/07\/cropped-lean_logo_final_color_horizontal.png","width":779,"height":288,"caption":"LEI"},"image":{"@id":"https:\/\/lean.org.hu\/#\/schema\/logo\/image\/"},"sameAs":["https:\/\/www.facebook.com\/LEI.Hungary","https:\/\/www.linkedin.com\/company\/lean-enterprise-institute-hungary"]}]}},"_links":{"self":[{"href":"https:\/\/lean.org.hu\/en\/wp-json\/wp\/v2\/product\/977","targetHints":{"allow":["GET"]}}],"collection":[{"href":"https:\/\/lean.org.hu\/en\/wp-json\/wp\/v2\/product"}],"about":[{"href":"https:\/\/lean.org.hu\/en\/wp-json\/wp\/v2\/types\/product"}],"wp:featuredmedia":[{"embeddable":true,"href":"https:\/\/lean.org.hu\/en\/wp-json\/wp\/v2\/media\/66735"}],"wp:attachment":[{"href":"https:\/\/lean.org.hu\/en\/wp-json\/wp\/v2\/media?parent=977"}],"wp:term":[{"taxonomy":"product_brand","embeddable":true,"href":"https:\/\/lean.org.hu\/en\/wp-json\/wp\/v2\/product_brand?post=977"},{"taxonomy":"product_cat","embeddable":true,"href":"https:\/\/lean.org.hu\/en\/wp-json\/wp\/v2\/product_cat?post=977"},{"taxonomy":"product_tag","embeddable":true,"href":"https:\/\/lean.org.hu\/en\/wp-json\/wp\/v2\/product_tag?post=977"}],"curies":[{"name":"wp","href":"https:\/\/api.w.org\/{rel}","templated":true}]}}