{"id":5044,"date":"2020-09-22T13:25:21","date_gmt":"2020-09-22T11:25:21","guid":{"rendered":"https:\/\/lean.org.hu\/?post_type=product&#038;p=5044"},"modified":"2026-02-12T14:45:18","modified_gmt":"2026-02-12T13:45:18","slug":"az-egeszsegugy-forradalma","status":"publish","type":"product","link":"https:\/\/lean.org.hu\/en\/lean-konyvesbolt\/az-egeszsegugy-forradalma\/","title":{"rendered":"Az eg\u00e9szs\u00e9g\u00fcgy forradalma"},"content":{"rendered":"<p><strong>Az eg\u00e9szs\u00e9g\u00fcgy forradalma<\/strong> &#8211; <span class=\"subtitle\">Az eg\u00e9szs\u00e9g\u00fcgyi ell\u00e1t\u00f3rendszer \u00e9letment\u0151 lean transzform\u00e1ci\u00f3ja (<em>On the Mend<\/em>)<br \/>\n<\/span>Dr. John Toussaint, Roger A. Gerard \u00e9s Emily Adams<\/p>\n<p>Hab\u00e1r az Amerikai Egyes\u00fclt \u00c1llamok eg\u00e9szs\u00e9g\u00fcgyi k\u00f6lts\u00e9gei meredeken emelkednek, az amerikaiak t\u00fals\u00e1gosan gyakran szembes\u00fclnek k\u00f6zepes vagy rosszabb eredm\u00e9nyekkel. Az orsz\u00e1gos tanulm\u00e1nyok szerint az Egyes\u00fclt \u00c1llamokban az orvosi elj\u00e1r\u00e1sok sor\u00e1n bek\u00f6vetkezett k\u00e1rok gy\u00f3gyszerez\u00e9si hib\u00e1k, hib\u00e1s seb\u00e9szeti beavatkoz\u00e1sok \u00e9s fert\u0151z\u00e9sek sz\u00e1ma el\u00e9ri az \u00e9vi 15 milli\u00f3t.<\/p>\n<p>Ideje felismerni, hogy a hib\u00e1k \u00e9s k\u00f6lts\u00e9gek egyidej\u0171 cs\u00f6kkent\u00e9se forradalmi, mer\u0151ben \u00faj t\u00edpus\u00fa eg\u00e9szs\u00e9g\u00fcgyi szolg\u00e1ltat\u00e1st ig\u00e9nyel azaz lean eg\u00e9szs\u00e9g\u00fcgyet. Toussaint, a ThedaCare, egy n\u00e9gy k\u00f3rh\u00e1zat m\u0171k\u00f6dtet\u0151 wisconsini eg\u00e9szs\u00e9g\u00fcgyi rendszer kor\u00e1bbi vez\u00e9rigazgat\u00f3ja, \u00e9s Gerard, a ThedaCare oktat\u00e1si igazgat\u00f3ja, \u0151szint\u00e9n le\u00edrja a ThedaCare \u00fatj\u00e1t a lean eg\u00e9szs\u00e9g\u00fcgy fel\u00e9, mely sor\u00e1n er\u0151fesz\u00edt\u00e9seiknek k\u00f6sz\u00f6nhet\u0151en cs\u00f6kkent a hib\u00e1k sz\u00e1ma, javult a betegek \u00e1ltal tapasztalt eredm\u00e9ny, n\u0151tt az alkalmazotti munkamor\u00e1l, \u00e9s elbocs\u00e1t\u00e1sok n\u00e9lk\u00fcl 27 milli\u00f3 doll\u00e1rral cs\u00f6kkentett\u00e9k a k\u00f6lts\u00e9geket.<\/p>\n<p>F\u00e9lig esettanulm\u00e1ny, f\u00e9lig ki\u00e1ltv\u00e1ny ez az \u00fatt\u00f6r\u0151 szellemis\u00e9g\u0171 k\u00f6nyv egyszer\u0171 nyelvezettel, a val\u00f3 \u00e9letb\u0151l vett p\u00e9ld\u00e1kkal magyar\u00e1zza el a lean eg\u00e9szs\u00e9g\u00fcgyet nem elm\u00e9letk\u00e9nt, hanem az iparb\u00f3l \u00e1tvett, bizony\u00edtott lean menedzsmentelveken alapul\u00f3 m\u0171k\u00f6d\u0151 rendszerk\u00e9nt, amelyet b\u00e1rmelyik eg\u00e9szs\u00e9g\u00fcgyi szolg\u00e1ltat\u00f3 alkalmazhat.<\/p>\n<p>Mik\u00f6zben az eg\u00e9szs\u00e9g\u00fcgy k\u00fcls\u0151 k\u00f6rnyezete kifizet\u00e9si rendszerek, biztos\u00edt\u00e1si fedezet, nyilv\u00e1ntart\u00e1s, szab\u00e1lyoz\u00e1s mindenk\u00e9pp \u00e1talak\u00edt\u00e1sra szorul, Toussaint \u00e9s Gerard \u00e9rthet\u0151en \u00e9s meggy\u0151z\u0151en kimutatja, hogy az Amerikai Egyes\u00fclt \u00c1llamok eg\u00e9szs\u00e9g\u00fcgye csak akkor forradalmas\u00edthat\u00f3, ha az eg\u00e9szs\u00e9g\u00fcgy jav\u00edt\u00e1s\u00e1t alapvet\u0151en a szolg\u00e1ltat\u00e1s hely\u00e9n, a betegekn\u00e9l kezdik.<\/p>\n<div class=\"wp-block-buttons aligncenter\">\n<div class=\"wp-block-button\" style=\"text-align: center;\"><\/div>\n<\/div>\n<div style=\"text-align: center;\"><a class=\"wp-block-button__link\" style=\"border-radius: 5px;\" href=\"https:\/\/drive.google.com\/file\/d\/1b56el3WD07Kx8nXj4Pm3E8rKp4OqHZF2\/view?usp=sharing\" target=\"_blank\" rel=\"noreferrer noopener\">Olvass bele a k\u00f6nyvbe!<\/a><\/div>\n<p>ISBN: 9789631252507<br \/>\nTerjedelem: 184 oldal (145\u00d7205 mm)<\/p>\n<p>&nbsp;<\/p>","protected":false},"excerpt":{"rendered":"<p><em>\u201cIdeje felismerni, hogy a hib\u00e1k \u00e9s k\u00f6lts\u00e9gek egyidej\u0171 cs\u00f6kkent\u00e9se forradalmi, mer\u0151ben \u00faj t\u00edpus\u00fa eg\u00e9szs\u00e9g\u00fcgyi szolg\u00e1ltat\u00e1st ig\u00e9nyel azaz lean eg\u00e9szs\u00e9g\u00fcgyet.\u201d<\/em><\/p>","protected":false},"featured_media":66727,"template":"","meta":{"_eb_attr":""},"product_brand":[],"product_cat":[179,173],"product_tag":[],"class_list":{"0":"post-5044","1":"product","2":"type-product","3":"status-publish","4":"has-post-thumbnail","6":"product_cat-lean-konyvek-esettanulmanyok","7":"product_cat-lean-konyvesbolt","8":"infinite-scroll-item","9":"no-featured-image-padding","10":"sales-flash-overlay","11":"woocommerce-text-align-left","12":"woocommerce-image-align-left","13":"do-quantity-buttons","15":"first","16":"instock","17":"taxable","18":"shipping-taxable","19":"purchasable","20":"product-type-variable"},"yoast_head":"<!-- This site is optimized with the Yoast SEO plugin v27.4 - https:\/\/yoast.com\/product\/yoast-seo-wordpress\/ -->\n<title>Az eg\u00e9szs\u00e9g\u00fcgy forradalma - LEI<\/title>\n<meta name=\"description\" content=\"Ideje felismerni, hogy a hib\u00e1k \u00e9s k\u00f6lts\u00e9gek egyidej\u0171 cs\u00f6kkent\u00e9se forradalmi, mer\u0151ben \u00faj eg\u00e9szs\u00e9g\u00fcgyi szolg\u00e1ltat\u00e1st ig\u00e9nyel, lean eg\u00e9szs\u00e9g\u00fcgyet.\" \/>\n<meta name=\"robots\" content=\"index, follow, max-snippet:-1, max-image-preview:large, max-video-preview:-1\" \/>\n<link rel=\"canonical\" href=\"https:\/\/lean.org.hu\/en\/lean-konyvesbolt\/az-egeszsegugy-forradalma\/\" \/>\n<meta property=\"og:locale\" content=\"en_GB\" \/>\n<meta property=\"og:type\" content=\"article\" \/>\n<meta property=\"og:title\" content=\"Lean Sensei - A Toyota tan\u00edt\u00f3inak \u00fatj\u00e1n\" \/>\n<meta property=\"og:description\" content=\"Mindenkinek sz\u00fcks\u00e9ge van egy olyan senseire, aki elvezeti \u0151t a k\u00f6vetkez\u0151 teljes\u00edtm\u00e9nyszintre!\" \/>\n<meta property=\"og:url\" content=\"https:\/\/lean.org.hu\/en\/lean-konyvesbolt\/az-egeszsegugy-forradalma\/\" \/>\n<meta property=\"og:site_name\" content=\"LEI\" \/>\n<meta property=\"article:publisher\" content=\"https:\/\/www.facebook.com\/LEI.Hungary\" \/>\n<meta property=\"article:modified_time\" content=\"2026-02-12T13:45:18+00:00\" \/>\n<meta property=\"og:image\" content=\"https:\/\/lean.org.hu\/wp-content\/uploads\/2020\/07\/Lean-Sensei_SEO_1200x628.jpg\" \/>\n\t<meta property=\"og:image:width\" content=\"1200\" \/>\n\t<meta property=\"og:image:height\" content=\"628\" \/>\n\t<meta property=\"og:image:type\" content=\"image\/jpeg\" \/>\n<meta name=\"twitter:card\" content=\"summary_large_image\" \/>\n<meta name=\"twitter:label1\" content=\"Estimated reading time\" \/>\n\t<meta name=\"twitter:data1\" content=\"2 minutes\" \/>\n<script type=\"application\/ld+json\" class=\"yoast-schema-graph\">{\"@context\":\"https:\\\/\\\/schema.org\",\"@graph\":[{\"@type\":\"WebPage\",\"@id\":\"https:\\\/\\\/lean.org.hu\\\/lean-konyvesbolt\\\/az-egeszsegugy-forradalma\\\/\",\"url\":\"https:\\\/\\\/lean.org.hu\\\/lean-konyvesbolt\\\/az-egeszsegugy-forradalma\\\/\",\"name\":\"Az eg\u00e9szs\u00e9g\u00fcgy forradalma - LEI\",\"isPartOf\":{\"@id\":\"https:\\\/\\\/lean.org.hu\\\/#website\"},\"primaryImageOfPage\":{\"@id\":\"https:\\\/\\\/lean.org.hu\\\/lean-konyvesbolt\\\/az-egeszsegugy-forradalma\\\/#primaryimage\"},\"image\":{\"@id\":\"https:\\\/\\\/lean.org.hu\\\/lean-konyvesbolt\\\/az-egeszsegugy-forradalma\\\/#primaryimage\"},\"thumbnailUrl\":\"https:\\\/\\\/lean.org.hu\\\/wp-content\\\/uploads\\\/2020\\\/09\\\/OTM-1.jpg\",\"datePublished\":\"2020-09-22T11:25:21+00:00\",\"dateModified\":\"2026-02-12T13:45:18+00:00\",\"description\":\"Ideje felismerni, hogy a hib\u00e1k \u00e9s k\u00f6lts\u00e9gek egyidej\u0171 cs\u00f6kkent\u00e9se forradalmi, mer\u0151ben \u00faj eg\u00e9szs\u00e9g\u00fcgyi szolg\u00e1ltat\u00e1st ig\u00e9nyel, lean eg\u00e9szs\u00e9g\u00fcgyet.\",\"breadcrumb\":{\"@id\":\"https:\\\/\\\/lean.org.hu\\\/lean-konyvesbolt\\\/az-egeszsegugy-forradalma\\\/#breadcrumb\"},\"inLanguage\":\"en-GB\",\"potentialAction\":[{\"@type\":\"ReadAction\",\"target\":[\"https:\\\/\\\/lean.org.hu\\\/lean-konyvesbolt\\\/az-egeszsegugy-forradalma\\\/\"]}]},{\"@type\":\"ImageObject\",\"inLanguage\":\"en-GB\",\"@id\":\"https:\\\/\\\/lean.org.hu\\\/lean-konyvesbolt\\\/az-egeszsegugy-forradalma\\\/#primaryimage\",\"url\":\"https:\\\/\\\/lean.org.hu\\\/wp-content\\\/uploads\\\/2020\\\/09\\\/OTM-1.jpg\",\"contentUrl\":\"https:\\\/\\\/lean.org.hu\\\/wp-content\\\/uploads\\\/2020\\\/09\\\/OTM-1.jpg\",\"width\":425,\"height\":600,\"caption\":\"Az eg\u00e9szs\u00e9g\u00fcgy forradalma\"},{\"@type\":\"BreadcrumbList\",\"@id\":\"https:\\\/\\\/lean.org.hu\\\/lean-konyvesbolt\\\/az-egeszsegugy-forradalma\\\/#breadcrumb\",\"itemListElement\":[{\"@type\":\"ListItem\",\"position\":1,\"name\":\"Kezd\u0151lap\",\"item\":\"https:\\\/\\\/lean.org.hu\\\/\"},{\"@type\":\"ListItem\",\"position\":2,\"name\":\"Web\u00e1ruh\u00e1z oldal\",\"item\":\"http:\\\/\\\/lean.org.hu\\\/en\\\/webaruhaz-aloldal\\\/\"},{\"@type\":\"ListItem\",\"position\":3,\"name\":\"Az eg\u00e9szs\u00e9g\u00fcgy forradalma\"}]},{\"@type\":\"WebSite\",\"@id\":\"https:\\\/\\\/lean.org.hu\\\/#website\",\"url\":\"https:\\\/\\\/lean.org.hu\\\/\",\"name\":\"LEI\",\"description\":\"\",\"publisher\":{\"@id\":\"https:\\\/\\\/lean.org.hu\\\/#organization\"},\"potentialAction\":[{\"@type\":\"SearchAction\",\"target\":{\"@type\":\"EntryPoint\",\"urlTemplate\":\"https:\\\/\\\/lean.org.hu\\\/?s={search_term_string}\"},\"query-input\":{\"@type\":\"PropertyValueSpecification\",\"valueRequired\":true,\"valueName\":\"search_term_string\"}}],\"inLanguage\":\"en-GB\"},{\"@type\":\"Organization\",\"@id\":\"https:\\\/\\\/lean.org.hu\\\/#organization\",\"name\":\"LEI\",\"url\":\"https:\\\/\\\/lean.org.hu\\\/\",\"logo\":{\"@type\":\"ImageObject\",\"inLanguage\":\"en-GB\",\"@id\":\"https:\\\/\\\/lean.org.hu\\\/#\\\/schema\\\/logo\\\/image\\\/\",\"url\":\"https:\\\/\\\/lean.org.hu\\\/wp-content\\\/uploads\\\/2020\\\/07\\\/cropped-lean_logo_final_color_horizontal.png\",\"contentUrl\":\"https:\\\/\\\/lean.org.hu\\\/wp-content\\\/uploads\\\/2020\\\/07\\\/cropped-lean_logo_final_color_horizontal.png\",\"width\":779,\"height\":288,\"caption\":\"LEI\"},\"image\":{\"@id\":\"https:\\\/\\\/lean.org.hu\\\/#\\\/schema\\\/logo\\\/image\\\/\"},\"sameAs\":[\"https:\\\/\\\/www.facebook.com\\\/LEI.Hungary\",\"https:\\\/\\\/www.linkedin.com\\\/company\\\/lean-enterprise-institute-hungary\"]}]}<\/script>\n<!-- \/ Yoast SEO plugin. -->","yoast_head_json":{"title":"Az eg\u00e9szs\u00e9g\u00fcgy forradalma - LEI","description":"Ideje felismerni, hogy a hib\u00e1k \u00e9s k\u00f6lts\u00e9gek egyidej\u0171 cs\u00f6kkent\u00e9se forradalmi, mer\u0151ben \u00faj eg\u00e9szs\u00e9g\u00fcgyi szolg\u00e1ltat\u00e1st ig\u00e9nyel, lean eg\u00e9szs\u00e9g\u00fcgyet.","robots":{"index":"index","follow":"follow","max-snippet":"max-snippet:-1","max-image-preview":"max-image-preview:large","max-video-preview":"max-video-preview:-1"},"canonical":"https:\/\/lean.org.hu\/en\/lean-konyvesbolt\/az-egeszsegugy-forradalma\/","og_locale":"en_GB","og_type":"article","og_title":"Lean Sensei - A Toyota tan\u00edt\u00f3inak \u00fatj\u00e1n","og_description":"Mindenkinek sz\u00fcks\u00e9ge van egy olyan senseire, aki elvezeti \u0151t a k\u00f6vetkez\u0151 teljes\u00edtm\u00e9nyszintre!","og_url":"https:\/\/lean.org.hu\/en\/lean-konyvesbolt\/az-egeszsegugy-forradalma\/","og_site_name":"LEI","article_publisher":"https:\/\/www.facebook.com\/LEI.Hungary","article_modified_time":"2026-02-12T13:45:18+00:00","og_image":[{"width":1200,"height":628,"url":"https:\/\/lean.org.hu\/wp-content\/uploads\/2020\/07\/Lean-Sensei_SEO_1200x628.jpg","type":"image\/jpeg"}],"twitter_card":"summary_large_image","twitter_misc":{"Estimated reading time":"2 minutes"},"schema":{"@context":"https:\/\/schema.org","@graph":[{"@type":"WebPage","@id":"https:\/\/lean.org.hu\/lean-konyvesbolt\/az-egeszsegugy-forradalma\/","url":"https:\/\/lean.org.hu\/lean-konyvesbolt\/az-egeszsegugy-forradalma\/","name":"Az eg\u00e9szs\u00e9g\u00fcgy forradalma - LEI","isPartOf":{"@id":"https:\/\/lean.org.hu\/#website"},"primaryImageOfPage":{"@id":"https:\/\/lean.org.hu\/lean-konyvesbolt\/az-egeszsegugy-forradalma\/#primaryimage"},"image":{"@id":"https:\/\/lean.org.hu\/lean-konyvesbolt\/az-egeszsegugy-forradalma\/#primaryimage"},"thumbnailUrl":"https:\/\/lean.org.hu\/wp-content\/uploads\/2020\/09\/OTM-1.jpg","datePublished":"2020-09-22T11:25:21+00:00","dateModified":"2026-02-12T13:45:18+00:00","description":"Ideje felismerni, hogy a hib\u00e1k \u00e9s k\u00f6lts\u00e9gek egyidej\u0171 cs\u00f6kkent\u00e9se forradalmi, mer\u0151ben \u00faj eg\u00e9szs\u00e9g\u00fcgyi szolg\u00e1ltat\u00e1st ig\u00e9nyel, lean eg\u00e9szs\u00e9g\u00fcgyet.","breadcrumb":{"@id":"https:\/\/lean.org.hu\/lean-konyvesbolt\/az-egeszsegugy-forradalma\/#breadcrumb"},"inLanguage":"en-GB","potentialAction":[{"@type":"ReadAction","target":["https:\/\/lean.org.hu\/lean-konyvesbolt\/az-egeszsegugy-forradalma\/"]}]},{"@type":"ImageObject","inLanguage":"en-GB","@id":"https:\/\/lean.org.hu\/lean-konyvesbolt\/az-egeszsegugy-forradalma\/#primaryimage","url":"https:\/\/lean.org.hu\/wp-content\/uploads\/2020\/09\/OTM-1.jpg","contentUrl":"https:\/\/lean.org.hu\/wp-content\/uploads\/2020\/09\/OTM-1.jpg","width":425,"height":600,"caption":"Az eg\u00e9szs\u00e9g\u00fcgy forradalma"},{"@type":"BreadcrumbList","@id":"https:\/\/lean.org.hu\/lean-konyvesbolt\/az-egeszsegugy-forradalma\/#breadcrumb","itemListElement":[{"@type":"ListItem","position":1,"name":"Kezd\u0151lap","item":"https:\/\/lean.org.hu\/"},{"@type":"ListItem","position":2,"name":"Web\u00e1ruh\u00e1z oldal","item":"http:\/\/lean.org.hu\/en\/webaruhaz-aloldal\/"},{"@type":"ListItem","position":3,"name":"Az eg\u00e9szs\u00e9g\u00fcgy forradalma"}]},{"@type":"WebSite","@id":"https:\/\/lean.org.hu\/#website","url":"https:\/\/lean.org.hu\/","name":"LEI","description":"","publisher":{"@id":"https:\/\/lean.org.hu\/#organization"},"potentialAction":[{"@type":"SearchAction","target":{"@type":"EntryPoint","urlTemplate":"https:\/\/lean.org.hu\/?s={search_term_string}"},"query-input":{"@type":"PropertyValueSpecification","valueRequired":true,"valueName":"search_term_string"}}],"inLanguage":"en-GB"},{"@type":"Organization","@id":"https:\/\/lean.org.hu\/#organization","name":"LEI","url":"https:\/\/lean.org.hu\/","logo":{"@type":"ImageObject","inLanguage":"en-GB","@id":"https:\/\/lean.org.hu\/#\/schema\/logo\/image\/","url":"https:\/\/lean.org.hu\/wp-content\/uploads\/2020\/07\/cropped-lean_logo_final_color_horizontal.png","contentUrl":"https:\/\/lean.org.hu\/wp-content\/uploads\/2020\/07\/cropped-lean_logo_final_color_horizontal.png","width":779,"height":288,"caption":"LEI"},"image":{"@id":"https:\/\/lean.org.hu\/#\/schema\/logo\/image\/"},"sameAs":["https:\/\/www.facebook.com\/LEI.Hungary","https:\/\/www.linkedin.com\/company\/lean-enterprise-institute-hungary"]}]}},"_links":{"self":[{"href":"https:\/\/lean.org.hu\/en\/wp-json\/wp\/v2\/product\/5044","targetHints":{"allow":["GET"]}}],"collection":[{"href":"https:\/\/lean.org.hu\/en\/wp-json\/wp\/v2\/product"}],"about":[{"href":"https:\/\/lean.org.hu\/en\/wp-json\/wp\/v2\/types\/product"}],"wp:featuredmedia":[{"embeddable":true,"href":"https:\/\/lean.org.hu\/en\/wp-json\/wp\/v2\/media\/66727"}],"wp:attachment":[{"href":"https:\/\/lean.org.hu\/en\/wp-json\/wp\/v2\/media?parent=5044"}],"wp:term":[{"taxonomy":"product_brand","embeddable":true,"href":"https:\/\/lean.org.hu\/en\/wp-json\/wp\/v2\/product_brand?post=5044"},{"taxonomy":"product_cat","embeddable":true,"href":"https:\/\/lean.org.hu\/en\/wp-json\/wp\/v2\/product_cat?post=5044"},{"taxonomy":"product_tag","embeddable":true,"href":"https:\/\/lean.org.hu\/en\/wp-json\/wp\/v2\/product_tag?post=5044"}],"curies":[{"name":"wp","href":"https:\/\/api.w.org\/{rel}","templated":true}]}}