{"id":4652,"date":"2021-03-17T09:52:32","date_gmt":"2021-03-17T07:52:32","guid":{"rendered":"https:\/\/lean.org.hu\/?post_type=product&#038;p=4652"},"modified":"2026-02-12T14:28:16","modified_gmt":"2026-02-12T13:28:16","slug":"inspiralo-ted-eloadasok-vezetes","status":"publish","type":"product","link":"https:\/\/lean.org.hu\/en\/lean-konyvesbolt\/inspiralo-ted-eloadasok-vezetes\/","title":{"rendered":"Inspir\u00e1l\u00f3 TED-el\u0151ad\u00e1sok: Vezet\u00e9s"},"content":{"rendered":"<p><strong>Inspir\u00e1l\u00f3 TED-el\u0151ad\u00e1sok: Vezet\u00e9s<\/strong><br \/>\nHarriett Minter<\/p>\n<div>\n<p>Hogyan legy\u00fcnk igazi strat\u00e9g\u00e1k?<\/p>\n<p>Mik\u00e9nt t\u0171nj\u00fcnk ki a t\u00f6megb\u0151l?<\/p>\n<p>Mi\u00e9rt osszuk meg a tud\u00e1sunkat sz\u00e9lesebb k\u00f6rben?<\/p>\n<p>K\u00f6nny\u0171 elveszn\u00fcnk a TED-el\u0151ad\u00e1sok s\u0171r\u0171j\u00e9ben. Ez az \u00f6ssze\u00e1ll\u00edt\u00e1s a 100 legjobb vezet\u00e9sr\u0151l sz\u00f3l\u00f3 TED-besz\u00e9db\u0151l szemezget. Szellemes grafik\u00e1ival \u00e9s frapp\u00e1ns id\u00e9zeteivel nem csup\u00e1n \u00faj utak felfedez\u00e9s\u00e9re \u00e9s \u00f6nmagunk fejleszt\u00e9s\u00e9re sarkall, de nyitott gondolkod\u00e1sra is \u00f6szt\u00f6n\u00f6z a hat\u00e9konyabb \u00e9s emberk\u00f6zpont\u00fabb vezet\u00e9si st\u00edlus \u00e9rdek\u00e9ben.<\/p>\n<p>A kiv\u00e9teles gy\u0171jtem\u00e9nyb\u0151l most olyan mesterekt\u0151l tanulhatunk, mint a vezet\u00e9si \u00e9s marketing-tan\u00e1csad\u00f3 Simon Sinek, a filmrendez\u0151 James Cameron, Sierra Leone \u00e1llamf\u0151je, Julius Maada Bio, \u00e9s az \u00fczleti vil\u00e1g kih\u00edv\u00e1sait behat\u00f3an ismer\u0151 neves pszichol\u00f3gusok, mint Carol S. Dweck \u00e9s Barry Schwartz.<\/p>\n<p style=\"text-align: center;\"><a class=\"wp-block-button__link\" style=\"border-radius: 5px;\" href=\"https:\/\/drive.google.com\/file\/d\/1kLXOX86LESDce6bWaCHcOZGwPNlwvF0f\/view?usp=sharing\" target=\"_blank\" rel=\"noreferrer noopener\">Olvass bele a k\u00f6nyvbe!<\/a><\/p>\n<p>M\u00e9ret: 226&#215;170 mm<br \/>\nMegjelen\u00e9s: 2020. 09. 29.<br \/>\nTerjedelem: 192 oldal<br \/>\nISBN: 978-963-304-955-6<\/p>\n<\/div>","protected":false},"excerpt":{"rendered":"<p><em>\u201eA kiv\u00e9teles gy\u0171jtem\u00e9nyb\u0151l most olyan mesterekt\u0151l tanulhatunk, mint a vezet\u00e9si \u00e9s marketing-tan\u00e1csad\u00f3 Simon Sinek, a filmrendez\u0151 James Cameron, Sierra Leone \u00e1llamf\u0151je, Julius Maada Bio, \u00e9s az \u00fczleti vil\u00e1g kih\u00edv\u00e1sait behat\u00f3an ismer\u0151 neves pszichol\u00f3gusok, mint Carol S. Dweck \u00e9s Barry Schwartz.\u201d<\/em><\/p>","protected":false},"featured_media":4655,"template":"","meta":{"_eb_attr":""},"product_brand":[],"product_cat":[181,173],"product_tag":[],"class_list":{"0":"post-4652","1":"product","2":"type-product","3":"status-publish","4":"has-post-thumbnail","6":"product_cat-lean-konyvek-vezetes","7":"product_cat-lean-konyvesbolt","8":"infinite-scroll-item","9":"no-featured-image-padding","10":"sales-flash-overlay","11":"woocommerce-text-align-left","12":"woocommerce-image-align-left","13":"do-quantity-buttons","15":"first","16":"instock","17":"taxable","18":"shipping-taxable","19":"purchasable","20":"product-type-variable"},"yoast_head":"<!-- This site is optimized with the Yoast SEO plugin v27.4 - https:\/\/yoast.com\/product\/yoast-seo-wordpress\/ -->\n<title>Inspir\u00e1l\u00f3 TED-el\u0151ad\u00e1sok: Vezet\u00e9s - LEI<\/title>\n<meta name=\"description\" content=\"Hogyan legy\u00fcnk igazi strat\u00e9g\u00e1k? Mik\u00e9nt t\u0171nj\u00fcnk ki a t\u00f6megb\u0151l? Mi\u00e9rt osszuk meg a tud\u00e1sunkat sz\u00e9lesebb k\u00f6rben?\" \/>\n<meta name=\"robots\" content=\"index, follow, max-snippet:-1, max-image-preview:large, max-video-preview:-1\" \/>\n<link rel=\"canonical\" href=\"https:\/\/lean.org.hu\/en\/lean-konyvesbolt\/inspiralo-ted-eloadasok-vezetes\/\" \/>\n<meta property=\"og:locale\" content=\"en_GB\" \/>\n<meta property=\"og:type\" content=\"article\" \/>\n<meta property=\"og:title\" content=\"Kell egy csapat \u2013 A sikeres egy\u00fcttm\u0171k\u00f6d\u00e9s 5 akad\u00e1lya\" \/>\n<meta property=\"og:description\" content=\"Egy j\u00f3 csapattal megszerezhetj\u00fck a vezet\u00e9st b\u00e1rmelyik ipar\u00e1gban, vagyis: Kell egy csapat! Egyszer\u0171nek t\u0171nhet, m\u00e9gis pokolian neh\u00e9z elkezdeni.\" \/>\n<meta property=\"og:url\" content=\"https:\/\/lean.org.hu\/en\/lean-konyvesbolt\/inspiralo-ted-eloadasok-vezetes\/\" \/>\n<meta property=\"og:site_name\" content=\"LEI\" \/>\n<meta property=\"article:publisher\" content=\"https:\/\/www.facebook.com\/LEI.Hungary\" \/>\n<meta property=\"article:modified_time\" content=\"2026-02-12T13:28:16+00:00\" \/>\n<meta property=\"og:image\" content=\"https:\/\/lean.org.hu\/wp-content\/uploads\/2021\/03\/Boritok_Inspiralo-TED-eloadasok-Vezetes.jpg\" \/>\n\t<meta property=\"og:image:width\" content=\"425\" \/>\n\t<meta property=\"og:image:height\" content=\"600\" \/>\n\t<meta property=\"og:image:type\" content=\"image\/jpeg\" \/>\n<meta name=\"twitter:card\" content=\"summary_large_image\" \/>\n<meta name=\"twitter:label1\" content=\"Estimated reading time\" \/>\n\t<meta name=\"twitter:data1\" content=\"1 minute\" \/>\n<script type=\"application\/ld+json\" class=\"yoast-schema-graph\">{\"@context\":\"https:\\\/\\\/schema.org\",\"@graph\":[{\"@type\":\"WebPage\",\"@id\":\"https:\\\/\\\/lean.org.hu\\\/lean-konyvesbolt\\\/inspiralo-ted-eloadasok-vezetes\\\/\",\"url\":\"https:\\\/\\\/lean.org.hu\\\/lean-konyvesbolt\\\/inspiralo-ted-eloadasok-vezetes\\\/\",\"name\":\"Inspir\u00e1l\u00f3 TED-el\u0151ad\u00e1sok: Vezet\u00e9s - LEI\",\"isPartOf\":{\"@id\":\"https:\\\/\\\/lean.org.hu\\\/#website\"},\"primaryImageOfPage\":{\"@id\":\"https:\\\/\\\/lean.org.hu\\\/lean-konyvesbolt\\\/inspiralo-ted-eloadasok-vezetes\\\/#primaryimage\"},\"image\":{\"@id\":\"https:\\\/\\\/lean.org.hu\\\/lean-konyvesbolt\\\/inspiralo-ted-eloadasok-vezetes\\\/#primaryimage\"},\"thumbnailUrl\":\"https:\\\/\\\/lean.org.hu\\\/wp-content\\\/uploads\\\/2021\\\/03\\\/Boritok_Inspiralo-TED-eloadasok-Vezetes.jpg\",\"datePublished\":\"2021-03-17T07:52:32+00:00\",\"dateModified\":\"2026-02-12T13:28:16+00:00\",\"description\":\"Hogyan legy\u00fcnk igazi strat\u00e9g\u00e1k? Mik\u00e9nt t\u0171nj\u00fcnk ki a t\u00f6megb\u0151l? Mi\u00e9rt osszuk meg a tud\u00e1sunkat sz\u00e9lesebb k\u00f6rben?\",\"breadcrumb\":{\"@id\":\"https:\\\/\\\/lean.org.hu\\\/lean-konyvesbolt\\\/inspiralo-ted-eloadasok-vezetes\\\/#breadcrumb\"},\"inLanguage\":\"en-GB\",\"potentialAction\":[{\"@type\":\"ReadAction\",\"target\":[\"https:\\\/\\\/lean.org.hu\\\/lean-konyvesbolt\\\/inspiralo-ted-eloadasok-vezetes\\\/\"]}]},{\"@type\":\"ImageObject\",\"inLanguage\":\"en-GB\",\"@id\":\"https:\\\/\\\/lean.org.hu\\\/lean-konyvesbolt\\\/inspiralo-ted-eloadasok-vezetes\\\/#primaryimage\",\"url\":\"https:\\\/\\\/lean.org.hu\\\/wp-content\\\/uploads\\\/2021\\\/03\\\/Boritok_Inspiralo-TED-eloadasok-Vezetes.jpg\",\"contentUrl\":\"https:\\\/\\\/lean.org.hu\\\/wp-content\\\/uploads\\\/2021\\\/03\\\/Boritok_Inspiralo-TED-eloadasok-Vezetes.jpg\",\"width\":425,\"height\":600,\"caption\":\"Inspir\u00e1l\u00f3 TED el\u0151ad\u00e1sok - Vezet\u00e9s\"},{\"@type\":\"BreadcrumbList\",\"@id\":\"https:\\\/\\\/lean.org.hu\\\/lean-konyvesbolt\\\/inspiralo-ted-eloadasok-vezetes\\\/#breadcrumb\",\"itemListElement\":[{\"@type\":\"ListItem\",\"position\":1,\"name\":\"Kezd\u0151lap\",\"item\":\"https:\\\/\\\/lean.org.hu\\\/\"},{\"@type\":\"ListItem\",\"position\":2,\"name\":\"Web\u00e1ruh\u00e1z oldal\",\"item\":\"http:\\\/\\\/lean.org.hu\\\/en\\\/webaruhaz-aloldal\\\/\"},{\"@type\":\"ListItem\",\"position\":3,\"name\":\"Inspir\u00e1l\u00f3 TED-el\u0151ad\u00e1sok: Vezet\u00e9s\"}]},{\"@type\":\"WebSite\",\"@id\":\"https:\\\/\\\/lean.org.hu\\\/#website\",\"url\":\"https:\\\/\\\/lean.org.hu\\\/\",\"name\":\"LEI\",\"description\":\"\",\"publisher\":{\"@id\":\"https:\\\/\\\/lean.org.hu\\\/#organization\"},\"potentialAction\":[{\"@type\":\"SearchAction\",\"target\":{\"@type\":\"EntryPoint\",\"urlTemplate\":\"https:\\\/\\\/lean.org.hu\\\/?s={search_term_string}\"},\"query-input\":{\"@type\":\"PropertyValueSpecification\",\"valueRequired\":true,\"valueName\":\"search_term_string\"}}],\"inLanguage\":\"en-GB\"},{\"@type\":\"Organization\",\"@id\":\"https:\\\/\\\/lean.org.hu\\\/#organization\",\"name\":\"LEI\",\"url\":\"https:\\\/\\\/lean.org.hu\\\/\",\"logo\":{\"@type\":\"ImageObject\",\"inLanguage\":\"en-GB\",\"@id\":\"https:\\\/\\\/lean.org.hu\\\/#\\\/schema\\\/logo\\\/image\\\/\",\"url\":\"https:\\\/\\\/lean.org.hu\\\/wp-content\\\/uploads\\\/2020\\\/07\\\/cropped-lean_logo_final_color_horizontal.png\",\"contentUrl\":\"https:\\\/\\\/lean.org.hu\\\/wp-content\\\/uploads\\\/2020\\\/07\\\/cropped-lean_logo_final_color_horizontal.png\",\"width\":779,\"height\":288,\"caption\":\"LEI\"},\"image\":{\"@id\":\"https:\\\/\\\/lean.org.hu\\\/#\\\/schema\\\/logo\\\/image\\\/\"},\"sameAs\":[\"https:\\\/\\\/www.facebook.com\\\/LEI.Hungary\",\"https:\\\/\\\/www.linkedin.com\\\/company\\\/lean-enterprise-institute-hungary\"]}]}<\/script>\n<!-- \/ Yoast SEO plugin. -->","yoast_head_json":{"title":"Inspir\u00e1l\u00f3 TED-el\u0151ad\u00e1sok: Vezet\u00e9s - LEI","description":"Hogyan legy\u00fcnk igazi strat\u00e9g\u00e1k? Mik\u00e9nt t\u0171nj\u00fcnk ki a t\u00f6megb\u0151l? Mi\u00e9rt osszuk meg a tud\u00e1sunkat sz\u00e9lesebb k\u00f6rben?","robots":{"index":"index","follow":"follow","max-snippet":"max-snippet:-1","max-image-preview":"max-image-preview:large","max-video-preview":"max-video-preview:-1"},"canonical":"https:\/\/lean.org.hu\/en\/lean-konyvesbolt\/inspiralo-ted-eloadasok-vezetes\/","og_locale":"en_GB","og_type":"article","og_title":"Kell egy csapat \u2013 A sikeres egy\u00fcttm\u0171k\u00f6d\u00e9s 5 akad\u00e1lya","og_description":"Egy j\u00f3 csapattal megszerezhetj\u00fck a vezet\u00e9st b\u00e1rmelyik ipar\u00e1gban, vagyis: Kell egy csapat! Egyszer\u0171nek t\u0171nhet, m\u00e9gis pokolian neh\u00e9z elkezdeni.","og_url":"https:\/\/lean.org.hu\/en\/lean-konyvesbolt\/inspiralo-ted-eloadasok-vezetes\/","og_site_name":"LEI","article_publisher":"https:\/\/www.facebook.com\/LEI.Hungary","article_modified_time":"2026-02-12T13:28:16+00:00","og_image":[{"width":425,"height":600,"url":"https:\/\/lean.org.hu\/wp-content\/uploads\/2021\/03\/Boritok_Inspiralo-TED-eloadasok-Vezetes.jpg","type":"image\/jpeg"}],"twitter_card":"summary_large_image","twitter_misc":{"Estimated reading time":"1 minute"},"schema":{"@context":"https:\/\/schema.org","@graph":[{"@type":"WebPage","@id":"https:\/\/lean.org.hu\/lean-konyvesbolt\/inspiralo-ted-eloadasok-vezetes\/","url":"https:\/\/lean.org.hu\/lean-konyvesbolt\/inspiralo-ted-eloadasok-vezetes\/","name":"Inspir\u00e1l\u00f3 TED-el\u0151ad\u00e1sok: Vezet\u00e9s - LEI","isPartOf":{"@id":"https:\/\/lean.org.hu\/#website"},"primaryImageOfPage":{"@id":"https:\/\/lean.org.hu\/lean-konyvesbolt\/inspiralo-ted-eloadasok-vezetes\/#primaryimage"},"image":{"@id":"https:\/\/lean.org.hu\/lean-konyvesbolt\/inspiralo-ted-eloadasok-vezetes\/#primaryimage"},"thumbnailUrl":"https:\/\/lean.org.hu\/wp-content\/uploads\/2021\/03\/Boritok_Inspiralo-TED-eloadasok-Vezetes.jpg","datePublished":"2021-03-17T07:52:32+00:00","dateModified":"2026-02-12T13:28:16+00:00","description":"Hogyan legy\u00fcnk igazi strat\u00e9g\u00e1k? Mik\u00e9nt t\u0171nj\u00fcnk ki a t\u00f6megb\u0151l? Mi\u00e9rt osszuk meg a tud\u00e1sunkat sz\u00e9lesebb k\u00f6rben?","breadcrumb":{"@id":"https:\/\/lean.org.hu\/lean-konyvesbolt\/inspiralo-ted-eloadasok-vezetes\/#breadcrumb"},"inLanguage":"en-GB","potentialAction":[{"@type":"ReadAction","target":["https:\/\/lean.org.hu\/lean-konyvesbolt\/inspiralo-ted-eloadasok-vezetes\/"]}]},{"@type":"ImageObject","inLanguage":"en-GB","@id":"https:\/\/lean.org.hu\/lean-konyvesbolt\/inspiralo-ted-eloadasok-vezetes\/#primaryimage","url":"https:\/\/lean.org.hu\/wp-content\/uploads\/2021\/03\/Boritok_Inspiralo-TED-eloadasok-Vezetes.jpg","contentUrl":"https:\/\/lean.org.hu\/wp-content\/uploads\/2021\/03\/Boritok_Inspiralo-TED-eloadasok-Vezetes.jpg","width":425,"height":600,"caption":"Inspir\u00e1l\u00f3 TED el\u0151ad\u00e1sok - Vezet\u00e9s"},{"@type":"BreadcrumbList","@id":"https:\/\/lean.org.hu\/lean-konyvesbolt\/inspiralo-ted-eloadasok-vezetes\/#breadcrumb","itemListElement":[{"@type":"ListItem","position":1,"name":"Kezd\u0151lap","item":"https:\/\/lean.org.hu\/"},{"@type":"ListItem","position":2,"name":"Web\u00e1ruh\u00e1z oldal","item":"http:\/\/lean.org.hu\/en\/webaruhaz-aloldal\/"},{"@type":"ListItem","position":3,"name":"Inspir\u00e1l\u00f3 TED-el\u0151ad\u00e1sok: Vezet\u00e9s"}]},{"@type":"WebSite","@id":"https:\/\/lean.org.hu\/#website","url":"https:\/\/lean.org.hu\/","name":"LEI","description":"","publisher":{"@id":"https:\/\/lean.org.hu\/#organization"},"potentialAction":[{"@type":"SearchAction","target":{"@type":"EntryPoint","urlTemplate":"https:\/\/lean.org.hu\/?s={search_term_string}"},"query-input":{"@type":"PropertyValueSpecification","valueRequired":true,"valueName":"search_term_string"}}],"inLanguage":"en-GB"},{"@type":"Organization","@id":"https:\/\/lean.org.hu\/#organization","name":"LEI","url":"https:\/\/lean.org.hu\/","logo":{"@type":"ImageObject","inLanguage":"en-GB","@id":"https:\/\/lean.org.hu\/#\/schema\/logo\/image\/","url":"https:\/\/lean.org.hu\/wp-content\/uploads\/2020\/07\/cropped-lean_logo_final_color_horizontal.png","contentUrl":"https:\/\/lean.org.hu\/wp-content\/uploads\/2020\/07\/cropped-lean_logo_final_color_horizontal.png","width":779,"height":288,"caption":"LEI"},"image":{"@id":"https:\/\/lean.org.hu\/#\/schema\/logo\/image\/"},"sameAs":["https:\/\/www.facebook.com\/LEI.Hungary","https:\/\/www.linkedin.com\/company\/lean-enterprise-institute-hungary"]}]}},"_links":{"self":[{"href":"https:\/\/lean.org.hu\/en\/wp-json\/wp\/v2\/product\/4652","targetHints":{"allow":["GET"]}}],"collection":[{"href":"https:\/\/lean.org.hu\/en\/wp-json\/wp\/v2\/product"}],"about":[{"href":"https:\/\/lean.org.hu\/en\/wp-json\/wp\/v2\/types\/product"}],"wp:featuredmedia":[{"embeddable":true,"href":"https:\/\/lean.org.hu\/en\/wp-json\/wp\/v2\/media\/4655"}],"wp:attachment":[{"href":"https:\/\/lean.org.hu\/en\/wp-json\/wp\/v2\/media?parent=4652"}],"wp:term":[{"taxonomy":"product_brand","embeddable":true,"href":"https:\/\/lean.org.hu\/en\/wp-json\/wp\/v2\/product_brand?post=4652"},{"taxonomy":"product_cat","embeddable":true,"href":"https:\/\/lean.org.hu\/en\/wp-json\/wp\/v2\/product_cat?post=4652"},{"taxonomy":"product_tag","embeddable":true,"href":"https:\/\/lean.org.hu\/en\/wp-json\/wp\/v2\/product_tag?post=4652"}],"curies":[{"name":"wp","href":"https:\/\/api.w.org\/{rel}","templated":true}]}}