{"id":4648,"date":"2021-03-17T09:40:23","date_gmt":"2021-03-17T07:40:23","guid":{"rendered":"https:\/\/lean.org.hu\/?post_type=product&#038;p=4648"},"modified":"2026-02-12T14:32:01","modified_gmt":"2026-02-12T13:32:01","slug":"inspiralo-ted-eloadasok-innovacio","status":"publish","type":"product","link":"https:\/\/lean.org.hu\/en\/lean-konyvesbolt\/inspiralo-ted-eloadasok-innovacio\/","title":{"rendered":"Inspir\u00e1l\u00f3 TED-el\u0151ad\u00e1sok: Innov\u00e1ci\u00f3"},"content":{"rendered":"<p><strong>Inspir\u00e1l\u00f3 TED-el\u0151ad\u00e1sok: Innov\u00e1ci\u00f3<\/strong><br \/>\nNeil C. Hughes<\/p>\n<div>\n<p>Hogyan \u00e1ll\u00edtsunk \u00f6ssze munkahelyi \u00e1lomcsapatot?<\/p>\n<p>Mik\u00e9nt tanulhatunk a kudarcainkb\u00f3l?<\/p>\n<p>Mi\u00e9rt \u00e9rdemes kil\u00e9pni a komfortz\u00f3n\u00e1nkb\u00f3l?<\/p>\n<p>K\u00f6nny\u0171 elveszn\u00fcnk a TED-el\u0151ad\u00e1sok s\u0171r\u0171j\u00e9ben. Ez az \u00f6ssze\u00e1ll\u00edt\u00e1s a 100 legjobb innov\u00e1ci\u00f3r\u00f3l sz\u00f3l\u00f3 TED-besz\u00e9db\u0151l szemezget. Szellemes grafik\u00e1ival \u00e9s frapp\u00e1ns id\u00e9zeteivel nem csup\u00e1n \u00faj utak felfedez\u00e9s\u00e9re \u00e9s \u00f6nmagunk fejleszt\u00e9s\u00e9re sarkall, de f\u00e9lelmeink lek\u00fczd\u00e9s\u00e9re is b\u00e1tor\u00edt, fel\u00e9bresztve benn\u00fcnk a v\u00e1gyat az innov\u00e1ci\u00f3ra.<\/p>\n<p>A kiv\u00e9teles gy\u0171jtem\u00e9nyb\u0151l most olyan mesterekt\u0151l tanulhatunk, mint a Microsoft alap\u00edt\u00f3ja, Bill Gates, a vil\u00e1g leggazdagabb embere, Jeff Bezos, az Apple t\u00e1rsalap\u00edt\u00f3ja, Steve Wozniak, a Facebook \u00fcgyvezet\u0151 igazgat\u00f3ja, Sheryl Sandberg, vagy a vil\u00e1gh\u00edr\u0171 etol\u00f3gus, Jane Goodall.<\/p>\n<p style=\"text-align: center;\"><a class=\"wp-block-button__link\" style=\"border-radius: 5px;\" href=\"https:\/\/drive.google.com\/file\/d\/1PbnfwwSP-iyUj3v5ZIiIGJEN2TlrGAuU\/view?usp=sharing\" target=\"_blank\" rel=\"noreferrer noopener\">Olvass bele a k\u00f6nyvbe!<\/a><\/p>\n<p>M\u00e9ret: 226&#215;170 mm<br \/>\nMegjelen\u00e9s: 2020. 09. 29.<br \/>\nTerjedelem: 192 oldal<br \/>\nISBN: 978-963-304-953-2<\/p>\n<\/div>","protected":false},"excerpt":{"rendered":"<p><em>\u201eA kiv\u00e9teles gy\u0171jtem\u00e9nyb\u0151l most olyan mesterekt\u0151l tanulhatunk, mint a Microsoft alap\u00edt\u00f3ja, Bill Gates, a vil\u00e1g leggazdagabb embere, Jeff Bezos, az Apple t\u00e1rsalap\u00edt\u00f3ja, Steve Wozniak, a Facebook \u00fcgyvezet\u0151 igazgat\u00f3ja, Sheryl Sandberg, vagy a vil\u00e1gh\u00edr\u0171 etol\u00f3gus, Jane Goodall.\u201d<\/em><\/p>","protected":false},"featured_media":4651,"template":"","meta":{"_eb_attr":""},"product_brand":[],"product_cat":[183,173],"product_tag":[],"class_list":{"0":"post-4648","1":"product","2":"type-product","3":"status-publish","4":"has-post-thumbnail","6":"product_cat-lean-konyvek-kapcsolodo-irodalom","7":"product_cat-lean-konyvesbolt","8":"infinite-scroll-item","9":"no-featured-image-padding","10":"sales-flash-overlay","11":"woocommerce-text-align-left","12":"woocommerce-image-align-left","13":"do-quantity-buttons","15":"first","16":"instock","17":"taxable","18":"shipping-taxable","19":"purchasable","20":"product-type-variable"},"yoast_head":"<!-- This site is optimized with the Yoast SEO plugin v27.4 - https:\/\/yoast.com\/product\/yoast-seo-wordpress\/ -->\n<title>Inspir\u00e1l\u00f3 TED-el\u0151ad\u00e1sok: Innov\u00e1ci\u00f3 - LEI<\/title>\n<meta name=\"description\" content=\"Hogyan \u00e1ll\u00edtsunk \u00f6ssze munkahelyi \u00e1lomcsapatot? Mik\u00e9nt tanulhatunk a kudarcainkb\u00f3l? Mi\u00e9rt \u00e9rdemes kil\u00e9pni a komfortz\u00f3n\u00e1nkb\u00f3l?\" \/>\n<meta name=\"robots\" content=\"index, follow, max-snippet:-1, max-image-preview:large, max-video-preview:-1\" \/>\n<link rel=\"canonical\" href=\"https:\/\/lean.org.hu\/en\/lean-konyvesbolt\/inspiralo-ted-eloadasok-innovacio\/\" \/>\n<meta property=\"og:locale\" content=\"en_GB\" \/>\n<meta property=\"og:type\" content=\"article\" \/>\n<meta property=\"og:title\" content=\"Kell egy csapat \u2013 A sikeres egy\u00fcttm\u0171k\u00f6d\u00e9s 5 akad\u00e1lya\" \/>\n<meta property=\"og:description\" content=\"Egy j\u00f3 csapattal megszerezhetj\u00fck a vezet\u00e9st b\u00e1rmelyik ipar\u00e1gban, vagyis: Kell egy csapat! Egyszer\u0171nek t\u0171nhet, m\u00e9gis pokolian neh\u00e9z elkezdeni.\" \/>\n<meta property=\"og:url\" content=\"https:\/\/lean.org.hu\/en\/lean-konyvesbolt\/inspiralo-ted-eloadasok-innovacio\/\" \/>\n<meta property=\"og:site_name\" content=\"LEI\" \/>\n<meta property=\"article:publisher\" content=\"https:\/\/www.facebook.com\/LEI.Hungary\" \/>\n<meta property=\"article:modified_time\" content=\"2026-02-12T13:32:01+00:00\" \/>\n<meta property=\"og:image\" content=\"https:\/\/lean.org.hu\/wp-content\/uploads\/2021\/03\/Boritok_Inspiralo-TED-eloadasok-Innovacio.jpg\" \/>\n\t<meta property=\"og:image:width\" content=\"425\" \/>\n\t<meta property=\"og:image:height\" content=\"600\" \/>\n\t<meta property=\"og:image:type\" content=\"image\/jpeg\" \/>\n<meta name=\"twitter:card\" content=\"summary_large_image\" \/>\n<meta name=\"twitter:label1\" content=\"Estimated reading time\" \/>\n\t<meta name=\"twitter:data1\" content=\"1 minute\" \/>\n<script type=\"application\/ld+json\" class=\"yoast-schema-graph\">{\"@context\":\"https:\\\/\\\/schema.org\",\"@graph\":[{\"@type\":\"WebPage\",\"@id\":\"https:\\\/\\\/lean.org.hu\\\/lean-konyvesbolt\\\/inspiralo-ted-eloadasok-innovacio\\\/\",\"url\":\"https:\\\/\\\/lean.org.hu\\\/lean-konyvesbolt\\\/inspiralo-ted-eloadasok-innovacio\\\/\",\"name\":\"Inspir\u00e1l\u00f3 TED-el\u0151ad\u00e1sok: Innov\u00e1ci\u00f3 - LEI\",\"isPartOf\":{\"@id\":\"https:\\\/\\\/lean.org.hu\\\/#website\"},\"primaryImageOfPage\":{\"@id\":\"https:\\\/\\\/lean.org.hu\\\/lean-konyvesbolt\\\/inspiralo-ted-eloadasok-innovacio\\\/#primaryimage\"},\"image\":{\"@id\":\"https:\\\/\\\/lean.org.hu\\\/lean-konyvesbolt\\\/inspiralo-ted-eloadasok-innovacio\\\/#primaryimage\"},\"thumbnailUrl\":\"https:\\\/\\\/lean.org.hu\\\/wp-content\\\/uploads\\\/2021\\\/03\\\/Boritok_Inspiralo-TED-eloadasok-Innovacio.jpg\",\"datePublished\":\"2021-03-17T07:40:23+00:00\",\"dateModified\":\"2026-02-12T13:32:01+00:00\",\"description\":\"Hogyan \u00e1ll\u00edtsunk \u00f6ssze munkahelyi \u00e1lomcsapatot? Mik\u00e9nt tanulhatunk a kudarcainkb\u00f3l? Mi\u00e9rt \u00e9rdemes kil\u00e9pni a komfortz\u00f3n\u00e1nkb\u00f3l?\",\"breadcrumb\":{\"@id\":\"https:\\\/\\\/lean.org.hu\\\/lean-konyvesbolt\\\/inspiralo-ted-eloadasok-innovacio\\\/#breadcrumb\"},\"inLanguage\":\"en-GB\",\"potentialAction\":[{\"@type\":\"ReadAction\",\"target\":[\"https:\\\/\\\/lean.org.hu\\\/lean-konyvesbolt\\\/inspiralo-ted-eloadasok-innovacio\\\/\"]}]},{\"@type\":\"ImageObject\",\"inLanguage\":\"en-GB\",\"@id\":\"https:\\\/\\\/lean.org.hu\\\/lean-konyvesbolt\\\/inspiralo-ted-eloadasok-innovacio\\\/#primaryimage\",\"url\":\"https:\\\/\\\/lean.org.hu\\\/wp-content\\\/uploads\\\/2021\\\/03\\\/Boritok_Inspiralo-TED-eloadasok-Innovacio.jpg\",\"contentUrl\":\"https:\\\/\\\/lean.org.hu\\\/wp-content\\\/uploads\\\/2021\\\/03\\\/Boritok_Inspiralo-TED-eloadasok-Innovacio.jpg\",\"width\":425,\"height\":600,\"caption\":\"Inspir\u00e1l\u00f3 TED el\u0151ad\u00e1sok - Innov\u00e1ci\u00f3\"},{\"@type\":\"BreadcrumbList\",\"@id\":\"https:\\\/\\\/lean.org.hu\\\/lean-konyvesbolt\\\/inspiralo-ted-eloadasok-innovacio\\\/#breadcrumb\",\"itemListElement\":[{\"@type\":\"ListItem\",\"position\":1,\"name\":\"Kezd\u0151lap\",\"item\":\"https:\\\/\\\/lean.org.hu\\\/\"},{\"@type\":\"ListItem\",\"position\":2,\"name\":\"Web\u00e1ruh\u00e1z oldal\",\"item\":\"http:\\\/\\\/lean.org.hu\\\/en\\\/webaruhaz-aloldal\\\/\"},{\"@type\":\"ListItem\",\"position\":3,\"name\":\"Inspir\u00e1l\u00f3 TED-el\u0151ad\u00e1sok: Innov\u00e1ci\u00f3\"}]},{\"@type\":\"WebSite\",\"@id\":\"https:\\\/\\\/lean.org.hu\\\/#website\",\"url\":\"https:\\\/\\\/lean.org.hu\\\/\",\"name\":\"LEI\",\"description\":\"\",\"publisher\":{\"@id\":\"https:\\\/\\\/lean.org.hu\\\/#organization\"},\"potentialAction\":[{\"@type\":\"SearchAction\",\"target\":{\"@type\":\"EntryPoint\",\"urlTemplate\":\"https:\\\/\\\/lean.org.hu\\\/?s={search_term_string}\"},\"query-input\":{\"@type\":\"PropertyValueSpecification\",\"valueRequired\":true,\"valueName\":\"search_term_string\"}}],\"inLanguage\":\"en-GB\"},{\"@type\":\"Organization\",\"@id\":\"https:\\\/\\\/lean.org.hu\\\/#organization\",\"name\":\"LEI\",\"url\":\"https:\\\/\\\/lean.org.hu\\\/\",\"logo\":{\"@type\":\"ImageObject\",\"inLanguage\":\"en-GB\",\"@id\":\"https:\\\/\\\/lean.org.hu\\\/#\\\/schema\\\/logo\\\/image\\\/\",\"url\":\"https:\\\/\\\/lean.org.hu\\\/wp-content\\\/uploads\\\/2020\\\/07\\\/cropped-lean_logo_final_color_horizontal.png\",\"contentUrl\":\"https:\\\/\\\/lean.org.hu\\\/wp-content\\\/uploads\\\/2020\\\/07\\\/cropped-lean_logo_final_color_horizontal.png\",\"width\":779,\"height\":288,\"caption\":\"LEI\"},\"image\":{\"@id\":\"https:\\\/\\\/lean.org.hu\\\/#\\\/schema\\\/logo\\\/image\\\/\"},\"sameAs\":[\"https:\\\/\\\/www.facebook.com\\\/LEI.Hungary\",\"https:\\\/\\\/www.linkedin.com\\\/company\\\/lean-enterprise-institute-hungary\"]}]}<\/script>\n<!-- \/ Yoast SEO plugin. -->","yoast_head_json":{"title":"Inspir\u00e1l\u00f3 TED-el\u0151ad\u00e1sok: Innov\u00e1ci\u00f3 - LEI","description":"Hogyan \u00e1ll\u00edtsunk \u00f6ssze munkahelyi \u00e1lomcsapatot? Mik\u00e9nt tanulhatunk a kudarcainkb\u00f3l? Mi\u00e9rt \u00e9rdemes kil\u00e9pni a komfortz\u00f3n\u00e1nkb\u00f3l?","robots":{"index":"index","follow":"follow","max-snippet":"max-snippet:-1","max-image-preview":"max-image-preview:large","max-video-preview":"max-video-preview:-1"},"canonical":"https:\/\/lean.org.hu\/en\/lean-konyvesbolt\/inspiralo-ted-eloadasok-innovacio\/","og_locale":"en_GB","og_type":"article","og_title":"Kell egy csapat \u2013 A sikeres egy\u00fcttm\u0171k\u00f6d\u00e9s 5 akad\u00e1lya","og_description":"Egy j\u00f3 csapattal megszerezhetj\u00fck a vezet\u00e9st b\u00e1rmelyik ipar\u00e1gban, vagyis: Kell egy csapat! Egyszer\u0171nek t\u0171nhet, m\u00e9gis pokolian neh\u00e9z elkezdeni.","og_url":"https:\/\/lean.org.hu\/en\/lean-konyvesbolt\/inspiralo-ted-eloadasok-innovacio\/","og_site_name":"LEI","article_publisher":"https:\/\/www.facebook.com\/LEI.Hungary","article_modified_time":"2026-02-12T13:32:01+00:00","og_image":[{"width":425,"height":600,"url":"https:\/\/lean.org.hu\/wp-content\/uploads\/2021\/03\/Boritok_Inspiralo-TED-eloadasok-Innovacio.jpg","type":"image\/jpeg"}],"twitter_card":"summary_large_image","twitter_misc":{"Estimated reading time":"1 minute"},"schema":{"@context":"https:\/\/schema.org","@graph":[{"@type":"WebPage","@id":"https:\/\/lean.org.hu\/lean-konyvesbolt\/inspiralo-ted-eloadasok-innovacio\/","url":"https:\/\/lean.org.hu\/lean-konyvesbolt\/inspiralo-ted-eloadasok-innovacio\/","name":"Inspir\u00e1l\u00f3 TED-el\u0151ad\u00e1sok: Innov\u00e1ci\u00f3 - LEI","isPartOf":{"@id":"https:\/\/lean.org.hu\/#website"},"primaryImageOfPage":{"@id":"https:\/\/lean.org.hu\/lean-konyvesbolt\/inspiralo-ted-eloadasok-innovacio\/#primaryimage"},"image":{"@id":"https:\/\/lean.org.hu\/lean-konyvesbolt\/inspiralo-ted-eloadasok-innovacio\/#primaryimage"},"thumbnailUrl":"https:\/\/lean.org.hu\/wp-content\/uploads\/2021\/03\/Boritok_Inspiralo-TED-eloadasok-Innovacio.jpg","datePublished":"2021-03-17T07:40:23+00:00","dateModified":"2026-02-12T13:32:01+00:00","description":"Hogyan \u00e1ll\u00edtsunk \u00f6ssze munkahelyi \u00e1lomcsapatot? Mik\u00e9nt tanulhatunk a kudarcainkb\u00f3l? Mi\u00e9rt \u00e9rdemes kil\u00e9pni a komfortz\u00f3n\u00e1nkb\u00f3l?","breadcrumb":{"@id":"https:\/\/lean.org.hu\/lean-konyvesbolt\/inspiralo-ted-eloadasok-innovacio\/#breadcrumb"},"inLanguage":"en-GB","potentialAction":[{"@type":"ReadAction","target":["https:\/\/lean.org.hu\/lean-konyvesbolt\/inspiralo-ted-eloadasok-innovacio\/"]}]},{"@type":"ImageObject","inLanguage":"en-GB","@id":"https:\/\/lean.org.hu\/lean-konyvesbolt\/inspiralo-ted-eloadasok-innovacio\/#primaryimage","url":"https:\/\/lean.org.hu\/wp-content\/uploads\/2021\/03\/Boritok_Inspiralo-TED-eloadasok-Innovacio.jpg","contentUrl":"https:\/\/lean.org.hu\/wp-content\/uploads\/2021\/03\/Boritok_Inspiralo-TED-eloadasok-Innovacio.jpg","width":425,"height":600,"caption":"Inspir\u00e1l\u00f3 TED el\u0151ad\u00e1sok - Innov\u00e1ci\u00f3"},{"@type":"BreadcrumbList","@id":"https:\/\/lean.org.hu\/lean-konyvesbolt\/inspiralo-ted-eloadasok-innovacio\/#breadcrumb","itemListElement":[{"@type":"ListItem","position":1,"name":"Kezd\u0151lap","item":"https:\/\/lean.org.hu\/"},{"@type":"ListItem","position":2,"name":"Web\u00e1ruh\u00e1z oldal","item":"http:\/\/lean.org.hu\/en\/webaruhaz-aloldal\/"},{"@type":"ListItem","position":3,"name":"Inspir\u00e1l\u00f3 TED-el\u0151ad\u00e1sok: Innov\u00e1ci\u00f3"}]},{"@type":"WebSite","@id":"https:\/\/lean.org.hu\/#website","url":"https:\/\/lean.org.hu\/","name":"LEI","description":"","publisher":{"@id":"https:\/\/lean.org.hu\/#organization"},"potentialAction":[{"@type":"SearchAction","target":{"@type":"EntryPoint","urlTemplate":"https:\/\/lean.org.hu\/?s={search_term_string}"},"query-input":{"@type":"PropertyValueSpecification","valueRequired":true,"valueName":"search_term_string"}}],"inLanguage":"en-GB"},{"@type":"Organization","@id":"https:\/\/lean.org.hu\/#organization","name":"LEI","url":"https:\/\/lean.org.hu\/","logo":{"@type":"ImageObject","inLanguage":"en-GB","@id":"https:\/\/lean.org.hu\/#\/schema\/logo\/image\/","url":"https:\/\/lean.org.hu\/wp-content\/uploads\/2020\/07\/cropped-lean_logo_final_color_horizontal.png","contentUrl":"https:\/\/lean.org.hu\/wp-content\/uploads\/2020\/07\/cropped-lean_logo_final_color_horizontal.png","width":779,"height":288,"caption":"LEI"},"image":{"@id":"https:\/\/lean.org.hu\/#\/schema\/logo\/image\/"},"sameAs":["https:\/\/www.facebook.com\/LEI.Hungary","https:\/\/www.linkedin.com\/company\/lean-enterprise-institute-hungary"]}]}},"_links":{"self":[{"href":"https:\/\/lean.org.hu\/en\/wp-json\/wp\/v2\/product\/4648","targetHints":{"allow":["GET"]}}],"collection":[{"href":"https:\/\/lean.org.hu\/en\/wp-json\/wp\/v2\/product"}],"about":[{"href":"https:\/\/lean.org.hu\/en\/wp-json\/wp\/v2\/types\/product"}],"wp:featuredmedia":[{"embeddable":true,"href":"https:\/\/lean.org.hu\/en\/wp-json\/wp\/v2\/media\/4651"}],"wp:attachment":[{"href":"https:\/\/lean.org.hu\/en\/wp-json\/wp\/v2\/media?parent=4648"}],"wp:term":[{"taxonomy":"product_brand","embeddable":true,"href":"https:\/\/lean.org.hu\/en\/wp-json\/wp\/v2\/product_brand?post=4648"},{"taxonomy":"product_cat","embeddable":true,"href":"https:\/\/lean.org.hu\/en\/wp-json\/wp\/v2\/product_cat?post=4648"},{"taxonomy":"product_tag","embeddable":true,"href":"https:\/\/lean.org.hu\/en\/wp-json\/wp\/v2\/product_tag?post=4648"}],"curies":[{"name":"wp","href":"https:\/\/api.w.org\/{rel}","templated":true}]}}