{"id":4458,"date":"2021-02-15T14:49:23","date_gmt":"2021-02-15T12:49:23","guid":{"rendered":"https:\/\/lean.org.hu\/?post_type=product&#038;p=4458"},"modified":"2026-02-12T14:51:52","modified_gmt":"2026-02-12T13:51:52","slug":"kivetelesek","status":"publish","type":"product","link":"https:\/\/lean.org.hu\/en\/lean-konyvesbolt\/kivetelesek\/","title":{"rendered":"Kiv\u00e9telesek"},"content":{"rendered":"<p><strong>Kiv\u00e9telesek<\/strong> \u2013 A siker m\u00e1sik oldala (\u00e1tdolgozott)<br \/>\nMalcolm Gladwell<\/p>\n<div>\n<p>Mi\u00e9rt olyan j\u00f3 matekosok az \u00e1zsiaiak?<br \/>\nMiben hasonl\u00edt egym\u00e1sra Bill Gates \u00e9s a Beatles?<br \/>\nMi\u00e9rt \u00e9l teljes ismeretlens\u00e9gben a vil\u00e1g legokosabb embere?<\/p>\n<p>A kiv\u00e9teles emberekr\u0151l sz\u00f3l\u00f3 t\u00f6rt\u00e9netek l\u00e1tsz\u00f3lag az intelligenci\u00e1r\u00f3l, a tehets\u00e9gr\u0151l \u00e9s az amb\u00edci\u00f3r\u00f3l sz\u00f3lnak. Malcolm Gladwell szerint a siker val\u00f3j\u00e1ban teljesen m\u00e1son m\u00falik, \u00e9s meg\u00e9rt\u00e9s\u00e9hez alaposabban szem\u00fcgyre kell venn\u00fcnk a kiv\u00e9teles emberek k\u00f6r\u00fclm\u00e9nyeit &#8211; a csal\u00e1djukat, a sz\u00fclet\u00e9si hely\u00fcket, s\u0151t a sz\u00fclet\u00e9si d\u00e1tumukat is. A siker sokkal bonyolultabb, mint els\u0151 pillant\u00e1sra gondoln\u00e1nk, \u00e1m m\u00e9gis saj\u00e1tos logika szerint alakul.<br \/>\nMalcolm Gladwell k\u00f6nyvei radik\u00e1lisan megv\u00e1ltoztatt\u00e1k a vil\u00e1gr\u00f3l \u00e9s magunkr\u00f3l val\u00f3 gondolkod\u00e1sm\u00f3dunkat. Ebben a k\u00f6tetben felt\u00e1rja a siker logik\u00e1j\u00e1t, \u00e9s bemutatja az emberi lehet\u0151s\u00e9gek \u00e9s k\u00e9pess\u00e9gek kiteljesed\u00e9s\u00e9nek leny\u0171g\u00f6z\u0151 \u00e9s provokat\u00edv olvasat\u00e1t.<\/p>\n<p style=\"text-align: center;\"><a class=\"wp-block-button__link\" style=\"border-radius: 5px;\" href=\"https:\/\/drive.google.com\/file\/d\/1V2NGFpPGdxp6naRaVGK_6DhK8Bq4-3xl\/view?usp=sharing\" target=\"_blank\" rel=\"noreferrer noopener\">Olvass bele a k\u00f6nyvbe!<\/a><\/p>\n<p>M\u00e9ret: 130&#215;196 mm<br \/>\nMegjelen\u00e9s: 2020. 09. 17.<br \/>\nTerjedelem: 368 oldal<br \/>\nISBN: 9789633049211<\/p>\n<\/div>","protected":false},"excerpt":{"rendered":"<p><em>\u201eMalcolm Gladwell felt\u00e1rja a siker logik\u00e1j\u00e1t, \u00e9s bemutatja az emberi lehet\u0151s\u00e9gek \u00e9s k\u00e9pess\u00e9gek kiteljesed\u00e9s\u00e9nek leny\u0171g\u00f6z\u0151 olvasat\u00e1t.\u201d<\/em><\/p>","protected":false},"featured_media":4609,"template":"","meta":{"_eb_attr":""},"product_brand":[],"product_cat":[183,173],"product_tag":[],"class_list":{"0":"post-4458","1":"product","2":"type-product","3":"status-publish","4":"has-post-thumbnail","6":"product_cat-lean-konyvek-kapcsolodo-irodalom","7":"product_cat-lean-konyvesbolt","8":"infinite-scroll-item","9":"no-featured-image-padding","10":"sales-flash-overlay","11":"woocommerce-text-align-left","12":"woocommerce-image-align-left","13":"do-quantity-buttons","15":"first","16":"instock","17":"taxable","18":"shipping-taxable","19":"purchasable","20":"product-type-variable"},"yoast_head":"<!-- This site is optimized with the Yoast SEO plugin v27.4 - https:\/\/yoast.com\/product\/yoast-seo-wordpress\/ -->\n<title>Kiv\u00e9telesek - LEI<\/title>\n<meta name=\"description\" content=\"Malcolm Gladwell felt\u00e1rja a siker logik\u00e1j\u00e1t, \u00e9s bemutatja az emberi lehet\u0151s\u00e9gek \u00e9s k\u00e9pess\u00e9gek kiteljesed\u00e9s\u00e9nek leny\u0171g\u00f6z\u0151 olvasat\u00e1t.\" \/>\n<meta name=\"robots\" content=\"index, follow, max-snippet:-1, max-image-preview:large, max-video-preview:-1\" \/>\n<link rel=\"canonical\" href=\"https:\/\/lean.org.hu\/en\/lean-konyvesbolt\/kivetelesek\/\" \/>\n<meta property=\"og:locale\" content=\"en_GB\" \/>\n<meta property=\"og:type\" content=\"article\" \/>\n<meta property=\"og:title\" content=\"Kell egy csapat \u2013 A sikeres egy\u00fcttm\u0171k\u00f6d\u00e9s 5 akad\u00e1lya\" \/>\n<meta property=\"og:description\" content=\"Egy j\u00f3 csapattal megszerezhetj\u00fck a vezet\u00e9st b\u00e1rmelyik ipar\u00e1gban, vagyis: Kell egy csapat! Egyszer\u0171nek t\u0171nhet, m\u00e9gis pokolian neh\u00e9z elkezdeni.\" \/>\n<meta property=\"og:url\" content=\"https:\/\/lean.org.hu\/en\/lean-konyvesbolt\/kivetelesek\/\" \/>\n<meta property=\"og:site_name\" content=\"LEI\" \/>\n<meta property=\"article:publisher\" content=\"https:\/\/www.facebook.com\/LEI.Hungary\" \/>\n<meta property=\"article:modified_time\" content=\"2026-02-12T13:51:52+00:00\" \/>\n<meta property=\"og:image\" content=\"https:\/\/lean.org.hu\/wp-content\/uploads\/2021\/02\/Boritok_Kivetelesek-2.jpg\" \/>\n\t<meta property=\"og:image:width\" content=\"425\" \/>\n\t<meta property=\"og:image:height\" content=\"600\" \/>\n\t<meta property=\"og:image:type\" content=\"image\/jpeg\" \/>\n<meta name=\"twitter:card\" content=\"summary_large_image\" \/>\n<meta name=\"twitter:label1\" content=\"Estimated reading time\" \/>\n\t<meta name=\"twitter:data1\" content=\"1 minute\" \/>\n<script type=\"application\/ld+json\" class=\"yoast-schema-graph\">{\"@context\":\"https:\\\/\\\/schema.org\",\"@graph\":[{\"@type\":\"WebPage\",\"@id\":\"https:\\\/\\\/lean.org.hu\\\/lean-konyvesbolt\\\/kivetelesek\\\/\",\"url\":\"https:\\\/\\\/lean.org.hu\\\/lean-konyvesbolt\\\/kivetelesek\\\/\",\"name\":\"Kiv\u00e9telesek - LEI\",\"isPartOf\":{\"@id\":\"https:\\\/\\\/lean.org.hu\\\/#website\"},\"primaryImageOfPage\":{\"@id\":\"https:\\\/\\\/lean.org.hu\\\/lean-konyvesbolt\\\/kivetelesek\\\/#primaryimage\"},\"image\":{\"@id\":\"https:\\\/\\\/lean.org.hu\\\/lean-konyvesbolt\\\/kivetelesek\\\/#primaryimage\"},\"thumbnailUrl\":\"https:\\\/\\\/lean.org.hu\\\/wp-content\\\/uploads\\\/2021\\\/02\\\/Boritok_Kivetelesek-2.jpg\",\"datePublished\":\"2021-02-15T12:49:23+00:00\",\"dateModified\":\"2026-02-12T13:51:52+00:00\",\"description\":\"Malcolm Gladwell felt\u00e1rja a siker logik\u00e1j\u00e1t, \u00e9s bemutatja az emberi lehet\u0151s\u00e9gek \u00e9s k\u00e9pess\u00e9gek kiteljesed\u00e9s\u00e9nek leny\u0171g\u00f6z\u0151 olvasat\u00e1t.\",\"breadcrumb\":{\"@id\":\"https:\\\/\\\/lean.org.hu\\\/lean-konyvesbolt\\\/kivetelesek\\\/#breadcrumb\"},\"inLanguage\":\"en-GB\",\"potentialAction\":[{\"@type\":\"ReadAction\",\"target\":[\"https:\\\/\\\/lean.org.hu\\\/lean-konyvesbolt\\\/kivetelesek\\\/\"]}]},{\"@type\":\"ImageObject\",\"inLanguage\":\"en-GB\",\"@id\":\"https:\\\/\\\/lean.org.hu\\\/lean-konyvesbolt\\\/kivetelesek\\\/#primaryimage\",\"url\":\"https:\\\/\\\/lean.org.hu\\\/wp-content\\\/uploads\\\/2021\\\/02\\\/Boritok_Kivetelesek-2.jpg\",\"contentUrl\":\"https:\\\/\\\/lean.org.hu\\\/wp-content\\\/uploads\\\/2021\\\/02\\\/Boritok_Kivetelesek-2.jpg\",\"width\":425,\"height\":600,\"caption\":\"Kiv\u00e9telesek bor\u00edt\u00f3\"},{\"@type\":\"BreadcrumbList\",\"@id\":\"https:\\\/\\\/lean.org.hu\\\/lean-konyvesbolt\\\/kivetelesek\\\/#breadcrumb\",\"itemListElement\":[{\"@type\":\"ListItem\",\"position\":1,\"name\":\"Kezd\u0151lap\",\"item\":\"https:\\\/\\\/lean.org.hu\\\/\"},{\"@type\":\"ListItem\",\"position\":2,\"name\":\"Web\u00e1ruh\u00e1z oldal\",\"item\":\"http:\\\/\\\/lean.org.hu\\\/en\\\/webaruhaz-aloldal\\\/\"},{\"@type\":\"ListItem\",\"position\":3,\"name\":\"Kiv\u00e9telesek\"}]},{\"@type\":\"WebSite\",\"@id\":\"https:\\\/\\\/lean.org.hu\\\/#website\",\"url\":\"https:\\\/\\\/lean.org.hu\\\/\",\"name\":\"LEI\",\"description\":\"\",\"publisher\":{\"@id\":\"https:\\\/\\\/lean.org.hu\\\/#organization\"},\"potentialAction\":[{\"@type\":\"SearchAction\",\"target\":{\"@type\":\"EntryPoint\",\"urlTemplate\":\"https:\\\/\\\/lean.org.hu\\\/?s={search_term_string}\"},\"query-input\":{\"@type\":\"PropertyValueSpecification\",\"valueRequired\":true,\"valueName\":\"search_term_string\"}}],\"inLanguage\":\"en-GB\"},{\"@type\":\"Organization\",\"@id\":\"https:\\\/\\\/lean.org.hu\\\/#organization\",\"name\":\"LEI\",\"url\":\"https:\\\/\\\/lean.org.hu\\\/\",\"logo\":{\"@type\":\"ImageObject\",\"inLanguage\":\"en-GB\",\"@id\":\"https:\\\/\\\/lean.org.hu\\\/#\\\/schema\\\/logo\\\/image\\\/\",\"url\":\"https:\\\/\\\/lean.org.hu\\\/wp-content\\\/uploads\\\/2020\\\/07\\\/cropped-lean_logo_final_color_horizontal.png\",\"contentUrl\":\"https:\\\/\\\/lean.org.hu\\\/wp-content\\\/uploads\\\/2020\\\/07\\\/cropped-lean_logo_final_color_horizontal.png\",\"width\":779,\"height\":288,\"caption\":\"LEI\"},\"image\":{\"@id\":\"https:\\\/\\\/lean.org.hu\\\/#\\\/schema\\\/logo\\\/image\\\/\"},\"sameAs\":[\"https:\\\/\\\/www.facebook.com\\\/LEI.Hungary\",\"https:\\\/\\\/www.linkedin.com\\\/company\\\/lean-enterprise-institute-hungary\"]}]}<\/script>\n<!-- \/ Yoast SEO plugin. -->","yoast_head_json":{"title":"Kiv\u00e9telesek - LEI","description":"Malcolm Gladwell felt\u00e1rja a siker logik\u00e1j\u00e1t, \u00e9s bemutatja az emberi lehet\u0151s\u00e9gek \u00e9s k\u00e9pess\u00e9gek kiteljesed\u00e9s\u00e9nek leny\u0171g\u00f6z\u0151 olvasat\u00e1t.","robots":{"index":"index","follow":"follow","max-snippet":"max-snippet:-1","max-image-preview":"max-image-preview:large","max-video-preview":"max-video-preview:-1"},"canonical":"https:\/\/lean.org.hu\/en\/lean-konyvesbolt\/kivetelesek\/","og_locale":"en_GB","og_type":"article","og_title":"Kell egy csapat \u2013 A sikeres egy\u00fcttm\u0171k\u00f6d\u00e9s 5 akad\u00e1lya","og_description":"Egy j\u00f3 csapattal megszerezhetj\u00fck a vezet\u00e9st b\u00e1rmelyik ipar\u00e1gban, vagyis: Kell egy csapat! Egyszer\u0171nek t\u0171nhet, m\u00e9gis pokolian neh\u00e9z elkezdeni.","og_url":"https:\/\/lean.org.hu\/en\/lean-konyvesbolt\/kivetelesek\/","og_site_name":"LEI","article_publisher":"https:\/\/www.facebook.com\/LEI.Hungary","article_modified_time":"2026-02-12T13:51:52+00:00","og_image":[{"width":425,"height":600,"url":"https:\/\/lean.org.hu\/wp-content\/uploads\/2021\/02\/Boritok_Kivetelesek-2.jpg","type":"image\/jpeg"}],"twitter_card":"summary_large_image","twitter_misc":{"Estimated reading time":"1 minute"},"schema":{"@context":"https:\/\/schema.org","@graph":[{"@type":"WebPage","@id":"https:\/\/lean.org.hu\/lean-konyvesbolt\/kivetelesek\/","url":"https:\/\/lean.org.hu\/lean-konyvesbolt\/kivetelesek\/","name":"Kiv\u00e9telesek - LEI","isPartOf":{"@id":"https:\/\/lean.org.hu\/#website"},"primaryImageOfPage":{"@id":"https:\/\/lean.org.hu\/lean-konyvesbolt\/kivetelesek\/#primaryimage"},"image":{"@id":"https:\/\/lean.org.hu\/lean-konyvesbolt\/kivetelesek\/#primaryimage"},"thumbnailUrl":"https:\/\/lean.org.hu\/wp-content\/uploads\/2021\/02\/Boritok_Kivetelesek-2.jpg","datePublished":"2021-02-15T12:49:23+00:00","dateModified":"2026-02-12T13:51:52+00:00","description":"Malcolm Gladwell felt\u00e1rja a siker logik\u00e1j\u00e1t, \u00e9s bemutatja az emberi lehet\u0151s\u00e9gek \u00e9s k\u00e9pess\u00e9gek kiteljesed\u00e9s\u00e9nek leny\u0171g\u00f6z\u0151 olvasat\u00e1t.","breadcrumb":{"@id":"https:\/\/lean.org.hu\/lean-konyvesbolt\/kivetelesek\/#breadcrumb"},"inLanguage":"en-GB","potentialAction":[{"@type":"ReadAction","target":["https:\/\/lean.org.hu\/lean-konyvesbolt\/kivetelesek\/"]}]},{"@type":"ImageObject","inLanguage":"en-GB","@id":"https:\/\/lean.org.hu\/lean-konyvesbolt\/kivetelesek\/#primaryimage","url":"https:\/\/lean.org.hu\/wp-content\/uploads\/2021\/02\/Boritok_Kivetelesek-2.jpg","contentUrl":"https:\/\/lean.org.hu\/wp-content\/uploads\/2021\/02\/Boritok_Kivetelesek-2.jpg","width":425,"height":600,"caption":"Kiv\u00e9telesek bor\u00edt\u00f3"},{"@type":"BreadcrumbList","@id":"https:\/\/lean.org.hu\/lean-konyvesbolt\/kivetelesek\/#breadcrumb","itemListElement":[{"@type":"ListItem","position":1,"name":"Kezd\u0151lap","item":"https:\/\/lean.org.hu\/"},{"@type":"ListItem","position":2,"name":"Web\u00e1ruh\u00e1z oldal","item":"http:\/\/lean.org.hu\/en\/webaruhaz-aloldal\/"},{"@type":"ListItem","position":3,"name":"Kiv\u00e9telesek"}]},{"@type":"WebSite","@id":"https:\/\/lean.org.hu\/#website","url":"https:\/\/lean.org.hu\/","name":"LEI","description":"","publisher":{"@id":"https:\/\/lean.org.hu\/#organization"},"potentialAction":[{"@type":"SearchAction","target":{"@type":"EntryPoint","urlTemplate":"https:\/\/lean.org.hu\/?s={search_term_string}"},"query-input":{"@type":"PropertyValueSpecification","valueRequired":true,"valueName":"search_term_string"}}],"inLanguage":"en-GB"},{"@type":"Organization","@id":"https:\/\/lean.org.hu\/#organization","name":"LEI","url":"https:\/\/lean.org.hu\/","logo":{"@type":"ImageObject","inLanguage":"en-GB","@id":"https:\/\/lean.org.hu\/#\/schema\/logo\/image\/","url":"https:\/\/lean.org.hu\/wp-content\/uploads\/2020\/07\/cropped-lean_logo_final_color_horizontal.png","contentUrl":"https:\/\/lean.org.hu\/wp-content\/uploads\/2020\/07\/cropped-lean_logo_final_color_horizontal.png","width":779,"height":288,"caption":"LEI"},"image":{"@id":"https:\/\/lean.org.hu\/#\/schema\/logo\/image\/"},"sameAs":["https:\/\/www.facebook.com\/LEI.Hungary","https:\/\/www.linkedin.com\/company\/lean-enterprise-institute-hungary"]}]}},"_links":{"self":[{"href":"https:\/\/lean.org.hu\/en\/wp-json\/wp\/v2\/product\/4458","targetHints":{"allow":["GET"]}}],"collection":[{"href":"https:\/\/lean.org.hu\/en\/wp-json\/wp\/v2\/product"}],"about":[{"href":"https:\/\/lean.org.hu\/en\/wp-json\/wp\/v2\/types\/product"}],"wp:featuredmedia":[{"embeddable":true,"href":"https:\/\/lean.org.hu\/en\/wp-json\/wp\/v2\/media\/4609"}],"wp:attachment":[{"href":"https:\/\/lean.org.hu\/en\/wp-json\/wp\/v2\/media?parent=4458"}],"wp:term":[{"taxonomy":"product_brand","embeddable":true,"href":"https:\/\/lean.org.hu\/en\/wp-json\/wp\/v2\/product_brand?post=4458"},{"taxonomy":"product_cat","embeddable":true,"href":"https:\/\/lean.org.hu\/en\/wp-json\/wp\/v2\/product_cat?post=4458"},{"taxonomy":"product_tag","embeddable":true,"href":"https:\/\/lean.org.hu\/en\/wp-json\/wp\/v2\/product_tag?post=4458"}],"curies":[{"name":"wp","href":"https:\/\/api.w.org\/{rel}","templated":true}]}}