{"id":40711,"date":"2019-07-08T15:37:40","date_gmt":"2019-07-08T13:37:40","guid":{"rendered":"https:\/\/lean.org.hu\/?post_type=product&#038;p=40711"},"modified":"2024-02-01T08:56:55","modified_gmt":"2024-02-01T07:56:55","slug":"nyaralas-csomag","status":"publish","type":"product","link":"https:\/\/lean.org.hu\/en\/lean-konyvesbolt\/nyaralas-csomag\/","title":{"rendered":"K\u00f6nnyed lean olvasm\u00e1nyok csomag"},"content":{"rendered":"<h3><strong>A csomag tartalma: <\/strong><\/h3>\n<ul>\n<li>Everything I Know About Lean I Learned in First Grade<\/li>\n<li>Lean, a mindennapi kenyer\u00fcnk<\/li>\n<li>A tisztelet ereje<\/li>\n<li class=\"translation-block\">Gemba Walks<\/li>\n<li>AJ\u00c1ND\u00c9K: LEI Thermo b\u00f6gre<\/li>\n<\/ul>\n<h3><strong>Elemi lean \u2013 Mindent, amit a leanr\u0151l tudok, az els\u0151 oszt\u00e1lyban tanultam<\/strong><\/h3>\n<p>Minden gyakorl\u00f3 lean szakemberben id\u0151r\u0151l-id\u0151re felmer\u00fcl a gondolat, hogy milyen j\u00f3 lenne egy\u00a0<strong>k\u00f6nnyen olvashat\u00f3, r\u00f6vid, \u00f6sszefoglal\u00f3<\/strong> anyag a lean szeml\u00e9let alapjair\u00f3l, amelyet oda lehet adni ismer\u0151seinknek, munkat\u00e1rsainknak \u00e9s csal\u00e1dtagjainknak \u2013 ak\u00e1r m\u00e9g a gyerekeinknek is. Ez a k\u00f6nyv t\u00f6k\u00e9letesen megfelel e c\u00e9lnak.<\/p>\n<p><em>\u201eK\u00f6telez\u0151 olvasm\u00e1nyokra nemcsak az iskol\u00e1ban lenne sz\u00fcks\u00e9g, hanem az \u00e9letben is. Ha volna ilyen, a lean szakma r\u00e9sz\u00e9r\u0151l ez a k\u00f6nyv lenne az: olyan alapvet\u0151 lean elveket tartalmaz, amelyek v\u00e1llalati k\u00f6rnyezetben \u2013 oper\u00e1torokt\u00f3l a fels\u0151 vezet\u0151kig \u2013 \u00e9pp \u00fagy alkalmazhat\u00f3k, mint a mag\u00e1n\u00e9letben. Teh\u00e1t mindenkinek k\u00f6telez\u0151en aj\u00e1nlott!\u201d<\/em><\/p>\n<p style=\"text-align: right;\"><strong>\u00a0 K\u00fati Csaba<\/strong><br \/>\nkereskedelmi vezet\u0151<br \/>\nTrilogiq Hung\u00e1ria Kft.<\/p>\n<h3><strong>Lean, a mindennapi kenyer\u00fcnk<br \/>\n<\/strong><\/h3>\n<p>A Lean, a mindennapi kenyer\u00fcnk c\u00edm\u0171 k\u00f6nyv <strong>bemutatja a barcelonai 365.cafe h\u00e1l\u00f3zatban v\u00e9grehajtott lean fejleszt\u00e9seket \u00e9s azok t\u00f6rt\u00e9net\u00e9t.<\/strong> Aj\u00e1nljuk mindazoknak, akik most ismerkednek a lean szeml\u00e9lettel, vagy egy k\u00f6nnyebb olvasm\u00e1ny seg\u00edts\u00e9g\u00e9vel szeretn\u00e9k alkalmazottaikat, ismer\u0151seiket bevonni a lean utaz\u00e1sba. Sikerek, kudarcok, bev\u00e1lt m\u00f3dszerek \u00e9s egy rend\u0151rs\u00e9gi razzia&#8230;<\/p>\n<p><em>\u201eAz els\u0151 n\u00e9h\u00e1ny \u00e9vben hihetetlen\u00fcl kem\u00e9nyen dolgoztunk, de ez nem bizonyult el\u00e9gnek. Egy rendszerre volt sz\u00fcks\u00e9g\u00fcnk a folyamataink ir\u00e1ny\u00edt\u00e1s\u00e1ra, mely lehet\u0151v\u00e9 teszi, hogy \u00e1tgondolt d\u00f6nt\u00e9seket hozzunk a k\u00f6vetkez\u0151 l\u00e9p\u00e9sekkel kapcsolatban. Ez a rendszer a lean szeml\u00e9let, amely az ut\u00f3bbi \u00e9vtizedben a munk\u00e1nk lelke lett, \u00e9s nagyszer\u0171 eredm\u00e9nyeket hozott. Teljesen \u00e1tform\u00e1lta a kult\u00far\u00e1nkat, megv\u00e1ltoztatta az \u00fczletmenetet, \u00e9s a n\u00f6veked\u00e9s motorj\u00e1v\u00e1 v\u00e1lt. Minden nap \u00faj ajt\u00f3t nyit meg: megmutatja, merre menj\u00fcnk, \u00e9s hogyan lehetn\u00e9nk egy kicsivel m\u00e9g jobbak.<\/em><em>\u201d<\/em><\/p>\n<p style=\"text-align: right;\"><strong>Juan Antonio Tena<\/strong><br \/>\n<em>365.<\/em>cafe<\/p>\n<h3><strong>A tisztelet ereje \u2013 Reg\u00e9ny a lean szeml\u00e9let\u0171 vezet\u00e9sr\u0151l<\/strong><\/h3>\n<p>A reg\u00e9ny meggy\u0151z\u0151en mutatja be, hogyan lehet egy v\u00e1llalkoz\u00e1st n\u00f6veked\u00e9si p\u00e1ly\u00e1ra \u00e1ll\u00edtani azzal, hogy az emberekre \u00f6sszpontos\u00edtunk. A t\u00f6rt\u00e9netben <strong>Andy Ward sensei Jane Delaney vez\u00e9rigazgat\u00f3t tan\u00edtja meg<\/strong> arra, <strong>hogyan vesse be<\/strong> tudatosan<strong> a lean vezet\u00e9si eszk\u00f6z\u00f6ket<\/strong> a szem\u00e9lyes kompetenci\u00e1i fejleszt\u00e9s\u00e9re, \u00e9s mik\u00e9nt \u00e9rje el, hogy v\u00e1llalata c\u00e9ltudatosan \u00e9s folyamatosan fejlessze a mindennapi munkav\u00e9gz\u00e9st.<\/p>\n<p><em>\u201eRengeteg vezet\u00e9sr\u0151l sz\u00f3l\u00f3 k\u00f6nyv \u00e9rhet\u0151 el napjainkban, melyek a sikeres vezet\u00e9shez sz\u00fcks\u00e9ges k\u00fcl\u00f6nb\u00f6z\u0151 kompetenci\u00e1k fejleszt\u00e9s\u00e9r\u0151l, a helyes vezet\u0151i magatart\u00e1s kialak\u00edt\u00e1s\u00e1r\u00f3l sz\u00f3lnak. Ugyanakkor alig-alig tal\u00e1lhat\u00f3 olyan m\u0171, amely arra helyezi a hangs\u00falyt, hogyan ismerj\u00fck meg \u2013 \u00e9s nem mellesleg vezess\u00fck is \u2013 azt, ami val\u00f3j\u00e1ban k\u00f6r\u00fcl\u00f6tt\u00fcnk zajlik. E reg\u00e9ny \u00e9pp ehhez ad egyfajta \u00fatmutat\u00e1st egyszer\u0171, \u00e9rthet\u0151, olvasm\u00e1nyos form\u00e1ban mind a vezet\u0151knek, mind a vezetetteknek.\u201d<\/em><\/p>\n<p style=\"text-align: right;\"><strong>Kelemen B\u00e9la<\/strong>,<br \/>\n\u00fcgyvezet\u0151 igazgat\u00f3<br \/>\nMOL Csoport<\/p>\n<h3 class=\"translation-block\">Gemba Walks<\/h3>\n<p>Az \u00edr\u00f3 <strong>Jim Womack<\/strong>, aki az elm\u00falt 30 \u00e9vben sz\u00e1mtalan v\u00e1llalatn\u00e1l j\u00e1rva kifejlesztette a gemba (munkav\u00e9gz\u00e9s helysz\u00edne) bej\u00e1r\u00e1s\u00e1nak \u00e9s az \u00e9rt\u00e9kteremt\u00e9sben egy\u00fcttm\u0171k\u00f6d\u0151 dolgoz\u00f3k r\u00e9szletes megfigyel\u00e9s\u00e9nek m\u00f3dszer\u00e9t. \u00a0A Gemba-s\u00e9t\u00e1k elk\u00e9sz\u00edt\u00e9se sor\u00e1n <strong>kiv\u00e1logatta a v\u00e1llalatl\u00e1togat\u00e1saib\u00f3l sz\u00e1rmaz\u00f3 legfontosabb gondolatait \u00e9s felfedez\u00e9seit.<\/strong> \u00datja joggal ny\u00fajt b\u00e1tors\u00e1got \u00e9s inspir\u00e1ci\u00f3t minden mai lean gyakorl\u00f3nak.<\/p>\n<p><em>\u201cV\u00e9gre egy olyan szakk\u00f6nyv, amely nemcsak egyes lean eszk\u00f6z\u00f6k alkalmaz\u00e1s\u00e1r\u00f3l, hanem a lean szeml\u00e9let \u00e1tfog\u00f3, gyakorlati alkalmaz\u00e1s\u00e1r\u00f3l, buktat\u00f3ir\u00f3l sz\u00f3l!\u201d<\/em><\/p>\n<p style=\"text-align: right;\"><strong>Tur\u00f3czi P\u00e9ter<\/strong><br \/>\nfolyamatmenedzsment vezet\u0151<br \/>\nAudi Hungaria Motor Kft.<\/p>\n<h3><strong>AJ\u00c1ND\u00c9K: LEI Thermo b\u00f6gre<\/strong><\/h3>\n<p><strong>450 ml-es rozsdamentes ac\u00e9l duplafal\u00fa b\u00f6gre<\/strong> m\u0171anyag bet\u00e9ttel, Lean Enterprise Institute Hungary log\u00f3val, feh\u00e9r dobozban.<\/p>","protected":false},"excerpt":{"rendered":"<p>V\u00e1s\u00e1rold meg kedvezm\u00e9nyes \u00e1ron a k\u00f6nnyed lean olvasm\u00e1nyok kateg\u00f3ria minden k\u00f6tet\u00e9t!<\/p>\n<p>A csomag tartalma: Elemi lean; Lean, a mindennapi kenyer\u00fcnk; A tisztelet ereje; Gemba-s\u00e9t\u00e1k; AJ\u00c1ND\u00c9K: LEI Thermo b\u00f6gre<\/p>","protected":false},"featured_media":72062,"template":"","meta":{"_eb_attr":""},"product_brand":[],"product_cat":[182,173,184],"product_tag":[],"class_list":{"0":"post-40711","1":"product","2":"type-product","3":"status-publish","4":"has-post-thumbnail","6":"product_cat-lean-konyvek-konnyed-olvasmanyok","7":"product_cat-lean-konyvesbolt","8":"product_cat-lean-konyvcsomag","9":"infinite-scroll-item","10":"no-featured-image-padding","11":"sales-flash-overlay","12":"woocommerce-text-align-left","13":"woocommerce-image-align-left","14":"do-quantity-buttons","16":"first","17":"instock","18":"taxable","19":"shipping-taxable","20":"purchasable","21":"product-type-variable"},"yoast_head":"<!-- This site is optimized with the Yoast SEO plugin v27.4 - https:\/\/yoast.com\/product\/yoast-seo-wordpress\/ -->\n<title>K\u00f6nnyed lean olvasm\u00e1nyok csomag - LEI<\/title>\n<meta name=\"description\" content=\"A ponyvareg\u00e9nyek mell\u00e9 olyan k\u00f6nyvet is vinn\u00e9l magaddal a nyaral\u00e1sra, amely nem csak sz\u00f3rakoztat\u00f3, de egyben hasznos tan\u00edt\u00e1sokat is tartalmaz?\" \/>\n<meta name=\"robots\" content=\"index, follow, max-snippet:-1, max-image-preview:large, max-video-preview:-1\" \/>\n<link rel=\"canonical\" href=\"https:\/\/lean.org.hu\/en\/lean-konyvesbolt\/nyaralas-csomag\/\" \/>\n<meta property=\"og:locale\" content=\"en_GB\" \/>\n<meta property=\"og:type\" content=\"article\" \/>\n<meta property=\"og:title\" content=\"Kell egy csapat \u2013 A sikeres egy\u00fcttm\u0171k\u00f6d\u00e9s 5 akad\u00e1lya\" \/>\n<meta property=\"og:description\" content=\"Egy j\u00f3 csapattal megszerezhetj\u00fck a vezet\u00e9st b\u00e1rmelyik ipar\u00e1gban, vagyis: Kell egy csapat! Egyszer\u0171nek t\u0171nhet, m\u00e9gis pokolian neh\u00e9z elkezdeni.\" \/>\n<meta property=\"og:url\" content=\"https:\/\/lean.org.hu\/en\/lean-konyvesbolt\/nyaralas-csomag\/\" \/>\n<meta property=\"og:site_name\" content=\"LEI\" \/>\n<meta property=\"article:publisher\" content=\"https:\/\/www.facebook.com\/LEI.Hungary\" \/>\n<meta property=\"article:modified_time\" content=\"2024-02-01T07:56:55+00:00\" \/>\n<meta property=\"og:image\" content=\"https:\/\/lean.org.hu\/wp-content\/uploads\/2019\/07\/boritokepek-1.png\" \/>\n\t<meta property=\"og:image:width\" content=\"425\" \/>\n\t<meta property=\"og:image:height\" content=\"600\" \/>\n\t<meta property=\"og:image:type\" content=\"image\/png\" \/>\n<meta name=\"twitter:card\" content=\"summary_large_image\" \/>\n<meta name=\"twitter:label1\" content=\"Estimated reading time\" \/>\n\t<meta name=\"twitter:data1\" content=\"3 minutes\" \/>\n<script type=\"application\/ld+json\" class=\"yoast-schema-graph\">{\"@context\":\"https:\\\/\\\/schema.org\",\"@graph\":[{\"@type\":\"WebPage\",\"@id\":\"https:\\\/\\\/lean.org.hu\\\/lean-konyvesbolt\\\/nyaralas-csomag\\\/\",\"url\":\"https:\\\/\\\/lean.org.hu\\\/lean-konyvesbolt\\\/nyaralas-csomag\\\/\",\"name\":\"K\u00f6nnyed lean olvasm\u00e1nyok csomag - LEI\",\"isPartOf\":{\"@id\":\"https:\\\/\\\/lean.org.hu\\\/#website\"},\"primaryImageOfPage\":{\"@id\":\"https:\\\/\\\/lean.org.hu\\\/lean-konyvesbolt\\\/nyaralas-csomag\\\/#primaryimage\"},\"image\":{\"@id\":\"https:\\\/\\\/lean.org.hu\\\/lean-konyvesbolt\\\/nyaralas-csomag\\\/#primaryimage\"},\"thumbnailUrl\":\"https:\\\/\\\/lean.org.hu\\\/wp-content\\\/uploads\\\/2019\\\/07\\\/boritokepek-1.png\",\"datePublished\":\"2019-07-08T13:37:40+00:00\",\"dateModified\":\"2024-02-01T07:56:55+00:00\",\"description\":\"A ponyvareg\u00e9nyek mell\u00e9 olyan k\u00f6nyvet is vinn\u00e9l magaddal a nyaral\u00e1sra, amely nem csak sz\u00f3rakoztat\u00f3, de egyben hasznos tan\u00edt\u00e1sokat is tartalmaz?\",\"breadcrumb\":{\"@id\":\"https:\\\/\\\/lean.org.hu\\\/lean-konyvesbolt\\\/nyaralas-csomag\\\/#breadcrumb\"},\"inLanguage\":\"en-GB\",\"potentialAction\":[{\"@type\":\"ReadAction\",\"target\":[\"https:\\\/\\\/lean.org.hu\\\/lean-konyvesbolt\\\/nyaralas-csomag\\\/\"]}]},{\"@type\":\"ImageObject\",\"inLanguage\":\"en-GB\",\"@id\":\"https:\\\/\\\/lean.org.hu\\\/lean-konyvesbolt\\\/nyaralas-csomag\\\/#primaryimage\",\"url\":\"https:\\\/\\\/lean.org.hu\\\/wp-content\\\/uploads\\\/2019\\\/07\\\/boritokepek-1.png\",\"contentUrl\":\"https:\\\/\\\/lean.org.hu\\\/wp-content\\\/uploads\\\/2019\\\/07\\\/boritokepek-1.png\",\"width\":425,\"height\":600,\"caption\":\"K\u00f6nnyed lean olvasm\u00e1nyok csomag\"},{\"@type\":\"BreadcrumbList\",\"@id\":\"https:\\\/\\\/lean.org.hu\\\/lean-konyvesbolt\\\/nyaralas-csomag\\\/#breadcrumb\",\"itemListElement\":[{\"@type\":\"ListItem\",\"position\":1,\"name\":\"Kezd\u0151lap\",\"item\":\"https:\\\/\\\/lean.org.hu\\\/\"},{\"@type\":\"ListItem\",\"position\":2,\"name\":\"Web\u00e1ruh\u00e1z oldal\",\"item\":\"http:\\\/\\\/lean.org.hu\\\/en\\\/webaruhaz-aloldal\\\/\"},{\"@type\":\"ListItem\",\"position\":3,\"name\":\"K\u00f6nnyed lean olvasm\u00e1nyok csomag\"}]},{\"@type\":\"WebSite\",\"@id\":\"https:\\\/\\\/lean.org.hu\\\/#website\",\"url\":\"https:\\\/\\\/lean.org.hu\\\/\",\"name\":\"LEI\",\"description\":\"\",\"publisher\":{\"@id\":\"https:\\\/\\\/lean.org.hu\\\/#organization\"},\"potentialAction\":[{\"@type\":\"SearchAction\",\"target\":{\"@type\":\"EntryPoint\",\"urlTemplate\":\"https:\\\/\\\/lean.org.hu\\\/?s={search_term_string}\"},\"query-input\":{\"@type\":\"PropertyValueSpecification\",\"valueRequired\":true,\"valueName\":\"search_term_string\"}}],\"inLanguage\":\"en-GB\"},{\"@type\":\"Organization\",\"@id\":\"https:\\\/\\\/lean.org.hu\\\/#organization\",\"name\":\"LEI\",\"url\":\"https:\\\/\\\/lean.org.hu\\\/\",\"logo\":{\"@type\":\"ImageObject\",\"inLanguage\":\"en-GB\",\"@id\":\"https:\\\/\\\/lean.org.hu\\\/#\\\/schema\\\/logo\\\/image\\\/\",\"url\":\"https:\\\/\\\/lean.org.hu\\\/wp-content\\\/uploads\\\/2020\\\/07\\\/cropped-lean_logo_final_color_horizontal.png\",\"contentUrl\":\"https:\\\/\\\/lean.org.hu\\\/wp-content\\\/uploads\\\/2020\\\/07\\\/cropped-lean_logo_final_color_horizontal.png\",\"width\":779,\"height\":288,\"caption\":\"LEI\"},\"image\":{\"@id\":\"https:\\\/\\\/lean.org.hu\\\/#\\\/schema\\\/logo\\\/image\\\/\"},\"sameAs\":[\"https:\\\/\\\/www.facebook.com\\\/LEI.Hungary\",\"https:\\\/\\\/www.linkedin.com\\\/company\\\/lean-enterprise-institute-hungary\"]}]}<\/script>\n<!-- \/ Yoast SEO plugin. -->","yoast_head_json":{"title":"K\u00f6nnyed lean olvasm\u00e1nyok csomag - LEI","description":"A ponyvareg\u00e9nyek mell\u00e9 olyan k\u00f6nyvet is vinn\u00e9l magaddal a nyaral\u00e1sra, amely nem csak sz\u00f3rakoztat\u00f3, de egyben hasznos tan\u00edt\u00e1sokat is tartalmaz?","robots":{"index":"index","follow":"follow","max-snippet":"max-snippet:-1","max-image-preview":"max-image-preview:large","max-video-preview":"max-video-preview:-1"},"canonical":"https:\/\/lean.org.hu\/en\/lean-konyvesbolt\/nyaralas-csomag\/","og_locale":"en_GB","og_type":"article","og_title":"Kell egy csapat \u2013 A sikeres egy\u00fcttm\u0171k\u00f6d\u00e9s 5 akad\u00e1lya","og_description":"Egy j\u00f3 csapattal megszerezhetj\u00fck a vezet\u00e9st b\u00e1rmelyik ipar\u00e1gban, vagyis: Kell egy csapat! Egyszer\u0171nek t\u0171nhet, m\u00e9gis pokolian neh\u00e9z elkezdeni.","og_url":"https:\/\/lean.org.hu\/en\/lean-konyvesbolt\/nyaralas-csomag\/","og_site_name":"LEI","article_publisher":"https:\/\/www.facebook.com\/LEI.Hungary","article_modified_time":"2024-02-01T07:56:55+00:00","og_image":[{"width":425,"height":600,"url":"https:\/\/lean.org.hu\/wp-content\/uploads\/2019\/07\/boritokepek-1.png","type":"image\/png"}],"twitter_card":"summary_large_image","twitter_misc":{"Estimated reading time":"3 minutes"},"schema":{"@context":"https:\/\/schema.org","@graph":[{"@type":"WebPage","@id":"https:\/\/lean.org.hu\/lean-konyvesbolt\/nyaralas-csomag\/","url":"https:\/\/lean.org.hu\/lean-konyvesbolt\/nyaralas-csomag\/","name":"K\u00f6nnyed lean olvasm\u00e1nyok csomag - LEI","isPartOf":{"@id":"https:\/\/lean.org.hu\/#website"},"primaryImageOfPage":{"@id":"https:\/\/lean.org.hu\/lean-konyvesbolt\/nyaralas-csomag\/#primaryimage"},"image":{"@id":"https:\/\/lean.org.hu\/lean-konyvesbolt\/nyaralas-csomag\/#primaryimage"},"thumbnailUrl":"https:\/\/lean.org.hu\/wp-content\/uploads\/2019\/07\/boritokepek-1.png","datePublished":"2019-07-08T13:37:40+00:00","dateModified":"2024-02-01T07:56:55+00:00","description":"A ponyvareg\u00e9nyek mell\u00e9 olyan k\u00f6nyvet is vinn\u00e9l magaddal a nyaral\u00e1sra, amely nem csak sz\u00f3rakoztat\u00f3, de egyben hasznos tan\u00edt\u00e1sokat is tartalmaz?","breadcrumb":{"@id":"https:\/\/lean.org.hu\/lean-konyvesbolt\/nyaralas-csomag\/#breadcrumb"},"inLanguage":"en-GB","potentialAction":[{"@type":"ReadAction","target":["https:\/\/lean.org.hu\/lean-konyvesbolt\/nyaralas-csomag\/"]}]},{"@type":"ImageObject","inLanguage":"en-GB","@id":"https:\/\/lean.org.hu\/lean-konyvesbolt\/nyaralas-csomag\/#primaryimage","url":"https:\/\/lean.org.hu\/wp-content\/uploads\/2019\/07\/boritokepek-1.png","contentUrl":"https:\/\/lean.org.hu\/wp-content\/uploads\/2019\/07\/boritokepek-1.png","width":425,"height":600,"caption":"K\u00f6nnyed lean olvasm\u00e1nyok csomag"},{"@type":"BreadcrumbList","@id":"https:\/\/lean.org.hu\/lean-konyvesbolt\/nyaralas-csomag\/#breadcrumb","itemListElement":[{"@type":"ListItem","position":1,"name":"Kezd\u0151lap","item":"https:\/\/lean.org.hu\/"},{"@type":"ListItem","position":2,"name":"Web\u00e1ruh\u00e1z oldal","item":"http:\/\/lean.org.hu\/en\/webaruhaz-aloldal\/"},{"@type":"ListItem","position":3,"name":"K\u00f6nnyed lean olvasm\u00e1nyok csomag"}]},{"@type":"WebSite","@id":"https:\/\/lean.org.hu\/#website","url":"https:\/\/lean.org.hu\/","name":"LEI","description":"","publisher":{"@id":"https:\/\/lean.org.hu\/#organization"},"potentialAction":[{"@type":"SearchAction","target":{"@type":"EntryPoint","urlTemplate":"https:\/\/lean.org.hu\/?s={search_term_string}"},"query-input":{"@type":"PropertyValueSpecification","valueRequired":true,"valueName":"search_term_string"}}],"inLanguage":"en-GB"},{"@type":"Organization","@id":"https:\/\/lean.org.hu\/#organization","name":"LEI","url":"https:\/\/lean.org.hu\/","logo":{"@type":"ImageObject","inLanguage":"en-GB","@id":"https:\/\/lean.org.hu\/#\/schema\/logo\/image\/","url":"https:\/\/lean.org.hu\/wp-content\/uploads\/2020\/07\/cropped-lean_logo_final_color_horizontal.png","contentUrl":"https:\/\/lean.org.hu\/wp-content\/uploads\/2020\/07\/cropped-lean_logo_final_color_horizontal.png","width":779,"height":288,"caption":"LEI"},"image":{"@id":"https:\/\/lean.org.hu\/#\/schema\/logo\/image\/"},"sameAs":["https:\/\/www.facebook.com\/LEI.Hungary","https:\/\/www.linkedin.com\/company\/lean-enterprise-institute-hungary"]}]}},"_links":{"self":[{"href":"https:\/\/lean.org.hu\/en\/wp-json\/wp\/v2\/product\/40711","targetHints":{"allow":["GET"]}}],"collection":[{"href":"https:\/\/lean.org.hu\/en\/wp-json\/wp\/v2\/product"}],"about":[{"href":"https:\/\/lean.org.hu\/en\/wp-json\/wp\/v2\/types\/product"}],"wp:featuredmedia":[{"embeddable":true,"href":"https:\/\/lean.org.hu\/en\/wp-json\/wp\/v2\/media\/72062"}],"wp:attachment":[{"href":"https:\/\/lean.org.hu\/en\/wp-json\/wp\/v2\/media?parent=40711"}],"wp:term":[{"taxonomy":"product_brand","embeddable":true,"href":"https:\/\/lean.org.hu\/en\/wp-json\/wp\/v2\/product_brand?post=40711"},{"taxonomy":"product_cat","embeddable":true,"href":"https:\/\/lean.org.hu\/en\/wp-json\/wp\/v2\/product_cat?post=40711"},{"taxonomy":"product_tag","embeddable":true,"href":"https:\/\/lean.org.hu\/en\/wp-json\/wp\/v2\/product_tag?post=40711"}],"curies":[{"name":"wp","href":"https:\/\/api.w.org\/{rel}","templated":true}]}}