{"id":40702,"date":"2019-07-08T15:09:17","date_gmt":"2019-07-08T13:09:17","guid":{"rendered":"https:\/\/lean.org.hu\/?post_type=product&#038;p=40702"},"modified":"2025-07-24T13:25:05","modified_gmt":"2025-07-24T11:25:05","slug":"problemamegoldas-felsofokon","status":"publish","type":"product","link":"https:\/\/lean.org.hu\/en\/lean-konyvesbolt\/problemamegoldas-felsofokon\/","title":{"rendered":"Probl\u00e9mamegold\u00e1s fels\u0151fokon"},"content":{"rendered":"<h3><strong>A csomag tartalma:\u00a0<\/strong><\/h3>\n<ul>\n<li>A menedzsment munk\u00e1ja<\/li>\n<li>Vezesd a tanul\u00e1st<\/li>\n<li>Four Types of Problems<\/li>\n<li>AJ\u00c1ND\u00c9K: Lean Transzform\u00e1ci\u00f3s Keretrendszer fel\u00edr\u00f3t\u00e1bla<\/li>\n<\/ul>\n<h3><strong>A menedzsment munk\u00e1ja<\/strong><\/h3>\n<p>A k\u00f6nyv \u0151szint\u00e9n mutatja be, hogy a Lantech vez\u00e9rigazgat\u00f3ja hogyan \u00e9li meg az egy\u00e9bk\u00e9nt mindenkinek k\u00fczdelmet jelent\u0151 kih\u00edv\u00e1sokat, a napi menedzsmentrendszert\u0151l kezdve a fenntarthat\u00f3s\u00e1gon \u00e1t eg\u00e9szen a vezet\u0151k megnyer\u00e9s\u00e9ig.<\/p>\n<p><em>\u201eA k\u00f6nyv r\u00e1mutatott, mi volt a hi\u00e1nyz\u00f3 l\u00e1ncszem a vezet\u0151i rendszer\u00fcnkben, amelyt\u0151l az \u00fcgyf\u00e9l-el\u00e9gedetts\u00e9g n\u0151ni kezdett, a folyamatok javultak, a hib\u00e1k cs\u00f6kkentek, \u00e9s az alkalmazottak lojalit\u00e1sa is emelkedett. R\u00e1vezeti az olvas\u00f3t arra is, hogyan kell l\u00e9trehozni val\u00f3s idej\u0171 d\u00f6nt\u00e9shozatalt, azaz hogyan \u00e9rdemes sz\u00e1mon k\u00e9rni a h\u00e9tk\u00f6znapi probl\u00e9mamegold\u00e1sokat, ami egy\u00e9bk\u00e9nt az innov\u00e1ci\u00f3 motorja. Vil\u00e1gosan le\u00edrja azt is, hogy napi szinten mire van sz\u00fcks\u00e9ge egy vezet\u0151nek \u2013 ak\u00e1r frontvonalbeli menedzserr\u0151l, ak\u00e1r fels\u0151 vezet\u0151r\u0151l van sz\u00f3 \u2013 ahhoz, hogy megtal\u00e1lja azt a rendk\u00edv\u00fcl keskeny, k\u00e9nyes utat a mikromenedzsment \u00e9s a ter\u00fclett\u0151l val\u00f3 t\u00fals\u00e1gos elt\u00e1volod\u00e1s k\u00f6z\u00f6tt, ahol az igazi csod\u00e1k megt\u00f6rt\u00e9nnek.\u201d<\/em><\/p>\n<p style=\"text-align: right;\"><strong>Kovach Anton<\/strong><br \/>\nvez\u00e9rigazgat\u00f3<br \/>\nShiwaForce.com<\/p>\n<h3><strong>Vezesd a tanul\u00e1st<\/strong><\/h3>\n<p><strong>Probl\u00e9mamegold\u00e1s, egyet\u00e9rt\u00e9s, mentor\u00e1l\u00e1s \u00e9s vezet\u00e9s az A3-menedzsmentfolyamat seg\u00edts\u00e9g\u00e9vel. <\/strong><\/p>\n<p>A\u00a0<em>Vezesd a tanul\u00e1st<\/em>\u00a0c\u00edm\u0171 k\u00f6nyv egy menedzser, Ken Sanderson \u00e9s a beosztottja, Desi Porter t\u00f6rt\u00e9net\u00e9t mondja el, amelynek sor\u00e1n megmutatkozik az <strong>A3<\/strong> eg\u00e9sz komplexit\u00e1sa: a <strong>tanul\u00e1s<\/strong> \u00e9s <strong>tan\u00edt\u00e1s<\/strong>, a <strong>munkav\u00e9gz\u00e9s<\/strong> \u00e9s <strong>vezet\u00e9s<\/strong> <strong>eszk\u00f6zek\u00e9nt<\/strong> rajzol\u00f3dik ki el\u0151tt\u00fcnk. A t\u00f6rt\u00e9netb\u0151l megismerhetj\u00fck az A3 alkalmaz\u00e1s\u00e1t <strong>menedzsmentfolyamatk\u00e9nt<\/strong>.<\/p>\n<p><em>\u201eMin\u0151s\u00e9gi Kiv\u00e1l\u00f3s\u00e1g programunk r\u00e9szek\u00e9nt az A3-menedzsmentet v\u00e1lasztottuk, hogy megalapozzuk a folyamatos fejleszt\u00e9s kult\u00far\u00e1j\u00e1t \u00e9s v\u00e1llalatunkat elind\u00edtsuk a v\u00e9get nem \u00e9r\u0151 tanul\u00e1s, t\u00f6k\u00e9letes\u00edt\u00e9s \u00fatj\u00e1n. Az eredm\u00e9nyek maguk\u00e9rt besz\u00e9lnek, ez siker\u00fcnk egyik legfontosabb z\u00e1loga, ez a legf\u0151bb eszk\u00f6ze annak, hogy Kiv\u00e1l\u00f3s\u00e1gi K\u00f6zpontt\u00e1 v\u00e1ljunk.\u201d<\/em><\/p>\n<p style=\"text-align: right;\"><strong>\u00a0<\/strong><strong>Vill\u00e1nyi P\u00e9ter<\/strong><br \/>\n\u00fcgyvezet\u0151 igazgat\u00f3<br \/>\nAvis Budget Group BSC Kft.<\/p>\n<h3><strong>Four Types of Problems<\/strong><\/h3>\n<p><strong>A legt\u00f6bb c\u00e9gvezet\u0151 \u00e9s csapat automatikusan az ismer\u0151s \u00e9s standard probl\u00e9mamegold\u00f3 m\u00f3dszerekhez ny\u00fal,<\/strong> amikor b\u00e1rmilyen gonddal szembes\u00fcl, de ezzel felesleges neh\u00e9zs\u00e9geket, frusztr\u00e1ci\u00f3t, cs\u00fasz\u00e1sokat \u00e9s hat\u00e9konys\u00e1g-cs\u00f6kken\u00e9st okoznak a probl\u00e9ma megold\u00e1sa sor\u00e1n \u2013 m\u00e1r amennyiben a probl\u00e9ma egy\u00e1ltal\u00e1n megold\u00f3dik! M\u00e1sk\u00e9pp fogalmazva: <strong>\u00fajra \u00e9s \u00fajra a r\u00e9gi kalap\u00e1cshoz ny\u00falnak<\/strong>, <strong>mintha<\/strong> <strong>mindegyik \u00fczleti probl\u00e9ma ugyanaz a sz\u00f6g volna.<\/strong> <strong>A\u00a0<em>Four Types of Problems<\/em><\/strong>\u00a0c\u00edm\u0171 k\u00f6nyvben a szerz\u0151, Art Smalley, a folyamatos fejleszt\u00e9s szak\u00e9rt\u0151je, <strong>megmutatja<\/strong>, <strong>hogyan t\u00f6rhet\u00fcnk ki<\/strong> ebb\u0151l a csapd\u00e1b\u00f3l.<\/p>\n<p>&nbsp;<\/p>\n<p>&nbsp;<\/p>\n<h3><strong>AJ\u00c1ND\u00c9K: Lean Transzform\u00e1ci\u00f3s Keretrendszer fel\u00edr\u00f3t\u00e1bla<\/strong><\/h3>\n<p>Terjedelem:\u00a0<strong>A4-es m\u00e9ret\u0171<\/strong>\u00a0fel\u00edr\u00f3t\u00e1bla<\/p>\n<p>A fel\u00edr\u00f3t\u00e1bla \u00f6sszefoglalja a\u00a0<strong>Lean Transzform\u00e1ci\u00f3s Keretrendszer \u00f6t dimenzi\u00f3j\u00e1t<\/strong>.<\/p>\n<p>Minden lean \u00e1talakul\u00e1s egyedi, minden transzform\u00e1ci\u00f3s \u00fat egyed\u00fcl\u00e1ll\u00f3. A\u00a0<strong>keretrendszer<\/strong>\u00a0c\u00e9lja, hogy\u00a0<strong>v\u00e9gigvezessen a teljes folyamaton<\/strong>, az \u00e9ppen\u00a0<strong>sz\u00fcks\u00e9ges k\u00e9rd\u00e9seket t\u00e9ve fel<\/strong>, amelyeket \u00e1t kell gondolni \u00e9s v\u00e1laszt adni r\u00e1juk a tov\u00e1bbl\u00e9p\u00e9shez.<\/p>","protected":false},"excerpt":{"rendered":"<p>V\u00e1s\u00e1rold meg kedvezm\u00e9nyes \u00e1ron a probl\u00e9mamegold\u00e1s fels\u0151fokon kateg\u00f3ria minden k\u00f6tet\u00e9t!<\/p>\n<p>A csomag tartalma: A menedzsment munk\u00e1ja; Vezesd a tanul\u00e1st; Lean probl\u00e9mamegold\u00f3k k\u00e9zik\u00f6nyve; AJ\u00c1ND\u00c9K: Lean Transzform\u00e1ci\u00f3s Keretrendszer fel\u00edr\u00f3t\u00e1bla<\/p>","protected":false},"featured_media":149416,"template":"","meta":{"_eb_attr":""},"product_brand":[],"product_cat":[173,184,177],"product_tag":[],"class_list":{"0":"post-40702","1":"product","2":"type-product","3":"status-publish","4":"has-post-thumbnail","6":"product_cat-lean-konyvesbolt","7":"product_cat-lean-konyvcsomag","8":"product_cat-lean-konyvek-problemamegoldas","9":"infinite-scroll-item","10":"no-featured-image-padding","11":"sales-flash-overlay","12":"woocommerce-text-align-left","13":"woocommerce-image-align-left","14":"do-quantity-buttons","16":"first","17":"instock","18":"taxable","19":"shipping-taxable","20":"purchasable","21":"product-type-variable"},"yoast_head":"<!-- This site is optimized with the Yoast SEO plugin v27.5 - https:\/\/yoast.com\/product\/yoast-seo-wordpress\/ -->\n<title>Probl\u00e9mamegold\u00e1s fels\u0151fokon - LEI<\/title>\n<meta name=\"description\" content=\"Vess v\u00e9get a folyamatos t\u0171zolt\u00e1snak! Gyakorlatban alkalmazhat\u00f3 probl\u00e9mamegold\u00f3 m\u00f3dszerek, amelyeket m\u00e1r holnap bevethetsz.\" \/>\n<meta name=\"robots\" content=\"index, follow, max-snippet:-1, max-image-preview:large, max-video-preview:-1\" \/>\n<link rel=\"canonical\" href=\"https:\/\/lean.org.hu\/en\/lean-konyvesbolt\/problemamegoldas-felsofokon\/\" \/>\n<meta property=\"og:locale\" content=\"en_GB\" \/>\n<meta property=\"og:type\" content=\"article\" \/>\n<meta property=\"og:title\" content=\"Kell egy csapat \u2013 A sikeres egy\u00fcttm\u0171k\u00f6d\u00e9s 5 akad\u00e1lya\" \/>\n<meta property=\"og:description\" content=\"Egy j\u00f3 csapattal megszerezhetj\u00fck a vezet\u00e9st b\u00e1rmelyik ipar\u00e1gban, vagyis: Kell egy csapat! Egyszer\u0171nek t\u0171nhet, m\u00e9gis pokolian neh\u00e9z elkezdeni.\" \/>\n<meta property=\"og:url\" content=\"https:\/\/lean.org.hu\/en\/lean-konyvesbolt\/problemamegoldas-felsofokon\/\" \/>\n<meta property=\"og:site_name\" content=\"LEI\" \/>\n<meta property=\"article:publisher\" content=\"https:\/\/www.facebook.com\/LEI.Hungary\" \/>\n<meta property=\"article:modified_time\" content=\"2025-07-24T11:25:05+00:00\" \/>\n<meta property=\"og:image\" content=\"https:\/\/lean.org.hu\/wp-content\/uploads\/2019\/07\/problemamegoldokcsomagv2.png\" \/>\n\t<meta property=\"og:image:width\" content=\"425\" \/>\n\t<meta property=\"og:image:height\" content=\"600\" \/>\n\t<meta property=\"og:image:type\" content=\"image\/png\" \/>\n<meta name=\"twitter:card\" content=\"summary_large_image\" \/>\n<meta name=\"twitter:label1\" content=\"Estimated reading time\" \/>\n\t<meta name=\"twitter:data1\" content=\"3 minutes\" \/>\n<script type=\"application\/ld+json\" class=\"yoast-schema-graph\">{\"@context\":\"https:\\\/\\\/schema.org\",\"@graph\":[{\"@type\":\"WebPage\",\"@id\":\"https:\\\/\\\/lean.org.hu\\\/lean-konyvesbolt\\\/problemamegoldas-felsofokon\\\/\",\"url\":\"https:\\\/\\\/lean.org.hu\\\/lean-konyvesbolt\\\/problemamegoldas-felsofokon\\\/\",\"name\":\"Probl\u00e9mamegold\u00e1s fels\u0151fokon - LEI\",\"isPartOf\":{\"@id\":\"https:\\\/\\\/lean.org.hu\\\/#website\"},\"primaryImageOfPage\":{\"@id\":\"https:\\\/\\\/lean.org.hu\\\/lean-konyvesbolt\\\/problemamegoldas-felsofokon\\\/#primaryimage\"},\"image\":{\"@id\":\"https:\\\/\\\/lean.org.hu\\\/lean-konyvesbolt\\\/problemamegoldas-felsofokon\\\/#primaryimage\"},\"thumbnailUrl\":\"https:\\\/\\\/lean.org.hu\\\/wp-content\\\/uploads\\\/2019\\\/07\\\/problemamegoldokcsomagv2.png\",\"datePublished\":\"2019-07-08T13:09:17+00:00\",\"dateModified\":\"2025-07-24T11:25:05+00:00\",\"description\":\"Vess v\u00e9get a folyamatos t\u0171zolt\u00e1snak! Gyakorlatban alkalmazhat\u00f3 probl\u00e9mamegold\u00f3 m\u00f3dszerek, amelyeket m\u00e1r holnap bevethetsz.\",\"breadcrumb\":{\"@id\":\"https:\\\/\\\/lean.org.hu\\\/lean-konyvesbolt\\\/problemamegoldas-felsofokon\\\/#breadcrumb\"},\"inLanguage\":\"en-GB\",\"potentialAction\":[{\"@type\":\"ReadAction\",\"target\":[\"https:\\\/\\\/lean.org.hu\\\/lean-konyvesbolt\\\/problemamegoldas-felsofokon\\\/\"]}]},{\"@type\":\"ImageObject\",\"inLanguage\":\"en-GB\",\"@id\":\"https:\\\/\\\/lean.org.hu\\\/lean-konyvesbolt\\\/problemamegoldas-felsofokon\\\/#primaryimage\",\"url\":\"https:\\\/\\\/lean.org.hu\\\/wp-content\\\/uploads\\\/2019\\\/07\\\/problemamegoldokcsomagv2.png\",\"contentUrl\":\"https:\\\/\\\/lean.org.hu\\\/wp-content\\\/uploads\\\/2019\\\/07\\\/problemamegoldokcsomagv2.png\",\"width\":425,\"height\":600},{\"@type\":\"BreadcrumbList\",\"@id\":\"https:\\\/\\\/lean.org.hu\\\/lean-konyvesbolt\\\/problemamegoldas-felsofokon\\\/#breadcrumb\",\"itemListElement\":[{\"@type\":\"ListItem\",\"position\":1,\"name\":\"Kezd\u0151lap\",\"item\":\"https:\\\/\\\/lean.org.hu\\\/\"},{\"@type\":\"ListItem\",\"position\":2,\"name\":\"Web\u00e1ruh\u00e1z oldal\",\"item\":\"http:\\\/\\\/lean.org.hu\\\/en\\\/webaruhaz-aloldal\\\/\"},{\"@type\":\"ListItem\",\"position\":3,\"name\":\"Probl\u00e9mamegold\u00e1s fels\u0151fokon\"}]},{\"@type\":\"WebSite\",\"@id\":\"https:\\\/\\\/lean.org.hu\\\/#website\",\"url\":\"https:\\\/\\\/lean.org.hu\\\/\",\"name\":\"LEI\",\"description\":\"\",\"publisher\":{\"@id\":\"https:\\\/\\\/lean.org.hu\\\/#organization\"},\"potentialAction\":[{\"@type\":\"SearchAction\",\"target\":{\"@type\":\"EntryPoint\",\"urlTemplate\":\"https:\\\/\\\/lean.org.hu\\\/?s={search_term_string}\"},\"query-input\":{\"@type\":\"PropertyValueSpecification\",\"valueRequired\":true,\"valueName\":\"search_term_string\"}}],\"inLanguage\":\"en-GB\"},{\"@type\":\"Organization\",\"@id\":\"https:\\\/\\\/lean.org.hu\\\/#organization\",\"name\":\"LEI\",\"url\":\"https:\\\/\\\/lean.org.hu\\\/\",\"logo\":{\"@type\":\"ImageObject\",\"inLanguage\":\"en-GB\",\"@id\":\"https:\\\/\\\/lean.org.hu\\\/#\\\/schema\\\/logo\\\/image\\\/\",\"url\":\"https:\\\/\\\/lean.org.hu\\\/wp-content\\\/uploads\\\/2020\\\/07\\\/cropped-lean_logo_final_color_horizontal.png\",\"contentUrl\":\"https:\\\/\\\/lean.org.hu\\\/wp-content\\\/uploads\\\/2020\\\/07\\\/cropped-lean_logo_final_color_horizontal.png\",\"width\":779,\"height\":288,\"caption\":\"LEI\"},\"image\":{\"@id\":\"https:\\\/\\\/lean.org.hu\\\/#\\\/schema\\\/logo\\\/image\\\/\"},\"sameAs\":[\"https:\\\/\\\/www.facebook.com\\\/LEI.Hungary\",\"https:\\\/\\\/www.linkedin.com\\\/company\\\/lean-enterprise-institute-hungary\"]}]}<\/script>\n<!-- \/ Yoast SEO plugin. -->","yoast_head_json":{"title":"Probl\u00e9mamegold\u00e1s fels\u0151fokon - LEI","description":"Vess v\u00e9get a folyamatos t\u0171zolt\u00e1snak! Gyakorlatban alkalmazhat\u00f3 probl\u00e9mamegold\u00f3 m\u00f3dszerek, amelyeket m\u00e1r holnap bevethetsz.","robots":{"index":"index","follow":"follow","max-snippet":"max-snippet:-1","max-image-preview":"max-image-preview:large","max-video-preview":"max-video-preview:-1"},"canonical":"https:\/\/lean.org.hu\/en\/lean-konyvesbolt\/problemamegoldas-felsofokon\/","og_locale":"en_GB","og_type":"article","og_title":"Kell egy csapat \u2013 A sikeres egy\u00fcttm\u0171k\u00f6d\u00e9s 5 akad\u00e1lya","og_description":"Egy j\u00f3 csapattal megszerezhetj\u00fck a vezet\u00e9st b\u00e1rmelyik ipar\u00e1gban, vagyis: Kell egy csapat! Egyszer\u0171nek t\u0171nhet, m\u00e9gis pokolian neh\u00e9z elkezdeni.","og_url":"https:\/\/lean.org.hu\/en\/lean-konyvesbolt\/problemamegoldas-felsofokon\/","og_site_name":"LEI","article_publisher":"https:\/\/www.facebook.com\/LEI.Hungary","article_modified_time":"2025-07-24T11:25:05+00:00","og_image":[{"width":425,"height":600,"url":"https:\/\/lean.org.hu\/wp-content\/uploads\/2019\/07\/problemamegoldokcsomagv2.png","type":"image\/png"}],"twitter_card":"summary_large_image","twitter_misc":{"Estimated reading time":"3 minutes"},"schema":{"@context":"https:\/\/schema.org","@graph":[{"@type":"WebPage","@id":"https:\/\/lean.org.hu\/lean-konyvesbolt\/problemamegoldas-felsofokon\/","url":"https:\/\/lean.org.hu\/lean-konyvesbolt\/problemamegoldas-felsofokon\/","name":"Probl\u00e9mamegold\u00e1s fels\u0151fokon - LEI","isPartOf":{"@id":"https:\/\/lean.org.hu\/#website"},"primaryImageOfPage":{"@id":"https:\/\/lean.org.hu\/lean-konyvesbolt\/problemamegoldas-felsofokon\/#primaryimage"},"image":{"@id":"https:\/\/lean.org.hu\/lean-konyvesbolt\/problemamegoldas-felsofokon\/#primaryimage"},"thumbnailUrl":"https:\/\/lean.org.hu\/wp-content\/uploads\/2019\/07\/problemamegoldokcsomagv2.png","datePublished":"2019-07-08T13:09:17+00:00","dateModified":"2025-07-24T11:25:05+00:00","description":"Vess v\u00e9get a folyamatos t\u0171zolt\u00e1snak! Gyakorlatban alkalmazhat\u00f3 probl\u00e9mamegold\u00f3 m\u00f3dszerek, amelyeket m\u00e1r holnap bevethetsz.","breadcrumb":{"@id":"https:\/\/lean.org.hu\/lean-konyvesbolt\/problemamegoldas-felsofokon\/#breadcrumb"},"inLanguage":"en-GB","potentialAction":[{"@type":"ReadAction","target":["https:\/\/lean.org.hu\/lean-konyvesbolt\/problemamegoldas-felsofokon\/"]}]},{"@type":"ImageObject","inLanguage":"en-GB","@id":"https:\/\/lean.org.hu\/lean-konyvesbolt\/problemamegoldas-felsofokon\/#primaryimage","url":"https:\/\/lean.org.hu\/wp-content\/uploads\/2019\/07\/problemamegoldokcsomagv2.png","contentUrl":"https:\/\/lean.org.hu\/wp-content\/uploads\/2019\/07\/problemamegoldokcsomagv2.png","width":425,"height":600},{"@type":"BreadcrumbList","@id":"https:\/\/lean.org.hu\/lean-konyvesbolt\/problemamegoldas-felsofokon\/#breadcrumb","itemListElement":[{"@type":"ListItem","position":1,"name":"Kezd\u0151lap","item":"https:\/\/lean.org.hu\/"},{"@type":"ListItem","position":2,"name":"Web\u00e1ruh\u00e1z oldal","item":"http:\/\/lean.org.hu\/en\/webaruhaz-aloldal\/"},{"@type":"ListItem","position":3,"name":"Probl\u00e9mamegold\u00e1s fels\u0151fokon"}]},{"@type":"WebSite","@id":"https:\/\/lean.org.hu\/#website","url":"https:\/\/lean.org.hu\/","name":"LEI","description":"","publisher":{"@id":"https:\/\/lean.org.hu\/#organization"},"potentialAction":[{"@type":"SearchAction","target":{"@type":"EntryPoint","urlTemplate":"https:\/\/lean.org.hu\/?s={search_term_string}"},"query-input":{"@type":"PropertyValueSpecification","valueRequired":true,"valueName":"search_term_string"}}],"inLanguage":"en-GB"},{"@type":"Organization","@id":"https:\/\/lean.org.hu\/#organization","name":"LEI","url":"https:\/\/lean.org.hu\/","logo":{"@type":"ImageObject","inLanguage":"en-GB","@id":"https:\/\/lean.org.hu\/#\/schema\/logo\/image\/","url":"https:\/\/lean.org.hu\/wp-content\/uploads\/2020\/07\/cropped-lean_logo_final_color_horizontal.png","contentUrl":"https:\/\/lean.org.hu\/wp-content\/uploads\/2020\/07\/cropped-lean_logo_final_color_horizontal.png","width":779,"height":288,"caption":"LEI"},"image":{"@id":"https:\/\/lean.org.hu\/#\/schema\/logo\/image\/"},"sameAs":["https:\/\/www.facebook.com\/LEI.Hungary","https:\/\/www.linkedin.com\/company\/lean-enterprise-institute-hungary"]}]}},"_links":{"self":[{"href":"https:\/\/lean.org.hu\/en\/wp-json\/wp\/v2\/product\/40702","targetHints":{"allow":["GET"]}}],"collection":[{"href":"https:\/\/lean.org.hu\/en\/wp-json\/wp\/v2\/product"}],"about":[{"href":"https:\/\/lean.org.hu\/en\/wp-json\/wp\/v2\/types\/product"}],"wp:featuredmedia":[{"embeddable":true,"href":"https:\/\/lean.org.hu\/en\/wp-json\/wp\/v2\/media\/149416"}],"wp:attachment":[{"href":"https:\/\/lean.org.hu\/en\/wp-json\/wp\/v2\/media?parent=40702"}],"wp:term":[{"taxonomy":"product_brand","embeddable":true,"href":"https:\/\/lean.org.hu\/en\/wp-json\/wp\/v2\/product_brand?post=40702"},{"taxonomy":"product_cat","embeddable":true,"href":"https:\/\/lean.org.hu\/en\/wp-json\/wp\/v2\/product_cat?post=40702"},{"taxonomy":"product_tag","embeddable":true,"href":"https:\/\/lean.org.hu\/en\/wp-json\/wp\/v2\/product_tag?post=40702"}],"curies":[{"name":"wp","href":"https:\/\/api.w.org\/{rel}","templated":true}]}}