{"id":3543,"date":"2020-11-04T12:06:58","date_gmt":"2020-11-04T10:06:58","guid":{"rendered":"https:\/\/lean.org.hu\/?post_type=product&#038;p=3543"},"modified":"2021-09-29T11:57:25","modified_gmt":"2021-09-29T09:57:25","slug":"5-iranyelv-az-egeszsegugy-atalakitasahoz","status":"publish","type":"product","link":"https:\/\/lean.org.hu\/en\/lean-konyvesbolt\/5-iranyelv-az-egeszseg%C3%BCgy-atalakitasahoz-ingyenesen-letoltheto\/","title":{"rendered":"5 ir\u00e1nyelv az eg\u00e9szs\u00e9g\u00fcgy \u00e1talak\u00edt\u00e1s\u00e1hoz &#8211; Ingyenesen let\u00f6lthet\u0151!"},"content":{"rendered":"<p><strong>5 ir\u00e1nyelv az eg\u00e9szs\u00e9g\u00fcgy \u00e1talak\u00edt\u00e1s\u00e1hoz (Ingyenesen let\u00f6lthet\u0151!)<\/strong><\/p>\n<p>Terjedelem: 15 oldal<br \/>\nSzerz\u0151k: <i>F. Battaglia, D. Bennett, V. Boltrukevich, O. Cuatrecasas, C. Fontcuberta, A. Lee, C. F. Pinto, R. Priolo, J. Shook.<br \/>\n<\/i>Ford\u00edtotta:<i> Balogh Gy\u00f6rgy, lean coach Lean Enterprise Institute Hungary<\/i><\/p>\n<p>Az elm\u00falt 5 \u00e9vben a\u00a0Nemzetk\u00f6zi Lean Eg\u00e9szs\u00e9g\u00fcgyi Kezdem\u00e9nyez\u00e9s (Global Lean Healthcare Initiative) \u00e1tfog\u00f3 kutat\u00e1st v\u00e9gzett \u00f6t orsz\u00e1g nyolc k\u00f3rh\u00e1z\u00e1nak bevon\u00e1s\u00e1val. A lean transzform\u00e1ci\u00f3 folyamat\u00e1t figyelt\u00e9k meg \u00e9s \u00edrt\u00e1k le a LEI Lean Transformation Framework seg\u00edts\u00e9g\u00e9vel \u00e9s olyan ir\u00e1nyelveket hat\u00e1roztak meg, amelyek vil\u00e1gszerte seg\u00edthetnek felgyors\u00edtani az eg\u00e9szs\u00e9g\u00fcgyi int\u00e9zm\u00e9nyek sikeres \u00e1talakul\u00e1s\u00e1t.<\/p>\n<p>Az \u201e\u00d6t ir\u00e1nyelv az eg\u00e9szs\u00e9g\u00fcgy \u00e1talak\u00edt\u00e1s\u00e1hoz\u201d c\u00edm\u0171 tanulm\u00e1ny ingyenesen let\u00f6lthet\u0151.<\/p>\n<p style=\"text-align: center;\"><a class=\"wp-block-button__link\" style=\"border-radius: 5px;\" href=\"https:\/\/drive.google.com\/file\/d\/1EU2Hk2QEhT6Ea9uB4hYcIq79w9kN-fxp\/view?usp=sharing\" target=\"_blank\" rel=\"noreferrer noopener\">A let\u00f6lt\u00e9shez kattints ide!<\/a><\/p>","protected":false},"excerpt":{"rendered":"<p><em>&#8222;Az 5 ir\u00e1nyelv az eg\u00e9szs\u00e9g\u00fcgy \u00e1talak\u00edt\u00e1s\u00e1hoz a Nemzetk\u00f6zi Lean Eg\u00e9szs\u00e9g\u00fcgyi Kezdem\u00e9nyez\u00e9s \u00e1tfog\u00f3 kutat\u00e1sa, mely 5 orsz\u00e1g, 8 k\u00f3rh\u00e1z\u00e1nak bevon\u00e1s\u00e1val k\u00e9sz\u00fclt.&#8221;<\/em><\/p>","protected":false},"featured_media":3554,"template":"","meta":{"_eb_attr":""},"product_brand":[],"product_cat":[87],"product_tag":[],"class_list":{"0":"post-3543","1":"product","2":"type-product","3":"status-publish","4":"has-post-thumbnail","6":"product_cat-letoltheto-tartalmak","7":"infinite-scroll-item","8":"no-featured-image-padding","9":"sales-flash-overlay","10":"woocommerce-text-align-left","11":"woocommerce-image-align-left","12":"do-quantity-buttons","14":"first","15":"outofstock","16":"taxable","17":"shipping-taxable","18":"purchasable","19":"product-type-simple"},"yoast_head":"<!-- This site is optimized with the Yoast SEO plugin v27.4 - https:\/\/yoast.com\/product\/yoast-seo-wordpress\/ -->\n<title>5 ir\u00e1nyelv az eg\u00e9szs\u00e9g\u00fcgy \u00e1talak\u00edt\u00e1s\u00e1hoz - Ingyenesen let\u00f6lthet\u0151! (Ingyenesen let\u00f6lthet\u0151) - LEI<\/title>\n<meta name=\"description\" content=\"Az 5 ir\u00e1nyelv az eg\u00e9szs\u00e9g\u00fcgy \u00e1talak\u00edt\u00e1s\u00e1hoz a\u00a0Nemzetk\u00f6zi Lean Eg\u00e9szs\u00e9g\u00fcgyi Kezdem\u00e9nyez\u00e9s \u00e1tfog\u00f3 (5 \u00e9v, 5 orsz\u00e1g, 8 k\u00f3rh\u00e1z) kutat\u00e1sa.\" \/>\n<meta name=\"robots\" content=\"index, follow, max-snippet:-1, max-image-preview:large, max-video-preview:-1\" \/>\n<link rel=\"canonical\" href=\"https:\/\/lean.org.hu\/en\/lean-konyvesbolt\/5-iranyelv-az-egeszseg\u00fcgy-atalakitasahoz-ingyenesen-letoltheto\/\" \/>\n<meta property=\"og:locale\" content=\"en_GB\" \/>\n<meta property=\"og:type\" content=\"article\" \/>\n<meta property=\"og:title\" content=\"Vezet\u0151k a g\u00e1ton - Ingyenesen let\u00f6lthet\u0151!\" \/>\n<meta property=\"og:description\" content=\"Gy\u0151zd meg embereidet a kaizen fontoss\u00e1g\u00e1r\u00f3l, \u00e9s \u00e9rd el, hogy a kaizen be\u00e9p\u00fclj\u00f6n a mindennapjaikba? Hogyan? A vezet\u0151k a g\u00e1ton seg\u00edthet.\" \/>\n<meta property=\"og:url\" content=\"https:\/\/lean.org.hu\/en\/lean-konyvesbolt\/5-iranyelv-az-egeszseg\u00fcgy-atalakitasahoz-ingyenesen-letoltheto\/\" \/>\n<meta property=\"og:site_name\" content=\"LEI\" \/>\n<meta property=\"article:publisher\" content=\"https:\/\/www.facebook.com\/LEI.Hungary\" \/>\n<meta property=\"article:modified_time\" content=\"2021-09-29T09:57:25+00:00\" \/>\n<meta property=\"og:image\" content=\"https:\/\/lean.org.hu\/wp-content\/uploads\/2020\/11\/5-iranyelv-az-eu-atalakitasahoz_425x600.jpg\" \/>\n\t<meta property=\"og:image:width\" content=\"425\" \/>\n\t<meta property=\"og:image:height\" content=\"600\" \/>\n\t<meta property=\"og:image:type\" content=\"image\/jpeg\" \/>\n<meta name=\"twitter:card\" content=\"summary_large_image\" \/>\n<meta name=\"twitter:label1\" content=\"Estimated reading time\" \/>\n\t<meta name=\"twitter:data1\" content=\"1 minute\" \/>\n<script type=\"application\/ld+json\" class=\"yoast-schema-graph\">{\"@context\":\"https:\\\/\\\/schema.org\",\"@graph\":[{\"@type\":\"WebPage\",\"@id\":\"https:\\\/\\\/lean.org.hu\\\/lean-konyvesbolt\\\/5-iranyelv-az-egeszseg%C3%BCgy-atalakitasahoz-ingyenesen-letoltheto\\\/\",\"url\":\"https:\\\/\\\/lean.org.hu\\\/lean-konyvesbolt\\\/5-iranyelv-az-egeszseg%C3%BCgy-atalakitasahoz-ingyenesen-letoltheto\\\/\",\"name\":\"5 ir\u00e1nyelv az eg\u00e9szs\u00e9g\u00fcgy \u00e1talak\u00edt\u00e1s\u00e1hoz - Ingyenesen let\u00f6lthet\u0151! (Ingyenesen let\u00f6lthet\u0151) - LEI\",\"isPartOf\":{\"@id\":\"https:\\\/\\\/lean.org.hu\\\/#website\"},\"primaryImageOfPage\":{\"@id\":\"https:\\\/\\\/lean.org.hu\\\/lean-konyvesbolt\\\/5-iranyelv-az-egeszseg%C3%BCgy-atalakitasahoz-ingyenesen-letoltheto\\\/#primaryimage\"},\"image\":{\"@id\":\"https:\\\/\\\/lean.org.hu\\\/lean-konyvesbolt\\\/5-iranyelv-az-egeszseg%C3%BCgy-atalakitasahoz-ingyenesen-letoltheto\\\/#primaryimage\"},\"thumbnailUrl\":\"https:\\\/\\\/lean.org.hu\\\/wp-content\\\/uploads\\\/2020\\\/11\\\/5-iranyelv-az-eu-atalakitasahoz_425x600.jpg\",\"datePublished\":\"2020-11-04T10:06:58+00:00\",\"dateModified\":\"2021-09-29T09:57:25+00:00\",\"description\":\"Az 5 ir\u00e1nyelv az eg\u00e9szs\u00e9g\u00fcgy \u00e1talak\u00edt\u00e1s\u00e1hoz a\u00a0Nemzetk\u00f6zi Lean Eg\u00e9szs\u00e9g\u00fcgyi Kezdem\u00e9nyez\u00e9s \u00e1tfog\u00f3 (5 \u00e9v, 5 orsz\u00e1g, 8 k\u00f3rh\u00e1z) kutat\u00e1sa.\",\"breadcrumb\":{\"@id\":\"https:\\\/\\\/lean.org.hu\\\/lean-konyvesbolt\\\/5-iranyelv-az-egeszseg%C3%BCgy-atalakitasahoz-ingyenesen-letoltheto\\\/#breadcrumb\"},\"inLanguage\":\"en-GB\",\"potentialAction\":[{\"@type\":\"ReadAction\",\"target\":[\"https:\\\/\\\/lean.org.hu\\\/lean-konyvesbolt\\\/5-iranyelv-az-egeszseg%C3%BCgy-atalakitasahoz-ingyenesen-letoltheto\\\/\"]}]},{\"@type\":\"ImageObject\",\"inLanguage\":\"en-GB\",\"@id\":\"https:\\\/\\\/lean.org.hu\\\/lean-konyvesbolt\\\/5-iranyelv-az-egeszseg%C3%BCgy-atalakitasahoz-ingyenesen-letoltheto\\\/#primaryimage\",\"url\":\"https:\\\/\\\/lean.org.hu\\\/wp-content\\\/uploads\\\/2020\\\/11\\\/5-iranyelv-az-eu-atalakitasahoz_425x600.jpg\",\"contentUrl\":\"https:\\\/\\\/lean.org.hu\\\/wp-content\\\/uploads\\\/2020\\\/11\\\/5-iranyelv-az-eu-atalakitasahoz_425x600.jpg\",\"width\":425,\"height\":600,\"caption\":\"Lean Healthcare - 5 ir\u00e1nyelv az eg\u00e9szs\u00e9g\u00fcgy \u00e1talak\u00edt\u00e1s\u00e1hoz\"},{\"@type\":\"BreadcrumbList\",\"@id\":\"https:\\\/\\\/lean.org.hu\\\/lean-konyvesbolt\\\/5-iranyelv-az-egeszseg%C3%BCgy-atalakitasahoz-ingyenesen-letoltheto\\\/#breadcrumb\",\"itemListElement\":[{\"@type\":\"ListItem\",\"position\":1,\"name\":\"Kezd\u0151lap\",\"item\":\"https:\\\/\\\/lean.org.hu\\\/\"},{\"@type\":\"ListItem\",\"position\":2,\"name\":\"Web\u00e1ruh\u00e1z oldal\",\"item\":\"http:\\\/\\\/lean.org.hu\\\/en\\\/webaruhaz-aloldal\\\/\"},{\"@type\":\"ListItem\",\"position\":3,\"name\":\"5 ir\u00e1nyelv az eg\u00e9szs\u00e9g\u00fcgy \u00e1talak\u00edt\u00e1s\u00e1hoz &#8211; Ingyenesen let\u00f6lthet\u0151!\"}]},{\"@type\":\"WebSite\",\"@id\":\"https:\\\/\\\/lean.org.hu\\\/#website\",\"url\":\"https:\\\/\\\/lean.org.hu\\\/\",\"name\":\"LEI\",\"description\":\"\",\"publisher\":{\"@id\":\"https:\\\/\\\/lean.org.hu\\\/#organization\"},\"potentialAction\":[{\"@type\":\"SearchAction\",\"target\":{\"@type\":\"EntryPoint\",\"urlTemplate\":\"https:\\\/\\\/lean.org.hu\\\/?s={search_term_string}\"},\"query-input\":{\"@type\":\"PropertyValueSpecification\",\"valueRequired\":true,\"valueName\":\"search_term_string\"}}],\"inLanguage\":\"en-GB\"},{\"@type\":\"Organization\",\"@id\":\"https:\\\/\\\/lean.org.hu\\\/#organization\",\"name\":\"LEI\",\"url\":\"https:\\\/\\\/lean.org.hu\\\/\",\"logo\":{\"@type\":\"ImageObject\",\"inLanguage\":\"en-GB\",\"@id\":\"https:\\\/\\\/lean.org.hu\\\/#\\\/schema\\\/logo\\\/image\\\/\",\"url\":\"https:\\\/\\\/lean.org.hu\\\/wp-content\\\/uploads\\\/2020\\\/07\\\/cropped-lean_logo_final_color_horizontal.png\",\"contentUrl\":\"https:\\\/\\\/lean.org.hu\\\/wp-content\\\/uploads\\\/2020\\\/07\\\/cropped-lean_logo_final_color_horizontal.png\",\"width\":779,\"height\":288,\"caption\":\"LEI\"},\"image\":{\"@id\":\"https:\\\/\\\/lean.org.hu\\\/#\\\/schema\\\/logo\\\/image\\\/\"},\"sameAs\":[\"https:\\\/\\\/www.facebook.com\\\/LEI.Hungary\",\"https:\\\/\\\/www.linkedin.com\\\/company\\\/lean-enterprise-institute-hungary\"]}]}<\/script>\n<!-- \/ Yoast SEO plugin. -->","yoast_head_json":{"title":"5 ir\u00e1nyelv az eg\u00e9szs\u00e9g\u00fcgy \u00e1talak\u00edt\u00e1s\u00e1hoz - Ingyenesen let\u00f6lthet\u0151! (Ingyenesen let\u00f6lthet\u0151) - LEI","description":"Az 5 ir\u00e1nyelv az eg\u00e9szs\u00e9g\u00fcgy \u00e1talak\u00edt\u00e1s\u00e1hoz a\u00a0Nemzetk\u00f6zi Lean Eg\u00e9szs\u00e9g\u00fcgyi Kezdem\u00e9nyez\u00e9s \u00e1tfog\u00f3 (5 \u00e9v, 5 orsz\u00e1g, 8 k\u00f3rh\u00e1z) kutat\u00e1sa.","robots":{"index":"index","follow":"follow","max-snippet":"max-snippet:-1","max-image-preview":"max-image-preview:large","max-video-preview":"max-video-preview:-1"},"canonical":"https:\/\/lean.org.hu\/en\/lean-konyvesbolt\/5-iranyelv-az-egeszseg\u00fcgy-atalakitasahoz-ingyenesen-letoltheto\/","og_locale":"en_GB","og_type":"article","og_title":"Vezet\u0151k a g\u00e1ton - Ingyenesen let\u00f6lthet\u0151!","og_description":"Gy\u0151zd meg embereidet a kaizen fontoss\u00e1g\u00e1r\u00f3l, \u00e9s \u00e9rd el, hogy a kaizen be\u00e9p\u00fclj\u00f6n a mindennapjaikba? Hogyan? A vezet\u0151k a g\u00e1ton seg\u00edthet.","og_url":"https:\/\/lean.org.hu\/en\/lean-konyvesbolt\/5-iranyelv-az-egeszseg\u00fcgy-atalakitasahoz-ingyenesen-letoltheto\/","og_site_name":"LEI","article_publisher":"https:\/\/www.facebook.com\/LEI.Hungary","article_modified_time":"2021-09-29T09:57:25+00:00","og_image":[{"width":425,"height":600,"url":"https:\/\/lean.org.hu\/wp-content\/uploads\/2020\/11\/5-iranyelv-az-eu-atalakitasahoz_425x600.jpg","type":"image\/jpeg"}],"twitter_card":"summary_large_image","twitter_misc":{"Estimated reading time":"1 minute"},"schema":{"@context":"https:\/\/schema.org","@graph":[{"@type":"WebPage","@id":"https:\/\/lean.org.hu\/lean-konyvesbolt\/5-iranyelv-az-egeszseg%C3%BCgy-atalakitasahoz-ingyenesen-letoltheto\/","url":"https:\/\/lean.org.hu\/lean-konyvesbolt\/5-iranyelv-az-egeszseg%C3%BCgy-atalakitasahoz-ingyenesen-letoltheto\/","name":"5 ir\u00e1nyelv az eg\u00e9szs\u00e9g\u00fcgy \u00e1talak\u00edt\u00e1s\u00e1hoz - Ingyenesen let\u00f6lthet\u0151! (Ingyenesen let\u00f6lthet\u0151) - LEI","isPartOf":{"@id":"https:\/\/lean.org.hu\/#website"},"primaryImageOfPage":{"@id":"https:\/\/lean.org.hu\/lean-konyvesbolt\/5-iranyelv-az-egeszseg%C3%BCgy-atalakitasahoz-ingyenesen-letoltheto\/#primaryimage"},"image":{"@id":"https:\/\/lean.org.hu\/lean-konyvesbolt\/5-iranyelv-az-egeszseg%C3%BCgy-atalakitasahoz-ingyenesen-letoltheto\/#primaryimage"},"thumbnailUrl":"https:\/\/lean.org.hu\/wp-content\/uploads\/2020\/11\/5-iranyelv-az-eu-atalakitasahoz_425x600.jpg","datePublished":"2020-11-04T10:06:58+00:00","dateModified":"2021-09-29T09:57:25+00:00","description":"Az 5 ir\u00e1nyelv az eg\u00e9szs\u00e9g\u00fcgy \u00e1talak\u00edt\u00e1s\u00e1hoz a\u00a0Nemzetk\u00f6zi Lean Eg\u00e9szs\u00e9g\u00fcgyi Kezdem\u00e9nyez\u00e9s \u00e1tfog\u00f3 (5 \u00e9v, 5 orsz\u00e1g, 8 k\u00f3rh\u00e1z) kutat\u00e1sa.","breadcrumb":{"@id":"https:\/\/lean.org.hu\/lean-konyvesbolt\/5-iranyelv-az-egeszseg%C3%BCgy-atalakitasahoz-ingyenesen-letoltheto\/#breadcrumb"},"inLanguage":"en-GB","potentialAction":[{"@type":"ReadAction","target":["https:\/\/lean.org.hu\/lean-konyvesbolt\/5-iranyelv-az-egeszseg%C3%BCgy-atalakitasahoz-ingyenesen-letoltheto\/"]}]},{"@type":"ImageObject","inLanguage":"en-GB","@id":"https:\/\/lean.org.hu\/lean-konyvesbolt\/5-iranyelv-az-egeszseg%C3%BCgy-atalakitasahoz-ingyenesen-letoltheto\/#primaryimage","url":"https:\/\/lean.org.hu\/wp-content\/uploads\/2020\/11\/5-iranyelv-az-eu-atalakitasahoz_425x600.jpg","contentUrl":"https:\/\/lean.org.hu\/wp-content\/uploads\/2020\/11\/5-iranyelv-az-eu-atalakitasahoz_425x600.jpg","width":425,"height":600,"caption":"Lean Healthcare - 5 ir\u00e1nyelv az eg\u00e9szs\u00e9g\u00fcgy \u00e1talak\u00edt\u00e1s\u00e1hoz"},{"@type":"BreadcrumbList","@id":"https:\/\/lean.org.hu\/lean-konyvesbolt\/5-iranyelv-az-egeszseg%C3%BCgy-atalakitasahoz-ingyenesen-letoltheto\/#breadcrumb","itemListElement":[{"@type":"ListItem","position":1,"name":"Kezd\u0151lap","item":"https:\/\/lean.org.hu\/"},{"@type":"ListItem","position":2,"name":"Web\u00e1ruh\u00e1z oldal","item":"http:\/\/lean.org.hu\/en\/webaruhaz-aloldal\/"},{"@type":"ListItem","position":3,"name":"5 ir\u00e1nyelv az eg\u00e9szs\u00e9g\u00fcgy \u00e1talak\u00edt\u00e1s\u00e1hoz &#8211; Ingyenesen let\u00f6lthet\u0151!"}]},{"@type":"WebSite","@id":"https:\/\/lean.org.hu\/#website","url":"https:\/\/lean.org.hu\/","name":"LEI","description":"","publisher":{"@id":"https:\/\/lean.org.hu\/#organization"},"potentialAction":[{"@type":"SearchAction","target":{"@type":"EntryPoint","urlTemplate":"https:\/\/lean.org.hu\/?s={search_term_string}"},"query-input":{"@type":"PropertyValueSpecification","valueRequired":true,"valueName":"search_term_string"}}],"inLanguage":"en-GB"},{"@type":"Organization","@id":"https:\/\/lean.org.hu\/#organization","name":"LEI","url":"https:\/\/lean.org.hu\/","logo":{"@type":"ImageObject","inLanguage":"en-GB","@id":"https:\/\/lean.org.hu\/#\/schema\/logo\/image\/","url":"https:\/\/lean.org.hu\/wp-content\/uploads\/2020\/07\/cropped-lean_logo_final_color_horizontal.png","contentUrl":"https:\/\/lean.org.hu\/wp-content\/uploads\/2020\/07\/cropped-lean_logo_final_color_horizontal.png","width":779,"height":288,"caption":"LEI"},"image":{"@id":"https:\/\/lean.org.hu\/#\/schema\/logo\/image\/"},"sameAs":["https:\/\/www.facebook.com\/LEI.Hungary","https:\/\/www.linkedin.com\/company\/lean-enterprise-institute-hungary"]}]}},"_links":{"self":[{"href":"https:\/\/lean.org.hu\/en\/wp-json\/wp\/v2\/product\/3543","targetHints":{"allow":["GET"]}}],"collection":[{"href":"https:\/\/lean.org.hu\/en\/wp-json\/wp\/v2\/product"}],"about":[{"href":"https:\/\/lean.org.hu\/en\/wp-json\/wp\/v2\/types\/product"}],"wp:featuredmedia":[{"embeddable":true,"href":"https:\/\/lean.org.hu\/en\/wp-json\/wp\/v2\/media\/3554"}],"wp:attachment":[{"href":"https:\/\/lean.org.hu\/en\/wp-json\/wp\/v2\/media?parent=3543"}],"wp:term":[{"taxonomy":"product_brand","embeddable":true,"href":"https:\/\/lean.org.hu\/en\/wp-json\/wp\/v2\/product_brand?post=3543"},{"taxonomy":"product_cat","embeddable":true,"href":"https:\/\/lean.org.hu\/en\/wp-json\/wp\/v2\/product_cat?post=3543"},{"taxonomy":"product_tag","embeddable":true,"href":"https:\/\/lean.org.hu\/en\/wp-json\/wp\/v2\/product_tag?post=3543"}],"curies":[{"name":"wp","href":"https:\/\/api.w.org\/{rel}","templated":true}]}}