{"id":2791,"date":"2020-10-08T10:19:59","date_gmt":"2020-10-08T08:19:59","guid":{"rendered":"http:\/\/generaciokpartnere.hu\/leiwp\/?post_type=product&#038;p=2791"},"modified":"2026-02-12T15:13:29","modified_gmt":"2026-02-12T14:13:29","slug":"a-jo-vezetok-esznek-utolsonak","status":"publish","type":"product","link":"https:\/\/lean.org.hu\/en\/lean-konyvesbolt\/a-jo-vezetok-esznek-utolsonak\/","title":{"rendered":"A j\u00f3 vezet\u0151k esznek utols\u00f3nak"},"content":{"rendered":"<div class=\"book-box\">\n<p><strong>A j\u00f3 vezet\u0151k esznek utols\u00f3nak\u00a0<\/strong><em>(Hogyan \u00e9p\u00edts\u00fcnk \u00f6sszetart\u00f3, lelkes \u00e9s sikeres csapatot?)<\/em><br \/>\nSimon Sinek<\/p>\n<p>Mi\u00e9rt csak kevesen mondhatj\u00e1k el magukr\u00f3l, hogy im\u00e1dj\u00e1k a munk\u00e1jukat?<br \/>\nMit tehet\u00fcnk, hogy alkalmazottaink biztons\u00e1gban \u00e9rezz\u00e9k magukat a munkahely\u00fck\u00f6n?<br \/>\nHogyan motiv\u00e1ljuk Y gener\u00e1ci\u00f3s munkav\u00e1llal\u00f3inkat?<\/p>\n<p>K\u00e9pzelj\u00fcnk el, hogy reggel mindenki lelkesen indul dolgozni, tudja, hogy megb\u00edznak benne, \u00e9s \u00e9rt\u00e9kelik a munk\u00e1j\u00e1t, este pedig j\u00f3 \u00e9rz\u00e9sekkel t\u00e9r haza! Az igaz\u00e1n sikeres v\u00e1llalatok \u00e9s m\u00e1s szervezetek m\u00e1ris \u00edgy m\u0171k\u00f6dnek \u2013 kiv\u00e1l\u00f3 vezet\u0151ik olyan k\u00f6rnyezetet teremtenek, amelyben az emberek j\u00f3l \u00e9rzik magukat, sz\u00edvesen dolgoznak egy\u00fctt \u00e9s figyelemre m\u00e9lt\u00f3 eredm\u00e9nyeket \u00e9rnek el.<br \/>\nSimon Sinek vezet\u00e9si tan\u00e1csad\u00f3 mag\u00e1val ragad\u00f3 \u2013 a hadseregt\u0151l a gy\u00e1rt\u00f3sorig, a korm\u00e1nyzati int\u00e9zm\u00e9nyekt\u0151l a befektet\u00e9si bankokig sz\u00e1mos ter\u00fcletr\u0151l vett \u2013 igaz t\u00f6rt\u00e9netekkel illusztr\u00e1lja, hogy vezet\u0151nek lenni els\u0151sorban azt jelenti, hogy gondoskodnunk kell azokr\u00f3l, akiket r\u00e1nk b\u00edztak. Azokat a vezet\u0151ket, akik hajland\u00f3k utols\u00f3nak enni, a beosztottaik a legfontosabb pillanatokban v\u00e9gtelen h\u0171s\u00e9ggel jutalmazz\u00e1k, \u00e9s mident beleadnak a k\u00f6z\u00f6s c\u00e9lok megval\u00f3s\u00edt\u00e1sa \u00e9s a c\u00e9g el\u0151rehalad\u00e1sa \u00e9rdek\u00e9ben.<\/p>\n<p>\u201eEls\u0151sorban nem a szervezet m\u00e9rete vagy er\u0151forr\u00e1sai, hanem a szervezeti kult\u00far\u00e1ban rejl\u0151 potenci\u00e1l hat\u00e1rozza meg, hogy az adott v\u00e1llalat mennyire k\u00e9pes alkalmazkodni a v\u00e1ltoz\u00e1sokhoz, legy\u0151zni az ellens\u00e9gesked\u00e9st \u00e9s \u00e9len j\u00e1rni az \u00faj\u00edt\u00e1sokban. Ha a k\u00f6r\u00fclm\u00e9nyek megfelel\u0151ek, ha er\u0151s \u00e9s mindenki sz\u00e1m\u00e1ra \u00e9rz\u00e9kelhet\u0151 a biztons\u00e1g k\u00f6re, a legjobbat hozzuk ki magunkb\u00f3l. A hozz\u00e1nk legm\u00e9lt\u00f3bb m\u00f3don cseleksz\u00fcnk: \u00f6sszetartunk.\u201d<\/p>\n<p style=\"text-align: center;\"><a class=\"wp-block-button__link\" style=\"border-radius: 5px;\" href=\"https:\/\/drive.google.com\/file\/d\/1KZyCANXiHJKxShwblNJzYbi2K0Yl5a3M\/view?usp=sharing\" target=\"_blank\" rel=\"noreferrer noopener\">Olvass bele a k\u00f6nyvbe!<\/a><\/p>\n<\/div>\n<p>ISBN 978-963-304-455-1<br \/>\nMegjelen\u00e9s: 2017. j\u00fanius 06.<br \/>\nTerjedelem: 384 oldal (145 x 210 mm)<\/p>","protected":false},"excerpt":{"rendered":"<p><em>\u201cMi\u00e9rt csak kevesen mondhatj\u00e1k el magukr\u00f3l, hogy im\u00e1dj\u00e1k a munk\u00e1jukat? \/ Mit tehet\u00fcnk, hogy alkalmazottaink biztons\u00e1gban \u00e9rezz\u00e9k magukat a munkahely\u00fck\u00f6n?\u201d<\/em><\/p>","protected":false},"featured_media":2794,"template":"","meta":{"_eb_attr":""},"product_brand":[],"product_cat":[181,173],"product_tag":[],"class_list":{"0":"post-2791","1":"product","2":"type-product","3":"status-publish","4":"has-post-thumbnail","6":"product_cat-lean-konyvek-vezetes","7":"product_cat-lean-konyvesbolt","8":"infinite-scroll-item","9":"no-featured-image-padding","10":"sales-flash-overlay","11":"woocommerce-text-align-left","12":"woocommerce-image-align-left","13":"do-quantity-buttons","15":"first","16":"instock","17":"taxable","18":"shipping-taxable","19":"purchasable","20":"product-type-variable"},"yoast_head":"<!-- This site is optimized with the Yoast SEO plugin v27.4 - https:\/\/yoast.com\/product\/yoast-seo-wordpress\/ -->\n<title>A j\u00f3 vezet\u0151k esznek utols\u00f3nak - Hogyan \u00e9p\u00edts\u00fcnk sikeres csapatot? LEI<\/title>\n<meta name=\"description\" content=\"Mi\u00e9rt vannak olyan kevesen, akik im\u00e1dj\u00e1k a munk\u00e1jukat? Hogyan motiv\u00e1ljuk munkav\u00e1llal\u00f3inkat? A j\u00f3 vezet\u0151k esznek utols\u00f3nak megadja a v\u00e1laszt.\" \/>\n<meta name=\"robots\" content=\"index, follow, max-snippet:-1, max-image-preview:large, max-video-preview:-1\" \/>\n<link rel=\"canonical\" href=\"https:\/\/lean.org.hu\/en\/lean-konyvesbolt\/a-jo-vezetok-esznek-utolsonak\/\" \/>\n<meta property=\"og:locale\" content=\"en_GB\" \/>\n<meta property=\"og:type\" content=\"article\" \/>\n<meta property=\"og:title\" content=\"Csapatok csapata\" \/>\n<meta property=\"og:description\" content=\"Hogyan egyes\u00edts\u00fck a kis csapatokra jellemz\u0151 rugalmass\u00e1got \u00e9s \u00f6sszetart\u00e1st a nagy szervezetek er\u0151forr\u00e1saival? A Csapatok csapata seg\u00edthet\" \/>\n<meta property=\"og:url\" content=\"https:\/\/lean.org.hu\/en\/lean-konyvesbolt\/a-jo-vezetok-esznek-utolsonak\/\" \/>\n<meta property=\"og:site_name\" content=\"LEI\" \/>\n<meta property=\"article:publisher\" content=\"https:\/\/www.facebook.com\/LEI.Hungary\" \/>\n<meta property=\"article:modified_time\" content=\"2026-02-12T14:13:29+00:00\" \/>\n<meta property=\"og:image\" content=\"https:\/\/lean.org.hu\/wp-content\/uploads\/2020\/10\/A-j\u00f3-vezet\u0151k-esznek-utols\u00f3nak_Bor\u00edt\u00f3_425x600.jpg\" \/>\n\t<meta property=\"og:image:width\" content=\"425\" \/>\n\t<meta property=\"og:image:height\" content=\"600\" \/>\n\t<meta property=\"og:image:type\" content=\"image\/jpeg\" \/>\n<meta name=\"twitter:card\" content=\"summary_large_image\" \/>\n<meta name=\"twitter:label1\" content=\"Estimated reading time\" \/>\n\t<meta name=\"twitter:data1\" content=\"2 minutes\" \/>\n<script type=\"application\/ld+json\" class=\"yoast-schema-graph\">{\"@context\":\"https:\\\/\\\/schema.org\",\"@graph\":[{\"@type\":\"WebPage\",\"@id\":\"https:\\\/\\\/lean.org.hu\\\/lean-konyvesbolt\\\/a-jo-vezetok-esznek-utolsonak\\\/\",\"url\":\"https:\\\/\\\/lean.org.hu\\\/lean-konyvesbolt\\\/a-jo-vezetok-esznek-utolsonak\\\/\",\"name\":\"A j\u00f3 vezet\u0151k esznek utols\u00f3nak - Hogyan \u00e9p\u00edts\u00fcnk sikeres csapatot? LEI\",\"isPartOf\":{\"@id\":\"https:\\\/\\\/lean.org.hu\\\/#website\"},\"primaryImageOfPage\":{\"@id\":\"https:\\\/\\\/lean.org.hu\\\/lean-konyvesbolt\\\/a-jo-vezetok-esznek-utolsonak\\\/#primaryimage\"},\"image\":{\"@id\":\"https:\\\/\\\/lean.org.hu\\\/lean-konyvesbolt\\\/a-jo-vezetok-esznek-utolsonak\\\/#primaryimage\"},\"thumbnailUrl\":\"https:\\\/\\\/lean.org.hu\\\/wp-content\\\/uploads\\\/2020\\\/10\\\/A-j\u00f3-vezet\u0151k-esznek-utols\u00f3nak_Bor\u00edt\u00f3_425x600.jpg\",\"datePublished\":\"2020-10-08T08:19:59+00:00\",\"dateModified\":\"2026-02-12T14:13:29+00:00\",\"description\":\"Mi\u00e9rt vannak olyan kevesen, akik im\u00e1dj\u00e1k a munk\u00e1jukat? Hogyan motiv\u00e1ljuk munkav\u00e1llal\u00f3inkat? A j\u00f3 vezet\u0151k esznek utols\u00f3nak megadja a v\u00e1laszt.\",\"breadcrumb\":{\"@id\":\"https:\\\/\\\/lean.org.hu\\\/lean-konyvesbolt\\\/a-jo-vezetok-esznek-utolsonak\\\/#breadcrumb\"},\"inLanguage\":\"en-GB\",\"potentialAction\":[{\"@type\":\"ReadAction\",\"target\":[\"https:\\\/\\\/lean.org.hu\\\/lean-konyvesbolt\\\/a-jo-vezetok-esznek-utolsonak\\\/\"]}]},{\"@type\":\"ImageObject\",\"inLanguage\":\"en-GB\",\"@id\":\"https:\\\/\\\/lean.org.hu\\\/lean-konyvesbolt\\\/a-jo-vezetok-esznek-utolsonak\\\/#primaryimage\",\"url\":\"https:\\\/\\\/lean.org.hu\\\/wp-content\\\/uploads\\\/2020\\\/10\\\/A-j\u00f3-vezet\u0151k-esznek-utols\u00f3nak_Bor\u00edt\u00f3_425x600.jpg\",\"contentUrl\":\"https:\\\/\\\/lean.org.hu\\\/wp-content\\\/uploads\\\/2020\\\/10\\\/A-j\u00f3-vezet\u0151k-esznek-utols\u00f3nak_Bor\u00edt\u00f3_425x600.jpg\",\"width\":425,\"height\":600,\"caption\":\"A j\u00f3 vezet\u0151k esznek utols\u00f3nak bor\u00edt\u00f3\"},{\"@type\":\"BreadcrumbList\",\"@id\":\"https:\\\/\\\/lean.org.hu\\\/lean-konyvesbolt\\\/a-jo-vezetok-esznek-utolsonak\\\/#breadcrumb\",\"itemListElement\":[{\"@type\":\"ListItem\",\"position\":1,\"name\":\"Kezd\u0151lap\",\"item\":\"https:\\\/\\\/lean.org.hu\\\/\"},{\"@type\":\"ListItem\",\"position\":2,\"name\":\"Web\u00e1ruh\u00e1z oldal\",\"item\":\"http:\\\/\\\/lean.org.hu\\\/en\\\/webaruhaz-aloldal\\\/\"},{\"@type\":\"ListItem\",\"position\":3,\"name\":\"A j\u00f3 vezet\u0151k esznek utols\u00f3nak\"}]},{\"@type\":\"WebSite\",\"@id\":\"https:\\\/\\\/lean.org.hu\\\/#website\",\"url\":\"https:\\\/\\\/lean.org.hu\\\/\",\"name\":\"LEI\",\"description\":\"\",\"publisher\":{\"@id\":\"https:\\\/\\\/lean.org.hu\\\/#organization\"},\"potentialAction\":[{\"@type\":\"SearchAction\",\"target\":{\"@type\":\"EntryPoint\",\"urlTemplate\":\"https:\\\/\\\/lean.org.hu\\\/?s={search_term_string}\"},\"query-input\":{\"@type\":\"PropertyValueSpecification\",\"valueRequired\":true,\"valueName\":\"search_term_string\"}}],\"inLanguage\":\"en-GB\"},{\"@type\":\"Organization\",\"@id\":\"https:\\\/\\\/lean.org.hu\\\/#organization\",\"name\":\"LEI\",\"url\":\"https:\\\/\\\/lean.org.hu\\\/\",\"logo\":{\"@type\":\"ImageObject\",\"inLanguage\":\"en-GB\",\"@id\":\"https:\\\/\\\/lean.org.hu\\\/#\\\/schema\\\/logo\\\/image\\\/\",\"url\":\"https:\\\/\\\/lean.org.hu\\\/wp-content\\\/uploads\\\/2020\\\/07\\\/cropped-lean_logo_final_color_horizontal.png\",\"contentUrl\":\"https:\\\/\\\/lean.org.hu\\\/wp-content\\\/uploads\\\/2020\\\/07\\\/cropped-lean_logo_final_color_horizontal.png\",\"width\":779,\"height\":288,\"caption\":\"LEI\"},\"image\":{\"@id\":\"https:\\\/\\\/lean.org.hu\\\/#\\\/schema\\\/logo\\\/image\\\/\"},\"sameAs\":[\"https:\\\/\\\/www.facebook.com\\\/LEI.Hungary\",\"https:\\\/\\\/www.linkedin.com\\\/company\\\/lean-enterprise-institute-hungary\"]}]}<\/script>\n<!-- \/ Yoast SEO plugin. -->","yoast_head_json":{"title":"A j\u00f3 vezet\u0151k esznek utols\u00f3nak - Hogyan \u00e9p\u00edts\u00fcnk sikeres csapatot? LEI","description":"Mi\u00e9rt vannak olyan kevesen, akik im\u00e1dj\u00e1k a munk\u00e1jukat? Hogyan motiv\u00e1ljuk munkav\u00e1llal\u00f3inkat? A j\u00f3 vezet\u0151k esznek utols\u00f3nak megadja a v\u00e1laszt.","robots":{"index":"index","follow":"follow","max-snippet":"max-snippet:-1","max-image-preview":"max-image-preview:large","max-video-preview":"max-video-preview:-1"},"canonical":"https:\/\/lean.org.hu\/en\/lean-konyvesbolt\/a-jo-vezetok-esznek-utolsonak\/","og_locale":"en_GB","og_type":"article","og_title":"Csapatok csapata","og_description":"Hogyan egyes\u00edts\u00fck a kis csapatokra jellemz\u0151 rugalmass\u00e1got \u00e9s \u00f6sszetart\u00e1st a nagy szervezetek er\u0151forr\u00e1saival? A Csapatok csapata seg\u00edthet","og_url":"https:\/\/lean.org.hu\/en\/lean-konyvesbolt\/a-jo-vezetok-esznek-utolsonak\/","og_site_name":"LEI","article_publisher":"https:\/\/www.facebook.com\/LEI.Hungary","article_modified_time":"2026-02-12T14:13:29+00:00","og_image":[{"width":425,"height":600,"url":"https:\/\/lean.org.hu\/wp-content\/uploads\/2020\/10\/A-j\u00f3-vezet\u0151k-esznek-utols\u00f3nak_Bor\u00edt\u00f3_425x600.jpg","type":"image\/jpeg"}],"twitter_card":"summary_large_image","twitter_misc":{"Estimated reading time":"2 minutes"},"schema":{"@context":"https:\/\/schema.org","@graph":[{"@type":"WebPage","@id":"https:\/\/lean.org.hu\/lean-konyvesbolt\/a-jo-vezetok-esznek-utolsonak\/","url":"https:\/\/lean.org.hu\/lean-konyvesbolt\/a-jo-vezetok-esznek-utolsonak\/","name":"A j\u00f3 vezet\u0151k esznek utols\u00f3nak - Hogyan \u00e9p\u00edts\u00fcnk sikeres csapatot? LEI","isPartOf":{"@id":"https:\/\/lean.org.hu\/#website"},"primaryImageOfPage":{"@id":"https:\/\/lean.org.hu\/lean-konyvesbolt\/a-jo-vezetok-esznek-utolsonak\/#primaryimage"},"image":{"@id":"https:\/\/lean.org.hu\/lean-konyvesbolt\/a-jo-vezetok-esznek-utolsonak\/#primaryimage"},"thumbnailUrl":"https:\/\/lean.org.hu\/wp-content\/uploads\/2020\/10\/A-j\u00f3-vezet\u0151k-esznek-utols\u00f3nak_Bor\u00edt\u00f3_425x600.jpg","datePublished":"2020-10-08T08:19:59+00:00","dateModified":"2026-02-12T14:13:29+00:00","description":"Mi\u00e9rt vannak olyan kevesen, akik im\u00e1dj\u00e1k a munk\u00e1jukat? Hogyan motiv\u00e1ljuk munkav\u00e1llal\u00f3inkat? A j\u00f3 vezet\u0151k esznek utols\u00f3nak megadja a v\u00e1laszt.","breadcrumb":{"@id":"https:\/\/lean.org.hu\/lean-konyvesbolt\/a-jo-vezetok-esznek-utolsonak\/#breadcrumb"},"inLanguage":"en-GB","potentialAction":[{"@type":"ReadAction","target":["https:\/\/lean.org.hu\/lean-konyvesbolt\/a-jo-vezetok-esznek-utolsonak\/"]}]},{"@type":"ImageObject","inLanguage":"en-GB","@id":"https:\/\/lean.org.hu\/lean-konyvesbolt\/a-jo-vezetok-esznek-utolsonak\/#primaryimage","url":"https:\/\/lean.org.hu\/wp-content\/uploads\/2020\/10\/A-j\u00f3-vezet\u0151k-esznek-utols\u00f3nak_Bor\u00edt\u00f3_425x600.jpg","contentUrl":"https:\/\/lean.org.hu\/wp-content\/uploads\/2020\/10\/A-j\u00f3-vezet\u0151k-esznek-utols\u00f3nak_Bor\u00edt\u00f3_425x600.jpg","width":425,"height":600,"caption":"A j\u00f3 vezet\u0151k esznek utols\u00f3nak bor\u00edt\u00f3"},{"@type":"BreadcrumbList","@id":"https:\/\/lean.org.hu\/lean-konyvesbolt\/a-jo-vezetok-esznek-utolsonak\/#breadcrumb","itemListElement":[{"@type":"ListItem","position":1,"name":"Kezd\u0151lap","item":"https:\/\/lean.org.hu\/"},{"@type":"ListItem","position":2,"name":"Web\u00e1ruh\u00e1z oldal","item":"http:\/\/lean.org.hu\/en\/webaruhaz-aloldal\/"},{"@type":"ListItem","position":3,"name":"A j\u00f3 vezet\u0151k esznek utols\u00f3nak"}]},{"@type":"WebSite","@id":"https:\/\/lean.org.hu\/#website","url":"https:\/\/lean.org.hu\/","name":"LEI","description":"","publisher":{"@id":"https:\/\/lean.org.hu\/#organization"},"potentialAction":[{"@type":"SearchAction","target":{"@type":"EntryPoint","urlTemplate":"https:\/\/lean.org.hu\/?s={search_term_string}"},"query-input":{"@type":"PropertyValueSpecification","valueRequired":true,"valueName":"search_term_string"}}],"inLanguage":"en-GB"},{"@type":"Organization","@id":"https:\/\/lean.org.hu\/#organization","name":"LEI","url":"https:\/\/lean.org.hu\/","logo":{"@type":"ImageObject","inLanguage":"en-GB","@id":"https:\/\/lean.org.hu\/#\/schema\/logo\/image\/","url":"https:\/\/lean.org.hu\/wp-content\/uploads\/2020\/07\/cropped-lean_logo_final_color_horizontal.png","contentUrl":"https:\/\/lean.org.hu\/wp-content\/uploads\/2020\/07\/cropped-lean_logo_final_color_horizontal.png","width":779,"height":288,"caption":"LEI"},"image":{"@id":"https:\/\/lean.org.hu\/#\/schema\/logo\/image\/"},"sameAs":["https:\/\/www.facebook.com\/LEI.Hungary","https:\/\/www.linkedin.com\/company\/lean-enterprise-institute-hungary"]}]}},"_links":{"self":[{"href":"https:\/\/lean.org.hu\/en\/wp-json\/wp\/v2\/product\/2791","targetHints":{"allow":["GET"]}}],"collection":[{"href":"https:\/\/lean.org.hu\/en\/wp-json\/wp\/v2\/product"}],"about":[{"href":"https:\/\/lean.org.hu\/en\/wp-json\/wp\/v2\/types\/product"}],"wp:featuredmedia":[{"embeddable":true,"href":"https:\/\/lean.org.hu\/en\/wp-json\/wp\/v2\/media\/2794"}],"wp:attachment":[{"href":"https:\/\/lean.org.hu\/en\/wp-json\/wp\/v2\/media?parent=2791"}],"wp:term":[{"taxonomy":"product_brand","embeddable":true,"href":"https:\/\/lean.org.hu\/en\/wp-json\/wp\/v2\/product_brand?post=2791"},{"taxonomy":"product_cat","embeddable":true,"href":"https:\/\/lean.org.hu\/en\/wp-json\/wp\/v2\/product_cat?post=2791"},{"taxonomy":"product_tag","embeddable":true,"href":"https:\/\/lean.org.hu\/en\/wp-json\/wp\/v2\/product_tag?post=2791"}],"curies":[{"name":"wp","href":"https:\/\/api.w.org\/{rel}","templated":true}]}}