{"id":1544,"date":"2020-09-22T08:45:11","date_gmt":"2020-09-22T08:45:11","guid":{"rendered":"http:\/\/generaciokpartnere.hu\/leiwp\/?post_type=product&#038;p=1544"},"modified":"2021-09-29T15:42:50","modified_gmt":"2021-09-29T13:42:50","slug":"manazment-spoznania-vezesd-a-tanulast-szlovak-nyelven","status":"publish","type":"product","link":"https:\/\/lean.org.hu\/en\/lean-konyvesbolt\/manazment-spoznania-vezesd-a-tanulast-szlovak-nyelven\/","title":{"rendered":"Mana\u017ement spoznania"},"content":{"rendered":"<p><strong>Mana\u017ement spoznania (Managing to Learn)<\/strong><\/p>\n<p>A Lean Enterprise Institute (LEI) \u00e1ltal publik\u00e1lt k\u00f6nyvek tagjaink sz\u00e1m\u00e1ra 20% kedvezm\u00e9nnyel rendelhet\u0151k! A kedvezm\u00e9ny csak a LEI kiadv\u00e1nyaira vonatkozik. A lean.org k\u00f6nyv\u00e1ruh\u00e1z\u00e1ban megtal\u00e1lhat\u00f3 valamennyi angol nyelv\u0171 lean szakirodalom megrendelhet\u0151 Egyes\u00fclet\u00fcnk\u00f6n kereszt\u00fcl.<\/p>\n<p><strong>K\u00e9rd egyedi \u00e1raj\u00e1nlatunkat az\u00a0<a href=\"mailto:info@lean.org.hu\" target=\"_blank\" rel=\"noreferrer noopener\">info@lean.org.hu<\/a> e-mail c\u00edmen! <\/strong>K\u00e9rj\u00fck, minden esetben add meg a kiv\u00e1lasztott k\u00f6nyvek pontos c\u00edm\u00e9t, a megrendelni k\u00edv\u00e1nt p\u00e9ld\u00e1nysz\u00e1mot, a megrendel\u0151 adatait, a sz\u00e1ml\u00e1z\u00e1si \u00e9s sz\u00e1ll\u00edt\u00e1si c\u00edmet. Az aj\u00e1nlatban t\u00e1j\u00e9koztatunk a v\u00e9g\u00f6sszegr\u0151l, megrendel\u00e9sed csak ennek visszaigazol\u00e1sa ut\u00e1n lesz akt\u00edv.<\/p>\n<p>Rie\u0161enie probl\u00e9mov, uzatv\u00e1ranie doh\u00f4d, mentorovanie a vedenie \u2013 riadenie pomocou met\u00f3dy A3<\/p>\n<p>Mnoh\u00ed, ktor\u00ed poznaj\u00fa A3 spr\u00e1vy, ich prim\u00e1rne vn\u00edmaj\u00fa ako jednoduch\u00fd n\u00e1stroj na komunik\u00e1ciu alebo rie\u0161enie probl\u00e9mov. S\u00fa v\u0161ak omnoho d\u00f4le\u017eitej\u0161ie. V \u0161trukt\u00fare A3 pr\u00edstupu objavujeme proces, pomocou ktor\u00e9ho organiz\u00e1cia identifikuje, or\u00e1muje, kon\u00e1 a hodnot\u00ed progres pri rie\u0161en\u00ed probl\u00e9mov, projektov a n\u00e1vrhov. Vzor, na z\u00e1klade ktor\u00e9ho sa organiz\u00e1cia uc\u00ed je s\u00facastou A3 samotnej, zatial co jej forma sama o sebe predstavuje to, ako jednotliv\u00e9 organizacn\u00e9 kult\u00fary konaj\u00fa. V Mana\u017emente spoznania sledujete pr\u00edbeh mana\u017e\u00e9ra, Kena Sandersona, a pr\u00edbeh spr\u00e1vy, Desiho Portera, ktor\u00fd v\u00e1m odhal\u00ed, ako pou\u017eit A3 v procese mana\u017eovania, ak chcete vytvorit \u0161tandardn\u00fa met\u00f3du pre inov\u00e1cie, pl\u00e1novanie, rie\u0161enie probl\u00e9mov a budovanie \u0161trukt\u00fary pre \u0161ir\u0161ie a hlb\u0161ie formy myslenia \u2013 praktick\u00fd a opakovateln\u00fd postup pre organizacn\u00e9 ucenie sa.<\/p>\n<p>&nbsp;<\/p>\n<p><em>\u00dalohou l\u00eddrov nie je len riadenie lud\u00ed, ale aj ich podpora a motiv\u00e1cia k zmen\u00e1m, ktor\u00e9 prispievaj\u00fa k rozvoju spolocnosti ako <\/em><em>celku. T\u00e1to kniha v\u00e1m uk\u00e1\u017ee, ako sa pozerat na procesy v r\u00e1mci va\u0161ej firmy nezaujato, len cez fakty a d\u00e1ta. L\u00eddri aj zamestnanci <\/em><em>v nej n\u00e1jdu definovan\u00e9 svoje \u00falohy i n\u00e1vody, ako n\u00e1jst rie\u0161enie ka\u017edodenn\u00fdch v\u00fdziev. Pou\u017e\u00edvanie pop\u00edsan\u00fdch metod\u00edk prispeje <\/em><em>nielen k zlep\u0161eniu procesov a dosiahnutiu zmeny, ale aj k v\u00e1\u0161mu rastu a rastu va\u0161ich zamestnancov.<\/em><\/p>\n<p style=\"text-align: right;\">Gabriel Szab\u00f3, v\u00fdkonn\u00fd gener\u00e1lny riaditel &#8211; SLOVNAFT, a.s.<\/p>\n<p>&nbsp;<\/p>\n<p><em>Ka\u017ed\u00e1 spolocnost hlad\u00e1 cestu ako zlep\u0161it procesy a naplnit ciele. Bohu\u017eial t\u00e1to cesta nie je jednoduch\u00e1 a vy\u017eaduje zapojenie t\u00fdch <\/em><em>najd\u00f4le\u017eitej\u0161\u00edch zdrojov \u2013 lud\u00ed. V\u00e4c\u0161ina z n\u00e1s sa u\u017e z\u00e1roven ponaucila, \u017ee zrealizovanie zmeny nie je n\u00e1rocnej\u0161ie ako udr\u017eanie <\/em><em>trval\u00fdch pr\u00ednosov zmeny. T\u00e1to kniha pod\u00e1va zauj\u00edmav\u00fdm sp\u00f4sobom n\u00e1vod ako sa dostat k spr\u00e1vnej zmene, v spr\u00e1vnom case a so <\/em><em>spr\u00e1vnymi zdrojmi a z\u00e1roven d\u00e1va n\u00e1vod, ako ponaucenie z tejto cesty zdielat so v\u0161etk\u00fdmi zamestnancami a tak vybudovat vysoko <\/em><em>konkurencn\u00fa spolocnost.<\/em><\/p>\n<p style=\"text-align: right;\">Milo\u0161 Bugan, v\u00fdkonn\u00fd riaditel &#8211; CEIT Consulting, s.r.o.<\/p>","protected":false},"excerpt":{"rendered":"","protected":false},"featured_media":2834,"template":"","meta":{"_eb_attr":""},"product_brand":[],"product_cat":[69],"product_tag":[],"class_list":{"0":"post-1544","1":"product","2":"type-product","3":"status-publish","4":"has-post-thumbnail","6":"product_cat-lean-temaju-konyvek-idegen-nyelven","7":"infinite-scroll-item","8":"no-featured-image-padding","9":"sales-flash-overlay","10":"woocommerce-text-align-left","11":"woocommerce-image-align-left","12":"do-quantity-buttons","14":"first","15":"outofstock","16":"taxable","17":"shipping-taxable","18":"purchasable","19":"product-type-simple"},"yoast_head":"<!-- This site is optimized with the Yoast SEO plugin v27.4 - https:\/\/yoast.com\/product\/yoast-seo-wordpress\/ -->\n<title>Mana\u017ement spoznania - LEI<\/title>\n<meta name=\"description\" content=\"Rie\u0161enie probl\u00e9mov, uzatv\u00e1ranie doh\u00f4d, mentorovanie a vedenie \u2013 riadenie pomocou met\u00f3dy A3\" \/>\n<meta name=\"robots\" content=\"index, follow, max-snippet:-1, max-image-preview:large, max-video-preview:-1\" \/>\n<link rel=\"canonical\" href=\"https:\/\/lean.org.hu\/en\/lean-konyvesbolt\/manazment-spoznania-vezesd-a-tanulast-szlovak-nyelven\/\" \/>\n<meta property=\"og:locale\" content=\"en_GB\" \/>\n<meta property=\"og:type\" content=\"article\" \/>\n<meta property=\"og:title\" content=\"Mana\u017ement spoznania\" \/>\n<meta property=\"og:description\" content=\"Rie\u0161enie probl\u00e9mov, uzatv\u00e1ranie doh\u00f4d, mentorovanie a vedenie \u2013 riadenie pomocou met\u00f3dy A3\" \/>\n<meta property=\"og:url\" content=\"https:\/\/lean.org.hu\/en\/lean-konyvesbolt\/manazment-spoznania-vezesd-a-tanulast-szlovak-nyelven\/\" \/>\n<meta property=\"og:site_name\" content=\"LEI\" \/>\n<meta property=\"article:publisher\" content=\"https:\/\/www.facebook.com\/LEI.Hungary\" \/>\n<meta property=\"article:modified_time\" content=\"2021-09-29T13:42:50+00:00\" \/>\n<meta property=\"og:image\" content=\"https:\/\/lean.org.hu\/wp-content\/uploads\/2020\/09\/Managing-to-learn_Bor\u00edt\u00f3k_425x600-1.jpg\" \/>\n\t<meta property=\"og:image:width\" content=\"425\" \/>\n\t<meta property=\"og:image:height\" content=\"600\" \/>\n\t<meta property=\"og:image:type\" content=\"image\/jpeg\" \/>\n<meta name=\"twitter:card\" content=\"summary_large_image\" \/>\n<meta name=\"twitter:label1\" content=\"Estimated reading time\" \/>\n\t<meta name=\"twitter:data1\" content=\"2 minutes\" \/>\n<script type=\"application\/ld+json\" class=\"yoast-schema-graph\">{\"@context\":\"https:\\\/\\\/schema.org\",\"@graph\":[{\"@type\":\"WebPage\",\"@id\":\"https:\\\/\\\/lean.org.hu\\\/lean-konyvesbolt\\\/manazment-spoznania-vezesd-a-tanulast-szlovak-nyelven\\\/\",\"url\":\"https:\\\/\\\/lean.org.hu\\\/lean-konyvesbolt\\\/manazment-spoznania-vezesd-a-tanulast-szlovak-nyelven\\\/\",\"name\":\"Mana\u017ement spoznania - LEI\",\"isPartOf\":{\"@id\":\"https:\\\/\\\/lean.org.hu\\\/#website\"},\"primaryImageOfPage\":{\"@id\":\"https:\\\/\\\/lean.org.hu\\\/lean-konyvesbolt\\\/manazment-spoznania-vezesd-a-tanulast-szlovak-nyelven\\\/#primaryimage\"},\"image\":{\"@id\":\"https:\\\/\\\/lean.org.hu\\\/lean-konyvesbolt\\\/manazment-spoznania-vezesd-a-tanulast-szlovak-nyelven\\\/#primaryimage\"},\"thumbnailUrl\":\"https:\\\/\\\/lean.org.hu\\\/wp-content\\\/uploads\\\/2020\\\/09\\\/Managing-to-learn_Bor\u00edt\u00f3k_425x600-1.jpg\",\"datePublished\":\"2020-09-22T08:45:11+00:00\",\"dateModified\":\"2021-09-29T13:42:50+00:00\",\"description\":\"Rie\u0161enie probl\u00e9mov, uzatv\u00e1ranie doh\u00f4d, mentorovanie a vedenie \u2013 riadenie pomocou met\u00f3dy A3\",\"breadcrumb\":{\"@id\":\"https:\\\/\\\/lean.org.hu\\\/lean-konyvesbolt\\\/manazment-spoznania-vezesd-a-tanulast-szlovak-nyelven\\\/#breadcrumb\"},\"inLanguage\":\"en-GB\",\"potentialAction\":[{\"@type\":\"ReadAction\",\"target\":[\"https:\\\/\\\/lean.org.hu\\\/lean-konyvesbolt\\\/manazment-spoznania-vezesd-a-tanulast-szlovak-nyelven\\\/\"]}]},{\"@type\":\"ImageObject\",\"inLanguage\":\"en-GB\",\"@id\":\"https:\\\/\\\/lean.org.hu\\\/lean-konyvesbolt\\\/manazment-spoznania-vezesd-a-tanulast-szlovak-nyelven\\\/#primaryimage\",\"url\":\"https:\\\/\\\/lean.org.hu\\\/wp-content\\\/uploads\\\/2020\\\/09\\\/Managing-to-learn_Bor\u00edt\u00f3k_425x600-1.jpg\",\"contentUrl\":\"https:\\\/\\\/lean.org.hu\\\/wp-content\\\/uploads\\\/2020\\\/09\\\/Managing-to-learn_Bor\u00edt\u00f3k_425x600-1.jpg\",\"width\":425,\"height\":600,\"caption\":\"Mana\u017emente spoznania\"},{\"@type\":\"BreadcrumbList\",\"@id\":\"https:\\\/\\\/lean.org.hu\\\/lean-konyvesbolt\\\/manazment-spoznania-vezesd-a-tanulast-szlovak-nyelven\\\/#breadcrumb\",\"itemListElement\":[{\"@type\":\"ListItem\",\"position\":1,\"name\":\"Kezd\u0151lap\",\"item\":\"https:\\\/\\\/lean.org.hu\\\/\"},{\"@type\":\"ListItem\",\"position\":2,\"name\":\"Web\u00e1ruh\u00e1z oldal\",\"item\":\"http:\\\/\\\/lean.org.hu\\\/en\\\/webaruhaz-aloldal\\\/\"},{\"@type\":\"ListItem\",\"position\":3,\"name\":\"Mana\u017ement spoznania\"}]},{\"@type\":\"WebSite\",\"@id\":\"https:\\\/\\\/lean.org.hu\\\/#website\",\"url\":\"https:\\\/\\\/lean.org.hu\\\/\",\"name\":\"LEI\",\"description\":\"\",\"publisher\":{\"@id\":\"https:\\\/\\\/lean.org.hu\\\/#organization\"},\"potentialAction\":[{\"@type\":\"SearchAction\",\"target\":{\"@type\":\"EntryPoint\",\"urlTemplate\":\"https:\\\/\\\/lean.org.hu\\\/?s={search_term_string}\"},\"query-input\":{\"@type\":\"PropertyValueSpecification\",\"valueRequired\":true,\"valueName\":\"search_term_string\"}}],\"inLanguage\":\"en-GB\"},{\"@type\":\"Organization\",\"@id\":\"https:\\\/\\\/lean.org.hu\\\/#organization\",\"name\":\"LEI\",\"url\":\"https:\\\/\\\/lean.org.hu\\\/\",\"logo\":{\"@type\":\"ImageObject\",\"inLanguage\":\"en-GB\",\"@id\":\"https:\\\/\\\/lean.org.hu\\\/#\\\/schema\\\/logo\\\/image\\\/\",\"url\":\"https:\\\/\\\/lean.org.hu\\\/wp-content\\\/uploads\\\/2020\\\/07\\\/cropped-lean_logo_final_color_horizontal.png\",\"contentUrl\":\"https:\\\/\\\/lean.org.hu\\\/wp-content\\\/uploads\\\/2020\\\/07\\\/cropped-lean_logo_final_color_horizontal.png\",\"width\":779,\"height\":288,\"caption\":\"LEI\"},\"image\":{\"@id\":\"https:\\\/\\\/lean.org.hu\\\/#\\\/schema\\\/logo\\\/image\\\/\"},\"sameAs\":[\"https:\\\/\\\/www.facebook.com\\\/LEI.Hungary\",\"https:\\\/\\\/www.linkedin.com\\\/company\\\/lean-enterprise-institute-hungary\"]}]}<\/script>\n<!-- \/ Yoast SEO plugin. -->","yoast_head_json":{"title":"Mana\u017ement spoznania - LEI","description":"Rie\u0161enie probl\u00e9mov, uzatv\u00e1ranie doh\u00f4d, mentorovanie a vedenie \u2013 riadenie pomocou met\u00f3dy A3","robots":{"index":"index","follow":"follow","max-snippet":"max-snippet:-1","max-image-preview":"max-image-preview:large","max-video-preview":"max-video-preview:-1"},"canonical":"https:\/\/lean.org.hu\/en\/lean-konyvesbolt\/manazment-spoznania-vezesd-a-tanulast-szlovak-nyelven\/","og_locale":"en_GB","og_type":"article","og_title":"Mana\u017ement spoznania","og_description":"Rie\u0161enie probl\u00e9mov, uzatv\u00e1ranie doh\u00f4d, mentorovanie a vedenie \u2013 riadenie pomocou met\u00f3dy A3","og_url":"https:\/\/lean.org.hu\/en\/lean-konyvesbolt\/manazment-spoznania-vezesd-a-tanulast-szlovak-nyelven\/","og_site_name":"LEI","article_publisher":"https:\/\/www.facebook.com\/LEI.Hungary","article_modified_time":"2021-09-29T13:42:50+00:00","og_image":[{"width":425,"height":600,"url":"https:\/\/lean.org.hu\/wp-content\/uploads\/2020\/09\/Managing-to-learn_Bor\u00edt\u00f3k_425x600-1.jpg","type":"image\/jpeg"}],"twitter_card":"summary_large_image","twitter_misc":{"Estimated reading time":"2 minutes"},"schema":{"@context":"https:\/\/schema.org","@graph":[{"@type":"WebPage","@id":"https:\/\/lean.org.hu\/lean-konyvesbolt\/manazment-spoznania-vezesd-a-tanulast-szlovak-nyelven\/","url":"https:\/\/lean.org.hu\/lean-konyvesbolt\/manazment-spoznania-vezesd-a-tanulast-szlovak-nyelven\/","name":"Mana\u017ement spoznania - LEI","isPartOf":{"@id":"https:\/\/lean.org.hu\/#website"},"primaryImageOfPage":{"@id":"https:\/\/lean.org.hu\/lean-konyvesbolt\/manazment-spoznania-vezesd-a-tanulast-szlovak-nyelven\/#primaryimage"},"image":{"@id":"https:\/\/lean.org.hu\/lean-konyvesbolt\/manazment-spoznania-vezesd-a-tanulast-szlovak-nyelven\/#primaryimage"},"thumbnailUrl":"https:\/\/lean.org.hu\/wp-content\/uploads\/2020\/09\/Managing-to-learn_Bor\u00edt\u00f3k_425x600-1.jpg","datePublished":"2020-09-22T08:45:11+00:00","dateModified":"2021-09-29T13:42:50+00:00","description":"Rie\u0161enie probl\u00e9mov, uzatv\u00e1ranie doh\u00f4d, mentorovanie a vedenie \u2013 riadenie pomocou met\u00f3dy A3","breadcrumb":{"@id":"https:\/\/lean.org.hu\/lean-konyvesbolt\/manazment-spoznania-vezesd-a-tanulast-szlovak-nyelven\/#breadcrumb"},"inLanguage":"en-GB","potentialAction":[{"@type":"ReadAction","target":["https:\/\/lean.org.hu\/lean-konyvesbolt\/manazment-spoznania-vezesd-a-tanulast-szlovak-nyelven\/"]}]},{"@type":"ImageObject","inLanguage":"en-GB","@id":"https:\/\/lean.org.hu\/lean-konyvesbolt\/manazment-spoznania-vezesd-a-tanulast-szlovak-nyelven\/#primaryimage","url":"https:\/\/lean.org.hu\/wp-content\/uploads\/2020\/09\/Managing-to-learn_Bor\u00edt\u00f3k_425x600-1.jpg","contentUrl":"https:\/\/lean.org.hu\/wp-content\/uploads\/2020\/09\/Managing-to-learn_Bor\u00edt\u00f3k_425x600-1.jpg","width":425,"height":600,"caption":"Mana\u017emente spoznania"},{"@type":"BreadcrumbList","@id":"https:\/\/lean.org.hu\/lean-konyvesbolt\/manazment-spoznania-vezesd-a-tanulast-szlovak-nyelven\/#breadcrumb","itemListElement":[{"@type":"ListItem","position":1,"name":"Kezd\u0151lap","item":"https:\/\/lean.org.hu\/"},{"@type":"ListItem","position":2,"name":"Web\u00e1ruh\u00e1z oldal","item":"http:\/\/lean.org.hu\/en\/webaruhaz-aloldal\/"},{"@type":"ListItem","position":3,"name":"Mana\u017ement spoznania"}]},{"@type":"WebSite","@id":"https:\/\/lean.org.hu\/#website","url":"https:\/\/lean.org.hu\/","name":"LEI","description":"","publisher":{"@id":"https:\/\/lean.org.hu\/#organization"},"potentialAction":[{"@type":"SearchAction","target":{"@type":"EntryPoint","urlTemplate":"https:\/\/lean.org.hu\/?s={search_term_string}"},"query-input":{"@type":"PropertyValueSpecification","valueRequired":true,"valueName":"search_term_string"}}],"inLanguage":"en-GB"},{"@type":"Organization","@id":"https:\/\/lean.org.hu\/#organization","name":"LEI","url":"https:\/\/lean.org.hu\/","logo":{"@type":"ImageObject","inLanguage":"en-GB","@id":"https:\/\/lean.org.hu\/#\/schema\/logo\/image\/","url":"https:\/\/lean.org.hu\/wp-content\/uploads\/2020\/07\/cropped-lean_logo_final_color_horizontal.png","contentUrl":"https:\/\/lean.org.hu\/wp-content\/uploads\/2020\/07\/cropped-lean_logo_final_color_horizontal.png","width":779,"height":288,"caption":"LEI"},"image":{"@id":"https:\/\/lean.org.hu\/#\/schema\/logo\/image\/"},"sameAs":["https:\/\/www.facebook.com\/LEI.Hungary","https:\/\/www.linkedin.com\/company\/lean-enterprise-institute-hungary"]}]}},"_links":{"self":[{"href":"https:\/\/lean.org.hu\/en\/wp-json\/wp\/v2\/product\/1544","targetHints":{"allow":["GET"]}}],"collection":[{"href":"https:\/\/lean.org.hu\/en\/wp-json\/wp\/v2\/product"}],"about":[{"href":"https:\/\/lean.org.hu\/en\/wp-json\/wp\/v2\/types\/product"}],"wp:featuredmedia":[{"embeddable":true,"href":"https:\/\/lean.org.hu\/en\/wp-json\/wp\/v2\/media\/2834"}],"wp:attachment":[{"href":"https:\/\/lean.org.hu\/en\/wp-json\/wp\/v2\/media?parent=1544"}],"wp:term":[{"taxonomy":"product_brand","embeddable":true,"href":"https:\/\/lean.org.hu\/en\/wp-json\/wp\/v2\/product_brand?post=1544"},{"taxonomy":"product_cat","embeddable":true,"href":"https:\/\/lean.org.hu\/en\/wp-json\/wp\/v2\/product_cat?post=1544"},{"taxonomy":"product_tag","embeddable":true,"href":"https:\/\/lean.org.hu\/en\/wp-json\/wp\/v2\/product_tag?post=1544"}],"curies":[{"name":"wp","href":"https:\/\/api.w.org\/{rel}","templated":true}]}}