{"id":1542,"date":"2020-09-22T08:39:26","date_gmt":"2020-09-22T08:39:26","guid":{"rendered":"http:\/\/generaciokpartnere.hu\/leiwp\/?post_type=product&#038;p=1542"},"modified":"2021-09-29T11:57:33","modified_gmt":"2021-09-29T09:57:33","slug":"managing-to-learn-using-the-a3-management-process","status":"publish","type":"product","link":"https:\/\/lean.org.hu\/en\/lean-konyvesbolt\/managing-to-learn-using-the-a3-management-process\/","title":{"rendered":"Managing to Learn: Using the A3 management process"},"content":{"rendered":"<p><strong>Managing to Learn: Using the A3 management process<\/strong><br \/>\nJohn Shook<\/p>\n<p><strong>K\u00e9rd egyedi \u00e1raj\u00e1nlatunkat az\u00a0<a href=\"mailto:info@lean.org.hu\" target=\"_blank\" rel=\"noreferrer noopener\">info@lean.org.hu<\/a>\u00a0e-mail c\u00edmen! A k\u00f6nyvek \u00e1r\u00e1t l\u00e9giposta \u00e9s v\u00e1m is terheli.<\/strong>\u00a0Ezek pontos m\u00e9rt\u00e9ke a megrendel\u00e9s nagys\u00e1g\u00e1t\u00f3l f\u00fcgg, ez\u00e9rt k\u00e9rj\u00fck, minden esetben add meg a kiv\u00e1lasztott k\u00f6nyvek pontos c\u00edm\u00e9t, a megrendelni k\u00edv\u00e1nt p\u00e9ld\u00e1nysz\u00e1mot,\u00a0a megrendel\u0151 adatait, a sz\u00e1ml\u00e1z\u00e1si \u00e9s sz\u00e1ll\u00edt\u00e1si c\u00edmet. Az aj\u00e1nlatban t\u00e1j\u00e9koztatunk a v\u00e9g\u00f6sszegr\u0151l, illetve a megrendel\u00e9shez tartoz\u00f3 aktu\u00e1lis \u00e1rfolyamr\u00f3l. Megrendel\u00e9sed csak ennek visszaigazol\u00e1sa ut\u00e1n lesz akt\u00edv.<\/p>\n<p><strong>A Lean Enterprise Institute (LEI) \u00e1ltal publik\u00e1lt k\u00f6nyvek tagjaink sz\u00e1m\u00e1ra 20% kedvezm\u00e9nnyel rendelhet\u0151k!<\/strong>\u00a0A kedvezm\u00e9ny csak a LEI kiadv\u00e1nyaira vonatkozik. A\u00a0<a href=\"http:\/\/www.lean.org\/Bookstore\/ProductCatalog.cfm\" target=\"_blank\" rel=\"noreferrer noopener\">lean.org k\u00f6nyv\u00e1ruh\u00e1z\u00e1ban<\/a>\u00a0megtal\u00e1lhat\u00f3 valamennyi angol nyelv\u0171 lean szakirodalom megrendelhet\u0151 Egyes\u00fclet\u00fcnk\u00f6n kereszt\u00fcl.<\/p>\n<p><strong>Shingo Research and Professional Publication Award recipient<\/strong><\/p>\n<p><em>Managing to Learn<\/em>\u00a0by Toyota veteran John Shook, reveals the thinking underlying the vital A3 management process at the heart of lean management and lean leadership. Constructed as a dialogue between a manager and his boss, the book explains how \u201cA3 thinking\u201d helps managers and executives identify, frame, and then act on problems and challenges. Shook calls this approach, which is captured in the simple structure of an A3 report, \u201cthe key to Toyota\u2019s entire system of developing talent and continually deepening its knowledge and capabilities.\u201d<\/p>\n<p>The A3 Report is a Toyota-pioneered practice of getting the problem, the analysis, the corrective actions, and the action plan down on a single sheet of large (A3) paper, often with the use of graphics. A3 paper is the international term for a large sheet of paper, roughly equivalent to the 11-by-17-inch U.S. sheet.<\/p>\n<p>\u201cThe widespread adoption of the A3 process standardizes a methodology for innovating, planning, problem-solving, and building foundational structures for sharing a broader and deeper form of thinking that produces organizational learning deeply rooted in the work itself,\u201d says Shook, who 10 years ago co-authored\u00a0<em><a href=\"https:\/\/lean.org.hu\/en\/konyvesbolt\/learning-to-see\/\">Learning to See<\/a><\/em>, a groundbreaking LEI publication that taught readers how to map value streams to identify and eliminate waste.\u00a0<em>Learning to See<\/em>\u00a0has sold more than 173,000 copies and been translated into 12 languages.<\/p>\n<p>Management expert James Womack, Ph.D., LEI founder and chairman, predicts\u00a0<em>Managing to Learn<\/em>\u00a0will have as deep an impact on the way lean companies manage people as\u00a0<em>Learning to See<\/em>\u00a0had on managing processes. \u201cReaders will learn an underlying way of thinking that reframes all activities as learning activities at every level of the organization, whether it\u2019s standardized work and kaizen at the individual level, system kaizen at the managerial level, or fundamental strategic decisions at the corporate level.\u201d<\/p>\n<p>A unique layout puts the thoughts of a lean manager struggling to apply the A3 process to a key project on one side of the page and the probing questions of the boss who is coaching him through the process on the other side. As a result, readers learn how to write a powerful A3\u2014while learning why the technique is at the core of lean management and lean leadership.<\/p>\n<p><strong>Who Benefits<\/strong><br \/>\nExecutives and managers at all levels in the organization will benefit from the book. An A3 can be used wherever there is a need for people to work together to get clarity on a problem or proposal and then to create a set of realistic and effective countermeasures. A3s can be prepared by individuals, teams, or any leader and his or her report.<\/p>\n<p style=\"text-align: center;\"><a class=\"wp-block-button__link\" style=\"border-radius: 5px;\" href=\"https:\/\/drive.google.com\/file\/d\/1suU_E-lEMJ9D2JSXBEWMFWDboZ0zEScV\/view?usp=sharing\" target=\"_blank\" rel=\"noreferrer noopener\">Click to preview!<\/a><\/p>\n<p>ISBN: 978-1-934109-20-5<br \/>\nNumber of Pages: 138<\/p>","protected":false},"excerpt":{"rendered":"<p><em>Managing to Learn\u00a0by Toyota veteran John Shook, reveals the thinking underlying the vital A3 management process at the heart of lean management and lean leadership. Constructed as a dialogue between a manager and his boss, the book explains how \u201cA3 thinking\u201d helps managers and executives identify, frame, and then act on problems and challenges. Shook calls this approach, which is captured in the simple structure of an A3 report, \u201cthe key to Toyota\u2019s entire system of developing talent and continually deepening its knowledge and capabilities.\u201d<\/em><\/p>","protected":false},"featured_media":2835,"template":"","meta":{"_eb_attr":""},"product_brand":[],"product_cat":[69],"product_tag":[],"class_list":{"0":"post-1542","1":"product","2":"type-product","3":"status-publish","4":"has-post-thumbnail","6":"product_cat-lean-temaju-konyvek-idegen-nyelven","7":"infinite-scroll-item","8":"no-featured-image-padding","9":"sales-flash-overlay","10":"woocommerce-text-align-left","11":"woocommerce-image-align-left","12":"do-quantity-buttons","14":"first","15":"outofstock","16":"taxable","17":"shipping-taxable","18":"purchasable","19":"product-type-simple"},"yoast_head":"<!-- This site is optimized with the Yoast SEO plugin v27.4 - https:\/\/yoast.com\/product\/yoast-seo-wordpress\/ -->\n<title>Managing to Learn: Using the A3 management process - LEI<\/title>\n<meta name=\"description\" content=\"Managing to Learn by Toyota veteran John Shook, reveals the thinking underlying the vital A3 management process\" \/>\n<meta name=\"robots\" content=\"index, follow, max-snippet:-1, max-image-preview:large, max-video-preview:-1\" \/>\n<link rel=\"canonical\" href=\"https:\/\/lean.org.hu\/en\/lean-konyvesbolt\/managing-to-learn-using-the-a3-management-process\/\" \/>\n<meta property=\"og:locale\" content=\"en_GB\" \/>\n<meta property=\"og:type\" content=\"article\" \/>\n<meta property=\"og:title\" content=\"Managing to Learn\" \/>\n<meta property=\"og:description\" content=\"Managing to Learn by Toyota veteran John Shook, reveals the thinking underlying the vital A3 management process\" \/>\n<meta property=\"og:url\" content=\"https:\/\/lean.org.hu\/en\/lean-konyvesbolt\/managing-to-learn-using-the-a3-management-process\/\" \/>\n<meta property=\"og:site_name\" content=\"LEI\" \/>\n<meta property=\"article:publisher\" content=\"https:\/\/www.facebook.com\/LEI.Hungary\" \/>\n<meta property=\"article:modified_time\" content=\"2021-09-29T09:57:33+00:00\" \/>\n<meta property=\"og:image\" content=\"https:\/\/lean.org.hu\/wp-content\/uploads\/2020\/09\/Managing-to-learn_Bor\u00edt\u00f3k_425x600.jpg\" \/>\n\t<meta property=\"og:image:width\" content=\"425\" \/>\n\t<meta property=\"og:image:height\" content=\"600\" \/>\n\t<meta property=\"og:image:type\" content=\"image\/jpeg\" \/>\n<meta name=\"twitter:card\" content=\"summary_large_image\" \/>\n<meta name=\"twitter:label1\" content=\"Estimated reading time\" \/>\n\t<meta name=\"twitter:data1\" content=\"3 minutes\" \/>\n<script type=\"application\/ld+json\" class=\"yoast-schema-graph\">{\"@context\":\"https:\\\/\\\/schema.org\",\"@graph\":[{\"@type\":\"WebPage\",\"@id\":\"https:\\\/\\\/lean.org.hu\\\/lean-konyvesbolt\\\/managing-to-learn-using-the-a3-management-process\\\/\",\"url\":\"https:\\\/\\\/lean.org.hu\\\/lean-konyvesbolt\\\/managing-to-learn-using-the-a3-management-process\\\/\",\"name\":\"Managing to Learn: Using the A3 management process - LEI\",\"isPartOf\":{\"@id\":\"https:\\\/\\\/lean.org.hu\\\/#website\"},\"primaryImageOfPage\":{\"@id\":\"https:\\\/\\\/lean.org.hu\\\/lean-konyvesbolt\\\/managing-to-learn-using-the-a3-management-process\\\/#primaryimage\"},\"image\":{\"@id\":\"https:\\\/\\\/lean.org.hu\\\/lean-konyvesbolt\\\/managing-to-learn-using-the-a3-management-process\\\/#primaryimage\"},\"thumbnailUrl\":\"https:\\\/\\\/lean.org.hu\\\/wp-content\\\/uploads\\\/2020\\\/09\\\/Managing-to-learn_Bor\u00edt\u00f3k_425x600.jpg\",\"datePublished\":\"2020-09-22T08:39:26+00:00\",\"dateModified\":\"2021-09-29T09:57:33+00:00\",\"description\":\"Managing to Learn by Toyota veteran John Shook, reveals the thinking underlying the vital A3 management process\",\"breadcrumb\":{\"@id\":\"https:\\\/\\\/lean.org.hu\\\/lean-konyvesbolt\\\/managing-to-learn-using-the-a3-management-process\\\/#breadcrumb\"},\"inLanguage\":\"en-GB\",\"potentialAction\":[{\"@type\":\"ReadAction\",\"target\":[\"https:\\\/\\\/lean.org.hu\\\/lean-konyvesbolt\\\/managing-to-learn-using-the-a3-management-process\\\/\"]}]},{\"@type\":\"ImageObject\",\"inLanguage\":\"en-GB\",\"@id\":\"https:\\\/\\\/lean.org.hu\\\/lean-konyvesbolt\\\/managing-to-learn-using-the-a3-management-process\\\/#primaryimage\",\"url\":\"https:\\\/\\\/lean.org.hu\\\/wp-content\\\/uploads\\\/2020\\\/09\\\/Managing-to-learn_Bor\u00edt\u00f3k_425x600.jpg\",\"contentUrl\":\"https:\\\/\\\/lean.org.hu\\\/wp-content\\\/uploads\\\/2020\\\/09\\\/Managing-to-learn_Bor\u00edt\u00f3k_425x600.jpg\",\"width\":425,\"height\":600,\"caption\":\"Managing to learn cover\"},{\"@type\":\"BreadcrumbList\",\"@id\":\"https:\\\/\\\/lean.org.hu\\\/lean-konyvesbolt\\\/managing-to-learn-using-the-a3-management-process\\\/#breadcrumb\",\"itemListElement\":[{\"@type\":\"ListItem\",\"position\":1,\"name\":\"Kezd\u0151lap\",\"item\":\"https:\\\/\\\/lean.org.hu\\\/\"},{\"@type\":\"ListItem\",\"position\":2,\"name\":\"Web\u00e1ruh\u00e1z oldal\",\"item\":\"http:\\\/\\\/lean.org.hu\\\/en\\\/webaruhaz-aloldal\\\/\"},{\"@type\":\"ListItem\",\"position\":3,\"name\":\"Managing to Learn: Using the A3 management process\"}]},{\"@type\":\"WebSite\",\"@id\":\"https:\\\/\\\/lean.org.hu\\\/#website\",\"url\":\"https:\\\/\\\/lean.org.hu\\\/\",\"name\":\"LEI\",\"description\":\"\",\"publisher\":{\"@id\":\"https:\\\/\\\/lean.org.hu\\\/#organization\"},\"potentialAction\":[{\"@type\":\"SearchAction\",\"target\":{\"@type\":\"EntryPoint\",\"urlTemplate\":\"https:\\\/\\\/lean.org.hu\\\/?s={search_term_string}\"},\"query-input\":{\"@type\":\"PropertyValueSpecification\",\"valueRequired\":true,\"valueName\":\"search_term_string\"}}],\"inLanguage\":\"en-GB\"},{\"@type\":\"Organization\",\"@id\":\"https:\\\/\\\/lean.org.hu\\\/#organization\",\"name\":\"LEI\",\"url\":\"https:\\\/\\\/lean.org.hu\\\/\",\"logo\":{\"@type\":\"ImageObject\",\"inLanguage\":\"en-GB\",\"@id\":\"https:\\\/\\\/lean.org.hu\\\/#\\\/schema\\\/logo\\\/image\\\/\",\"url\":\"https:\\\/\\\/lean.org.hu\\\/wp-content\\\/uploads\\\/2020\\\/07\\\/cropped-lean_logo_final_color_horizontal.png\",\"contentUrl\":\"https:\\\/\\\/lean.org.hu\\\/wp-content\\\/uploads\\\/2020\\\/07\\\/cropped-lean_logo_final_color_horizontal.png\",\"width\":779,\"height\":288,\"caption\":\"LEI\"},\"image\":{\"@id\":\"https:\\\/\\\/lean.org.hu\\\/#\\\/schema\\\/logo\\\/image\\\/\"},\"sameAs\":[\"https:\\\/\\\/www.facebook.com\\\/LEI.Hungary\",\"https:\\\/\\\/www.linkedin.com\\\/company\\\/lean-enterprise-institute-hungary\"]}]}<\/script>\n<!-- \/ Yoast SEO plugin. -->","yoast_head_json":{"title":"Managing to Learn: Using the A3 management process - LEI","description":"Managing to Learn by Toyota veteran John Shook, reveals the thinking underlying the vital A3 management process","robots":{"index":"index","follow":"follow","max-snippet":"max-snippet:-1","max-image-preview":"max-image-preview:large","max-video-preview":"max-video-preview:-1"},"canonical":"https:\/\/lean.org.hu\/en\/lean-konyvesbolt\/managing-to-learn-using-the-a3-management-process\/","og_locale":"en_GB","og_type":"article","og_title":"Managing to Learn","og_description":"Managing to Learn by Toyota veteran John Shook, reveals the thinking underlying the vital A3 management process","og_url":"https:\/\/lean.org.hu\/en\/lean-konyvesbolt\/managing-to-learn-using-the-a3-management-process\/","og_site_name":"LEI","article_publisher":"https:\/\/www.facebook.com\/LEI.Hungary","article_modified_time":"2021-09-29T09:57:33+00:00","og_image":[{"width":425,"height":600,"url":"https:\/\/lean.org.hu\/wp-content\/uploads\/2020\/09\/Managing-to-learn_Bor\u00edt\u00f3k_425x600.jpg","type":"image\/jpeg"}],"twitter_card":"summary_large_image","twitter_misc":{"Estimated reading time":"3 minutes"},"schema":{"@context":"https:\/\/schema.org","@graph":[{"@type":"WebPage","@id":"https:\/\/lean.org.hu\/lean-konyvesbolt\/managing-to-learn-using-the-a3-management-process\/","url":"https:\/\/lean.org.hu\/lean-konyvesbolt\/managing-to-learn-using-the-a3-management-process\/","name":"Managing to Learn: Using the A3 management process - LEI","isPartOf":{"@id":"https:\/\/lean.org.hu\/#website"},"primaryImageOfPage":{"@id":"https:\/\/lean.org.hu\/lean-konyvesbolt\/managing-to-learn-using-the-a3-management-process\/#primaryimage"},"image":{"@id":"https:\/\/lean.org.hu\/lean-konyvesbolt\/managing-to-learn-using-the-a3-management-process\/#primaryimage"},"thumbnailUrl":"https:\/\/lean.org.hu\/wp-content\/uploads\/2020\/09\/Managing-to-learn_Bor\u00edt\u00f3k_425x600.jpg","datePublished":"2020-09-22T08:39:26+00:00","dateModified":"2021-09-29T09:57:33+00:00","description":"Managing to Learn by Toyota veteran John Shook, reveals the thinking underlying the vital A3 management process","breadcrumb":{"@id":"https:\/\/lean.org.hu\/lean-konyvesbolt\/managing-to-learn-using-the-a3-management-process\/#breadcrumb"},"inLanguage":"en-GB","potentialAction":[{"@type":"ReadAction","target":["https:\/\/lean.org.hu\/lean-konyvesbolt\/managing-to-learn-using-the-a3-management-process\/"]}]},{"@type":"ImageObject","inLanguage":"en-GB","@id":"https:\/\/lean.org.hu\/lean-konyvesbolt\/managing-to-learn-using-the-a3-management-process\/#primaryimage","url":"https:\/\/lean.org.hu\/wp-content\/uploads\/2020\/09\/Managing-to-learn_Bor\u00edt\u00f3k_425x600.jpg","contentUrl":"https:\/\/lean.org.hu\/wp-content\/uploads\/2020\/09\/Managing-to-learn_Bor\u00edt\u00f3k_425x600.jpg","width":425,"height":600,"caption":"Managing to learn cover"},{"@type":"BreadcrumbList","@id":"https:\/\/lean.org.hu\/lean-konyvesbolt\/managing-to-learn-using-the-a3-management-process\/#breadcrumb","itemListElement":[{"@type":"ListItem","position":1,"name":"Kezd\u0151lap","item":"https:\/\/lean.org.hu\/"},{"@type":"ListItem","position":2,"name":"Web\u00e1ruh\u00e1z oldal","item":"http:\/\/lean.org.hu\/en\/webaruhaz-aloldal\/"},{"@type":"ListItem","position":3,"name":"Managing to Learn: Using the A3 management process"}]},{"@type":"WebSite","@id":"https:\/\/lean.org.hu\/#website","url":"https:\/\/lean.org.hu\/","name":"LEI","description":"","publisher":{"@id":"https:\/\/lean.org.hu\/#organization"},"potentialAction":[{"@type":"SearchAction","target":{"@type":"EntryPoint","urlTemplate":"https:\/\/lean.org.hu\/?s={search_term_string}"},"query-input":{"@type":"PropertyValueSpecification","valueRequired":true,"valueName":"search_term_string"}}],"inLanguage":"en-GB"},{"@type":"Organization","@id":"https:\/\/lean.org.hu\/#organization","name":"LEI","url":"https:\/\/lean.org.hu\/","logo":{"@type":"ImageObject","inLanguage":"en-GB","@id":"https:\/\/lean.org.hu\/#\/schema\/logo\/image\/","url":"https:\/\/lean.org.hu\/wp-content\/uploads\/2020\/07\/cropped-lean_logo_final_color_horizontal.png","contentUrl":"https:\/\/lean.org.hu\/wp-content\/uploads\/2020\/07\/cropped-lean_logo_final_color_horizontal.png","width":779,"height":288,"caption":"LEI"},"image":{"@id":"https:\/\/lean.org.hu\/#\/schema\/logo\/image\/"},"sameAs":["https:\/\/www.facebook.com\/LEI.Hungary","https:\/\/www.linkedin.com\/company\/lean-enterprise-institute-hungary"]}]}},"_links":{"self":[{"href":"https:\/\/lean.org.hu\/en\/wp-json\/wp\/v2\/product\/1542","targetHints":{"allow":["GET"]}}],"collection":[{"href":"https:\/\/lean.org.hu\/en\/wp-json\/wp\/v2\/product"}],"about":[{"href":"https:\/\/lean.org.hu\/en\/wp-json\/wp\/v2\/types\/product"}],"wp:featuredmedia":[{"embeddable":true,"href":"https:\/\/lean.org.hu\/en\/wp-json\/wp\/v2\/media\/2835"}],"wp:attachment":[{"href":"https:\/\/lean.org.hu\/en\/wp-json\/wp\/v2\/media?parent=1542"}],"wp:term":[{"taxonomy":"product_brand","embeddable":true,"href":"https:\/\/lean.org.hu\/en\/wp-json\/wp\/v2\/product_brand?post=1542"},{"taxonomy":"product_cat","embeddable":true,"href":"https:\/\/lean.org.hu\/en\/wp-json\/wp\/v2\/product_cat?post=1542"},{"taxonomy":"product_tag","embeddable":true,"href":"https:\/\/lean.org.hu\/en\/wp-json\/wp\/v2\/product_tag?post=1542"}],"curies":[{"name":"wp","href":"https:\/\/api.w.org\/{rel}","templated":true}]}}