{"id":1536,"date":"2020-09-22T08:20:32","date_gmt":"2020-09-22T08:20:32","guid":{"rendered":"http:\/\/generaciokpartnere.hu\/leiwp\/?post_type=product&#038;p=1536"},"modified":"2021-09-29T11:57:33","modified_gmt":"2021-09-29T09:57:33","slug":"the-lean-manager","status":"publish","type":"product","link":"https:\/\/lean.org.hu\/en\/lean-konyvesbolt\/the-lean-manager\/","title":{"rendered":"The Lean Manager"},"content":{"rendered":"<p><strong>The Lean Manager<\/strong><br \/>\nMichael Ball\u00e9 and Freddy Ball\u00e9<\/p>\n<p><strong>Shingo Research and Professional Publication Award recipient<\/strong><\/p>\n<p><strong>K\u00e9rd egyedi \u00e1raj\u00e1nlatunkat az\u00a0<a href=\"mailto:info@lean.org.hu\" target=\"_blank\" rel=\"noreferrer noopener\">info@lean.org.hu<\/a>\u00a0e-mail c\u00edmen! A k\u00f6nyvek \u00e1r\u00e1t l\u00e9giposta \u00e9s v\u00e1m is terheli.<\/strong>\u00a0Ezek pontos m\u00e9rt\u00e9ke a megrendel\u00e9s nagys\u00e1g\u00e1t\u00f3l f\u00fcgg, ez\u00e9rt k\u00e9rj\u00fck, minden esetben add meg a kiv\u00e1lasztott k\u00f6nyvek pontos c\u00edm\u00e9t, a megrendelni k\u00edv\u00e1nt p\u00e9ld\u00e1nysz\u00e1mot,\u00a0a megrendel\u0151 adatait, a sz\u00e1ml\u00e1z\u00e1si \u00e9s sz\u00e1ll\u00edt\u00e1si c\u00edmet. Az aj\u00e1nlatban t\u00e1j\u00e9koztatunk a v\u00e9g\u00f6sszegr\u0151l, illetve a megrendel\u00e9shez tartoz\u00f3 aktu\u00e1lis \u00e1rfolyamr\u00f3l. Megrendel\u00e9sed csak ennek visszaigazol\u00e1sa ut\u00e1n lesz akt\u00edv.<\/p>\n<p><strong>A Lean Enterprise Institute (LEI) \u00e1ltal publik\u00e1lt k\u00f6nyvek tagjaink sz\u00e1m\u00e1ra 20% kedvezm\u00e9nnyel rendelhet\u0151k!<\/strong>\u00a0A kedvezm\u00e9ny csak a LEI kiadv\u00e1nyaira vonatkozik. A\u00a0<a href=\"http:\/\/www.lean.org\/Bookstore\/ProductCatalog.cfm\" target=\"_blank\" rel=\"noreferrer noopener\">lean.org k\u00f6nyv\u00e1ruh\u00e1z\u00e1ban<\/a>\u00a0megtal\u00e1lhat\u00f3 valamennyi angol nyelv\u0171 lean szakirodalom megrendelhet\u0151 Egyes\u00fclet\u00fcnk\u00f6n kereszt\u00fcl.<\/p>\n<p><strong>A k\u00f6nyv e-book form\u00e1ban is el\u00e9rhet\u0151:<\/strong>\u00a0<a href=\"http:\/\/www.amazon.com\/gp\/product\/B005O23L0K\/ref=as_li_tf_tl?ie=UTF8&amp;camp=1789&amp;creative=9325&amp;creativeASIN=B005O23L0K&amp;linkCode=as2&amp;tag=leanenterinst-20\" target=\"_blank\" rel=\"noopener noreferrer\">Amazon (US)<\/a>,\u00a0<a href=\"https:\/\/www.amazon.ca\/dp\/B005O23L0K\" target=\"_blank\" rel=\"noopener noreferrer\">Amazon.ca<\/a>,\u00a0<a href=\"http:\/\/www.amazon.co.uk\/Lean-Manager-Novel-Transformation-ebook\/dp\/B005O23L0K\/ref=sr_1_2?ie=UTF8&amp;qid=1316633994&amp;sr=8-2\" target=\"_blank\" rel=\"noopener noreferrer\">Amazon.co.uk<\/a>,\u00a0<a href=\"https:\/\/www.amazon.com.br\/dp\/B005O23L0K\" target=\"_blank\" rel=\"noopener noreferrer\">Amazon.com.br<\/a>,\u00a0<a href=\"http:\/\/www.amazon.de\/Lean-Manager-Novel-Transformation-ebook\/dp\/B005O23L0K\/ref=sr_1_1?ie=UTF8&amp;qid=1316634023&amp;sr=8-1\" target=\"_blank\" rel=\"noopener noreferrer\">Amazon.de<\/a>,\u00a0<a href=\"https:\/\/www.amazon.es\/dp\/B005O23L0K\" target=\"_blank\" rel=\"noopener noreferrer\">Amazon.es<\/a>,\u00a0<a href=\"http:\/\/www.amazon.fr\/Lean-Manager-Novel-Transformation-ebook\/dp\/B005O23L0K\/\" target=\"_blank\" rel=\"noopener noreferrer\">Amazon.fr<\/a>\u00a0<a href=\"https:\/\/www.amazon.it\/dp\/B005O23L0K\" target=\"_blank\" rel=\"noopener noreferrer\">Amazon.it<\/a>,\u00a0<a href=\"http:\/\/www.amazon.co.jp\/dp\/B005O23L0K\" target=\"_blank\" rel=\"noopener noreferrer\">Amazon.co.jp<\/a>;\u00a0<a href=\"https:\/\/itunes.apple.com\/us\/book\/the-lean-manager\/id466529042?mt=11&amp;uo=4&amp;at=10l9QJ\" target=\"_blank\" rel=\"noopener noreferrer\">Apple<\/a>; and\u00a0<a href=\"https:\/\/play.google.com\/store\/books\/details\/Michael_Ball%C3%A9_The_Lean_Manager?id=6yZuUQl4F24C&amp;feature=more_from_author#?t=W251bGwsMSwxLDEwMywiYm9vay02eVp1VVFsNEYyNEMiXQ..\" target=\"_blank\" rel=\"noopener noreferrer\">Google<\/a><\/p>\n<p>In this groundbreaking sequel to\u00a0<em><a href=\"http:\/\/www.lean.org\/BookStore\/ProductDetails.cfm?SelectedProductId=127\">The Gold Mine<\/a><\/em>, authors Michael and Freddy Ball\u00e9 present a compelling story that teaches readers the most important lean lesson of all: how to transform themselves and their workers through the discipline of learning the lean system.<\/p>\n<p><em>The Lean Manager: A Novel of Lean Transformation<\/em>\u00a0reveals how individuals can go beyond the short-term gains from tools, and realize a deeper, sustainable path of improvement. Full of human moments that capture the excitement and drama of lean implementation, as well as clear explanations of how tools and systems go hand-in-hand, this book will teach and inspire every person working to make lean a reality in their organization today.<\/p>\n<p>This book will help you learn both the\u00a0<strong>how<\/strong>\u00a0of doing lean, as well as the\u00a0<strong>why<\/strong>\u00a0behind the tools, enabling you to become lean.<\/p>\n<p>Lean is the most important business model for competitive success today. Yet companies still struggle to sustain enduring and deep-rooted business success from their lean implementation efforts.<\/p>\n<p>The most important problem for these companies is\u00a0<em>becoming<\/em>\u00a0lean: how can they advance beyond realizing isolated gains from deploying lean tools, to fundamentally changing how they operate, think, and learn? In other words, how can companies learn to go beyond lean turnaround to achieve lean transformation?<\/p>\n<p><em>The Lean Manager: A Novel of Lean Transformation<\/em>, by lean experts Michael and Freddy Ball\u00e9, addresses this critical problem. As we move from what Jim Womack, author, lean management authority, and LEI founder, calls \u201cthe era of lean tools to the era of lean management,\u201d\u00a0<em>The Lean Manager<\/em>\u00a0gives companies a definitive guide for sustaining their ability to learn and improve operations and financial performance, while continually developing people.<\/p>\n<p><em>\u201cThe only way to become and stay lean is to produce lean managers,\u201d<\/em>\u00a0says Womack.\u00a0<em>\u201cEvery isolated effort will recede\u2014or fail\u2014unless companies learn to use the lean process as a way of developing individual problem-solvers with the ownership, initiative, and know-how to solve problems, learn, and ultimately coach new individuals in this discipline. That\u2019s why this book matters so much.\u201d<\/em><\/p>\n<p><em>The Lean Manager<\/em>, the sequel to the Ball\u00e9\u2019s international bestselling business novel<em>\u00a0The Gold Mine,<\/em>\u00a0tells the compelling story of plant manager Andrew Ward as he goes through the challenging but rewarding journey to becoming a lean manager. Under the guidance of Phil Jenkinson (whose own lean journey was at the core of\u00a0<em>The Gold Mine<\/em>), Ward learns to use a deep understanding of lean tools, as well as a technical know-how of his plant\u2019s operations, to foster a lean attitude that sustains continuous improvement.<\/p>\n<p>Where\u00a0<em>The Gold Mine<\/em>\u00a0shows you how to introduce a complete lean system,\u00a0<em>The Lean Manager<\/em>\u00a0demonstrates how to sustain it. Ward moves beyond fluency with tools to changing his behavior as a manager and leader. He shifts from giving orders and answers to asking the right questions so people identify and address problems. He learns how to use tools to unleash the creativity and motivation of people, so they learn how to solve problems as well as coach and teach others to solve problems. Ward learns how to create lean managers.<\/p>\n<p><em>\u201cI am excited and have hopes that this book will enlighten readers about what it really means to live a business transformation that puts customers first and does this through developing people,\u201d said Jeffrey Liker, author of The Toyota Way and professor of Industrial and Operations Engineering at the University of Michigan. \u201cPeople who do the work have to improve the work. There are tools, but they are not tools for \u2018improving the process.\u2019 They are tools for making problems visible and for helping people think about how to solve those problems.\u201d<\/em><\/p>\n<p style=\"text-align: center;\"><a class=\"wp-block-button__link\" style=\"border-radius: 5px;\" href=\"https:\/\/drive.google.com\/file\/d\/1zW-8GIn3a1ghOIVkPFVAeYY63q2w0g4J\/view?usp=sharing\" target=\"_blank\" rel=\"noreferrer noopener\">Click to preview!<\/a><\/p>","protected":false},"excerpt":{"rendered":"<p><em>\u201cIn this groundbreaking sequel to\u00a0The Gold Mine, authors Michael and Freddy Ball\u00e9 present a compelling story that teaches readers the most important lean lesson of all: how to transform themselves and their workers through the discipline of learning the lean system.\u201d<\/em><\/p>","protected":false},"featured_media":2837,"template":"","meta":{"_eb_attr":""},"product_brand":[],"product_cat":[69],"product_tag":[],"class_list":{"0":"post-1536","1":"product","2":"type-product","3":"status-publish","4":"has-post-thumbnail","6":"product_cat-lean-temaju-konyvek-idegen-nyelven","7":"infinite-scroll-item","8":"no-featured-image-padding","9":"sales-flash-overlay","10":"woocommerce-text-align-left","11":"woocommerce-image-align-left","12":"do-quantity-buttons","14":"first","15":"outofstock","16":"taxable","17":"shipping-taxable","18":"purchasable","19":"product-type-simple"},"yoast_head":"<!-- This site is optimized with the Yoast SEO plugin v27.4 - https:\/\/yoast.com\/product\/yoast-seo-wordpress\/ -->\n<title>The Lean Manager - LEI<\/title>\n<meta name=\"description\" content=\"This book will help you learn both the\u00a0how\u00a0of doing lean, as well as the\u00a0why\u00a0behind the tools, enabling you to become lean.\" \/>\n<meta name=\"robots\" content=\"index, follow, max-snippet:-1, max-image-preview:large, max-video-preview:-1\" \/>\n<link rel=\"canonical\" href=\"https:\/\/lean.org.hu\/en\/lean-konyvesbolt\/the-lean-manager\/\" \/>\n<meta property=\"og:locale\" content=\"en_GB\" \/>\n<meta property=\"og:type\" content=\"article\" \/>\n<meta property=\"og:title\" content=\"The Lean Manager\" \/>\n<meta property=\"og:description\" content=\"This book will help you learn both the\u00a0how\u00a0of doing lean, as well as the\u00a0why\u00a0behind the tools, enabling you to become lean.\" \/>\n<meta property=\"og:url\" content=\"https:\/\/lean.org.hu\/en\/lean-konyvesbolt\/the-lean-manager\/\" \/>\n<meta property=\"og:site_name\" content=\"LEI\" \/>\n<meta property=\"article:publisher\" content=\"https:\/\/www.facebook.com\/LEI.Hungary\" \/>\n<meta property=\"article:modified_time\" content=\"2021-09-29T09:57:33+00:00\" \/>\n<meta property=\"og:image\" content=\"https:\/\/lean.org.hu\/wp-content\/uploads\/2020\/09\/The-lean-manager_Bor\u00edt\u00f3k_425x600.jpg\" \/>\n\t<meta property=\"og:image:width\" content=\"425\" \/>\n\t<meta property=\"og:image:height\" content=\"600\" \/>\n\t<meta property=\"og:image:type\" content=\"image\/jpeg\" \/>\n<meta name=\"twitter:card\" content=\"summary_large_image\" \/>\n<meta name=\"twitter:label1\" content=\"Estimated reading time\" \/>\n\t<meta name=\"twitter:data1\" content=\"4 minutes\" \/>\n<script type=\"application\/ld+json\" class=\"yoast-schema-graph\">{\"@context\":\"https:\\\/\\\/schema.org\",\"@graph\":[{\"@type\":\"WebPage\",\"@id\":\"https:\\\/\\\/lean.org.hu\\\/lean-konyvesbolt\\\/the-lean-manager\\\/\",\"url\":\"https:\\\/\\\/lean.org.hu\\\/lean-konyvesbolt\\\/the-lean-manager\\\/\",\"name\":\"The Lean Manager - LEI\",\"isPartOf\":{\"@id\":\"https:\\\/\\\/lean.org.hu\\\/#website\"},\"primaryImageOfPage\":{\"@id\":\"https:\\\/\\\/lean.org.hu\\\/lean-konyvesbolt\\\/the-lean-manager\\\/#primaryimage\"},\"image\":{\"@id\":\"https:\\\/\\\/lean.org.hu\\\/lean-konyvesbolt\\\/the-lean-manager\\\/#primaryimage\"},\"thumbnailUrl\":\"https:\\\/\\\/lean.org.hu\\\/wp-content\\\/uploads\\\/2020\\\/09\\\/The-lean-manager_Bor\u00edt\u00f3k_425x600.jpg\",\"datePublished\":\"2020-09-22T08:20:32+00:00\",\"dateModified\":\"2021-09-29T09:57:33+00:00\",\"description\":\"This book will help you learn both the\u00a0how\u00a0of doing lean, as well as the\u00a0why\u00a0behind the tools, enabling you to become lean.\",\"breadcrumb\":{\"@id\":\"https:\\\/\\\/lean.org.hu\\\/lean-konyvesbolt\\\/the-lean-manager\\\/#breadcrumb\"},\"inLanguage\":\"en-GB\",\"potentialAction\":[{\"@type\":\"ReadAction\",\"target\":[\"https:\\\/\\\/lean.org.hu\\\/lean-konyvesbolt\\\/the-lean-manager\\\/\"]}]},{\"@type\":\"ImageObject\",\"inLanguage\":\"en-GB\",\"@id\":\"https:\\\/\\\/lean.org.hu\\\/lean-konyvesbolt\\\/the-lean-manager\\\/#primaryimage\",\"url\":\"https:\\\/\\\/lean.org.hu\\\/wp-content\\\/uploads\\\/2020\\\/09\\\/The-lean-manager_Bor\u00edt\u00f3k_425x600.jpg\",\"contentUrl\":\"https:\\\/\\\/lean.org.hu\\\/wp-content\\\/uploads\\\/2020\\\/09\\\/The-lean-manager_Bor\u00edt\u00f3k_425x600.jpg\",\"width\":425,\"height\":600,\"caption\":\"The lean manager cover\"},{\"@type\":\"BreadcrumbList\",\"@id\":\"https:\\\/\\\/lean.org.hu\\\/lean-konyvesbolt\\\/the-lean-manager\\\/#breadcrumb\",\"itemListElement\":[{\"@type\":\"ListItem\",\"position\":1,\"name\":\"Kezd\u0151lap\",\"item\":\"https:\\\/\\\/lean.org.hu\\\/\"},{\"@type\":\"ListItem\",\"position\":2,\"name\":\"Web\u00e1ruh\u00e1z oldal\",\"item\":\"http:\\\/\\\/lean.org.hu\\\/en\\\/webaruhaz-aloldal\\\/\"},{\"@type\":\"ListItem\",\"position\":3,\"name\":\"The Lean Manager\"}]},{\"@type\":\"WebSite\",\"@id\":\"https:\\\/\\\/lean.org.hu\\\/#website\",\"url\":\"https:\\\/\\\/lean.org.hu\\\/\",\"name\":\"LEI\",\"description\":\"\",\"publisher\":{\"@id\":\"https:\\\/\\\/lean.org.hu\\\/#organization\"},\"potentialAction\":[{\"@type\":\"SearchAction\",\"target\":{\"@type\":\"EntryPoint\",\"urlTemplate\":\"https:\\\/\\\/lean.org.hu\\\/?s={search_term_string}\"},\"query-input\":{\"@type\":\"PropertyValueSpecification\",\"valueRequired\":true,\"valueName\":\"search_term_string\"}}],\"inLanguage\":\"en-GB\"},{\"@type\":\"Organization\",\"@id\":\"https:\\\/\\\/lean.org.hu\\\/#organization\",\"name\":\"LEI\",\"url\":\"https:\\\/\\\/lean.org.hu\\\/\",\"logo\":{\"@type\":\"ImageObject\",\"inLanguage\":\"en-GB\",\"@id\":\"https:\\\/\\\/lean.org.hu\\\/#\\\/schema\\\/logo\\\/image\\\/\",\"url\":\"https:\\\/\\\/lean.org.hu\\\/wp-content\\\/uploads\\\/2020\\\/07\\\/cropped-lean_logo_final_color_horizontal.png\",\"contentUrl\":\"https:\\\/\\\/lean.org.hu\\\/wp-content\\\/uploads\\\/2020\\\/07\\\/cropped-lean_logo_final_color_horizontal.png\",\"width\":779,\"height\":288,\"caption\":\"LEI\"},\"image\":{\"@id\":\"https:\\\/\\\/lean.org.hu\\\/#\\\/schema\\\/logo\\\/image\\\/\"},\"sameAs\":[\"https:\\\/\\\/www.facebook.com\\\/LEI.Hungary\",\"https:\\\/\\\/www.linkedin.com\\\/company\\\/lean-enterprise-institute-hungary\"]}]}<\/script>\n<!-- \/ Yoast SEO plugin. -->","yoast_head_json":{"title":"The Lean Manager - LEI","description":"This book will help you learn both the\u00a0how\u00a0of doing lean, as well as the\u00a0why\u00a0behind the tools, enabling you to become lean.","robots":{"index":"index","follow":"follow","max-snippet":"max-snippet:-1","max-image-preview":"max-image-preview:large","max-video-preview":"max-video-preview:-1"},"canonical":"https:\/\/lean.org.hu\/en\/lean-konyvesbolt\/the-lean-manager\/","og_locale":"en_GB","og_type":"article","og_title":"The Lean Manager","og_description":"This book will help you learn both the\u00a0how\u00a0of doing lean, as well as the\u00a0why\u00a0behind the tools, enabling you to become lean.","og_url":"https:\/\/lean.org.hu\/en\/lean-konyvesbolt\/the-lean-manager\/","og_site_name":"LEI","article_publisher":"https:\/\/www.facebook.com\/LEI.Hungary","article_modified_time":"2021-09-29T09:57:33+00:00","og_image":[{"width":425,"height":600,"url":"https:\/\/lean.org.hu\/wp-content\/uploads\/2020\/09\/The-lean-manager_Bor\u00edt\u00f3k_425x600.jpg","type":"image\/jpeg"}],"twitter_card":"summary_large_image","twitter_misc":{"Estimated reading time":"4 minutes"},"schema":{"@context":"https:\/\/schema.org","@graph":[{"@type":"WebPage","@id":"https:\/\/lean.org.hu\/lean-konyvesbolt\/the-lean-manager\/","url":"https:\/\/lean.org.hu\/lean-konyvesbolt\/the-lean-manager\/","name":"The Lean Manager - LEI","isPartOf":{"@id":"https:\/\/lean.org.hu\/#website"},"primaryImageOfPage":{"@id":"https:\/\/lean.org.hu\/lean-konyvesbolt\/the-lean-manager\/#primaryimage"},"image":{"@id":"https:\/\/lean.org.hu\/lean-konyvesbolt\/the-lean-manager\/#primaryimage"},"thumbnailUrl":"https:\/\/lean.org.hu\/wp-content\/uploads\/2020\/09\/The-lean-manager_Bor\u00edt\u00f3k_425x600.jpg","datePublished":"2020-09-22T08:20:32+00:00","dateModified":"2021-09-29T09:57:33+00:00","description":"This book will help you learn both the\u00a0how\u00a0of doing lean, as well as the\u00a0why\u00a0behind the tools, enabling you to become lean.","breadcrumb":{"@id":"https:\/\/lean.org.hu\/lean-konyvesbolt\/the-lean-manager\/#breadcrumb"},"inLanguage":"en-GB","potentialAction":[{"@type":"ReadAction","target":["https:\/\/lean.org.hu\/lean-konyvesbolt\/the-lean-manager\/"]}]},{"@type":"ImageObject","inLanguage":"en-GB","@id":"https:\/\/lean.org.hu\/lean-konyvesbolt\/the-lean-manager\/#primaryimage","url":"https:\/\/lean.org.hu\/wp-content\/uploads\/2020\/09\/The-lean-manager_Bor\u00edt\u00f3k_425x600.jpg","contentUrl":"https:\/\/lean.org.hu\/wp-content\/uploads\/2020\/09\/The-lean-manager_Bor\u00edt\u00f3k_425x600.jpg","width":425,"height":600,"caption":"The lean manager cover"},{"@type":"BreadcrumbList","@id":"https:\/\/lean.org.hu\/lean-konyvesbolt\/the-lean-manager\/#breadcrumb","itemListElement":[{"@type":"ListItem","position":1,"name":"Kezd\u0151lap","item":"https:\/\/lean.org.hu\/"},{"@type":"ListItem","position":2,"name":"Web\u00e1ruh\u00e1z oldal","item":"http:\/\/lean.org.hu\/en\/webaruhaz-aloldal\/"},{"@type":"ListItem","position":3,"name":"The Lean Manager"}]},{"@type":"WebSite","@id":"https:\/\/lean.org.hu\/#website","url":"https:\/\/lean.org.hu\/","name":"LEI","description":"","publisher":{"@id":"https:\/\/lean.org.hu\/#organization"},"potentialAction":[{"@type":"SearchAction","target":{"@type":"EntryPoint","urlTemplate":"https:\/\/lean.org.hu\/?s={search_term_string}"},"query-input":{"@type":"PropertyValueSpecification","valueRequired":true,"valueName":"search_term_string"}}],"inLanguage":"en-GB"},{"@type":"Organization","@id":"https:\/\/lean.org.hu\/#organization","name":"LEI","url":"https:\/\/lean.org.hu\/","logo":{"@type":"ImageObject","inLanguage":"en-GB","@id":"https:\/\/lean.org.hu\/#\/schema\/logo\/image\/","url":"https:\/\/lean.org.hu\/wp-content\/uploads\/2020\/07\/cropped-lean_logo_final_color_horizontal.png","contentUrl":"https:\/\/lean.org.hu\/wp-content\/uploads\/2020\/07\/cropped-lean_logo_final_color_horizontal.png","width":779,"height":288,"caption":"LEI"},"image":{"@id":"https:\/\/lean.org.hu\/#\/schema\/logo\/image\/"},"sameAs":["https:\/\/www.facebook.com\/LEI.Hungary","https:\/\/www.linkedin.com\/company\/lean-enterprise-institute-hungary"]}]}},"_links":{"self":[{"href":"https:\/\/lean.org.hu\/en\/wp-json\/wp\/v2\/product\/1536","targetHints":{"allow":["GET"]}}],"collection":[{"href":"https:\/\/lean.org.hu\/en\/wp-json\/wp\/v2\/product"}],"about":[{"href":"https:\/\/lean.org.hu\/en\/wp-json\/wp\/v2\/types\/product"}],"wp:featuredmedia":[{"embeddable":true,"href":"https:\/\/lean.org.hu\/en\/wp-json\/wp\/v2\/media\/2837"}],"wp:attachment":[{"href":"https:\/\/lean.org.hu\/en\/wp-json\/wp\/v2\/media?parent=1536"}],"wp:term":[{"taxonomy":"product_brand","embeddable":true,"href":"https:\/\/lean.org.hu\/en\/wp-json\/wp\/v2\/product_brand?post=1536"},{"taxonomy":"product_cat","embeddable":true,"href":"https:\/\/lean.org.hu\/en\/wp-json\/wp\/v2\/product_cat?post=1536"},{"taxonomy":"product_tag","embeddable":true,"href":"https:\/\/lean.org.hu\/en\/wp-json\/wp\/v2\/product_tag?post=1536"}],"curies":[{"name":"wp","href":"https:\/\/api.w.org\/{rel}","templated":true}]}}