{"id":1529,"date":"2020-09-22T07:50:10","date_gmt":"2020-09-22T07:50:10","guid":{"rendered":"http:\/\/generaciokpartnere.hu\/leiwp\/?post_type=product&#038;p=1529"},"modified":"2021-09-29T11:57:33","modified_gmt":"2021-09-29T09:57:33","slug":"kaizen-express","status":"publish","type":"product","link":"https:\/\/lean.org.hu\/en\/lean-konyvesbolt\/kaizen-express\/","title":{"rendered":"Kaizen Express"},"content":{"rendered":"<p><strong>Kaizen Express<br \/>\n<\/strong>Narusawa, Toshiko and John Shook<strong><br \/>\n<\/strong><\/p>\n<p><strong>K\u00e9rd egyedi \u00e1raj\u00e1nlatunkat az\u00a0<a href=\"mailto:info@lean.org.hu\" target=\"_blank\" rel=\"noreferrer noopener\">info@lean.org.hu<\/a>\u00a0e-mail c\u00edmen! A k\u00f6nyvek \u00e1r\u00e1t l\u00e9giposta \u00e9s v\u00e1m is terheli.<\/strong>\u00a0Ezek pontos m\u00e9rt\u00e9ke a megrendel\u00e9s nagys\u00e1g\u00e1t\u00f3l f\u00fcgg, ez\u00e9rt k\u00e9rj\u00fck, minden esetben add meg a kiv\u00e1lasztott k\u00f6nyvek pontos c\u00edm\u00e9t, a megrendelni k\u00edv\u00e1nt p\u00e9ld\u00e1nysz\u00e1mot,\u00a0a megrendel\u0151 adatait, a sz\u00e1ml\u00e1z\u00e1si \u00e9s sz\u00e1ll\u00edt\u00e1si c\u00edmet. Az aj\u00e1nlatban t\u00e1j\u00e9koztatunk a v\u00e9g\u00f6sszegr\u0151l, illetve a megrendel\u00e9shez tartoz\u00f3 aktu\u00e1lis \u00e1rfolyamr\u00f3l. Megrendel\u00e9sed csak ennek visszaigazol\u00e1sa ut\u00e1n lesz akt\u00edv.<\/p>\n<p><strong>A Lean Enterprise Institute (LEI) \u00e1ltal publik\u00e1lt k\u00f6nyvek tagjaink sz\u00e1m\u00e1ra 20% kedvezm\u00e9nnyel rendelhet\u0151k!<\/strong>\u00a0A kedvezm\u00e9ny csak a LEI kiadv\u00e1nyaira vonatkozik. A\u00a0<a href=\"http:\/\/www.lean.org\/Bookstore\/ProductCatalog.cfm\" target=\"_blank\" rel=\"noreferrer noopener\">lean.org k\u00f6nyv\u00e1ruh\u00e1z\u00e1ban<\/a>\u00a0megtal\u00e1lhat\u00f3 valamennyi angol nyelv\u0171 lean szakirodalom megrendelhet\u0151 Egyes\u00fclet\u00fcnk\u00f6n kereszt\u00fcl.<\/p>\n<p style=\"font-weight: 400;\">What should you do first when starting to implement lean manufacturing? What comes next, then next? With the raft of information now available about lean principles, it\u2019s easy to get confused.<\/p>\n<p style=\"font-weight: 400;\"><em>Kaizen Express<\/em><em>\u00a0<\/em>clarifies the process using a rapid, nonstop style to explain the essential elements of the Toyota Production System (TPS) in a logical implementation sequence.<\/p>\n<p style=\"font-weight: 400;\">This succinct but comprehensive\u00a0back-to-basics book offers lean novices and veterans alike a comprehensive primer on lean principles and implementation that returns to fundamentals and stresses the importance of learning by doing at the individual and team levels.<\/p>\n<p style=\"font-weight: 400;\">\u201cIt\u2019s easy to forget the fundamentals while pursuing advanced methods,\u201d writes Jim Womack, LEI founder and chairman, in the Foreword. \u201cI constantly encounter firms focusing on high-level issues of lean management, strategy, and corporate culture that have completely ignored creating a solid foundation at the level where the real work is done.\u201d<\/p>\n<p style=\"font-weight: 400;\">Originally developed as an aid for teaching the essential elements of TPS to Japanese readers and non-Japanese readers working together at Japanese factories around the world,\u00a0<em>Kaizen Express<\/em>\u00a0keeps the bilingual format. It also preserves the illustrations or charts on every page that reinforce key points.<\/p>\n<p style=\"font-weight: 400;\">The book also includes a glossary of TPS terms in English and Japanese and a set of standard forms used to implement TPS at production sites. The forms can also be download on under the\u00a0<a href=\"https:\/\/www.lean.org\/BookStore\/ProductDetails.cfm?SelectedProductId=255&amp;opentab=d\">Downloads<\/a>\u00a0tab.<\/p>","protected":false},"excerpt":{"rendered":"<p><em>\u201cWhat should you do first when starting to implement lean manufacturing? What comes next, then next? With the raft of information now available about lean principles, it\u2019s easy to get confused.<\/em><\/p>\n<p><em>Kaizen Express\u00a0clarifies the process using a rapid, nonstop style to explain the essential elements of the Toyota Production System (TPS) in a logical implementation sequence.\u201d<\/em><\/p>","protected":false},"featured_media":2838,"template":"","meta":{"_eb_attr":""},"product_brand":[],"product_cat":[69],"product_tag":[],"class_list":{"0":"post-1529","1":"product","2":"type-product","3":"status-publish","4":"has-post-thumbnail","6":"product_cat-lean-temaju-konyvek-idegen-nyelven","7":"infinite-scroll-item","8":"no-featured-image-padding","9":"sales-flash-overlay","10":"woocommerce-text-align-left","11":"woocommerce-image-align-left","12":"do-quantity-buttons","14":"first","15":"outofstock","16":"taxable","17":"shipping-taxable","18":"purchasable","19":"product-type-simple"},"yoast_head":"<!-- This site is optimized with the Yoast SEO plugin v27.4 - https:\/\/yoast.com\/product\/yoast-seo-wordpress\/ -->\n<title>Kaizen Express - LEI<\/title>\n<meta name=\"description\" content=\"What should you do first when starting to implement lean manufacturing? What comes next, then next?\" \/>\n<meta name=\"robots\" content=\"index, follow, max-snippet:-1, max-image-preview:large, max-video-preview:-1\" \/>\n<link rel=\"canonical\" href=\"https:\/\/lean.org.hu\/en\/lean-konyvesbolt\/kaizen-express\/\" \/>\n<meta property=\"og:locale\" content=\"en_GB\" \/>\n<meta property=\"og:type\" content=\"article\" \/>\n<meta property=\"og:title\" content=\"Kaizen Express\" \/>\n<meta property=\"og:description\" content=\"What should you do first when starting to implement lean manufacturing? What comes next, then next?\" \/>\n<meta property=\"og:url\" content=\"https:\/\/lean.org.hu\/en\/lean-konyvesbolt\/kaizen-express\/\" \/>\n<meta property=\"og:site_name\" content=\"LEI\" \/>\n<meta property=\"article:publisher\" content=\"https:\/\/www.facebook.com\/LEI.Hungary\" \/>\n<meta property=\"article:modified_time\" content=\"2021-09-29T09:57:33+00:00\" \/>\n<meta property=\"og:image\" content=\"https:\/\/lean.org.hu\/wp-content\/uploads\/2020\/09\/Kaizen-express_en_Bor\u00edt\u00f3k_425x600.jpg\" \/>\n\t<meta property=\"og:image:width\" content=\"425\" \/>\n\t<meta property=\"og:image:height\" content=\"600\" \/>\n\t<meta property=\"og:image:type\" content=\"image\/jpeg\" \/>\n<meta name=\"twitter:card\" content=\"summary_large_image\" \/>\n<meta name=\"twitter:label1\" content=\"Estimated reading time\" \/>\n\t<meta name=\"twitter:data1\" content=\"2 minutes\" \/>\n<script type=\"application\/ld+json\" class=\"yoast-schema-graph\">{\"@context\":\"https:\\\/\\\/schema.org\",\"@graph\":[{\"@type\":\"WebPage\",\"@id\":\"https:\\\/\\\/lean.org.hu\\\/lean-konyvesbolt\\\/kaizen-express\\\/\",\"url\":\"https:\\\/\\\/lean.org.hu\\\/lean-konyvesbolt\\\/kaizen-express\\\/\",\"name\":\"Kaizen Express - LEI\",\"isPartOf\":{\"@id\":\"https:\\\/\\\/lean.org.hu\\\/#website\"},\"primaryImageOfPage\":{\"@id\":\"https:\\\/\\\/lean.org.hu\\\/lean-konyvesbolt\\\/kaizen-express\\\/#primaryimage\"},\"image\":{\"@id\":\"https:\\\/\\\/lean.org.hu\\\/lean-konyvesbolt\\\/kaizen-express\\\/#primaryimage\"},\"thumbnailUrl\":\"https:\\\/\\\/lean.org.hu\\\/wp-content\\\/uploads\\\/2020\\\/09\\\/Kaizen-express_en_Bor\u00edt\u00f3k_425x600.jpg\",\"datePublished\":\"2020-09-22T07:50:10+00:00\",\"dateModified\":\"2021-09-29T09:57:33+00:00\",\"description\":\"What should you do first when starting to implement lean manufacturing? What comes next, then next?\",\"breadcrumb\":{\"@id\":\"https:\\\/\\\/lean.org.hu\\\/lean-konyvesbolt\\\/kaizen-express\\\/#breadcrumb\"},\"inLanguage\":\"en-GB\",\"potentialAction\":[{\"@type\":\"ReadAction\",\"target\":[\"https:\\\/\\\/lean.org.hu\\\/lean-konyvesbolt\\\/kaizen-express\\\/\"]}]},{\"@type\":\"ImageObject\",\"inLanguage\":\"en-GB\",\"@id\":\"https:\\\/\\\/lean.org.hu\\\/lean-konyvesbolt\\\/kaizen-express\\\/#primaryimage\",\"url\":\"https:\\\/\\\/lean.org.hu\\\/wp-content\\\/uploads\\\/2020\\\/09\\\/Kaizen-express_en_Bor\u00edt\u00f3k_425x600.jpg\",\"contentUrl\":\"https:\\\/\\\/lean.org.hu\\\/wp-content\\\/uploads\\\/2020\\\/09\\\/Kaizen-express_en_Bor\u00edt\u00f3k_425x600.jpg\",\"width\":425,\"height\":600,\"caption\":\"Kaizen express cover\"},{\"@type\":\"BreadcrumbList\",\"@id\":\"https:\\\/\\\/lean.org.hu\\\/lean-konyvesbolt\\\/kaizen-express\\\/#breadcrumb\",\"itemListElement\":[{\"@type\":\"ListItem\",\"position\":1,\"name\":\"Kezd\u0151lap\",\"item\":\"https:\\\/\\\/lean.org.hu\\\/\"},{\"@type\":\"ListItem\",\"position\":2,\"name\":\"Web\u00e1ruh\u00e1z oldal\",\"item\":\"http:\\\/\\\/lean.org.hu\\\/en\\\/webaruhaz-aloldal\\\/\"},{\"@type\":\"ListItem\",\"position\":3,\"name\":\"Kaizen Express\"}]},{\"@type\":\"WebSite\",\"@id\":\"https:\\\/\\\/lean.org.hu\\\/#website\",\"url\":\"https:\\\/\\\/lean.org.hu\\\/\",\"name\":\"LEI\",\"description\":\"\",\"publisher\":{\"@id\":\"https:\\\/\\\/lean.org.hu\\\/#organization\"},\"potentialAction\":[{\"@type\":\"SearchAction\",\"target\":{\"@type\":\"EntryPoint\",\"urlTemplate\":\"https:\\\/\\\/lean.org.hu\\\/?s={search_term_string}\"},\"query-input\":{\"@type\":\"PropertyValueSpecification\",\"valueRequired\":true,\"valueName\":\"search_term_string\"}}],\"inLanguage\":\"en-GB\"},{\"@type\":\"Organization\",\"@id\":\"https:\\\/\\\/lean.org.hu\\\/#organization\",\"name\":\"LEI\",\"url\":\"https:\\\/\\\/lean.org.hu\\\/\",\"logo\":{\"@type\":\"ImageObject\",\"inLanguage\":\"en-GB\",\"@id\":\"https:\\\/\\\/lean.org.hu\\\/#\\\/schema\\\/logo\\\/image\\\/\",\"url\":\"https:\\\/\\\/lean.org.hu\\\/wp-content\\\/uploads\\\/2020\\\/07\\\/cropped-lean_logo_final_color_horizontal.png\",\"contentUrl\":\"https:\\\/\\\/lean.org.hu\\\/wp-content\\\/uploads\\\/2020\\\/07\\\/cropped-lean_logo_final_color_horizontal.png\",\"width\":779,\"height\":288,\"caption\":\"LEI\"},\"image\":{\"@id\":\"https:\\\/\\\/lean.org.hu\\\/#\\\/schema\\\/logo\\\/image\\\/\"},\"sameAs\":[\"https:\\\/\\\/www.facebook.com\\\/LEI.Hungary\",\"https:\\\/\\\/www.linkedin.com\\\/company\\\/lean-enterprise-institute-hungary\"]}]}<\/script>\n<!-- \/ Yoast SEO plugin. -->","yoast_head_json":{"title":"Kaizen Express - LEI","description":"What should you do first when starting to implement lean manufacturing? What comes next, then next?","robots":{"index":"index","follow":"follow","max-snippet":"max-snippet:-1","max-image-preview":"max-image-preview:large","max-video-preview":"max-video-preview:-1"},"canonical":"https:\/\/lean.org.hu\/en\/lean-konyvesbolt\/kaizen-express\/","og_locale":"en_GB","og_type":"article","og_title":"Kaizen Express","og_description":"What should you do first when starting to implement lean manufacturing? What comes next, then next?","og_url":"https:\/\/lean.org.hu\/en\/lean-konyvesbolt\/kaizen-express\/","og_site_name":"LEI","article_publisher":"https:\/\/www.facebook.com\/LEI.Hungary","article_modified_time":"2021-09-29T09:57:33+00:00","og_image":[{"width":425,"height":600,"url":"https:\/\/lean.org.hu\/wp-content\/uploads\/2020\/09\/Kaizen-express_en_Bor\u00edt\u00f3k_425x600.jpg","type":"image\/jpeg"}],"twitter_card":"summary_large_image","twitter_misc":{"Estimated reading time":"2 minutes"},"schema":{"@context":"https:\/\/schema.org","@graph":[{"@type":"WebPage","@id":"https:\/\/lean.org.hu\/lean-konyvesbolt\/kaizen-express\/","url":"https:\/\/lean.org.hu\/lean-konyvesbolt\/kaizen-express\/","name":"Kaizen Express - LEI","isPartOf":{"@id":"https:\/\/lean.org.hu\/#website"},"primaryImageOfPage":{"@id":"https:\/\/lean.org.hu\/lean-konyvesbolt\/kaizen-express\/#primaryimage"},"image":{"@id":"https:\/\/lean.org.hu\/lean-konyvesbolt\/kaizen-express\/#primaryimage"},"thumbnailUrl":"https:\/\/lean.org.hu\/wp-content\/uploads\/2020\/09\/Kaizen-express_en_Bor\u00edt\u00f3k_425x600.jpg","datePublished":"2020-09-22T07:50:10+00:00","dateModified":"2021-09-29T09:57:33+00:00","description":"What should you do first when starting to implement lean manufacturing? What comes next, then next?","breadcrumb":{"@id":"https:\/\/lean.org.hu\/lean-konyvesbolt\/kaizen-express\/#breadcrumb"},"inLanguage":"en-GB","potentialAction":[{"@type":"ReadAction","target":["https:\/\/lean.org.hu\/lean-konyvesbolt\/kaizen-express\/"]}]},{"@type":"ImageObject","inLanguage":"en-GB","@id":"https:\/\/lean.org.hu\/lean-konyvesbolt\/kaizen-express\/#primaryimage","url":"https:\/\/lean.org.hu\/wp-content\/uploads\/2020\/09\/Kaizen-express_en_Bor\u00edt\u00f3k_425x600.jpg","contentUrl":"https:\/\/lean.org.hu\/wp-content\/uploads\/2020\/09\/Kaizen-express_en_Bor\u00edt\u00f3k_425x600.jpg","width":425,"height":600,"caption":"Kaizen express cover"},{"@type":"BreadcrumbList","@id":"https:\/\/lean.org.hu\/lean-konyvesbolt\/kaizen-express\/#breadcrumb","itemListElement":[{"@type":"ListItem","position":1,"name":"Kezd\u0151lap","item":"https:\/\/lean.org.hu\/"},{"@type":"ListItem","position":2,"name":"Web\u00e1ruh\u00e1z oldal","item":"http:\/\/lean.org.hu\/en\/webaruhaz-aloldal\/"},{"@type":"ListItem","position":3,"name":"Kaizen Express"}]},{"@type":"WebSite","@id":"https:\/\/lean.org.hu\/#website","url":"https:\/\/lean.org.hu\/","name":"LEI","description":"","publisher":{"@id":"https:\/\/lean.org.hu\/#organization"},"potentialAction":[{"@type":"SearchAction","target":{"@type":"EntryPoint","urlTemplate":"https:\/\/lean.org.hu\/?s={search_term_string}"},"query-input":{"@type":"PropertyValueSpecification","valueRequired":true,"valueName":"search_term_string"}}],"inLanguage":"en-GB"},{"@type":"Organization","@id":"https:\/\/lean.org.hu\/#organization","name":"LEI","url":"https:\/\/lean.org.hu\/","logo":{"@type":"ImageObject","inLanguage":"en-GB","@id":"https:\/\/lean.org.hu\/#\/schema\/logo\/image\/","url":"https:\/\/lean.org.hu\/wp-content\/uploads\/2020\/07\/cropped-lean_logo_final_color_horizontal.png","contentUrl":"https:\/\/lean.org.hu\/wp-content\/uploads\/2020\/07\/cropped-lean_logo_final_color_horizontal.png","width":779,"height":288,"caption":"LEI"},"image":{"@id":"https:\/\/lean.org.hu\/#\/schema\/logo\/image\/"},"sameAs":["https:\/\/www.facebook.com\/LEI.Hungary","https:\/\/www.linkedin.com\/company\/lean-enterprise-institute-hungary"]}]}},"_links":{"self":[{"href":"https:\/\/lean.org.hu\/en\/wp-json\/wp\/v2\/product\/1529","targetHints":{"allow":["GET"]}}],"collection":[{"href":"https:\/\/lean.org.hu\/en\/wp-json\/wp\/v2\/product"}],"about":[{"href":"https:\/\/lean.org.hu\/en\/wp-json\/wp\/v2\/types\/product"}],"wp:featuredmedia":[{"embeddable":true,"href":"https:\/\/lean.org.hu\/en\/wp-json\/wp\/v2\/media\/2838"}],"wp:attachment":[{"href":"https:\/\/lean.org.hu\/en\/wp-json\/wp\/v2\/media?parent=1529"}],"wp:term":[{"taxonomy":"product_brand","embeddable":true,"href":"https:\/\/lean.org.hu\/en\/wp-json\/wp\/v2\/product_brand?post=1529"},{"taxonomy":"product_cat","embeddable":true,"href":"https:\/\/lean.org.hu\/en\/wp-json\/wp\/v2\/product_cat?post=1529"},{"taxonomy":"product_tag","embeddable":true,"href":"https:\/\/lean.org.hu\/en\/wp-json\/wp\/v2\/product_tag?post=1529"}],"curies":[{"name":"wp","href":"https:\/\/api.w.org\/{rel}","templated":true}]}}