{"id":1527,"date":"2020-09-22T07:41:36","date_gmt":"2020-09-22T07:41:36","guid":{"rendered":"http:\/\/generaciokpartnere.hu\/leiwp\/?post_type=product&#038;p=1527"},"modified":"2021-09-29T11:59:12","modified_gmt":"2021-09-29T09:59:12","slug":"the-gold-mine","status":"publish","type":"product","link":"https:\/\/lean.org.hu\/en\/lean-konyvesbolt\/the-gold-mine\/","title":{"rendered":"The Gold Mine"},"content":{"rendered":"<p><strong>The Gold Mine<\/strong><br \/>\nFreddy Ball\u00e9 and Michael Ball\u00e9<\/p>\n<p><strong>K\u00e9rd egyedi \u00e1raj\u00e1nlatunkat az\u00a0<a href=\"mailto:info@lean.org.hu\" target=\"_blank\" rel=\"noreferrer noopener\">info@lean.org.hu<\/a>\u00a0e-mail c\u00edmen! A k\u00f6nyvek \u00e1r\u00e1t l\u00e9giposta \u00e9s v\u00e1m is terheli.<\/strong>\u00a0Ezek pontos m\u00e9rt\u00e9ke a megrendel\u00e9s nagys\u00e1g\u00e1t\u00f3l f\u00fcgg, ez\u00e9rt k\u00e9rj\u00fck, minden esetben add meg a kiv\u00e1lasztott k\u00f6nyvek pontos c\u00edm\u00e9t, a megrendelni k\u00edv\u00e1nt p\u00e9ld\u00e1nysz\u00e1mot,\u00a0a megrendel\u0151 adatait, a sz\u00e1ml\u00e1z\u00e1si \u00e9s sz\u00e1ll\u00edt\u00e1si c\u00edmet. Az aj\u00e1nlatban t\u00e1j\u00e9koztatunk a v\u00e9g\u00f6sszegr\u0151l, illetve a megrendel\u00e9shez tartoz\u00f3 aktu\u00e1lis \u00e1rfolyamr\u00f3l. Megrendel\u00e9sed csak ennek visszaigazol\u00e1sa ut\u00e1n lesz akt\u00edv.<\/p>\n<p><strong>A Lean Enterprise Institute (LEI) \u00e1ltal publik\u00e1lt k\u00f6nyvek tagjaink sz\u00e1m\u00e1ra 20% kedvezm\u00e9nnyel rendelhet\u0151k!<\/strong>\u00a0A kedvezm\u00e9ny csak a LEI kiadv\u00e1nyaira vonatkozik. A\u00a0<a href=\"http:\/\/www.lean.org\/Bookstore\/ProductCatalog.cfm\" target=\"_blank\" rel=\"noreferrer noopener\">lean.org k\u00f6nyv\u00e1ruh\u00e1z\u00e1ban<\/a>\u00a0megtal\u00e1lhat\u00f3 valamennyi angol nyelv\u0171 lean szakirodalom megrendelhet\u0151 Egyes\u00fclet\u00fcnk\u00f6n kereszt\u00fcl.<\/p>\n<p><strong>A k\u00f6nyv e-book form\u00e1ban is el\u00e9rhet\u0151: <\/strong><a href=\"http:\/\/www.amazon.com\/gp\/product\/B00342WI7Y\/ref=as_li_tf_tl?ie=UTF8&amp;camp=1789&amp;creative=9325&amp;creativeASIN=B00342WI7Y&amp;linkCode=as2&amp;tag=leanenterinst-20\" target=\"_blank\" rel=\"noopener noreferrer\">Amazon (US)<\/a>,\u00a0<a href=\"https:\/\/www.amazon.ca\/dp\/B00342WI7Y\" target=\"_blank\" rel=\"noopener noreferrer\">Amazon.ca<\/a>,\u00a0<a href=\"http:\/\/www.amazon.co.uk\/dp\/B00342WI7Y\/\" target=\"_blank\" rel=\"noopener noreferrer\">Amazon.co.uk<\/a>,\u00a0<a href=\"https:\/\/www.amazon.com.br\/dp\/B00342WI7Y\" target=\"_blank\" rel=\"noopener noreferrer\">Amazon.com.br<\/a>,\u00a0<a href=\"https:\/\/www.amazon.de\/dp\/B00342WI7Y\" target=\"_blank\" rel=\"noopener noreferrer\">Amazon.de<\/a>,\u00a0<a href=\"https:\/\/www.amazon.es\/dp\/B00342WI7Y\" target=\"_blank\" rel=\"noopener noreferrer\">Amazon.es<\/a>,\u00a0<a href=\"http:\/\/www.amazon.fr\/Gold-Mine-Novel-Turnaround-ebook\/dp\/B00342WI7Y\/\" target=\"_blank\" rel=\"noopener noreferrer\">Amazon.fr<\/a>,\u00a0<a href=\"https:\/\/www.amazon.it\/dp\/B00342WI7Y\" target=\"_blank\" rel=\"noopener noreferrer\">Amazon.it<\/a>,\u00a0<a href=\"http:\/\/www.amazon.co.jp\/dp\/B00342WI7Y\" target=\"_blank\" rel=\"noopener noreferrer\">Amazon.co.jp<\/a>\u00a0and\u00a0<a href=\"https:\/\/play.google.com\/store\/books\/details\/Freddy_Ball%C3%A9_The_Gold_Mine?id=_Qu0Uz8BE_AC&amp;feature=search_result#?t=W251bGwsMSwxLDEsImJvb2stX1F1MFV6OEJFX0FDIl0.\" target=\"_blank\" rel=\"noopener noreferrer\">Google<\/a><\/p>\n<p><strong>Shingo Research and Professional Publication Award recipient<\/strong><\/p>\n<p>A growing number of successful companies are turning to lean thinking to maintain a competitive edge in a global economy of falling prices, rising quality, and relentless competition. Yet while there are many excellent resources that teach both the tools and principles, no single book addresses what might be the most important lean discipline of all\u2014the human challenge of creating and sustaining the commitment of the people doing the work.<\/p>\n<p><em>The Gold Mine<\/em>\u00a0deftly weaves together the technical and human pieces of implementing lean manufacturing in an engaging story that readers will find both compelling and instructive. Authors Freddy and Michael Ball\u00e9 have produced the first integrated and systematic approach to a set of ideas that have maximized value and minimized waste throughout the world.<\/p>\n<p>At the heart of\u00a0<em>The Gold Mine<\/em>\u00a0is Bob Woods, a curmudgeonly sensei coaxed out of retirement by his son Mike to help boyhood friend Phil Jenkinson save his struggling company. Despite terrific products and a backlog of orders, Phil\u2019s company cannot generate enough cash from its operations to pay its bills. And so Mike enlists Bob to help his pal fix this crisis.<\/p>\n<p>\u201cYou\u2019re trying to deal with your mess as if it was a technical problem,\u201d Bob tells Phil. \u201cMove this machine here, change this design there, which it is to some extent, but \u2026 it\u2019s all about people. You have a leadership problem not just a production or business problem.\u201d As Phil begins to tackle the key challenges necessary to improve his company\u2019s operations, he comes to understand the deeper points of lean. Readers will also draw powerful insights from his journey.<\/p>\n<p><em>The Gold Mine<\/em>\u00a0presents all the key lean principles, ranging from well-known ideas such as pull and flow, to lesser-known yet equally important principles such as jidoka and heijunka. The book also reveals lean as a system\u2014using a realistic story to show how the principles are interrelated and how they lead to useful tools such as kanban or 5S. Freddy\u00a0Ball\u00e9\u00a0draws from his authority of one of Europe\u2019s preeminent lean veterans, bringing his knowledge to life in the context of a dramatic human story of managers and employees struggling to apply these tools and ideas in a successful turnaround.<\/p>\n<p>\u201cMastery of the technical details of lean thinking is never enough. A transformation will fail without the most important element: the engagement of the people doing the work,\u201d says publisher James Womack.\u00a0<em>\u201cThe Gold Mine<\/em>\u00a0is the first book to comprehensively introduce all the lean tools by means of a vivid personal story showing how hearts and minds are won over. It will spark ah-ha\u2019s from everyone who has been there and provide profound insight for those who are just getting started. I can\u2019t recommend it highly enough as a way to teach your people the key lean tools that always lead to success while also teaching, in the words of Bob Woods, that \u2018it\u2019s all about people.\u201d<\/p>\n<p>\u201cReading\u00a0<em>The Gold Mine<\/em>\u00a0is like eavesdropping on a sensei dispensing gems to a client,\u201d says co-publisher Daniel Jones. \u201cThe Ball\u00e9s draw from a remarkable perspective of wisdom and experience. Readers, especially those individuals working on the shop floor, will gain revelation and inspiration by living through the experiences of the hero. This is an experiential novel that will resonate deeply with people who relate it to their own lives. Managers and executives just beginning a lean transformation will learn valuable insights about how to sidestep the technical and people problems that lay ahead. And experienced lean thinkers will discover fresh insights about overcoming resistance to change.\u201d<\/p>\n<p>While\u00a0<em>The Gold Mine<\/em>\u00a0represents LEI\u2019s first book of fiction, Womack envisions it as a natural complement to the workbooks that have established themselves as the leading guides for learning lean.\u00a0<em>\u201cThe Gold Mine<\/em>\u00a0was created on the premise that people have different learning styles, and that a set of ideas based on the shop floor\u2014where the action takes place\u2014can be grasped intuitively by illustrating how one particular company responds,\u201d he says. \u201cIt complements our established products by presenting a different but equally vital method of sharing knowledge.\u201d<\/p>\n<p style=\"text-align: center;\"><a class=\"wp-block-button__link\" style=\"border-radius: 5px;\" href=\"https:\/\/drive.google.com\/file\/d\/13KW1K-fRkjby3jQ4Ztdm_mZUmQKpc9y-\/view?usp=sharing\" target=\"_blank\" rel=\"noreferrer noopener\">Click to preview!<\/a><\/p>\n<p>ISBN 0-9743225-6-3<br \/>\nNumber of Pages: 360<\/p>","protected":false},"excerpt":{"rendered":"<p><em>\u201cThe Gold Mine\u00a0deftly weaves together the technical and human pieces of implementing lean manufacturing in an engaging story that readers will find both compelling and instructive. Authors Freddy and Michael Ball\u00e9 have produced the first integrated and systematic approach to a set of ideas that have maximized value and minimized waste throughout the world.\u201d<\/em><\/p>","protected":false},"featured_media":1528,"template":"","meta":{"_eb_attr":""},"product_brand":[],"product_cat":[69],"product_tag":[],"class_list":{"0":"post-1527","1":"product","2":"type-product","3":"status-publish","4":"has-post-thumbnail","6":"product_cat-lean-temaju-konyvek-idegen-nyelven","7":"infinite-scroll-item","8":"no-featured-image-padding","9":"sales-flash-overlay","10":"woocommerce-text-align-left","11":"woocommerce-image-align-left","12":"do-quantity-buttons","14":"first","15":"outofstock","16":"taxable","17":"shipping-taxable","18":"purchasable","19":"product-type-simple"},"yoast_head":"<!-- This site is optimized with the Yoast SEO plugin v27.4 - https:\/\/yoast.com\/product\/yoast-seo-wordpress\/ -->\n<title>The Gold Mine - LEI<\/title>\n<meta name=\"description\" content=\"The Gold Mine\u00a0deftly weaves together the technical and human pieces of implementing lean manufacturing in an engaging story.\" \/>\n<meta name=\"robots\" content=\"index, follow, max-snippet:-1, max-image-preview:large, max-video-preview:-1\" \/>\n<link rel=\"canonical\" href=\"https:\/\/lean.org.hu\/en\/lean-konyvesbolt\/the-gold-mine\/\" \/>\n<meta property=\"og:locale\" content=\"en_GB\" \/>\n<meta property=\"og:type\" content=\"article\" \/>\n<meta property=\"og:title\" content=\"The Gold Mine\" \/>\n<meta property=\"og:description\" content=\"The Gold Mine\u00a0deftly weaves together the technical and human pieces of implementing lean manufacturing in an engaging story\" \/>\n<meta property=\"og:url\" content=\"https:\/\/lean.org.hu\/en\/lean-konyvesbolt\/the-gold-mine\/\" \/>\n<meta property=\"og:site_name\" content=\"LEI\" \/>\n<meta property=\"article:publisher\" content=\"https:\/\/www.facebook.com\/LEI.Hungary\" \/>\n<meta property=\"article:modified_time\" content=\"2021-09-29T09:59:12+00:00\" \/>\n<meta property=\"og:image\" content=\"https:\/\/lean.org.hu\/wp-content\/uploads\/2020\/09\/The-gold-mine_en_425x600.jpg\" \/>\n\t<meta property=\"og:image:width\" content=\"425\" \/>\n\t<meta property=\"og:image:height\" content=\"600\" \/>\n\t<meta property=\"og:image:type\" content=\"image\/jpeg\" \/>\n<meta name=\"twitter:card\" content=\"summary_large_image\" \/>\n<meta name=\"twitter:label1\" content=\"Estimated reading time\" \/>\n\t<meta name=\"twitter:data1\" content=\"4 minutes\" \/>\n<script type=\"application\/ld+json\" class=\"yoast-schema-graph\">{\"@context\":\"https:\\\/\\\/schema.org\",\"@graph\":[{\"@type\":\"WebPage\",\"@id\":\"https:\\\/\\\/lean.org.hu\\\/lean-konyvesbolt\\\/the-gold-mine\\\/\",\"url\":\"https:\\\/\\\/lean.org.hu\\\/lean-konyvesbolt\\\/the-gold-mine\\\/\",\"name\":\"The Gold Mine - LEI\",\"isPartOf\":{\"@id\":\"https:\\\/\\\/lean.org.hu\\\/#website\"},\"primaryImageOfPage\":{\"@id\":\"https:\\\/\\\/lean.org.hu\\\/lean-konyvesbolt\\\/the-gold-mine\\\/#primaryimage\"},\"image\":{\"@id\":\"https:\\\/\\\/lean.org.hu\\\/lean-konyvesbolt\\\/the-gold-mine\\\/#primaryimage\"},\"thumbnailUrl\":\"https:\\\/\\\/lean.org.hu\\\/wp-content\\\/uploads\\\/2020\\\/09\\\/The-gold-mine_en_425x600.jpg\",\"datePublished\":\"2020-09-22T07:41:36+00:00\",\"dateModified\":\"2021-09-29T09:59:12+00:00\",\"description\":\"The Gold Mine\u00a0deftly weaves together the technical and human pieces of implementing lean manufacturing in an engaging story.\",\"breadcrumb\":{\"@id\":\"https:\\\/\\\/lean.org.hu\\\/lean-konyvesbolt\\\/the-gold-mine\\\/#breadcrumb\"},\"inLanguage\":\"en-GB\",\"potentialAction\":[{\"@type\":\"ReadAction\",\"target\":[\"https:\\\/\\\/lean.org.hu\\\/lean-konyvesbolt\\\/the-gold-mine\\\/\"]}]},{\"@type\":\"ImageObject\",\"inLanguage\":\"en-GB\",\"@id\":\"https:\\\/\\\/lean.org.hu\\\/lean-konyvesbolt\\\/the-gold-mine\\\/#primaryimage\",\"url\":\"https:\\\/\\\/lean.org.hu\\\/wp-content\\\/uploads\\\/2020\\\/09\\\/The-gold-mine_en_425x600.jpg\",\"contentUrl\":\"https:\\\/\\\/lean.org.hu\\\/wp-content\\\/uploads\\\/2020\\\/09\\\/The-gold-mine_en_425x600.jpg\",\"width\":425,\"height\":600,\"caption\":\"The Gold Mine cover\"},{\"@type\":\"BreadcrumbList\",\"@id\":\"https:\\\/\\\/lean.org.hu\\\/lean-konyvesbolt\\\/the-gold-mine\\\/#breadcrumb\",\"itemListElement\":[{\"@type\":\"ListItem\",\"position\":1,\"name\":\"Kezd\u0151lap\",\"item\":\"https:\\\/\\\/lean.org.hu\\\/\"},{\"@type\":\"ListItem\",\"position\":2,\"name\":\"Web\u00e1ruh\u00e1z oldal\",\"item\":\"http:\\\/\\\/lean.org.hu\\\/en\\\/webaruhaz-aloldal\\\/\"},{\"@type\":\"ListItem\",\"position\":3,\"name\":\"The Gold Mine\"}]},{\"@type\":\"WebSite\",\"@id\":\"https:\\\/\\\/lean.org.hu\\\/#website\",\"url\":\"https:\\\/\\\/lean.org.hu\\\/\",\"name\":\"LEI\",\"description\":\"\",\"publisher\":{\"@id\":\"https:\\\/\\\/lean.org.hu\\\/#organization\"},\"potentialAction\":[{\"@type\":\"SearchAction\",\"target\":{\"@type\":\"EntryPoint\",\"urlTemplate\":\"https:\\\/\\\/lean.org.hu\\\/?s={search_term_string}\"},\"query-input\":{\"@type\":\"PropertyValueSpecification\",\"valueRequired\":true,\"valueName\":\"search_term_string\"}}],\"inLanguage\":\"en-GB\"},{\"@type\":\"Organization\",\"@id\":\"https:\\\/\\\/lean.org.hu\\\/#organization\",\"name\":\"LEI\",\"url\":\"https:\\\/\\\/lean.org.hu\\\/\",\"logo\":{\"@type\":\"ImageObject\",\"inLanguage\":\"en-GB\",\"@id\":\"https:\\\/\\\/lean.org.hu\\\/#\\\/schema\\\/logo\\\/image\\\/\",\"url\":\"https:\\\/\\\/lean.org.hu\\\/wp-content\\\/uploads\\\/2020\\\/07\\\/cropped-lean_logo_final_color_horizontal.png\",\"contentUrl\":\"https:\\\/\\\/lean.org.hu\\\/wp-content\\\/uploads\\\/2020\\\/07\\\/cropped-lean_logo_final_color_horizontal.png\",\"width\":779,\"height\":288,\"caption\":\"LEI\"},\"image\":{\"@id\":\"https:\\\/\\\/lean.org.hu\\\/#\\\/schema\\\/logo\\\/image\\\/\"},\"sameAs\":[\"https:\\\/\\\/www.facebook.com\\\/LEI.Hungary\",\"https:\\\/\\\/www.linkedin.com\\\/company\\\/lean-enterprise-institute-hungary\"]}]}<\/script>\n<!-- \/ Yoast SEO plugin. -->","yoast_head_json":{"title":"The Gold Mine - LEI","description":"The Gold Mine\u00a0deftly weaves together the technical and human pieces of implementing lean manufacturing in an engaging story.","robots":{"index":"index","follow":"follow","max-snippet":"max-snippet:-1","max-image-preview":"max-image-preview:large","max-video-preview":"max-video-preview:-1"},"canonical":"https:\/\/lean.org.hu\/en\/lean-konyvesbolt\/the-gold-mine\/","og_locale":"en_GB","og_type":"article","og_title":"The Gold Mine","og_description":"The Gold Mine\u00a0deftly weaves together the technical and human pieces of implementing lean manufacturing in an engaging story","og_url":"https:\/\/lean.org.hu\/en\/lean-konyvesbolt\/the-gold-mine\/","og_site_name":"LEI","article_publisher":"https:\/\/www.facebook.com\/LEI.Hungary","article_modified_time":"2021-09-29T09:59:12+00:00","og_image":[{"width":425,"height":600,"url":"https:\/\/lean.org.hu\/wp-content\/uploads\/2020\/09\/The-gold-mine_en_425x600.jpg","type":"image\/jpeg"}],"twitter_card":"summary_large_image","twitter_misc":{"Estimated reading time":"4 minutes"},"schema":{"@context":"https:\/\/schema.org","@graph":[{"@type":"WebPage","@id":"https:\/\/lean.org.hu\/lean-konyvesbolt\/the-gold-mine\/","url":"https:\/\/lean.org.hu\/lean-konyvesbolt\/the-gold-mine\/","name":"The Gold Mine - LEI","isPartOf":{"@id":"https:\/\/lean.org.hu\/#website"},"primaryImageOfPage":{"@id":"https:\/\/lean.org.hu\/lean-konyvesbolt\/the-gold-mine\/#primaryimage"},"image":{"@id":"https:\/\/lean.org.hu\/lean-konyvesbolt\/the-gold-mine\/#primaryimage"},"thumbnailUrl":"https:\/\/lean.org.hu\/wp-content\/uploads\/2020\/09\/The-gold-mine_en_425x600.jpg","datePublished":"2020-09-22T07:41:36+00:00","dateModified":"2021-09-29T09:59:12+00:00","description":"The Gold Mine\u00a0deftly weaves together the technical and human pieces of implementing lean manufacturing in an engaging story.","breadcrumb":{"@id":"https:\/\/lean.org.hu\/lean-konyvesbolt\/the-gold-mine\/#breadcrumb"},"inLanguage":"en-GB","potentialAction":[{"@type":"ReadAction","target":["https:\/\/lean.org.hu\/lean-konyvesbolt\/the-gold-mine\/"]}]},{"@type":"ImageObject","inLanguage":"en-GB","@id":"https:\/\/lean.org.hu\/lean-konyvesbolt\/the-gold-mine\/#primaryimage","url":"https:\/\/lean.org.hu\/wp-content\/uploads\/2020\/09\/The-gold-mine_en_425x600.jpg","contentUrl":"https:\/\/lean.org.hu\/wp-content\/uploads\/2020\/09\/The-gold-mine_en_425x600.jpg","width":425,"height":600,"caption":"The Gold Mine cover"},{"@type":"BreadcrumbList","@id":"https:\/\/lean.org.hu\/lean-konyvesbolt\/the-gold-mine\/#breadcrumb","itemListElement":[{"@type":"ListItem","position":1,"name":"Kezd\u0151lap","item":"https:\/\/lean.org.hu\/"},{"@type":"ListItem","position":2,"name":"Web\u00e1ruh\u00e1z oldal","item":"http:\/\/lean.org.hu\/en\/webaruhaz-aloldal\/"},{"@type":"ListItem","position":3,"name":"The Gold Mine"}]},{"@type":"WebSite","@id":"https:\/\/lean.org.hu\/#website","url":"https:\/\/lean.org.hu\/","name":"LEI","description":"","publisher":{"@id":"https:\/\/lean.org.hu\/#organization"},"potentialAction":[{"@type":"SearchAction","target":{"@type":"EntryPoint","urlTemplate":"https:\/\/lean.org.hu\/?s={search_term_string}"},"query-input":{"@type":"PropertyValueSpecification","valueRequired":true,"valueName":"search_term_string"}}],"inLanguage":"en-GB"},{"@type":"Organization","@id":"https:\/\/lean.org.hu\/#organization","name":"LEI","url":"https:\/\/lean.org.hu\/","logo":{"@type":"ImageObject","inLanguage":"en-GB","@id":"https:\/\/lean.org.hu\/#\/schema\/logo\/image\/","url":"https:\/\/lean.org.hu\/wp-content\/uploads\/2020\/07\/cropped-lean_logo_final_color_horizontal.png","contentUrl":"https:\/\/lean.org.hu\/wp-content\/uploads\/2020\/07\/cropped-lean_logo_final_color_horizontal.png","width":779,"height":288,"caption":"LEI"},"image":{"@id":"https:\/\/lean.org.hu\/#\/schema\/logo\/image\/"},"sameAs":["https:\/\/www.facebook.com\/LEI.Hungary","https:\/\/www.linkedin.com\/company\/lean-enterprise-institute-hungary"]}]}},"_links":{"self":[{"href":"https:\/\/lean.org.hu\/en\/wp-json\/wp\/v2\/product\/1527","targetHints":{"allow":["GET"]}}],"collection":[{"href":"https:\/\/lean.org.hu\/en\/wp-json\/wp\/v2\/product"}],"about":[{"href":"https:\/\/lean.org.hu\/en\/wp-json\/wp\/v2\/types\/product"}],"wp:featuredmedia":[{"embeddable":true,"href":"https:\/\/lean.org.hu\/en\/wp-json\/wp\/v2\/media\/1528"}],"wp:attachment":[{"href":"https:\/\/lean.org.hu\/en\/wp-json\/wp\/v2\/media?parent=1527"}],"wp:term":[{"taxonomy":"product_brand","embeddable":true,"href":"https:\/\/lean.org.hu\/en\/wp-json\/wp\/v2\/product_brand?post=1527"},{"taxonomy":"product_cat","embeddable":true,"href":"https:\/\/lean.org.hu\/en\/wp-json\/wp\/v2\/product_cat?post=1527"},{"taxonomy":"product_tag","embeddable":true,"href":"https:\/\/lean.org.hu\/en\/wp-json\/wp\/v2\/product_tag?post=1527"}],"curies":[{"name":"wp","href":"https:\/\/api.w.org\/{rel}","templated":true}]}}