{"id":1521,"date":"2020-09-22T07:27:25","date_gmt":"2020-09-22T07:27:25","guid":{"rendered":"http:\/\/generaciokpartnere.hu\/leiwp\/?post_type=product&#038;p=1521"},"modified":"2021-09-29T11:59:12","modified_gmt":"2021-09-29T09:59:12","slug":"gemba-walks-expanded-2nd-edition","status":"publish","type":"product","link":"https:\/\/lean.org.hu\/en\/lean-konyvesbolt\/gemba-walks-expanded-2nd-edition\/","title":{"rendered":"Gemba Walks Expanded 2nd Edition"},"content":{"rendered":"<p><strong>Gemba Walks Expanded 2nd Edition<\/strong><br \/>\nJim Womack<\/p>\n<p><strong>K\u00e9rd egyedi \u00e1raj\u00e1nlatunkat az\u00a0<a href=\"mailto:info@lean.org.hu\" target=\"_blank\" rel=\"noreferrer noopener\">info@lean.org.hu<\/a>\u00a0e-mail c\u00edmen! A k\u00f6nyvek \u00e1r\u00e1t l\u00e9giposta \u00e9s v\u00e1m is terheli.<\/strong>\u00a0Ezek pontos m\u00e9rt\u00e9ke a megrendel\u00e9s nagys\u00e1g\u00e1t\u00f3l f\u00fcgg, ez\u00e9rt k\u00e9rj\u00fck, minden esetben add meg a kiv\u00e1lasztott k\u00f6nyvek pontos c\u00edm\u00e9t, a megrendelni k\u00edv\u00e1nt p\u00e9ld\u00e1nysz\u00e1mot,\u00a0a megrendel\u0151 adatait, a sz\u00e1ml\u00e1z\u00e1si \u00e9s sz\u00e1ll\u00edt\u00e1si c\u00edmet. Az aj\u00e1nlatban t\u00e1j\u00e9koztatunk a v\u00e9g\u00f6sszegr\u0151l, illetve a megrendel\u00e9shez tartoz\u00f3 aktu\u00e1lis \u00e1rfolyamr\u00f3l. Megrendel\u00e9sed csak ennek visszaigazol\u00e1sa ut\u00e1n lesz akt\u00edv.<\/p>\n<p><strong>A Lean Enterprise Institute (LEI) \u00e1ltal publik\u00e1lt k\u00f6nyvek tagjaink sz\u00e1m\u00e1ra 20% kedvezm\u00e9nnyel rendelhet\u0151k!<\/strong>\u00a0A kedvezm\u00e9ny csak a LEI kiadv\u00e1nyaira vonatkozik. A\u00a0<a href=\"http:\/\/www.lean.org\/Bookstore\/ProductCatalog.cfm\" target=\"_blank\" rel=\"noreferrer noopener\">lean.org k\u00f6nyv\u00e1ruh\u00e1z\u00e1ban<\/a>\u00a0megtal\u00e1lhat\u00f3 valamennyi angol nyelv\u0171 lean szakirodalom megrendelhet\u0151 Egyes\u00fclet\u00fcnk\u00f6n kereszt\u00fcl.<\/p>\n<p>In 12 new essays, ranging from the provocative to the practical and written specially for the second edition of\u00a0<em>Gemba Walks<\/em>\u00a0author and management expert Jim Womack reflects on the past 30 years of lean, and assesses the current state of lean today.<\/p>\n<p>He also shares thoughts on how lean thinking and practice can continue to make the world a better place by gaining traction in areas such as government and healthcare, provides practical guidance for how leaders everywhere can realize the full benefits of a lean management system, and shares hope for continued improvement on the path to better work and more value.<\/p>\n<p>Over the past 30 years, Womack has developed a method of going to visit the gemba at countless companies and keenly observing how people work together to create value. He has shared his thoughts and discoveries from these visits with the lean community through a monthly letter. With\u00a0<em>Gemba Walks\u00a0<\/em>second edition, Womack has selected and re-organized his key letters, as well as written 12 new essays.<\/p>\n<p><em>Gemba Walks<\/em>\u00a0shares his insights on topics ranging from the application of specific tools, to the role of management in sustaining lean, as well as the long-term prospects for this fundamental new way of creating value. Reading this book will reveal to readers a range of lean principles, as well as the basis for the critical lean practice of: go see, ask why, and show respect.<\/p>\n<p>Womack explains:<\/p>\n<ul>\n<li>whatever happened to Toyota and what happens next to lean?<\/li>\n<li>how lean got its name 25 years ago; a special essay co-authored by Jim and John Krafcik, president and CEO, Hyundai Motors America<\/li>\n<li>work, management, and leadership \u2014 what is the real work of the lean leader?<\/li>\n<li>don\u2019t offshore or reshore \u2013<em>leanshore<\/em><\/li>\n<li>why companies need fewer heroes and more farmers (who work daily to improve the processes and systems needed for perfect work and who take the time and effort to produce long-term improvement)<\/li>\n<li>how \u201cgood\u201d people who work in \u201cbad\u201d processes become as \u201cbad\u201d as the process itself<\/li>\n<li>how the real practice of showing respect comes down to helping workers frame and solve their own problems<\/li>\n<li>how the short-term gains from lean tools can be translated to enduring change from lean management.<\/li>\n<li>how the lean manager has a \u201crestless desire to continually rethink the organization\u2019s problems, probe their root causes, and lead experiments to test the best currently known countermeasures\u201d<\/li>\n<\/ul>\n<p>By sharing his personal path of discovery, Womack sheds new light on the continued adoption and development of the most important new business system of the past fifty years. His journey will provide courage and inspiration for every lean practitioner today.<\/p>\n<p style=\"text-align: center;\"><a class=\"wp-block-button__link\" style=\"border-radius: 5px;\" href=\"https:\/\/drive.google.com\/file\/d\/19PcxFD-xTABy73z-153r-KpADy9nkbXt\/view?usp=sharing\" target=\"_blank\" rel=\"noreferrer noopener\">Click to preview!<\/a><\/p>\n<p>ISBN 978-1-934109-38-0<br \/>\nNumber of Pages: 336<\/p>","protected":false},"excerpt":{"rendered":"<p><em>\u201cIn 12 new essays, ranging from the provocative to the practical and written specially for the second edition of\u00a0Gemba Walks\u00a0author and management expert Jim Womack reflects on the past 30 years of lean, and assesses the current state of lean today.\u201d<\/em><\/p>","protected":false},"featured_media":1522,"template":"","meta":{"_eb_attr":""},"product_brand":[],"product_cat":[69],"product_tag":[],"class_list":{"0":"post-1521","1":"product","2":"type-product","3":"status-publish","4":"has-post-thumbnail","6":"product_cat-lean-temaju-konyvek-idegen-nyelven","7":"infinite-scroll-item","8":"no-featured-image-padding","9":"sales-flash-overlay","10":"woocommerce-text-align-left","11":"woocommerce-image-align-left","12":"do-quantity-buttons","14":"first","15":"outofstock","16":"taxable","17":"shipping-taxable","18":"purchasable","19":"product-type-simple"},"yoast_head":"<!-- This site is optimized with the Yoast SEO plugin v27.4 - https:\/\/yoast.com\/product\/yoast-seo-wordpress\/ -->\n<title>Gemba Walks Expanded 2nd Edition - LEI<\/title>\n<meta name=\"description\" content=\"Jim Womack reflects on the past 30 years of lean, and assesses the current state of lean today.\" \/>\n<meta name=\"robots\" content=\"index, follow, max-snippet:-1, max-image-preview:large, max-video-preview:-1\" \/>\n<link rel=\"canonical\" href=\"https:\/\/lean.org.hu\/en\/lean-konyvesbolt\/gemba-walks-expanded-2nd-edition\/\" \/>\n<meta property=\"og:locale\" content=\"en_GB\" \/>\n<meta property=\"og:type\" content=\"article\" \/>\n<meta property=\"og:title\" content=\"Gemba Walks Expanded 2nd Edition\" \/>\n<meta property=\"og:description\" content=\"Jim Womack reflects on the past 30 years of lean, and assesses the current state of lean today.\" \/>\n<meta property=\"og:url\" content=\"https:\/\/lean.org.hu\/en\/lean-konyvesbolt\/gemba-walks-expanded-2nd-edition\/\" \/>\n<meta property=\"og:site_name\" content=\"LEI\" \/>\n<meta property=\"article:publisher\" content=\"https:\/\/www.facebook.com\/LEI.Hungary\" \/>\n<meta property=\"article:modified_time\" content=\"2021-09-29T09:59:12+00:00\" \/>\n<meta property=\"og:image\" content=\"https:\/\/lean.org.hu\/wp-content\/uploads\/2020\/09\/GW_en_425x600.jpg\" \/>\n\t<meta property=\"og:image:width\" content=\"425\" \/>\n\t<meta property=\"og:image:height\" content=\"600\" \/>\n\t<meta property=\"og:image:type\" content=\"image\/jpeg\" \/>\n<meta name=\"twitter:card\" content=\"summary_large_image\" \/>\n<meta name=\"twitter:label1\" content=\"Estimated reading time\" \/>\n\t<meta name=\"twitter:data1\" content=\"3 minutes\" \/>\n<script type=\"application\/ld+json\" class=\"yoast-schema-graph\">{\"@context\":\"https:\\\/\\\/schema.org\",\"@graph\":[{\"@type\":\"WebPage\",\"@id\":\"https:\\\/\\\/lean.org.hu\\\/lean-konyvesbolt\\\/gemba-walks-expanded-2nd-edition\\\/\",\"url\":\"https:\\\/\\\/lean.org.hu\\\/lean-konyvesbolt\\\/gemba-walks-expanded-2nd-edition\\\/\",\"name\":\"Gemba Walks Expanded 2nd Edition - LEI\",\"isPartOf\":{\"@id\":\"https:\\\/\\\/lean.org.hu\\\/#website\"},\"primaryImageOfPage\":{\"@id\":\"https:\\\/\\\/lean.org.hu\\\/lean-konyvesbolt\\\/gemba-walks-expanded-2nd-edition\\\/#primaryimage\"},\"image\":{\"@id\":\"https:\\\/\\\/lean.org.hu\\\/lean-konyvesbolt\\\/gemba-walks-expanded-2nd-edition\\\/#primaryimage\"},\"thumbnailUrl\":\"https:\\\/\\\/lean.org.hu\\\/wp-content\\\/uploads\\\/2020\\\/09\\\/GW_en_425x600.jpg\",\"datePublished\":\"2020-09-22T07:27:25+00:00\",\"dateModified\":\"2021-09-29T09:59:12+00:00\",\"description\":\"Jim Womack reflects on the past 30 years of lean, and assesses the current state of lean today.\",\"breadcrumb\":{\"@id\":\"https:\\\/\\\/lean.org.hu\\\/lean-konyvesbolt\\\/gemba-walks-expanded-2nd-edition\\\/#breadcrumb\"},\"inLanguage\":\"en-GB\",\"potentialAction\":[{\"@type\":\"ReadAction\",\"target\":[\"https:\\\/\\\/lean.org.hu\\\/lean-konyvesbolt\\\/gemba-walks-expanded-2nd-edition\\\/\"]}]},{\"@type\":\"ImageObject\",\"inLanguage\":\"en-GB\",\"@id\":\"https:\\\/\\\/lean.org.hu\\\/lean-konyvesbolt\\\/gemba-walks-expanded-2nd-edition\\\/#primaryimage\",\"url\":\"https:\\\/\\\/lean.org.hu\\\/wp-content\\\/uploads\\\/2020\\\/09\\\/GW_en_425x600.jpg\",\"contentUrl\":\"https:\\\/\\\/lean.org.hu\\\/wp-content\\\/uploads\\\/2020\\\/09\\\/GW_en_425x600.jpg\",\"width\":425,\"height\":600,\"caption\":\"Gemba walks cover\"},{\"@type\":\"BreadcrumbList\",\"@id\":\"https:\\\/\\\/lean.org.hu\\\/lean-konyvesbolt\\\/gemba-walks-expanded-2nd-edition\\\/#breadcrumb\",\"itemListElement\":[{\"@type\":\"ListItem\",\"position\":1,\"name\":\"Kezd\u0151lap\",\"item\":\"https:\\\/\\\/lean.org.hu\\\/\"},{\"@type\":\"ListItem\",\"position\":2,\"name\":\"Web\u00e1ruh\u00e1z oldal\",\"item\":\"http:\\\/\\\/lean.org.hu\\\/en\\\/webaruhaz-aloldal\\\/\"},{\"@type\":\"ListItem\",\"position\":3,\"name\":\"Gemba Walks Expanded 2nd Edition\"}]},{\"@type\":\"WebSite\",\"@id\":\"https:\\\/\\\/lean.org.hu\\\/#website\",\"url\":\"https:\\\/\\\/lean.org.hu\\\/\",\"name\":\"LEI\",\"description\":\"\",\"publisher\":{\"@id\":\"https:\\\/\\\/lean.org.hu\\\/#organization\"},\"potentialAction\":[{\"@type\":\"SearchAction\",\"target\":{\"@type\":\"EntryPoint\",\"urlTemplate\":\"https:\\\/\\\/lean.org.hu\\\/?s={search_term_string}\"},\"query-input\":{\"@type\":\"PropertyValueSpecification\",\"valueRequired\":true,\"valueName\":\"search_term_string\"}}],\"inLanguage\":\"en-GB\"},{\"@type\":\"Organization\",\"@id\":\"https:\\\/\\\/lean.org.hu\\\/#organization\",\"name\":\"LEI\",\"url\":\"https:\\\/\\\/lean.org.hu\\\/\",\"logo\":{\"@type\":\"ImageObject\",\"inLanguage\":\"en-GB\",\"@id\":\"https:\\\/\\\/lean.org.hu\\\/#\\\/schema\\\/logo\\\/image\\\/\",\"url\":\"https:\\\/\\\/lean.org.hu\\\/wp-content\\\/uploads\\\/2020\\\/07\\\/cropped-lean_logo_final_color_horizontal.png\",\"contentUrl\":\"https:\\\/\\\/lean.org.hu\\\/wp-content\\\/uploads\\\/2020\\\/07\\\/cropped-lean_logo_final_color_horizontal.png\",\"width\":779,\"height\":288,\"caption\":\"LEI\"},\"image\":{\"@id\":\"https:\\\/\\\/lean.org.hu\\\/#\\\/schema\\\/logo\\\/image\\\/\"},\"sameAs\":[\"https:\\\/\\\/www.facebook.com\\\/LEI.Hungary\",\"https:\\\/\\\/www.linkedin.com\\\/company\\\/lean-enterprise-institute-hungary\"]}]}<\/script>\n<!-- \/ Yoast SEO plugin. -->","yoast_head_json":{"title":"Gemba Walks Expanded 2nd Edition - LEI","description":"Jim Womack reflects on the past 30 years of lean, and assesses the current state of lean today.","robots":{"index":"index","follow":"follow","max-snippet":"max-snippet:-1","max-image-preview":"max-image-preview:large","max-video-preview":"max-video-preview:-1"},"canonical":"https:\/\/lean.org.hu\/en\/lean-konyvesbolt\/gemba-walks-expanded-2nd-edition\/","og_locale":"en_GB","og_type":"article","og_title":"Gemba Walks Expanded 2nd Edition","og_description":"Jim Womack reflects on the past 30 years of lean, and assesses the current state of lean today.","og_url":"https:\/\/lean.org.hu\/en\/lean-konyvesbolt\/gemba-walks-expanded-2nd-edition\/","og_site_name":"LEI","article_publisher":"https:\/\/www.facebook.com\/LEI.Hungary","article_modified_time":"2021-09-29T09:59:12+00:00","og_image":[{"width":425,"height":600,"url":"https:\/\/lean.org.hu\/wp-content\/uploads\/2020\/09\/GW_en_425x600.jpg","type":"image\/jpeg"}],"twitter_card":"summary_large_image","twitter_misc":{"Estimated reading time":"3 minutes"},"schema":{"@context":"https:\/\/schema.org","@graph":[{"@type":"WebPage","@id":"https:\/\/lean.org.hu\/lean-konyvesbolt\/gemba-walks-expanded-2nd-edition\/","url":"https:\/\/lean.org.hu\/lean-konyvesbolt\/gemba-walks-expanded-2nd-edition\/","name":"Gemba Walks Expanded 2nd Edition - LEI","isPartOf":{"@id":"https:\/\/lean.org.hu\/#website"},"primaryImageOfPage":{"@id":"https:\/\/lean.org.hu\/lean-konyvesbolt\/gemba-walks-expanded-2nd-edition\/#primaryimage"},"image":{"@id":"https:\/\/lean.org.hu\/lean-konyvesbolt\/gemba-walks-expanded-2nd-edition\/#primaryimage"},"thumbnailUrl":"https:\/\/lean.org.hu\/wp-content\/uploads\/2020\/09\/GW_en_425x600.jpg","datePublished":"2020-09-22T07:27:25+00:00","dateModified":"2021-09-29T09:59:12+00:00","description":"Jim Womack reflects on the past 30 years of lean, and assesses the current state of lean today.","breadcrumb":{"@id":"https:\/\/lean.org.hu\/lean-konyvesbolt\/gemba-walks-expanded-2nd-edition\/#breadcrumb"},"inLanguage":"en-GB","potentialAction":[{"@type":"ReadAction","target":["https:\/\/lean.org.hu\/lean-konyvesbolt\/gemba-walks-expanded-2nd-edition\/"]}]},{"@type":"ImageObject","inLanguage":"en-GB","@id":"https:\/\/lean.org.hu\/lean-konyvesbolt\/gemba-walks-expanded-2nd-edition\/#primaryimage","url":"https:\/\/lean.org.hu\/wp-content\/uploads\/2020\/09\/GW_en_425x600.jpg","contentUrl":"https:\/\/lean.org.hu\/wp-content\/uploads\/2020\/09\/GW_en_425x600.jpg","width":425,"height":600,"caption":"Gemba walks cover"},{"@type":"BreadcrumbList","@id":"https:\/\/lean.org.hu\/lean-konyvesbolt\/gemba-walks-expanded-2nd-edition\/#breadcrumb","itemListElement":[{"@type":"ListItem","position":1,"name":"Kezd\u0151lap","item":"https:\/\/lean.org.hu\/"},{"@type":"ListItem","position":2,"name":"Web\u00e1ruh\u00e1z oldal","item":"http:\/\/lean.org.hu\/en\/webaruhaz-aloldal\/"},{"@type":"ListItem","position":3,"name":"Gemba Walks Expanded 2nd Edition"}]},{"@type":"WebSite","@id":"https:\/\/lean.org.hu\/#website","url":"https:\/\/lean.org.hu\/","name":"LEI","description":"","publisher":{"@id":"https:\/\/lean.org.hu\/#organization"},"potentialAction":[{"@type":"SearchAction","target":{"@type":"EntryPoint","urlTemplate":"https:\/\/lean.org.hu\/?s={search_term_string}"},"query-input":{"@type":"PropertyValueSpecification","valueRequired":true,"valueName":"search_term_string"}}],"inLanguage":"en-GB"},{"@type":"Organization","@id":"https:\/\/lean.org.hu\/#organization","name":"LEI","url":"https:\/\/lean.org.hu\/","logo":{"@type":"ImageObject","inLanguage":"en-GB","@id":"https:\/\/lean.org.hu\/#\/schema\/logo\/image\/","url":"https:\/\/lean.org.hu\/wp-content\/uploads\/2020\/07\/cropped-lean_logo_final_color_horizontal.png","contentUrl":"https:\/\/lean.org.hu\/wp-content\/uploads\/2020\/07\/cropped-lean_logo_final_color_horizontal.png","width":779,"height":288,"caption":"LEI"},"image":{"@id":"https:\/\/lean.org.hu\/#\/schema\/logo\/image\/"},"sameAs":["https:\/\/www.facebook.com\/LEI.Hungary","https:\/\/www.linkedin.com\/company\/lean-enterprise-institute-hungary"]}]}},"_links":{"self":[{"href":"https:\/\/lean.org.hu\/en\/wp-json\/wp\/v2\/product\/1521","targetHints":{"allow":["GET"]}}],"collection":[{"href":"https:\/\/lean.org.hu\/en\/wp-json\/wp\/v2\/product"}],"about":[{"href":"https:\/\/lean.org.hu\/en\/wp-json\/wp\/v2\/types\/product"}],"wp:featuredmedia":[{"embeddable":true,"href":"https:\/\/lean.org.hu\/en\/wp-json\/wp\/v2\/media\/1522"}],"wp:attachment":[{"href":"https:\/\/lean.org.hu\/en\/wp-json\/wp\/v2\/media?parent=1521"}],"wp:term":[{"taxonomy":"product_brand","embeddable":true,"href":"https:\/\/lean.org.hu\/en\/wp-json\/wp\/v2\/product_brand?post=1521"},{"taxonomy":"product_cat","embeddable":true,"href":"https:\/\/lean.org.hu\/en\/wp-json\/wp\/v2\/product_cat?post=1521"},{"taxonomy":"product_tag","embeddable":true,"href":"https:\/\/lean.org.hu\/en\/wp-json\/wp\/v2\/product_tag?post=1521"}],"curies":[{"name":"wp","href":"https:\/\/api.w.org\/{rel}","templated":true}]}}