{"id":1519,"date":"2020-09-22T06:20:57","date_gmt":"2020-09-22T06:20:57","guid":{"rendered":"http:\/\/generaciokpartnere.hu\/leiwp\/?post_type=product&#038;p=1519"},"modified":"2021-09-29T11:59:12","modified_gmt":"2021-09-29T09:59:12","slug":"everything-i-know-about-lean-i-learned-in-first-grade","status":"publish","type":"product","link":"https:\/\/lean.org.hu\/en\/lean-konyvesbolt\/everything-i-know-about-lean-i-learned-in-first-grade\/","title":{"rendered":"Everything I Know About Lean I Learned in First Grade"},"content":{"rendered":"<p><strong>Everything I Know About Lean I Learned in First Grade<\/strong><br \/>\nRobert Martichenko<\/p>\n<p><strong>K\u00e9rd egyedi \u00e1raj\u00e1nlatunkat az\u00a0<a href=\"mailto:info@lean.org.hu\" target=\"_blank\" rel=\"noreferrer noopener\">info@lean.org.hu<\/a>\u00a0e-mail c\u00edmen! A k\u00f6nyvek \u00e1r\u00e1t l\u00e9giposta \u00e9s v\u00e1m is terheli.<\/strong>\u00a0Ezek pontos m\u00e9rt\u00e9ke a megrendel\u00e9s nagys\u00e1g\u00e1t\u00f3l f\u00fcgg, ez\u00e9rt k\u00e9rj\u00fck, minden esetben add meg a kiv\u00e1lasztott k\u00f6nyvek pontos c\u00edm\u00e9t, a megrendelni k\u00edv\u00e1nt p\u00e9ld\u00e1nysz\u00e1mot,\u00a0a megrendel\u0151 adatait, a sz\u00e1ml\u00e1z\u00e1si \u00e9s sz\u00e1ll\u00edt\u00e1si c\u00edmet. Az aj\u00e1nlatban t\u00e1j\u00e9koztatunk a v\u00e9g\u00f6sszegr\u0151l, illetve a megrendel\u00e9shez tartoz\u00f3 aktu\u00e1lis \u00e1rfolyamr\u00f3l. Megrendel\u00e9sed csak ennek visszaigazol\u00e1sa ut\u00e1n lesz akt\u00edv.<\/p>\n<p><strong>A Lean Enterprise Institute (LEI) \u00e1ltal publik\u00e1lt k\u00f6nyvek tagjaink sz\u00e1m\u00e1ra 20% kedvezm\u00e9nnyel rendelhet\u0151k!<\/strong>\u00a0A kedvezm\u00e9ny csak a LEI kiadv\u00e1nyaira vonatkozik. A\u00a0<a href=\"http:\/\/www.lean.org\/Bookstore\/ProductCatalog.cfm\" target=\"_blank\" rel=\"noreferrer noopener\">lean.org k\u00f6nyv\u00e1ruh\u00e1z\u00e1ban<\/a>\u00a0megtal\u00e1lhat\u00f3 valamennyi angol nyelv\u0171 lean szakirodalom megrendelhet\u0151 Egyes\u00fclet\u00fcnk\u00f6n kereszt\u00fcl.<\/p>\n<p>Every lean practitioner occasionally wishes for a simple, fun, and quick-read introduction to lean thinking to give acquaintances, associates, and family members \u2013 even to our kids. If lean thinking often entails unlearning a plethora of bad habits, wouldn\u2019t it better if we learned better thinking \u2013 and habits \u2013 from the beginning?<\/p>\n<p><em>Everything I Know About Lean I Learned in First Grade<\/em>\u00a0is just that sort of book. It brings lean back to its original simplicity by showing how lean is alive in a first grade classroom. The book connects common lean tools to the broader lean journey, shows how to identify and eliminate waste, and aids the reader in seeing lean for what it truly is: a way to create a learning and problem-solving culture.<\/p>\n<p>Written to educate the entire organization on the fundamentals of lean thinking, this is the perfect source to engage all team members at all levels of an organization. Originally self-published in 2008, LEI is proud to re-issue this book and make it available to the broader lean community.<\/p>\n<p style=\"text-align: center;\"><a class=\"wp-block-button__link\" style=\"border-radius: 5px;\" href=\"https:\/\/drive.google.com\/file\/d\/1-zh5u4UwxvLSiNzkxDkK-QHmHT0BBOM0\/view?usp=sharing\" target=\"_blank\" rel=\"noreferrer noopener\">Click to preview!<\/a><\/p>\n<p>ISBN 978-1-934109-34-2<br \/>\nNumber of Pages: 105<\/p>","protected":false},"excerpt":{"rendered":"<p><em>\u201cEvery lean practitioner occasionally wishes for a simple, fun, and quick-read introduction to lean thinking to give acquaintances, associates, and family members \u2013 even to our kids.\u201d<\/em><\/p>","protected":false},"featured_media":1520,"template":"","meta":{"_eb_attr":""},"product_brand":[],"product_cat":[69],"product_tag":[],"class_list":{"0":"post-1519","1":"product","2":"type-product","3":"status-publish","4":"has-post-thumbnail","6":"product_cat-lean-temaju-konyvek-idegen-nyelven","7":"infinite-scroll-item","8":"no-featured-image-padding","9":"sales-flash-overlay","10":"woocommerce-text-align-left","11":"woocommerce-image-align-left","12":"do-quantity-buttons","14":"first","15":"outofstock","16":"taxable","17":"shipping-taxable","18":"purchasable","19":"product-type-simple"},"yoast_head":"<!-- This site is optimized with the Yoast SEO plugin v27.4 - https:\/\/yoast.com\/product\/yoast-seo-wordpress\/ -->\n<title>Everything I Know About Lean I Learned in First Grade - LEI<\/title>\n<meta name=\"description\" content=\"Every lean practitioner occasionally wishes for a simple, fun, and quick-read introduction to lean thinking...\" \/>\n<meta name=\"robots\" content=\"index, follow, max-snippet:-1, max-image-preview:large, max-video-preview:-1\" \/>\n<link rel=\"canonical\" href=\"https:\/\/lean.org.hu\/en\/lean-konyvesbolt\/everything-i-know-about-lean-i-learned-in-first-grade\/\" \/>\n<meta property=\"og:locale\" content=\"en_GB\" \/>\n<meta property=\"og:type\" content=\"article\" \/>\n<meta property=\"og:title\" content=\"Everything I Know About Lean I Learned in First Grade\" \/>\n<meta property=\"og:description\" content=\"Every lean practitioner occasionally wishes for a simple, fun, and quick-read introduction to lean thinking...\" \/>\n<meta property=\"og:url\" content=\"https:\/\/lean.org.hu\/en\/lean-konyvesbolt\/everything-i-know-about-lean-i-learned-in-first-grade\/\" \/>\n<meta property=\"og:site_name\" content=\"LEI\" \/>\n<meta property=\"article:publisher\" content=\"https:\/\/www.facebook.com\/LEI.Hungary\" \/>\n<meta property=\"article:modified_time\" content=\"2021-09-29T09:59:12+00:00\" \/>\n<meta property=\"og:image\" content=\"https:\/\/lean.org.hu\/wp-content\/uploads\/2020\/09\/LFG_en_425x600.jpg\" \/>\n\t<meta property=\"og:image:width\" content=\"425\" \/>\n\t<meta property=\"og:image:height\" content=\"600\" \/>\n\t<meta property=\"og:image:type\" content=\"image\/jpeg\" \/>\n<meta name=\"twitter:card\" content=\"summary_large_image\" \/>\n<meta name=\"twitter:label1\" content=\"Estimated reading time\" \/>\n\t<meta name=\"twitter:data1\" content=\"2 minutes\" \/>\n<script type=\"application\/ld+json\" class=\"yoast-schema-graph\">{\"@context\":\"https:\\\/\\\/schema.org\",\"@graph\":[{\"@type\":\"WebPage\",\"@id\":\"https:\\\/\\\/lean.org.hu\\\/lean-konyvesbolt\\\/everything-i-know-about-lean-i-learned-in-first-grade\\\/\",\"url\":\"https:\\\/\\\/lean.org.hu\\\/lean-konyvesbolt\\\/everything-i-know-about-lean-i-learned-in-first-grade\\\/\",\"name\":\"Everything I Know About Lean I Learned in First Grade - LEI\",\"isPartOf\":{\"@id\":\"https:\\\/\\\/lean.org.hu\\\/#website\"},\"primaryImageOfPage\":{\"@id\":\"https:\\\/\\\/lean.org.hu\\\/lean-konyvesbolt\\\/everything-i-know-about-lean-i-learned-in-first-grade\\\/#primaryimage\"},\"image\":{\"@id\":\"https:\\\/\\\/lean.org.hu\\\/lean-konyvesbolt\\\/everything-i-know-about-lean-i-learned-in-first-grade\\\/#primaryimage\"},\"thumbnailUrl\":\"https:\\\/\\\/lean.org.hu\\\/wp-content\\\/uploads\\\/2020\\\/09\\\/LFG_en_425x600.jpg\",\"datePublished\":\"2020-09-22T06:20:57+00:00\",\"dateModified\":\"2021-09-29T09:59:12+00:00\",\"description\":\"Every lean practitioner occasionally wishes for a simple, fun, and quick-read introduction to lean thinking...\",\"breadcrumb\":{\"@id\":\"https:\\\/\\\/lean.org.hu\\\/lean-konyvesbolt\\\/everything-i-know-about-lean-i-learned-in-first-grade\\\/#breadcrumb\"},\"inLanguage\":\"en-GB\",\"potentialAction\":[{\"@type\":\"ReadAction\",\"target\":[\"https:\\\/\\\/lean.org.hu\\\/lean-konyvesbolt\\\/everything-i-know-about-lean-i-learned-in-first-grade\\\/\"]}]},{\"@type\":\"ImageObject\",\"inLanguage\":\"en-GB\",\"@id\":\"https:\\\/\\\/lean.org.hu\\\/lean-konyvesbolt\\\/everything-i-know-about-lean-i-learned-in-first-grade\\\/#primaryimage\",\"url\":\"https:\\\/\\\/lean.org.hu\\\/wp-content\\\/uploads\\\/2020\\\/09\\\/LFG_en_425x600.jpg\",\"contentUrl\":\"https:\\\/\\\/lean.org.hu\\\/wp-content\\\/uploads\\\/2020\\\/09\\\/LFG_en_425x600.jpg\",\"width\":425,\"height\":600,\"caption\":\"Everything I Know About Lean I Learned in First Grade cover\"},{\"@type\":\"BreadcrumbList\",\"@id\":\"https:\\\/\\\/lean.org.hu\\\/lean-konyvesbolt\\\/everything-i-know-about-lean-i-learned-in-first-grade\\\/#breadcrumb\",\"itemListElement\":[{\"@type\":\"ListItem\",\"position\":1,\"name\":\"Kezd\u0151lap\",\"item\":\"https:\\\/\\\/lean.org.hu\\\/\"},{\"@type\":\"ListItem\",\"position\":2,\"name\":\"Web\u00e1ruh\u00e1z oldal\",\"item\":\"http:\\\/\\\/lean.org.hu\\\/en\\\/webaruhaz-aloldal\\\/\"},{\"@type\":\"ListItem\",\"position\":3,\"name\":\"Everything I Know About Lean I Learned in First Grade\"}]},{\"@type\":\"WebSite\",\"@id\":\"https:\\\/\\\/lean.org.hu\\\/#website\",\"url\":\"https:\\\/\\\/lean.org.hu\\\/\",\"name\":\"LEI\",\"description\":\"\",\"publisher\":{\"@id\":\"https:\\\/\\\/lean.org.hu\\\/#organization\"},\"potentialAction\":[{\"@type\":\"SearchAction\",\"target\":{\"@type\":\"EntryPoint\",\"urlTemplate\":\"https:\\\/\\\/lean.org.hu\\\/?s={search_term_string}\"},\"query-input\":{\"@type\":\"PropertyValueSpecification\",\"valueRequired\":true,\"valueName\":\"search_term_string\"}}],\"inLanguage\":\"en-GB\"},{\"@type\":\"Organization\",\"@id\":\"https:\\\/\\\/lean.org.hu\\\/#organization\",\"name\":\"LEI\",\"url\":\"https:\\\/\\\/lean.org.hu\\\/\",\"logo\":{\"@type\":\"ImageObject\",\"inLanguage\":\"en-GB\",\"@id\":\"https:\\\/\\\/lean.org.hu\\\/#\\\/schema\\\/logo\\\/image\\\/\",\"url\":\"https:\\\/\\\/lean.org.hu\\\/wp-content\\\/uploads\\\/2020\\\/07\\\/cropped-lean_logo_final_color_horizontal.png\",\"contentUrl\":\"https:\\\/\\\/lean.org.hu\\\/wp-content\\\/uploads\\\/2020\\\/07\\\/cropped-lean_logo_final_color_horizontal.png\",\"width\":779,\"height\":288,\"caption\":\"LEI\"},\"image\":{\"@id\":\"https:\\\/\\\/lean.org.hu\\\/#\\\/schema\\\/logo\\\/image\\\/\"},\"sameAs\":[\"https:\\\/\\\/www.facebook.com\\\/LEI.Hungary\",\"https:\\\/\\\/www.linkedin.com\\\/company\\\/lean-enterprise-institute-hungary\"]}]}<\/script>\n<!-- \/ Yoast SEO plugin. -->","yoast_head_json":{"title":"Everything I Know About Lean I Learned in First Grade - LEI","description":"Every lean practitioner occasionally wishes for a simple, fun, and quick-read introduction to lean thinking...","robots":{"index":"index","follow":"follow","max-snippet":"max-snippet:-1","max-image-preview":"max-image-preview:large","max-video-preview":"max-video-preview:-1"},"canonical":"https:\/\/lean.org.hu\/en\/lean-konyvesbolt\/everything-i-know-about-lean-i-learned-in-first-grade\/","og_locale":"en_GB","og_type":"article","og_title":"Everything I Know About Lean I Learned in First Grade","og_description":"Every lean practitioner occasionally wishes for a simple, fun, and quick-read introduction to lean thinking...","og_url":"https:\/\/lean.org.hu\/en\/lean-konyvesbolt\/everything-i-know-about-lean-i-learned-in-first-grade\/","og_site_name":"LEI","article_publisher":"https:\/\/www.facebook.com\/LEI.Hungary","article_modified_time":"2021-09-29T09:59:12+00:00","og_image":[{"width":425,"height":600,"url":"https:\/\/lean.org.hu\/wp-content\/uploads\/2020\/09\/LFG_en_425x600.jpg","type":"image\/jpeg"}],"twitter_card":"summary_large_image","twitter_misc":{"Estimated reading time":"2 minutes"},"schema":{"@context":"https:\/\/schema.org","@graph":[{"@type":"WebPage","@id":"https:\/\/lean.org.hu\/lean-konyvesbolt\/everything-i-know-about-lean-i-learned-in-first-grade\/","url":"https:\/\/lean.org.hu\/lean-konyvesbolt\/everything-i-know-about-lean-i-learned-in-first-grade\/","name":"Everything I Know About Lean I Learned in First Grade - LEI","isPartOf":{"@id":"https:\/\/lean.org.hu\/#website"},"primaryImageOfPage":{"@id":"https:\/\/lean.org.hu\/lean-konyvesbolt\/everything-i-know-about-lean-i-learned-in-first-grade\/#primaryimage"},"image":{"@id":"https:\/\/lean.org.hu\/lean-konyvesbolt\/everything-i-know-about-lean-i-learned-in-first-grade\/#primaryimage"},"thumbnailUrl":"https:\/\/lean.org.hu\/wp-content\/uploads\/2020\/09\/LFG_en_425x600.jpg","datePublished":"2020-09-22T06:20:57+00:00","dateModified":"2021-09-29T09:59:12+00:00","description":"Every lean practitioner occasionally wishes for a simple, fun, and quick-read introduction to lean thinking...","breadcrumb":{"@id":"https:\/\/lean.org.hu\/lean-konyvesbolt\/everything-i-know-about-lean-i-learned-in-first-grade\/#breadcrumb"},"inLanguage":"en-GB","potentialAction":[{"@type":"ReadAction","target":["https:\/\/lean.org.hu\/lean-konyvesbolt\/everything-i-know-about-lean-i-learned-in-first-grade\/"]}]},{"@type":"ImageObject","inLanguage":"en-GB","@id":"https:\/\/lean.org.hu\/lean-konyvesbolt\/everything-i-know-about-lean-i-learned-in-first-grade\/#primaryimage","url":"https:\/\/lean.org.hu\/wp-content\/uploads\/2020\/09\/LFG_en_425x600.jpg","contentUrl":"https:\/\/lean.org.hu\/wp-content\/uploads\/2020\/09\/LFG_en_425x600.jpg","width":425,"height":600,"caption":"Everything I Know About Lean I Learned in First Grade cover"},{"@type":"BreadcrumbList","@id":"https:\/\/lean.org.hu\/lean-konyvesbolt\/everything-i-know-about-lean-i-learned-in-first-grade\/#breadcrumb","itemListElement":[{"@type":"ListItem","position":1,"name":"Kezd\u0151lap","item":"https:\/\/lean.org.hu\/"},{"@type":"ListItem","position":2,"name":"Web\u00e1ruh\u00e1z oldal","item":"http:\/\/lean.org.hu\/en\/webaruhaz-aloldal\/"},{"@type":"ListItem","position":3,"name":"Everything I Know About Lean I Learned in First Grade"}]},{"@type":"WebSite","@id":"https:\/\/lean.org.hu\/#website","url":"https:\/\/lean.org.hu\/","name":"LEI","description":"","publisher":{"@id":"https:\/\/lean.org.hu\/#organization"},"potentialAction":[{"@type":"SearchAction","target":{"@type":"EntryPoint","urlTemplate":"https:\/\/lean.org.hu\/?s={search_term_string}"},"query-input":{"@type":"PropertyValueSpecification","valueRequired":true,"valueName":"search_term_string"}}],"inLanguage":"en-GB"},{"@type":"Organization","@id":"https:\/\/lean.org.hu\/#organization","name":"LEI","url":"https:\/\/lean.org.hu\/","logo":{"@type":"ImageObject","inLanguage":"en-GB","@id":"https:\/\/lean.org.hu\/#\/schema\/logo\/image\/","url":"https:\/\/lean.org.hu\/wp-content\/uploads\/2020\/07\/cropped-lean_logo_final_color_horizontal.png","contentUrl":"https:\/\/lean.org.hu\/wp-content\/uploads\/2020\/07\/cropped-lean_logo_final_color_horizontal.png","width":779,"height":288,"caption":"LEI"},"image":{"@id":"https:\/\/lean.org.hu\/#\/schema\/logo\/image\/"},"sameAs":["https:\/\/www.facebook.com\/LEI.Hungary","https:\/\/www.linkedin.com\/company\/lean-enterprise-institute-hungary"]}]}},"_links":{"self":[{"href":"https:\/\/lean.org.hu\/en\/wp-json\/wp\/v2\/product\/1519","targetHints":{"allow":["GET"]}}],"collection":[{"href":"https:\/\/lean.org.hu\/en\/wp-json\/wp\/v2\/product"}],"about":[{"href":"https:\/\/lean.org.hu\/en\/wp-json\/wp\/v2\/types\/product"}],"wp:featuredmedia":[{"embeddable":true,"href":"https:\/\/lean.org.hu\/en\/wp-json\/wp\/v2\/media\/1520"}],"wp:attachment":[{"href":"https:\/\/lean.org.hu\/en\/wp-json\/wp\/v2\/media?parent=1519"}],"wp:term":[{"taxonomy":"product_brand","embeddable":true,"href":"https:\/\/lean.org.hu\/en\/wp-json\/wp\/v2\/product_brand?post=1519"},{"taxonomy":"product_cat","embeddable":true,"href":"https:\/\/lean.org.hu\/en\/wp-json\/wp\/v2\/product_cat?post=1519"},{"taxonomy":"product_tag","embeddable":true,"href":"https:\/\/lean.org.hu\/en\/wp-json\/wp\/v2\/product_tag?post=1519"}],"curies":[{"name":"wp","href":"https:\/\/api.w.org\/{rel}","templated":true}]}}