{"id":150125,"date":"2025-12-12T14:45:45","date_gmt":"2025-12-12T13:45:45","guid":{"rendered":"https:\/\/lean.org.hu\/?post_type=product&#038;p=150125"},"modified":"2026-02-12T12:36:24","modified_gmt":"2026-02-12T11:36:24","slug":"gondold-ujra","status":"publish","type":"product","link":"https:\/\/lean.org.hu\/en\/lean-konyvesbolt\/gondold-ujra","title":{"rendered":"Gondold \u00fajra!"},"content":{"rendered":"<div>\n<p><b>Gondold \u00fajra \u2013 Fedezd fel az \u00fajragondol\u00e1s erej\u00e9t!<\/b><\/p>\n<p><em>Adam Grant<br \/>\n<\/em><\/p>\n<p>\u201eHa a tud\u00e1s hatalom, akkor tudni, hogy mit nem tudunk, maga a b\u00f6lcsess\u00e9g.\u201d De vajon mi\u00e9rt olyan neh\u00e9z elengedni a r\u00e9gi meggy\u0151z\u0151d\u00e9seinket, \u00e9s mi\u00e9rt ragaszkodunk az el\u0151\u00edt\u00e9leteinkhez, m\u00e9g akkor is, ha azok nem visznek el\u0151re?<\/p>\n<p>Adam Grant szervezetpszichol\u00f3gus Gondold \u00fajra! c\u00edm\u0171 k\u00f6nyv\u00e9ben arra mutat r\u00e1, hogy az intelligencia nem csup\u00e1n a tanul\u00e1s \u00e9s a gondolkod\u00e1s k\u00e9pess\u00e9g\u00e9ben rejlik, hanem abban is, hogy k\u00e9pesek vagyunk-e megk\u00e9rd\u0151jelezni saj\u00e1t n\u00e9zeteinket, elengedni a m\u00e1r elavult tud\u00e1st, \u00e9s \u00faj szempontok alapj\u00e1n friss szemmel tekinteni a vil\u00e1gra. Egy gyorsan v\u00e1ltoz\u00f3 k\u00f6rnyezetben ez a k\u00e9pess\u00e9g kulcsfontoss\u00e1g\u00fav\u00e1 v\u00e1lik: ha rugalmasan tudunk alkalmazkodni az \u00faj helyzetekhez, k\u00f6nnyebben hozhatunk b\u00f6lcs d\u00f6nt\u00e9seket \u00e9s fejl\u0151dhet\u00fcnk mind a munk\u00e1nkban, mind a mag\u00e1n\u00e9let\u00fcnkben.<\/p>\n<p>A k\u00f6nyv lebilincsel\u0151 t\u00f6rt\u00e9netek, tudom\u00e1nyos kutat\u00e1sok \u00e9s inspir\u00e1l\u00f3 p\u00e9ld\u00e1k seg\u00edts\u00e9g\u00e9vel vezet v\u00e9gig azon a folyamaton, amely r\u00e9v\u00e9n elsaj\u00e1t\u00edthatjuk az \u00fajragondol\u00e1s m\u0171v\u00e9szet\u00e9t. Megtudhatjuk, hogyan teremthet\u00fcnk olyan k\u00f6rnyezetet \u2013 legyen sz\u00f3 iskol\u00e1r\u00f3l, munkahelyr\u0151l vagy b\u00e1rmilyen k\u00f6z\u00f6ss\u00e9gr\u0151l \u2013, amely t\u00e1mogatja az \u00e9lethosszig tart\u00f3 tanul\u00e1st \u00e9s a nyitott gondolkod\u00e1st.<\/p>\n<p>Ha szeretn\u00e9d megtanulni, hogyan maradj nyitott az \u00faj lehet\u0151s\u00e9gekre, hogyan vedd \u00e9szre a saj\u00e1t gondolkod\u00e1sod korl\u00e1tait, \u00e9s mik\u00e9nt seg\u00edtsd m\u00e1sokat is ebben, akkor ez a k\u00f6nyv neked sz\u00f3l! Engedd el a r\u00e9gi, m\u00e1r nem hasznos n\u00e9zeteket, \u00e9s v\u00e1lj m\u00e9g rugalmasabb\u00e1 a gondolkod\u00e1sodban \u2013 Gondold \u00fajra!<\/p>\n<p>Adam Grant szervezetpszichol\u00f3gus arra keresi a v\u00e1laszt, hogyan saj\u00e1t\u00edthatjuk el az \u00fajragondol\u00e1s m\u0171v\u00e9szet\u00e9t, \u00e9s mik\u00e9nt tehetj\u00fck az iskol\u00e1inkat, munkahelyeinket \u00e9s egy\u00e9b k\u00f6z\u00f6ss\u00e9geinket az \u00e9lethosszig tart\u00f3 tanul\u00e1s sz\u00ednhely\u00e9v\u00e9. Izgalmas t\u00f6rt\u00e9neteket, mer\u00e9sz felvet\u00e9seket \u00e9s meggy\u0151z\u0151 kutat\u00e1si eredm\u00e9nyeket ismertet\u0151 k\u00f6nyv\u00e9b\u0151l megtudhatjuk, hogyan maradjunk rugalmasak \u00e9s nyitottak, \u00e9s mik\u00e9nt vehetj\u00fck r\u00e1 erre a k\u00f6r\u00fcl\u00f6tt\u00fcnk l\u00e9v\u0151ket is. Ha el tudjuk engedni azokat a n\u00e9zeteinket, amelyek m\u00e1r nem szolg\u00e1lnak minket, k\u00f6zelebb juthatunk a kiv\u00e1l\u00f3s\u00e1ghoz a munk\u00e1nkban, \u00e9s b\u00f6lcsebb d\u00f6nt\u00e9seket hozhatunk az \u00e9let minden ter\u00fclet\u00e9n.<\/p>\n<p style=\"text-align: center;\"><a class=\"wp-block-button__link\" style=\"border-radius: 5px;\" href=\"https:\/\/hvgkonyvek.hu\/public\/product\/1924\/lookinside\/gondold_ujra_beleolvaso.pdf\" target=\"_blank\" rel=\"noreferrer noopener\">Olvass bele a k\u00f6nyvbe!<\/a><\/p>\n<\/div>\n<p>ISBN: 9789635650798<br \/>\nTerjedelem: 376 oldal (145&#215;210 mm)<\/p>","protected":false},"excerpt":{"rendered":"<p>\u201eHa a tud\u00e1s hatalom, akkor tudni, hogy mit nem tudunk, maga a b\u00f6lcsess\u00e9g.\u201d De vajon mi\u00e9rt olyan neh\u00e9z elengedni a r\u00e9gi meggy\u0151z\u0151d\u00e9seinket, \u00e9s mi\u00e9rt ragaszkodunk az el\u0151\u00edt\u00e9leteinkhez, m\u00e9g akkor is, ha azok nem visznek el\u0151re?<\/p>","protected":false},"featured_media":150128,"template":"","meta":{"_eb_attr":""},"product_brand":[],"product_cat":[183,173,891],"product_tag":[],"class_list":{"0":"post-150125","1":"product","2":"type-product","3":"status-publish","4":"has-post-thumbnail","6":"product_cat-lean-konyvek-kapcsolodo-irodalom","7":"product_cat-lean-konyvesbolt","8":"product_cat-uj-konyvek","9":"infinite-scroll-item","10":"no-featured-image-padding","11":"sales-flash-overlay","12":"woocommerce-text-align-left","13":"woocommerce-image-align-left","14":"do-quantity-buttons","16":"first","17":"instock","18":"taxable","19":"shipping-taxable","20":"purchasable","21":"product-type-variable"},"yoast_head":"<!-- This site is optimized with the Yoast SEO plugin v27.4 - https:\/\/yoast.com\/product\/yoast-seo-wordpress\/ -->\n<title>Gondold \u00fajra! - LEI<\/title>\n<meta name=\"description\" content=\"\u201eHa a tud\u00e1s hatalom, akkor tudni, hogy mit nem tudunk, maga a b\u00f6lcsess\u00e9g.\u201d De vajon mi\u00e9rt olyan neh\u00e9z elengedni a r\u00e9gi meggy\u0151z\u0151d\u00e9seinket, \u00e9s mi\u00e9rt ragaszkodunk az el\u0151\u00edt\u00e9leteinkhez, m\u00e9g akkor is, ha azok nem visznek el\u0151re?\" \/>\n<meta name=\"robots\" content=\"index, follow, max-snippet:-1, max-image-preview:large, max-video-preview:-1\" \/>\n<link rel=\"canonical\" href=\"https:\/\/lean.org.hu\/en\/lean-konyvesbolt\/gondold-ujra\/\" \/>\n<meta property=\"og:locale\" content=\"en_GB\" \/>\n<meta property=\"og:type\" content=\"article\" \/>\n<meta property=\"og:title\" content=\"Gondold \u00fajra! - LEI\" \/>\n<meta property=\"og:description\" content=\"\u201eHa a tud\u00e1s hatalom, akkor tudni, hogy mit nem tudunk, maga a b\u00f6lcsess\u00e9g.\u201d De vajon mi\u00e9rt olyan neh\u00e9z elengedni a r\u00e9gi meggy\u0151z\u0151d\u00e9seinket, \u00e9s mi\u00e9rt ragaszkodunk az el\u0151\u00edt\u00e9leteinkhez, m\u00e9g akkor is, ha azok nem visznek el\u0151re?\" \/>\n<meta property=\"og:url\" content=\"https:\/\/lean.org.hu\/en\/lean-konyvesbolt\/gondold-ujra\/\" \/>\n<meta property=\"og:site_name\" content=\"LEI\" \/>\n<meta property=\"article:publisher\" content=\"https:\/\/www.facebook.com\/LEI.Hungary\" \/>\n<meta property=\"article:modified_time\" content=\"2026-02-12T11:36:24+00:00\" \/>\n<meta property=\"og:image\" content=\"https:\/\/lean.org.hu\/wp-content\/uploads\/2025\/12\/adamgrant-gondoldujra_b1.jpg\" \/>\n\t<meta property=\"og:image:width\" content=\"500\" \/>\n\t<meta property=\"og:image:height\" content=\"717\" \/>\n\t<meta property=\"og:image:type\" content=\"image\/jpeg\" \/>\n<meta name=\"twitter:card\" content=\"summary_large_image\" \/>\n<meta name=\"twitter:label1\" content=\"Estimated reading time\" \/>\n\t<meta name=\"twitter:data1\" content=\"2 minutes\" \/>\n<script type=\"application\/ld+json\" class=\"yoast-schema-graph\">{\"@context\":\"https:\\\/\\\/schema.org\",\"@graph\":[{\"@type\":\"WebPage\",\"@id\":\"https:\\\/\\\/lean.org.hu\\\/lean-konyvesbolt\\\/gondold-ujra\\\/\",\"url\":\"https:\\\/\\\/lean.org.hu\\\/lean-konyvesbolt\\\/gondold-ujra\\\/\",\"name\":\"Gondold \u00fajra! - LEI\",\"isPartOf\":{\"@id\":\"https:\\\/\\\/lean.org.hu\\\/#website\"},\"primaryImageOfPage\":{\"@id\":\"https:\\\/\\\/lean.org.hu\\\/lean-konyvesbolt\\\/gondold-ujra\\\/#primaryimage\"},\"image\":{\"@id\":\"https:\\\/\\\/lean.org.hu\\\/lean-konyvesbolt\\\/gondold-ujra\\\/#primaryimage\"},\"thumbnailUrl\":\"https:\\\/\\\/lean.org.hu\\\/wp-content\\\/uploads\\\/2025\\\/12\\\/adamgrant-gondoldujra_b1.jpg\",\"datePublished\":\"2025-12-12T13:45:45+00:00\",\"dateModified\":\"2026-02-12T11:36:24+00:00\",\"description\":\"\u201eHa a tud\u00e1s hatalom, akkor tudni, hogy mit nem tudunk, maga a b\u00f6lcsess\u00e9g.\u201d De vajon mi\u00e9rt olyan neh\u00e9z elengedni a r\u00e9gi meggy\u0151z\u0151d\u00e9seinket, \u00e9s mi\u00e9rt ragaszkodunk az el\u0151\u00edt\u00e9leteinkhez, m\u00e9g akkor is, ha azok nem visznek el\u0151re?\",\"breadcrumb\":{\"@id\":\"https:\\\/\\\/lean.org.hu\\\/lean-konyvesbolt\\\/gondold-ujra\\\/#breadcrumb\"},\"inLanguage\":\"en-GB\",\"potentialAction\":[{\"@type\":\"ReadAction\",\"target\":[\"https:\\\/\\\/lean.org.hu\\\/lean-konyvesbolt\\\/gondold-ujra\\\/\"]}]},{\"@type\":\"ImageObject\",\"inLanguage\":\"en-GB\",\"@id\":\"https:\\\/\\\/lean.org.hu\\\/lean-konyvesbolt\\\/gondold-ujra\\\/#primaryimage\",\"url\":\"https:\\\/\\\/lean.org.hu\\\/wp-content\\\/uploads\\\/2025\\\/12\\\/adamgrant-gondoldujra_b1.jpg\",\"contentUrl\":\"https:\\\/\\\/lean.org.hu\\\/wp-content\\\/uploads\\\/2025\\\/12\\\/adamgrant-gondoldujra_b1.jpg\",\"width\":500,\"height\":717},{\"@type\":\"BreadcrumbList\",\"@id\":\"https:\\\/\\\/lean.org.hu\\\/lean-konyvesbolt\\\/gondold-ujra\\\/#breadcrumb\",\"itemListElement\":[{\"@type\":\"ListItem\",\"position\":1,\"name\":\"Kezd\u0151lap\",\"item\":\"https:\\\/\\\/lean.org.hu\\\/\"},{\"@type\":\"ListItem\",\"position\":2,\"name\":\"Web\u00e1ruh\u00e1z oldal\",\"item\":\"http:\\\/\\\/lean.org.hu\\\/en\\\/webaruhaz-aloldal\\\/\"},{\"@type\":\"ListItem\",\"position\":3,\"name\":\"Gondold \u00fajra!\"}]},{\"@type\":\"WebSite\",\"@id\":\"https:\\\/\\\/lean.org.hu\\\/#website\",\"url\":\"https:\\\/\\\/lean.org.hu\\\/\",\"name\":\"LEI\",\"description\":\"\",\"publisher\":{\"@id\":\"https:\\\/\\\/lean.org.hu\\\/#organization\"},\"potentialAction\":[{\"@type\":\"SearchAction\",\"target\":{\"@type\":\"EntryPoint\",\"urlTemplate\":\"https:\\\/\\\/lean.org.hu\\\/?s={search_term_string}\"},\"query-input\":{\"@type\":\"PropertyValueSpecification\",\"valueRequired\":true,\"valueName\":\"search_term_string\"}}],\"inLanguage\":\"en-GB\"},{\"@type\":\"Organization\",\"@id\":\"https:\\\/\\\/lean.org.hu\\\/#organization\",\"name\":\"LEI\",\"url\":\"https:\\\/\\\/lean.org.hu\\\/\",\"logo\":{\"@type\":\"ImageObject\",\"inLanguage\":\"en-GB\",\"@id\":\"https:\\\/\\\/lean.org.hu\\\/#\\\/schema\\\/logo\\\/image\\\/\",\"url\":\"https:\\\/\\\/lean.org.hu\\\/wp-content\\\/uploads\\\/2020\\\/07\\\/cropped-lean_logo_final_color_horizontal.png\",\"contentUrl\":\"https:\\\/\\\/lean.org.hu\\\/wp-content\\\/uploads\\\/2020\\\/07\\\/cropped-lean_logo_final_color_horizontal.png\",\"width\":779,\"height\":288,\"caption\":\"LEI\"},\"image\":{\"@id\":\"https:\\\/\\\/lean.org.hu\\\/#\\\/schema\\\/logo\\\/image\\\/\"},\"sameAs\":[\"https:\\\/\\\/www.facebook.com\\\/LEI.Hungary\",\"https:\\\/\\\/www.linkedin.com\\\/company\\\/lean-enterprise-institute-hungary\"]}]}<\/script>\n<!-- \/ Yoast SEO plugin. -->","yoast_head_json":{"title":"Gondold \u00fajra! - LEI","description":"\u201eHa a tud\u00e1s hatalom, akkor tudni, hogy mit nem tudunk, maga a b\u00f6lcsess\u00e9g.\u201d De vajon mi\u00e9rt olyan neh\u00e9z elengedni a r\u00e9gi meggy\u0151z\u0151d\u00e9seinket, \u00e9s mi\u00e9rt ragaszkodunk az el\u0151\u00edt\u00e9leteinkhez, m\u00e9g akkor is, ha azok nem visznek el\u0151re?","robots":{"index":"index","follow":"follow","max-snippet":"max-snippet:-1","max-image-preview":"max-image-preview:large","max-video-preview":"max-video-preview:-1"},"canonical":"https:\/\/lean.org.hu\/en\/lean-konyvesbolt\/gondold-ujra\/","og_locale":"en_GB","og_type":"article","og_title":"Gondold \u00fajra! - LEI","og_description":"\u201eHa a tud\u00e1s hatalom, akkor tudni, hogy mit nem tudunk, maga a b\u00f6lcsess\u00e9g.\u201d De vajon mi\u00e9rt olyan neh\u00e9z elengedni a r\u00e9gi meggy\u0151z\u0151d\u00e9seinket, \u00e9s mi\u00e9rt ragaszkodunk az el\u0151\u00edt\u00e9leteinkhez, m\u00e9g akkor is, ha azok nem visznek el\u0151re?","og_url":"https:\/\/lean.org.hu\/en\/lean-konyvesbolt\/gondold-ujra\/","og_site_name":"LEI","article_publisher":"https:\/\/www.facebook.com\/LEI.Hungary","article_modified_time":"2026-02-12T11:36:24+00:00","og_image":[{"width":500,"height":717,"url":"https:\/\/lean.org.hu\/wp-content\/uploads\/2025\/12\/adamgrant-gondoldujra_b1.jpg","type":"image\/jpeg"}],"twitter_card":"summary_large_image","twitter_misc":{"Estimated reading time":"2 minutes"},"schema":{"@context":"https:\/\/schema.org","@graph":[{"@type":"WebPage","@id":"https:\/\/lean.org.hu\/lean-konyvesbolt\/gondold-ujra\/","url":"https:\/\/lean.org.hu\/lean-konyvesbolt\/gondold-ujra\/","name":"Gondold \u00fajra! - LEI","isPartOf":{"@id":"https:\/\/lean.org.hu\/#website"},"primaryImageOfPage":{"@id":"https:\/\/lean.org.hu\/lean-konyvesbolt\/gondold-ujra\/#primaryimage"},"image":{"@id":"https:\/\/lean.org.hu\/lean-konyvesbolt\/gondold-ujra\/#primaryimage"},"thumbnailUrl":"https:\/\/lean.org.hu\/wp-content\/uploads\/2025\/12\/adamgrant-gondoldujra_b1.jpg","datePublished":"2025-12-12T13:45:45+00:00","dateModified":"2026-02-12T11:36:24+00:00","description":"\u201eHa a tud\u00e1s hatalom, akkor tudni, hogy mit nem tudunk, maga a b\u00f6lcsess\u00e9g.\u201d De vajon mi\u00e9rt olyan neh\u00e9z elengedni a r\u00e9gi meggy\u0151z\u0151d\u00e9seinket, \u00e9s mi\u00e9rt ragaszkodunk az el\u0151\u00edt\u00e9leteinkhez, m\u00e9g akkor is, ha azok nem visznek el\u0151re?","breadcrumb":{"@id":"https:\/\/lean.org.hu\/lean-konyvesbolt\/gondold-ujra\/#breadcrumb"},"inLanguage":"en-GB","potentialAction":[{"@type":"ReadAction","target":["https:\/\/lean.org.hu\/lean-konyvesbolt\/gondold-ujra\/"]}]},{"@type":"ImageObject","inLanguage":"en-GB","@id":"https:\/\/lean.org.hu\/lean-konyvesbolt\/gondold-ujra\/#primaryimage","url":"https:\/\/lean.org.hu\/wp-content\/uploads\/2025\/12\/adamgrant-gondoldujra_b1.jpg","contentUrl":"https:\/\/lean.org.hu\/wp-content\/uploads\/2025\/12\/adamgrant-gondoldujra_b1.jpg","width":500,"height":717},{"@type":"BreadcrumbList","@id":"https:\/\/lean.org.hu\/lean-konyvesbolt\/gondold-ujra\/#breadcrumb","itemListElement":[{"@type":"ListItem","position":1,"name":"Kezd\u0151lap","item":"https:\/\/lean.org.hu\/"},{"@type":"ListItem","position":2,"name":"Web\u00e1ruh\u00e1z oldal","item":"http:\/\/lean.org.hu\/en\/webaruhaz-aloldal\/"},{"@type":"ListItem","position":3,"name":"Gondold \u00fajra!"}]},{"@type":"WebSite","@id":"https:\/\/lean.org.hu\/#website","url":"https:\/\/lean.org.hu\/","name":"LEI","description":"","publisher":{"@id":"https:\/\/lean.org.hu\/#organization"},"potentialAction":[{"@type":"SearchAction","target":{"@type":"EntryPoint","urlTemplate":"https:\/\/lean.org.hu\/?s={search_term_string}"},"query-input":{"@type":"PropertyValueSpecification","valueRequired":true,"valueName":"search_term_string"}}],"inLanguage":"en-GB"},{"@type":"Organization","@id":"https:\/\/lean.org.hu\/#organization","name":"LEI","url":"https:\/\/lean.org.hu\/","logo":{"@type":"ImageObject","inLanguage":"en-GB","@id":"https:\/\/lean.org.hu\/#\/schema\/logo\/image\/","url":"https:\/\/lean.org.hu\/wp-content\/uploads\/2020\/07\/cropped-lean_logo_final_color_horizontal.png","contentUrl":"https:\/\/lean.org.hu\/wp-content\/uploads\/2020\/07\/cropped-lean_logo_final_color_horizontal.png","width":779,"height":288,"caption":"LEI"},"image":{"@id":"https:\/\/lean.org.hu\/#\/schema\/logo\/image\/"},"sameAs":["https:\/\/www.facebook.com\/LEI.Hungary","https:\/\/www.linkedin.com\/company\/lean-enterprise-institute-hungary"]}]}},"_links":{"self":[{"href":"https:\/\/lean.org.hu\/en\/wp-json\/wp\/v2\/product\/150125","targetHints":{"allow":["GET"]}}],"collection":[{"href":"https:\/\/lean.org.hu\/en\/wp-json\/wp\/v2\/product"}],"about":[{"href":"https:\/\/lean.org.hu\/en\/wp-json\/wp\/v2\/types\/product"}],"wp:featuredmedia":[{"embeddable":true,"href":"https:\/\/lean.org.hu\/en\/wp-json\/wp\/v2\/media\/150128"}],"wp:attachment":[{"href":"https:\/\/lean.org.hu\/en\/wp-json\/wp\/v2\/media?parent=150125"}],"wp:term":[{"taxonomy":"product_brand","embeddable":true,"href":"https:\/\/lean.org.hu\/en\/wp-json\/wp\/v2\/product_brand?post=150125"},{"taxonomy":"product_cat","embeddable":true,"href":"https:\/\/lean.org.hu\/en\/wp-json\/wp\/v2\/product_cat?post=150125"},{"taxonomy":"product_tag","embeddable":true,"href":"https:\/\/lean.org.hu\/en\/wp-json\/wp\/v2\/product_tag?post=150125"}],"curies":[{"name":"wp","href":"https:\/\/api.w.org\/{rel}","templated":true}]}}