{"id":150121,"date":"2026-01-22T13:06:00","date_gmt":"2026-01-22T12:06:00","guid":{"rendered":"https:\/\/lean.org.hu\/?post_type=product&#038;p=150121"},"modified":"2026-02-12T12:35:12","modified_gmt":"2026-02-12T11:35:12","slug":"barmire-keszen-gtd","status":"publish","type":"product","link":"https:\/\/lean.org.hu\/en\/lean-konyvesbolt\/barmire-keszen-gtd","title":{"rendered":"B\u00e1rmire k\u00e9szen \u2013 GTD- 52 alapelv a hat\u00e9konys\u00e1g n\u00f6vel\u00e9s\u00e9hez"},"content":{"rendered":"<div>\n<p><b>B\u00e1rmire k\u00e9szen \u2013 GTD &#8211; 52 alapelv a hat\u00e9konys\u00e1g n\u00f6vel\u00e9s\u00e9hez<br \/>\n<\/b><\/p>\n<p>David Allen<\/p>\n<p>Hogyan enyh\u00edts\u00fcnk a t\u00falterhelts\u00e9gen a mindennapi stressz szor\u00edt\u00e1s\u00e1ban?<br \/>\nMi\u00e9rt nem j\u00f3, ha egyszerre sok mindent igyeksz\u00fcnk fejben tartani?<br \/>\nHogyan akad\u00e1lyozhatjuk meg a ki\u00e9g\u00e9st?<br \/>\nMik\u00e9nt seg\u00edti a kreativit\u00e1st a rendszerezetts\u00e9g?<\/p>\n<p>David Allen, az elismert vezet\u00e9si tan\u00e1csad\u00f3 \u00e9s coach, Hat\u00e9konys\u00e1gn\u00f6vel\u00e9s stresszmentesen c\u00edm\u0171 bestseller\u00e9ben megmutatta, hogyan vehetj\u00fck vissza az ir\u00e1ny\u00edt\u00e1st mindennapjaink felett a GTD\u00ae (Getting Things Done) m\u00f3dszertan\u00e1nak seg\u00edts\u00e9g\u00e9vel. Leg\u00fajabb k\u00f6nyv\u00e9ben a szerz\u0151 \u00faj, inspir\u00e1l\u00f3 gondolatokat \u00e9s gyakorlati tan\u00e1csokat k\u00edn\u00e1l, amelyek m\u00e9g m\u00e9lyebben bemutatj\u00e1k a GTD alapelveinek h\u00e1tter\u00e9t \u00e9s filoz\u00f3fi\u00e1j\u00e1t.<br \/>\nEz a k\u00f6nyv mind a gyakorl\u00f3 GTD-felhaszn\u00e1l\u00f3knak, mind pedig a m\u00f3dszertan alapjaival \u00e9ppen csak ismerked\u0151 kezd\u0151knek hasznos olvasm\u00e1ny lehet. Seg\u00edts\u00e9g\u00e9vel elvarrhatjuk az elvarratlan sz\u00e1lakat, a l\u00e9nyeges feladatokra koncentr\u00e1lhatunk, \u00e9s hat\u00e9kony strukt\u00far\u00e1kat hozhatunk l\u00e9tre mind munk\u00e1nkban, mind mag\u00e1n\u00e9let\u00fcnkben. \u00cdgy a mindennapokban szok\u00e1ss\u00e1 tehetj\u00fck a hat\u00e9konys\u00e1got, maxim\u00e1lisan kihaszn\u00e1lhatjuk k\u00e9pess\u00e9geinket, \u00e9s b\u00e1rmit megval\u00f3s\u00edthatunk, amit csak szeretn\u00e9nk.<\/p>\n<p>\u201eDavid Allen p\u00e1ratlan szakember a hat\u00e9konys\u00e1g ter\u00fclet\u00e9n. A k\u00f6tetben ismertetett 52 alapelv egyszerre filoz\u00f3fiai \u00e9s m\u00e9gis roppant gyakorlati, bemutatva a GTD egyedi m\u00e9lys\u00e9g\u00e9t, amely minden m\u00e1s id\u0151- \u00e9s feladatmenedzsment-m\u00f3dszertant\u00f3l megk\u00fcl\u00f6nb\u00f6zteti.\u201d<br \/>\nNagygy\u00f6rgy Tibor, a Biggeorge Holding \u00e9s az Otthon Centrum alap\u00edt\u00f3ja, tulajdonosa, a Biggeorge Property Nyrt. vez\u00e9rigazgat\u00f3ja<\/p>\n<p>\u201eM\u00e1r j\u00f3 ideje ismerem a GTD alapelveit, amelyek m\u00e9rhetetlen seg\u00edts\u00e9get jelentenek az id\u0151beoszt\u00e1sban \u00e9s a hat\u00e9konys\u00e1g n\u00f6vel\u00e9s\u00e9ben. A B\u00e1rmire k\u00e9szen kiv\u00e1l\u00f3 kieg\u00e9sz\u00edt\u0151 k\u00f6tet a m\u00f3dszert m\u00e1r ismer\u0151knek, de \u00f6nmag\u00e1ban is meg\u00e1llja a hely\u00e9t, mert gyors \u00e9s motiv\u00e1l\u00f3 olvasm\u00e1ny. Megadja a kezd\u0151l\u00f6k\u00e9st a GTD alkalmaz\u00e1s\u00e1hoz, \u00e9s seg\u00edt rendet teremteni az elm\u00e9nkben. J\u00f3 sz\u00edvvel aj\u00e1nlom a legelfoglaltabb olvas\u00f3knak is.\u201d<br \/>\nJuh\u00e1sz Attila, az \u00dajh\u00e1z Zrt. igazgat\u00f3s\u00e1g\u00e1nak eln\u00f6ke<\/p>\n<p>\u201eMicsoda lelkes\u00edt\u0151 \u00edzel\u00edt\u0151 a nem mindennapi \u00e9szj\u00e1r\u00e1sb\u00f3l! A hat\u00e9konyabb \u00e9lethez adott hathat\u00f3s, gyakorlati tan\u00e1csok r\u00e9szletesen kidolgozottak, ugyanakkor \u00e1tl\u00e1that\u00f3an egyszer\u0171ek. David Allen mesterien p\u00e1ros\u00edtja a j\u00f3zan \u00e9szt az emelkedetts\u00e9ggel.\u201d<br \/>\nArianna Huffington, a The Huffington Post t\u00e1rsalap\u00edt\u00f3ja, a Thrive Global alap\u00edt\u00f3-vez\u00e9rigazgat\u00f3ja<\/p>\n<\/div>\n<p>ISBN: 9789635653560<br \/>\nTerjedelem: 224 oldal (145\u00d7210 mm)<\/p>","protected":false},"excerpt":{"rendered":"<p>Hogyan enyh\u00edts\u00fcnk a t\u00falterhelts\u00e9gen a mindennapi stressz szor\u00edt\u00e1s\u00e1ban?<br \/>\nMi\u00e9rt nem j\u00f3, ha egyszerre sok mindent igyeksz\u00fcnk fejben tartani?<br \/>\nHogyan akad\u00e1lyozhatjuk meg a ki\u00e9g\u00e9st?<br \/>\nMik\u00e9nt seg\u00edti a kreativit\u00e1st a rendszerezetts\u00e9g?<\/p>","protected":false},"featured_media":150124,"template":"","meta":{"_eb_attr":""},"product_brand":[],"product_cat":[183,173,891],"product_tag":[],"class_list":{"0":"post-150121","1":"product","2":"type-product","3":"status-publish","4":"has-post-thumbnail","6":"product_cat-lean-konyvek-kapcsolodo-irodalom","7":"product_cat-lean-konyvesbolt","8":"product_cat-uj-konyvek","9":"infinite-scroll-item","10":"no-featured-image-padding","11":"sales-flash-overlay","12":"woocommerce-text-align-left","13":"woocommerce-image-align-left","14":"do-quantity-buttons","16":"first","17":"instock","18":"taxable","19":"shipping-taxable","20":"purchasable","21":"product-type-variable"},"yoast_head":"<!-- This site is optimized with the Yoast SEO plugin v27.4 - https:\/\/yoast.com\/product\/yoast-seo-wordpress\/ -->\n<title>B\u00e1rmire k\u00e9szen \u2013 GTD- 52 alapelv a hat\u00e9konys\u00e1g n\u00f6vel\u00e9s\u00e9hez - LEI<\/title>\n<meta name=\"description\" content=\"Hogyan enyh\u00edts\u00fcnk a t\u00falterhelts\u00e9gen a mindennapi stressz szor\u00edt\u00e1s\u00e1ban?Mi\u00e9rt nem j\u00f3, ha egyszerre sok mindent igyeksz\u00fcnk fejben tartani?Hogyan akad\u00e1lyozhatjuk meg a ki\u00e9g\u00e9st?Mik\u00e9nt seg\u00edti a kreativit\u00e1st a rendszerezetts\u00e9g?\" \/>\n<meta name=\"robots\" content=\"index, follow, max-snippet:-1, max-image-preview:large, max-video-preview:-1\" \/>\n<link rel=\"canonical\" href=\"https:\/\/lean.org.hu\/en\/lean-konyvesbolt\/barmire-keszen-gtd\/\" \/>\n<meta property=\"og:locale\" content=\"en_GB\" \/>\n<meta property=\"og:type\" content=\"article\" \/>\n<meta property=\"og:title\" content=\"B\u00e1rmire k\u00e9szen \u2013 GTD- 52 alapelv a hat\u00e9konys\u00e1g n\u00f6vel\u00e9s\u00e9hez - LEI\" \/>\n<meta property=\"og:description\" content=\"Hogyan enyh\u00edts\u00fcnk a t\u00falterhelts\u00e9gen a mindennapi stressz szor\u00edt\u00e1s\u00e1ban?Mi\u00e9rt nem j\u00f3, ha egyszerre sok mindent igyeksz\u00fcnk fejben tartani?Hogyan akad\u00e1lyozhatjuk meg a ki\u00e9g\u00e9st?Mik\u00e9nt seg\u00edti a kreativit\u00e1st a rendszerezetts\u00e9g?\" \/>\n<meta property=\"og:url\" content=\"https:\/\/lean.org.hu\/en\/lean-konyvesbolt\/barmire-keszen-gtd\/\" \/>\n<meta property=\"og:site_name\" content=\"LEI\" \/>\n<meta property=\"article:publisher\" content=\"https:\/\/www.facebook.com\/LEI.Hungary\" \/>\n<meta property=\"article:modified_time\" content=\"2026-02-12T11:35:12+00:00\" \/>\n<meta property=\"og:image\" content=\"https:\/\/lean.org.hu\/wp-content\/uploads\/2025\/12\/barmire-keszen.jpg\" \/>\n\t<meta property=\"og:image:width\" content=\"423\" \/>\n\t<meta property=\"og:image:height\" content=\"607\" \/>\n\t<meta property=\"og:image:type\" content=\"image\/jpeg\" \/>\n<meta name=\"twitter:card\" content=\"summary_large_image\" \/>\n<meta name=\"twitter:label1\" content=\"Estimated reading time\" \/>\n\t<meta name=\"twitter:data1\" content=\"2 minutes\" \/>\n<script type=\"application\/ld+json\" class=\"yoast-schema-graph\">{\"@context\":\"https:\\\/\\\/schema.org\",\"@graph\":[{\"@type\":\"WebPage\",\"@id\":\"https:\\\/\\\/lean.org.hu\\\/lean-konyvesbolt\\\/barmire-keszen-gtd\\\/\",\"url\":\"https:\\\/\\\/lean.org.hu\\\/lean-konyvesbolt\\\/barmire-keszen-gtd\\\/\",\"name\":\"B\u00e1rmire k\u00e9szen \u2013 GTD- 52 alapelv a hat\u00e9konys\u00e1g n\u00f6vel\u00e9s\u00e9hez - LEI\",\"isPartOf\":{\"@id\":\"https:\\\/\\\/lean.org.hu\\\/#website\"},\"primaryImageOfPage\":{\"@id\":\"https:\\\/\\\/lean.org.hu\\\/lean-konyvesbolt\\\/barmire-keszen-gtd\\\/#primaryimage\"},\"image\":{\"@id\":\"https:\\\/\\\/lean.org.hu\\\/lean-konyvesbolt\\\/barmire-keszen-gtd\\\/#primaryimage\"},\"thumbnailUrl\":\"https:\\\/\\\/lean.org.hu\\\/wp-content\\\/uploads\\\/2025\\\/12\\\/barmire-keszen.jpg\",\"datePublished\":\"2026-01-22T12:06:00+00:00\",\"dateModified\":\"2026-02-12T11:35:12+00:00\",\"description\":\"Hogyan enyh\u00edts\u00fcnk a t\u00falterhelts\u00e9gen a mindennapi stressz szor\u00edt\u00e1s\u00e1ban?Mi\u00e9rt nem j\u00f3, ha egyszerre sok mindent igyeksz\u00fcnk fejben tartani?Hogyan akad\u00e1lyozhatjuk meg a ki\u00e9g\u00e9st?Mik\u00e9nt seg\u00edti a kreativit\u00e1st a rendszerezetts\u00e9g?\",\"breadcrumb\":{\"@id\":\"https:\\\/\\\/lean.org.hu\\\/lean-konyvesbolt\\\/barmire-keszen-gtd\\\/#breadcrumb\"},\"inLanguage\":\"en-GB\",\"potentialAction\":[{\"@type\":\"ReadAction\",\"target\":[\"https:\\\/\\\/lean.org.hu\\\/lean-konyvesbolt\\\/barmire-keszen-gtd\\\/\"]}]},{\"@type\":\"ImageObject\",\"inLanguage\":\"en-GB\",\"@id\":\"https:\\\/\\\/lean.org.hu\\\/lean-konyvesbolt\\\/barmire-keszen-gtd\\\/#primaryimage\",\"url\":\"https:\\\/\\\/lean.org.hu\\\/wp-content\\\/uploads\\\/2025\\\/12\\\/barmire-keszen.jpg\",\"contentUrl\":\"https:\\\/\\\/lean.org.hu\\\/wp-content\\\/uploads\\\/2025\\\/12\\\/barmire-keszen.jpg\",\"width\":423,\"height\":607},{\"@type\":\"BreadcrumbList\",\"@id\":\"https:\\\/\\\/lean.org.hu\\\/lean-konyvesbolt\\\/barmire-keszen-gtd\\\/#breadcrumb\",\"itemListElement\":[{\"@type\":\"ListItem\",\"position\":1,\"name\":\"Kezd\u0151lap\",\"item\":\"https:\\\/\\\/lean.org.hu\\\/\"},{\"@type\":\"ListItem\",\"position\":2,\"name\":\"Web\u00e1ruh\u00e1z oldal\",\"item\":\"http:\\\/\\\/lean.org.hu\\\/en\\\/webaruhaz-aloldal\\\/\"},{\"@type\":\"ListItem\",\"position\":3,\"name\":\"B\u00e1rmire k\u00e9szen \u2013 GTD- 52 alapelv a hat\u00e9konys\u00e1g n\u00f6vel\u00e9s\u00e9hez\"}]},{\"@type\":\"WebSite\",\"@id\":\"https:\\\/\\\/lean.org.hu\\\/#website\",\"url\":\"https:\\\/\\\/lean.org.hu\\\/\",\"name\":\"LEI\",\"description\":\"\",\"publisher\":{\"@id\":\"https:\\\/\\\/lean.org.hu\\\/#organization\"},\"potentialAction\":[{\"@type\":\"SearchAction\",\"target\":{\"@type\":\"EntryPoint\",\"urlTemplate\":\"https:\\\/\\\/lean.org.hu\\\/?s={search_term_string}\"},\"query-input\":{\"@type\":\"PropertyValueSpecification\",\"valueRequired\":true,\"valueName\":\"search_term_string\"}}],\"inLanguage\":\"en-GB\"},{\"@type\":\"Organization\",\"@id\":\"https:\\\/\\\/lean.org.hu\\\/#organization\",\"name\":\"LEI\",\"url\":\"https:\\\/\\\/lean.org.hu\\\/\",\"logo\":{\"@type\":\"ImageObject\",\"inLanguage\":\"en-GB\",\"@id\":\"https:\\\/\\\/lean.org.hu\\\/#\\\/schema\\\/logo\\\/image\\\/\",\"url\":\"https:\\\/\\\/lean.org.hu\\\/wp-content\\\/uploads\\\/2020\\\/07\\\/cropped-lean_logo_final_color_horizontal.png\",\"contentUrl\":\"https:\\\/\\\/lean.org.hu\\\/wp-content\\\/uploads\\\/2020\\\/07\\\/cropped-lean_logo_final_color_horizontal.png\",\"width\":779,\"height\":288,\"caption\":\"LEI\"},\"image\":{\"@id\":\"https:\\\/\\\/lean.org.hu\\\/#\\\/schema\\\/logo\\\/image\\\/\"},\"sameAs\":[\"https:\\\/\\\/www.facebook.com\\\/LEI.Hungary\",\"https:\\\/\\\/www.linkedin.com\\\/company\\\/lean-enterprise-institute-hungary\"]}]}<\/script>\n<!-- \/ Yoast SEO plugin. -->","yoast_head_json":{"title":"B\u00e1rmire k\u00e9szen \u2013 GTD- 52 alapelv a hat\u00e9konys\u00e1g n\u00f6vel\u00e9s\u00e9hez - LEI","description":"Hogyan enyh\u00edts\u00fcnk a t\u00falterhelts\u00e9gen a mindennapi stressz szor\u00edt\u00e1s\u00e1ban?Mi\u00e9rt nem j\u00f3, ha egyszerre sok mindent igyeksz\u00fcnk fejben tartani?Hogyan akad\u00e1lyozhatjuk meg a ki\u00e9g\u00e9st?Mik\u00e9nt seg\u00edti a kreativit\u00e1st a rendszerezetts\u00e9g?","robots":{"index":"index","follow":"follow","max-snippet":"max-snippet:-1","max-image-preview":"max-image-preview:large","max-video-preview":"max-video-preview:-1"},"canonical":"https:\/\/lean.org.hu\/en\/lean-konyvesbolt\/barmire-keszen-gtd\/","og_locale":"en_GB","og_type":"article","og_title":"B\u00e1rmire k\u00e9szen \u2013 GTD- 52 alapelv a hat\u00e9konys\u00e1g n\u00f6vel\u00e9s\u00e9hez - LEI","og_description":"Hogyan enyh\u00edts\u00fcnk a t\u00falterhelts\u00e9gen a mindennapi stressz szor\u00edt\u00e1s\u00e1ban?Mi\u00e9rt nem j\u00f3, ha egyszerre sok mindent igyeksz\u00fcnk fejben tartani?Hogyan akad\u00e1lyozhatjuk meg a ki\u00e9g\u00e9st?Mik\u00e9nt seg\u00edti a kreativit\u00e1st a rendszerezetts\u00e9g?","og_url":"https:\/\/lean.org.hu\/en\/lean-konyvesbolt\/barmire-keszen-gtd\/","og_site_name":"LEI","article_publisher":"https:\/\/www.facebook.com\/LEI.Hungary","article_modified_time":"2026-02-12T11:35:12+00:00","og_image":[{"width":423,"height":607,"url":"https:\/\/lean.org.hu\/wp-content\/uploads\/2025\/12\/barmire-keszen.jpg","type":"image\/jpeg"}],"twitter_card":"summary_large_image","twitter_misc":{"Estimated reading time":"2 minutes"},"schema":{"@context":"https:\/\/schema.org","@graph":[{"@type":"WebPage","@id":"https:\/\/lean.org.hu\/lean-konyvesbolt\/barmire-keszen-gtd\/","url":"https:\/\/lean.org.hu\/lean-konyvesbolt\/barmire-keszen-gtd\/","name":"B\u00e1rmire k\u00e9szen \u2013 GTD- 52 alapelv a hat\u00e9konys\u00e1g n\u00f6vel\u00e9s\u00e9hez - LEI","isPartOf":{"@id":"https:\/\/lean.org.hu\/#website"},"primaryImageOfPage":{"@id":"https:\/\/lean.org.hu\/lean-konyvesbolt\/barmire-keszen-gtd\/#primaryimage"},"image":{"@id":"https:\/\/lean.org.hu\/lean-konyvesbolt\/barmire-keszen-gtd\/#primaryimage"},"thumbnailUrl":"https:\/\/lean.org.hu\/wp-content\/uploads\/2025\/12\/barmire-keszen.jpg","datePublished":"2026-01-22T12:06:00+00:00","dateModified":"2026-02-12T11:35:12+00:00","description":"Hogyan enyh\u00edts\u00fcnk a t\u00falterhelts\u00e9gen a mindennapi stressz szor\u00edt\u00e1s\u00e1ban?Mi\u00e9rt nem j\u00f3, ha egyszerre sok mindent igyeksz\u00fcnk fejben tartani?Hogyan akad\u00e1lyozhatjuk meg a ki\u00e9g\u00e9st?Mik\u00e9nt seg\u00edti a kreativit\u00e1st a rendszerezetts\u00e9g?","breadcrumb":{"@id":"https:\/\/lean.org.hu\/lean-konyvesbolt\/barmire-keszen-gtd\/#breadcrumb"},"inLanguage":"en-GB","potentialAction":[{"@type":"ReadAction","target":["https:\/\/lean.org.hu\/lean-konyvesbolt\/barmire-keszen-gtd\/"]}]},{"@type":"ImageObject","inLanguage":"en-GB","@id":"https:\/\/lean.org.hu\/lean-konyvesbolt\/barmire-keszen-gtd\/#primaryimage","url":"https:\/\/lean.org.hu\/wp-content\/uploads\/2025\/12\/barmire-keszen.jpg","contentUrl":"https:\/\/lean.org.hu\/wp-content\/uploads\/2025\/12\/barmire-keszen.jpg","width":423,"height":607},{"@type":"BreadcrumbList","@id":"https:\/\/lean.org.hu\/lean-konyvesbolt\/barmire-keszen-gtd\/#breadcrumb","itemListElement":[{"@type":"ListItem","position":1,"name":"Kezd\u0151lap","item":"https:\/\/lean.org.hu\/"},{"@type":"ListItem","position":2,"name":"Web\u00e1ruh\u00e1z oldal","item":"http:\/\/lean.org.hu\/en\/webaruhaz-aloldal\/"},{"@type":"ListItem","position":3,"name":"B\u00e1rmire k\u00e9szen \u2013 GTD- 52 alapelv a hat\u00e9konys\u00e1g n\u00f6vel\u00e9s\u00e9hez"}]},{"@type":"WebSite","@id":"https:\/\/lean.org.hu\/#website","url":"https:\/\/lean.org.hu\/","name":"LEI","description":"","publisher":{"@id":"https:\/\/lean.org.hu\/#organization"},"potentialAction":[{"@type":"SearchAction","target":{"@type":"EntryPoint","urlTemplate":"https:\/\/lean.org.hu\/?s={search_term_string}"},"query-input":{"@type":"PropertyValueSpecification","valueRequired":true,"valueName":"search_term_string"}}],"inLanguage":"en-GB"},{"@type":"Organization","@id":"https:\/\/lean.org.hu\/#organization","name":"LEI","url":"https:\/\/lean.org.hu\/","logo":{"@type":"ImageObject","inLanguage":"en-GB","@id":"https:\/\/lean.org.hu\/#\/schema\/logo\/image\/","url":"https:\/\/lean.org.hu\/wp-content\/uploads\/2020\/07\/cropped-lean_logo_final_color_horizontal.png","contentUrl":"https:\/\/lean.org.hu\/wp-content\/uploads\/2020\/07\/cropped-lean_logo_final_color_horizontal.png","width":779,"height":288,"caption":"LEI"},"image":{"@id":"https:\/\/lean.org.hu\/#\/schema\/logo\/image\/"},"sameAs":["https:\/\/www.facebook.com\/LEI.Hungary","https:\/\/www.linkedin.com\/company\/lean-enterprise-institute-hungary"]}]}},"_links":{"self":[{"href":"https:\/\/lean.org.hu\/en\/wp-json\/wp\/v2\/product\/150121","targetHints":{"allow":["GET"]}}],"collection":[{"href":"https:\/\/lean.org.hu\/en\/wp-json\/wp\/v2\/product"}],"about":[{"href":"https:\/\/lean.org.hu\/en\/wp-json\/wp\/v2\/types\/product"}],"wp:featuredmedia":[{"embeddable":true,"href":"https:\/\/lean.org.hu\/en\/wp-json\/wp\/v2\/media\/150124"}],"wp:attachment":[{"href":"https:\/\/lean.org.hu\/en\/wp-json\/wp\/v2\/media?parent=150121"}],"wp:term":[{"taxonomy":"product_brand","embeddable":true,"href":"https:\/\/lean.org.hu\/en\/wp-json\/wp\/v2\/product_brand?post=150121"},{"taxonomy":"product_cat","embeddable":true,"href":"https:\/\/lean.org.hu\/en\/wp-json\/wp\/v2\/product_cat?post=150121"},{"taxonomy":"product_tag","embeddable":true,"href":"https:\/\/lean.org.hu\/en\/wp-json\/wp\/v2\/product_tag?post=150121"}],"curies":[{"name":"wp","href":"https:\/\/api.w.org\/{rel}","templated":true}]}}