{"id":150117,"date":"2026-01-22T13:06:01","date_gmt":"2026-01-22T12:06:01","guid":{"rendered":"https:\/\/lean.org.hu\/?post_type=product&#038;p=150117"},"modified":"2026-02-12T12:49:58","modified_gmt":"2026-02-12T11:49:58","slug":"haladj-a-dolgaiddal","status":"publish","type":"product","link":"https:\/\/lean.org.hu\/en\/lean-konyvesbolt\/haladj-a-dolgaiddal","title":{"rendered":"Haladj a dolgaiddal! &#8211; GTD"},"content":{"rendered":"<div>\n<p><b>Haladj a dolgaiddal! &#8211; GTD &#8211; Id\u0151menedzsment fiataloknak<\/b><\/p>\n<p><em>David Allen \u2014 Mark Wallace \u2014 Mike Williams<\/em><\/p>\n<p>Nehezen tudsz koncentr\u00e1lni? El\u00e1rasztanak a feladatok, \u00e9s folyamatosan stresszelsz a teend\u0151id miatt? \u00dagy \u00e9rzed, sosincs el\u00e9g szabadid\u0151d? Van megold\u00e1s! Ismerd meg a GTD-m\u00f3dszert, amely seg\u00edt rendszerezni a feladataidat, cs\u00f6kkenti a stresszt \u00e9s hat\u00e9konyabb\u00e1 tesz a mindennapokban!<\/p>\n<p>A Getting Things Done (V\u00e9gezz el mindent!) egy vil\u00e1gszerte elismert \u00f6nfejleszt\u0151 m\u00f3dszer, amelyet fokozatosan saj\u00e1t\u00edthatsz el, \u00e9s id\u0151vel \u00e9leted term\u00e9szetes r\u00e9sz\u00e9v\u00e9 v\u00e1lhat. A GTD seg\u00edts\u00e9g\u00e9vel megtanulhatod, hogyan v\u00e9gezd el a feladataidat kiegyens\u00falyozottan, nyugodtan \u00e9s magabiztosan. A k\u00f6nyvben vizu\u00e1lisan \u00e1br\u00e1zolt, kipr\u00f3b\u00e1lt technik\u00e1k seg\u00edtenek abban, hogy megtudd: mikor mire figyelj, mit v\u00e9gezz el, \u00e9s mit hagyj ki.<\/p>\n<p>A GTD nemcsak az iskol\u00e1ban vagy a munk\u00e1ban seg\u00edt, hanem a mindennapi \u00e9letben is. Az alapelvek elsaj\u00e1t\u00edt\u00e1s\u00e1val hat\u00e9konyabb\u00e1, kreat\u00edvabb\u00e1 \u00e9s tudatosabb\u00e1 v\u00e1lhatsz, mik\u00f6zben cs\u00f6kkented a r\u00e1d nehezed\u0151 nyom\u00e1st.<\/p>\n<p style=\"text-align: center;\"><a class=\"wp-block-button__link\" style=\"border-radius: 5px;\" href=\"https:\/\/hvgkonyvek.hu\/resources\/public\/haladj-a-dolgaiddal-gtd-beleolvaso.pdf\" target=\"_blank\" rel=\"noreferrer noopener\">Olvass bele a k\u00f6nyvbe!<\/a><\/p>\n<\/div>\n<p>ISBN: 9789633048184<br \/>\nTerjedelem: 288 oldal<\/p>","protected":false},"excerpt":{"rendered":"<p><b>Id\u0151menedzsment fiataloknak &#8211; <\/b>Nehezen tudsz koncentr\u00e1lni? El\u00e1rasztanak a feladatok, \u00e9s folyamatosan stresszelsz a teend\u0151id miatt? \u00dagy \u00e9rzed, sosincs el\u00e9g szabadid\u0151d? Van megold\u00e1s!<\/p>","protected":false},"featured_media":150120,"template":"","meta":{"_eb_attr":""},"product_brand":[],"product_cat":[183,173,891],"product_tag":[],"class_list":{"0":"post-150117","1":"product","2":"type-product","3":"status-publish","4":"has-post-thumbnail","6":"product_cat-lean-konyvek-kapcsolodo-irodalom","7":"product_cat-lean-konyvesbolt","8":"product_cat-uj-konyvek","9":"infinite-scroll-item","10":"no-featured-image-padding","11":"sales-flash-overlay","12":"woocommerce-text-align-left","13":"woocommerce-image-align-left","14":"do-quantity-buttons","16":"first","17":"instock","18":"taxable","19":"shipping-taxable","20":"purchasable","21":"product-type-variable"},"yoast_head":"<!-- This site is optimized with the Yoast SEO plugin v27.4 - https:\/\/yoast.com\/product\/yoast-seo-wordpress\/ -->\n<title>Haladj a dolgaiddal! - GTD - LEI<\/title>\n<meta name=\"description\" content=\"Id\u0151menedzsment fiataloknak - Nehezen tudsz koncentr\u00e1lni? El\u00e1rasztanak a feladatok, \u00e9s folyamatosan stresszelsz a teend\u0151id miatt? \u00dagy \u00e9rzed, sosincs el\u00e9g szabadid\u0151d? Van megold\u00e1s!\" \/>\n<meta name=\"robots\" content=\"index, follow, max-snippet:-1, max-image-preview:large, max-video-preview:-1\" \/>\n<link rel=\"canonical\" href=\"https:\/\/lean.org.hu\/en\/lean-konyvesbolt\/haladj-a-dolgaiddal\/\" \/>\n<meta property=\"og:locale\" content=\"en_GB\" \/>\n<meta property=\"og:type\" content=\"article\" \/>\n<meta property=\"og:title\" content=\"Haladj a dolgaiddal! - GTD - LEI\" \/>\n<meta property=\"og:description\" content=\"Id\u0151menedzsment fiataloknak - Nehezen tudsz koncentr\u00e1lni? El\u00e1rasztanak a feladatok, \u00e9s folyamatosan stresszelsz a teend\u0151id miatt? \u00dagy \u00e9rzed, sosincs el\u00e9g szabadid\u0151d? Van megold\u00e1s!\" \/>\n<meta property=\"og:url\" content=\"https:\/\/lean.org.hu\/en\/lean-konyvesbolt\/haladj-a-dolgaiddal\/\" \/>\n<meta property=\"og:site_name\" content=\"LEI\" \/>\n<meta property=\"article:publisher\" content=\"https:\/\/www.facebook.com\/LEI.Hungary\" \/>\n<meta property=\"article:modified_time\" content=\"2026-02-12T11:49:58+00:00\" \/>\n<meta property=\"og:image\" content=\"https:\/\/lean.org.hu\/wp-content\/uploads\/2025\/12\/haladj_a_dolgaiddal_gtd_1.png\" \/>\n\t<meta property=\"og:image:width\" content=\"940\" \/>\n\t<meta property=\"og:image:height\" content=\"788\" \/>\n\t<meta property=\"og:image:type\" content=\"image\/png\" \/>\n<meta name=\"twitter:card\" content=\"summary_large_image\" \/>\n<meta name=\"twitter:label1\" content=\"Estimated reading time\" \/>\n\t<meta name=\"twitter:data1\" content=\"1 minute\" \/>\n<script type=\"application\/ld+json\" class=\"yoast-schema-graph\">{\"@context\":\"https:\\\/\\\/schema.org\",\"@graph\":[{\"@type\":\"WebPage\",\"@id\":\"https:\\\/\\\/lean.org.hu\\\/lean-konyvesbolt\\\/haladj-a-dolgaiddal\\\/\",\"url\":\"https:\\\/\\\/lean.org.hu\\\/lean-konyvesbolt\\\/haladj-a-dolgaiddal\\\/\",\"name\":\"Haladj a dolgaiddal! - GTD - LEI\",\"isPartOf\":{\"@id\":\"https:\\\/\\\/lean.org.hu\\\/#website\"},\"primaryImageOfPage\":{\"@id\":\"https:\\\/\\\/lean.org.hu\\\/lean-konyvesbolt\\\/haladj-a-dolgaiddal\\\/#primaryimage\"},\"image\":{\"@id\":\"https:\\\/\\\/lean.org.hu\\\/lean-konyvesbolt\\\/haladj-a-dolgaiddal\\\/#primaryimage\"},\"thumbnailUrl\":\"https:\\\/\\\/lean.org.hu\\\/wp-content\\\/uploads\\\/2025\\\/12\\\/haladj_a_dolgaiddal_gtd_1.png\",\"datePublished\":\"2026-01-22T12:06:01+00:00\",\"dateModified\":\"2026-02-12T11:49:58+00:00\",\"description\":\"Id\u0151menedzsment fiataloknak - Nehezen tudsz koncentr\u00e1lni? El\u00e1rasztanak a feladatok, \u00e9s folyamatosan stresszelsz a teend\u0151id miatt? \u00dagy \u00e9rzed, sosincs el\u00e9g szabadid\u0151d? Van megold\u00e1s!\",\"breadcrumb\":{\"@id\":\"https:\\\/\\\/lean.org.hu\\\/lean-konyvesbolt\\\/haladj-a-dolgaiddal\\\/#breadcrumb\"},\"inLanguage\":\"en-GB\",\"potentialAction\":[{\"@type\":\"ReadAction\",\"target\":[\"https:\\\/\\\/lean.org.hu\\\/lean-konyvesbolt\\\/haladj-a-dolgaiddal\\\/\"]}]},{\"@type\":\"ImageObject\",\"inLanguage\":\"en-GB\",\"@id\":\"https:\\\/\\\/lean.org.hu\\\/lean-konyvesbolt\\\/haladj-a-dolgaiddal\\\/#primaryimage\",\"url\":\"https:\\\/\\\/lean.org.hu\\\/wp-content\\\/uploads\\\/2025\\\/12\\\/haladj_a_dolgaiddal_gtd_1.png\",\"contentUrl\":\"https:\\\/\\\/lean.org.hu\\\/wp-content\\\/uploads\\\/2025\\\/12\\\/haladj_a_dolgaiddal_gtd_1.png\",\"width\":940,\"height\":788},{\"@type\":\"BreadcrumbList\",\"@id\":\"https:\\\/\\\/lean.org.hu\\\/lean-konyvesbolt\\\/haladj-a-dolgaiddal\\\/#breadcrumb\",\"itemListElement\":[{\"@type\":\"ListItem\",\"position\":1,\"name\":\"Kezd\u0151lap\",\"item\":\"https:\\\/\\\/lean.org.hu\\\/\"},{\"@type\":\"ListItem\",\"position\":2,\"name\":\"Web\u00e1ruh\u00e1z oldal\",\"item\":\"http:\\\/\\\/lean.org.hu\\\/en\\\/webaruhaz-aloldal\\\/\"},{\"@type\":\"ListItem\",\"position\":3,\"name\":\"Haladj a dolgaiddal! &#8211; GTD\"}]},{\"@type\":\"WebSite\",\"@id\":\"https:\\\/\\\/lean.org.hu\\\/#website\",\"url\":\"https:\\\/\\\/lean.org.hu\\\/\",\"name\":\"LEI\",\"description\":\"\",\"publisher\":{\"@id\":\"https:\\\/\\\/lean.org.hu\\\/#organization\"},\"potentialAction\":[{\"@type\":\"SearchAction\",\"target\":{\"@type\":\"EntryPoint\",\"urlTemplate\":\"https:\\\/\\\/lean.org.hu\\\/?s={search_term_string}\"},\"query-input\":{\"@type\":\"PropertyValueSpecification\",\"valueRequired\":true,\"valueName\":\"search_term_string\"}}],\"inLanguage\":\"en-GB\"},{\"@type\":\"Organization\",\"@id\":\"https:\\\/\\\/lean.org.hu\\\/#organization\",\"name\":\"LEI\",\"url\":\"https:\\\/\\\/lean.org.hu\\\/\",\"logo\":{\"@type\":\"ImageObject\",\"inLanguage\":\"en-GB\",\"@id\":\"https:\\\/\\\/lean.org.hu\\\/#\\\/schema\\\/logo\\\/image\\\/\",\"url\":\"https:\\\/\\\/lean.org.hu\\\/wp-content\\\/uploads\\\/2020\\\/07\\\/cropped-lean_logo_final_color_horizontal.png\",\"contentUrl\":\"https:\\\/\\\/lean.org.hu\\\/wp-content\\\/uploads\\\/2020\\\/07\\\/cropped-lean_logo_final_color_horizontal.png\",\"width\":779,\"height\":288,\"caption\":\"LEI\"},\"image\":{\"@id\":\"https:\\\/\\\/lean.org.hu\\\/#\\\/schema\\\/logo\\\/image\\\/\"},\"sameAs\":[\"https:\\\/\\\/www.facebook.com\\\/LEI.Hungary\",\"https:\\\/\\\/www.linkedin.com\\\/company\\\/lean-enterprise-institute-hungary\"]}]}<\/script>\n<!-- \/ Yoast SEO plugin. -->","yoast_head_json":{"title":"Haladj a dolgaiddal! - GTD - LEI","description":"Id\u0151menedzsment fiataloknak - Nehezen tudsz koncentr\u00e1lni? El\u00e1rasztanak a feladatok, \u00e9s folyamatosan stresszelsz a teend\u0151id miatt? \u00dagy \u00e9rzed, sosincs el\u00e9g szabadid\u0151d? Van megold\u00e1s!","robots":{"index":"index","follow":"follow","max-snippet":"max-snippet:-1","max-image-preview":"max-image-preview:large","max-video-preview":"max-video-preview:-1"},"canonical":"https:\/\/lean.org.hu\/en\/lean-konyvesbolt\/haladj-a-dolgaiddal\/","og_locale":"en_GB","og_type":"article","og_title":"Haladj a dolgaiddal! - GTD - LEI","og_description":"Id\u0151menedzsment fiataloknak - Nehezen tudsz koncentr\u00e1lni? El\u00e1rasztanak a feladatok, \u00e9s folyamatosan stresszelsz a teend\u0151id miatt? \u00dagy \u00e9rzed, sosincs el\u00e9g szabadid\u0151d? Van megold\u00e1s!","og_url":"https:\/\/lean.org.hu\/en\/lean-konyvesbolt\/haladj-a-dolgaiddal\/","og_site_name":"LEI","article_publisher":"https:\/\/www.facebook.com\/LEI.Hungary","article_modified_time":"2026-02-12T11:49:58+00:00","og_image":[{"width":940,"height":788,"url":"https:\/\/lean.org.hu\/wp-content\/uploads\/2025\/12\/haladj_a_dolgaiddal_gtd_1.png","type":"image\/png"}],"twitter_card":"summary_large_image","twitter_misc":{"Estimated reading time":"1 minute"},"schema":{"@context":"https:\/\/schema.org","@graph":[{"@type":"WebPage","@id":"https:\/\/lean.org.hu\/lean-konyvesbolt\/haladj-a-dolgaiddal\/","url":"https:\/\/lean.org.hu\/lean-konyvesbolt\/haladj-a-dolgaiddal\/","name":"Haladj a dolgaiddal! - GTD - LEI","isPartOf":{"@id":"https:\/\/lean.org.hu\/#website"},"primaryImageOfPage":{"@id":"https:\/\/lean.org.hu\/lean-konyvesbolt\/haladj-a-dolgaiddal\/#primaryimage"},"image":{"@id":"https:\/\/lean.org.hu\/lean-konyvesbolt\/haladj-a-dolgaiddal\/#primaryimage"},"thumbnailUrl":"https:\/\/lean.org.hu\/wp-content\/uploads\/2025\/12\/haladj_a_dolgaiddal_gtd_1.png","datePublished":"2026-01-22T12:06:01+00:00","dateModified":"2026-02-12T11:49:58+00:00","description":"Id\u0151menedzsment fiataloknak - Nehezen tudsz koncentr\u00e1lni? El\u00e1rasztanak a feladatok, \u00e9s folyamatosan stresszelsz a teend\u0151id miatt? \u00dagy \u00e9rzed, sosincs el\u00e9g szabadid\u0151d? Van megold\u00e1s!","breadcrumb":{"@id":"https:\/\/lean.org.hu\/lean-konyvesbolt\/haladj-a-dolgaiddal\/#breadcrumb"},"inLanguage":"en-GB","potentialAction":[{"@type":"ReadAction","target":["https:\/\/lean.org.hu\/lean-konyvesbolt\/haladj-a-dolgaiddal\/"]}]},{"@type":"ImageObject","inLanguage":"en-GB","@id":"https:\/\/lean.org.hu\/lean-konyvesbolt\/haladj-a-dolgaiddal\/#primaryimage","url":"https:\/\/lean.org.hu\/wp-content\/uploads\/2025\/12\/haladj_a_dolgaiddal_gtd_1.png","contentUrl":"https:\/\/lean.org.hu\/wp-content\/uploads\/2025\/12\/haladj_a_dolgaiddal_gtd_1.png","width":940,"height":788},{"@type":"BreadcrumbList","@id":"https:\/\/lean.org.hu\/lean-konyvesbolt\/haladj-a-dolgaiddal\/#breadcrumb","itemListElement":[{"@type":"ListItem","position":1,"name":"Kezd\u0151lap","item":"https:\/\/lean.org.hu\/"},{"@type":"ListItem","position":2,"name":"Web\u00e1ruh\u00e1z oldal","item":"http:\/\/lean.org.hu\/en\/webaruhaz-aloldal\/"},{"@type":"ListItem","position":3,"name":"Haladj a dolgaiddal! &#8211; GTD"}]},{"@type":"WebSite","@id":"https:\/\/lean.org.hu\/#website","url":"https:\/\/lean.org.hu\/","name":"LEI","description":"","publisher":{"@id":"https:\/\/lean.org.hu\/#organization"},"potentialAction":[{"@type":"SearchAction","target":{"@type":"EntryPoint","urlTemplate":"https:\/\/lean.org.hu\/?s={search_term_string}"},"query-input":{"@type":"PropertyValueSpecification","valueRequired":true,"valueName":"search_term_string"}}],"inLanguage":"en-GB"},{"@type":"Organization","@id":"https:\/\/lean.org.hu\/#organization","name":"LEI","url":"https:\/\/lean.org.hu\/","logo":{"@type":"ImageObject","inLanguage":"en-GB","@id":"https:\/\/lean.org.hu\/#\/schema\/logo\/image\/","url":"https:\/\/lean.org.hu\/wp-content\/uploads\/2020\/07\/cropped-lean_logo_final_color_horizontal.png","contentUrl":"https:\/\/lean.org.hu\/wp-content\/uploads\/2020\/07\/cropped-lean_logo_final_color_horizontal.png","width":779,"height":288,"caption":"LEI"},"image":{"@id":"https:\/\/lean.org.hu\/#\/schema\/logo\/image\/"},"sameAs":["https:\/\/www.facebook.com\/LEI.Hungary","https:\/\/www.linkedin.com\/company\/lean-enterprise-institute-hungary"]}]}},"_links":{"self":[{"href":"https:\/\/lean.org.hu\/en\/wp-json\/wp\/v2\/product\/150117","targetHints":{"allow":["GET"]}}],"collection":[{"href":"https:\/\/lean.org.hu\/en\/wp-json\/wp\/v2\/product"}],"about":[{"href":"https:\/\/lean.org.hu\/en\/wp-json\/wp\/v2\/types\/product"}],"wp:featuredmedia":[{"embeddable":true,"href":"https:\/\/lean.org.hu\/en\/wp-json\/wp\/v2\/media\/150120"}],"wp:attachment":[{"href":"https:\/\/lean.org.hu\/en\/wp-json\/wp\/v2\/media?parent=150117"}],"wp:term":[{"taxonomy":"product_brand","embeddable":true,"href":"https:\/\/lean.org.hu\/en\/wp-json\/wp\/v2\/product_brand?post=150117"},{"taxonomy":"product_cat","embeddable":true,"href":"https:\/\/lean.org.hu\/en\/wp-json\/wp\/v2\/product_cat?post=150117"},{"taxonomy":"product_tag","embeddable":true,"href":"https:\/\/lean.org.hu\/en\/wp-json\/wp\/v2\/product_tag?post=150117"}],"curies":[{"name":"wp","href":"https:\/\/api.w.org\/{rel}","templated":true}]}}