{"id":150090,"date":"2026-01-22T13:06:03","date_gmt":"2026-01-22T12:06:03","guid":{"rendered":"https:\/\/lean.org.hu\/?post_type=product&#038;p=150090"},"modified":"2026-02-12T12:46:12","modified_gmt":"2026-02-12T11:46:12","slug":"talald-meg-a-mierted","status":"publish","type":"product","link":"https:\/\/lean.org.hu\/en\/lean-konyvesbolt\/talald-meg-a-mierted","title":{"rendered":"Tal\u00e1ld meg a mi\u00e9rted!"},"content":{"rendered":"<div>\n<p><b>Tal\u00e1ld meg a mi\u00e9rted! \u2013 Mi motiv\u00e1l minket \u00e9s csapatunkat?\u00a0<\/b><\/p>\n<p><em>Simon Sinek \u2014 Peter Docker \u2014 David Mead<br \/>\n<\/em><\/p>\n<p>Mi\u00e9rt tessz\u00fck azt, amit nap mint nap csin\u00e1lunk? Mi t\u00f6rt\u00e9nik, ha a munk\u00e1nk nem kapcsol\u00f3dik ahhoz, ami igaz\u00e1n fontos sz\u00e1munkra? Hogyan teremthet\u00fcnk olyan k\u00f6z\u00f6ss\u00e9get, ahol mindenki egy k\u00f6z\u00f6s c\u00e9l\u00e9rt dolgozik? Ezek a k\u00e9rd\u00e9sek sokunkban felmer\u00fclnek, m\u00e9gis ritk\u00e1n tal\u00e1lunk r\u00e1juk egy\u00e9rtelm\u0171 v\u00e1laszokat.<\/p>\n<p>Simon Sinek, a vil\u00e1gh\u00edr\u0171 gondolkod\u00f3 \u00e9s motiv\u00e1ci\u00f3s el\u0151ad\u00f3 a *Kezdj a mi\u00e9rttel!* c\u00edm\u0171 k\u00f6nyv\u00e9ben m\u00e1r bevezette azt az elgondol\u00e1st, hogy a val\u00f3di siker \u00e9s el\u00e9gedetts\u00e9g kulcsa a bels\u0151 motiv\u00e1ci\u00f3nk meg\u00e9rt\u00e9se. A\u00a0<b>Tal\u00e1ld meg a mi\u00e9rted!<\/b>\u00a0ezt az elm\u00e9letet viszi tov\u00e1bb, \u00e9s gyakorlati \u00fatmutat\u00f3t ad ahhoz, hogy saj\u00e1t \u00e9let\u00fcnkben \u00e9s munk\u00e1nkban is alkalmazhassuk. Peter Docker \u00e9s David Mead k\u00f6zrem\u0171k\u00f6d\u00e9s\u00e9vel a k\u00f6nyv l\u00e9p\u00e9sr\u0151l l\u00e9p\u00e9sre mutatja be, hogyan fedezhetj\u00fck fel saj\u00e1t \u201emi\u00e9rt\u00fcnket\u201d j\u00f3l fel\u00e9p\u00edtett gyakorlatok, illusztr\u00e1ci\u00f3k \u00e9s t\u00f6rt\u00e9netek seg\u00edts\u00e9g\u00e9vel.<\/p>\n<p>Legyen sz\u00f3 karrier\u00fcnk els\u0151 l\u00e9p\u00e9seir\u0151l vagy egy csapat vezet\u00e9s\u00e9r\u0151l, a k\u00f6nyv seg\u00edt abban, hogy megtal\u00e1ljuk azt az \u00e9rtelmet \u00e9s szenved\u00e9lyt, ami hossz\u00fa t\u00e1von is inspir\u00e1l minket. A szerz\u0151k k\u00f6z\u00fcl Simon Sinek hivat\u00e1sos optimistak\u00e9nt vil\u00e1gszerte tart el\u0151ad\u00e1sokat a vezet\u00e9sr\u0151l, David Mead a szervezeti kult\u00fara fejleszt\u00e9s\u00e9re szakosodott, m\u00edg Peter Docker a vezet\u0151k k\u00e9pz\u00e9s\u00e9ben \u00e9s a csapatok hat\u00e9konyabb\u00e1 t\u00e9tel\u00e9ben seg\u00edt.<\/p>\n<p>Ha szeretn\u00e9d megtal\u00e1lni azt a c\u00e9lt, ami val\u00f3di lend\u00fcletet ad a munk\u00e1dnak \u00e9s az \u00e9letednek, a *Tal\u00e1ld meg a mi\u00e9rted!* egy kihagyhatatlan olvasm\u00e1ny. Ne csak dolgozz \u2013 inspir\u00e1lj \u00e9s tal\u00e1lj r\u00e1 arra, ami igaz\u00e1n fontos sz\u00e1modra!<\/p>\n<p style=\"text-align: center;\"><a class=\"wp-block-button__link\" style=\"border-radius: 5px;\" href=\"https:\/\/hvgkonyvek.hu\/resources\/public\/talald-meg-amierted-beleolv.pdf\" target=\"_blank\" rel=\"noreferrer noopener\">Olvass bele a k\u00f6nyvbe!<\/a><\/p>\n<\/div>\n<p>ISBN: 9789633045909<br \/>\nTerjedelem: 272 oldal (185\u00d7233 mm)<\/p>","protected":false},"excerpt":{"rendered":"<p>Mi\u00e9rt tessz\u00fck azt, amit nap mint nap csin\u00e1lunk? Mi t\u00f6rt\u00e9nik, ha a munk\u00e1nk nem kapcsol\u00f3dik ahhoz, ami igaz\u00e1n fontos sz\u00e1munkra? Hogyan teremthet\u00fcnk olyan k\u00f6z\u00f6ss\u00e9get, ahol mindenki egy k\u00f6z\u00f6s c\u00e9l\u00e9rt dolgozik?<\/p>","protected":false},"featured_media":150093,"template":"","meta":{"_eb_attr":""},"product_brand":[],"product_cat":[183,173,891],"product_tag":[],"class_list":{"0":"post-150090","1":"product","2":"type-product","3":"status-publish","4":"has-post-thumbnail","6":"product_cat-lean-konyvek-kapcsolodo-irodalom","7":"product_cat-lean-konyvesbolt","8":"product_cat-uj-konyvek","9":"infinite-scroll-item","10":"no-featured-image-padding","11":"sales-flash-overlay","12":"woocommerce-text-align-left","13":"woocommerce-image-align-left","14":"do-quantity-buttons","16":"first","17":"instock","18":"taxable","19":"shipping-taxable","20":"purchasable","21":"product-type-variable"},"yoast_head":"<!-- This site is optimized with the Yoast SEO plugin v27.4 - https:\/\/yoast.com\/product\/yoast-seo-wordpress\/ -->\n<title>Tal\u00e1ld meg a mi\u00e9rted! - LEI<\/title>\n<meta name=\"description\" content=\"Mi\u00e9rt tessz\u00fck azt, amit nap mint nap csin\u00e1lunk? Mi t\u00f6rt\u00e9nik, ha a munk\u00e1nk nem kapcsol\u00f3dik ahhoz, ami igaz\u00e1n fontos sz\u00e1munkra? Hogyan teremthet\u00fcnk olyan k\u00f6z\u00f6ss\u00e9get, ahol mindenki egy k\u00f6z\u00f6s c\u00e9l\u00e9rt dolgozik?\" \/>\n<meta name=\"robots\" content=\"index, follow, max-snippet:-1, max-image-preview:large, max-video-preview:-1\" \/>\n<link rel=\"canonical\" href=\"https:\/\/lean.org.hu\/en\/lean-konyvesbolt\/talald-meg-a-mierted\/\" \/>\n<meta property=\"og:locale\" content=\"en_GB\" \/>\n<meta property=\"og:type\" content=\"article\" \/>\n<meta property=\"og:title\" content=\"Tal\u00e1ld meg a mi\u00e9rted! - LEI\" \/>\n<meta property=\"og:description\" content=\"Mi\u00e9rt tessz\u00fck azt, amit nap mint nap csin\u00e1lunk? Mi t\u00f6rt\u00e9nik, ha a munk\u00e1nk nem kapcsol\u00f3dik ahhoz, ami igaz\u00e1n fontos sz\u00e1munkra? Hogyan teremthet\u00fcnk olyan k\u00f6z\u00f6ss\u00e9get, ahol mindenki egy k\u00f6z\u00f6s c\u00e9l\u00e9rt dolgozik?\" \/>\n<meta property=\"og:url\" content=\"https:\/\/lean.org.hu\/en\/lean-konyvesbolt\/talald-meg-a-mierted\/\" \/>\n<meta property=\"og:site_name\" content=\"LEI\" \/>\n<meta property=\"article:publisher\" content=\"https:\/\/www.facebook.com\/LEI.Hungary\" \/>\n<meta property=\"article:modified_time\" content=\"2026-02-12T11:46:12+00:00\" \/>\n<meta property=\"og:image\" content=\"https:\/\/lean.org.hu\/wp-content\/uploads\/2025\/12\/talald-meg-a-miertet.png\" \/>\n\t<meta property=\"og:image:width\" content=\"398\" \/>\n\t<meta property=\"og:image:height\" content=\"497\" \/>\n\t<meta property=\"og:image:type\" content=\"image\/png\" \/>\n<meta name=\"twitter:card\" content=\"summary_large_image\" \/>\n<meta name=\"twitter:label1\" content=\"Estimated reading time\" \/>\n\t<meta name=\"twitter:data1\" content=\"2 minutes\" \/>\n<script type=\"application\/ld+json\" class=\"yoast-schema-graph\">{\"@context\":\"https:\\\/\\\/schema.org\",\"@graph\":[{\"@type\":\"WebPage\",\"@id\":\"https:\\\/\\\/lean.org.hu\\\/lean-konyvesbolt\\\/talald-meg-a-mierted\\\/\",\"url\":\"https:\\\/\\\/lean.org.hu\\\/lean-konyvesbolt\\\/talald-meg-a-mierted\\\/\",\"name\":\"Tal\u00e1ld meg a mi\u00e9rted! - LEI\",\"isPartOf\":{\"@id\":\"https:\\\/\\\/lean.org.hu\\\/#website\"},\"primaryImageOfPage\":{\"@id\":\"https:\\\/\\\/lean.org.hu\\\/lean-konyvesbolt\\\/talald-meg-a-mierted\\\/#primaryimage\"},\"image\":{\"@id\":\"https:\\\/\\\/lean.org.hu\\\/lean-konyvesbolt\\\/talald-meg-a-mierted\\\/#primaryimage\"},\"thumbnailUrl\":\"https:\\\/\\\/lean.org.hu\\\/wp-content\\\/uploads\\\/2025\\\/12\\\/talald-meg-a-miertet.png\",\"datePublished\":\"2026-01-22T12:06:03+00:00\",\"dateModified\":\"2026-02-12T11:46:12+00:00\",\"description\":\"Mi\u00e9rt tessz\u00fck azt, amit nap mint nap csin\u00e1lunk? Mi t\u00f6rt\u00e9nik, ha a munk\u00e1nk nem kapcsol\u00f3dik ahhoz, ami igaz\u00e1n fontos sz\u00e1munkra? Hogyan teremthet\u00fcnk olyan k\u00f6z\u00f6ss\u00e9get, ahol mindenki egy k\u00f6z\u00f6s c\u00e9l\u00e9rt dolgozik?\",\"breadcrumb\":{\"@id\":\"https:\\\/\\\/lean.org.hu\\\/lean-konyvesbolt\\\/talald-meg-a-mierted\\\/#breadcrumb\"},\"inLanguage\":\"en-GB\",\"potentialAction\":[{\"@type\":\"ReadAction\",\"target\":[\"https:\\\/\\\/lean.org.hu\\\/lean-konyvesbolt\\\/talald-meg-a-mierted\\\/\"]}]},{\"@type\":\"ImageObject\",\"inLanguage\":\"en-GB\",\"@id\":\"https:\\\/\\\/lean.org.hu\\\/lean-konyvesbolt\\\/talald-meg-a-mierted\\\/#primaryimage\",\"url\":\"https:\\\/\\\/lean.org.hu\\\/wp-content\\\/uploads\\\/2025\\\/12\\\/talald-meg-a-miertet.png\",\"contentUrl\":\"https:\\\/\\\/lean.org.hu\\\/wp-content\\\/uploads\\\/2025\\\/12\\\/talald-meg-a-miertet.png\",\"width\":398,\"height\":497},{\"@type\":\"BreadcrumbList\",\"@id\":\"https:\\\/\\\/lean.org.hu\\\/lean-konyvesbolt\\\/talald-meg-a-mierted\\\/#breadcrumb\",\"itemListElement\":[{\"@type\":\"ListItem\",\"position\":1,\"name\":\"Kezd\u0151lap\",\"item\":\"https:\\\/\\\/lean.org.hu\\\/\"},{\"@type\":\"ListItem\",\"position\":2,\"name\":\"Web\u00e1ruh\u00e1z oldal\",\"item\":\"http:\\\/\\\/lean.org.hu\\\/en\\\/webaruhaz-aloldal\\\/\"},{\"@type\":\"ListItem\",\"position\":3,\"name\":\"Tal\u00e1ld meg a mi\u00e9rted!\"}]},{\"@type\":\"WebSite\",\"@id\":\"https:\\\/\\\/lean.org.hu\\\/#website\",\"url\":\"https:\\\/\\\/lean.org.hu\\\/\",\"name\":\"LEI\",\"description\":\"\",\"publisher\":{\"@id\":\"https:\\\/\\\/lean.org.hu\\\/#organization\"},\"potentialAction\":[{\"@type\":\"SearchAction\",\"target\":{\"@type\":\"EntryPoint\",\"urlTemplate\":\"https:\\\/\\\/lean.org.hu\\\/?s={search_term_string}\"},\"query-input\":{\"@type\":\"PropertyValueSpecification\",\"valueRequired\":true,\"valueName\":\"search_term_string\"}}],\"inLanguage\":\"en-GB\"},{\"@type\":\"Organization\",\"@id\":\"https:\\\/\\\/lean.org.hu\\\/#organization\",\"name\":\"LEI\",\"url\":\"https:\\\/\\\/lean.org.hu\\\/\",\"logo\":{\"@type\":\"ImageObject\",\"inLanguage\":\"en-GB\",\"@id\":\"https:\\\/\\\/lean.org.hu\\\/#\\\/schema\\\/logo\\\/image\\\/\",\"url\":\"https:\\\/\\\/lean.org.hu\\\/wp-content\\\/uploads\\\/2020\\\/07\\\/cropped-lean_logo_final_color_horizontal.png\",\"contentUrl\":\"https:\\\/\\\/lean.org.hu\\\/wp-content\\\/uploads\\\/2020\\\/07\\\/cropped-lean_logo_final_color_horizontal.png\",\"width\":779,\"height\":288,\"caption\":\"LEI\"},\"image\":{\"@id\":\"https:\\\/\\\/lean.org.hu\\\/#\\\/schema\\\/logo\\\/image\\\/\"},\"sameAs\":[\"https:\\\/\\\/www.facebook.com\\\/LEI.Hungary\",\"https:\\\/\\\/www.linkedin.com\\\/company\\\/lean-enterprise-institute-hungary\"]}]}<\/script>\n<!-- \/ Yoast SEO plugin. -->","yoast_head_json":{"title":"Tal\u00e1ld meg a mi\u00e9rted! - LEI","description":"Mi\u00e9rt tessz\u00fck azt, amit nap mint nap csin\u00e1lunk? Mi t\u00f6rt\u00e9nik, ha a munk\u00e1nk nem kapcsol\u00f3dik ahhoz, ami igaz\u00e1n fontos sz\u00e1munkra? Hogyan teremthet\u00fcnk olyan k\u00f6z\u00f6ss\u00e9get, ahol mindenki egy k\u00f6z\u00f6s c\u00e9l\u00e9rt dolgozik?","robots":{"index":"index","follow":"follow","max-snippet":"max-snippet:-1","max-image-preview":"max-image-preview:large","max-video-preview":"max-video-preview:-1"},"canonical":"https:\/\/lean.org.hu\/en\/lean-konyvesbolt\/talald-meg-a-mierted\/","og_locale":"en_GB","og_type":"article","og_title":"Tal\u00e1ld meg a mi\u00e9rted! - LEI","og_description":"Mi\u00e9rt tessz\u00fck azt, amit nap mint nap csin\u00e1lunk? Mi t\u00f6rt\u00e9nik, ha a munk\u00e1nk nem kapcsol\u00f3dik ahhoz, ami igaz\u00e1n fontos sz\u00e1munkra? Hogyan teremthet\u00fcnk olyan k\u00f6z\u00f6ss\u00e9get, ahol mindenki egy k\u00f6z\u00f6s c\u00e9l\u00e9rt dolgozik?","og_url":"https:\/\/lean.org.hu\/en\/lean-konyvesbolt\/talald-meg-a-mierted\/","og_site_name":"LEI","article_publisher":"https:\/\/www.facebook.com\/LEI.Hungary","article_modified_time":"2026-02-12T11:46:12+00:00","og_image":[{"width":398,"height":497,"url":"https:\/\/lean.org.hu\/wp-content\/uploads\/2025\/12\/talald-meg-a-miertet.png","type":"image\/png"}],"twitter_card":"summary_large_image","twitter_misc":{"Estimated reading time":"2 minutes"},"schema":{"@context":"https:\/\/schema.org","@graph":[{"@type":"WebPage","@id":"https:\/\/lean.org.hu\/lean-konyvesbolt\/talald-meg-a-mierted\/","url":"https:\/\/lean.org.hu\/lean-konyvesbolt\/talald-meg-a-mierted\/","name":"Tal\u00e1ld meg a mi\u00e9rted! - LEI","isPartOf":{"@id":"https:\/\/lean.org.hu\/#website"},"primaryImageOfPage":{"@id":"https:\/\/lean.org.hu\/lean-konyvesbolt\/talald-meg-a-mierted\/#primaryimage"},"image":{"@id":"https:\/\/lean.org.hu\/lean-konyvesbolt\/talald-meg-a-mierted\/#primaryimage"},"thumbnailUrl":"https:\/\/lean.org.hu\/wp-content\/uploads\/2025\/12\/talald-meg-a-miertet.png","datePublished":"2026-01-22T12:06:03+00:00","dateModified":"2026-02-12T11:46:12+00:00","description":"Mi\u00e9rt tessz\u00fck azt, amit nap mint nap csin\u00e1lunk? Mi t\u00f6rt\u00e9nik, ha a munk\u00e1nk nem kapcsol\u00f3dik ahhoz, ami igaz\u00e1n fontos sz\u00e1munkra? Hogyan teremthet\u00fcnk olyan k\u00f6z\u00f6ss\u00e9get, ahol mindenki egy k\u00f6z\u00f6s c\u00e9l\u00e9rt dolgozik?","breadcrumb":{"@id":"https:\/\/lean.org.hu\/lean-konyvesbolt\/talald-meg-a-mierted\/#breadcrumb"},"inLanguage":"en-GB","potentialAction":[{"@type":"ReadAction","target":["https:\/\/lean.org.hu\/lean-konyvesbolt\/talald-meg-a-mierted\/"]}]},{"@type":"ImageObject","inLanguage":"en-GB","@id":"https:\/\/lean.org.hu\/lean-konyvesbolt\/talald-meg-a-mierted\/#primaryimage","url":"https:\/\/lean.org.hu\/wp-content\/uploads\/2025\/12\/talald-meg-a-miertet.png","contentUrl":"https:\/\/lean.org.hu\/wp-content\/uploads\/2025\/12\/talald-meg-a-miertet.png","width":398,"height":497},{"@type":"BreadcrumbList","@id":"https:\/\/lean.org.hu\/lean-konyvesbolt\/talald-meg-a-mierted\/#breadcrumb","itemListElement":[{"@type":"ListItem","position":1,"name":"Kezd\u0151lap","item":"https:\/\/lean.org.hu\/"},{"@type":"ListItem","position":2,"name":"Web\u00e1ruh\u00e1z oldal","item":"http:\/\/lean.org.hu\/en\/webaruhaz-aloldal\/"},{"@type":"ListItem","position":3,"name":"Tal\u00e1ld meg a mi\u00e9rted!"}]},{"@type":"WebSite","@id":"https:\/\/lean.org.hu\/#website","url":"https:\/\/lean.org.hu\/","name":"LEI","description":"","publisher":{"@id":"https:\/\/lean.org.hu\/#organization"},"potentialAction":[{"@type":"SearchAction","target":{"@type":"EntryPoint","urlTemplate":"https:\/\/lean.org.hu\/?s={search_term_string}"},"query-input":{"@type":"PropertyValueSpecification","valueRequired":true,"valueName":"search_term_string"}}],"inLanguage":"en-GB"},{"@type":"Organization","@id":"https:\/\/lean.org.hu\/#organization","name":"LEI","url":"https:\/\/lean.org.hu\/","logo":{"@type":"ImageObject","inLanguage":"en-GB","@id":"https:\/\/lean.org.hu\/#\/schema\/logo\/image\/","url":"https:\/\/lean.org.hu\/wp-content\/uploads\/2020\/07\/cropped-lean_logo_final_color_horizontal.png","contentUrl":"https:\/\/lean.org.hu\/wp-content\/uploads\/2020\/07\/cropped-lean_logo_final_color_horizontal.png","width":779,"height":288,"caption":"LEI"},"image":{"@id":"https:\/\/lean.org.hu\/#\/schema\/logo\/image\/"},"sameAs":["https:\/\/www.facebook.com\/LEI.Hungary","https:\/\/www.linkedin.com\/company\/lean-enterprise-institute-hungary"]}]}},"_links":{"self":[{"href":"https:\/\/lean.org.hu\/en\/wp-json\/wp\/v2\/product\/150090","targetHints":{"allow":["GET"]}}],"collection":[{"href":"https:\/\/lean.org.hu\/en\/wp-json\/wp\/v2\/product"}],"about":[{"href":"https:\/\/lean.org.hu\/en\/wp-json\/wp\/v2\/types\/product"}],"wp:featuredmedia":[{"embeddable":true,"href":"https:\/\/lean.org.hu\/en\/wp-json\/wp\/v2\/media\/150093"}],"wp:attachment":[{"href":"https:\/\/lean.org.hu\/en\/wp-json\/wp\/v2\/media?parent=150090"}],"wp:term":[{"taxonomy":"product_brand","embeddable":true,"href":"https:\/\/lean.org.hu\/en\/wp-json\/wp\/v2\/product_brand?post=150090"},{"taxonomy":"product_cat","embeddable":true,"href":"https:\/\/lean.org.hu\/en\/wp-json\/wp\/v2\/product_cat?post=150090"},{"taxonomy":"product_tag","embeddable":true,"href":"https:\/\/lean.org.hu\/en\/wp-json\/wp\/v2\/product_tag?post=150090"}],"curies":[{"name":"wp","href":"https:\/\/api.w.org\/{rel}","templated":true}]}}