{"id":149871,"date":"2025-11-18T12:47:14","date_gmt":"2025-11-18T11:47:14","guid":{"rendered":"https:\/\/lean.org.hu\/?post_type=product&#038;p=149871"},"modified":"2026-02-12T12:44:55","modified_gmt":"2026-02-12T11:44:55","slug":"inspiralo-ted-eloadasok-kreativitas","status":"publish","type":"product","link":"https:\/\/lean.org.hu\/en\/lean-konyvesbolt\/inspiralo-ted-eloadasok-kreativitas\/","title":{"rendered":"Inspir\u00e1l\u00f3 TED-el\u0151ad\u00e1sok: Kreativit\u00e1s"},"content":{"rendered":"<p><strong>Inspir\u00e1l\u00f3 TED-el\u0151ad\u00e1sok: Kreativit\u00e1s<\/strong><br \/>\nTom May<\/p>\n<div>\n<p style=\"text-align: left;\">Hogyan \u00e9rhetj\u00fck el az aha-\u00e9lm\u00e9nyeket? Mi a titka annak, hogy lek\u00fczdj\u00fck az alkot\u00f3i v\u00e1ls\u00e1got? Mi\u00e9rt fontos, hogy sokat besz\u00e9lgess\u00fcnk gyerekekkel? A v\u00e1laszokat \u00e9s sok m\u00e1s inspir\u00e1l\u00f3 gondolatot tal\u00e1lhatsz az Inspir\u00e1l\u00f3 TED-el\u0151ad\u00e1sok: Kreativit\u00e1s c\u00edm\u0171 k\u00f6nyvben. Ez a k\u00f6tet a 100 legjobb TED-besz\u00e9det gy\u0171jti \u00f6ssze, amelyek a kreativit\u00e1s fejleszt\u00e9s\u00e9r\u0151l \u00e9s a szem\u00e9lyes fejl\u0151d\u00e9sr\u0151l sz\u00f3lnak.<\/p>\n<p>A k\u00f6nyv szellemes grafik\u00e1kkal \u00e9s frapp\u00e1ns id\u00e9zetekkel seg\u00edt abban, hogy \u00faj utakat fedezz fel, b\u00e1tor\u00edt arra, hogy megszabadulj a f\u00e9lelmeidt\u0151l, \u00e9s teljes m\u00e9rt\u00e9kben kihaszn\u00e1lhasd a benned rejl\u0151 kreat\u00edv potenci\u00e1lt. A kiv\u00e9teles gy\u0171jtem\u00e9ny olyan mesterek gondolatait tartalmazza, mint Adam Grant, a neves szervezetpszichol\u00f3gus, Tim Harford k\u00f6zgazd\u00e1sz-\u00fajs\u00e1g\u00edr\u00f3, valamint m\u0171v\u00e9szek, mint Sting, Marina Abramovi\u0107 \u00e9s Elizabeth Gilbert.<\/p>\n<p>Ha szeretn\u00e9d jobban meg\u00e9rteni a kreativit\u00e1s m\u0171k\u00f6d\u00e9s\u00e9t, \u00e9s arra keresel v\u00e1laszokat, hogyan juthatsz el a legjobb \u00f6tletekhez, akkor ez a k\u00f6nyv neked sz\u00f3l! Legy\u00e9l a kreativit\u00e1s mestere, \u00e9s tudd meg, hogyan v\u00e1lhatsz m\u00e9g jobb\u00e1 a saj\u00e1t ter\u00fcleteden! Ne hagyd ki ezt az inspir\u00e1l\u00f3 olvasm\u00e1nyt!<\/p>\n<p><a href=\"https:\/\/hvgkonyvek.hu\/resources\/publicproduct\/1735\/lookinside\/kreativitas_beleolvaso.pdf\" target=\"_blank\" rel=\"noopener\">Olvass bele a k\u00f6nyvbe!\u00a0<\/a><\/p>\n<p>M\u00e9ret: 226&#215;170 mm<br \/>\nMegjelen\u00e9s: 2020. 09. 29.<br \/>\nTerjedelem: 192 oldal<br \/>\nISBN: 9789633049549<\/p>\n<\/div>","protected":false},"excerpt":{"rendered":"<p><em>\u201eA kiv\u00e9teles gy\u0171jtem\u00e9ny olyan mesterek gondolatait tartalmazza, mint Adam Grant, a neves szervezetpszichol\u00f3gus, Tim Harford k\u00f6zgazd\u00e1sz-\u00fajs\u00e1g\u00edr\u00f3, valamint m\u0171v\u00e9szek, mint Sting, Marina Abramovi\u0107 \u00e9s Elizabeth Gilbert.\u201d<\/em><\/p>","protected":false},"featured_media":149874,"template":"","meta":{"_eb_attr":""},"product_brand":[],"product_cat":[181,173],"product_tag":[],"class_list":{"0":"post-149871","1":"product","2":"type-product","3":"status-publish","4":"has-post-thumbnail","6":"product_cat-lean-konyvek-vezetes","7":"product_cat-lean-konyvesbolt","8":"infinite-scroll-item","9":"no-featured-image-padding","10":"sales-flash-overlay","11":"woocommerce-text-align-left","12":"woocommerce-image-align-left","13":"do-quantity-buttons","15":"first","16":"instock","17":"taxable","18":"shipping-taxable","19":"purchasable","20":"product-type-variable"},"yoast_head":"<!-- This site is optimized with the Yoast SEO plugin v27.4 - https:\/\/yoast.com\/product\/yoast-seo-wordpress\/ -->\n<title>Inspir\u00e1l\u00f3 TED-el\u0151ad\u00e1sok: Kreativit\u00e1s - LEI<\/title>\n<meta name=\"description\" content=\"Mik\u00e9nt birk\u00f3zzunk meg az alkot\u00f3i v\u00e1ls\u00e1ggal? Mi\u00e9rt besz\u00e9lgess\u00fcnk sokat gyerekekkel?\" \/>\n<meta name=\"robots\" content=\"index, follow, max-snippet:-1, max-image-preview:large, max-video-preview:-1\" \/>\n<link rel=\"canonical\" href=\"https:\/\/lean.org.hu\/en\/lean-konyvesbolt\/inspiralo-ted-eloadasok-kreativitas\/\" \/>\n<meta property=\"og:locale\" content=\"en_GB\" \/>\n<meta property=\"og:type\" content=\"article\" \/>\n<meta property=\"og:title\" content=\"Kell egy csapat \u2013 A sikeres egy\u00fcttm\u0171k\u00f6d\u00e9s 5 akad\u00e1lya\" \/>\n<meta property=\"og:description\" content=\"Egy j\u00f3 csapattal megszerezhetj\u00fck a vezet\u00e9st b\u00e1rmelyik ipar\u00e1gban, vagyis: Kell egy csapat! Egyszer\u0171nek t\u0171nhet, m\u00e9gis pokolian neh\u00e9z elkezdeni.\" \/>\n<meta property=\"og:url\" content=\"https:\/\/lean.org.hu\/en\/lean-konyvesbolt\/inspiralo-ted-eloadasok-kreativitas\/\" \/>\n<meta property=\"og:site_name\" content=\"LEI\" \/>\n<meta property=\"article:publisher\" content=\"https:\/\/www.facebook.com\/LEI.Hungary\" \/>\n<meta property=\"article:modified_time\" content=\"2026-02-12T11:44:55+00:00\" \/>\n<meta property=\"og:image\" content=\"https:\/\/lean.org.hu\/wp-content\/uploads\/2025\/11\/ted-inspiralo-eloadasok-kreativitas-borito-72dpi.jpg\" \/>\n\t<meta property=\"og:image:width\" content=\"482\" \/>\n\t<meta property=\"og:image:height\" content=\"641\" \/>\n\t<meta property=\"og:image:type\" content=\"image\/jpeg\" \/>\n<meta name=\"twitter:card\" content=\"summary_large_image\" \/>\n<meta name=\"twitter:label1\" content=\"Estimated reading time\" \/>\n\t<meta name=\"twitter:data1\" content=\"2 minutes\" \/>\n<script type=\"application\/ld+json\" class=\"yoast-schema-graph\">{\"@context\":\"https:\\\/\\\/schema.org\",\"@graph\":[{\"@type\":\"WebPage\",\"@id\":\"https:\\\/\\\/lean.org.hu\\\/lean-konyvesbolt\\\/inspiralo-ted-eloadasok-kreativitas\\\/\",\"url\":\"https:\\\/\\\/lean.org.hu\\\/lean-konyvesbolt\\\/inspiralo-ted-eloadasok-kreativitas\\\/\",\"name\":\"Inspir\u00e1l\u00f3 TED-el\u0151ad\u00e1sok: Kreativit\u00e1s - LEI\",\"isPartOf\":{\"@id\":\"https:\\\/\\\/lean.org.hu\\\/#website\"},\"primaryImageOfPage\":{\"@id\":\"https:\\\/\\\/lean.org.hu\\\/lean-konyvesbolt\\\/inspiralo-ted-eloadasok-kreativitas\\\/#primaryimage\"},\"image\":{\"@id\":\"https:\\\/\\\/lean.org.hu\\\/lean-konyvesbolt\\\/inspiralo-ted-eloadasok-kreativitas\\\/#primaryimage\"},\"thumbnailUrl\":\"https:\\\/\\\/lean.org.hu\\\/wp-content\\\/uploads\\\/2025\\\/11\\\/ted-inspiralo-eloadasok-kreativitas-borito-72dpi.jpg\",\"datePublished\":\"2025-11-18T11:47:14+00:00\",\"dateModified\":\"2026-02-12T11:44:55+00:00\",\"description\":\"Mik\u00e9nt birk\u00f3zzunk meg az alkot\u00f3i v\u00e1ls\u00e1ggal? Mi\u00e9rt besz\u00e9lgess\u00fcnk sokat gyerekekkel?\",\"breadcrumb\":{\"@id\":\"https:\\\/\\\/lean.org.hu\\\/lean-konyvesbolt\\\/inspiralo-ted-eloadasok-kreativitas\\\/#breadcrumb\"},\"inLanguage\":\"en-GB\",\"potentialAction\":[{\"@type\":\"ReadAction\",\"target\":[\"https:\\\/\\\/lean.org.hu\\\/lean-konyvesbolt\\\/inspiralo-ted-eloadasok-kreativitas\\\/\"]}]},{\"@type\":\"ImageObject\",\"inLanguage\":\"en-GB\",\"@id\":\"https:\\\/\\\/lean.org.hu\\\/lean-konyvesbolt\\\/inspiralo-ted-eloadasok-kreativitas\\\/#primaryimage\",\"url\":\"https:\\\/\\\/lean.org.hu\\\/wp-content\\\/uploads\\\/2025\\\/11\\\/ted-inspiralo-eloadasok-kreativitas-borito-72dpi.jpg\",\"contentUrl\":\"https:\\\/\\\/lean.org.hu\\\/wp-content\\\/uploads\\\/2025\\\/11\\\/ted-inspiralo-eloadasok-kreativitas-borito-72dpi.jpg\",\"width\":482,\"height\":641},{\"@type\":\"BreadcrumbList\",\"@id\":\"https:\\\/\\\/lean.org.hu\\\/lean-konyvesbolt\\\/inspiralo-ted-eloadasok-kreativitas\\\/#breadcrumb\",\"itemListElement\":[{\"@type\":\"ListItem\",\"position\":1,\"name\":\"Kezd\u0151lap\",\"item\":\"https:\\\/\\\/lean.org.hu\\\/\"},{\"@type\":\"ListItem\",\"position\":2,\"name\":\"Web\u00e1ruh\u00e1z oldal\",\"item\":\"http:\\\/\\\/lean.org.hu\\\/en\\\/webaruhaz-aloldal\\\/\"},{\"@type\":\"ListItem\",\"position\":3,\"name\":\"Inspir\u00e1l\u00f3 TED-el\u0151ad\u00e1sok: Kreativit\u00e1s\"}]},{\"@type\":\"WebSite\",\"@id\":\"https:\\\/\\\/lean.org.hu\\\/#website\",\"url\":\"https:\\\/\\\/lean.org.hu\\\/\",\"name\":\"LEI\",\"description\":\"\",\"publisher\":{\"@id\":\"https:\\\/\\\/lean.org.hu\\\/#organization\"},\"potentialAction\":[{\"@type\":\"SearchAction\",\"target\":{\"@type\":\"EntryPoint\",\"urlTemplate\":\"https:\\\/\\\/lean.org.hu\\\/?s={search_term_string}\"},\"query-input\":{\"@type\":\"PropertyValueSpecification\",\"valueRequired\":true,\"valueName\":\"search_term_string\"}}],\"inLanguage\":\"en-GB\"},{\"@type\":\"Organization\",\"@id\":\"https:\\\/\\\/lean.org.hu\\\/#organization\",\"name\":\"LEI\",\"url\":\"https:\\\/\\\/lean.org.hu\\\/\",\"logo\":{\"@type\":\"ImageObject\",\"inLanguage\":\"en-GB\",\"@id\":\"https:\\\/\\\/lean.org.hu\\\/#\\\/schema\\\/logo\\\/image\\\/\",\"url\":\"https:\\\/\\\/lean.org.hu\\\/wp-content\\\/uploads\\\/2020\\\/07\\\/cropped-lean_logo_final_color_horizontal.png\",\"contentUrl\":\"https:\\\/\\\/lean.org.hu\\\/wp-content\\\/uploads\\\/2020\\\/07\\\/cropped-lean_logo_final_color_horizontal.png\",\"width\":779,\"height\":288,\"caption\":\"LEI\"},\"image\":{\"@id\":\"https:\\\/\\\/lean.org.hu\\\/#\\\/schema\\\/logo\\\/image\\\/\"},\"sameAs\":[\"https:\\\/\\\/www.facebook.com\\\/LEI.Hungary\",\"https:\\\/\\\/www.linkedin.com\\\/company\\\/lean-enterprise-institute-hungary\"]}]}<\/script>\n<!-- \/ Yoast SEO plugin. -->","yoast_head_json":{"title":"Inspir\u00e1l\u00f3 TED-el\u0151ad\u00e1sok: Kreativit\u00e1s - LEI","description":"Mik\u00e9nt birk\u00f3zzunk meg az alkot\u00f3i v\u00e1ls\u00e1ggal? Mi\u00e9rt besz\u00e9lgess\u00fcnk sokat gyerekekkel?","robots":{"index":"index","follow":"follow","max-snippet":"max-snippet:-1","max-image-preview":"max-image-preview:large","max-video-preview":"max-video-preview:-1"},"canonical":"https:\/\/lean.org.hu\/en\/lean-konyvesbolt\/inspiralo-ted-eloadasok-kreativitas\/","og_locale":"en_GB","og_type":"article","og_title":"Kell egy csapat \u2013 A sikeres egy\u00fcttm\u0171k\u00f6d\u00e9s 5 akad\u00e1lya","og_description":"Egy j\u00f3 csapattal megszerezhetj\u00fck a vezet\u00e9st b\u00e1rmelyik ipar\u00e1gban, vagyis: Kell egy csapat! Egyszer\u0171nek t\u0171nhet, m\u00e9gis pokolian neh\u00e9z elkezdeni.","og_url":"https:\/\/lean.org.hu\/en\/lean-konyvesbolt\/inspiralo-ted-eloadasok-kreativitas\/","og_site_name":"LEI","article_publisher":"https:\/\/www.facebook.com\/LEI.Hungary","article_modified_time":"2026-02-12T11:44:55+00:00","og_image":[{"width":482,"height":641,"url":"https:\/\/lean.org.hu\/wp-content\/uploads\/2025\/11\/ted-inspiralo-eloadasok-kreativitas-borito-72dpi.jpg","type":"image\/jpeg"}],"twitter_card":"summary_large_image","twitter_misc":{"Estimated reading time":"2 minutes"},"schema":{"@context":"https:\/\/schema.org","@graph":[{"@type":"WebPage","@id":"https:\/\/lean.org.hu\/lean-konyvesbolt\/inspiralo-ted-eloadasok-kreativitas\/","url":"https:\/\/lean.org.hu\/lean-konyvesbolt\/inspiralo-ted-eloadasok-kreativitas\/","name":"Inspir\u00e1l\u00f3 TED-el\u0151ad\u00e1sok: Kreativit\u00e1s - LEI","isPartOf":{"@id":"https:\/\/lean.org.hu\/#website"},"primaryImageOfPage":{"@id":"https:\/\/lean.org.hu\/lean-konyvesbolt\/inspiralo-ted-eloadasok-kreativitas\/#primaryimage"},"image":{"@id":"https:\/\/lean.org.hu\/lean-konyvesbolt\/inspiralo-ted-eloadasok-kreativitas\/#primaryimage"},"thumbnailUrl":"https:\/\/lean.org.hu\/wp-content\/uploads\/2025\/11\/ted-inspiralo-eloadasok-kreativitas-borito-72dpi.jpg","datePublished":"2025-11-18T11:47:14+00:00","dateModified":"2026-02-12T11:44:55+00:00","description":"Mik\u00e9nt birk\u00f3zzunk meg az alkot\u00f3i v\u00e1ls\u00e1ggal? Mi\u00e9rt besz\u00e9lgess\u00fcnk sokat gyerekekkel?","breadcrumb":{"@id":"https:\/\/lean.org.hu\/lean-konyvesbolt\/inspiralo-ted-eloadasok-kreativitas\/#breadcrumb"},"inLanguage":"en-GB","potentialAction":[{"@type":"ReadAction","target":["https:\/\/lean.org.hu\/lean-konyvesbolt\/inspiralo-ted-eloadasok-kreativitas\/"]}]},{"@type":"ImageObject","inLanguage":"en-GB","@id":"https:\/\/lean.org.hu\/lean-konyvesbolt\/inspiralo-ted-eloadasok-kreativitas\/#primaryimage","url":"https:\/\/lean.org.hu\/wp-content\/uploads\/2025\/11\/ted-inspiralo-eloadasok-kreativitas-borito-72dpi.jpg","contentUrl":"https:\/\/lean.org.hu\/wp-content\/uploads\/2025\/11\/ted-inspiralo-eloadasok-kreativitas-borito-72dpi.jpg","width":482,"height":641},{"@type":"BreadcrumbList","@id":"https:\/\/lean.org.hu\/lean-konyvesbolt\/inspiralo-ted-eloadasok-kreativitas\/#breadcrumb","itemListElement":[{"@type":"ListItem","position":1,"name":"Kezd\u0151lap","item":"https:\/\/lean.org.hu\/"},{"@type":"ListItem","position":2,"name":"Web\u00e1ruh\u00e1z oldal","item":"http:\/\/lean.org.hu\/en\/webaruhaz-aloldal\/"},{"@type":"ListItem","position":3,"name":"Inspir\u00e1l\u00f3 TED-el\u0151ad\u00e1sok: Kreativit\u00e1s"}]},{"@type":"WebSite","@id":"https:\/\/lean.org.hu\/#website","url":"https:\/\/lean.org.hu\/","name":"LEI","description":"","publisher":{"@id":"https:\/\/lean.org.hu\/#organization"},"potentialAction":[{"@type":"SearchAction","target":{"@type":"EntryPoint","urlTemplate":"https:\/\/lean.org.hu\/?s={search_term_string}"},"query-input":{"@type":"PropertyValueSpecification","valueRequired":true,"valueName":"search_term_string"}}],"inLanguage":"en-GB"},{"@type":"Organization","@id":"https:\/\/lean.org.hu\/#organization","name":"LEI","url":"https:\/\/lean.org.hu\/","logo":{"@type":"ImageObject","inLanguage":"en-GB","@id":"https:\/\/lean.org.hu\/#\/schema\/logo\/image\/","url":"https:\/\/lean.org.hu\/wp-content\/uploads\/2020\/07\/cropped-lean_logo_final_color_horizontal.png","contentUrl":"https:\/\/lean.org.hu\/wp-content\/uploads\/2020\/07\/cropped-lean_logo_final_color_horizontal.png","width":779,"height":288,"caption":"LEI"},"image":{"@id":"https:\/\/lean.org.hu\/#\/schema\/logo\/image\/"},"sameAs":["https:\/\/www.facebook.com\/LEI.Hungary","https:\/\/www.linkedin.com\/company\/lean-enterprise-institute-hungary"]}]}},"_links":{"self":[{"href":"https:\/\/lean.org.hu\/en\/wp-json\/wp\/v2\/product\/149871","targetHints":{"allow":["GET"]}}],"collection":[{"href":"https:\/\/lean.org.hu\/en\/wp-json\/wp\/v2\/product"}],"about":[{"href":"https:\/\/lean.org.hu\/en\/wp-json\/wp\/v2\/types\/product"}],"wp:featuredmedia":[{"embeddable":true,"href":"https:\/\/lean.org.hu\/en\/wp-json\/wp\/v2\/media\/149874"}],"wp:attachment":[{"href":"https:\/\/lean.org.hu\/en\/wp-json\/wp\/v2\/media?parent=149871"}],"wp:term":[{"taxonomy":"product_brand","embeddable":true,"href":"https:\/\/lean.org.hu\/en\/wp-json\/wp\/v2\/product_brand?post=149871"},{"taxonomy":"product_cat","embeddable":true,"href":"https:\/\/lean.org.hu\/en\/wp-json\/wp\/v2\/product_cat?post=149871"},{"taxonomy":"product_tag","embeddable":true,"href":"https:\/\/lean.org.hu\/en\/wp-json\/wp\/v2\/product_tag?post=149871"}],"curies":[{"name":"wp","href":"https:\/\/api.w.org\/{rel}","templated":true}]}}