{"id":1493,"date":"2020-05-21T11:08:50","date_gmt":"2020-05-21T09:08:50","guid":{"rendered":"http:\/\/generaciokpartnere.hu\/leiwp\/?post_type=product&#038;p=1493"},"modified":"2026-02-12T14:29:11","modified_gmt":"2026-02-12T13:29:11","slug":"lean-kartyacsomag","status":"publish","type":"product","link":"https:\/\/lean.org.hu\/en\/lean-konyvesbolt\/lean-kartyacsomag\/","title":{"rendered":"Lean k\u00e1rtyacsomag"},"content":{"rendered":"<p><strong>Lean k\u00e1rtyacsomag<\/strong><\/p>\n<p>Terjedelem: 54 k\u00e1rtyalap<\/p>\n<p>A Lean k\u00e1rtyacsomag a Lean Enterprise Institute \u00e1ltal kidolgozott angol nyelv\u0171 v\u00e1ltozat alapj\u00e1n k\u00e9sz\u00fclt. B\u00e1rmely, franciak\u00e1rty\u00e1val j\u00e1tszhat\u00f3 k\u00e1rtyaj\u00e1t\u00e9khoz alkalmas, ugyanakkor a k\u00e1rty\u00e1kon megjelen\u0151 lean gondolatok, id\u00e9zetek, \u00e1br\u00e1k a tan\u00edt\u00e1s \u00e9s a motiv\u00e1ci\u00f3 hasznos eszk\u00f6zei lehetnek a mindennapi rutinok sor\u00e1n is.<\/p>\n<p>Remek aj\u00e1nd\u00e9k lehet a c\u00e9g partnereinek vagy alkalmazottainak \u2013 megfelel\u0151 p\u00e9ld\u00e1nysz\u00e1m megrendel\u00e9se eset\u00e9n c\u00e9ged log\u00f3j\u00e1t is felt\u00fcntetj\u00fck a dobozon, illetve a k\u00e1rty\u00e1k h\u00e1toldal\u00e1n. Ig\u00e9ny eset\u00e9n k\u00e9rd egyedi aj\u00e1nlatunkat az <a href=\"http:\/\/info@lean.org.hu\/en\/\" data-cke-saved-href=\"http:\/\/info@lean.org.hu\">info@lean.org.hu<\/a>\u00a0e-mail c\u00edmen!<\/p>\n<p><img fetchpriority=\"high\" decoding=\"async\" class=\"alignnone size-full wp-image-1496\" src=\"https:\/\/lean.org.hu\/wp-content\/uploads\/2020\/09\/K\u00e9p01.png\" alt=\"Lean k\u00e1rtyacsomag term\u00e9kk\u00e9p\" width=\"1207\" height=\"398\" srcset=\"https:\/\/lean.org.hu\/wp-content\/uploads\/2020\/09\/K\u00e9p01.png 1207w, https:\/\/lean.org.hu\/wp-content\/uploads\/2020\/09\/K\u00e9p01-200x66.png 200w, https:\/\/lean.org.hu\/wp-content\/uploads\/2020\/09\/K\u00e9p01-300x99.png 300w, https:\/\/lean.org.hu\/wp-content\/uploads\/2020\/09\/K\u00e9p01-1024x338.png 1024w, https:\/\/lean.org.hu\/wp-content\/uploads\/2020\/09\/K\u00e9p01-768x253.png 768w\" sizes=\"(max-width: 1207px) 100vw, 1207px\" \/><\/p>","protected":false},"excerpt":{"rendered":"<p>B\u00e1rmely, a franciak\u00e1rty\u00e1val j\u00e1tszhat\u00f3 k\u00e1rtyaj\u00e1t\u00e9khoz alkalmas, ugyanakkor a k\u00e1rty\u00e1kon megjelen\u0151 lean gondolatok, id\u00e9zetek, \u00e1br\u00e1k hasznos motiv\u00e1ci\u00f3s eszk\u00f6z\u00f6k lehetnek a mindennapok sor\u00e1n is.<\/p>","protected":false},"featured_media":66736,"template":"","meta":{"_eb_attr":""},"product_brand":[],"product_cat":[68,173,176],"product_tag":[],"class_list":{"0":"post-1493","1":"product","2":"type-product","3":"status-publish","4":"has-post-thumbnail","6":"product_cat-egyeb-kiegeszito-anyagok","7":"product_cat-lean-konyvesbolt","8":"product_cat-lean-konyvek-alapok","9":"infinite-scroll-item","10":"no-featured-image-padding","11":"sales-flash-overlay","12":"woocommerce-text-align-left","13":"woocommerce-image-align-left","14":"do-quantity-buttons","16":"first","17":"instock","18":"taxable","19":"shipping-taxable","20":"purchasable","21":"product-type-variable"},"yoast_head":"<!-- This site is optimized with the Yoast SEO plugin v27.4 - https:\/\/yoast.com\/product\/yoast-seo-wordpress\/ -->\n<title>Lean k\u00e1rtyacsomag - Francia k\u00e1rtya lean id\u00e9zetekkel - LEI<\/title>\n<meta name=\"description\" content=\"B\u00e1rmely, franciak\u00e1rty\u00e1val j\u00e1tszhat\u00f3 k\u00e1rtyaj\u00e1t\u00e9khoz alkalmas.A k\u00e1rty\u00e1kon megjelen\u0151 lean id\u00e9zetek, \u00e1br\u00e1k a tan\u00edt\u00e1s, motiv\u00e1ci\u00f3 hasznos eszk\u00f6zei.\" \/>\n<meta name=\"robots\" content=\"index, follow, max-snippet:-1, max-image-preview:large, max-video-preview:-1\" \/>\n<link rel=\"canonical\" href=\"https:\/\/lean.org.hu\/en\/lean-konyvesbolt\/lean-kartyacsomag\/\" \/>\n<meta property=\"og:locale\" content=\"en_GB\" \/>\n<meta property=\"og:type\" content=\"article\" \/>\n<meta property=\"og:title\" content=\"Lean Transzform\u00e1ci\u00f3s Keretrendszer fel\u00edr\u00f3t\u00e1bla\" \/>\n<meta property=\"og:description\" content=\"Terjedelem: A4-es m\u00e9ret\u0171 fel\u00edr\u00f3t\u00e1bla A fel\u00edr\u00f3t\u00e1bla \u00f6sszefoglalja a Lean Transzform\u00e1ci\u00f3s Keretrendszer \u00f6t dimenzi\u00f3j\u00e1t.\" \/>\n<meta property=\"og:url\" content=\"https:\/\/lean.org.hu\/en\/lean-konyvesbolt\/lean-kartyacsomag\/\" \/>\n<meta property=\"og:site_name\" content=\"LEI\" \/>\n<meta property=\"article:publisher\" content=\"https:\/\/www.facebook.com\/LEI.Hungary\" \/>\n<meta property=\"article:modified_time\" content=\"2026-02-12T13:29:11+00:00\" \/>\n<meta property=\"og:image\" content=\"https:\/\/lean.org.hu\/wp-content\/uploads\/2020\/09\/79.jpg\" \/>\n\t<meta property=\"og:image:width\" content=\"425\" \/>\n\t<meta property=\"og:image:height\" content=\"600\" \/>\n\t<meta property=\"og:image:type\" content=\"image\/jpeg\" \/>\n<meta name=\"twitter:card\" content=\"summary_large_image\" \/>\n<meta name=\"twitter:label1\" content=\"Estimated reading time\" \/>\n\t<meta name=\"twitter:data1\" content=\"1 minute\" \/>\n<script type=\"application\/ld+json\" class=\"yoast-schema-graph\">{\"@context\":\"https:\\\/\\\/schema.org\",\"@graph\":[{\"@type\":\"WebPage\",\"@id\":\"https:\\\/\\\/lean.org.hu\\\/lean-konyvesbolt\\\/lean-kartyacsomag\\\/\",\"url\":\"https:\\\/\\\/lean.org.hu\\\/lean-konyvesbolt\\\/lean-kartyacsomag\\\/\",\"name\":\"Lean k\u00e1rtyacsomag - Francia k\u00e1rtya lean id\u00e9zetekkel - LEI\",\"isPartOf\":{\"@id\":\"https:\\\/\\\/lean.org.hu\\\/#website\"},\"primaryImageOfPage\":{\"@id\":\"https:\\\/\\\/lean.org.hu\\\/lean-konyvesbolt\\\/lean-kartyacsomag\\\/#primaryimage\"},\"image\":{\"@id\":\"https:\\\/\\\/lean.org.hu\\\/lean-konyvesbolt\\\/lean-kartyacsomag\\\/#primaryimage\"},\"thumbnailUrl\":\"https:\\\/\\\/lean.org.hu\\\/wp-content\\\/uploads\\\/2020\\\/09\\\/79.jpg\",\"datePublished\":\"2020-05-21T09:08:50+00:00\",\"dateModified\":\"2026-02-12T13:29:11+00:00\",\"description\":\"B\u00e1rmely, franciak\u00e1rty\u00e1val j\u00e1tszhat\u00f3 k\u00e1rtyaj\u00e1t\u00e9khoz alkalmas.A k\u00e1rty\u00e1kon megjelen\u0151 lean id\u00e9zetek, \u00e1br\u00e1k a tan\u00edt\u00e1s, motiv\u00e1ci\u00f3 hasznos eszk\u00f6zei.\",\"breadcrumb\":{\"@id\":\"https:\\\/\\\/lean.org.hu\\\/lean-konyvesbolt\\\/lean-kartyacsomag\\\/#breadcrumb\"},\"inLanguage\":\"en-GB\",\"potentialAction\":[{\"@type\":\"ReadAction\",\"target\":[\"https:\\\/\\\/lean.org.hu\\\/lean-konyvesbolt\\\/lean-kartyacsomag\\\/\"]}]},{\"@type\":\"ImageObject\",\"inLanguage\":\"en-GB\",\"@id\":\"https:\\\/\\\/lean.org.hu\\\/lean-konyvesbolt\\\/lean-kartyacsomag\\\/#primaryimage\",\"url\":\"https:\\\/\\\/lean.org.hu\\\/wp-content\\\/uploads\\\/2020\\\/09\\\/79.jpg\",\"contentUrl\":\"https:\\\/\\\/lean.org.hu\\\/wp-content\\\/uploads\\\/2020\\\/09\\\/79.jpg\",\"width\":425,\"height\":600,\"caption\":\"Lean k\u00e1rtyacsomag\"},{\"@type\":\"BreadcrumbList\",\"@id\":\"https:\\\/\\\/lean.org.hu\\\/lean-konyvesbolt\\\/lean-kartyacsomag\\\/#breadcrumb\",\"itemListElement\":[{\"@type\":\"ListItem\",\"position\":1,\"name\":\"Kezd\u0151lap\",\"item\":\"https:\\\/\\\/lean.org.hu\\\/\"},{\"@type\":\"ListItem\",\"position\":2,\"name\":\"Web\u00e1ruh\u00e1z oldal\",\"item\":\"http:\\\/\\\/lean.org.hu\\\/en\\\/webaruhaz-aloldal\\\/\"},{\"@type\":\"ListItem\",\"position\":3,\"name\":\"Lean k\u00e1rtyacsomag\"}]},{\"@type\":\"WebSite\",\"@id\":\"https:\\\/\\\/lean.org.hu\\\/#website\",\"url\":\"https:\\\/\\\/lean.org.hu\\\/\",\"name\":\"LEI\",\"description\":\"\",\"publisher\":{\"@id\":\"https:\\\/\\\/lean.org.hu\\\/#organization\"},\"potentialAction\":[{\"@type\":\"SearchAction\",\"target\":{\"@type\":\"EntryPoint\",\"urlTemplate\":\"https:\\\/\\\/lean.org.hu\\\/?s={search_term_string}\"},\"query-input\":{\"@type\":\"PropertyValueSpecification\",\"valueRequired\":true,\"valueName\":\"search_term_string\"}}],\"inLanguage\":\"en-GB\"},{\"@type\":\"Organization\",\"@id\":\"https:\\\/\\\/lean.org.hu\\\/#organization\",\"name\":\"LEI\",\"url\":\"https:\\\/\\\/lean.org.hu\\\/\",\"logo\":{\"@type\":\"ImageObject\",\"inLanguage\":\"en-GB\",\"@id\":\"https:\\\/\\\/lean.org.hu\\\/#\\\/schema\\\/logo\\\/image\\\/\",\"url\":\"https:\\\/\\\/lean.org.hu\\\/wp-content\\\/uploads\\\/2020\\\/07\\\/cropped-lean_logo_final_color_horizontal.png\",\"contentUrl\":\"https:\\\/\\\/lean.org.hu\\\/wp-content\\\/uploads\\\/2020\\\/07\\\/cropped-lean_logo_final_color_horizontal.png\",\"width\":779,\"height\":288,\"caption\":\"LEI\"},\"image\":{\"@id\":\"https:\\\/\\\/lean.org.hu\\\/#\\\/schema\\\/logo\\\/image\\\/\"},\"sameAs\":[\"https:\\\/\\\/www.facebook.com\\\/LEI.Hungary\",\"https:\\\/\\\/www.linkedin.com\\\/company\\\/lean-enterprise-institute-hungary\"]}]}<\/script>\n<!-- \/ Yoast SEO plugin. -->","yoast_head_json":{"title":"Lean k\u00e1rtyacsomag - Francia k\u00e1rtya lean id\u00e9zetekkel - LEI","description":"B\u00e1rmely, franciak\u00e1rty\u00e1val j\u00e1tszhat\u00f3 k\u00e1rtyaj\u00e1t\u00e9khoz alkalmas.A k\u00e1rty\u00e1kon megjelen\u0151 lean id\u00e9zetek, \u00e1br\u00e1k a tan\u00edt\u00e1s, motiv\u00e1ci\u00f3 hasznos eszk\u00f6zei.","robots":{"index":"index","follow":"follow","max-snippet":"max-snippet:-1","max-image-preview":"max-image-preview:large","max-video-preview":"max-video-preview:-1"},"canonical":"https:\/\/lean.org.hu\/en\/lean-konyvesbolt\/lean-kartyacsomag\/","og_locale":"en_GB","og_type":"article","og_title":"Lean Transzform\u00e1ci\u00f3s Keretrendszer fel\u00edr\u00f3t\u00e1bla","og_description":"Terjedelem: A4-es m\u00e9ret\u0171 fel\u00edr\u00f3t\u00e1bla A fel\u00edr\u00f3t\u00e1bla \u00f6sszefoglalja a Lean Transzform\u00e1ci\u00f3s Keretrendszer \u00f6t dimenzi\u00f3j\u00e1t.","og_url":"https:\/\/lean.org.hu\/en\/lean-konyvesbolt\/lean-kartyacsomag\/","og_site_name":"LEI","article_publisher":"https:\/\/www.facebook.com\/LEI.Hungary","article_modified_time":"2026-02-12T13:29:11+00:00","og_image":[{"width":425,"height":600,"url":"https:\/\/lean.org.hu\/wp-content\/uploads\/2020\/09\/79.jpg","type":"image\/jpeg"}],"twitter_card":"summary_large_image","twitter_misc":{"Estimated reading time":"1 minute"},"schema":{"@context":"https:\/\/schema.org","@graph":[{"@type":"WebPage","@id":"https:\/\/lean.org.hu\/lean-konyvesbolt\/lean-kartyacsomag\/","url":"https:\/\/lean.org.hu\/lean-konyvesbolt\/lean-kartyacsomag\/","name":"Lean k\u00e1rtyacsomag - Francia k\u00e1rtya lean id\u00e9zetekkel - LEI","isPartOf":{"@id":"https:\/\/lean.org.hu\/#website"},"primaryImageOfPage":{"@id":"https:\/\/lean.org.hu\/lean-konyvesbolt\/lean-kartyacsomag\/#primaryimage"},"image":{"@id":"https:\/\/lean.org.hu\/lean-konyvesbolt\/lean-kartyacsomag\/#primaryimage"},"thumbnailUrl":"https:\/\/lean.org.hu\/wp-content\/uploads\/2020\/09\/79.jpg","datePublished":"2020-05-21T09:08:50+00:00","dateModified":"2026-02-12T13:29:11+00:00","description":"B\u00e1rmely, franciak\u00e1rty\u00e1val j\u00e1tszhat\u00f3 k\u00e1rtyaj\u00e1t\u00e9khoz alkalmas.A k\u00e1rty\u00e1kon megjelen\u0151 lean id\u00e9zetek, \u00e1br\u00e1k a tan\u00edt\u00e1s, motiv\u00e1ci\u00f3 hasznos eszk\u00f6zei.","breadcrumb":{"@id":"https:\/\/lean.org.hu\/lean-konyvesbolt\/lean-kartyacsomag\/#breadcrumb"},"inLanguage":"en-GB","potentialAction":[{"@type":"ReadAction","target":["https:\/\/lean.org.hu\/lean-konyvesbolt\/lean-kartyacsomag\/"]}]},{"@type":"ImageObject","inLanguage":"en-GB","@id":"https:\/\/lean.org.hu\/lean-konyvesbolt\/lean-kartyacsomag\/#primaryimage","url":"https:\/\/lean.org.hu\/wp-content\/uploads\/2020\/09\/79.jpg","contentUrl":"https:\/\/lean.org.hu\/wp-content\/uploads\/2020\/09\/79.jpg","width":425,"height":600,"caption":"Lean k\u00e1rtyacsomag"},{"@type":"BreadcrumbList","@id":"https:\/\/lean.org.hu\/lean-konyvesbolt\/lean-kartyacsomag\/#breadcrumb","itemListElement":[{"@type":"ListItem","position":1,"name":"Kezd\u0151lap","item":"https:\/\/lean.org.hu\/"},{"@type":"ListItem","position":2,"name":"Web\u00e1ruh\u00e1z oldal","item":"http:\/\/lean.org.hu\/en\/webaruhaz-aloldal\/"},{"@type":"ListItem","position":3,"name":"Lean k\u00e1rtyacsomag"}]},{"@type":"WebSite","@id":"https:\/\/lean.org.hu\/#website","url":"https:\/\/lean.org.hu\/","name":"LEI","description":"","publisher":{"@id":"https:\/\/lean.org.hu\/#organization"},"potentialAction":[{"@type":"SearchAction","target":{"@type":"EntryPoint","urlTemplate":"https:\/\/lean.org.hu\/?s={search_term_string}"},"query-input":{"@type":"PropertyValueSpecification","valueRequired":true,"valueName":"search_term_string"}}],"inLanguage":"en-GB"},{"@type":"Organization","@id":"https:\/\/lean.org.hu\/#organization","name":"LEI","url":"https:\/\/lean.org.hu\/","logo":{"@type":"ImageObject","inLanguage":"en-GB","@id":"https:\/\/lean.org.hu\/#\/schema\/logo\/image\/","url":"https:\/\/lean.org.hu\/wp-content\/uploads\/2020\/07\/cropped-lean_logo_final_color_horizontal.png","contentUrl":"https:\/\/lean.org.hu\/wp-content\/uploads\/2020\/07\/cropped-lean_logo_final_color_horizontal.png","width":779,"height":288,"caption":"LEI"},"image":{"@id":"https:\/\/lean.org.hu\/#\/schema\/logo\/image\/"},"sameAs":["https:\/\/www.facebook.com\/LEI.Hungary","https:\/\/www.linkedin.com\/company\/lean-enterprise-institute-hungary"]}]}},"_links":{"self":[{"href":"https:\/\/lean.org.hu\/en\/wp-json\/wp\/v2\/product\/1493","targetHints":{"allow":["GET"]}}],"collection":[{"href":"https:\/\/lean.org.hu\/en\/wp-json\/wp\/v2\/product"}],"about":[{"href":"https:\/\/lean.org.hu\/en\/wp-json\/wp\/v2\/types\/product"}],"wp:featuredmedia":[{"embeddable":true,"href":"https:\/\/lean.org.hu\/en\/wp-json\/wp\/v2\/media\/66736"}],"wp:attachment":[{"href":"https:\/\/lean.org.hu\/en\/wp-json\/wp\/v2\/media?parent=1493"}],"wp:term":[{"taxonomy":"product_brand","embeddable":true,"href":"https:\/\/lean.org.hu\/en\/wp-json\/wp\/v2\/product_brand?post=1493"},{"taxonomy":"product_cat","embeddable":true,"href":"https:\/\/lean.org.hu\/en\/wp-json\/wp\/v2\/product_cat?post=1493"},{"taxonomy":"product_tag","embeddable":true,"href":"https:\/\/lean.org.hu\/en\/wp-json\/wp\/v2\/product_tag?post=1493"}],"curies":[{"name":"wp","href":"https:\/\/api.w.org\/{rel}","templated":true}]}}