{"id":149278,"date":"2025-06-25T15:18:24","date_gmt":"2025-06-25T13:18:24","guid":{"rendered":"https:\/\/lean.org.hu\/?post_type=product&#038;p=149278"},"modified":"2026-02-12T12:51:47","modified_gmt":"2026-02-12T11:51:47","slug":"az-innovativ-gen","status":"publish","type":"product","link":"https:\/\/lean.org.hu\/en\/lean-konyvesbolt\/az-innovativ-gen\/","title":{"rendered":"Az innovat\u00edv g\u00e9n"},"content":{"rendered":"<div>\n<div class=\"elementor-element elementor-element-f0c1ee7 elementor-widget elementor-widget-heading\" data-id=\"f0c1ee7\" data-element_type=\"widget\" data-widget_type=\"heading.default\">\n<div class=\"elementor-widget-container\">\n<h2 class=\"elementor-heading-title elementor-size-default\"><strong>Az innovat\u00edv g\u00e9n<\/strong><\/h2>\n<\/div>\n<\/div>\n<p class=\"h2 mb-2\">Mi k\u00fcl\u00f6nb\u00f6zteti meg az innovat\u00edv vezet\u0151ket \u00e9s v\u00e1llalkoz\u00f3kat az \u00e1tlagos menedzserekt\u0151l? Hogyan jutsz el az \u00f6tlett\u0151l a val\u00f3di hat\u00e1sig? A vil\u00e1g legjobb innov\u00e1torait vizsg\u00e1lva (az Amazon \u00e9s az Apple vezet\u0151it\u0151l kezdve a Google, a Tesla \u00e9s a Salesforce vezet\u0151in \u00e1t) a szerz\u0151k \u00f6t innov\u00e1ci\u00f3s k\u00e9szs\u00e9get mutatnak be, amelyeket azonnal be\u00e9p\u00edthetsz a saj\u00e1t m\u0171k\u00f6d\u00e9sedbe.<\/p>\n<p>Jeff Dyer, Hal Gregersen, Clayton M. Christensen<\/p>\n<div class=\"elementor-element elementor-element-acc27f8 elementor-widget elementor-widget-heading\" data-id=\"acc27f8\" data-element_type=\"widget\" data-widget_type=\"heading.default\">\n<div class=\"elementor-widget-container\">\n<div class=\"elementor-element elementor-element-d2885b6 elementor-widget elementor-widget-text-editor\" data-id=\"d2885b6\" data-element_type=\"widget\" data-widget_type=\"text-editor.default\">\n<div class=\"elementor-widget-container\">Az innov\u00e1ci\u00f3 tanulhat\u00f3. Ez a k\u00f6nyv 5 l\u00e9p\u00e9sben megmutatja, hogyan.<\/div>\n<\/div>\n<div class=\"elementor-element elementor-element-2b0bc6c elementor-widget elementor-widget-heading\" data-id=\"2b0bc6c\" data-element_type=\"widget\" data-widget_type=\"heading.default\">\n<div class=\"elementor-widget-container\">\n<p class=\"elementor-heading-title elementor-size-default\"><strong>Az innovat\u00edv g\u00e9n: a felforgat\u00f3 innov\u00e1ci\u00f3 k\u00e9zik\u00f6nyve\u00a0megmutatja azt az 5 felfedez\u0151 k\u00e9szs\u00e9get, amelyek innovat\u00edv vezet\u0151v\u00e9 tesznek (akkor is, ha nem vagy \u201ekreat\u00edv\u201d vagy \u201efeltal\u00e1l\u00f3\u201d alkat)<\/strong><\/p>\n<\/div>\n<\/div>\n<div class=\"elementor-element elementor-element-4633ccd elementor-widget elementor-widget-heading\" data-id=\"4633ccd\" data-element_type=\"widget\" data-widget_type=\"heading.default\">\n<div class=\"elementor-widget-container\">\n<p class=\"elementor-heading-title elementor-size-default\"><strong>\u201eAz innov\u00e1ci\u00f3 minden vezet\u0151 feladata\u201d<\/strong><\/p>\n<\/div>\n<\/div>\n<div class=\"elementor-element elementor-element-b25288c elementor-widget elementor-widget-text-editor\" data-id=\"b25288c\" data-element_type=\"widget\" data-widget_type=\"text-editor.default\">\n<div class=\"elementor-widget-container\">\n<p>Az innov\u00e1ci\u00f3 minden menedzser, minden vezet\u0151 feladata. Ha szellemi, kreat\u00edv munk\u00e1t v\u00e9gzel, akkor napr\u00f3l napra r\u00e1 kell j\u00f6nn\u00f6d, hogyan tudn\u00e1d jobban, gyorsabban, hat\u00e9konyabban, eredm\u00e9nyesebben, vagy radik\u00e1lisan m\u00e1shogyan csin\u00e1lni, mint eddig. Persze, ezt te is tudod: azt viszont m\u00e1r aligha mondt\u00e1k el nek\u00fcnk, hogy ezt hogyan csin\u00e1ljuk j\u00f3l.<\/p>\n<div class=\"elementor-element elementor-element-2e7afdb elementor-widget elementor-widget-heading\" data-id=\"2e7afdb\" data-element_type=\"widget\" data-widget_type=\"heading.default\">\n<div class=\"elementor-widget-container\">\n<p class=\"elementor-heading-title elementor-size-default\"><strong>Benned is ott van az innovat\u00edv g\u00e9n<\/strong><\/p>\n<\/div>\n<\/div>\n<div class=\"elementor-element elementor-element-b268faf elementor-widget elementor-widget-text-editor\" data-id=\"b268faf\" data-element_type=\"widget\" data-widget_type=\"text-editor.default\">\n<div class=\"elementor-widget-container\">\n<p>Valljuk be: a legt\u00f6bben azt gondolj\u00e1k (tal\u00e1n te is), hogy az innov\u00e1ci\u00f3 genetikai k\u00e9rd\u00e9s. Bizonyos emberek kreat\u00edvnak sz\u00fcletnek \u2013 m\u00e1sok pedig nem. \u201eNem vagyok \u00e9n Thomas Edison, Steve Jobs vagy Elon Musk\u201d \u2013 mondod, \u00e9s igazad van. A j\u00f3 h\u00edrem: nem kell m\u00e1s emberr\u00e9 v\u00e1lnod ahhoz, hogy innovat\u00edv vezet\u0151v\u00e9 v\u00e1lj. El\u00e9g, ha elkezded haszn\u00e1lni azokat a k\u00e9szs\u00e9geket, amelyeket \u0151k haszn\u00e1lnak.<\/p>\n<div class=\"elementor-element elementor-element-9f03402 elementor-widget elementor-widget-heading\" data-id=\"9f03402\" data-element_type=\"widget\" data-widget_type=\"heading.default\">\n<div class=\"elementor-widget-container\">\n<p class=\"elementor-heading-title elementor-size-default\"><strong>A k\u00f6nyvb\u0151l t\u00f6bbek k\u00f6z\u00f6tt megtudod<\/strong><\/p>\n<\/div>\n<\/div>\n<div class=\"elementor-element elementor-element-f210fcc elementor-icon-list--layout-traditional elementor-list-item-link-full_width elementor-widget elementor-widget-icon-list\" data-id=\"f210fcc\" data-element_type=\"widget\" data-widget_type=\"icon-list.default\">\n<div class=\"elementor-widget-container\">\n<ul class=\"elementor-icon-list-items\">\n<li class=\"elementor-icon-list-item\"><i class=\"fas fa-check-circle\" aria-hidden=\"true\"><\/i><span class=\"elementor-icon-list-text\">melyik 5 k\u00e9szs\u00e9get kezdd el alkalmazni holnapt\u00f3l a munkahelyeden \/ c\u00e9gedben, hogy n\u00e9h\u00e1ny h\u00f3nap alatt \u00faj, innovat\u00edv \u00f6tletekkel \u00e1llj el\u0151;<\/span><\/li>\n<li class=\"elementor-icon-list-item\"><i class=\"fas fa-check-circle\" aria-hidden=\"true\"><\/i><span class=\"elementor-icon-list-text\">milyen gyakorlatokkal tudsz azonnal n\u00f6velni az innov\u00e1ci\u00f3s k\u00e9pess\u00e9geden;<\/span><\/li>\n<li class=\"elementor-icon-list-item\"><i class=\"fas fa-check-circle\" aria-hidden=\"true\"><\/i><span class=\"elementor-icon-list-text\">jelenleg hol \u00e1llsz az innov\u00e1ci\u00f3s sk\u00e1l\u00e1n (pontos tesztekkel);<\/span><\/li>\n<li class=\"elementor-icon-list-item\"><i class=\"fas fa-check-circle\" aria-hidden=\"true\"><\/i><span class=\"elementor-icon-list-text\">hogyan k\u00e9rdezz t\u00f6bbet \u00e9s jobban vezet\u0151k\u00e9nt, hogy kiakn\u00e1zd a csapatodban l\u00e9v\u0151 innov\u00e1ci\u00f3s er\u0151t;<\/span><\/li>\n<li class=\"elementor-icon-list-item\"><i class=\"fas fa-check-circle\" aria-hidden=\"true\"><\/i><span class=\"elementor-icon-list-text\">mi\u00e9rt \u00e1tlag alatti innov\u00e1tor a legt\u00f6bb sikeres fels\u0151 vezet\u0151 (\u00e9s hogyan lehet ezen v\u00e1ltoztatni);<\/span><\/li>\n<li class=\"elementor-icon-list-item\"><i class=\"fas fa-check-circle\" aria-hidden=\"true\"><\/i><span class=\"elementor-icon-list-text\">hogyan vezet innov\u00e1ci\u00f3hoz a sperma a ker\u00e1miaiparban (\u00e9s hogyan tudsz te eg\u00e9szen m\u00e1s ter\u00fcletekr\u0151l megold\u00e1sokat tal\u00e1lni a saj\u00e1t kih\u00edv\u00e1saidra);<\/span><\/li>\n<li class=\"elementor-icon-list-item\"><i class=\"fas fa-check-circle\" aria-hidden=\"true\"><\/i><span class=\"elementor-icon-list-text\">\u00e9s hogyan teheted innov\u00e1torr\u00e1 a teljes szervezetedet (azaz hogyan tan\u00edtsd \u00e9s v\u00e1rd el ezeket a gyakorlatokat a csapatodt\u00f3l).<\/span><\/li>\n<\/ul>\n<\/div>\n<\/div>\n<\/div>\n<\/div>\n<p class=\"elementor-heading-title elementor-size-default\"><strong>A Harvard Business Review \u00e1ltal kiadott m\u0171 szerz\u0151i az innov\u00e1ci\u00f3 elismert kutat\u00f3i. T\u0151l\u00fck tanulsz 380 oldalon.<\/strong><\/p>\n<\/div>\n<\/div>\n<\/div>\n<\/div>\n<\/div>\n<p>ISBN: 9786158206600<\/p>\n<p>Terjedelem: 380 oldal (148 x 210 mm)<\/p>","protected":false},"excerpt":{"rendered":"<p>Mi k\u00fcl\u00f6nb\u00f6zteti meg az innovat\u00edv vezet\u0151ket \u00e9s v\u00e1llalkoz\u00f3kat az \u00e1tlagos menedzserekt\u0151l? Hogyan jutsz el az \u00f6tlett\u0151l a val\u00f3di hat\u00e1sig? A vil\u00e1g legjobb innov\u00e1torait vizsg\u00e1lva (az Amazon \u00e9s az Apple vezet\u0151it\u0151l kezdve a Google, a Tesla \u00e9s a Salesforce vezet\u0151in \u00e1t) a szerz\u0151k \u00f6t innov\u00e1ci\u00f3s k\u00e9szs\u00e9get mutatnak be, amelyeket azonnal be\u00e9p\u00edthetsz a saj\u00e1t m\u0171k\u00f6d\u00e9sedbe.<\/p>","protected":false},"featured_media":149281,"template":"","meta":{"_eb_attr":""},"product_brand":[],"product_cat":[183,173,888],"product_tag":[],"class_list":{"0":"post-149278","1":"product","2":"type-product","3":"status-publish","4":"has-post-thumbnail","6":"product_cat-lean-konyvek-kapcsolodo-irodalom","7":"product_cat-lean-konyvesbolt","8":"product_cat-onlife-konyvek","9":"infinite-scroll-item","10":"no-featured-image-padding","11":"sales-flash-overlay","12":"woocommerce-text-align-left","13":"woocommerce-image-align-left","14":"do-quantity-buttons","16":"first","17":"instock","18":"taxable","19":"shipping-taxable","20":"purchasable","21":"product-type-variable"},"yoast_head":"<!-- This site is optimized with the Yoast SEO plugin v27.4 - https:\/\/yoast.com\/product\/yoast-seo-wordpress\/ -->\n<title>Az innovat\u00edv g\u00e9n - LEI<\/title>\n<meta name=\"description\" content=\"Mi k\u00fcl\u00f6nb\u00f6zteti meg az innovat\u00edv vezet\u0151ket \u00e9s v\u00e1llalkoz\u00f3kat az \u00e1tlagos menedzserekt\u0151l? Hogyan jutsz el az \u00f6tlett\u0151l a val\u00f3di hat\u00e1sig? A vil\u00e1g legjobb innov\u00e1torait vizsg\u00e1lva (az Amazon \u00e9s az Apple vezet\u0151it\u0151l kezdve a Google, a Tesla \u00e9s a Salesforce vezet\u0151in \u00e1t) a szerz\u0151k \u00f6t innov\u00e1ci\u00f3s k\u00e9szs\u00e9get mutatnak be, amelyeket azonnal be\u00e9p\u00edthetsz a saj\u00e1t m\u0171k\u00f6d\u00e9sedbe.\" \/>\n<meta name=\"robots\" content=\"index, follow, max-snippet:-1, max-image-preview:large, max-video-preview:-1\" \/>\n<link rel=\"canonical\" href=\"https:\/\/lean.org.hu\/en\/lean-konyvesbolt\/az-innovativ-gen\/\" \/>\n<meta property=\"og:locale\" content=\"en_GB\" \/>\n<meta property=\"og:type\" content=\"article\" \/>\n<meta property=\"og:title\" content=\"Az innovat\u00edv g\u00e9n - LEI\" \/>\n<meta property=\"og:description\" content=\"Mi k\u00fcl\u00f6nb\u00f6zteti meg az innovat\u00edv vezet\u0151ket \u00e9s v\u00e1llalkoz\u00f3kat az \u00e1tlagos menedzserekt\u0151l? Hogyan jutsz el az \u00f6tlett\u0151l a val\u00f3di hat\u00e1sig? A vil\u00e1g legjobb innov\u00e1torait vizsg\u00e1lva (az Amazon \u00e9s az Apple vezet\u0151it\u0151l kezdve a Google, a Tesla \u00e9s a Salesforce vezet\u0151in \u00e1t) a szerz\u0151k \u00f6t innov\u00e1ci\u00f3s k\u00e9szs\u00e9get mutatnak be, amelyeket azonnal be\u00e9p\u00edthetsz a saj\u00e1t m\u0171k\u00f6d\u00e9sedbe.\" \/>\n<meta property=\"og:url\" content=\"https:\/\/lean.org.hu\/en\/lean-konyvesbolt\/az-innovativ-gen\/\" \/>\n<meta property=\"og:site_name\" content=\"LEI\" \/>\n<meta property=\"article:publisher\" content=\"https:\/\/www.facebook.com\/LEI.Hungary\" \/>\n<meta property=\"article:modified_time\" content=\"2026-02-12T11:51:47+00:00\" \/>\n<meta property=\"og:image\" content=\"https:\/\/lean.org.hu\/wp-content\/uploads\/2025\/06\/innovativ-gen-borit.jpg\" \/>\n\t<meta property=\"og:image:width\" content=\"450\" \/>\n\t<meta property=\"og:image:height\" content=\"450\" \/>\n\t<meta property=\"og:image:type\" content=\"image\/jpeg\" \/>\n<meta name=\"twitter:card\" content=\"summary_large_image\" \/>\n<meta name=\"twitter:label1\" content=\"Estimated reading time\" \/>\n\t<meta name=\"twitter:data1\" content=\"3 minutes\" \/>\n<script type=\"application\/ld+json\" class=\"yoast-schema-graph\">{\"@context\":\"https:\\\/\\\/schema.org\",\"@graph\":[{\"@type\":\"WebPage\",\"@id\":\"https:\\\/\\\/lean.org.hu\\\/lean-konyvesbolt\\\/az-innovativ-gen\\\/\",\"url\":\"https:\\\/\\\/lean.org.hu\\\/lean-konyvesbolt\\\/az-innovativ-gen\\\/\",\"name\":\"Az innovat\u00edv g\u00e9n - LEI\",\"isPartOf\":{\"@id\":\"https:\\\/\\\/lean.org.hu\\\/#website\"},\"primaryImageOfPage\":{\"@id\":\"https:\\\/\\\/lean.org.hu\\\/lean-konyvesbolt\\\/az-innovativ-gen\\\/#primaryimage\"},\"image\":{\"@id\":\"https:\\\/\\\/lean.org.hu\\\/lean-konyvesbolt\\\/az-innovativ-gen\\\/#primaryimage\"},\"thumbnailUrl\":\"https:\\\/\\\/lean.org.hu\\\/wp-content\\\/uploads\\\/2025\\\/06\\\/innovativ-gen-borit.jpg\",\"datePublished\":\"2025-06-25T13:18:24+00:00\",\"dateModified\":\"2026-02-12T11:51:47+00:00\",\"description\":\"Mi k\u00fcl\u00f6nb\u00f6zteti meg az innovat\u00edv vezet\u0151ket \u00e9s v\u00e1llalkoz\u00f3kat az \u00e1tlagos menedzserekt\u0151l? Hogyan jutsz el az \u00f6tlett\u0151l a val\u00f3di hat\u00e1sig? A vil\u00e1g legjobb innov\u00e1torait vizsg\u00e1lva (az Amazon \u00e9s az Apple vezet\u0151it\u0151l kezdve a Google, a Tesla \u00e9s a Salesforce vezet\u0151in \u00e1t) a szerz\u0151k \u00f6t innov\u00e1ci\u00f3s k\u00e9szs\u00e9get mutatnak be, amelyeket azonnal be\u00e9p\u00edthetsz a saj\u00e1t m\u0171k\u00f6d\u00e9sedbe.\",\"breadcrumb\":{\"@id\":\"https:\\\/\\\/lean.org.hu\\\/lean-konyvesbolt\\\/az-innovativ-gen\\\/#breadcrumb\"},\"inLanguage\":\"en-GB\",\"potentialAction\":[{\"@type\":\"ReadAction\",\"target\":[\"https:\\\/\\\/lean.org.hu\\\/lean-konyvesbolt\\\/az-innovativ-gen\\\/\"]}]},{\"@type\":\"ImageObject\",\"inLanguage\":\"en-GB\",\"@id\":\"https:\\\/\\\/lean.org.hu\\\/lean-konyvesbolt\\\/az-innovativ-gen\\\/#primaryimage\",\"url\":\"https:\\\/\\\/lean.org.hu\\\/wp-content\\\/uploads\\\/2025\\\/06\\\/innovativ-gen-borit.jpg\",\"contentUrl\":\"https:\\\/\\\/lean.org.hu\\\/wp-content\\\/uploads\\\/2025\\\/06\\\/innovativ-gen-borit.jpg\",\"width\":450,\"height\":450},{\"@type\":\"BreadcrumbList\",\"@id\":\"https:\\\/\\\/lean.org.hu\\\/lean-konyvesbolt\\\/az-innovativ-gen\\\/#breadcrumb\",\"itemListElement\":[{\"@type\":\"ListItem\",\"position\":1,\"name\":\"Kezd\u0151lap\",\"item\":\"https:\\\/\\\/lean.org.hu\\\/\"},{\"@type\":\"ListItem\",\"position\":2,\"name\":\"Web\u00e1ruh\u00e1z oldal\",\"item\":\"http:\\\/\\\/lean.org.hu\\\/en\\\/webaruhaz-aloldal\\\/\"},{\"@type\":\"ListItem\",\"position\":3,\"name\":\"Az innovat\u00edv g\u00e9n\"}]},{\"@type\":\"WebSite\",\"@id\":\"https:\\\/\\\/lean.org.hu\\\/#website\",\"url\":\"https:\\\/\\\/lean.org.hu\\\/\",\"name\":\"LEI\",\"description\":\"\",\"publisher\":{\"@id\":\"https:\\\/\\\/lean.org.hu\\\/#organization\"},\"potentialAction\":[{\"@type\":\"SearchAction\",\"target\":{\"@type\":\"EntryPoint\",\"urlTemplate\":\"https:\\\/\\\/lean.org.hu\\\/?s={search_term_string}\"},\"query-input\":{\"@type\":\"PropertyValueSpecification\",\"valueRequired\":true,\"valueName\":\"search_term_string\"}}],\"inLanguage\":\"en-GB\"},{\"@type\":\"Organization\",\"@id\":\"https:\\\/\\\/lean.org.hu\\\/#organization\",\"name\":\"LEI\",\"url\":\"https:\\\/\\\/lean.org.hu\\\/\",\"logo\":{\"@type\":\"ImageObject\",\"inLanguage\":\"en-GB\",\"@id\":\"https:\\\/\\\/lean.org.hu\\\/#\\\/schema\\\/logo\\\/image\\\/\",\"url\":\"https:\\\/\\\/lean.org.hu\\\/wp-content\\\/uploads\\\/2020\\\/07\\\/cropped-lean_logo_final_color_horizontal.png\",\"contentUrl\":\"https:\\\/\\\/lean.org.hu\\\/wp-content\\\/uploads\\\/2020\\\/07\\\/cropped-lean_logo_final_color_horizontal.png\",\"width\":779,\"height\":288,\"caption\":\"LEI\"},\"image\":{\"@id\":\"https:\\\/\\\/lean.org.hu\\\/#\\\/schema\\\/logo\\\/image\\\/\"},\"sameAs\":[\"https:\\\/\\\/www.facebook.com\\\/LEI.Hungary\",\"https:\\\/\\\/www.linkedin.com\\\/company\\\/lean-enterprise-institute-hungary\"]}]}<\/script>\n<!-- \/ Yoast SEO plugin. -->","yoast_head_json":{"title":"Az innovat\u00edv g\u00e9n - LEI","description":"Mi k\u00fcl\u00f6nb\u00f6zteti meg az innovat\u00edv vezet\u0151ket \u00e9s v\u00e1llalkoz\u00f3kat az \u00e1tlagos menedzserekt\u0151l? Hogyan jutsz el az \u00f6tlett\u0151l a val\u00f3di hat\u00e1sig? A vil\u00e1g legjobb innov\u00e1torait vizsg\u00e1lva (az Amazon \u00e9s az Apple vezet\u0151it\u0151l kezdve a Google, a Tesla \u00e9s a Salesforce vezet\u0151in \u00e1t) a szerz\u0151k \u00f6t innov\u00e1ci\u00f3s k\u00e9szs\u00e9get mutatnak be, amelyeket azonnal be\u00e9p\u00edthetsz a saj\u00e1t m\u0171k\u00f6d\u00e9sedbe.","robots":{"index":"index","follow":"follow","max-snippet":"max-snippet:-1","max-image-preview":"max-image-preview:large","max-video-preview":"max-video-preview:-1"},"canonical":"https:\/\/lean.org.hu\/en\/lean-konyvesbolt\/az-innovativ-gen\/","og_locale":"en_GB","og_type":"article","og_title":"Az innovat\u00edv g\u00e9n - LEI","og_description":"Mi k\u00fcl\u00f6nb\u00f6zteti meg az innovat\u00edv vezet\u0151ket \u00e9s v\u00e1llalkoz\u00f3kat az \u00e1tlagos menedzserekt\u0151l? Hogyan jutsz el az \u00f6tlett\u0151l a val\u00f3di hat\u00e1sig? A vil\u00e1g legjobb innov\u00e1torait vizsg\u00e1lva (az Amazon \u00e9s az Apple vezet\u0151it\u0151l kezdve a Google, a Tesla \u00e9s a Salesforce vezet\u0151in \u00e1t) a szerz\u0151k \u00f6t innov\u00e1ci\u00f3s k\u00e9szs\u00e9get mutatnak be, amelyeket azonnal be\u00e9p\u00edthetsz a saj\u00e1t m\u0171k\u00f6d\u00e9sedbe.","og_url":"https:\/\/lean.org.hu\/en\/lean-konyvesbolt\/az-innovativ-gen\/","og_site_name":"LEI","article_publisher":"https:\/\/www.facebook.com\/LEI.Hungary","article_modified_time":"2026-02-12T11:51:47+00:00","og_image":[{"width":450,"height":450,"url":"https:\/\/lean.org.hu\/wp-content\/uploads\/2025\/06\/innovativ-gen-borit.jpg","type":"image\/jpeg"}],"twitter_card":"summary_large_image","twitter_misc":{"Estimated reading time":"3 minutes"},"schema":{"@context":"https:\/\/schema.org","@graph":[{"@type":"WebPage","@id":"https:\/\/lean.org.hu\/lean-konyvesbolt\/az-innovativ-gen\/","url":"https:\/\/lean.org.hu\/lean-konyvesbolt\/az-innovativ-gen\/","name":"Az innovat\u00edv g\u00e9n - LEI","isPartOf":{"@id":"https:\/\/lean.org.hu\/#website"},"primaryImageOfPage":{"@id":"https:\/\/lean.org.hu\/lean-konyvesbolt\/az-innovativ-gen\/#primaryimage"},"image":{"@id":"https:\/\/lean.org.hu\/lean-konyvesbolt\/az-innovativ-gen\/#primaryimage"},"thumbnailUrl":"https:\/\/lean.org.hu\/wp-content\/uploads\/2025\/06\/innovativ-gen-borit.jpg","datePublished":"2025-06-25T13:18:24+00:00","dateModified":"2026-02-12T11:51:47+00:00","description":"Mi k\u00fcl\u00f6nb\u00f6zteti meg az innovat\u00edv vezet\u0151ket \u00e9s v\u00e1llalkoz\u00f3kat az \u00e1tlagos menedzserekt\u0151l? Hogyan jutsz el az \u00f6tlett\u0151l a val\u00f3di hat\u00e1sig? A vil\u00e1g legjobb innov\u00e1torait vizsg\u00e1lva (az Amazon \u00e9s az Apple vezet\u0151it\u0151l kezdve a Google, a Tesla \u00e9s a Salesforce vezet\u0151in \u00e1t) a szerz\u0151k \u00f6t innov\u00e1ci\u00f3s k\u00e9szs\u00e9get mutatnak be, amelyeket azonnal be\u00e9p\u00edthetsz a saj\u00e1t m\u0171k\u00f6d\u00e9sedbe.","breadcrumb":{"@id":"https:\/\/lean.org.hu\/lean-konyvesbolt\/az-innovativ-gen\/#breadcrumb"},"inLanguage":"en-GB","potentialAction":[{"@type":"ReadAction","target":["https:\/\/lean.org.hu\/lean-konyvesbolt\/az-innovativ-gen\/"]}]},{"@type":"ImageObject","inLanguage":"en-GB","@id":"https:\/\/lean.org.hu\/lean-konyvesbolt\/az-innovativ-gen\/#primaryimage","url":"https:\/\/lean.org.hu\/wp-content\/uploads\/2025\/06\/innovativ-gen-borit.jpg","contentUrl":"https:\/\/lean.org.hu\/wp-content\/uploads\/2025\/06\/innovativ-gen-borit.jpg","width":450,"height":450},{"@type":"BreadcrumbList","@id":"https:\/\/lean.org.hu\/lean-konyvesbolt\/az-innovativ-gen\/#breadcrumb","itemListElement":[{"@type":"ListItem","position":1,"name":"Kezd\u0151lap","item":"https:\/\/lean.org.hu\/"},{"@type":"ListItem","position":2,"name":"Web\u00e1ruh\u00e1z oldal","item":"http:\/\/lean.org.hu\/en\/webaruhaz-aloldal\/"},{"@type":"ListItem","position":3,"name":"Az innovat\u00edv g\u00e9n"}]},{"@type":"WebSite","@id":"https:\/\/lean.org.hu\/#website","url":"https:\/\/lean.org.hu\/","name":"LEI","description":"","publisher":{"@id":"https:\/\/lean.org.hu\/#organization"},"potentialAction":[{"@type":"SearchAction","target":{"@type":"EntryPoint","urlTemplate":"https:\/\/lean.org.hu\/?s={search_term_string}"},"query-input":{"@type":"PropertyValueSpecification","valueRequired":true,"valueName":"search_term_string"}}],"inLanguage":"en-GB"},{"@type":"Organization","@id":"https:\/\/lean.org.hu\/#organization","name":"LEI","url":"https:\/\/lean.org.hu\/","logo":{"@type":"ImageObject","inLanguage":"en-GB","@id":"https:\/\/lean.org.hu\/#\/schema\/logo\/image\/","url":"https:\/\/lean.org.hu\/wp-content\/uploads\/2020\/07\/cropped-lean_logo_final_color_horizontal.png","contentUrl":"https:\/\/lean.org.hu\/wp-content\/uploads\/2020\/07\/cropped-lean_logo_final_color_horizontal.png","width":779,"height":288,"caption":"LEI"},"image":{"@id":"https:\/\/lean.org.hu\/#\/schema\/logo\/image\/"},"sameAs":["https:\/\/www.facebook.com\/LEI.Hungary","https:\/\/www.linkedin.com\/company\/lean-enterprise-institute-hungary"]}]}},"_links":{"self":[{"href":"https:\/\/lean.org.hu\/en\/wp-json\/wp\/v2\/product\/149278","targetHints":{"allow":["GET"]}}],"collection":[{"href":"https:\/\/lean.org.hu\/en\/wp-json\/wp\/v2\/product"}],"about":[{"href":"https:\/\/lean.org.hu\/en\/wp-json\/wp\/v2\/types\/product"}],"wp:featuredmedia":[{"embeddable":true,"href":"https:\/\/lean.org.hu\/en\/wp-json\/wp\/v2\/media\/149281"}],"wp:attachment":[{"href":"https:\/\/lean.org.hu\/en\/wp-json\/wp\/v2\/media?parent=149278"}],"wp:term":[{"taxonomy":"product_brand","embeddable":true,"href":"https:\/\/lean.org.hu\/en\/wp-json\/wp\/v2\/product_brand?post=149278"},{"taxonomy":"product_cat","embeddable":true,"href":"https:\/\/lean.org.hu\/en\/wp-json\/wp\/v2\/product_cat?post=149278"},{"taxonomy":"product_tag","embeddable":true,"href":"https:\/\/lean.org.hu\/en\/wp-json\/wp\/v2\/product_tag?post=149278"}],"curies":[{"name":"wp","href":"https:\/\/api.w.org\/{rel}","templated":true}]}}