{"id":149168,"date":"2025-05-28T09:30:51","date_gmt":"2025-05-28T07:30:51","guid":{"rendered":"https:\/\/lean.org.hu\/?post_type=product&#038;p=149168"},"modified":"2025-09-12T13:43:09","modified_gmt":"2025-09-12T11:43:09","slug":"emberszemlelet-az-eletigenlo-cegvezeto","status":"publish","type":"product","link":"https:\/\/lean.org.hu\/en\/lean-konyvesbolt\/emberszemlelet-az-eletigenlo-cegvezeto\/","title":{"rendered":"Emberszeml\u00e9let &#8211; Az \u00e9letigenl\u0151 c\u00e9gvezet\u0151 (dedik\u00e1lt p\u00e9ld\u00e1ny)"},"content":{"rendered":"<p><strong>Emberszeml\u00e9let &#8211; Az \u00e9letigenl\u0151 c\u00e9gvezet\u0151<\/strong><\/p>\n<p>A k\u00f6nyv bev\u00e9tel\u00e9nek egy r\u00e9sz\u00e9t a szerz\u0151\u00a0<strong>j\u00f3t\u00e9kony c\u00e9lokra ford\u00edtja.<\/strong><\/p>\n<p><b>Ez a k\u00f6nyv nem tartozik a hagyom\u00e1nyos memo\u00e1rok k\u00f6z\u00e9, m\u0171faja nem sorolhat\u00f3 egyetlen kateg\u00f3ri\u00e1ba: \u00e9letrajzba b\u00fajtatott v\u00e1llalati-impresszionista tank\u00f6nyv, egyszersmind humanista filoz\u00f3fi\u00e1ba \u00f6lt\u00f6ztetett k\u00e9zik\u00f6nyv fenntarthat\u00f3s\u00e1gr\u00f3l, c\u00e9gvezet\u00e9sr\u0151l, a h\u00e9tk\u00f6znapok vid\u00e1ms\u00e1g\u00e1r\u00f3l \u00e9s a neh\u00e9z \u00e9lethelyzetek t\u00fal\u00e9l\u00e9s\u00e9r\u0151l.<\/b><\/p>\n<p>Kinek sz\u00f3l? Tapasztalt \u00e9s kezd\u0151 c\u00e9gvezet\u0151knek; mag\u00e1nyos farkasoknak \u00e9s falkatagoknak; pszichol\u00f3gusoknak \u00e9s coachoknak; betegs\u00e9ggel \u00e9l\u0151knek \u00e9s gy\u00f3gyul\u00f3knak, valamint mindenkinek, aki \u00e9rdekl\u0151dik az emberi term\u00e9szet sz\u00e9ps\u00e9ge \u00e9s v\u00e1ltozatoss\u00e1ga ir\u00e1nt.<\/p>\n<p><em>\u201eAz \u00e9letszeretet 21. sz\u00e1zadi himnusza; az elfogad\u00e1s \u00e9s odafigyel\u00e9s nagyk\u00f6nyve, amelyb\u0151l gener\u00e1ci\u00f3kt\u00f3l \u00e9s koroszt\u00e1lyt\u00f3l f\u00fcggetlen\u00fcl mindenki csak tanulhat \u2013 a sz\u00f3 legszebb \u00e9rtelm\u00e9ben. Fantasztikus olvasm\u00e1ny.\u201d<\/em><br \/>\nSteigervald Kriszti\u00e1n<br \/>\ngener\u00e1ci\u00f3kutat\u00f3<\/p>\n<p><em>\u201eGazsi Zolt\u00e1n els\u0151 k\u00f6nyve megb\u00edzhat\u00f3 \u00fatit\u00e1rsa mindazoknak, akiknek eddig nem volt mersz\u00fck k\u00f6zel\u00edteni igazi v\u00e1gyaik \u00e9s \u00e9letc\u00e9ljuk fel\u00e9. \u00cdr\u00e1sa szem\u00e9lyes t\u00f6rt\u00e9nelem, vezet\u0151i kr\u00e9d\u00f3 \u00e9s kordokumentum egyben, amit kend\u0151zetlen \u0151szintes\u00e9ggel oszt meg az olvas\u00f3ival. Hiteless\u00e9g\u00e9nek titka, hogy a l\u00e9lektipr\u00f3 megpr\u00f3b\u00e1ltat\u00e1sok \u00e9s a mindent els\u00f6pr\u0151 szakmai sikerek olyan vezet\u0151ikonn\u00e1 form\u00e1lt\u00e1k, aki val\u00f3ban sz\u00edvb\u0151l szereti az embereket.\u201d<\/em><br \/>\nPistyur Veronika<br \/>\na Bridge Budapest \u00fcgyvezet\u0151je<\/p>\n<p><em>\u201eVannak emberek, akiket \u00edgy mutatunk be: \u0151 X.Y. \u2013 \u00e9s \u0151szint\u00e9n hozz\u00e1f\u0171zz\u00fck, hogy \u201e\u00e9lete egy nyitott k\u00f6nyv\u201d. GazsiZoli biztosan k\u00f6z\u00e9j\u00fck tartozik. S\u0151t, imm\u00e1r ez \u00fagy is igaz, hogy az \u00e9lete egy kinyithat\u00f3 k\u00f6nyv. \u00dagy ismerem, mint aki nem titkolja a v\u00e9lem\u00e9ny\u00e9t, de nem is hivalkodik vele. Csak \u00fagy ott hagyja, mindenki azt tesz vele, amit akar.\u201d<\/em><br \/>\nIgl\u00f3di Csaba<br \/>\nvezet\u0151i tan\u00e1csad\u00f3<\/p>\n<p style=\"text-align: left;\"><em>\u201eE k\u00f6nyv \u201eZolitelling\u201d (vicces t\u00f6rt\u00e9netmes\u00e9l\u0151s) st\u00edlusban, ugyanakkor tudom\u00e1nyosan is helyt\u00e1ll\u00f3, de mindek\u00f6zben sz\u00edvhez sz\u00f3l\u00f3 \u0151szintes\u00e9ggel id\u00e9zi fel szerz\u0151je betegs\u00e9g\u00e9t \u00e9s mutatja be \u00e9letfiloz\u00f3fi\u00e1j\u00e1t. M\u00e9ly betekint\u00e9st ny\u00fajt abba, hogyan form\u00e1lta Zoli vezet\u0151i szeml\u00e9let\u00e9t a r\u00e1kbetegs\u00e9g, aki nemcsak a hal\u00e1los k\u00f3rral v\u00edvott k\u00fczdelmeit osztja meg az olvas\u00f3kkal, hanem az \u00e9let neh\u00e9zs\u00e9geivel val\u00f3 szemben\u00e9z\u00e9s fontoss\u00e1g\u00e1t is hangs\u00falyozza. Hitvall\u00e1sa szerint a legnagyobb kih\u00edv\u00e1sok adnak lehet\u0151s\u00e9get az igaz\u00e1n komoly fejl\u0151d\u00e9sre \u2013 mind szem\u00e9lyes, mind \u00fczleti szinten.\u201d<\/em><br \/>\nThur\u00f3czy Bertalan<br \/>\norvosbiol\u00f3giai m\u00e9rn\u00f6k, \u00edr\u00f3, atl\u00e9ta.<\/p>","protected":false},"excerpt":{"rendered":"<p>Ez a k\u00f6nyv nem tartozik a hagyom\u00e1nyos memo\u00e1rok k\u00f6z\u00e9, m\u0171faja nem sorolhat\u00f3 egyetlen kateg\u00f3ri\u00e1ba: \u00e9letrajzba b\u00fajtatott v\u00e1llalati-impresszionista tank\u00f6nyv, egyszersmind humanista filoz\u00f3fi\u00e1ba \u00f6lt\u00f6ztetett k\u00e9zik\u00f6nyv fenntarthat\u00f3s\u00e1gr\u00f3l, c\u00e9gvezet\u00e9sr\u0151l, a h\u00e9tk\u00f6znapok vid\u00e1ms\u00e1g\u00e1r\u00f3l \u00e9s a neh\u00e9z \u00e9lethelyzetek t\u00fal\u00e9l\u00e9s\u00e9r\u0151l.<\/p>\n<h3 style=\"text-align: center;\"><strong><a href=\"https:\/\/gazsizoli.hu\/emberszemlelet-konyv\/\" target=\"_blank\" rel=\"noopener\">Tov\u00e1bb a k\u00f6nyvrendel\u00e9shez<\/a><\/strong><\/h3>","protected":false},"featured_media":149171,"template":"","meta":{"_eb_attr":""},"product_brand":[],"product_cat":[180,173],"product_tag":[],"class_list":{"0":"post-149168","1":"product","2":"type-product","3":"status-publish","4":"has-post-thumbnail","6":"product_cat-lean-konyvek-lean-vezetes","7":"product_cat-lean-konyvesbolt","8":"infinite-scroll-item","9":"no-featured-image-padding","10":"sales-flash-overlay","11":"woocommerce-text-align-left","12":"woocommerce-image-align-left","13":"do-quantity-buttons","15":"first","16":"outofstock","17":"taxable","18":"shipping-taxable","19":"purchasable","20":"product-type-simple"},"yoast_head":"<!-- This site is optimized with the Yoast SEO plugin v27.4 - https:\/\/yoast.com\/product\/yoast-seo-wordpress\/ -->\n<title>Emberszeml\u00e9let - Az \u00e9letigenl\u0151 c\u00e9gvezet\u0151 (dedik\u00e1lt p\u00e9ld\u00e1ny) - Michael Ball\u00e9 - LEI<\/title>\n<meta name=\"description\" content=\"Ez a k\u00f6nyv nem tartozik a hagyom\u00e1nyos memo\u00e1rok k\u00f6z\u00e9, m\u0171faja nem sorolhat\u00f3 egyetlen kateg\u00f3ri\u00e1ba: egyszersmind humanista filoz\u00f3fi\u00e1ba \u00f6lt\u00f6ztetett k\u00e9zik\u00f6nyv fenntarthat\u00f3s\u00e1gr\u00f3l, c\u00e9gvezet\u00e9sr\u0151l, a h\u00e9tk\u00f6znapok vid\u00e1ms\u00e1g\u00e1r\u00f3l \u00e9s a neh\u00e9z \u00e9lethelyzetek t\u00fal\u00e9l\u00e9s\u00e9r\u0151l. A k\u00f6nyv bev\u00e9tel\u00e9nek egy r\u00e9sz\u00e9t a szerz\u0151 j\u00f3t\u00e9kony c\u00e9lokra ford\u00edtja.\" \/>\n<meta name=\"robots\" content=\"index, follow, max-snippet:-1, max-image-preview:large, max-video-preview:-1\" \/>\n<link rel=\"canonical\" href=\"https:\/\/lean.org.hu\/en\/lean-konyvesbolt\/emberszemlelet-az-eletigenlo-cegvezeto\/\" \/>\n<meta property=\"og:locale\" content=\"en_GB\" \/>\n<meta property=\"og:type\" content=\"article\" \/>\n<meta property=\"og:title\" content=\"Lean Sensei - A Toyota tan\u00edt\u00f3inak \u00fatj\u00e1n\" \/>\n<meta property=\"og:description\" content=\"Mindenkinek sz\u00fcks\u00e9ge van egy olyan senseire, aki elvezeti \u0151t a k\u00f6vetkez\u0151 teljes\u00edtm\u00e9nyszintre!\" \/>\n<meta property=\"og:url\" content=\"https:\/\/lean.org.hu\/en\/lean-konyvesbolt\/emberszemlelet-az-eletigenlo-cegvezeto\/\" \/>\n<meta property=\"og:site_name\" content=\"LEI\" \/>\n<meta property=\"article:publisher\" content=\"https:\/\/www.facebook.com\/LEI.Hungary\" \/>\n<meta property=\"article:modified_time\" content=\"2025-09-12T11:43:09+00:00\" \/>\n<meta property=\"og:image\" content=\"https:\/\/lean.org.hu\/wp-content\/uploads\/2025\/05\/emberszemlelet.jpg\" \/>\n\t<meta property=\"og:image:width\" content=\"1280\" \/>\n\t<meta property=\"og:image:height\" content=\"1823\" \/>\n\t<meta property=\"og:image:type\" content=\"image\/jpeg\" \/>\n<meta name=\"twitter:card\" content=\"summary_large_image\" \/>\n<meta name=\"twitter:label1\" content=\"Estimated reading time\" \/>\n\t<meta name=\"twitter:data1\" content=\"2 minutes\" \/>\n<script type=\"application\/ld+json\" class=\"yoast-schema-graph\">{\"@context\":\"https:\\\/\\\/schema.org\",\"@graph\":[{\"@type\":\"WebPage\",\"@id\":\"https:\\\/\\\/lean.org.hu\\\/lean-konyvesbolt\\\/emberszemlelet-az-eletigenlo-cegvezeto\\\/\",\"url\":\"https:\\\/\\\/lean.org.hu\\\/lean-konyvesbolt\\\/emberszemlelet-az-eletigenlo-cegvezeto\\\/\",\"name\":\"Emberszeml\u00e9let - Az \u00e9letigenl\u0151 c\u00e9gvezet\u0151 (dedik\u00e1lt p\u00e9ld\u00e1ny) - Michael Ball\u00e9 - LEI\",\"isPartOf\":{\"@id\":\"https:\\\/\\\/lean.org.hu\\\/#website\"},\"primaryImageOfPage\":{\"@id\":\"https:\\\/\\\/lean.org.hu\\\/lean-konyvesbolt\\\/emberszemlelet-az-eletigenlo-cegvezeto\\\/#primaryimage\"},\"image\":{\"@id\":\"https:\\\/\\\/lean.org.hu\\\/lean-konyvesbolt\\\/emberszemlelet-az-eletigenlo-cegvezeto\\\/#primaryimage\"},\"thumbnailUrl\":\"https:\\\/\\\/lean.org.hu\\\/wp-content\\\/uploads\\\/2025\\\/05\\\/emberszemlelet.jpg\",\"datePublished\":\"2025-05-28T07:30:51+00:00\",\"dateModified\":\"2025-09-12T11:43:09+00:00\",\"description\":\"Ez a k\u00f6nyv nem tartozik a hagyom\u00e1nyos memo\u00e1rok k\u00f6z\u00e9, m\u0171faja nem sorolhat\u00f3 egyetlen kateg\u00f3ri\u00e1ba: egyszersmind humanista filoz\u00f3fi\u00e1ba \u00f6lt\u00f6ztetett k\u00e9zik\u00f6nyv fenntarthat\u00f3s\u00e1gr\u00f3l, c\u00e9gvezet\u00e9sr\u0151l, a h\u00e9tk\u00f6znapok vid\u00e1ms\u00e1g\u00e1r\u00f3l \u00e9s a neh\u00e9z \u00e9lethelyzetek t\u00fal\u00e9l\u00e9s\u00e9r\u0151l. A k\u00f6nyv bev\u00e9tel\u00e9nek egy r\u00e9sz\u00e9t a szerz\u0151 j\u00f3t\u00e9kony c\u00e9lokra ford\u00edtja.\",\"breadcrumb\":{\"@id\":\"https:\\\/\\\/lean.org.hu\\\/lean-konyvesbolt\\\/emberszemlelet-az-eletigenlo-cegvezeto\\\/#breadcrumb\"},\"inLanguage\":\"en-GB\",\"potentialAction\":[{\"@type\":\"ReadAction\",\"target\":[\"https:\\\/\\\/lean.org.hu\\\/lean-konyvesbolt\\\/emberszemlelet-az-eletigenlo-cegvezeto\\\/\"]}]},{\"@type\":\"ImageObject\",\"inLanguage\":\"en-GB\",\"@id\":\"https:\\\/\\\/lean.org.hu\\\/lean-konyvesbolt\\\/emberszemlelet-az-eletigenlo-cegvezeto\\\/#primaryimage\",\"url\":\"https:\\\/\\\/lean.org.hu\\\/wp-content\\\/uploads\\\/2025\\\/05\\\/emberszemlelet.jpg\",\"contentUrl\":\"https:\\\/\\\/lean.org.hu\\\/wp-content\\\/uploads\\\/2025\\\/05\\\/emberszemlelet.jpg\",\"width\":1280,\"height\":1823},{\"@type\":\"BreadcrumbList\",\"@id\":\"https:\\\/\\\/lean.org.hu\\\/lean-konyvesbolt\\\/emberszemlelet-az-eletigenlo-cegvezeto\\\/#breadcrumb\",\"itemListElement\":[{\"@type\":\"ListItem\",\"position\":1,\"name\":\"Kezd\u0151lap\",\"item\":\"https:\\\/\\\/lean.org.hu\\\/\"},{\"@type\":\"ListItem\",\"position\":2,\"name\":\"Web\u00e1ruh\u00e1z oldal\",\"item\":\"http:\\\/\\\/lean.org.hu\\\/en\\\/webaruhaz-aloldal\\\/\"},{\"@type\":\"ListItem\",\"position\":3,\"name\":\"Emberszeml\u00e9let &#8211; Az \u00e9letigenl\u0151 c\u00e9gvezet\u0151 (dedik\u00e1lt p\u00e9ld\u00e1ny)\"}]},{\"@type\":\"WebSite\",\"@id\":\"https:\\\/\\\/lean.org.hu\\\/#website\",\"url\":\"https:\\\/\\\/lean.org.hu\\\/\",\"name\":\"LEI\",\"description\":\"\",\"publisher\":{\"@id\":\"https:\\\/\\\/lean.org.hu\\\/#organization\"},\"potentialAction\":[{\"@type\":\"SearchAction\",\"target\":{\"@type\":\"EntryPoint\",\"urlTemplate\":\"https:\\\/\\\/lean.org.hu\\\/?s={search_term_string}\"},\"query-input\":{\"@type\":\"PropertyValueSpecification\",\"valueRequired\":true,\"valueName\":\"search_term_string\"}}],\"inLanguage\":\"en-GB\"},{\"@type\":\"Organization\",\"@id\":\"https:\\\/\\\/lean.org.hu\\\/#organization\",\"name\":\"LEI\",\"url\":\"https:\\\/\\\/lean.org.hu\\\/\",\"logo\":{\"@type\":\"ImageObject\",\"inLanguage\":\"en-GB\",\"@id\":\"https:\\\/\\\/lean.org.hu\\\/#\\\/schema\\\/logo\\\/image\\\/\",\"url\":\"https:\\\/\\\/lean.org.hu\\\/wp-content\\\/uploads\\\/2020\\\/07\\\/cropped-lean_logo_final_color_horizontal.png\",\"contentUrl\":\"https:\\\/\\\/lean.org.hu\\\/wp-content\\\/uploads\\\/2020\\\/07\\\/cropped-lean_logo_final_color_horizontal.png\",\"width\":779,\"height\":288,\"caption\":\"LEI\"},\"image\":{\"@id\":\"https:\\\/\\\/lean.org.hu\\\/#\\\/schema\\\/logo\\\/image\\\/\"},\"sameAs\":[\"https:\\\/\\\/www.facebook.com\\\/LEI.Hungary\",\"https:\\\/\\\/www.linkedin.com\\\/company\\\/lean-enterprise-institute-hungary\"]}]}<\/script>\n<!-- \/ Yoast SEO plugin. -->","yoast_head_json":{"title":"Emberszeml\u00e9let - Az \u00e9letigenl\u0151 c\u00e9gvezet\u0151 (dedik\u00e1lt p\u00e9ld\u00e1ny) - Michael Ball\u00e9 - LEI","description":"Ez a k\u00f6nyv nem tartozik a hagyom\u00e1nyos memo\u00e1rok k\u00f6z\u00e9, m\u0171faja nem sorolhat\u00f3 egyetlen kateg\u00f3ri\u00e1ba: egyszersmind humanista filoz\u00f3fi\u00e1ba \u00f6lt\u00f6ztetett k\u00e9zik\u00f6nyv fenntarthat\u00f3s\u00e1gr\u00f3l, c\u00e9gvezet\u00e9sr\u0151l, a h\u00e9tk\u00f6znapok vid\u00e1ms\u00e1g\u00e1r\u00f3l \u00e9s a neh\u00e9z \u00e9lethelyzetek t\u00fal\u00e9l\u00e9s\u00e9r\u0151l. A k\u00f6nyv bev\u00e9tel\u00e9nek egy r\u00e9sz\u00e9t a szerz\u0151 j\u00f3t\u00e9kony c\u00e9lokra ford\u00edtja.","robots":{"index":"index","follow":"follow","max-snippet":"max-snippet:-1","max-image-preview":"max-image-preview:large","max-video-preview":"max-video-preview:-1"},"canonical":"https:\/\/lean.org.hu\/en\/lean-konyvesbolt\/emberszemlelet-az-eletigenlo-cegvezeto\/","og_locale":"en_GB","og_type":"article","og_title":"Lean Sensei - A Toyota tan\u00edt\u00f3inak \u00fatj\u00e1n","og_description":"Mindenkinek sz\u00fcks\u00e9ge van egy olyan senseire, aki elvezeti \u0151t a k\u00f6vetkez\u0151 teljes\u00edtm\u00e9nyszintre!","og_url":"https:\/\/lean.org.hu\/en\/lean-konyvesbolt\/emberszemlelet-az-eletigenlo-cegvezeto\/","og_site_name":"LEI","article_publisher":"https:\/\/www.facebook.com\/LEI.Hungary","article_modified_time":"2025-09-12T11:43:09+00:00","og_image":[{"width":1280,"height":1823,"url":"https:\/\/lean.org.hu\/wp-content\/uploads\/2025\/05\/emberszemlelet.jpg","type":"image\/jpeg"}],"twitter_card":"summary_large_image","twitter_misc":{"Estimated reading time":"2 minutes"},"schema":{"@context":"https:\/\/schema.org","@graph":[{"@type":"WebPage","@id":"https:\/\/lean.org.hu\/lean-konyvesbolt\/emberszemlelet-az-eletigenlo-cegvezeto\/","url":"https:\/\/lean.org.hu\/lean-konyvesbolt\/emberszemlelet-az-eletigenlo-cegvezeto\/","name":"Emberszeml\u00e9let - Az \u00e9letigenl\u0151 c\u00e9gvezet\u0151 (dedik\u00e1lt p\u00e9ld\u00e1ny) - Michael Ball\u00e9 - LEI","isPartOf":{"@id":"https:\/\/lean.org.hu\/#website"},"primaryImageOfPage":{"@id":"https:\/\/lean.org.hu\/lean-konyvesbolt\/emberszemlelet-az-eletigenlo-cegvezeto\/#primaryimage"},"image":{"@id":"https:\/\/lean.org.hu\/lean-konyvesbolt\/emberszemlelet-az-eletigenlo-cegvezeto\/#primaryimage"},"thumbnailUrl":"https:\/\/lean.org.hu\/wp-content\/uploads\/2025\/05\/emberszemlelet.jpg","datePublished":"2025-05-28T07:30:51+00:00","dateModified":"2025-09-12T11:43:09+00:00","description":"Ez a k\u00f6nyv nem tartozik a hagyom\u00e1nyos memo\u00e1rok k\u00f6z\u00e9, m\u0171faja nem sorolhat\u00f3 egyetlen kateg\u00f3ri\u00e1ba: egyszersmind humanista filoz\u00f3fi\u00e1ba \u00f6lt\u00f6ztetett k\u00e9zik\u00f6nyv fenntarthat\u00f3s\u00e1gr\u00f3l, c\u00e9gvezet\u00e9sr\u0151l, a h\u00e9tk\u00f6znapok vid\u00e1ms\u00e1g\u00e1r\u00f3l \u00e9s a neh\u00e9z \u00e9lethelyzetek t\u00fal\u00e9l\u00e9s\u00e9r\u0151l. A k\u00f6nyv bev\u00e9tel\u00e9nek egy r\u00e9sz\u00e9t a szerz\u0151 j\u00f3t\u00e9kony c\u00e9lokra ford\u00edtja.","breadcrumb":{"@id":"https:\/\/lean.org.hu\/lean-konyvesbolt\/emberszemlelet-az-eletigenlo-cegvezeto\/#breadcrumb"},"inLanguage":"en-GB","potentialAction":[{"@type":"ReadAction","target":["https:\/\/lean.org.hu\/lean-konyvesbolt\/emberszemlelet-az-eletigenlo-cegvezeto\/"]}]},{"@type":"ImageObject","inLanguage":"en-GB","@id":"https:\/\/lean.org.hu\/lean-konyvesbolt\/emberszemlelet-az-eletigenlo-cegvezeto\/#primaryimage","url":"https:\/\/lean.org.hu\/wp-content\/uploads\/2025\/05\/emberszemlelet.jpg","contentUrl":"https:\/\/lean.org.hu\/wp-content\/uploads\/2025\/05\/emberszemlelet.jpg","width":1280,"height":1823},{"@type":"BreadcrumbList","@id":"https:\/\/lean.org.hu\/lean-konyvesbolt\/emberszemlelet-az-eletigenlo-cegvezeto\/#breadcrumb","itemListElement":[{"@type":"ListItem","position":1,"name":"Kezd\u0151lap","item":"https:\/\/lean.org.hu\/"},{"@type":"ListItem","position":2,"name":"Web\u00e1ruh\u00e1z oldal","item":"http:\/\/lean.org.hu\/en\/webaruhaz-aloldal\/"},{"@type":"ListItem","position":3,"name":"Emberszeml\u00e9let &#8211; Az \u00e9letigenl\u0151 c\u00e9gvezet\u0151 (dedik\u00e1lt p\u00e9ld\u00e1ny)"}]},{"@type":"WebSite","@id":"https:\/\/lean.org.hu\/#website","url":"https:\/\/lean.org.hu\/","name":"LEI","description":"","publisher":{"@id":"https:\/\/lean.org.hu\/#organization"},"potentialAction":[{"@type":"SearchAction","target":{"@type":"EntryPoint","urlTemplate":"https:\/\/lean.org.hu\/?s={search_term_string}"},"query-input":{"@type":"PropertyValueSpecification","valueRequired":true,"valueName":"search_term_string"}}],"inLanguage":"en-GB"},{"@type":"Organization","@id":"https:\/\/lean.org.hu\/#organization","name":"LEI","url":"https:\/\/lean.org.hu\/","logo":{"@type":"ImageObject","inLanguage":"en-GB","@id":"https:\/\/lean.org.hu\/#\/schema\/logo\/image\/","url":"https:\/\/lean.org.hu\/wp-content\/uploads\/2020\/07\/cropped-lean_logo_final_color_horizontal.png","contentUrl":"https:\/\/lean.org.hu\/wp-content\/uploads\/2020\/07\/cropped-lean_logo_final_color_horizontal.png","width":779,"height":288,"caption":"LEI"},"image":{"@id":"https:\/\/lean.org.hu\/#\/schema\/logo\/image\/"},"sameAs":["https:\/\/www.facebook.com\/LEI.Hungary","https:\/\/www.linkedin.com\/company\/lean-enterprise-institute-hungary"]}]}},"_links":{"self":[{"href":"https:\/\/lean.org.hu\/en\/wp-json\/wp\/v2\/product\/149168","targetHints":{"allow":["GET"]}}],"collection":[{"href":"https:\/\/lean.org.hu\/en\/wp-json\/wp\/v2\/product"}],"about":[{"href":"https:\/\/lean.org.hu\/en\/wp-json\/wp\/v2\/types\/product"}],"wp:featuredmedia":[{"embeddable":true,"href":"https:\/\/lean.org.hu\/en\/wp-json\/wp\/v2\/media\/149171"}],"wp:attachment":[{"href":"https:\/\/lean.org.hu\/en\/wp-json\/wp\/v2\/media?parent=149168"}],"wp:term":[{"taxonomy":"product_brand","embeddable":true,"href":"https:\/\/lean.org.hu\/en\/wp-json\/wp\/v2\/product_brand?post=149168"},{"taxonomy":"product_cat","embeddable":true,"href":"https:\/\/lean.org.hu\/en\/wp-json\/wp\/v2\/product_cat?post=149168"},{"taxonomy":"product_tag","embeddable":true,"href":"https:\/\/lean.org.hu\/en\/wp-json\/wp\/v2\/product_tag?post=149168"}],"curies":[{"name":"wp","href":"https:\/\/api.w.org\/{rel}","templated":true}]}}