{"id":1488,"date":"2020-09-21T10:58:09","date_gmt":"2020-09-21T10:58:09","guid":{"rendered":"http:\/\/generaciokpartnere.hu\/leiwp\/?post_type=product&#038;p=1488"},"modified":"2026-02-12T14:49:37","modified_gmt":"2026-02-12T13:49:37","slug":"felirotabla","status":"publish","type":"product","link":"https:\/\/lean.org.hu\/en\/lean-konyvesbolt\/felirotabla\/","title":{"rendered":"Lean Transzform\u00e1ci\u00f3s Keretrendszer fel\u00edr\u00f3t\u00e1bla"},"content":{"rendered":"<p><strong>Lean Transzform\u00e1ci\u00f3s Keretrendszer fel\u00edr\u00f3t\u00e1bla<\/strong><\/p>\n<p>Terjedelem: A4-es m\u00e9ret\u0171 fel\u00edr\u00f3t\u00e1bla<\/p>\n<p>A fel\u00edr\u00f3t\u00e1bla \u00f6sszefoglalja a Lean Transzform\u00e1ci\u00f3s Keretrendszer \u00f6t dimenzi\u00f3j\u00e1t.<\/p>\n<p>2014 janu\u00e1rj\u00e1ban John Shook (LEI CEO) bemutatta a LEI Lean Transzform\u00e1ci\u00f3s Modellt, amelyet a Lean Global Network (LGN) tagszervezetek fejlesztettek ki annak \u00e9rdek\u00e9ben, hogy \u00fatmutat\u00f3k\u00e9nt szolg\u00e1ljon partnerv\u00e1llalataink lean transzform\u00e1ci\u00f3j\u00e1hoz, m\u00e9ret\u00fckt\u0151l \u00e9s ipar\u00e1gukt\u00f3l f\u00fcggetlen\u00fcl.<br \/>\n<a href=\"https:\/\/youtu.be\/Yr8NWrCNg4U\">Anim\u00e1ci\u00f3nk<\/a> seg\u00edts\u00e9g\u00e9vel j\u00f3l \u00e1ttekinthet\u0151ek a Lean Transzform\u00e1ci\u00f3s Modell alapjai. Minden lean \u00e1talakul\u00e1s egyedi, minden transzform\u00e1ci\u00f3s \u00fat egyed\u00fcl\u00e1ll\u00f3. A modell c\u00e9lja, hogy v\u00e9gigvezessen a teljes folyamaton, az \u00e9ppen sz\u00fcks\u00e9ges k\u00e9rd\u00e9seket t\u00e9ve fel, amelyeket \u00e1t kell gondolni \u00e9s v\u00e1laszt adni r\u00e1juk a tov\u00e1bbl\u00e9p\u00e9shez. A vide\u00f3 seg\u00edts\u00e9g\u00e9vel b\u00e1rmelyik c\u00e9g saj\u00e1t folyamatai alapj\u00e1n gondolkodhat a modellr\u0151l \u00e9s azt\u00e1n k\u00f6z\u00f6s vita sor\u00e1n elind\u00edthatja saj\u00e1t lean transzform\u00e1ci\u00f3s folyamat\u00e1t. Magyar felirat el\u00e9rhet\u0151 a vide\u00f3hoz.<\/p>","protected":false},"excerpt":{"rendered":"<p>A4-es m\u00e9ret\u0171 fel\u00edr\u00f3t\u00e1bla<\/p>\n<p><em>\u201cA Lean Transzform\u00e1ci\u00f3s Keretrendszer c\u00e9lja, hogy v\u00e9gigvezessen a teljes folyamaton, az \u00e9ppen sz\u00fcks\u00e9ges k\u00e9rd\u00e9seket t\u00e9ve fel a tov\u00e1bbl\u00e9p\u00e9shez.\u201d<\/em><\/p>","protected":false},"featured_media":1491,"template":"","meta":{"_eb_attr":""},"product_brand":[],"product_cat":[68],"product_tag":[],"class_list":{"0":"post-1488","1":"product","2":"type-product","3":"status-publish","4":"has-post-thumbnail","6":"product_cat-egyeb-kiegeszito-anyagok","7":"infinite-scroll-item","8":"no-featured-image-padding","9":"sales-flash-overlay","10":"woocommerce-text-align-left","11":"woocommerce-image-align-left","12":"do-quantity-buttons","14":"first","15":"instock","16":"taxable","17":"shipping-taxable","18":"purchasable","19":"product-type-variable"},"yoast_head":"<!-- This site is optimized with the Yoast SEO plugin v27.4 - https:\/\/yoast.com\/product\/yoast-seo-wordpress\/ -->\n<title>Lean Transzform\u00e1ci\u00f3s Keretrendszer fel\u00edr\u00f3t\u00e1bla - LEI<\/title>\n<meta name=\"description\" content=\"Terjedelem: A4-es m\u00e9ret\u0171 fel\u00edr\u00f3t\u00e1bla A fel\u00edr\u00f3t\u00e1bla \u00f6sszefoglalja a Lean Transzform\u00e1ci\u00f3s Keretrendszer \u00f6t dimenzi\u00f3j\u00e1t.\" \/>\n<meta name=\"robots\" content=\"index, follow, max-snippet:-1, max-image-preview:large, max-video-preview:-1\" \/>\n<link rel=\"canonical\" href=\"https:\/\/lean.org.hu\/en\/lean-konyvesbolt\/felirotabla\/\" \/>\n<meta property=\"og:locale\" content=\"en_GB\" \/>\n<meta property=\"og:type\" content=\"article\" \/>\n<meta property=\"og:title\" content=\"Lean Transzform\u00e1ci\u00f3s Keretrendszer fel\u00edr\u00f3t\u00e1bla\" \/>\n<meta property=\"og:description\" content=\"Terjedelem: A4-es m\u00e9ret\u0171 fel\u00edr\u00f3t\u00e1bla A fel\u00edr\u00f3t\u00e1bla \u00f6sszefoglalja a Lean Transzform\u00e1ci\u00f3s Keretrendszer \u00f6t dimenzi\u00f3j\u00e1t.\" \/>\n<meta property=\"og:url\" content=\"https:\/\/lean.org.hu\/en\/lean-konyvesbolt\/felirotabla\/\" \/>\n<meta property=\"og:site_name\" content=\"LEI\" \/>\n<meta property=\"article:publisher\" content=\"https:\/\/www.facebook.com\/LEI.Hungary\" \/>\n<meta property=\"article:modified_time\" content=\"2026-02-12T13:49:37+00:00\" \/>\n<meta property=\"og:image\" content=\"https:\/\/lean.org.hu\/wp-content\/uploads\/2020\/09\/Fel\u00edr\u00f3t\u00e1bla_425x600.jpg\" \/>\n\t<meta property=\"og:image:width\" content=\"425\" \/>\n\t<meta property=\"og:image:height\" content=\"600\" \/>\n\t<meta property=\"og:image:type\" content=\"image\/jpeg\" \/>\n<meta name=\"twitter:card\" content=\"summary_large_image\" \/>\n<meta name=\"twitter:label1\" content=\"Estimated reading time\" \/>\n\t<meta name=\"twitter:data1\" content=\"1 minute\" \/>\n<script type=\"application\/ld+json\" class=\"yoast-schema-graph\">{\"@context\":\"https:\\\/\\\/schema.org\",\"@graph\":[{\"@type\":\"WebPage\",\"@id\":\"https:\\\/\\\/lean.org.hu\\\/lean-konyvesbolt\\\/felirotabla\\\/\",\"url\":\"https:\\\/\\\/lean.org.hu\\\/lean-konyvesbolt\\\/felirotabla\\\/\",\"name\":\"Lean Transzform\u00e1ci\u00f3s Keretrendszer fel\u00edr\u00f3t\u00e1bla - LEI\",\"isPartOf\":{\"@id\":\"https:\\\/\\\/lean.org.hu\\\/#website\"},\"primaryImageOfPage\":{\"@id\":\"https:\\\/\\\/lean.org.hu\\\/lean-konyvesbolt\\\/felirotabla\\\/#primaryimage\"},\"image\":{\"@id\":\"https:\\\/\\\/lean.org.hu\\\/lean-konyvesbolt\\\/felirotabla\\\/#primaryimage\"},\"thumbnailUrl\":\"https:\\\/\\\/lean.org.hu\\\/wp-content\\\/uploads\\\/2020\\\/09\\\/Fel\u00edr\u00f3t\u00e1bla_425x600.jpg\",\"datePublished\":\"2020-09-21T10:58:09+00:00\",\"dateModified\":\"2026-02-12T13:49:37+00:00\",\"description\":\"Terjedelem: A4-es m\u00e9ret\u0171 fel\u00edr\u00f3t\u00e1bla A fel\u00edr\u00f3t\u00e1bla \u00f6sszefoglalja a Lean Transzform\u00e1ci\u00f3s Keretrendszer \u00f6t dimenzi\u00f3j\u00e1t.\",\"breadcrumb\":{\"@id\":\"https:\\\/\\\/lean.org.hu\\\/lean-konyvesbolt\\\/felirotabla\\\/#breadcrumb\"},\"inLanguage\":\"en-GB\",\"potentialAction\":[{\"@type\":\"ReadAction\",\"target\":[\"https:\\\/\\\/lean.org.hu\\\/lean-konyvesbolt\\\/felirotabla\\\/\"]}]},{\"@type\":\"ImageObject\",\"inLanguage\":\"en-GB\",\"@id\":\"https:\\\/\\\/lean.org.hu\\\/lean-konyvesbolt\\\/felirotabla\\\/#primaryimage\",\"url\":\"https:\\\/\\\/lean.org.hu\\\/wp-content\\\/uploads\\\/2020\\\/09\\\/Fel\u00edr\u00f3t\u00e1bla_425x600.jpg\",\"contentUrl\":\"https:\\\/\\\/lean.org.hu\\\/wp-content\\\/uploads\\\/2020\\\/09\\\/Fel\u00edr\u00f3t\u00e1bla_425x600.jpg\",\"width\":425,\"height\":600,\"caption\":\"LTF fel\u00edr\u00f3t\u00e1bla term\u00e9kfot\u00f3\"},{\"@type\":\"BreadcrumbList\",\"@id\":\"https:\\\/\\\/lean.org.hu\\\/lean-konyvesbolt\\\/felirotabla\\\/#breadcrumb\",\"itemListElement\":[{\"@type\":\"ListItem\",\"position\":1,\"name\":\"Kezd\u0151lap\",\"item\":\"https:\\\/\\\/lean.org.hu\\\/\"},{\"@type\":\"ListItem\",\"position\":2,\"name\":\"Web\u00e1ruh\u00e1z oldal\",\"item\":\"http:\\\/\\\/lean.org.hu\\\/en\\\/webaruhaz-aloldal\\\/\"},{\"@type\":\"ListItem\",\"position\":3,\"name\":\"Lean Transzform\u00e1ci\u00f3s Keretrendszer fel\u00edr\u00f3t\u00e1bla\"}]},{\"@type\":\"WebSite\",\"@id\":\"https:\\\/\\\/lean.org.hu\\\/#website\",\"url\":\"https:\\\/\\\/lean.org.hu\\\/\",\"name\":\"LEI\",\"description\":\"\",\"publisher\":{\"@id\":\"https:\\\/\\\/lean.org.hu\\\/#organization\"},\"potentialAction\":[{\"@type\":\"SearchAction\",\"target\":{\"@type\":\"EntryPoint\",\"urlTemplate\":\"https:\\\/\\\/lean.org.hu\\\/?s={search_term_string}\"},\"query-input\":{\"@type\":\"PropertyValueSpecification\",\"valueRequired\":true,\"valueName\":\"search_term_string\"}}],\"inLanguage\":\"en-GB\"},{\"@type\":\"Organization\",\"@id\":\"https:\\\/\\\/lean.org.hu\\\/#organization\",\"name\":\"LEI\",\"url\":\"https:\\\/\\\/lean.org.hu\\\/\",\"logo\":{\"@type\":\"ImageObject\",\"inLanguage\":\"en-GB\",\"@id\":\"https:\\\/\\\/lean.org.hu\\\/#\\\/schema\\\/logo\\\/image\\\/\",\"url\":\"https:\\\/\\\/lean.org.hu\\\/wp-content\\\/uploads\\\/2020\\\/07\\\/cropped-lean_logo_final_color_horizontal.png\",\"contentUrl\":\"https:\\\/\\\/lean.org.hu\\\/wp-content\\\/uploads\\\/2020\\\/07\\\/cropped-lean_logo_final_color_horizontal.png\",\"width\":779,\"height\":288,\"caption\":\"LEI\"},\"image\":{\"@id\":\"https:\\\/\\\/lean.org.hu\\\/#\\\/schema\\\/logo\\\/image\\\/\"},\"sameAs\":[\"https:\\\/\\\/www.facebook.com\\\/LEI.Hungary\",\"https:\\\/\\\/www.linkedin.com\\\/company\\\/lean-enterprise-institute-hungary\"]}]}<\/script>\n<!-- \/ Yoast SEO plugin. -->","yoast_head_json":{"title":"Lean Transzform\u00e1ci\u00f3s Keretrendszer fel\u00edr\u00f3t\u00e1bla - LEI","description":"Terjedelem: A4-es m\u00e9ret\u0171 fel\u00edr\u00f3t\u00e1bla A fel\u00edr\u00f3t\u00e1bla \u00f6sszefoglalja a Lean Transzform\u00e1ci\u00f3s Keretrendszer \u00f6t dimenzi\u00f3j\u00e1t.","robots":{"index":"index","follow":"follow","max-snippet":"max-snippet:-1","max-image-preview":"max-image-preview:large","max-video-preview":"max-video-preview:-1"},"canonical":"https:\/\/lean.org.hu\/en\/lean-konyvesbolt\/felirotabla\/","og_locale":"en_GB","og_type":"article","og_title":"Lean Transzform\u00e1ci\u00f3s Keretrendszer fel\u00edr\u00f3t\u00e1bla","og_description":"Terjedelem: A4-es m\u00e9ret\u0171 fel\u00edr\u00f3t\u00e1bla A fel\u00edr\u00f3t\u00e1bla \u00f6sszefoglalja a Lean Transzform\u00e1ci\u00f3s Keretrendszer \u00f6t dimenzi\u00f3j\u00e1t.","og_url":"https:\/\/lean.org.hu\/en\/lean-konyvesbolt\/felirotabla\/","og_site_name":"LEI","article_publisher":"https:\/\/www.facebook.com\/LEI.Hungary","article_modified_time":"2026-02-12T13:49:37+00:00","og_image":[{"width":425,"height":600,"url":"https:\/\/lean.org.hu\/wp-content\/uploads\/2020\/09\/Fel\u00edr\u00f3t\u00e1bla_425x600.jpg","type":"image\/jpeg"}],"twitter_card":"summary_large_image","twitter_misc":{"Estimated reading time":"1 minute"},"schema":{"@context":"https:\/\/schema.org","@graph":[{"@type":"WebPage","@id":"https:\/\/lean.org.hu\/lean-konyvesbolt\/felirotabla\/","url":"https:\/\/lean.org.hu\/lean-konyvesbolt\/felirotabla\/","name":"Lean Transzform\u00e1ci\u00f3s Keretrendszer fel\u00edr\u00f3t\u00e1bla - LEI","isPartOf":{"@id":"https:\/\/lean.org.hu\/#website"},"primaryImageOfPage":{"@id":"https:\/\/lean.org.hu\/lean-konyvesbolt\/felirotabla\/#primaryimage"},"image":{"@id":"https:\/\/lean.org.hu\/lean-konyvesbolt\/felirotabla\/#primaryimage"},"thumbnailUrl":"https:\/\/lean.org.hu\/wp-content\/uploads\/2020\/09\/Fel\u00edr\u00f3t\u00e1bla_425x600.jpg","datePublished":"2020-09-21T10:58:09+00:00","dateModified":"2026-02-12T13:49:37+00:00","description":"Terjedelem: A4-es m\u00e9ret\u0171 fel\u00edr\u00f3t\u00e1bla A fel\u00edr\u00f3t\u00e1bla \u00f6sszefoglalja a Lean Transzform\u00e1ci\u00f3s Keretrendszer \u00f6t dimenzi\u00f3j\u00e1t.","breadcrumb":{"@id":"https:\/\/lean.org.hu\/lean-konyvesbolt\/felirotabla\/#breadcrumb"},"inLanguage":"en-GB","potentialAction":[{"@type":"ReadAction","target":["https:\/\/lean.org.hu\/lean-konyvesbolt\/felirotabla\/"]}]},{"@type":"ImageObject","inLanguage":"en-GB","@id":"https:\/\/lean.org.hu\/lean-konyvesbolt\/felirotabla\/#primaryimage","url":"https:\/\/lean.org.hu\/wp-content\/uploads\/2020\/09\/Fel\u00edr\u00f3t\u00e1bla_425x600.jpg","contentUrl":"https:\/\/lean.org.hu\/wp-content\/uploads\/2020\/09\/Fel\u00edr\u00f3t\u00e1bla_425x600.jpg","width":425,"height":600,"caption":"LTF fel\u00edr\u00f3t\u00e1bla term\u00e9kfot\u00f3"},{"@type":"BreadcrumbList","@id":"https:\/\/lean.org.hu\/lean-konyvesbolt\/felirotabla\/#breadcrumb","itemListElement":[{"@type":"ListItem","position":1,"name":"Kezd\u0151lap","item":"https:\/\/lean.org.hu\/"},{"@type":"ListItem","position":2,"name":"Web\u00e1ruh\u00e1z oldal","item":"http:\/\/lean.org.hu\/en\/webaruhaz-aloldal\/"},{"@type":"ListItem","position":3,"name":"Lean Transzform\u00e1ci\u00f3s Keretrendszer fel\u00edr\u00f3t\u00e1bla"}]},{"@type":"WebSite","@id":"https:\/\/lean.org.hu\/#website","url":"https:\/\/lean.org.hu\/","name":"LEI","description":"","publisher":{"@id":"https:\/\/lean.org.hu\/#organization"},"potentialAction":[{"@type":"SearchAction","target":{"@type":"EntryPoint","urlTemplate":"https:\/\/lean.org.hu\/?s={search_term_string}"},"query-input":{"@type":"PropertyValueSpecification","valueRequired":true,"valueName":"search_term_string"}}],"inLanguage":"en-GB"},{"@type":"Organization","@id":"https:\/\/lean.org.hu\/#organization","name":"LEI","url":"https:\/\/lean.org.hu\/","logo":{"@type":"ImageObject","inLanguage":"en-GB","@id":"https:\/\/lean.org.hu\/#\/schema\/logo\/image\/","url":"https:\/\/lean.org.hu\/wp-content\/uploads\/2020\/07\/cropped-lean_logo_final_color_horizontal.png","contentUrl":"https:\/\/lean.org.hu\/wp-content\/uploads\/2020\/07\/cropped-lean_logo_final_color_horizontal.png","width":779,"height":288,"caption":"LEI"},"image":{"@id":"https:\/\/lean.org.hu\/#\/schema\/logo\/image\/"},"sameAs":["https:\/\/www.facebook.com\/LEI.Hungary","https:\/\/www.linkedin.com\/company\/lean-enterprise-institute-hungary"]}]}},"_links":{"self":[{"href":"https:\/\/lean.org.hu\/en\/wp-json\/wp\/v2\/product\/1488","targetHints":{"allow":["GET"]}}],"collection":[{"href":"https:\/\/lean.org.hu\/en\/wp-json\/wp\/v2\/product"}],"about":[{"href":"https:\/\/lean.org.hu\/en\/wp-json\/wp\/v2\/types\/product"}],"wp:featuredmedia":[{"embeddable":true,"href":"https:\/\/lean.org.hu\/en\/wp-json\/wp\/v2\/media\/1491"}],"wp:attachment":[{"href":"https:\/\/lean.org.hu\/en\/wp-json\/wp\/v2\/media?parent=1488"}],"wp:term":[{"taxonomy":"product_brand","embeddable":true,"href":"https:\/\/lean.org.hu\/en\/wp-json\/wp\/v2\/product_brand?post=1488"},{"taxonomy":"product_cat","embeddable":true,"href":"https:\/\/lean.org.hu\/en\/wp-json\/wp\/v2\/product_cat?post=1488"},{"taxonomy":"product_tag","embeddable":true,"href":"https:\/\/lean.org.hu\/en\/wp-json\/wp\/v2\/product_tag?post=1488"}],"curies":[{"name":"wp","href":"https:\/\/api.w.org\/{rel}","templated":true}]}}