{"id":1483,"date":"2020-09-21T10:45:30","date_gmt":"2020-09-21T10:45:30","guid":{"rendered":"http:\/\/generaciokpartnere.hu\/leiwp\/?post_type=product&#038;p=1483"},"modified":"2021-09-29T14:10:50","modified_gmt":"2021-09-29T12:10:50","slug":"lei-thermo-bogre","status":"publish","type":"product","link":"https:\/\/lean.org.hu\/en\/lean-konyvesbolt\/lei-thermo-bogre\/","title":{"rendered":"LEI Thermo b\u00f6gre"},"content":{"rendered":"<p><strong>LEI Thermo b\u00f6gre<\/strong><\/p>\n<p>\u0170rtartalom: 450 ml<\/p>\n<p>Rozsdamentes ac\u00e9l duplafal\u00fa b\u00f6gre m\u0171anyag bet\u00e9ttel, Lean Enterprise Institute Hungary log\u00f3val, feh\u00e9r aj\u00e1nd\u00e9kdobozban. Nem sziv\u00e1rg\u00e1smentes. Mosogat\u00f3g\u00e9pben nem tiszt\u00edthat\u00f3.<\/p>","protected":false},"excerpt":{"rendered":"<p>450 ml-es rozsdamentes ac\u00e9l duplafal\u00fa b\u00f6gre m\u0171anyag bet\u00e9ttel, Lean Enterprise Institute Hungary log\u00f3val, feh\u00e9r aj\u00e1nd\u00e9kdobozban.<\/p>","protected":false},"featured_media":1505,"template":"","meta":{"_eb_attr":""},"product_brand":[],"product_cat":[68],"product_tag":[],"class_list":{"0":"post-1483","1":"product","2":"type-product","3":"status-publish","4":"has-post-thumbnail","6":"product_cat-egyeb-kiegeszito-anyagok","7":"infinite-scroll-item","8":"no-featured-image-padding","9":"sales-flash-overlay","10":"woocommerce-text-align-left","11":"woocommerce-image-align-left","12":"do-quantity-buttons","14":"first","15":"instock","16":"taxable","17":"shipping-taxable","18":"purchasable","19":"product-type-variable"},"yoast_head":"<!-- This site is optimized with the Yoast SEO plugin v27.4 - https:\/\/yoast.com\/product\/yoast-seo-wordpress\/ -->\n<title>Lean Enterprise Institute Hungary Thermo b\u00f6gre - LEI<\/title>\n<meta name=\"description\" content=\"Rozsdamentes ac\u00e9l duplafal\u00fa b\u00f6gre m\u0171anyag bet\u00e9ttel, Lean Enterprise Institute Hungary log\u00f3val, feh\u00e9r aj\u00e1nd\u00e9kdobozban.\" \/>\n<meta name=\"robots\" content=\"index, follow, max-snippet:-1, max-image-preview:large, max-video-preview:-1\" \/>\n<link rel=\"canonical\" href=\"https:\/\/lean.org.hu\/en\/lean-konyvesbolt\/lei-thermo-bogre\/\" \/>\n<meta property=\"og:locale\" content=\"en_GB\" \/>\n<meta property=\"og:type\" content=\"article\" \/>\n<meta property=\"og:title\" content=\"LEIH Thermo b\u00f6gre\" \/>\n<meta property=\"og:description\" content=\"Rozsdamentes ac\u00e9l duplafal\u00fa b\u00f6gre m\u0171anyag bet\u00e9ttel, Lean Enterprise Institute Hungary log\u00f3val, feh\u00e9r aj\u00e1nd\u00e9kdobozban. Nem sziv\u00e1rg\u00e1smentes. Mosogat\u00f3g\u00e9pben nem tiszt\u00edthat\u00f3.\" \/>\n<meta property=\"og:url\" content=\"https:\/\/lean.org.hu\/en\/lean-konyvesbolt\/lei-thermo-bogre\/\" \/>\n<meta property=\"og:site_name\" content=\"LEI\" \/>\n<meta property=\"article:publisher\" content=\"https:\/\/www.facebook.com\/LEI.Hungary\" \/>\n<meta property=\"article:modified_time\" content=\"2021-09-29T12:10:50+00:00\" \/>\n<meta property=\"og:image\" content=\"https:\/\/lean.org.hu\/wp-content\/uploads\/2020\/09\/Thermo-b\u00f6gre_425x600-1.jpg\" \/>\n\t<meta property=\"og:image:width\" content=\"425\" \/>\n\t<meta property=\"og:image:height\" content=\"600\" \/>\n\t<meta property=\"og:image:type\" content=\"image\/jpeg\" \/>\n<meta name=\"twitter:card\" content=\"summary_large_image\" \/>\n<meta name=\"twitter:label1\" content=\"Estimated reading time\" \/>\n\t<meta name=\"twitter:data1\" content=\"1 minute\" \/>\n<script type=\"application\/ld+json\" class=\"yoast-schema-graph\">{\"@context\":\"https:\\\/\\\/schema.org\",\"@graph\":[{\"@type\":\"WebPage\",\"@id\":\"https:\\\/\\\/lean.org.hu\\\/lean-konyvesbolt\\\/lei-thermo-bogre\\\/\",\"url\":\"https:\\\/\\\/lean.org.hu\\\/lean-konyvesbolt\\\/lei-thermo-bogre\\\/\",\"name\":\"Lean Enterprise Institute Hungary Thermo b\u00f6gre - LEI\",\"isPartOf\":{\"@id\":\"https:\\\/\\\/lean.org.hu\\\/#website\"},\"primaryImageOfPage\":{\"@id\":\"https:\\\/\\\/lean.org.hu\\\/lean-konyvesbolt\\\/lei-thermo-bogre\\\/#primaryimage\"},\"image\":{\"@id\":\"https:\\\/\\\/lean.org.hu\\\/lean-konyvesbolt\\\/lei-thermo-bogre\\\/#primaryimage\"},\"thumbnailUrl\":\"https:\\\/\\\/lean.org.hu\\\/wp-content\\\/uploads\\\/2020\\\/09\\\/Thermo-b\u00f6gre_425x600-1.jpg\",\"datePublished\":\"2020-09-21T10:45:30+00:00\",\"dateModified\":\"2021-09-29T12:10:50+00:00\",\"description\":\"Rozsdamentes ac\u00e9l duplafal\u00fa b\u00f6gre m\u0171anyag bet\u00e9ttel, Lean Enterprise Institute Hungary log\u00f3val, feh\u00e9r aj\u00e1nd\u00e9kdobozban.\",\"breadcrumb\":{\"@id\":\"https:\\\/\\\/lean.org.hu\\\/lean-konyvesbolt\\\/lei-thermo-bogre\\\/#breadcrumb\"},\"inLanguage\":\"en-GB\",\"potentialAction\":[{\"@type\":\"ReadAction\",\"target\":[\"https:\\\/\\\/lean.org.hu\\\/lean-konyvesbolt\\\/lei-thermo-bogre\\\/\"]}]},{\"@type\":\"ImageObject\",\"inLanguage\":\"en-GB\",\"@id\":\"https:\\\/\\\/lean.org.hu\\\/lean-konyvesbolt\\\/lei-thermo-bogre\\\/#primaryimage\",\"url\":\"https:\\\/\\\/lean.org.hu\\\/wp-content\\\/uploads\\\/2020\\\/09\\\/Thermo-b\u00f6gre_425x600-1.jpg\",\"contentUrl\":\"https:\\\/\\\/lean.org.hu\\\/wp-content\\\/uploads\\\/2020\\\/09\\\/Thermo-b\u00f6gre_425x600-1.jpg\",\"width\":425,\"height\":600,\"caption\":\"Thermo b\u00f6gre term\u00e9kk\u00e9p\"},{\"@type\":\"BreadcrumbList\",\"@id\":\"https:\\\/\\\/lean.org.hu\\\/lean-konyvesbolt\\\/lei-thermo-bogre\\\/#breadcrumb\",\"itemListElement\":[{\"@type\":\"ListItem\",\"position\":1,\"name\":\"Kezd\u0151lap\",\"item\":\"https:\\\/\\\/lean.org.hu\\\/\"},{\"@type\":\"ListItem\",\"position\":2,\"name\":\"Web\u00e1ruh\u00e1z oldal\",\"item\":\"http:\\\/\\\/lean.org.hu\\\/en\\\/webaruhaz-aloldal\\\/\"},{\"@type\":\"ListItem\",\"position\":3,\"name\":\"LEI Thermo b\u00f6gre\"}]},{\"@type\":\"WebSite\",\"@id\":\"https:\\\/\\\/lean.org.hu\\\/#website\",\"url\":\"https:\\\/\\\/lean.org.hu\\\/\",\"name\":\"LEI\",\"description\":\"\",\"publisher\":{\"@id\":\"https:\\\/\\\/lean.org.hu\\\/#organization\"},\"potentialAction\":[{\"@type\":\"SearchAction\",\"target\":{\"@type\":\"EntryPoint\",\"urlTemplate\":\"https:\\\/\\\/lean.org.hu\\\/?s={search_term_string}\"},\"query-input\":{\"@type\":\"PropertyValueSpecification\",\"valueRequired\":true,\"valueName\":\"search_term_string\"}}],\"inLanguage\":\"en-GB\"},{\"@type\":\"Organization\",\"@id\":\"https:\\\/\\\/lean.org.hu\\\/#organization\",\"name\":\"LEI\",\"url\":\"https:\\\/\\\/lean.org.hu\\\/\",\"logo\":{\"@type\":\"ImageObject\",\"inLanguage\":\"en-GB\",\"@id\":\"https:\\\/\\\/lean.org.hu\\\/#\\\/schema\\\/logo\\\/image\\\/\",\"url\":\"https:\\\/\\\/lean.org.hu\\\/wp-content\\\/uploads\\\/2020\\\/07\\\/cropped-lean_logo_final_color_horizontal.png\",\"contentUrl\":\"https:\\\/\\\/lean.org.hu\\\/wp-content\\\/uploads\\\/2020\\\/07\\\/cropped-lean_logo_final_color_horizontal.png\",\"width\":779,\"height\":288,\"caption\":\"LEI\"},\"image\":{\"@id\":\"https:\\\/\\\/lean.org.hu\\\/#\\\/schema\\\/logo\\\/image\\\/\"},\"sameAs\":[\"https:\\\/\\\/www.facebook.com\\\/LEI.Hungary\",\"https:\\\/\\\/www.linkedin.com\\\/company\\\/lean-enterprise-institute-hungary\"]}]}<\/script>\n<!-- \/ Yoast SEO plugin. -->","yoast_head_json":{"title":"Lean Enterprise Institute Hungary Thermo b\u00f6gre - LEI","description":"Rozsdamentes ac\u00e9l duplafal\u00fa b\u00f6gre m\u0171anyag bet\u00e9ttel, Lean Enterprise Institute Hungary log\u00f3val, feh\u00e9r aj\u00e1nd\u00e9kdobozban.","robots":{"index":"index","follow":"follow","max-snippet":"max-snippet:-1","max-image-preview":"max-image-preview:large","max-video-preview":"max-video-preview:-1"},"canonical":"https:\/\/lean.org.hu\/en\/lean-konyvesbolt\/lei-thermo-bogre\/","og_locale":"en_GB","og_type":"article","og_title":"LEIH Thermo b\u00f6gre","og_description":"Rozsdamentes ac\u00e9l duplafal\u00fa b\u00f6gre m\u0171anyag bet\u00e9ttel, Lean Enterprise Institute Hungary log\u00f3val, feh\u00e9r aj\u00e1nd\u00e9kdobozban. Nem sziv\u00e1rg\u00e1smentes. Mosogat\u00f3g\u00e9pben nem tiszt\u00edthat\u00f3.","og_url":"https:\/\/lean.org.hu\/en\/lean-konyvesbolt\/lei-thermo-bogre\/","og_site_name":"LEI","article_publisher":"https:\/\/www.facebook.com\/LEI.Hungary","article_modified_time":"2021-09-29T12:10:50+00:00","og_image":[{"width":425,"height":600,"url":"https:\/\/lean.org.hu\/wp-content\/uploads\/2020\/09\/Thermo-b\u00f6gre_425x600-1.jpg","type":"image\/jpeg"}],"twitter_card":"summary_large_image","twitter_misc":{"Estimated reading time":"1 minute"},"schema":{"@context":"https:\/\/schema.org","@graph":[{"@type":"WebPage","@id":"https:\/\/lean.org.hu\/lean-konyvesbolt\/lei-thermo-bogre\/","url":"https:\/\/lean.org.hu\/lean-konyvesbolt\/lei-thermo-bogre\/","name":"Lean Enterprise Institute Hungary Thermo b\u00f6gre - LEI","isPartOf":{"@id":"https:\/\/lean.org.hu\/#website"},"primaryImageOfPage":{"@id":"https:\/\/lean.org.hu\/lean-konyvesbolt\/lei-thermo-bogre\/#primaryimage"},"image":{"@id":"https:\/\/lean.org.hu\/lean-konyvesbolt\/lei-thermo-bogre\/#primaryimage"},"thumbnailUrl":"https:\/\/lean.org.hu\/wp-content\/uploads\/2020\/09\/Thermo-b\u00f6gre_425x600-1.jpg","datePublished":"2020-09-21T10:45:30+00:00","dateModified":"2021-09-29T12:10:50+00:00","description":"Rozsdamentes ac\u00e9l duplafal\u00fa b\u00f6gre m\u0171anyag bet\u00e9ttel, Lean Enterprise Institute Hungary log\u00f3val, feh\u00e9r aj\u00e1nd\u00e9kdobozban.","breadcrumb":{"@id":"https:\/\/lean.org.hu\/lean-konyvesbolt\/lei-thermo-bogre\/#breadcrumb"},"inLanguage":"en-GB","potentialAction":[{"@type":"ReadAction","target":["https:\/\/lean.org.hu\/lean-konyvesbolt\/lei-thermo-bogre\/"]}]},{"@type":"ImageObject","inLanguage":"en-GB","@id":"https:\/\/lean.org.hu\/lean-konyvesbolt\/lei-thermo-bogre\/#primaryimage","url":"https:\/\/lean.org.hu\/wp-content\/uploads\/2020\/09\/Thermo-b\u00f6gre_425x600-1.jpg","contentUrl":"https:\/\/lean.org.hu\/wp-content\/uploads\/2020\/09\/Thermo-b\u00f6gre_425x600-1.jpg","width":425,"height":600,"caption":"Thermo b\u00f6gre term\u00e9kk\u00e9p"},{"@type":"BreadcrumbList","@id":"https:\/\/lean.org.hu\/lean-konyvesbolt\/lei-thermo-bogre\/#breadcrumb","itemListElement":[{"@type":"ListItem","position":1,"name":"Kezd\u0151lap","item":"https:\/\/lean.org.hu\/"},{"@type":"ListItem","position":2,"name":"Web\u00e1ruh\u00e1z oldal","item":"http:\/\/lean.org.hu\/en\/webaruhaz-aloldal\/"},{"@type":"ListItem","position":3,"name":"LEI Thermo b\u00f6gre"}]},{"@type":"WebSite","@id":"https:\/\/lean.org.hu\/#website","url":"https:\/\/lean.org.hu\/","name":"LEI","description":"","publisher":{"@id":"https:\/\/lean.org.hu\/#organization"},"potentialAction":[{"@type":"SearchAction","target":{"@type":"EntryPoint","urlTemplate":"https:\/\/lean.org.hu\/?s={search_term_string}"},"query-input":{"@type":"PropertyValueSpecification","valueRequired":true,"valueName":"search_term_string"}}],"inLanguage":"en-GB"},{"@type":"Organization","@id":"https:\/\/lean.org.hu\/#organization","name":"LEI","url":"https:\/\/lean.org.hu\/","logo":{"@type":"ImageObject","inLanguage":"en-GB","@id":"https:\/\/lean.org.hu\/#\/schema\/logo\/image\/","url":"https:\/\/lean.org.hu\/wp-content\/uploads\/2020\/07\/cropped-lean_logo_final_color_horizontal.png","contentUrl":"https:\/\/lean.org.hu\/wp-content\/uploads\/2020\/07\/cropped-lean_logo_final_color_horizontal.png","width":779,"height":288,"caption":"LEI"},"image":{"@id":"https:\/\/lean.org.hu\/#\/schema\/logo\/image\/"},"sameAs":["https:\/\/www.facebook.com\/LEI.Hungary","https:\/\/www.linkedin.com\/company\/lean-enterprise-institute-hungary"]}]}},"_links":{"self":[{"href":"https:\/\/lean.org.hu\/en\/wp-json\/wp\/v2\/product\/1483","targetHints":{"allow":["GET"]}}],"collection":[{"href":"https:\/\/lean.org.hu\/en\/wp-json\/wp\/v2\/product"}],"about":[{"href":"https:\/\/lean.org.hu\/en\/wp-json\/wp\/v2\/types\/product"}],"wp:featuredmedia":[{"embeddable":true,"href":"https:\/\/lean.org.hu\/en\/wp-json\/wp\/v2\/media\/1505"}],"wp:attachment":[{"href":"https:\/\/lean.org.hu\/en\/wp-json\/wp\/v2\/media?parent=1483"}],"wp:term":[{"taxonomy":"product_brand","embeddable":true,"href":"https:\/\/lean.org.hu\/en\/wp-json\/wp\/v2\/product_brand?post=1483"},{"taxonomy":"product_cat","embeddable":true,"href":"https:\/\/lean.org.hu\/en\/wp-json\/wp\/v2\/product_cat?post=1483"},{"taxonomy":"product_tag","embeddable":true,"href":"https:\/\/lean.org.hu\/en\/wp-json\/wp\/v2\/product_tag?post=1483"}],"curies":[{"name":"wp","href":"https:\/\/api.w.org\/{rel}","templated":true}]}}