{"id":145107,"date":"2024-04-12T07:57:01","date_gmt":"2024-04-12T05:57:01","guid":{"rendered":"https:\/\/lean.org.hu\/?post_type=product&#038;p=145107"},"modified":"2024-04-12T08:00:34","modified_gmt":"2024-04-12T06:00:34","slug":"a-lean-tudas-megosztasa-ingyenesen-letoltheto-masolat","status":"publish","type":"product","link":"https:\/\/lean.org.hu\/en\/lean-konyvesbolt\/putting-people-first-ingyenesen-letoltheto\/","title":{"rendered":"Putting people first &#8211; Ingyenesen let\u00f6lthet\u0151!"},"content":{"rendered":"<p><strong>Putting people first<\/strong><\/p>\n<p><em>\u201cWelcome to the sixth issue of The Design Brief, where we explore practical applications of lean product and process development (LPPD) principles and practices. In this issue, we examine how people-first leadership and investing in your team create not only better products but a more capable organization and a far better work environment. Specifically, our contributors share how they made \u201cputting people first\u201d more than just a slogan by putting words into action across diverse organizations.\u201d <\/em><\/p>\n<p style=\"text-align: right;\"><em>R\u00e9szlet a Putting people first el\u0151szav\u00e1b\u00f3l<\/em><\/p>\n<p style=\"text-align: center;\"><a class=\"wp-block-button__link\" style=\"border-radius: 5px;\" href=\"https:\/\/lean.org.hu\/wp-content\/uploads\/2023\/11\/putting_people_first-ebook.pdf\" target=\"_blank\" rel=\"noreferrer noopener\">A let\u00f6lt\u00e9shez kattints ide!<\/a><\/p>\n<p>Jim Morgan, PhD<br \/>\nSenior Advisor, LPPD<br \/>\nLean Enterprise Institute<\/p>\n<p>Terjedelem: 16 oldal<\/p>","protected":false},"excerpt":{"rendered":"<p><em>\u201cPrioritizing the development team, not processes or technology, is the cornerstone of the most successful product, process, and service development systems. \u201d<\/em><\/p>","protected":false},"featured_media":143191,"template":"","meta":{"_eb_attr":""},"product_brand":[],"product_cat":[87],"product_tag":[],"class_list":{"0":"post-145107","1":"product","2":"type-product","3":"status-publish","4":"has-post-thumbnail","6":"product_cat-letoltheto-tartalmak","7":"infinite-scroll-item","8":"no-featured-image-padding","9":"sales-flash-overlay","10":"woocommerce-text-align-left","11":"woocommerce-image-align-left","12":"do-quantity-buttons","14":"first","15":"outofstock","16":"taxable","17":"shipping-taxable","18":"purchasable","19":"product-type-simple"},"yoast_head":"<!-- This site is optimized with the Yoast SEO plugin v27.4 - https:\/\/yoast.com\/product\/yoast-seo-wordpress\/ -->\n<title>Putting people first - Ingyenesen let\u00f6lthet\u0151! -LEI<\/title>\n<meta name=\"description\" content=\"A lean egyik alapk\u00f6ve a megszerzett tud\u00e1s megoszt\u00e1sa. Az \u00e9rt\u00e9kteremt\u00e9s v\u00e1rosokon, orsz\u00e1gokon \u00e1t\u00edvel\u0151 folyamata sok \u00e9rdekes k\u00e9rd\u00e9st vet fel.\" \/>\n<meta name=\"robots\" content=\"index, follow, max-snippet:-1, max-image-preview:large, max-video-preview:-1\" \/>\n<link rel=\"canonical\" href=\"https:\/\/lean.org.hu\/en\/lean-konyvesbolt\/putting-people-first-ingyenesen-letoltheto\/\" \/>\n<meta property=\"og:locale\" content=\"en_GB\" \/>\n<meta property=\"og:type\" content=\"article\" \/>\n<meta property=\"og:title\" content=\"A lean tud\u00e1s megoszt\u00e1sa - Ingyenesen let\u00f6lthet\u0151!\" \/>\n<meta property=\"og:description\" content=\"A lean egyik alapk\u00f6ve a megszerzett tud\u00e1s megoszt\u00e1sa. Az \u00e9rt\u00e9kteremt\u00e9s v\u00e1rosokon, orsz\u00e1gokon \u00e1t\u00edvel\u0151 folyamata sok \u00e9rdekes k\u00e9rd\u00e9st vet fel.\" \/>\n<meta property=\"og:url\" content=\"https:\/\/lean.org.hu\/en\/lean-konyvesbolt\/putting-people-first-ingyenesen-letoltheto\/\" \/>\n<meta property=\"og:site_name\" content=\"LEI\" \/>\n<meta property=\"article:publisher\" content=\"https:\/\/www.facebook.com\/LEI.Hungary\" \/>\n<meta property=\"article:modified_time\" content=\"2024-04-12T06:00:34+00:00\" \/>\n<meta property=\"og:image\" content=\"https:\/\/lean.org.hu\/wp-content\/uploads\/2023\/11\/putting_people_first-ebook-01-1.png\" \/>\n\t<meta property=\"og:image:width\" content=\"1700\" \/>\n\t<meta property=\"og:image:height\" content=\"2200\" \/>\n\t<meta property=\"og:image:type\" content=\"image\/png\" \/>\n<meta name=\"twitter:card\" content=\"summary_large_image\" \/>\n<meta name=\"twitter:label1\" content=\"Estimated reading time\" \/>\n\t<meta name=\"twitter:data1\" content=\"1 minute\" \/>\n<script type=\"application\/ld+json\" class=\"yoast-schema-graph\">{\"@context\":\"https:\\\/\\\/schema.org\",\"@graph\":[{\"@type\":\"WebPage\",\"@id\":\"https:\\\/\\\/lean.org.hu\\\/lean-konyvesbolt\\\/putting-people-first-ingyenesen-letoltheto\\\/\",\"url\":\"https:\\\/\\\/lean.org.hu\\\/lean-konyvesbolt\\\/putting-people-first-ingyenesen-letoltheto\\\/\",\"name\":\"Putting people first - Ingyenesen let\u00f6lthet\u0151! -LEI\",\"isPartOf\":{\"@id\":\"https:\\\/\\\/lean.org.hu\\\/#website\"},\"primaryImageOfPage\":{\"@id\":\"https:\\\/\\\/lean.org.hu\\\/lean-konyvesbolt\\\/putting-people-first-ingyenesen-letoltheto\\\/#primaryimage\"},\"image\":{\"@id\":\"https:\\\/\\\/lean.org.hu\\\/lean-konyvesbolt\\\/putting-people-first-ingyenesen-letoltheto\\\/#primaryimage\"},\"thumbnailUrl\":\"https:\\\/\\\/lean.org.hu\\\/wp-content\\\/uploads\\\/2023\\\/11\\\/putting_people_first-ebook-01-1.png\",\"datePublished\":\"2024-04-12T05:57:01+00:00\",\"dateModified\":\"2024-04-12T06:00:34+00:00\",\"description\":\"A lean egyik alapk\u00f6ve a megszerzett tud\u00e1s megoszt\u00e1sa. Az \u00e9rt\u00e9kteremt\u00e9s v\u00e1rosokon, orsz\u00e1gokon \u00e1t\u00edvel\u0151 folyamata sok \u00e9rdekes k\u00e9rd\u00e9st vet fel.\",\"breadcrumb\":{\"@id\":\"https:\\\/\\\/lean.org.hu\\\/lean-konyvesbolt\\\/putting-people-first-ingyenesen-letoltheto\\\/#breadcrumb\"},\"inLanguage\":\"en-GB\",\"potentialAction\":[{\"@type\":\"ReadAction\",\"target\":[\"https:\\\/\\\/lean.org.hu\\\/lean-konyvesbolt\\\/putting-people-first-ingyenesen-letoltheto\\\/\"]}]},{\"@type\":\"ImageObject\",\"inLanguage\":\"en-GB\",\"@id\":\"https:\\\/\\\/lean.org.hu\\\/lean-konyvesbolt\\\/putting-people-first-ingyenesen-letoltheto\\\/#primaryimage\",\"url\":\"https:\\\/\\\/lean.org.hu\\\/wp-content\\\/uploads\\\/2023\\\/11\\\/putting_people_first-ebook-01-1.png\",\"contentUrl\":\"https:\\\/\\\/lean.org.hu\\\/wp-content\\\/uploads\\\/2023\\\/11\\\/putting_people_first-ebook-01-1.png\",\"width\":1700,\"height\":2200},{\"@type\":\"BreadcrumbList\",\"@id\":\"https:\\\/\\\/lean.org.hu\\\/lean-konyvesbolt\\\/putting-people-first-ingyenesen-letoltheto\\\/#breadcrumb\",\"itemListElement\":[{\"@type\":\"ListItem\",\"position\":1,\"name\":\"Kezd\u0151lap\",\"item\":\"https:\\\/\\\/lean.org.hu\\\/\"},{\"@type\":\"ListItem\",\"position\":2,\"name\":\"Web\u00e1ruh\u00e1z oldal\",\"item\":\"http:\\\/\\\/lean.org.hu\\\/en\\\/webaruhaz-aloldal\\\/\"},{\"@type\":\"ListItem\",\"position\":3,\"name\":\"Putting people first &#8211; Ingyenesen let\u00f6lthet\u0151!\"}]},{\"@type\":\"WebSite\",\"@id\":\"https:\\\/\\\/lean.org.hu\\\/#website\",\"url\":\"https:\\\/\\\/lean.org.hu\\\/\",\"name\":\"LEI\",\"description\":\"\",\"publisher\":{\"@id\":\"https:\\\/\\\/lean.org.hu\\\/#organization\"},\"potentialAction\":[{\"@type\":\"SearchAction\",\"target\":{\"@type\":\"EntryPoint\",\"urlTemplate\":\"https:\\\/\\\/lean.org.hu\\\/?s={search_term_string}\"},\"query-input\":{\"@type\":\"PropertyValueSpecification\",\"valueRequired\":true,\"valueName\":\"search_term_string\"}}],\"inLanguage\":\"en-GB\"},{\"@type\":\"Organization\",\"@id\":\"https:\\\/\\\/lean.org.hu\\\/#organization\",\"name\":\"LEI\",\"url\":\"https:\\\/\\\/lean.org.hu\\\/\",\"logo\":{\"@type\":\"ImageObject\",\"inLanguage\":\"en-GB\",\"@id\":\"https:\\\/\\\/lean.org.hu\\\/#\\\/schema\\\/logo\\\/image\\\/\",\"url\":\"https:\\\/\\\/lean.org.hu\\\/wp-content\\\/uploads\\\/2020\\\/07\\\/cropped-lean_logo_final_color_horizontal.png\",\"contentUrl\":\"https:\\\/\\\/lean.org.hu\\\/wp-content\\\/uploads\\\/2020\\\/07\\\/cropped-lean_logo_final_color_horizontal.png\",\"width\":779,\"height\":288,\"caption\":\"LEI\"},\"image\":{\"@id\":\"https:\\\/\\\/lean.org.hu\\\/#\\\/schema\\\/logo\\\/image\\\/\"},\"sameAs\":[\"https:\\\/\\\/www.facebook.com\\\/LEI.Hungary\",\"https:\\\/\\\/www.linkedin.com\\\/company\\\/lean-enterprise-institute-hungary\"]}]}<\/script>\n<!-- \/ Yoast SEO plugin. -->","yoast_head_json":{"title":"Putting people first - Ingyenesen let\u00f6lthet\u0151! -LEI","description":"A lean egyik alapk\u00f6ve a megszerzett tud\u00e1s megoszt\u00e1sa. Az \u00e9rt\u00e9kteremt\u00e9s v\u00e1rosokon, orsz\u00e1gokon \u00e1t\u00edvel\u0151 folyamata sok \u00e9rdekes k\u00e9rd\u00e9st vet fel.","robots":{"index":"index","follow":"follow","max-snippet":"max-snippet:-1","max-image-preview":"max-image-preview:large","max-video-preview":"max-video-preview:-1"},"canonical":"https:\/\/lean.org.hu\/en\/lean-konyvesbolt\/putting-people-first-ingyenesen-letoltheto\/","og_locale":"en_GB","og_type":"article","og_title":"A lean tud\u00e1s megoszt\u00e1sa - Ingyenesen let\u00f6lthet\u0151!","og_description":"A lean egyik alapk\u00f6ve a megszerzett tud\u00e1s megoszt\u00e1sa. Az \u00e9rt\u00e9kteremt\u00e9s v\u00e1rosokon, orsz\u00e1gokon \u00e1t\u00edvel\u0151 folyamata sok \u00e9rdekes k\u00e9rd\u00e9st vet fel.","og_url":"https:\/\/lean.org.hu\/en\/lean-konyvesbolt\/putting-people-first-ingyenesen-letoltheto\/","og_site_name":"LEI","article_publisher":"https:\/\/www.facebook.com\/LEI.Hungary","article_modified_time":"2024-04-12T06:00:34+00:00","og_image":[{"width":1700,"height":2200,"url":"https:\/\/lean.org.hu\/wp-content\/uploads\/2023\/11\/putting_people_first-ebook-01-1.png","type":"image\/png"}],"twitter_card":"summary_large_image","twitter_misc":{"Estimated reading time":"1 minute"},"schema":{"@context":"https:\/\/schema.org","@graph":[{"@type":"WebPage","@id":"https:\/\/lean.org.hu\/lean-konyvesbolt\/putting-people-first-ingyenesen-letoltheto\/","url":"https:\/\/lean.org.hu\/lean-konyvesbolt\/putting-people-first-ingyenesen-letoltheto\/","name":"Putting people first - Ingyenesen let\u00f6lthet\u0151! -LEI","isPartOf":{"@id":"https:\/\/lean.org.hu\/#website"},"primaryImageOfPage":{"@id":"https:\/\/lean.org.hu\/lean-konyvesbolt\/putting-people-first-ingyenesen-letoltheto\/#primaryimage"},"image":{"@id":"https:\/\/lean.org.hu\/lean-konyvesbolt\/putting-people-first-ingyenesen-letoltheto\/#primaryimage"},"thumbnailUrl":"https:\/\/lean.org.hu\/wp-content\/uploads\/2023\/11\/putting_people_first-ebook-01-1.png","datePublished":"2024-04-12T05:57:01+00:00","dateModified":"2024-04-12T06:00:34+00:00","description":"A lean egyik alapk\u00f6ve a megszerzett tud\u00e1s megoszt\u00e1sa. Az \u00e9rt\u00e9kteremt\u00e9s v\u00e1rosokon, orsz\u00e1gokon \u00e1t\u00edvel\u0151 folyamata sok \u00e9rdekes k\u00e9rd\u00e9st vet fel.","breadcrumb":{"@id":"https:\/\/lean.org.hu\/lean-konyvesbolt\/putting-people-first-ingyenesen-letoltheto\/#breadcrumb"},"inLanguage":"en-GB","potentialAction":[{"@type":"ReadAction","target":["https:\/\/lean.org.hu\/lean-konyvesbolt\/putting-people-first-ingyenesen-letoltheto\/"]}]},{"@type":"ImageObject","inLanguage":"en-GB","@id":"https:\/\/lean.org.hu\/lean-konyvesbolt\/putting-people-first-ingyenesen-letoltheto\/#primaryimage","url":"https:\/\/lean.org.hu\/wp-content\/uploads\/2023\/11\/putting_people_first-ebook-01-1.png","contentUrl":"https:\/\/lean.org.hu\/wp-content\/uploads\/2023\/11\/putting_people_first-ebook-01-1.png","width":1700,"height":2200},{"@type":"BreadcrumbList","@id":"https:\/\/lean.org.hu\/lean-konyvesbolt\/putting-people-first-ingyenesen-letoltheto\/#breadcrumb","itemListElement":[{"@type":"ListItem","position":1,"name":"Kezd\u0151lap","item":"https:\/\/lean.org.hu\/"},{"@type":"ListItem","position":2,"name":"Web\u00e1ruh\u00e1z oldal","item":"http:\/\/lean.org.hu\/en\/webaruhaz-aloldal\/"},{"@type":"ListItem","position":3,"name":"Putting people first &#8211; Ingyenesen let\u00f6lthet\u0151!"}]},{"@type":"WebSite","@id":"https:\/\/lean.org.hu\/#website","url":"https:\/\/lean.org.hu\/","name":"LEI","description":"","publisher":{"@id":"https:\/\/lean.org.hu\/#organization"},"potentialAction":[{"@type":"SearchAction","target":{"@type":"EntryPoint","urlTemplate":"https:\/\/lean.org.hu\/?s={search_term_string}"},"query-input":{"@type":"PropertyValueSpecification","valueRequired":true,"valueName":"search_term_string"}}],"inLanguage":"en-GB"},{"@type":"Organization","@id":"https:\/\/lean.org.hu\/#organization","name":"LEI","url":"https:\/\/lean.org.hu\/","logo":{"@type":"ImageObject","inLanguage":"en-GB","@id":"https:\/\/lean.org.hu\/#\/schema\/logo\/image\/","url":"https:\/\/lean.org.hu\/wp-content\/uploads\/2020\/07\/cropped-lean_logo_final_color_horizontal.png","contentUrl":"https:\/\/lean.org.hu\/wp-content\/uploads\/2020\/07\/cropped-lean_logo_final_color_horizontal.png","width":779,"height":288,"caption":"LEI"},"image":{"@id":"https:\/\/lean.org.hu\/#\/schema\/logo\/image\/"},"sameAs":["https:\/\/www.facebook.com\/LEI.Hungary","https:\/\/www.linkedin.com\/company\/lean-enterprise-institute-hungary"]}]}},"_links":{"self":[{"href":"https:\/\/lean.org.hu\/en\/wp-json\/wp\/v2\/product\/145107","targetHints":{"allow":["GET"]}}],"collection":[{"href":"https:\/\/lean.org.hu\/en\/wp-json\/wp\/v2\/product"}],"about":[{"href":"https:\/\/lean.org.hu\/en\/wp-json\/wp\/v2\/types\/product"}],"wp:featuredmedia":[{"embeddable":true,"href":"https:\/\/lean.org.hu\/en\/wp-json\/wp\/v2\/media\/143191"}],"wp:attachment":[{"href":"https:\/\/lean.org.hu\/en\/wp-json\/wp\/v2\/media?parent=145107"}],"wp:term":[{"taxonomy":"product_brand","embeddable":true,"href":"https:\/\/lean.org.hu\/en\/wp-json\/wp\/v2\/product_brand?post=145107"},{"taxonomy":"product_cat","embeddable":true,"href":"https:\/\/lean.org.hu\/en\/wp-json\/wp\/v2\/product_cat?post=145107"},{"taxonomy":"product_tag","embeddable":true,"href":"https:\/\/lean.org.hu\/en\/wp-json\/wp\/v2\/product_tag?post=145107"}],"curies":[{"name":"wp","href":"https:\/\/api.w.org\/{rel}","templated":true}]}}