{"id":1386,"date":"2020-09-17T10:48:58","date_gmt":"2020-09-17T08:48:58","guid":{"rendered":"http:\/\/generaciokpartnere.hu\/leiwp\/?post_type=product&#038;p=1386"},"modified":"2026-02-12T15:10:33","modified_gmt":"2026-02-12T14:10:33","slug":"egyperces-menedzsment","status":"publish","type":"product","link":"https:\/\/lean.org.hu\/en\/lean-konyvesbolt\/egyperces-menedzsment\/","title":{"rendered":"Egyperces menedzsment"},"content":{"rendered":"<div>\n<p><strong>Egyperces menedzsment\u00a0<\/strong><em>(The One Minute Manager)<\/em><br \/>\nKen Blanchard \u00e9s Dr. Spencer Johnson<\/p>\n<p>Mik\u00e9nt \u00f6szt\u00f6n\u00f6zhetj\u00fck \u00f6n\u00e1ll\u00f3 \u00e9s hat\u00e9kony munkav\u00e9gz\u00e9sre csapatunk tagjait?<\/p>\n<p>Hogyan n\u00f6velhetj\u00fck szervezet\u00fcnk alkalmazkod\u00f3k\u00e9pess\u00e9g\u00e9t?<\/p>\n<p>Hogyan \u00e9rj\u00fcnk el kevesebb stresszel hamarabb sikereket?<\/p>\n<p>Vezet\u0151k\u00e9nt kih\u00edv\u00e1sokkal teli, felgyorsult vil\u00e1gunkban sem feledkezhet\u00fcnk meg a legfontosabb \u00e9rt\u00e9k\u00fcnkr\u0151l: az embereinkr\u0151l. Az Egyperces menedzsment naprak\u00e9sz technik\u00e1ival hat\u00e9konyan fejleszthetj\u00fck munkat\u00e1rsaink probl\u00e9mamegold\u00f3- \u00e9s alkalmazkod\u00f3k\u00e9pess\u00e9g\u00e9t.<\/p>\n<p>Ken Blanchard \u00e9s Spencer Johnson elismert menedzsmentszak\u00e9rt\u0151k egy olvasm\u00e1nyos, egyedi st\u00edlusban meg\u00edrt t\u00f6rt\u00e9netben h\u00e1rom gyakorlatias titkot fednek fel: az egyperces c\u00e9lkit\u0171z\u00e9st, dics\u00e9retet \u00e9s ir\u00e1nymutat\u00e1st. A viselked\u00e9studom\u00e1ny kutat\u00e1saira \u00e9p\u00edt\u0151 m\u00f3dszer\u00fcket k\u00f6nnyen alkalmazhatjuk saj\u00e1t vezet\u00e9si gyakorlatunkban is.<\/p>\n<\/div>\n<p style=\"text-align: center;\"><a class=\"wp-block-button__link\" style=\"border-radius: 5px;\" href=\"https:\/\/drive.google.com\/file\/d\/1OqujRnWp81YroXty3ZxWm701TNUu5_Cv\/view?usp=sharing\" target=\"_blank\" rel=\"noreferrer noopener\">Olvass bele a k\u00f6nyvbe!<\/a><\/p>\n<p>ISBN 978-963-304-460-5<br \/>\nTerjedelem: 119 oldal<\/p>\n<p style=\"text-align: right;\">","protected":false},"excerpt":{"rendered":"<p><em>Az Egyperces menedzsment naprak\u00e9sz technik\u00e1ival hat\u00e9konyan fejleszthetj\u00fck munkat\u00e1rsaink probl\u00e9mamegold\u00f3- \u00e9s alkalmazkod\u00f3k\u00e9pess\u00e9g\u00e9t.<\/em><\/p>","protected":false},"featured_media":2817,"template":"","meta":{"_eb_attr":""},"product_brand":[],"product_cat":[181,173],"product_tag":[],"class_list":{"0":"post-1386","1":"product","2":"type-product","3":"status-publish","4":"has-post-thumbnail","6":"product_cat-lean-konyvek-vezetes","7":"product_cat-lean-konyvesbolt","8":"infinite-scroll-item","9":"no-featured-image-padding","10":"sales-flash-overlay","11":"woocommerce-text-align-left","12":"woocommerce-image-align-left","13":"do-quantity-buttons","15":"first","16":"instock","17":"taxable","18":"shipping-taxable","19":"purchasable","20":"product-type-variable"},"yoast_head":"<!-- This site is optimized with the Yoast SEO plugin v27.4 - https:\/\/yoast.com\/product\/yoast-seo-wordpress\/ -->\n<title>Egyperces menedzsment - Kevesebb stressz, nagyobb siker! - LEI<\/title>\n<meta name=\"description\" content=\"Az Egyperces menedzsment naprak\u00e9sz technik\u00e1ival hat\u00e9konyan fejleszthetj\u00fck munkat\u00e1rsaink probl\u00e9mamegold\u00f3-, \u00e9s alkalmazkod\u00f3k\u00e9pess\u00e9g\u00e9t.\" \/>\n<meta name=\"robots\" content=\"index, follow, max-snippet:-1, max-image-preview:large, max-video-preview:-1\" \/>\n<link rel=\"canonical\" href=\"https:\/\/lean.org.hu\/en\/lean-konyvesbolt\/egyperces-menedzsment\/\" \/>\n<meta property=\"og:locale\" content=\"en_GB\" \/>\n<meta property=\"og:type\" content=\"article\" \/>\n<meta property=\"og:title\" content=\"Egyperces menedzsment\" \/>\n<meta property=\"og:description\" content=\"Az Egyperces menedzsment naprak\u00e9sz technik\u00e1ival hat\u00e9konyan fejleszthetj\u00fck munkat\u00e1rsaink probl\u00e9mamegold\u00f3-, \u00e9s alkalmazkod\u00f3k\u00e9pess\u00e9g\u00e9t.\" \/>\n<meta property=\"og:url\" content=\"https:\/\/lean.org.hu\/en\/lean-konyvesbolt\/egyperces-menedzsment\/\" \/>\n<meta property=\"og:site_name\" content=\"LEI\" \/>\n<meta property=\"article:publisher\" content=\"https:\/\/www.facebook.com\/LEI.Hungary\" \/>\n<meta property=\"article:modified_time\" content=\"2026-02-12T14:10:33+00:00\" \/>\n<meta property=\"og:image\" content=\"https:\/\/lean.org.hu\/wp-content\/uploads\/2020\/09\/Egyperces-menedzsment_Bor\u00edt\u00f3k_425x600-1.jpg\" \/>\n\t<meta property=\"og:image:width\" content=\"425\" \/>\n\t<meta property=\"og:image:height\" content=\"600\" \/>\n\t<meta property=\"og:image:type\" content=\"image\/jpeg\" \/>\n<meta name=\"twitter:card\" content=\"summary_large_image\" \/>\n<meta name=\"twitter:label1\" content=\"Estimated reading time\" \/>\n\t<meta name=\"twitter:data1\" content=\"1 minute\" \/>\n<script type=\"application\/ld+json\" class=\"yoast-schema-graph\">{\"@context\":\"https:\\\/\\\/schema.org\",\"@graph\":[{\"@type\":\"WebPage\",\"@id\":\"https:\\\/\\\/lean.org.hu\\\/lean-konyvesbolt\\\/egyperces-menedzsment\\\/\",\"url\":\"https:\\\/\\\/lean.org.hu\\\/lean-konyvesbolt\\\/egyperces-menedzsment\\\/\",\"name\":\"Egyperces menedzsment - Kevesebb stressz, nagyobb siker! - LEI\",\"isPartOf\":{\"@id\":\"https:\\\/\\\/lean.org.hu\\\/#website\"},\"primaryImageOfPage\":{\"@id\":\"https:\\\/\\\/lean.org.hu\\\/lean-konyvesbolt\\\/egyperces-menedzsment\\\/#primaryimage\"},\"image\":{\"@id\":\"https:\\\/\\\/lean.org.hu\\\/lean-konyvesbolt\\\/egyperces-menedzsment\\\/#primaryimage\"},\"thumbnailUrl\":\"https:\\\/\\\/lean.org.hu\\\/wp-content\\\/uploads\\\/2020\\\/09\\\/Egyperces-menedzsment_Bor\u00edt\u00f3k_425x600-1.jpg\",\"datePublished\":\"2020-09-17T08:48:58+00:00\",\"dateModified\":\"2026-02-12T14:10:33+00:00\",\"description\":\"Az Egyperces menedzsment naprak\u00e9sz technik\u00e1ival hat\u00e9konyan fejleszthetj\u00fck munkat\u00e1rsaink probl\u00e9mamegold\u00f3-, \u00e9s alkalmazkod\u00f3k\u00e9pess\u00e9g\u00e9t.\",\"breadcrumb\":{\"@id\":\"https:\\\/\\\/lean.org.hu\\\/lean-konyvesbolt\\\/egyperces-menedzsment\\\/#breadcrumb\"},\"inLanguage\":\"en-GB\",\"potentialAction\":[{\"@type\":\"ReadAction\",\"target\":[\"https:\\\/\\\/lean.org.hu\\\/lean-konyvesbolt\\\/egyperces-menedzsment\\\/\"]}]},{\"@type\":\"ImageObject\",\"inLanguage\":\"en-GB\",\"@id\":\"https:\\\/\\\/lean.org.hu\\\/lean-konyvesbolt\\\/egyperces-menedzsment\\\/#primaryimage\",\"url\":\"https:\\\/\\\/lean.org.hu\\\/wp-content\\\/uploads\\\/2020\\\/09\\\/Egyperces-menedzsment_Bor\u00edt\u00f3k_425x600-1.jpg\",\"contentUrl\":\"https:\\\/\\\/lean.org.hu\\\/wp-content\\\/uploads\\\/2020\\\/09\\\/Egyperces-menedzsment_Bor\u00edt\u00f3k_425x600-1.jpg\",\"width\":425,\"height\":600,\"caption\":\"Egyperces menedzsment\"},{\"@type\":\"BreadcrumbList\",\"@id\":\"https:\\\/\\\/lean.org.hu\\\/lean-konyvesbolt\\\/egyperces-menedzsment\\\/#breadcrumb\",\"itemListElement\":[{\"@type\":\"ListItem\",\"position\":1,\"name\":\"Kezd\u0151lap\",\"item\":\"https:\\\/\\\/lean.org.hu\\\/\"},{\"@type\":\"ListItem\",\"position\":2,\"name\":\"Web\u00e1ruh\u00e1z oldal\",\"item\":\"http:\\\/\\\/lean.org.hu\\\/en\\\/webaruhaz-aloldal\\\/\"},{\"@type\":\"ListItem\",\"position\":3,\"name\":\"Egyperces menedzsment\"}]},{\"@type\":\"WebSite\",\"@id\":\"https:\\\/\\\/lean.org.hu\\\/#website\",\"url\":\"https:\\\/\\\/lean.org.hu\\\/\",\"name\":\"LEI\",\"description\":\"\",\"publisher\":{\"@id\":\"https:\\\/\\\/lean.org.hu\\\/#organization\"},\"potentialAction\":[{\"@type\":\"SearchAction\",\"target\":{\"@type\":\"EntryPoint\",\"urlTemplate\":\"https:\\\/\\\/lean.org.hu\\\/?s={search_term_string}\"},\"query-input\":{\"@type\":\"PropertyValueSpecification\",\"valueRequired\":true,\"valueName\":\"search_term_string\"}}],\"inLanguage\":\"en-GB\"},{\"@type\":\"Organization\",\"@id\":\"https:\\\/\\\/lean.org.hu\\\/#organization\",\"name\":\"LEI\",\"url\":\"https:\\\/\\\/lean.org.hu\\\/\",\"logo\":{\"@type\":\"ImageObject\",\"inLanguage\":\"en-GB\",\"@id\":\"https:\\\/\\\/lean.org.hu\\\/#\\\/schema\\\/logo\\\/image\\\/\",\"url\":\"https:\\\/\\\/lean.org.hu\\\/wp-content\\\/uploads\\\/2020\\\/07\\\/cropped-lean_logo_final_color_horizontal.png\",\"contentUrl\":\"https:\\\/\\\/lean.org.hu\\\/wp-content\\\/uploads\\\/2020\\\/07\\\/cropped-lean_logo_final_color_horizontal.png\",\"width\":779,\"height\":288,\"caption\":\"LEI\"},\"image\":{\"@id\":\"https:\\\/\\\/lean.org.hu\\\/#\\\/schema\\\/logo\\\/image\\\/\"},\"sameAs\":[\"https:\\\/\\\/www.facebook.com\\\/LEI.Hungary\",\"https:\\\/\\\/www.linkedin.com\\\/company\\\/lean-enterprise-institute-hungary\"]}]}<\/script>\n<!-- \/ Yoast SEO plugin. -->","yoast_head_json":{"title":"Egyperces menedzsment - Kevesebb stressz, nagyobb siker! - LEI","description":"Az Egyperces menedzsment naprak\u00e9sz technik\u00e1ival hat\u00e9konyan fejleszthetj\u00fck munkat\u00e1rsaink probl\u00e9mamegold\u00f3-, \u00e9s alkalmazkod\u00f3k\u00e9pess\u00e9g\u00e9t.","robots":{"index":"index","follow":"follow","max-snippet":"max-snippet:-1","max-image-preview":"max-image-preview:large","max-video-preview":"max-video-preview:-1"},"canonical":"https:\/\/lean.org.hu\/en\/lean-konyvesbolt\/egyperces-menedzsment\/","og_locale":"en_GB","og_type":"article","og_title":"Egyperces menedzsment","og_description":"Az Egyperces menedzsment naprak\u00e9sz technik\u00e1ival hat\u00e9konyan fejleszthetj\u00fck munkat\u00e1rsaink probl\u00e9mamegold\u00f3-, \u00e9s alkalmazkod\u00f3k\u00e9pess\u00e9g\u00e9t.","og_url":"https:\/\/lean.org.hu\/en\/lean-konyvesbolt\/egyperces-menedzsment\/","og_site_name":"LEI","article_publisher":"https:\/\/www.facebook.com\/LEI.Hungary","article_modified_time":"2026-02-12T14:10:33+00:00","og_image":[{"width":425,"height":600,"url":"https:\/\/lean.org.hu\/wp-content\/uploads\/2020\/09\/Egyperces-menedzsment_Bor\u00edt\u00f3k_425x600-1.jpg","type":"image\/jpeg"}],"twitter_card":"summary_large_image","twitter_misc":{"Estimated reading time":"1 minute"},"schema":{"@context":"https:\/\/schema.org","@graph":[{"@type":"WebPage","@id":"https:\/\/lean.org.hu\/lean-konyvesbolt\/egyperces-menedzsment\/","url":"https:\/\/lean.org.hu\/lean-konyvesbolt\/egyperces-menedzsment\/","name":"Egyperces menedzsment - Kevesebb stressz, nagyobb siker! - LEI","isPartOf":{"@id":"https:\/\/lean.org.hu\/#website"},"primaryImageOfPage":{"@id":"https:\/\/lean.org.hu\/lean-konyvesbolt\/egyperces-menedzsment\/#primaryimage"},"image":{"@id":"https:\/\/lean.org.hu\/lean-konyvesbolt\/egyperces-menedzsment\/#primaryimage"},"thumbnailUrl":"https:\/\/lean.org.hu\/wp-content\/uploads\/2020\/09\/Egyperces-menedzsment_Bor\u00edt\u00f3k_425x600-1.jpg","datePublished":"2020-09-17T08:48:58+00:00","dateModified":"2026-02-12T14:10:33+00:00","description":"Az Egyperces menedzsment naprak\u00e9sz technik\u00e1ival hat\u00e9konyan fejleszthetj\u00fck munkat\u00e1rsaink probl\u00e9mamegold\u00f3-, \u00e9s alkalmazkod\u00f3k\u00e9pess\u00e9g\u00e9t.","breadcrumb":{"@id":"https:\/\/lean.org.hu\/lean-konyvesbolt\/egyperces-menedzsment\/#breadcrumb"},"inLanguage":"en-GB","potentialAction":[{"@type":"ReadAction","target":["https:\/\/lean.org.hu\/lean-konyvesbolt\/egyperces-menedzsment\/"]}]},{"@type":"ImageObject","inLanguage":"en-GB","@id":"https:\/\/lean.org.hu\/lean-konyvesbolt\/egyperces-menedzsment\/#primaryimage","url":"https:\/\/lean.org.hu\/wp-content\/uploads\/2020\/09\/Egyperces-menedzsment_Bor\u00edt\u00f3k_425x600-1.jpg","contentUrl":"https:\/\/lean.org.hu\/wp-content\/uploads\/2020\/09\/Egyperces-menedzsment_Bor\u00edt\u00f3k_425x600-1.jpg","width":425,"height":600,"caption":"Egyperces menedzsment"},{"@type":"BreadcrumbList","@id":"https:\/\/lean.org.hu\/lean-konyvesbolt\/egyperces-menedzsment\/#breadcrumb","itemListElement":[{"@type":"ListItem","position":1,"name":"Kezd\u0151lap","item":"https:\/\/lean.org.hu\/"},{"@type":"ListItem","position":2,"name":"Web\u00e1ruh\u00e1z oldal","item":"http:\/\/lean.org.hu\/en\/webaruhaz-aloldal\/"},{"@type":"ListItem","position":3,"name":"Egyperces menedzsment"}]},{"@type":"WebSite","@id":"https:\/\/lean.org.hu\/#website","url":"https:\/\/lean.org.hu\/","name":"LEI","description":"","publisher":{"@id":"https:\/\/lean.org.hu\/#organization"},"potentialAction":[{"@type":"SearchAction","target":{"@type":"EntryPoint","urlTemplate":"https:\/\/lean.org.hu\/?s={search_term_string}"},"query-input":{"@type":"PropertyValueSpecification","valueRequired":true,"valueName":"search_term_string"}}],"inLanguage":"en-GB"},{"@type":"Organization","@id":"https:\/\/lean.org.hu\/#organization","name":"LEI","url":"https:\/\/lean.org.hu\/","logo":{"@type":"ImageObject","inLanguage":"en-GB","@id":"https:\/\/lean.org.hu\/#\/schema\/logo\/image\/","url":"https:\/\/lean.org.hu\/wp-content\/uploads\/2020\/07\/cropped-lean_logo_final_color_horizontal.png","contentUrl":"https:\/\/lean.org.hu\/wp-content\/uploads\/2020\/07\/cropped-lean_logo_final_color_horizontal.png","width":779,"height":288,"caption":"LEI"},"image":{"@id":"https:\/\/lean.org.hu\/#\/schema\/logo\/image\/"},"sameAs":["https:\/\/www.facebook.com\/LEI.Hungary","https:\/\/www.linkedin.com\/company\/lean-enterprise-institute-hungary"]}]}},"_links":{"self":[{"href":"https:\/\/lean.org.hu\/en\/wp-json\/wp\/v2\/product\/1386","targetHints":{"allow":["GET"]}}],"collection":[{"href":"https:\/\/lean.org.hu\/en\/wp-json\/wp\/v2\/product"}],"about":[{"href":"https:\/\/lean.org.hu\/en\/wp-json\/wp\/v2\/types\/product"}],"wp:featuredmedia":[{"embeddable":true,"href":"https:\/\/lean.org.hu\/en\/wp-json\/wp\/v2\/media\/2817"}],"wp:attachment":[{"href":"https:\/\/lean.org.hu\/en\/wp-json\/wp\/v2\/media?parent=1386"}],"wp:term":[{"taxonomy":"product_brand","embeddable":true,"href":"https:\/\/lean.org.hu\/en\/wp-json\/wp\/v2\/product_brand?post=1386"},{"taxonomy":"product_cat","embeddable":true,"href":"https:\/\/lean.org.hu\/en\/wp-json\/wp\/v2\/product_cat?post=1386"},{"taxonomy":"product_tag","embeddable":true,"href":"https:\/\/lean.org.hu\/en\/wp-json\/wp\/v2\/product_tag?post=1386"}],"curies":[{"name":"wp","href":"https:\/\/api.w.org\/{rel}","templated":true}]}}