{"id":138146,"date":"2022-04-29T13:52:31","date_gmt":"2022-04-29T11:52:31","guid":{"rendered":"https:\/\/lean.org.hu\/?post_type=product&#038;p=138146"},"modified":"2026-02-12T14:31:02","modified_gmt":"2026-02-12T13:31:02","slug":"kaizen-strategia","status":"publish","type":"product","link":"https:\/\/lean.org.hu\/en\/lean-konyvesbolt\/kaizen-strategia\/","title":{"rendered":"KAIZEN\u2122 strat\u00e9gia"},"content":{"rendered":"<div>\n<p><strong>KAIZEN\u2122 strat\u00e9gia<\/strong> \u2013 A m\u0171k\u00f6d\u00e9si teljes\u00edtm\u00e9ny m\u00e9r\u00e9se \u00e9s meger\u0151s\u00edt\u00e9se az \u00e1raml\u00e1s, szinkroniz\u00e1l\u00e1s \u00e9s kiegyenl\u00edt\u00e9s (FSL<strong>\u2122<\/strong>) \u00e9rt\u00e9kel\u00e9s\u00e9vel<\/p>\n<p><em>Imai Maszaaki<br \/>\n<\/em><\/p>\n<p>Hogyan lehet a hagyom\u00e1nyos v\u00e1llalatokat lean v\u00e1llalatokk\u00e1 alak\u00edtani?<br \/>\nMik\u00e9nt \u00e9rhet\u00fcnk el jelent\u0151sebb teljes\u00edtm\u00e9nyt gyorsabban \u00e9s alacsonyabb k\u00f6lts\u00e9gekkel?<br \/>\nMi\u00e9rt elengedhetetlen a kaizen szeml\u00e9letet holisztikusan, az eg\u00e9sz szervezetre kiterjed\u0151en alkalmazni?<br \/>\nA v\u00e1llalatok nagy r\u00e9sz\u00e9n\u00e9l els\u0151sorban a p\u00e9nz\u00fcgyi teljes\u00edtm\u00e9nyt tekintik a siker fokm\u00e9r\u0151j\u00e9nek. A sz\u00e1raz sz\u00e1madatokb\u00f3l azonban nem der\u00fcl ki, mekkora a fejl\u0151d\u00e9si potenci\u00e1l a c\u00e9g\u00fcnk m\u0171k\u00f6d\u00e9s\u00e9ben. Ezt csak akkor tudjuk meg, ha k\u00f6zvetlen\u00fcl a termel\u00e9s hely\u00e9n, a gemb\u00e1n a kaizen strat\u00e9gi\u00e1t alkalmazva megvizsg\u00e1ljuk, egy-egy folyamaton hogyan \u201ev\u00e1ltoztathatunk a j\u00f3 ir\u00e1nyba\u201d \u2013 vagyis ha hagyom\u00e1nyos v\u00e1llalatb\u00f3l lean v\u00e1llalatt\u00e1 v\u00e1lunk.<\/p>\n<p>A szervezeti kiv\u00e1l\u00f3s\u00e1g egyik vezet\u0151 szaktekint\u00e9lye, Imai Maszaaki szerint az \u00e9vtizedek \u00f3ta ismert sikert\u00f6rt\u00e9netek dac\u00e1ra eddig megd\u00f6bbent\u0151en kev\u00e9s szervezetn\u00e9l siker\u00fclt az \u00e1t\u00e1ll\u00e1s. A kudarc egyik oka pedig \u00e1ltal\u00e1ban az, hogy a menedzsment nem elk\u00f6telezett a lean szeml\u00e9let bevezet\u00e9se ir\u00e1nt, \u00e9s mindeddig hi\u00e1nyzott az \u00e1ltal\u00e1nosan elfogadott krit\u00e9riumrendszer, amely alapj\u00e1n a m\u0171k\u00f6d\u00e9si teljes\u00edtm\u00e9ny is m\u00e9rhet\u0151 lett volna.<\/p>\n<p>Hi\u00e1nyp\u00f3tl\u00f3, esettanulm\u00e1nyokban b\u0151velked\u0151 k\u00f6nyv\u00e9b\u0151l megismerhetj\u00fck az erre kidolgozott FSL\u2122, vagyis az \u00e1raml\u00e1s, szinkroniz\u00e1l\u00e1s \u00e9s kiegyenl\u00edt\u00e9s \u00e9rt\u00e9kel\u00e9s\u00e9nek forradalmian \u00faj eszk\u00f6z\u00e9t, \u00e9s annak alkalmaz\u00e1si lehet\u0151s\u00e9geit. Ha a hossz\u00fa t\u00e1v\u00fa fejl\u0151d\u00e9st szem el\u0151tt tart\u00f3, felel\u0151s vezet\u0151k\u00e9nt szervezeti kult\u00far\u00e1nk r\u00e9sz\u00e9v\u00e9 tessz\u00fck a kaizen strat\u00e9gi\u00e1t, p\u00e1ratlan hat\u00e9konys\u00e1gn\u00f6vel\u00e9sre sz\u00e1m\u00edthatunk, \u00e9s biztos\u00edthatjuk, hogy szervezet\u00fcnk rugalmasan alkalmazkodjon a v\u00e1ltoz\u00f3 k\u00f6r\u00fclm\u00e9nyekhez.<\/p>\n<p><em>\u201eImai Maszaaki nagyon emberi m\u00f3don, gyakorlatias p\u00e9ld\u00e1kon \u00e1t mutatja be az emberek \u00e9s g\u00e9pek egym\u00e1srautalts\u00e1g\u00e1t, a folyamatok \u00f6sszehangol\u00e1s\u00e1nak fontoss\u00e1g\u00e1t, a fels\u0151 vezet\u00e9s kiemelt szerep\u00e9t. L\u00e9lek, holisztikus szeml\u00e9let, vev\u0151i hozz\u00e1adott \u00e9rt\u00e9k \u00e9s r\u00e9szv\u00e9nyesi elv\u00e1r\u00e1sok szembe\u00e1ll\u00edt\u00e1sa: hiszem, hogy a vil\u00e1g komplexit\u00e1s\u00e1nak meg\u00e9rt\u00e9s\u00e9hez \u00e9s feldolgoz\u00e1s\u00e1hoz ilyen k\u00f6nyvek olvas\u00e1sa \u00e1ltal ker\u00fcl\u00fcnk k\u00f6zelebb.&#8221;<\/em><br \/>\n\u2013 Gazsi Zolt\u00e1n, az Eisberg Hungary Kft. \u00fcgyvezet\u0151 igazgat\u00f3ja<\/p>\n<p><em>\u201eT\u00f6bb mint 30 \u00e9ves tan\u00e1csad\u00f3i, c\u00e9gvezet\u0151i tapasztalattal a h\u00e1tam m\u00f6g\u00f6tt is folyamatosan haszn\u00e1lom ezt a k\u00f6nyvet, mert a benne szerepl\u0151 gondolatok inspir\u00e1lnak, eligaz\u00edtanak, a bemutatott esetp\u00e9ld\u00e1k pedig gondolkod\u00e1sra k\u00e9sztetnek. Aj\u00e1nlom mindazoknak, akik a probl\u00e9m\u00e1k megold\u00e1s\u00e1ban nem az egyszeri v\u00e1laszt kutatj\u00e1k, hanem azok ism\u00e9telt megjelen\u00e9s\u00e9t k\u00edv\u00e1nj\u00e1k megel\u0151zni.\u201d<\/em><br \/>\n\u2013 Korm\u00e1ny Tam\u00e1s, a Controll Holding Zrt. vez\u00e9rigazgat\u00f3ja<\/p>\n<p><em>&#8222;Ezzel a k\u00f6nyvvel forr\u00e1snak tekinthet\u0151 m\u0171vet vesz kez\u00e9be az olvas\u00f3. A jelen \u00e9s a j\u00f6v\u0151 v\u00e1llalatvezet\u0151i sz\u00e1m\u00e1ra jelent\u0151s szeml\u00e9letform\u00e1l\u00f3 \u00e9s \u00f6sszegz\u0151 tud\u00e1s. Rem\u00e9lem sokukhoz eljut \u00e9s be\u00e9p\u00edtik gondolkod\u00e1sm\u00f3djukba Maszaaki Imai \u00far tan\u00edt\u00e1s\u00e1t.&#8221;<\/em><br \/>\n\u2013 Prof. Dr. Sz\u0171cs Edit, a Debreceni Egyetem M\u0171szaki Kar\u00e1nak oktat\u00f3ja<\/p>\n<p><em>&#8222;A legt\u00f6bb ember arr\u00f3l \u00e1lmodik, hogy valamiben kimagasl\u00f3 teljes\u00edtm\u00e9nyt \u00e9rjen el. A bizony\u00edt\u00e1si v\u00e1gy egy olyan alapvet\u0151 emberi tulajdons\u00e1g, motiv\u00e1l\u00f3 er\u0151, amely a legt\u00f6bb embert a kiv\u00e1l\u00f3s\u00e1g fel\u00e9 hajtja. A KAIZEN szeml\u00e9let fontos szerepet t\u00f6lt be a c\u00e9ljaink el\u00e9r\u00e9s\u00e9ben. Ez egy \u00f3ri\u00e1si tanul\u00e1si-, v\u00e1ltoz\u00e1si folyamat, ahol saj\u00e1t, \u00e9s m\u00e1sok hib\u00e1ib\u00f3l esetleges kudarcaib\u00f3l, egyar\u00e1nt k\u00e9pesek vagyunk tanulni. Nos, ezen kiv\u00e1l\u00f3s\u00e1g r\u00f6g\u00f6s \u00fatj\u00e1n indulhat el minden olyan ember, aki elolvassa, \u00e9rtelmezi, majd alkalmazza a k\u00f6nyv gyakorlatias esettanulm\u00e1nyainak mondanival\u00f3j\u00e1t!&#8221;<\/em><br \/>\n\u2013 Szil\u00e1gyi Roland, Operat\u00edv Igazgat\u00f3, CSABAcast K\u00f6nny\u0171f\u00e9m\u00f6nt\u00f6de Kft.<\/p>\n<p style=\"text-align: center;\"><a class=\"wp-block-button__link\" style=\"border-radius: 5px;\" href=\"https:\/\/lean.org.hu\/wp-content\/uploads\/2022\/04\/Kaizen-strategia_beleolvaso.pdf\" target=\"_blank\" rel=\"noreferrer noopener\">Olvass bele a k\u00f6nyvbe!<\/a><\/p>\n<\/div>\n<p>ISBN: 978-963-565-173-3<br \/>\nTerjedelem: 288 oldal (145\u00d7210 mm)<\/p>","protected":false},"excerpt":{"rendered":"<p><em>\u201eA v\u00e1llalatok nagy r\u00e9sz\u00e9n\u00e9l els\u0151sorban a p\u00e9nz\u00fcgyi teljes\u00edtm\u00e9nyt tekintik a siker fokm\u00e9r\u0151j\u00e9nek. A sz\u00e1raz sz\u00e1madatokb\u00f3l azonban nem der\u00fcl ki, mekkora a fejl\u0151d\u00e9si potenci\u00e1l a c\u00e9g\u00fcnk m\u0171k\u00f6d\u00e9s\u00e9ben. Ebben lehet seg\u00edts\u00e9g\u00fcnkre a KAIZEN<strong>\u2122<\/strong> strat\u00e9gia\u201d<\/em><\/p>","protected":false},"featured_media":138150,"template":"","meta":{"_eb_attr":""},"product_brand":[],"product_cat":[183,173],"product_tag":[],"class_list":{"0":"post-138146","1":"product","2":"type-product","3":"status-publish","4":"has-post-thumbnail","6":"product_cat-lean-konyvek-kapcsolodo-irodalom","7":"product_cat-lean-konyvesbolt","8":"infinite-scroll-item","9":"no-featured-image-padding","10":"sales-flash-overlay","11":"woocommerce-text-align-left","12":"woocommerce-image-align-left","13":"do-quantity-buttons","15":"first","16":"instock","17":"taxable","18":"shipping-taxable","19":"purchasable","20":"product-type-variable"},"yoast_head":"<!-- This site is optimized with the Yoast SEO plugin v27.4 - https:\/\/yoast.com\/product\/yoast-seo-wordpress\/ -->\n<title>KAIZEN\u2122 strat\u00e9gia - LEI<\/title>\n<meta name=\"description\" content=\"A m\u0171k\u00f6d\u00e9si teljes\u00edtm\u00e9ny m\u00e9r\u00e9se \u00e9s meger\u0151s\u00edt\u00e9se az \u00e1raml\u00e1s, szinkroniz\u00e1l\u00e1s \u00e9s kiegyenl\u00edt\u00e9s (FSL\u2122) \u00e9rt\u00e9kel\u00e9s\u00e9vel\" \/>\n<meta name=\"robots\" content=\"index, follow, max-snippet:-1, max-image-preview:large, max-video-preview:-1\" \/>\n<link rel=\"canonical\" href=\"https:\/\/lean.org.hu\/en\/lean-konyvesbolt\/kaizen-strategia\/\" \/>\n<meta property=\"og:locale\" content=\"en_GB\" \/>\n<meta property=\"og:type\" content=\"article\" \/>\n<meta property=\"og:title\" content=\"KAIZEN\u2122 strat\u00e9gia - LEI\" \/>\n<meta property=\"og:description\" content=\"A m\u0171k\u00f6d\u00e9si teljes\u00edtm\u00e9ny m\u00e9r\u00e9se \u00e9s meger\u0151s\u00edt\u00e9se az \u00e1raml\u00e1s, szinkroniz\u00e1l\u00e1s \u00e9s kiegyenl\u00edt\u00e9s (FSL\u2122) \u00e9rt\u00e9kel\u00e9s\u00e9vel\" \/>\n<meta property=\"og:url\" content=\"https:\/\/lean.org.hu\/en\/lean-konyvesbolt\/kaizen-strategia\/\" \/>\n<meta property=\"og:site_name\" content=\"LEI\" \/>\n<meta property=\"article:publisher\" content=\"https:\/\/www.facebook.com\/LEI.Hungary\" \/>\n<meta property=\"article:modified_time\" content=\"2026-02-12T13:31:02+00:00\" \/>\n<meta property=\"og:image\" content=\"https:\/\/lean.org.hu\/wp-content\/uploads\/2022\/04\/Kaizen-strategia-borito.jpg\" \/>\n\t<meta property=\"og:image:width\" content=\"425\" \/>\n\t<meta property=\"og:image:height\" content=\"600\" \/>\n\t<meta property=\"og:image:type\" content=\"image\/jpeg\" \/>\n<meta name=\"twitter:card\" content=\"summary_large_image\" \/>\n<meta name=\"twitter:label1\" content=\"Estimated reading time\" \/>\n\t<meta name=\"twitter:data1\" content=\"3 minutes\" \/>\n<script type=\"application\/ld+json\" class=\"yoast-schema-graph\">{\"@context\":\"https:\\\/\\\/schema.org\",\"@graph\":[{\"@type\":\"WebPage\",\"@id\":\"https:\\\/\\\/lean.org.hu\\\/lean-konyvesbolt\\\/kaizen-strategia\\\/\",\"url\":\"https:\\\/\\\/lean.org.hu\\\/lean-konyvesbolt\\\/kaizen-strategia\\\/\",\"name\":\"KAIZEN\u2122 strat\u00e9gia - LEI\",\"isPartOf\":{\"@id\":\"https:\\\/\\\/lean.org.hu\\\/#website\"},\"primaryImageOfPage\":{\"@id\":\"https:\\\/\\\/lean.org.hu\\\/lean-konyvesbolt\\\/kaizen-strategia\\\/#primaryimage\"},\"image\":{\"@id\":\"https:\\\/\\\/lean.org.hu\\\/lean-konyvesbolt\\\/kaizen-strategia\\\/#primaryimage\"},\"thumbnailUrl\":\"https:\\\/\\\/lean.org.hu\\\/wp-content\\\/uploads\\\/2022\\\/04\\\/Kaizen-strategia-borito.jpg\",\"datePublished\":\"2022-04-29T11:52:31+00:00\",\"dateModified\":\"2026-02-12T13:31:02+00:00\",\"description\":\"A m\u0171k\u00f6d\u00e9si teljes\u00edtm\u00e9ny m\u00e9r\u00e9se \u00e9s meger\u0151s\u00edt\u00e9se az \u00e1raml\u00e1s, szinkroniz\u00e1l\u00e1s \u00e9s kiegyenl\u00edt\u00e9s (FSL\u2122) \u00e9rt\u00e9kel\u00e9s\u00e9vel\",\"breadcrumb\":{\"@id\":\"https:\\\/\\\/lean.org.hu\\\/lean-konyvesbolt\\\/kaizen-strategia\\\/#breadcrumb\"},\"inLanguage\":\"en-GB\",\"potentialAction\":[{\"@type\":\"ReadAction\",\"target\":[\"https:\\\/\\\/lean.org.hu\\\/lean-konyvesbolt\\\/kaizen-strategia\\\/\"]}]},{\"@type\":\"ImageObject\",\"inLanguage\":\"en-GB\",\"@id\":\"https:\\\/\\\/lean.org.hu\\\/lean-konyvesbolt\\\/kaizen-strategia\\\/#primaryimage\",\"url\":\"https:\\\/\\\/lean.org.hu\\\/wp-content\\\/uploads\\\/2022\\\/04\\\/Kaizen-strategia-borito.jpg\",\"contentUrl\":\"https:\\\/\\\/lean.org.hu\\\/wp-content\\\/uploads\\\/2022\\\/04\\\/Kaizen-strategia-borito.jpg\",\"width\":425,\"height\":600,\"caption\":\"Kaizen strat\u00e9gia bor\u00edt\u00f3\"},{\"@type\":\"BreadcrumbList\",\"@id\":\"https:\\\/\\\/lean.org.hu\\\/lean-konyvesbolt\\\/kaizen-strategia\\\/#breadcrumb\",\"itemListElement\":[{\"@type\":\"ListItem\",\"position\":1,\"name\":\"Kezd\u0151lap\",\"item\":\"https:\\\/\\\/lean.org.hu\\\/\"},{\"@type\":\"ListItem\",\"position\":2,\"name\":\"Web\u00e1ruh\u00e1z oldal\",\"item\":\"http:\\\/\\\/lean.org.hu\\\/en\\\/webaruhaz-aloldal\\\/\"},{\"@type\":\"ListItem\",\"position\":3,\"name\":\"KAIZEN\u2122 strat\u00e9gia\"}]},{\"@type\":\"WebSite\",\"@id\":\"https:\\\/\\\/lean.org.hu\\\/#website\",\"url\":\"https:\\\/\\\/lean.org.hu\\\/\",\"name\":\"LEI\",\"description\":\"\",\"publisher\":{\"@id\":\"https:\\\/\\\/lean.org.hu\\\/#organization\"},\"potentialAction\":[{\"@type\":\"SearchAction\",\"target\":{\"@type\":\"EntryPoint\",\"urlTemplate\":\"https:\\\/\\\/lean.org.hu\\\/?s={search_term_string}\"},\"query-input\":{\"@type\":\"PropertyValueSpecification\",\"valueRequired\":true,\"valueName\":\"search_term_string\"}}],\"inLanguage\":\"en-GB\"},{\"@type\":\"Organization\",\"@id\":\"https:\\\/\\\/lean.org.hu\\\/#organization\",\"name\":\"LEI\",\"url\":\"https:\\\/\\\/lean.org.hu\\\/\",\"logo\":{\"@type\":\"ImageObject\",\"inLanguage\":\"en-GB\",\"@id\":\"https:\\\/\\\/lean.org.hu\\\/#\\\/schema\\\/logo\\\/image\\\/\",\"url\":\"https:\\\/\\\/lean.org.hu\\\/wp-content\\\/uploads\\\/2020\\\/07\\\/cropped-lean_logo_final_color_horizontal.png\",\"contentUrl\":\"https:\\\/\\\/lean.org.hu\\\/wp-content\\\/uploads\\\/2020\\\/07\\\/cropped-lean_logo_final_color_horizontal.png\",\"width\":779,\"height\":288,\"caption\":\"LEI\"},\"image\":{\"@id\":\"https:\\\/\\\/lean.org.hu\\\/#\\\/schema\\\/logo\\\/image\\\/\"},\"sameAs\":[\"https:\\\/\\\/www.facebook.com\\\/LEI.Hungary\",\"https:\\\/\\\/www.linkedin.com\\\/company\\\/lean-enterprise-institute-hungary\"]}]}<\/script>\n<!-- \/ Yoast SEO plugin. -->","yoast_head_json":{"title":"KAIZEN\u2122 strat\u00e9gia - LEI","description":"A m\u0171k\u00f6d\u00e9si teljes\u00edtm\u00e9ny m\u00e9r\u00e9se \u00e9s meger\u0151s\u00edt\u00e9se az \u00e1raml\u00e1s, szinkroniz\u00e1l\u00e1s \u00e9s kiegyenl\u00edt\u00e9s (FSL\u2122) \u00e9rt\u00e9kel\u00e9s\u00e9vel","robots":{"index":"index","follow":"follow","max-snippet":"max-snippet:-1","max-image-preview":"max-image-preview:large","max-video-preview":"max-video-preview:-1"},"canonical":"https:\/\/lean.org.hu\/en\/lean-konyvesbolt\/kaizen-strategia\/","og_locale":"en_GB","og_type":"article","og_title":"KAIZEN\u2122 strat\u00e9gia - LEI","og_description":"A m\u0171k\u00f6d\u00e9si teljes\u00edtm\u00e9ny m\u00e9r\u00e9se \u00e9s meger\u0151s\u00edt\u00e9se az \u00e1raml\u00e1s, szinkroniz\u00e1l\u00e1s \u00e9s kiegyenl\u00edt\u00e9s (FSL\u2122) \u00e9rt\u00e9kel\u00e9s\u00e9vel","og_url":"https:\/\/lean.org.hu\/en\/lean-konyvesbolt\/kaizen-strategia\/","og_site_name":"LEI","article_publisher":"https:\/\/www.facebook.com\/LEI.Hungary","article_modified_time":"2026-02-12T13:31:02+00:00","og_image":[{"width":425,"height":600,"url":"https:\/\/lean.org.hu\/wp-content\/uploads\/2022\/04\/Kaizen-strategia-borito.jpg","type":"image\/jpeg"}],"twitter_card":"summary_large_image","twitter_misc":{"Estimated reading time":"3 minutes"},"schema":{"@context":"https:\/\/schema.org","@graph":[{"@type":"WebPage","@id":"https:\/\/lean.org.hu\/lean-konyvesbolt\/kaizen-strategia\/","url":"https:\/\/lean.org.hu\/lean-konyvesbolt\/kaizen-strategia\/","name":"KAIZEN\u2122 strat\u00e9gia - LEI","isPartOf":{"@id":"https:\/\/lean.org.hu\/#website"},"primaryImageOfPage":{"@id":"https:\/\/lean.org.hu\/lean-konyvesbolt\/kaizen-strategia\/#primaryimage"},"image":{"@id":"https:\/\/lean.org.hu\/lean-konyvesbolt\/kaizen-strategia\/#primaryimage"},"thumbnailUrl":"https:\/\/lean.org.hu\/wp-content\/uploads\/2022\/04\/Kaizen-strategia-borito.jpg","datePublished":"2022-04-29T11:52:31+00:00","dateModified":"2026-02-12T13:31:02+00:00","description":"A m\u0171k\u00f6d\u00e9si teljes\u00edtm\u00e9ny m\u00e9r\u00e9se \u00e9s meger\u0151s\u00edt\u00e9se az \u00e1raml\u00e1s, szinkroniz\u00e1l\u00e1s \u00e9s kiegyenl\u00edt\u00e9s (FSL\u2122) \u00e9rt\u00e9kel\u00e9s\u00e9vel","breadcrumb":{"@id":"https:\/\/lean.org.hu\/lean-konyvesbolt\/kaizen-strategia\/#breadcrumb"},"inLanguage":"en-GB","potentialAction":[{"@type":"ReadAction","target":["https:\/\/lean.org.hu\/lean-konyvesbolt\/kaizen-strategia\/"]}]},{"@type":"ImageObject","inLanguage":"en-GB","@id":"https:\/\/lean.org.hu\/lean-konyvesbolt\/kaizen-strategia\/#primaryimage","url":"https:\/\/lean.org.hu\/wp-content\/uploads\/2022\/04\/Kaizen-strategia-borito.jpg","contentUrl":"https:\/\/lean.org.hu\/wp-content\/uploads\/2022\/04\/Kaizen-strategia-borito.jpg","width":425,"height":600,"caption":"Kaizen strat\u00e9gia bor\u00edt\u00f3"},{"@type":"BreadcrumbList","@id":"https:\/\/lean.org.hu\/lean-konyvesbolt\/kaizen-strategia\/#breadcrumb","itemListElement":[{"@type":"ListItem","position":1,"name":"Kezd\u0151lap","item":"https:\/\/lean.org.hu\/"},{"@type":"ListItem","position":2,"name":"Web\u00e1ruh\u00e1z oldal","item":"http:\/\/lean.org.hu\/en\/webaruhaz-aloldal\/"},{"@type":"ListItem","position":3,"name":"KAIZEN\u2122 strat\u00e9gia"}]},{"@type":"WebSite","@id":"https:\/\/lean.org.hu\/#website","url":"https:\/\/lean.org.hu\/","name":"LEI","description":"","publisher":{"@id":"https:\/\/lean.org.hu\/#organization"},"potentialAction":[{"@type":"SearchAction","target":{"@type":"EntryPoint","urlTemplate":"https:\/\/lean.org.hu\/?s={search_term_string}"},"query-input":{"@type":"PropertyValueSpecification","valueRequired":true,"valueName":"search_term_string"}}],"inLanguage":"en-GB"},{"@type":"Organization","@id":"https:\/\/lean.org.hu\/#organization","name":"LEI","url":"https:\/\/lean.org.hu\/","logo":{"@type":"ImageObject","inLanguage":"en-GB","@id":"https:\/\/lean.org.hu\/#\/schema\/logo\/image\/","url":"https:\/\/lean.org.hu\/wp-content\/uploads\/2020\/07\/cropped-lean_logo_final_color_horizontal.png","contentUrl":"https:\/\/lean.org.hu\/wp-content\/uploads\/2020\/07\/cropped-lean_logo_final_color_horizontal.png","width":779,"height":288,"caption":"LEI"},"image":{"@id":"https:\/\/lean.org.hu\/#\/schema\/logo\/image\/"},"sameAs":["https:\/\/www.facebook.com\/LEI.Hungary","https:\/\/www.linkedin.com\/company\/lean-enterprise-institute-hungary"]}]}},"_links":{"self":[{"href":"https:\/\/lean.org.hu\/en\/wp-json\/wp\/v2\/product\/138146","targetHints":{"allow":["GET"]}}],"collection":[{"href":"https:\/\/lean.org.hu\/en\/wp-json\/wp\/v2\/product"}],"about":[{"href":"https:\/\/lean.org.hu\/en\/wp-json\/wp\/v2\/types\/product"}],"wp:featuredmedia":[{"embeddable":true,"href":"https:\/\/lean.org.hu\/en\/wp-json\/wp\/v2\/media\/138150"}],"wp:attachment":[{"href":"https:\/\/lean.org.hu\/en\/wp-json\/wp\/v2\/media?parent=138146"}],"wp:term":[{"taxonomy":"product_brand","embeddable":true,"href":"https:\/\/lean.org.hu\/en\/wp-json\/wp\/v2\/product_brand?post=138146"},{"taxonomy":"product_cat","embeddable":true,"href":"https:\/\/lean.org.hu\/en\/wp-json\/wp\/v2\/product_cat?post=138146"},{"taxonomy":"product_tag","embeddable":true,"href":"https:\/\/lean.org.hu\/en\/wp-json\/wp\/v2\/product_tag?post=138146"}],"curies":[{"name":"wp","href":"https:\/\/api.w.org\/{rel}","templated":true}]}}