{"id":138141,"date":"2022-04-29T12:52:34","date_gmt":"2022-04-29T10:52:34","guid":{"rendered":"https:\/\/lean.org.hu\/?post_type=product&#038;p=138141"},"modified":"2026-02-12T14:29:59","modified_gmt":"2026-02-12T13:29:59","slug":"csinaljuk-jol-az-agilitast","status":"publish","type":"product","link":"https:\/\/lean.org.hu\/en\/lean-konyvesbolt\/csinaljuk-jol-az-agilitast\/","title":{"rendered":"Csin\u00e1ljuk j\u00f3l az agilit\u00e1st!"},"content":{"rendered":"<div>\n<p><strong>Csin\u00e1ljuk j\u00f3l az agilit\u00e1st!<\/strong> \u2013 Transzform\u00e1ci\u00f3 k\u00e1osz n\u00e9lk\u00fcl<br \/>\n<em>Darrell Rigby<br \/>\nSarah Elk<br \/>\nSteve Berez<\/em><\/p>\n<p>A t\u00fal\u00e9l\u00e9s kulcsa az agilit\u00e1s \u2013 de csak akkor, ha helyesen alkalmazzuk.<\/p>\n<p>M\u00e1ra szinte minden v\u00e1llalat felismerte, hogy az \u00e1lland\u00f3an v\u00e1ltoz\u00f3,v\u00e1ratlan id\u0151pontokban \u00faj\u00edt\u00e1st k\u00edv\u00e1n\u00f3 \u00fczleti k\u00f6rnyezetben nem boldogulunk a hagyom\u00e1nyos vezet\u00e9si m\u00f3dszerekkel. Folyamatos innov\u00e1ci\u00f3ra, rugalmass\u00e1gra \u00e9s alkalmazkod\u00e1sra van sz\u00fcks\u00e9g, ez\u00e9rt fordulnak sokan az agilis m\u00f3dszertan fel\u00e9. \u00c1m \u00f6nmag\u00e1ban ez kev\u00e9s. A sikeres transzform\u00e1ci\u00f3hoz az agilis szeml\u00e9letm\u00f3dot is magunk\u00e9v\u00e1 kell tenn\u00fcnk, ha nem akarjuk, hogy kudarc \u00e9s z\u0171rzavar legyen a v\u00e9ge.<\/p>\n<p>Darrell Rigby, Sarah Elk \u00e9s Steve Berez innovat\u00edv v\u00e1llalatok elismert tan\u00e1csad\u00f3jak\u00e9nt hi\u00e1nyp\u00f3tl\u00f3, gyakorlatias k\u00f6nyv\u00fckben tanuls\u00e1gos, val\u00f3di agilis \u00e1t\u00e1ll\u00e1sokat bemutat\u00f3 esettanulm\u00e1nyokkal rombolj\u00e1k le az agilit\u00e1ssal kapcsolatos hamis m\u00edtoszokat. R\u00e1vil\u00e1g\u00edtanak, hogy a k\u00e1osz elker\u00fcl\u00e9s\u00e9nek kulcsa az egyens\u00faly kialak\u00edt\u00e1sa: egy elk\u00f6telezett, agilis vezet\u0151i csapatra van sz\u00fcks\u00e9g, amelyben a b\u00fcrokrat\u00e1k \u00e9s az innov\u00e1ci\u00f3\u00e9rt felel\u0151s vezet\u0151k egy\u00fcttm\u0171k\u00f6dnek. Megtudhatjuk azt is, milyen buktat\u00f3kat kell elker\u00fcln\u00fcnk, \u00e9s hogy mik\u00e9nt sk\u00e1l\u00e1zhat\u00f3 az agilit\u00e1s. V\u00e9g\u00fcl megismerhetj\u00fck az igazi agilis v\u00e1llalatt\u00e1 alakul\u00e1s folyamat\u00e1nak \u00e1llom\u00e1sait. Ha j\u00f3l csin\u00e1ljuk, akkor \u00e9lvezni is fogjuk \u2013 \u00e9s egy olyan innovat\u00edv szervezetben tal\u00e1ljuk magunkat, ahol a tehets\u00e9ges munkat\u00e1rsak \u00f6r\u00f6mmel dolgoznak, a hat\u00e9konys\u00e1g \u00e9s megb\u00edzhat\u00f3s\u00e1g fenntart\u00e1sa mellett pedig az \u00fcgyf\u00e9lk\u00f6zpont\u00fas\u00e1g \u00e9s a tanul\u00e1s a fejl\u0151d\u00e9s motorja.<\/p>\n<p style=\"text-align: center;\"><a class=\"wp-block-button__link\" style=\"border-radius: 5px;\" href=\"https:\/\/lean.org.hu\/wp-content\/uploads\/2022\/04\/csinaljuk_jol_az_agilitast_beleolvaso.pdf\" target=\"_blank\" rel=\"noreferrer noopener\">Olvass bele a k\u00f6nyvbe!<\/a><\/p>\n<\/div>\n<p>ISBN: 978-963-565-172-6<br \/>\nTerjedelem: 304 oldal (145\u00d7210 mm)<\/p>","protected":false},"excerpt":{"rendered":"<p><em>\u201eA t\u00fal\u00e9l\u00e9s kulcsa az agilit\u00e1s \u2013 de csak akkor, ha helyesen alkalmazzuk. M\u00e1ra szinte minden v\u00e1llalat felismerte, hogy az \u00e1lland\u00f3an v\u00e1ltoz\u00f3,v\u00e1ratlan id\u0151pontokban \u00faj\u00edt\u00e1st k\u00edv\u00e1n\u00f3 \u00fczleti k\u00f6rnyezetben nem boldogulunk a hagyom\u00e1nyos vezet\u00e9si m\u00f3dszerekkel.\u201d<\/em><\/p>","protected":false},"featured_media":138145,"template":"","meta":{"_eb_attr":""},"product_brand":[],"product_cat":[183,173],"product_tag":[],"class_list":{"0":"post-138141","1":"product","2":"type-product","3":"status-publish","4":"has-post-thumbnail","6":"product_cat-lean-konyvek-kapcsolodo-irodalom","7":"product_cat-lean-konyvesbolt","8":"infinite-scroll-item","9":"no-featured-image-padding","10":"sales-flash-overlay","11":"woocommerce-text-align-left","12":"woocommerce-image-align-left","13":"do-quantity-buttons","15":"first","16":"instock","17":"taxable","18":"shipping-taxable","19":"purchasable","20":"product-type-variable"},"yoast_head":"<!-- This site is optimized with the Yoast SEO plugin v27.4 - https:\/\/yoast.com\/product\/yoast-seo-wordpress\/ -->\n<title>Csin\u00e1ljuk j\u00f3l az agilit\u00e1st! - LEI<\/title>\n<meta name=\"description\" content=\"A t\u00fal\u00e9l\u00e9s kulcsa az agilit\u00e1s \u2013 de csak akkor, ha helyesen alkalmazzuk. M\u00e1ra szinte minden v\u00e1llalat felismerte ezt.\" \/>\n<meta name=\"robots\" content=\"index, follow, max-snippet:-1, max-image-preview:large, max-video-preview:-1\" \/>\n<link rel=\"canonical\" href=\"https:\/\/lean.org.hu\/en\/lean-konyvesbolt\/csinaljuk-jol-az-agilitast\/\" \/>\n<meta property=\"og:locale\" content=\"en_GB\" \/>\n<meta property=\"og:type\" content=\"article\" \/>\n<meta property=\"og:title\" content=\"Csin\u00e1ljuk j\u00f3l az agilit\u00e1st! - LEI\" \/>\n<meta property=\"og:description\" content=\"A t\u00fal\u00e9l\u00e9s kulcsa az agilit\u00e1s \u2013 de csak akkor, ha helyesen alkalmazzuk. M\u00e1ra szinte minden v\u00e1llalat felismerte ezt.\" \/>\n<meta property=\"og:url\" content=\"https:\/\/lean.org.hu\/en\/lean-konyvesbolt\/csinaljuk-jol-az-agilitast\/\" \/>\n<meta property=\"og:site_name\" content=\"LEI\" \/>\n<meta property=\"article:publisher\" content=\"https:\/\/www.facebook.com\/LEI.Hungary\" \/>\n<meta property=\"article:modified_time\" content=\"2026-02-12T13:29:59+00:00\" \/>\n<meta property=\"og:image\" content=\"https:\/\/lean.org.hu\/wp-content\/uploads\/2022\/04\/Termekkepek_Agilitas.jpg\" \/>\n\t<meta property=\"og:image:width\" content=\"425\" \/>\n\t<meta property=\"og:image:height\" content=\"600\" \/>\n\t<meta property=\"og:image:type\" content=\"image\/jpeg\" \/>\n<meta name=\"twitter:card\" content=\"summary_large_image\" \/>\n<meta name=\"twitter:label1\" content=\"Estimated reading time\" \/>\n\t<meta name=\"twitter:data1\" content=\"2 minutes\" \/>\n<script type=\"application\/ld+json\" class=\"yoast-schema-graph\">{\"@context\":\"https:\\\/\\\/schema.org\",\"@graph\":[{\"@type\":\"WebPage\",\"@id\":\"https:\\\/\\\/lean.org.hu\\\/lean-konyvesbolt\\\/csinaljuk-jol-az-agilitast\\\/\",\"url\":\"https:\\\/\\\/lean.org.hu\\\/lean-konyvesbolt\\\/csinaljuk-jol-az-agilitast\\\/\",\"name\":\"Csin\u00e1ljuk j\u00f3l az agilit\u00e1st! - LEI\",\"isPartOf\":{\"@id\":\"https:\\\/\\\/lean.org.hu\\\/#website\"},\"primaryImageOfPage\":{\"@id\":\"https:\\\/\\\/lean.org.hu\\\/lean-konyvesbolt\\\/csinaljuk-jol-az-agilitast\\\/#primaryimage\"},\"image\":{\"@id\":\"https:\\\/\\\/lean.org.hu\\\/lean-konyvesbolt\\\/csinaljuk-jol-az-agilitast\\\/#primaryimage\"},\"thumbnailUrl\":\"https:\\\/\\\/lean.org.hu\\\/wp-content\\\/uploads\\\/2022\\\/04\\\/Termekkepek_Agilitas.jpg\",\"datePublished\":\"2022-04-29T10:52:34+00:00\",\"dateModified\":\"2026-02-12T13:29:59+00:00\",\"description\":\"A t\u00fal\u00e9l\u00e9s kulcsa az agilit\u00e1s \u2013 de csak akkor, ha helyesen alkalmazzuk. M\u00e1ra szinte minden v\u00e1llalat felismerte ezt.\",\"breadcrumb\":{\"@id\":\"https:\\\/\\\/lean.org.hu\\\/lean-konyvesbolt\\\/csinaljuk-jol-az-agilitast\\\/#breadcrumb\"},\"inLanguage\":\"en-GB\",\"potentialAction\":[{\"@type\":\"ReadAction\",\"target\":[\"https:\\\/\\\/lean.org.hu\\\/lean-konyvesbolt\\\/csinaljuk-jol-az-agilitast\\\/\"]}]},{\"@type\":\"ImageObject\",\"inLanguage\":\"en-GB\",\"@id\":\"https:\\\/\\\/lean.org.hu\\\/lean-konyvesbolt\\\/csinaljuk-jol-az-agilitast\\\/#primaryimage\",\"url\":\"https:\\\/\\\/lean.org.hu\\\/wp-content\\\/uploads\\\/2022\\\/04\\\/Termekkepek_Agilitas.jpg\",\"contentUrl\":\"https:\\\/\\\/lean.org.hu\\\/wp-content\\\/uploads\\\/2022\\\/04\\\/Termekkepek_Agilitas.jpg\",\"width\":425,\"height\":600,\"caption\":\"Csin\u00e1ljuk j\u00f3l az agilit\u00e1st\"},{\"@type\":\"BreadcrumbList\",\"@id\":\"https:\\\/\\\/lean.org.hu\\\/lean-konyvesbolt\\\/csinaljuk-jol-az-agilitast\\\/#breadcrumb\",\"itemListElement\":[{\"@type\":\"ListItem\",\"position\":1,\"name\":\"Kezd\u0151lap\",\"item\":\"https:\\\/\\\/lean.org.hu\\\/\"},{\"@type\":\"ListItem\",\"position\":2,\"name\":\"Web\u00e1ruh\u00e1z oldal\",\"item\":\"http:\\\/\\\/lean.org.hu\\\/en\\\/webaruhaz-aloldal\\\/\"},{\"@type\":\"ListItem\",\"position\":3,\"name\":\"Csin\u00e1ljuk j\u00f3l az agilit\u00e1st!\"}]},{\"@type\":\"WebSite\",\"@id\":\"https:\\\/\\\/lean.org.hu\\\/#website\",\"url\":\"https:\\\/\\\/lean.org.hu\\\/\",\"name\":\"LEI\",\"description\":\"\",\"publisher\":{\"@id\":\"https:\\\/\\\/lean.org.hu\\\/#organization\"},\"potentialAction\":[{\"@type\":\"SearchAction\",\"target\":{\"@type\":\"EntryPoint\",\"urlTemplate\":\"https:\\\/\\\/lean.org.hu\\\/?s={search_term_string}\"},\"query-input\":{\"@type\":\"PropertyValueSpecification\",\"valueRequired\":true,\"valueName\":\"search_term_string\"}}],\"inLanguage\":\"en-GB\"},{\"@type\":\"Organization\",\"@id\":\"https:\\\/\\\/lean.org.hu\\\/#organization\",\"name\":\"LEI\",\"url\":\"https:\\\/\\\/lean.org.hu\\\/\",\"logo\":{\"@type\":\"ImageObject\",\"inLanguage\":\"en-GB\",\"@id\":\"https:\\\/\\\/lean.org.hu\\\/#\\\/schema\\\/logo\\\/image\\\/\",\"url\":\"https:\\\/\\\/lean.org.hu\\\/wp-content\\\/uploads\\\/2020\\\/07\\\/cropped-lean_logo_final_color_horizontal.png\",\"contentUrl\":\"https:\\\/\\\/lean.org.hu\\\/wp-content\\\/uploads\\\/2020\\\/07\\\/cropped-lean_logo_final_color_horizontal.png\",\"width\":779,\"height\":288,\"caption\":\"LEI\"},\"image\":{\"@id\":\"https:\\\/\\\/lean.org.hu\\\/#\\\/schema\\\/logo\\\/image\\\/\"},\"sameAs\":[\"https:\\\/\\\/www.facebook.com\\\/LEI.Hungary\",\"https:\\\/\\\/www.linkedin.com\\\/company\\\/lean-enterprise-institute-hungary\"]}]}<\/script>\n<!-- \/ Yoast SEO plugin. -->","yoast_head_json":{"title":"Csin\u00e1ljuk j\u00f3l az agilit\u00e1st! - LEI","description":"A t\u00fal\u00e9l\u00e9s kulcsa az agilit\u00e1s \u2013 de csak akkor, ha helyesen alkalmazzuk. M\u00e1ra szinte minden v\u00e1llalat felismerte ezt.","robots":{"index":"index","follow":"follow","max-snippet":"max-snippet:-1","max-image-preview":"max-image-preview:large","max-video-preview":"max-video-preview:-1"},"canonical":"https:\/\/lean.org.hu\/en\/lean-konyvesbolt\/csinaljuk-jol-az-agilitast\/","og_locale":"en_GB","og_type":"article","og_title":"Csin\u00e1ljuk j\u00f3l az agilit\u00e1st! - LEI","og_description":"A t\u00fal\u00e9l\u00e9s kulcsa az agilit\u00e1s \u2013 de csak akkor, ha helyesen alkalmazzuk. M\u00e1ra szinte minden v\u00e1llalat felismerte ezt.","og_url":"https:\/\/lean.org.hu\/en\/lean-konyvesbolt\/csinaljuk-jol-az-agilitast\/","og_site_name":"LEI","article_publisher":"https:\/\/www.facebook.com\/LEI.Hungary","article_modified_time":"2026-02-12T13:29:59+00:00","og_image":[{"width":425,"height":600,"url":"https:\/\/lean.org.hu\/wp-content\/uploads\/2022\/04\/Termekkepek_Agilitas.jpg","type":"image\/jpeg"}],"twitter_card":"summary_large_image","twitter_misc":{"Estimated reading time":"2 minutes"},"schema":{"@context":"https:\/\/schema.org","@graph":[{"@type":"WebPage","@id":"https:\/\/lean.org.hu\/lean-konyvesbolt\/csinaljuk-jol-az-agilitast\/","url":"https:\/\/lean.org.hu\/lean-konyvesbolt\/csinaljuk-jol-az-agilitast\/","name":"Csin\u00e1ljuk j\u00f3l az agilit\u00e1st! - LEI","isPartOf":{"@id":"https:\/\/lean.org.hu\/#website"},"primaryImageOfPage":{"@id":"https:\/\/lean.org.hu\/lean-konyvesbolt\/csinaljuk-jol-az-agilitast\/#primaryimage"},"image":{"@id":"https:\/\/lean.org.hu\/lean-konyvesbolt\/csinaljuk-jol-az-agilitast\/#primaryimage"},"thumbnailUrl":"https:\/\/lean.org.hu\/wp-content\/uploads\/2022\/04\/Termekkepek_Agilitas.jpg","datePublished":"2022-04-29T10:52:34+00:00","dateModified":"2026-02-12T13:29:59+00:00","description":"A t\u00fal\u00e9l\u00e9s kulcsa az agilit\u00e1s \u2013 de csak akkor, ha helyesen alkalmazzuk. M\u00e1ra szinte minden v\u00e1llalat felismerte ezt.","breadcrumb":{"@id":"https:\/\/lean.org.hu\/lean-konyvesbolt\/csinaljuk-jol-az-agilitast\/#breadcrumb"},"inLanguage":"en-GB","potentialAction":[{"@type":"ReadAction","target":["https:\/\/lean.org.hu\/lean-konyvesbolt\/csinaljuk-jol-az-agilitast\/"]}]},{"@type":"ImageObject","inLanguage":"en-GB","@id":"https:\/\/lean.org.hu\/lean-konyvesbolt\/csinaljuk-jol-az-agilitast\/#primaryimage","url":"https:\/\/lean.org.hu\/wp-content\/uploads\/2022\/04\/Termekkepek_Agilitas.jpg","contentUrl":"https:\/\/lean.org.hu\/wp-content\/uploads\/2022\/04\/Termekkepek_Agilitas.jpg","width":425,"height":600,"caption":"Csin\u00e1ljuk j\u00f3l az agilit\u00e1st"},{"@type":"BreadcrumbList","@id":"https:\/\/lean.org.hu\/lean-konyvesbolt\/csinaljuk-jol-az-agilitast\/#breadcrumb","itemListElement":[{"@type":"ListItem","position":1,"name":"Kezd\u0151lap","item":"https:\/\/lean.org.hu\/"},{"@type":"ListItem","position":2,"name":"Web\u00e1ruh\u00e1z oldal","item":"http:\/\/lean.org.hu\/en\/webaruhaz-aloldal\/"},{"@type":"ListItem","position":3,"name":"Csin\u00e1ljuk j\u00f3l az agilit\u00e1st!"}]},{"@type":"WebSite","@id":"https:\/\/lean.org.hu\/#website","url":"https:\/\/lean.org.hu\/","name":"LEI","description":"","publisher":{"@id":"https:\/\/lean.org.hu\/#organization"},"potentialAction":[{"@type":"SearchAction","target":{"@type":"EntryPoint","urlTemplate":"https:\/\/lean.org.hu\/?s={search_term_string}"},"query-input":{"@type":"PropertyValueSpecification","valueRequired":true,"valueName":"search_term_string"}}],"inLanguage":"en-GB"},{"@type":"Organization","@id":"https:\/\/lean.org.hu\/#organization","name":"LEI","url":"https:\/\/lean.org.hu\/","logo":{"@type":"ImageObject","inLanguage":"en-GB","@id":"https:\/\/lean.org.hu\/#\/schema\/logo\/image\/","url":"https:\/\/lean.org.hu\/wp-content\/uploads\/2020\/07\/cropped-lean_logo_final_color_horizontal.png","contentUrl":"https:\/\/lean.org.hu\/wp-content\/uploads\/2020\/07\/cropped-lean_logo_final_color_horizontal.png","width":779,"height":288,"caption":"LEI"},"image":{"@id":"https:\/\/lean.org.hu\/#\/schema\/logo\/image\/"},"sameAs":["https:\/\/www.facebook.com\/LEI.Hungary","https:\/\/www.linkedin.com\/company\/lean-enterprise-institute-hungary"]}]}},"_links":{"self":[{"href":"https:\/\/lean.org.hu\/en\/wp-json\/wp\/v2\/product\/138141","targetHints":{"allow":["GET"]}}],"collection":[{"href":"https:\/\/lean.org.hu\/en\/wp-json\/wp\/v2\/product"}],"about":[{"href":"https:\/\/lean.org.hu\/en\/wp-json\/wp\/v2\/types\/product"}],"wp:featuredmedia":[{"embeddable":true,"href":"https:\/\/lean.org.hu\/en\/wp-json\/wp\/v2\/media\/138145"}],"wp:attachment":[{"href":"https:\/\/lean.org.hu\/en\/wp-json\/wp\/v2\/media?parent=138141"}],"wp:term":[{"taxonomy":"product_brand","embeddable":true,"href":"https:\/\/lean.org.hu\/en\/wp-json\/wp\/v2\/product_brand?post=138141"},{"taxonomy":"product_cat","embeddable":true,"href":"https:\/\/lean.org.hu\/en\/wp-json\/wp\/v2\/product_cat?post=138141"},{"taxonomy":"product_tag","embeddable":true,"href":"https:\/\/lean.org.hu\/en\/wp-json\/wp\/v2\/product_tag?post=138141"}],"curies":[{"name":"wp","href":"https:\/\/api.w.org\/{rel}","templated":true}]}}