{"id":1374,"date":"2020-09-17T10:23:56","date_gmt":"2020-09-17T08:23:56","guid":{"rendered":"http:\/\/generaciokpartnere.hu\/leiwp\/?post_type=product&#038;p=1374"},"modified":"2026-02-12T14:40:11","modified_gmt":"2026-02-12T13:40:11","slug":"hatekonysagnoveles-stresszmentesen-gtd","status":"publish","type":"product","link":"https:\/\/lean.org.hu\/en\/lean-konyvesbolt\/hatekonysagnoveles-stresszmentesen-gtd\/","title":{"rendered":"Hat\u00e9konys\u00e1gn\u00f6vel\u00e9s stresszmentesen (GTD)"},"content":{"rendered":"<div>\n<p><strong>Hat\u00e9konys\u00e1gn\u00f6vel\u00e9s stresszmentesen (GTD)<\/strong>\u00a0\u2013\u00a0Az id\u0151menedzsment \u00faj m\u00f3dszertana\u00a0<em>(Getting Things Done)<br \/>\n<\/em>David Allen<\/p>\n<p>Val\u00f3ban stresszmentesen n\u00f6velhetj\u00fck hat\u00e9konys\u00e1gunkat, ha megtanuljuk tudatosan kis\u00f6p\u00f6rni elm\u00e9nkb\u0151l a figyelemelterel\u0151 t\u00e9nyez\u0151ket?<\/p>\n<div class=\"right\">\n<div>\n<div>A munk\u00e1ban \u00e9s a mag\u00e1n\u00e9letben nem az id\u0151hi\u00e1ny az igazi probl\u00e9ma, b\u00e1rmennyire ezt gondoljuk is, hanem sokkal ink\u00e1bb az, hogy nem l\u00e1tjuk tiszt\u00e1n \u00e9s nem hat\u00e1rozzuk meg pontosan a feladatot \u00e9s a sz\u00fcks\u00e9ges l\u00e9p\u00e9seket. Emiatt \u00e9l\u00fcnk \u00e1lland\u00f3 stresszben (m\u00e9g ha nem is valljuk be magunknak), \u00e9s m\u00e1r el sem tudjuk k\u00e9pzelni, hogy m\u00e1sk\u00e9nt is lehetne.<\/div>\n<p>A GTD\u00ae(Getting Things Done)-m\u00f3dszer abban seg\u00edt, hogy ne csak az id\u0151vel gazd\u00e1lkodjunk, hanem a gondolataink k\u00f6z\u00f6tt is rendet tegy\u00fcnk. David Allen k\u00f6nyv\u00e9nek, amely a Time szerint \u201eaz \u00e9vtized legjobb \u00f6nseg\u00edt\u0151 m\u0171ve\u201d, \u00e1tdolgozott \u00e9s b\u0151v\u00edtett kiad\u00e1sa sz\u00e1mos technik\u00e1t k\u00edn\u00e1l elm\u00e9nk tehermentes\u00edt\u00e9s\u00e9hez, hogy n\u00f6velni tudjuk hat\u00e9konys\u00e1gunkat \u00e9s oldjuk bels\u0151 fesz\u00fclts\u00e9geinket.<\/p>\n<p>DAVID ALLEN, a Hat\u00e9konys\u00e1gn\u00f6vel\u00e9s stresszmentesen c\u00edm\u0171 k\u00f6nyv \u00edr\u00f3ja vezet\u00e9si tan\u00e1csad\u00f3 \u00e9s tapasztalt coach, a GTD-m\u00f3dszer atyja, a szem\u00e9lyes hat\u00e9konys\u00e1g t\u00e9m\u00e1j\u00e1nak egyik legbefoly\u00e1sosabb kutat\u00f3ja. T\u00f6bb multinacion\u00e1lis c\u00e9gn\u00e9l \u00e9s nemzetk\u00f6zi szervezetn\u00e9l dolgozott m\u00e1r tan\u00e1csad\u00f3k\u00e9nt. \u00c9vente t\u00f6bb ezer v\u00e1llalatvezet\u0151nek \u00e9s mag\u00e1nembernek tart szemin\u00e1riumokat \u00e9s tr\u00e9ningeket.<\/p>\n<\/div>\n<div>\n<p>Cikkei sorra jelennek meg a Fast Company, a Fortune, a Los Angeles Times, a The New York Times, a The Wall Street Journal has\u00e1bjain. K\u00f6nyve eddig 30 orsz\u00e1gban t\u00f6bb mint 2 milli\u00f3 p\u00e9ld\u00e1nyban jelent meg. Jelenleg Amszterdamban \u00e9l.<\/p>\n<\/div>\n<\/div>\n<\/div>\n<p><em>\u201eM\u00e1r egy tucat embernek javasoltam a Preziben, hogy alak\u00edtsa ki a saj\u00e1t GTD-rendszer\u00e9t. Aki megteszi, produkt\u00edvabb, sikeresebb ember lehet. Ez egyszer\u0171, mint a GTD.\u201d<\/em><\/p>\n<p style=\"text-align: right;\"><em><br \/>\n<\/em>\u00a0<strong>Hal\u00e1csy P\u00e9ter<br \/>\n<\/strong>a Prezi t\u00e1rsalap\u00edt\u00f3ja, technol\u00f3giai igazgat\u00f3ja<\/p>\n<div><\/div>\n<p><em>\u201eAz eg\u00e9sz megk\u00f6zel\u00edt\u00e9s nemcsak a hat\u00e9konys\u00e1gomat fokozta, de a k\u00f6z\u00e9rzetemen is jav\u00edtott. Elk\u00e9peszt\u0151, mennyire megvetette a l\u00e1b\u00e1t ez a m\u00f3dszer szerte a vil\u00e1gon. Olyan, mint egy igazi mozgalom!\u201d<\/em><\/p>\n<p style=\"text-align: right;\"><strong>Daniel H. Pink<br \/>\n<\/strong><em>a Motiv\u00e1ci\u00f3 3.0\u00a0<\/em>c\u00edm\u0171 k\u00f6nyv szerz\u0151je<\/p>\n<p>ISBN: 978-963-304-294-6<br \/>\nTerjedelem: 376 oldal (160\u00d7235mm)<\/p>","protected":false},"excerpt":{"rendered":"<p><em>\u201eM\u00e1r egy tucat embernek javasoltam \u2026, hogy alak\u00edtsa ki a saj\u00e1t GTD-rendszer\u00e9t. Aki megteszi, produkt\u00edvabb, sikeresebb ember lehet. Ez egyszer\u0171, mint a GTD.\u201d<\/em><\/p>","protected":false},"featured_media":87799,"template":"","meta":{"_eb_attr":""},"product_brand":[],"product_cat":[183,173],"product_tag":[],"class_list":{"0":"post-1374","1":"product","2":"type-product","3":"status-publish","4":"has-post-thumbnail","6":"product_cat-lean-konyvek-kapcsolodo-irodalom","7":"product_cat-lean-konyvesbolt","8":"infinite-scroll-item","9":"no-featured-image-padding","10":"sales-flash-overlay","11":"woocommerce-text-align-left","12":"woocommerce-image-align-left","13":"do-quantity-buttons","15":"first","16":"instock","17":"taxable","18":"shipping-taxable","19":"purchasable","20":"product-type-variable"},"yoast_head":"<!-- This site is optimized with the Yoast SEO plugin v27.4 - https:\/\/yoast.com\/product\/yoast-seo-wordpress\/ -->\n<title>Hat\u00e9konys\u00e1gn\u00f6vel\u00e9s stresszmentesen (GTD) - LEI<\/title>\n<meta name=\"description\" content=\"Val\u00f3ban stresszmentesen n\u00f6velhetj\u00fck hat\u00e9konys\u00e1gunkat, ha megtanuljuk tudatosan kis\u00f6p\u00f6rni elm\u00e9nkb\u0151l a figyelemelterel\u0151 t\u00e9nyez\u0151ket?\" \/>\n<meta name=\"robots\" content=\"index, follow, max-snippet:-1, max-image-preview:large, max-video-preview:-1\" \/>\n<link rel=\"canonical\" href=\"https:\/\/lean.org.hu\/en\/lean-konyvesbolt\/hatekonysagnoveles-stresszmentesen-gtd\/\" \/>\n<meta property=\"og:locale\" content=\"en_GB\" \/>\n<meta property=\"og:type\" content=\"article\" \/>\n<meta property=\"og:title\" content=\"Hat\u00e9konys\u00e1gn\u00f6vel\u00e9s stresszmentesen (GTD)\" \/>\n<meta property=\"og:description\" content=\"Val\u00f3ban stresszmentesen n\u00f6velhetj\u00fck hat\u00e9konys\u00e1gunkat, ha megtanuljuk tudatosan kis\u00f6p\u00f6rni elm\u00e9nkb\u0151l a figyelemelterel\u0151 t\u00e9nyez\u0151ket?\" \/>\n<meta property=\"og:url\" content=\"https:\/\/lean.org.hu\/en\/lean-konyvesbolt\/hatekonysagnoveles-stresszmentesen-gtd\/\" \/>\n<meta property=\"og:site_name\" content=\"LEI\" \/>\n<meta property=\"article:publisher\" content=\"https:\/\/www.facebook.com\/LEI.Hungary\" \/>\n<meta property=\"article:modified_time\" content=\"2026-02-12T13:40:11+00:00\" \/>\n<meta property=\"og:image\" content=\"https:\/\/lean.org.hu\/wp-content\/uploads\/2020\/09\/boritokepek-6.jpg\" \/>\n\t<meta property=\"og:image:width\" content=\"425\" \/>\n\t<meta property=\"og:image:height\" content=\"600\" \/>\n\t<meta property=\"og:image:type\" content=\"image\/jpeg\" \/>\n<meta name=\"twitter:card\" content=\"summary_large_image\" \/>\n<meta name=\"twitter:label1\" content=\"Estimated reading time\" \/>\n\t<meta name=\"twitter:data1\" content=\"2 minutes\" \/>\n<script type=\"application\/ld+json\" class=\"yoast-schema-graph\">{\"@context\":\"https:\\\/\\\/schema.org\",\"@graph\":[{\"@type\":\"WebPage\",\"@id\":\"https:\\\/\\\/lean.org.hu\\\/lean-konyvesbolt\\\/hatekonysagnoveles-stresszmentesen-gtd\\\/\",\"url\":\"https:\\\/\\\/lean.org.hu\\\/lean-konyvesbolt\\\/hatekonysagnoveles-stresszmentesen-gtd\\\/\",\"name\":\"Hat\u00e9konys\u00e1gn\u00f6vel\u00e9s stresszmentesen (GTD) - LEI\",\"isPartOf\":{\"@id\":\"https:\\\/\\\/lean.org.hu\\\/#website\"},\"primaryImageOfPage\":{\"@id\":\"https:\\\/\\\/lean.org.hu\\\/lean-konyvesbolt\\\/hatekonysagnoveles-stresszmentesen-gtd\\\/#primaryimage\"},\"image\":{\"@id\":\"https:\\\/\\\/lean.org.hu\\\/lean-konyvesbolt\\\/hatekonysagnoveles-stresszmentesen-gtd\\\/#primaryimage\"},\"thumbnailUrl\":\"https:\\\/\\\/lean.org.hu\\\/wp-content\\\/uploads\\\/2020\\\/09\\\/boritokepek-6.jpg\",\"datePublished\":\"2020-09-17T08:23:56+00:00\",\"dateModified\":\"2026-02-12T13:40:11+00:00\",\"description\":\"Val\u00f3ban stresszmentesen n\u00f6velhetj\u00fck hat\u00e9konys\u00e1gunkat, ha megtanuljuk tudatosan kis\u00f6p\u00f6rni elm\u00e9nkb\u0151l a figyelemelterel\u0151 t\u00e9nyez\u0151ket?\",\"breadcrumb\":{\"@id\":\"https:\\\/\\\/lean.org.hu\\\/lean-konyvesbolt\\\/hatekonysagnoveles-stresszmentesen-gtd\\\/#breadcrumb\"},\"inLanguage\":\"en-GB\",\"potentialAction\":[{\"@type\":\"ReadAction\",\"target\":[\"https:\\\/\\\/lean.org.hu\\\/lean-konyvesbolt\\\/hatekonysagnoveles-stresszmentesen-gtd\\\/\"]}]},{\"@type\":\"ImageObject\",\"inLanguage\":\"en-GB\",\"@id\":\"https:\\\/\\\/lean.org.hu\\\/lean-konyvesbolt\\\/hatekonysagnoveles-stresszmentesen-gtd\\\/#primaryimage\",\"url\":\"https:\\\/\\\/lean.org.hu\\\/wp-content\\\/uploads\\\/2020\\\/09\\\/boritokepek-6.jpg\",\"contentUrl\":\"https:\\\/\\\/lean.org.hu\\\/wp-content\\\/uploads\\\/2020\\\/09\\\/boritokepek-6.jpg\",\"width\":425,\"height\":600,\"caption\":\"Hat\u00e9konys\u00e1gn\u00f6vel\u00e9s stresszmentesen bor\u00edt\u00f3\"},{\"@type\":\"BreadcrumbList\",\"@id\":\"https:\\\/\\\/lean.org.hu\\\/lean-konyvesbolt\\\/hatekonysagnoveles-stresszmentesen-gtd\\\/#breadcrumb\",\"itemListElement\":[{\"@type\":\"ListItem\",\"position\":1,\"name\":\"Kezd\u0151lap\",\"item\":\"https:\\\/\\\/lean.org.hu\\\/\"},{\"@type\":\"ListItem\",\"position\":2,\"name\":\"Web\u00e1ruh\u00e1z oldal\",\"item\":\"http:\\\/\\\/lean.org.hu\\\/en\\\/webaruhaz-aloldal\\\/\"},{\"@type\":\"ListItem\",\"position\":3,\"name\":\"Hat\u00e9konys\u00e1gn\u00f6vel\u00e9s stresszmentesen (GTD)\"}]},{\"@type\":\"WebSite\",\"@id\":\"https:\\\/\\\/lean.org.hu\\\/#website\",\"url\":\"https:\\\/\\\/lean.org.hu\\\/\",\"name\":\"LEI\",\"description\":\"\",\"publisher\":{\"@id\":\"https:\\\/\\\/lean.org.hu\\\/#organization\"},\"potentialAction\":[{\"@type\":\"SearchAction\",\"target\":{\"@type\":\"EntryPoint\",\"urlTemplate\":\"https:\\\/\\\/lean.org.hu\\\/?s={search_term_string}\"},\"query-input\":{\"@type\":\"PropertyValueSpecification\",\"valueRequired\":true,\"valueName\":\"search_term_string\"}}],\"inLanguage\":\"en-GB\"},{\"@type\":\"Organization\",\"@id\":\"https:\\\/\\\/lean.org.hu\\\/#organization\",\"name\":\"LEI\",\"url\":\"https:\\\/\\\/lean.org.hu\\\/\",\"logo\":{\"@type\":\"ImageObject\",\"inLanguage\":\"en-GB\",\"@id\":\"https:\\\/\\\/lean.org.hu\\\/#\\\/schema\\\/logo\\\/image\\\/\",\"url\":\"https:\\\/\\\/lean.org.hu\\\/wp-content\\\/uploads\\\/2020\\\/07\\\/cropped-lean_logo_final_color_horizontal.png\",\"contentUrl\":\"https:\\\/\\\/lean.org.hu\\\/wp-content\\\/uploads\\\/2020\\\/07\\\/cropped-lean_logo_final_color_horizontal.png\",\"width\":779,\"height\":288,\"caption\":\"LEI\"},\"image\":{\"@id\":\"https:\\\/\\\/lean.org.hu\\\/#\\\/schema\\\/logo\\\/image\\\/\"},\"sameAs\":[\"https:\\\/\\\/www.facebook.com\\\/LEI.Hungary\",\"https:\\\/\\\/www.linkedin.com\\\/company\\\/lean-enterprise-institute-hungary\"]}]}<\/script>\n<!-- \/ Yoast SEO plugin. -->","yoast_head_json":{"title":"Hat\u00e9konys\u00e1gn\u00f6vel\u00e9s stresszmentesen (GTD) - LEI","description":"Val\u00f3ban stresszmentesen n\u00f6velhetj\u00fck hat\u00e9konys\u00e1gunkat, ha megtanuljuk tudatosan kis\u00f6p\u00f6rni elm\u00e9nkb\u0151l a figyelemelterel\u0151 t\u00e9nyez\u0151ket?","robots":{"index":"index","follow":"follow","max-snippet":"max-snippet:-1","max-image-preview":"max-image-preview:large","max-video-preview":"max-video-preview:-1"},"canonical":"https:\/\/lean.org.hu\/en\/lean-konyvesbolt\/hatekonysagnoveles-stresszmentesen-gtd\/","og_locale":"en_GB","og_type":"article","og_title":"Hat\u00e9konys\u00e1gn\u00f6vel\u00e9s stresszmentesen (GTD)","og_description":"Val\u00f3ban stresszmentesen n\u00f6velhetj\u00fck hat\u00e9konys\u00e1gunkat, ha megtanuljuk tudatosan kis\u00f6p\u00f6rni elm\u00e9nkb\u0151l a figyelemelterel\u0151 t\u00e9nyez\u0151ket?","og_url":"https:\/\/lean.org.hu\/en\/lean-konyvesbolt\/hatekonysagnoveles-stresszmentesen-gtd\/","og_site_name":"LEI","article_publisher":"https:\/\/www.facebook.com\/LEI.Hungary","article_modified_time":"2026-02-12T13:40:11+00:00","og_image":[{"width":425,"height":600,"url":"https:\/\/lean.org.hu\/wp-content\/uploads\/2020\/09\/boritokepek-6.jpg","type":"image\/jpeg"}],"twitter_card":"summary_large_image","twitter_misc":{"Estimated reading time":"2 minutes"},"schema":{"@context":"https:\/\/schema.org","@graph":[{"@type":"WebPage","@id":"https:\/\/lean.org.hu\/lean-konyvesbolt\/hatekonysagnoveles-stresszmentesen-gtd\/","url":"https:\/\/lean.org.hu\/lean-konyvesbolt\/hatekonysagnoveles-stresszmentesen-gtd\/","name":"Hat\u00e9konys\u00e1gn\u00f6vel\u00e9s stresszmentesen (GTD) - LEI","isPartOf":{"@id":"https:\/\/lean.org.hu\/#website"},"primaryImageOfPage":{"@id":"https:\/\/lean.org.hu\/lean-konyvesbolt\/hatekonysagnoveles-stresszmentesen-gtd\/#primaryimage"},"image":{"@id":"https:\/\/lean.org.hu\/lean-konyvesbolt\/hatekonysagnoveles-stresszmentesen-gtd\/#primaryimage"},"thumbnailUrl":"https:\/\/lean.org.hu\/wp-content\/uploads\/2020\/09\/boritokepek-6.jpg","datePublished":"2020-09-17T08:23:56+00:00","dateModified":"2026-02-12T13:40:11+00:00","description":"Val\u00f3ban stresszmentesen n\u00f6velhetj\u00fck hat\u00e9konys\u00e1gunkat, ha megtanuljuk tudatosan kis\u00f6p\u00f6rni elm\u00e9nkb\u0151l a figyelemelterel\u0151 t\u00e9nyez\u0151ket?","breadcrumb":{"@id":"https:\/\/lean.org.hu\/lean-konyvesbolt\/hatekonysagnoveles-stresszmentesen-gtd\/#breadcrumb"},"inLanguage":"en-GB","potentialAction":[{"@type":"ReadAction","target":["https:\/\/lean.org.hu\/lean-konyvesbolt\/hatekonysagnoveles-stresszmentesen-gtd\/"]}]},{"@type":"ImageObject","inLanguage":"en-GB","@id":"https:\/\/lean.org.hu\/lean-konyvesbolt\/hatekonysagnoveles-stresszmentesen-gtd\/#primaryimage","url":"https:\/\/lean.org.hu\/wp-content\/uploads\/2020\/09\/boritokepek-6.jpg","contentUrl":"https:\/\/lean.org.hu\/wp-content\/uploads\/2020\/09\/boritokepek-6.jpg","width":425,"height":600,"caption":"Hat\u00e9konys\u00e1gn\u00f6vel\u00e9s stresszmentesen bor\u00edt\u00f3"},{"@type":"BreadcrumbList","@id":"https:\/\/lean.org.hu\/lean-konyvesbolt\/hatekonysagnoveles-stresszmentesen-gtd\/#breadcrumb","itemListElement":[{"@type":"ListItem","position":1,"name":"Kezd\u0151lap","item":"https:\/\/lean.org.hu\/"},{"@type":"ListItem","position":2,"name":"Web\u00e1ruh\u00e1z oldal","item":"http:\/\/lean.org.hu\/en\/webaruhaz-aloldal\/"},{"@type":"ListItem","position":3,"name":"Hat\u00e9konys\u00e1gn\u00f6vel\u00e9s stresszmentesen (GTD)"}]},{"@type":"WebSite","@id":"https:\/\/lean.org.hu\/#website","url":"https:\/\/lean.org.hu\/","name":"LEI","description":"","publisher":{"@id":"https:\/\/lean.org.hu\/#organization"},"potentialAction":[{"@type":"SearchAction","target":{"@type":"EntryPoint","urlTemplate":"https:\/\/lean.org.hu\/?s={search_term_string}"},"query-input":{"@type":"PropertyValueSpecification","valueRequired":true,"valueName":"search_term_string"}}],"inLanguage":"en-GB"},{"@type":"Organization","@id":"https:\/\/lean.org.hu\/#organization","name":"LEI","url":"https:\/\/lean.org.hu\/","logo":{"@type":"ImageObject","inLanguage":"en-GB","@id":"https:\/\/lean.org.hu\/#\/schema\/logo\/image\/","url":"https:\/\/lean.org.hu\/wp-content\/uploads\/2020\/07\/cropped-lean_logo_final_color_horizontal.png","contentUrl":"https:\/\/lean.org.hu\/wp-content\/uploads\/2020\/07\/cropped-lean_logo_final_color_horizontal.png","width":779,"height":288,"caption":"LEI"},"image":{"@id":"https:\/\/lean.org.hu\/#\/schema\/logo\/image\/"},"sameAs":["https:\/\/www.facebook.com\/LEI.Hungary","https:\/\/www.linkedin.com\/company\/lean-enterprise-institute-hungary"]}]}},"_links":{"self":[{"href":"https:\/\/lean.org.hu\/en\/wp-json\/wp\/v2\/product\/1374","targetHints":{"allow":["GET"]}}],"collection":[{"href":"https:\/\/lean.org.hu\/en\/wp-json\/wp\/v2\/product"}],"about":[{"href":"https:\/\/lean.org.hu\/en\/wp-json\/wp\/v2\/types\/product"}],"wp:featuredmedia":[{"embeddable":true,"href":"https:\/\/lean.org.hu\/en\/wp-json\/wp\/v2\/media\/87799"}],"wp:attachment":[{"href":"https:\/\/lean.org.hu\/en\/wp-json\/wp\/v2\/media?parent=1374"}],"wp:term":[{"taxonomy":"product_brand","embeddable":true,"href":"https:\/\/lean.org.hu\/en\/wp-json\/wp\/v2\/product_brand?post=1374"},{"taxonomy":"product_cat","embeddable":true,"href":"https:\/\/lean.org.hu\/en\/wp-json\/wp\/v2\/product_cat?post=1374"},{"taxonomy":"product_tag","embeddable":true,"href":"https:\/\/lean.org.hu\/en\/wp-json\/wp\/v2\/product_tag?post=1374"}],"curies":[{"name":"wp","href":"https:\/\/api.w.org\/{rel}","templated":true}]}}