{"id":1330,"date":"2020-09-17T07:53:31","date_gmt":"2020-09-17T05:53:31","guid":{"rendered":"http:\/\/generaciokpartnere.hu\/leiwp\/?post_type=product&#038;p=1330"},"modified":"2026-02-12T15:09:12","modified_gmt":"2026-02-12T14:09:12","slug":"szemleletvaltas","status":"publish","type":"product","link":"https:\/\/lean.org.hu\/en\/lean-konyvesbolt\/szemleletvaltas\/","title":{"rendered":"Szeml\u00e9letv\u00e1lt\u00e1s &#8211; A siker pszichol\u00f3gi\u00e1ja"},"content":{"rendered":"<p><strong>Szeml\u00e9letv\u00e1lt\u00e1s\u00a0<\/strong>\u2013<strong>\u00a0<\/strong>A siker \u00faj pszichol\u00f3gi\u00e1ja\u00a0<em>(Mindset: The new psychology of success)<\/em><br \/>\nCarol S. Dweck<\/p>\n<p>Mi\u00e9rt nem seg\u00edti gyermekeink fejl\u0151d\u00e9s\u00e9t, ha k\u00e9szs\u00e9geiket \u00e9s intelligenci\u00e1jukat dics\u00e9rj\u00fck?<br \/>\nA hars\u00e1ny, karizmatikus vagy a szer\u00e9ny, befel\u00e9 fordul\u00f3 vezet\u0151k sikeresebbek?<br \/>\nVajon az akarater\u0151nk\u00f6n m\u00falik, hogy be tudjuk-e tartani fogadalmainkat?<\/p>\n<p>Nem csup\u00e1n k\u00e9pess\u00e9geinkt\u0151l vagy tehets\u00e9g\u00fcnkt\u0151l, sokkal ink\u00e1bb szeml\u00e9letm\u00f3dunkt\u00f3l f\u00fcgg, el\u00e9rj\u00fck-e c\u00e9ljainkat. A megfelel\u0151 szeml\u00e9lettel nemcsak gyerekeinket motiv\u00e1lhatjuk iskolai teljes\u00edtm\u00e9ny\u00fck jav\u00edt\u00e1s\u00e1ra, de mi is rengeteget fejl\u0151dhet\u00fcnk mind szem\u00e9lyes, mind szakmai t\u00e9ren.<\/p>\n<div>\n<p>Carol S. Dweck, a Stanford Egyetem vil\u00e1gszerte ismert pszichol\u00f3giaprofesszora \u00e9vtizedekig kutatta a siker titk\u00e1t. K\u00f6nyve, a Szeml\u00e9letv\u00e1lt\u00e1s sz\u00e1mos kutat\u00e1s seg\u00edts\u00e9g\u00e9vel, a legkiv\u00e1l\u00f3bb vezet\u0151k, sportol\u00f3k, sz\u00fcl\u0151k \u00e9s tan\u00e1rok p\u00e9ld\u00e1in kereszt\u00fcl bebizony\u00edtja, hogy ha fejl\u0151d\u00e9si szeml\u00e9lettel tekint\u00fcnk \u00f6nmagunkra \u00e9s a vil\u00e1gra, az olyan tud\u00e1sv\u00e1gyra \u00e9s kitart\u00e1sra sarkall benn\u00fcnket, amelynek k\u00f6sz\u00f6nhet\u0151en az \u00e9let minden ter\u00fclet\u00e9n sikeresebbek lesz\u00fcnk.<\/p>\n<div><\/div>\n<div>\u201eSzeretn\u00e9nk, hogy Magyarorsz\u00e1gon term\u00e9szetes legyen ki\u00e1llni \u00f6nmagunk\u00e9rt \u00e9s m\u00e1sok\u00e9rt, hogy az egy\u00fctt\u00e9rz\u00e9s t\u00e1rsadalmi norma legyen. Carol S. Dweck m\u00f3dszere ennek a v\u00e1ltoz\u00e1snak az alapja.\u201d<\/div>\n<p style=\"text-align: right;\"><strong>\u00a0<a href=\"http:\/\/hosoktere.org\/\">H\u0151s\u00f6k Tere Kezdem\u00e9nyez\u00e9s<\/a><\/strong><\/p>\n<\/div>\n<p style=\"text-align: center;\"><a class=\"wp-block-button__link\" style=\"border-radius: 5px;\" href=\"https:\/\/drive.google.com\/file\/d\/1thFfVbFRHFJmSbT1LoEhfcFC2M06nVxZ\/view?usp=sharing\" target=\"_blank\" rel=\"noreferrer noopener\">Olvass bele a k\u00f6nyvbe!<\/a><\/p>\n<p>ISBN 978-963-304-225-0<br \/>\nTerjedelem: 408 oldal (145\u00d7210 mm)<\/p>","protected":false},"excerpt":{"rendered":"<p><em>\u201eSzeretn\u00e9nk, hogy Magyarorsz\u00e1gon term\u00e9szetes legyen ki\u00e1llni \u00f6nmagunk\u00e9rt \u00e9s m\u00e1sok\u00e9rt, hogy az egy\u00fctt\u00e9rz\u00e9s t\u00e1rsadalmi norma legyen. Carol S. Dweck m\u00f3dszere ennek a v\u00e1ltoz\u00e1snak az alapja.\u201d<\/em><\/p>","protected":false},"featured_media":1333,"template":"","meta":{"_eb_attr":""},"product_brand":[],"product_cat":[183,173],"product_tag":[],"class_list":{"0":"post-1330","1":"product","2":"type-product","3":"status-publish","4":"has-post-thumbnail","6":"product_cat-lean-konyvek-kapcsolodo-irodalom","7":"product_cat-lean-konyvesbolt","8":"infinite-scroll-item","9":"no-featured-image-padding","10":"sales-flash-overlay","11":"woocommerce-text-align-left","12":"woocommerce-image-align-left","13":"do-quantity-buttons","15":"first","16":"instock","17":"taxable","18":"shipping-taxable","19":"purchasable","20":"product-type-variable"},"yoast_head":"<!-- This site is optimized with the Yoast SEO plugin v27.4 - https:\/\/yoast.com\/product\/yoast-seo-wordpress\/ -->\n<title>Szeml\u00e9letv\u00e1lt\u00e1s - A siker pszichol\u00f3gi\u00e1ja - Carol S. Dweck - LEI<\/title>\n<meta name=\"description\" content=\"Carol S. Dweck \u00e9vekig kutatta a siker pszichol\u00f3gi\u00e1j\u00e1t. A Szeml\u00e9letv\u00e1lt\u00e1s c\u00edm\u0171 k\u00f6nyv \u00f6sszefoglalja mindazt amit megtudott a t\u00e9m\u00e1ban.\" \/>\n<meta name=\"robots\" content=\"index, follow, max-snippet:-1, max-image-preview:large, max-video-preview:-1\" \/>\n<link rel=\"canonical\" href=\"https:\/\/lean.org.hu\/en\/lean-konyvesbolt\/szemleletvaltas\/\" \/>\n<meta property=\"og:locale\" content=\"en_GB\" \/>\n<meta property=\"og:type\" content=\"article\" \/>\n<meta property=\"og:title\" content=\"Szeml\u00e9letv\u00e1lt\u00e1s - A siker \u00faj pszichol\u00f3gi\u00e1ja\" \/>\n<meta property=\"og:description\" content=\"Carol S. Dweck \u00e9vekig kutatta a siker pszichol\u00f3gi\u00e1j\u00e1t. A Szeml\u00e9letv\u00e1lt\u00e1s c\u00edm\u0171 k\u00f6nyv \u00f6sszefoglalja mindazt amit megtudott a t\u00e9m\u00e1ban.\" \/>\n<meta property=\"og:url\" content=\"https:\/\/lean.org.hu\/en\/lean-konyvesbolt\/szemleletvaltas\/\" \/>\n<meta property=\"og:site_name\" content=\"LEI\" \/>\n<meta property=\"article:publisher\" content=\"https:\/\/www.facebook.com\/LEI.Hungary\" \/>\n<meta property=\"article:modified_time\" content=\"2026-02-12T14:09:12+00:00\" \/>\n<meta property=\"og:image\" content=\"https:\/\/lean.org.hu\/wp-content\/uploads\/2020\/09\/Szeml\u00e9letv\u00e1lt\u00e1s_Bor\u00edt\u00f3_425x600-1.jpg\" \/>\n\t<meta property=\"og:image:width\" content=\"425\" \/>\n\t<meta property=\"og:image:height\" content=\"600\" \/>\n\t<meta property=\"og:image:type\" content=\"image\/jpeg\" \/>\n<meta name=\"twitter:card\" content=\"summary_large_image\" \/>\n<meta name=\"twitter:label1\" content=\"Estimated reading time\" \/>\n\t<meta name=\"twitter:data1\" content=\"2 minutes\" \/>\n<script type=\"application\/ld+json\" class=\"yoast-schema-graph\">{\"@context\":\"https:\\\/\\\/schema.org\",\"@graph\":[{\"@type\":\"WebPage\",\"@id\":\"https:\\\/\\\/lean.org.hu\\\/lean-konyvesbolt\\\/szemleletvaltas\\\/\",\"url\":\"https:\\\/\\\/lean.org.hu\\\/lean-konyvesbolt\\\/szemleletvaltas\\\/\",\"name\":\"Szeml\u00e9letv\u00e1lt\u00e1s - A siker pszichol\u00f3gi\u00e1ja - Carol S. Dweck - LEI\",\"isPartOf\":{\"@id\":\"https:\\\/\\\/lean.org.hu\\\/#website\"},\"primaryImageOfPage\":{\"@id\":\"https:\\\/\\\/lean.org.hu\\\/lean-konyvesbolt\\\/szemleletvaltas\\\/#primaryimage\"},\"image\":{\"@id\":\"https:\\\/\\\/lean.org.hu\\\/lean-konyvesbolt\\\/szemleletvaltas\\\/#primaryimage\"},\"thumbnailUrl\":\"https:\\\/\\\/lean.org.hu\\\/wp-content\\\/uploads\\\/2020\\\/09\\\/Szeml\u00e9letv\u00e1lt\u00e1s_Bor\u00edt\u00f3_425x600-1.jpg\",\"datePublished\":\"2020-09-17T05:53:31+00:00\",\"dateModified\":\"2026-02-12T14:09:12+00:00\",\"description\":\"Carol S. Dweck \u00e9vekig kutatta a siker pszichol\u00f3gi\u00e1j\u00e1t. A Szeml\u00e9letv\u00e1lt\u00e1s c\u00edm\u0171 k\u00f6nyv \u00f6sszefoglalja mindazt amit megtudott a t\u00e9m\u00e1ban.\",\"breadcrumb\":{\"@id\":\"https:\\\/\\\/lean.org.hu\\\/lean-konyvesbolt\\\/szemleletvaltas\\\/#breadcrumb\"},\"inLanguage\":\"en-GB\",\"potentialAction\":[{\"@type\":\"ReadAction\",\"target\":[\"https:\\\/\\\/lean.org.hu\\\/lean-konyvesbolt\\\/szemleletvaltas\\\/\"]}]},{\"@type\":\"ImageObject\",\"inLanguage\":\"en-GB\",\"@id\":\"https:\\\/\\\/lean.org.hu\\\/lean-konyvesbolt\\\/szemleletvaltas\\\/#primaryimage\",\"url\":\"https:\\\/\\\/lean.org.hu\\\/wp-content\\\/uploads\\\/2020\\\/09\\\/Szeml\u00e9letv\u00e1lt\u00e1s_Bor\u00edt\u00f3_425x600-1.jpg\",\"contentUrl\":\"https:\\\/\\\/lean.org.hu\\\/wp-content\\\/uploads\\\/2020\\\/09\\\/Szeml\u00e9letv\u00e1lt\u00e1s_Bor\u00edt\u00f3_425x600-1.jpg\",\"width\":425,\"height\":600,\"caption\":\"Szeml\u00e9letv\u00e1lt\u00e1s bor\u00edt\u00f3\"},{\"@type\":\"BreadcrumbList\",\"@id\":\"https:\\\/\\\/lean.org.hu\\\/lean-konyvesbolt\\\/szemleletvaltas\\\/#breadcrumb\",\"itemListElement\":[{\"@type\":\"ListItem\",\"position\":1,\"name\":\"Kezd\u0151lap\",\"item\":\"https:\\\/\\\/lean.org.hu\\\/\"},{\"@type\":\"ListItem\",\"position\":2,\"name\":\"Web\u00e1ruh\u00e1z oldal\",\"item\":\"http:\\\/\\\/lean.org.hu\\\/en\\\/webaruhaz-aloldal\\\/\"},{\"@type\":\"ListItem\",\"position\":3,\"name\":\"Szeml\u00e9letv\u00e1lt\u00e1s &#8211; A siker pszichol\u00f3gi\u00e1ja\"}]},{\"@type\":\"WebSite\",\"@id\":\"https:\\\/\\\/lean.org.hu\\\/#website\",\"url\":\"https:\\\/\\\/lean.org.hu\\\/\",\"name\":\"LEI\",\"description\":\"\",\"publisher\":{\"@id\":\"https:\\\/\\\/lean.org.hu\\\/#organization\"},\"potentialAction\":[{\"@type\":\"SearchAction\",\"target\":{\"@type\":\"EntryPoint\",\"urlTemplate\":\"https:\\\/\\\/lean.org.hu\\\/?s={search_term_string}\"},\"query-input\":{\"@type\":\"PropertyValueSpecification\",\"valueRequired\":true,\"valueName\":\"search_term_string\"}}],\"inLanguage\":\"en-GB\"},{\"@type\":\"Organization\",\"@id\":\"https:\\\/\\\/lean.org.hu\\\/#organization\",\"name\":\"LEI\",\"url\":\"https:\\\/\\\/lean.org.hu\\\/\",\"logo\":{\"@type\":\"ImageObject\",\"inLanguage\":\"en-GB\",\"@id\":\"https:\\\/\\\/lean.org.hu\\\/#\\\/schema\\\/logo\\\/image\\\/\",\"url\":\"https:\\\/\\\/lean.org.hu\\\/wp-content\\\/uploads\\\/2020\\\/07\\\/cropped-lean_logo_final_color_horizontal.png\",\"contentUrl\":\"https:\\\/\\\/lean.org.hu\\\/wp-content\\\/uploads\\\/2020\\\/07\\\/cropped-lean_logo_final_color_horizontal.png\",\"width\":779,\"height\":288,\"caption\":\"LEI\"},\"image\":{\"@id\":\"https:\\\/\\\/lean.org.hu\\\/#\\\/schema\\\/logo\\\/image\\\/\"},\"sameAs\":[\"https:\\\/\\\/www.facebook.com\\\/LEI.Hungary\",\"https:\\\/\\\/www.linkedin.com\\\/company\\\/lean-enterprise-institute-hungary\"]}]}<\/script>\n<!-- \/ Yoast SEO plugin. -->","yoast_head_json":{"title":"Szeml\u00e9letv\u00e1lt\u00e1s - A siker pszichol\u00f3gi\u00e1ja - Carol S. Dweck - LEI","description":"Carol S. Dweck \u00e9vekig kutatta a siker pszichol\u00f3gi\u00e1j\u00e1t. A Szeml\u00e9letv\u00e1lt\u00e1s c\u00edm\u0171 k\u00f6nyv \u00f6sszefoglalja mindazt amit megtudott a t\u00e9m\u00e1ban.","robots":{"index":"index","follow":"follow","max-snippet":"max-snippet:-1","max-image-preview":"max-image-preview:large","max-video-preview":"max-video-preview:-1"},"canonical":"https:\/\/lean.org.hu\/en\/lean-konyvesbolt\/szemleletvaltas\/","og_locale":"en_GB","og_type":"article","og_title":"Szeml\u00e9letv\u00e1lt\u00e1s - A siker \u00faj pszichol\u00f3gi\u00e1ja","og_description":"Carol S. Dweck \u00e9vekig kutatta a siker pszichol\u00f3gi\u00e1j\u00e1t. A Szeml\u00e9letv\u00e1lt\u00e1s c\u00edm\u0171 k\u00f6nyv \u00f6sszefoglalja mindazt amit megtudott a t\u00e9m\u00e1ban.","og_url":"https:\/\/lean.org.hu\/en\/lean-konyvesbolt\/szemleletvaltas\/","og_site_name":"LEI","article_publisher":"https:\/\/www.facebook.com\/LEI.Hungary","article_modified_time":"2026-02-12T14:09:12+00:00","og_image":[{"width":425,"height":600,"url":"https:\/\/lean.org.hu\/wp-content\/uploads\/2020\/09\/Szeml\u00e9letv\u00e1lt\u00e1s_Bor\u00edt\u00f3_425x600-1.jpg","type":"image\/jpeg"}],"twitter_card":"summary_large_image","twitter_misc":{"Estimated reading time":"2 minutes"},"schema":{"@context":"https:\/\/schema.org","@graph":[{"@type":"WebPage","@id":"https:\/\/lean.org.hu\/lean-konyvesbolt\/szemleletvaltas\/","url":"https:\/\/lean.org.hu\/lean-konyvesbolt\/szemleletvaltas\/","name":"Szeml\u00e9letv\u00e1lt\u00e1s - A siker pszichol\u00f3gi\u00e1ja - Carol S. Dweck - LEI","isPartOf":{"@id":"https:\/\/lean.org.hu\/#website"},"primaryImageOfPage":{"@id":"https:\/\/lean.org.hu\/lean-konyvesbolt\/szemleletvaltas\/#primaryimage"},"image":{"@id":"https:\/\/lean.org.hu\/lean-konyvesbolt\/szemleletvaltas\/#primaryimage"},"thumbnailUrl":"https:\/\/lean.org.hu\/wp-content\/uploads\/2020\/09\/Szeml\u00e9letv\u00e1lt\u00e1s_Bor\u00edt\u00f3_425x600-1.jpg","datePublished":"2020-09-17T05:53:31+00:00","dateModified":"2026-02-12T14:09:12+00:00","description":"Carol S. Dweck \u00e9vekig kutatta a siker pszichol\u00f3gi\u00e1j\u00e1t. A Szeml\u00e9letv\u00e1lt\u00e1s c\u00edm\u0171 k\u00f6nyv \u00f6sszefoglalja mindazt amit megtudott a t\u00e9m\u00e1ban.","breadcrumb":{"@id":"https:\/\/lean.org.hu\/lean-konyvesbolt\/szemleletvaltas\/#breadcrumb"},"inLanguage":"en-GB","potentialAction":[{"@type":"ReadAction","target":["https:\/\/lean.org.hu\/lean-konyvesbolt\/szemleletvaltas\/"]}]},{"@type":"ImageObject","inLanguage":"en-GB","@id":"https:\/\/lean.org.hu\/lean-konyvesbolt\/szemleletvaltas\/#primaryimage","url":"https:\/\/lean.org.hu\/wp-content\/uploads\/2020\/09\/Szeml\u00e9letv\u00e1lt\u00e1s_Bor\u00edt\u00f3_425x600-1.jpg","contentUrl":"https:\/\/lean.org.hu\/wp-content\/uploads\/2020\/09\/Szeml\u00e9letv\u00e1lt\u00e1s_Bor\u00edt\u00f3_425x600-1.jpg","width":425,"height":600,"caption":"Szeml\u00e9letv\u00e1lt\u00e1s bor\u00edt\u00f3"},{"@type":"BreadcrumbList","@id":"https:\/\/lean.org.hu\/lean-konyvesbolt\/szemleletvaltas\/#breadcrumb","itemListElement":[{"@type":"ListItem","position":1,"name":"Kezd\u0151lap","item":"https:\/\/lean.org.hu\/"},{"@type":"ListItem","position":2,"name":"Web\u00e1ruh\u00e1z oldal","item":"http:\/\/lean.org.hu\/en\/webaruhaz-aloldal\/"},{"@type":"ListItem","position":3,"name":"Szeml\u00e9letv\u00e1lt\u00e1s &#8211; A siker pszichol\u00f3gi\u00e1ja"}]},{"@type":"WebSite","@id":"https:\/\/lean.org.hu\/#website","url":"https:\/\/lean.org.hu\/","name":"LEI","description":"","publisher":{"@id":"https:\/\/lean.org.hu\/#organization"},"potentialAction":[{"@type":"SearchAction","target":{"@type":"EntryPoint","urlTemplate":"https:\/\/lean.org.hu\/?s={search_term_string}"},"query-input":{"@type":"PropertyValueSpecification","valueRequired":true,"valueName":"search_term_string"}}],"inLanguage":"en-GB"},{"@type":"Organization","@id":"https:\/\/lean.org.hu\/#organization","name":"LEI","url":"https:\/\/lean.org.hu\/","logo":{"@type":"ImageObject","inLanguage":"en-GB","@id":"https:\/\/lean.org.hu\/#\/schema\/logo\/image\/","url":"https:\/\/lean.org.hu\/wp-content\/uploads\/2020\/07\/cropped-lean_logo_final_color_horizontal.png","contentUrl":"https:\/\/lean.org.hu\/wp-content\/uploads\/2020\/07\/cropped-lean_logo_final_color_horizontal.png","width":779,"height":288,"caption":"LEI"},"image":{"@id":"https:\/\/lean.org.hu\/#\/schema\/logo\/image\/"},"sameAs":["https:\/\/www.facebook.com\/LEI.Hungary","https:\/\/www.linkedin.com\/company\/lean-enterprise-institute-hungary"]}]}},"_links":{"self":[{"href":"https:\/\/lean.org.hu\/en\/wp-json\/wp\/v2\/product\/1330","targetHints":{"allow":["GET"]}}],"collection":[{"href":"https:\/\/lean.org.hu\/en\/wp-json\/wp\/v2\/product"}],"about":[{"href":"https:\/\/lean.org.hu\/en\/wp-json\/wp\/v2\/types\/product"}],"wp:featuredmedia":[{"embeddable":true,"href":"https:\/\/lean.org.hu\/en\/wp-json\/wp\/v2\/media\/1333"}],"wp:attachment":[{"href":"https:\/\/lean.org.hu\/en\/wp-json\/wp\/v2\/media?parent=1330"}],"wp:term":[{"taxonomy":"product_brand","embeddable":true,"href":"https:\/\/lean.org.hu\/en\/wp-json\/wp\/v2\/product_brand?post=1330"},{"taxonomy":"product_cat","embeddable":true,"href":"https:\/\/lean.org.hu\/en\/wp-json\/wp\/v2\/product_cat?post=1330"},{"taxonomy":"product_tag","embeddable":true,"href":"https:\/\/lean.org.hu\/en\/wp-json\/wp\/v2\/product_tag?post=1330"}],"curies":[{"name":"wp","href":"https:\/\/api.w.org\/{rel}","templated":true}]}}