{"id":1281,"date":"2020-09-15T07:47:05","date_gmt":"2020-09-15T05:47:05","guid":{"rendered":"http:\/\/generaciokpartnere.hu\/leiwp\/?post_type=product&#038;p=1281"},"modified":"2022-02-02T16:17:23","modified_gmt":"2022-02-02T14:17:23","slug":"vezetok-a-gaton-ingyenesen-letoltheto","status":"publish","type":"product","link":"https:\/\/lean.org.hu\/en\/lean-konyvesbolt\/vezetok-a-gaton-ingyenesen-letoltheto\/","title":{"rendered":"Vezet\u0151k a g\u00e1ton &#8211; Ingyenesen let\u00f6lthet\u0151!"},"content":{"rendered":"<p><strong>Vezet\u0151k a g\u00e1ton<\/strong><br \/>\nK\u0151v\u00e1ri R\u00f3bert<\/p>\n<p>ISBN 978-963-06-9571-8<br \/>\nTerjedelem: 45 oldal<\/p>\n<p>&#8222;Egy vezet\u0151 egyik legfontosabb feladata, hogy meggy\u0151zze munkat\u00e1rsait a kaizen fontoss\u00e1g\u00e1r\u00f3l \u00e9s el\u00e9rje, hogy az a mindennapok r\u00e9sz\u00e9v\u00e9 v\u00e1ljon sz\u00e1mukra. Az emberek meggy\u0151z\u00e9se nem egyszer\u0171 feladat, ezt maga Ohno is elismerte. A meggy\u0151z\u00e9s fontos elemei a j\u00f3 \u00e9rvel\u00e9s \u00e9s a magabiztoss\u00e1g, \u00f6nbizalom. Amikor egy probl\u00e9m\u00e1r\u00f3l, illetve annak lehets\u00e9ges megold\u00e1s\u00e1r\u00f3l besz\u00e9l\u00fcnk, biztosnak kell lenn\u00fcnk d\u00f6nt\u00e9s\u00fcnk helyess\u00e9g\u00e9ben. Akkor is, ha azzal is tiszt\u00e1ban vagyunk, hogy d\u00f6nt\u00e9seink nem mindig j\u00f3k, akkor sem, ha adott pillanatban annak t\u0171nnek. Az id\u0151 el\u0151rehaladt\u00e1val, ahogy az ember b\u00f6lcsebb\u00e9, t\u00e1j\u00e9kozottabb\u00e1 v\u00e1lik, kor\u00e1bbi d\u00f6nt\u00e9sei ak\u00e1r hib\u00e1snak is min\u0151s\u00fclhetnek. El\u0151fordulhat, hogy egy vezet\u0151 r\u00f6vid id\u0151n bel\u00fcl megv\u00e1ltoztathatja egy kor\u00e1bbi d\u00f6nt\u00e9s\u00e9t. Ez nem azt jelenti, hogy az illet\u0151 rossz vezet\u0151. Elk\u00e9pzelhet\u0151, hogy d\u00f6nt\u00e9s\u00e9nek k\u00f6vetkezm\u00e9nyeit a helysz\u00ednen \u00e9rt\u00e9kelte \u00e9s ez\u00e9rt v\u00e1ltoztatott a v\u00e9lem\u00e9ny\u00e9n. Ez megalapozott \u00e9s \u00e9rt\u00e9kes v\u00e1ltoztat\u00e1s, hiszen fel kell v\u00e1llalni hib\u00e1inkat (mindig a helysz\u00ednen megismert \u00e9s \u00e9rt\u00e9kelt t\u00e9nyek alapj\u00e1n), \u00e9s azonnal reag\u00e1lni kell. Egy folyamatot, szervezetet nem lehet a rossz \u00faton vezetni csak az\u00e9rt, mert cs\u00f6k\u00f6ny\u00f6sen ragaszkodunk m\u00faltb\u00e9li d\u00f6nt\u00e9seinkhez.&#8221;<\/p>\n<p>Ezen kiadv\u00e1ny egyes fejezetei nem egyszer\u0171 ford\u00edt\u00e1sai Jon Miller bejegyz\u00e9seinek. Elk\u00e9sz\u00edt\u00e9s\u00fckkor Jon anyag\u00e1t vettem alapul, majd kieg\u00e9sz\u00edtettem saj\u00e1t gondolataimmal, valamint aktu\u00e1lis inform\u00e1ci\u00f3kkal. Az eredeti bejegyz\u00e9seket a kiadv\u00e1ny v\u00e9g\u00e9n tal\u00e1lhat\u00f3 link seg\u00edts\u00e9g\u00e9vel \u00d6n\u00f6k is elolvashatj\u00e1k.<\/p>\n<p>Tisztelt Olvas\u00f3!<\/p>\n<p>munkat\u00e1rs, m\u00e9rn\u00f6k, vezet\u0151\u2026<br \/>\nirodai vagy termel\u0151, szolg\u00e1ltat\u00f3 munkak\u00f6rben\u2026<br \/>\nmindegy!<\/p>\n<p>Meleg sz\u00edvvel aj\u00e1nlom Neked K\u0151v\u00e1ri R\u00f3bert Vezet\u0151k a g\u00e1ton c\u00edm\u0171 m\u0171v\u00e9t (k\u00fcl\u00f6n k\u00f6sz\u00f6net az ingyenes let\u00f6lthet\u0151s\u00e9g\u00e9rt). Sz\u00e1momra \u201enehezen letehet\u0151\u201d 38 fejezetet tartasz most a kezedben, melynek k\u00fcl\u00f6n\u00f6s er\u00e9nye, hogy siker\u00fclt a legizgalmasabb t\u00e9m\u00e1kat is 1 oldalon bel\u00fcl megvillantani, m\u00e9ghozz\u00e1 olyan izgalmas t\u00f6rt\u00e9netekkel, id\u00e9zetekkel, hogy szinte keres\u00e9si k\u00e9nyszert \u00e9rzel, hol is tudn\u00e1l m\u00e9g ut\u00e1na olvasni \u00e9s egy-egy t\u00e9m\u00e1t m\u00e9g r\u00e9szletesebben megismerni. Az 1 oldalas fejezetek k\u00f6nnyed olvasm\u00e1nynak t\u0171nnek, de engem minden mondata tov\u00e1bbi gondolkod\u00e1sra inspir\u00e1lt, konkr\u00e9t szitu\u00e1ci\u00f3kat id\u00e9zett fel, ahol a magam \u00e9s munkat\u00e1rsaim megnyilv\u00e1nul\u00e1sait, viselked\u00e9s\u00e9t \u00e9s reakci\u00f3it m\u00e1s megvil\u00e1g\u00edt\u00e1sban \u00fajra \u00e9rtelmezhettem \u00e9s jobban meg\u00e9rthettem.<\/p>\n<p>Pr\u00f3b\u00e1ld meg Te is! Kellemes \u201esorok k\u00f6zt\u201d olvasgat\u00e1st k\u00edv\u00e1nok!<\/p>\n<p style=\"text-align: right;\"><strong>Szalay Attila<\/strong><br \/>\ntermel\u00e9si vezet\u0151<br \/>\nAUDI HUNGARIA MOTOR KFT.<br \/>\nN\u00e9gyhengeres Otto motorszerelde<\/p>\n<p style=\"text-align: center;\"><a class=\"wp-block-button__link\" style=\"border-radius: 5px;\" href=\"https:\/\/lean.org.hu\/wp-content\/uploads\/2020\/09\/Vezetok-a-gaton.pdf\" target=\"_blank\" rel=\"noreferrer noopener\">A let\u00f6lt\u00e9shez kattints ide!<\/a><\/p>","protected":false},"excerpt":{"rendered":"<p>&#8222;Egy vezet\u0151 egyik legfontosabb feladata, hogy meggy\u0151zze munkat\u00e1rsait a kaizen fontoss\u00e1g\u00e1r\u00f3l \u00e9s el\u00e9rje, hogy az a mindennapok r\u00e9sz\u00e9v\u00e9 v\u00e1ljon sz\u00e1mukra. Az emberek meggy\u0151z\u00e9se azonban nem egyszer\u0171 feladat&#8230;&#8221;<\/p>","protected":false},"featured_media":1282,"template":"","meta":{"_eb_attr":""},"product_brand":[],"product_cat":[87],"product_tag":[],"class_list":{"0":"post-1281","1":"product","2":"type-product","3":"status-publish","4":"has-post-thumbnail","6":"product_cat-letoltheto-tartalmak","7":"infinite-scroll-item","8":"no-featured-image-padding","9":"sales-flash-overlay","10":"woocommerce-text-align-left","11":"woocommerce-image-align-left","12":"do-quantity-buttons","14":"first","15":"outofstock","16":"taxable","17":"shipping-taxable","18":"purchasable","19":"product-type-simple"},"yoast_head":"<!-- This site is optimized with the Yoast SEO plugin v27.4 - https:\/\/yoast.com\/product\/yoast-seo-wordpress\/ -->\n<title>Vezet\u0151k a g\u00e1ton- Gondolatok egy lean v\u00e1llalatr\u00f3l (Ingyenesen let\u00f6lthet\u0151)<\/title>\n<meta name=\"description\" content=\"Gy\u0151zd meg embereidet a kaizen fontoss\u00e1g\u00e1r\u00f3l, \u00e9s \u00e9rd el, hogy a kaizen be\u00e9p\u00fclj\u00f6n a mindennapjaikba? Hogyan? A vezet\u0151k a g\u00e1ton seg\u00edthet.\" \/>\n<meta name=\"robots\" content=\"index, follow, max-snippet:-1, max-image-preview:large, max-video-preview:-1\" \/>\n<link rel=\"canonical\" href=\"https:\/\/lean.org.hu\/en\/lean-konyvesbolt\/vezetok-a-gaton-ingyenesen-letoltheto\/\" \/>\n<meta property=\"og:locale\" content=\"en_GB\" \/>\n<meta property=\"og:type\" content=\"article\" \/>\n<meta property=\"og:title\" content=\"Vezet\u0151k a g\u00e1ton - Ingyenesen let\u00f6lthet\u0151!\" \/>\n<meta property=\"og:description\" content=\"Gy\u0151zd meg embereidet a kaizen fontoss\u00e1g\u00e1r\u00f3l, \u00e9s \u00e9rd el, hogy a kaizen be\u00e9p\u00fclj\u00f6n a mindennapjaikba? Hogyan? A vezet\u0151k a g\u00e1ton seg\u00edthet.\" \/>\n<meta property=\"og:url\" content=\"https:\/\/lean.org.hu\/en\/lean-konyvesbolt\/vezetok-a-gaton-ingyenesen-letoltheto\/\" \/>\n<meta property=\"og:site_name\" content=\"LEI\" \/>\n<meta property=\"article:publisher\" content=\"https:\/\/www.facebook.com\/LEI.Hungary\" \/>\n<meta property=\"article:modified_time\" content=\"2022-02-02T14:17:23+00:00\" \/>\n<meta property=\"og:image\" content=\"https:\/\/lean.org.hu\/wp-content\/uploads\/2020\/09\/Vezet\u0151k-a-g\u00e1ton_Bor\u00edt\u00f3_425x600.jpg\" \/>\n\t<meta property=\"og:image:width\" content=\"425\" \/>\n\t<meta property=\"og:image:height\" content=\"600\" \/>\n\t<meta property=\"og:image:type\" content=\"image\/jpeg\" \/>\n<meta name=\"twitter:card\" content=\"summary_large_image\" \/>\n<meta name=\"twitter:label1\" content=\"Estimated reading time\" \/>\n\t<meta name=\"twitter:data1\" content=\"2 minutes\" \/>\n<script type=\"application\/ld+json\" class=\"yoast-schema-graph\">{\"@context\":\"https:\\\/\\\/schema.org\",\"@graph\":[{\"@type\":\"WebPage\",\"@id\":\"https:\\\/\\\/lean.org.hu\\\/lean-konyvesbolt\\\/vezetok-a-gaton-ingyenesen-letoltheto\\\/\",\"url\":\"https:\\\/\\\/lean.org.hu\\\/lean-konyvesbolt\\\/vezetok-a-gaton-ingyenesen-letoltheto\\\/\",\"name\":\"Vezet\u0151k a g\u00e1ton- Gondolatok egy lean v\u00e1llalatr\u00f3l (Ingyenesen let\u00f6lthet\u0151)\",\"isPartOf\":{\"@id\":\"https:\\\/\\\/lean.org.hu\\\/#website\"},\"primaryImageOfPage\":{\"@id\":\"https:\\\/\\\/lean.org.hu\\\/lean-konyvesbolt\\\/vezetok-a-gaton-ingyenesen-letoltheto\\\/#primaryimage\"},\"image\":{\"@id\":\"https:\\\/\\\/lean.org.hu\\\/lean-konyvesbolt\\\/vezetok-a-gaton-ingyenesen-letoltheto\\\/#primaryimage\"},\"thumbnailUrl\":\"https:\\\/\\\/lean.org.hu\\\/wp-content\\\/uploads\\\/2020\\\/09\\\/Vezet\u0151k-a-g\u00e1ton_Bor\u00edt\u00f3_425x600.jpg\",\"datePublished\":\"2020-09-15T05:47:05+00:00\",\"dateModified\":\"2022-02-02T14:17:23+00:00\",\"description\":\"Gy\u0151zd meg embereidet a kaizen fontoss\u00e1g\u00e1r\u00f3l, \u00e9s \u00e9rd el, hogy a kaizen be\u00e9p\u00fclj\u00f6n a mindennapjaikba? Hogyan? A vezet\u0151k a g\u00e1ton seg\u00edthet.\",\"breadcrumb\":{\"@id\":\"https:\\\/\\\/lean.org.hu\\\/lean-konyvesbolt\\\/vezetok-a-gaton-ingyenesen-letoltheto\\\/#breadcrumb\"},\"inLanguage\":\"en-GB\",\"potentialAction\":[{\"@type\":\"ReadAction\",\"target\":[\"https:\\\/\\\/lean.org.hu\\\/lean-konyvesbolt\\\/vezetok-a-gaton-ingyenesen-letoltheto\\\/\"]}]},{\"@type\":\"ImageObject\",\"inLanguage\":\"en-GB\",\"@id\":\"https:\\\/\\\/lean.org.hu\\\/lean-konyvesbolt\\\/vezetok-a-gaton-ingyenesen-letoltheto\\\/#primaryimage\",\"url\":\"https:\\\/\\\/lean.org.hu\\\/wp-content\\\/uploads\\\/2020\\\/09\\\/Vezet\u0151k-a-g\u00e1ton_Bor\u00edt\u00f3_425x600.jpg\",\"contentUrl\":\"https:\\\/\\\/lean.org.hu\\\/wp-content\\\/uploads\\\/2020\\\/09\\\/Vezet\u0151k-a-g\u00e1ton_Bor\u00edt\u00f3_425x600.jpg\",\"width\":425,\"height\":600,\"caption\":\"Vezet\u0151k a g\u00e1ton bor\u00edt\u00f3\"},{\"@type\":\"BreadcrumbList\",\"@id\":\"https:\\\/\\\/lean.org.hu\\\/lean-konyvesbolt\\\/vezetok-a-gaton-ingyenesen-letoltheto\\\/#breadcrumb\",\"itemListElement\":[{\"@type\":\"ListItem\",\"position\":1,\"name\":\"Kezd\u0151lap\",\"item\":\"https:\\\/\\\/lean.org.hu\\\/\"},{\"@type\":\"ListItem\",\"position\":2,\"name\":\"Web\u00e1ruh\u00e1z oldal\",\"item\":\"http:\\\/\\\/lean.org.hu\\\/en\\\/webaruhaz-aloldal\\\/\"},{\"@type\":\"ListItem\",\"position\":3,\"name\":\"Vezet\u0151k a g\u00e1ton &#8211; Ingyenesen let\u00f6lthet\u0151!\"}]},{\"@type\":\"WebSite\",\"@id\":\"https:\\\/\\\/lean.org.hu\\\/#website\",\"url\":\"https:\\\/\\\/lean.org.hu\\\/\",\"name\":\"LEI\",\"description\":\"\",\"publisher\":{\"@id\":\"https:\\\/\\\/lean.org.hu\\\/#organization\"},\"potentialAction\":[{\"@type\":\"SearchAction\",\"target\":{\"@type\":\"EntryPoint\",\"urlTemplate\":\"https:\\\/\\\/lean.org.hu\\\/?s={search_term_string}\"},\"query-input\":{\"@type\":\"PropertyValueSpecification\",\"valueRequired\":true,\"valueName\":\"search_term_string\"}}],\"inLanguage\":\"en-GB\"},{\"@type\":\"Organization\",\"@id\":\"https:\\\/\\\/lean.org.hu\\\/#organization\",\"name\":\"LEI\",\"url\":\"https:\\\/\\\/lean.org.hu\\\/\",\"logo\":{\"@type\":\"ImageObject\",\"inLanguage\":\"en-GB\",\"@id\":\"https:\\\/\\\/lean.org.hu\\\/#\\\/schema\\\/logo\\\/image\\\/\",\"url\":\"https:\\\/\\\/lean.org.hu\\\/wp-content\\\/uploads\\\/2020\\\/07\\\/cropped-lean_logo_final_color_horizontal.png\",\"contentUrl\":\"https:\\\/\\\/lean.org.hu\\\/wp-content\\\/uploads\\\/2020\\\/07\\\/cropped-lean_logo_final_color_horizontal.png\",\"width\":779,\"height\":288,\"caption\":\"LEI\"},\"image\":{\"@id\":\"https:\\\/\\\/lean.org.hu\\\/#\\\/schema\\\/logo\\\/image\\\/\"},\"sameAs\":[\"https:\\\/\\\/www.facebook.com\\\/LEI.Hungary\",\"https:\\\/\\\/www.linkedin.com\\\/company\\\/lean-enterprise-institute-hungary\"]}]}<\/script>\n<!-- \/ Yoast SEO plugin. -->","yoast_head_json":{"title":"Vezet\u0151k a g\u00e1ton- Gondolatok egy lean v\u00e1llalatr\u00f3l (Ingyenesen let\u00f6lthet\u0151)","description":"Gy\u0151zd meg embereidet a kaizen fontoss\u00e1g\u00e1r\u00f3l, \u00e9s \u00e9rd el, hogy a kaizen be\u00e9p\u00fclj\u00f6n a mindennapjaikba? Hogyan? A vezet\u0151k a g\u00e1ton seg\u00edthet.","robots":{"index":"index","follow":"follow","max-snippet":"max-snippet:-1","max-image-preview":"max-image-preview:large","max-video-preview":"max-video-preview:-1"},"canonical":"https:\/\/lean.org.hu\/en\/lean-konyvesbolt\/vezetok-a-gaton-ingyenesen-letoltheto\/","og_locale":"en_GB","og_type":"article","og_title":"Vezet\u0151k a g\u00e1ton - Ingyenesen let\u00f6lthet\u0151!","og_description":"Gy\u0151zd meg embereidet a kaizen fontoss\u00e1g\u00e1r\u00f3l, \u00e9s \u00e9rd el, hogy a kaizen be\u00e9p\u00fclj\u00f6n a mindennapjaikba? Hogyan? A vezet\u0151k a g\u00e1ton seg\u00edthet.","og_url":"https:\/\/lean.org.hu\/en\/lean-konyvesbolt\/vezetok-a-gaton-ingyenesen-letoltheto\/","og_site_name":"LEI","article_publisher":"https:\/\/www.facebook.com\/LEI.Hungary","article_modified_time":"2022-02-02T14:17:23+00:00","og_image":[{"width":425,"height":600,"url":"https:\/\/lean.org.hu\/wp-content\/uploads\/2020\/09\/Vezet\u0151k-a-g\u00e1ton_Bor\u00edt\u00f3_425x600.jpg","type":"image\/jpeg"}],"twitter_card":"summary_large_image","twitter_misc":{"Estimated reading time":"2 minutes"},"schema":{"@context":"https:\/\/schema.org","@graph":[{"@type":"WebPage","@id":"https:\/\/lean.org.hu\/lean-konyvesbolt\/vezetok-a-gaton-ingyenesen-letoltheto\/","url":"https:\/\/lean.org.hu\/lean-konyvesbolt\/vezetok-a-gaton-ingyenesen-letoltheto\/","name":"Vezet\u0151k a g\u00e1ton- Gondolatok egy lean v\u00e1llalatr\u00f3l (Ingyenesen let\u00f6lthet\u0151)","isPartOf":{"@id":"https:\/\/lean.org.hu\/#website"},"primaryImageOfPage":{"@id":"https:\/\/lean.org.hu\/lean-konyvesbolt\/vezetok-a-gaton-ingyenesen-letoltheto\/#primaryimage"},"image":{"@id":"https:\/\/lean.org.hu\/lean-konyvesbolt\/vezetok-a-gaton-ingyenesen-letoltheto\/#primaryimage"},"thumbnailUrl":"https:\/\/lean.org.hu\/wp-content\/uploads\/2020\/09\/Vezet\u0151k-a-g\u00e1ton_Bor\u00edt\u00f3_425x600.jpg","datePublished":"2020-09-15T05:47:05+00:00","dateModified":"2022-02-02T14:17:23+00:00","description":"Gy\u0151zd meg embereidet a kaizen fontoss\u00e1g\u00e1r\u00f3l, \u00e9s \u00e9rd el, hogy a kaizen be\u00e9p\u00fclj\u00f6n a mindennapjaikba? Hogyan? A vezet\u0151k a g\u00e1ton seg\u00edthet.","breadcrumb":{"@id":"https:\/\/lean.org.hu\/lean-konyvesbolt\/vezetok-a-gaton-ingyenesen-letoltheto\/#breadcrumb"},"inLanguage":"en-GB","potentialAction":[{"@type":"ReadAction","target":["https:\/\/lean.org.hu\/lean-konyvesbolt\/vezetok-a-gaton-ingyenesen-letoltheto\/"]}]},{"@type":"ImageObject","inLanguage":"en-GB","@id":"https:\/\/lean.org.hu\/lean-konyvesbolt\/vezetok-a-gaton-ingyenesen-letoltheto\/#primaryimage","url":"https:\/\/lean.org.hu\/wp-content\/uploads\/2020\/09\/Vezet\u0151k-a-g\u00e1ton_Bor\u00edt\u00f3_425x600.jpg","contentUrl":"https:\/\/lean.org.hu\/wp-content\/uploads\/2020\/09\/Vezet\u0151k-a-g\u00e1ton_Bor\u00edt\u00f3_425x600.jpg","width":425,"height":600,"caption":"Vezet\u0151k a g\u00e1ton bor\u00edt\u00f3"},{"@type":"BreadcrumbList","@id":"https:\/\/lean.org.hu\/lean-konyvesbolt\/vezetok-a-gaton-ingyenesen-letoltheto\/#breadcrumb","itemListElement":[{"@type":"ListItem","position":1,"name":"Kezd\u0151lap","item":"https:\/\/lean.org.hu\/"},{"@type":"ListItem","position":2,"name":"Web\u00e1ruh\u00e1z oldal","item":"http:\/\/lean.org.hu\/en\/webaruhaz-aloldal\/"},{"@type":"ListItem","position":3,"name":"Vezet\u0151k a g\u00e1ton &#8211; Ingyenesen let\u00f6lthet\u0151!"}]},{"@type":"WebSite","@id":"https:\/\/lean.org.hu\/#website","url":"https:\/\/lean.org.hu\/","name":"LEI","description":"","publisher":{"@id":"https:\/\/lean.org.hu\/#organization"},"potentialAction":[{"@type":"SearchAction","target":{"@type":"EntryPoint","urlTemplate":"https:\/\/lean.org.hu\/?s={search_term_string}"},"query-input":{"@type":"PropertyValueSpecification","valueRequired":true,"valueName":"search_term_string"}}],"inLanguage":"en-GB"},{"@type":"Organization","@id":"https:\/\/lean.org.hu\/#organization","name":"LEI","url":"https:\/\/lean.org.hu\/","logo":{"@type":"ImageObject","inLanguage":"en-GB","@id":"https:\/\/lean.org.hu\/#\/schema\/logo\/image\/","url":"https:\/\/lean.org.hu\/wp-content\/uploads\/2020\/07\/cropped-lean_logo_final_color_horizontal.png","contentUrl":"https:\/\/lean.org.hu\/wp-content\/uploads\/2020\/07\/cropped-lean_logo_final_color_horizontal.png","width":779,"height":288,"caption":"LEI"},"image":{"@id":"https:\/\/lean.org.hu\/#\/schema\/logo\/image\/"},"sameAs":["https:\/\/www.facebook.com\/LEI.Hungary","https:\/\/www.linkedin.com\/company\/lean-enterprise-institute-hungary"]}]}},"_links":{"self":[{"href":"https:\/\/lean.org.hu\/en\/wp-json\/wp\/v2\/product\/1281","targetHints":{"allow":["GET"]}}],"collection":[{"href":"https:\/\/lean.org.hu\/en\/wp-json\/wp\/v2\/product"}],"about":[{"href":"https:\/\/lean.org.hu\/en\/wp-json\/wp\/v2\/types\/product"}],"wp:featuredmedia":[{"embeddable":true,"href":"https:\/\/lean.org.hu\/en\/wp-json\/wp\/v2\/media\/1282"}],"wp:attachment":[{"href":"https:\/\/lean.org.hu\/en\/wp-json\/wp\/v2\/media?parent=1281"}],"wp:term":[{"taxonomy":"product_brand","embeddable":true,"href":"https:\/\/lean.org.hu\/en\/wp-json\/wp\/v2\/product_brand?post=1281"},{"taxonomy":"product_cat","embeddable":true,"href":"https:\/\/lean.org.hu\/en\/wp-json\/wp\/v2\/product_cat?post=1281"},{"taxonomy":"product_tag","embeddable":true,"href":"https:\/\/lean.org.hu\/en\/wp-json\/wp\/v2\/product_tag?post=1281"}],"curies":[{"name":"wp","href":"https:\/\/api.w.org\/{rel}","templated":true}]}}