{"id":1278,"date":"2020-09-15T07:19:31","date_gmt":"2020-09-15T05:19:31","guid":{"rendered":"http:\/\/generaciokpartnere.hu\/leiwp\/?post_type=product&#038;p=1278"},"modified":"2022-02-02T16:18:29","modified_gmt":"2022-02-02T14:18:29","slug":"a-lean-menedzsment-es-a-versenykepesseg-kapcsolata-ingyenesen-letoltheto","status":"publish","type":"product","link":"https:\/\/lean.org.hu\/en\/lean-konyvesbolt\/a-lean-menedzsment-es-a-versenykepesseg-kapcsolata-ingyenesen-letoltheto\/","title":{"rendered":"A Lean menedzsment \u00e9s a versenyk\u00e9pess\u00e9g kapcsolata &#8211; Ingyenesen let\u00f6lthet\u0151!"},"content":{"rendered":"<p><strong>A Lean menedzsment \u00e9s a versenyk\u00e9pess\u00e9g kapcsolata<\/strong><br \/>\nDemeter Krisztina, Jenei Istv\u00e1n, Losonci D\u00e1vid<\/p>\n<p><em>&#8222;Tapasztalatok alapj\u00e1n a lean menedzsmentre ford\u00edtott befektet\u00e9sek t\u00f6bbsz\u00f6r\u00f6sen megt\u00e9r\u00fclnek, alacsonyabb k\u00f6lts\u00e9gekhez, termel\u00e9kenyebb munkaer\u0151h\u00f6z, r\u00f6videbb \u00e1tfut\u00e1si id\u0151kh\u00f6z, \u00e9s magasabb min\u0151s\u00e9ghez seg\u00edtve a v\u00e1llalatokat. Mindezek a v\u00e1ltoz\u00e1sok v\u00e9gs\u0151 soron a v\u00e1llalat versenyk\u00e9pess\u00e9g\u00e9nek javul\u00e1s\u00e1ban csap\u00f3dnak le.<\/em><\/p>\n<p><em>A sikeres lean szeml\u00e9let\u0171 fejleszt\u00e9snek sz\u00e1mos el\u0151felt\u00e9tele van, pl. jelent\u0151s tapasztalatokkal kell a v\u00e1llalatoknak, illetve vezet\u0151iknek rendelkezni\u00fck. Egy leanben j\u00e1rtas szakember kincset \u00e9r a v\u00e1llalatn\u00e1l, hiszen m\u00e1r v\u00e9gigj\u00e1rta az utat, amit kitaposva sokkal k\u00f6nnyebb m\u00e9g egyszer megtenni. Kevesen rendelkeznek azonban elegend\u0151 tapasztalattal e t\u00e9ren, m\u00e9g ha a vil\u00e1gban m\u00e1r sz\u00e1mos bevezet\u00e9s zajlott is le. \u00c9s ez k\u00fcl\u00f6n\u00f6sen igaz Magyarorsz\u00e1gra, ahol a lean rendszer elterjedts\u00e9ge m\u00e9g korl\u00e1tozottabb, mint a nyugati \u2013 k\u00fcl\u00f6n\u00f6sen az angolsz\u00e1sz \u2013 \u00fczleti \u00e9letben. Esettanulm\u00e1nyokra alapozott kutat\u00e1sunk seg\u00edts\u00e9get ny\u00fajthat a bevezet\u00e9s k\u00f6r\u00fclm\u00e9nyeinek \u00e9s az \u00e9rintett v\u00e1llalati ter\u00fcleteken sz\u00fcks\u00e9ges v\u00e1ltoz\u00e1soknak a meghat\u00e1roz\u00e1s\u00e1ban, a legc\u00e9lravezet\u0151bb m\u00f3dszerek kiv\u00e1laszt\u00e1s\u00e1ban, illetve az el\u00e9rhet\u0151 eredm\u00e9nyek becsl\u00e9s\u00e9ben.<\/em><\/p>\n<p><em>V\u00e9gs\u0151 c\u00e9lunk kett\u0151s volt. Egyr\u00e9szt a lean menedzsmentet bevezetni sz\u00e1nd\u00e9koz\u00f3 v\u00e1llalatoknak szerett\u00fcnk volna olyan konkr\u00e9t v\u00e1llalati tapasztalatokkal szolg\u00e1lni, amelyek seg\u00edthetik a sikeres bevezet\u00e9st. M\u00e1sr\u00e9szt az esetekb\u0151l sz\u00e1rmaz\u00f3 eredm\u00e9nyek szintetiz\u00e1l\u00e1s\u00e1val a szervezeti k\u00e9pess\u00e9gek \u00e9s a v\u00e1llalati versenyk\u00e9pess\u00e9g k\u00f6z\u00f6tti kapcsolatot k\u00edv\u00e1ntuk m\u00e9lyebben felt\u00e1rni, azt a vezet\u0151knek bemutatni.&#8221;\u00a0<\/em><\/p>\n<p>A k\u00f6tet egy kutat\u00e1si program \u00f6sszefoglal\u00f3j\u00e1t tartalmazza, amelyben a lean menedzsment bevezet\u00e9s\u00e9nek v\u00e1llalati m\u0171k\u00f6d\u00e9sre gyakorolt hat\u00e1sait elemezt\u00e9k a szerz\u0151k. A kutat\u00e1s sor\u00e1n a vonatkoz\u00f3 nemzetk\u00f6zi szakirodalomra, konkr\u00e9t k\u00fclf\u00f6ldi \u00e9s hazai v\u00e1llalati esetekre t\u00e1maszkodtak. A lean rendszerhez kapcsol\u00f3d\u00f3 v\u00e1ltoz\u00e1sokat k\u00e9t \u201cdimenzi\u00f3ban\u201d vizsg\u00e1lt\u00e1k:<\/p>\n<ul>\n<li>a bevezetett gyakorlatok \u00e9s eszk\u00f6z\u00f6k milyen \u00faj szervezeti k\u00e9pess\u00e9gek ki\u00e9p\u00edt\u00e9s\u00e9hez vezettek,<\/li>\n<li>a lean rendszer hat\u00e1s\u00e1ra meg\u00fajult szervezeti k\u00e9pess\u00e9gek hogyan v\u00e1ltoztatt\u00e1k meg a v\u00e1llalatok versenyk\u00e9pess\u00e9g\u00e9t.<\/li>\n<\/ul>\n<p>A kutat\u00e1s a Budapesti Corvinus Egyetem V\u00e1llalatgazdas\u00e1gtan Int\u00e9zet\u00e9nek Versenyk\u00e9pess\u00e9g Kutat\u00f3 K\u00f6zpontja, valamint a T\u00c1MOP-4.2.1\/B-09\/1\/KMR-2010-0005 projekt t\u00e1mogat\u00e1s\u00e1val k\u00e9sz\u00fclt.<\/p>\n<p style=\"text-align: center;\"><a class=\"wp-block-button__link\" style=\"border-radius: 5px;\" href=\"https:\/\/lean.org.hu\/wp-content\/uploads\/2020\/09\/A-lean-menedzsment-es-a-versenykepesseg-kapcsolata.pdf\" target=\"_blank\" rel=\"noreferrer noopener\">A let\u00f6lt\u00e9shez kattints ide!<\/a><\/p>\n<p>ISBN 978-963-50-3477-2<br \/>\nTerjedelem: 118 oldal<\/p>","protected":false},"excerpt":{"rendered":"<p><em>\u201cA k\u00f6tet egy kutat\u00e1si program \u00f6sszefoglal\u00f3j\u00e1t tartalmazza, amelyben a lean menedzsment bevezet\u00e9s\u00e9nek v\u00e1llalati m\u0171k\u00f6d\u00e9sre gyakorolt hat\u00e1sait elemezt\u00e9k a szerz\u0151k.\u201d<\/em><\/p>","protected":false},"featured_media":1279,"template":"","meta":{"_eb_attr":""},"product_brand":[],"product_cat":[87],"product_tag":[],"class_list":{"0":"post-1278","1":"product","2":"type-product","3":"status-publish","4":"has-post-thumbnail","6":"product_cat-letoltheto-tartalmak","7":"infinite-scroll-item","8":"no-featured-image-padding","9":"sales-flash-overlay","10":"woocommerce-text-align-left","11":"woocommerce-image-align-left","12":"do-quantity-buttons","14":"first","15":"outofstock","16":"taxable","17":"shipping-taxable","18":"purchasable","19":"product-type-simple"},"yoast_head":"<!-- This site is optimized with the Yoast SEO plugin v27.4 - https:\/\/yoast.com\/product\/yoast-seo-wordpress\/ -->\n<title>A Lean menedzsment \u00e9s a versenyk\u00e9pess\u00e9g kapcsolata - LEI<\/title>\n<meta name=\"description\" content=\"Ingyenesen let\u00f6lthet\u0151! \u00c9rdekel, hogy hogyan hat a lean menedzsment bevezet\u00e9se a v\u00e1llalati m\u0171k\u00f6d\u00e9sre? Olvasd el ezt az \u00e9rdekes tanulm\u00e1nyt!\" \/>\n<meta name=\"robots\" content=\"index, follow, max-snippet:-1, max-image-preview:large, max-video-preview:-1\" \/>\n<link rel=\"canonical\" href=\"https:\/\/lean.org.hu\/en\/lean-konyvesbolt\/a-lean-menedzsment-es-a-versenykepesseg-kapcsolata-ingyenesen-letoltheto\/\" \/>\n<meta property=\"og:locale\" content=\"en_GB\" \/>\n<meta property=\"og:type\" content=\"article\" \/>\n<meta property=\"og:title\" content=\"A lean tud\u00e1s megoszt\u00e1sa - Ingyenesen let\u00f6lthet\u0151!\" \/>\n<meta property=\"og:description\" content=\"\u00c9rdekel, hogy hogyan hat a lean menedzsment bevezet\u00e9se a v\u00e1llalati m\u0171k\u00f6d\u00e9sre? Olvasd el ezt az \u00e9rdekes tanulm\u00e1nyt!\" \/>\n<meta property=\"og:url\" content=\"https:\/\/lean.org.hu\/en\/lean-konyvesbolt\/a-lean-menedzsment-es-a-versenykepesseg-kapcsolata-ingyenesen-letoltheto\/\" \/>\n<meta property=\"og:site_name\" content=\"LEI\" \/>\n<meta property=\"article:publisher\" content=\"https:\/\/www.facebook.com\/LEI.Hungary\" \/>\n<meta property=\"article:modified_time\" content=\"2022-02-02T14:18:29+00:00\" \/>\n<meta property=\"og:image\" content=\"https:\/\/lean.org.hu\/wp-content\/uploads\/2020\/09\/A-lean-menedzsment-\u00e9s-a-versenyk\u00e9pess\u00e9g-kapcsolata_Bor\u00edt\u00f3_425x600.jpg\" \/>\n\t<meta property=\"og:image:width\" content=\"425\" \/>\n\t<meta property=\"og:image:height\" content=\"600\" \/>\n\t<meta property=\"og:image:type\" content=\"image\/jpeg\" \/>\n<meta name=\"twitter:card\" content=\"summary_large_image\" \/>\n<meta name=\"twitter:label1\" content=\"Estimated reading time\" \/>\n\t<meta name=\"twitter:data1\" content=\"2 minutes\" \/>\n<script type=\"application\/ld+json\" class=\"yoast-schema-graph\">{\"@context\":\"https:\\\/\\\/schema.org\",\"@graph\":[{\"@type\":\"WebPage\",\"@id\":\"https:\\\/\\\/lean.org.hu\\\/lean-konyvesbolt\\\/a-lean-menedzsment-es-a-versenykepesseg-kapcsolata-ingyenesen-letoltheto\\\/\",\"url\":\"https:\\\/\\\/lean.org.hu\\\/lean-konyvesbolt\\\/a-lean-menedzsment-es-a-versenykepesseg-kapcsolata-ingyenesen-letoltheto\\\/\",\"name\":\"A Lean menedzsment \u00e9s a versenyk\u00e9pess\u00e9g kapcsolata - LEI\",\"isPartOf\":{\"@id\":\"https:\\\/\\\/lean.org.hu\\\/#website\"},\"primaryImageOfPage\":{\"@id\":\"https:\\\/\\\/lean.org.hu\\\/lean-konyvesbolt\\\/a-lean-menedzsment-es-a-versenykepesseg-kapcsolata-ingyenesen-letoltheto\\\/#primaryimage\"},\"image\":{\"@id\":\"https:\\\/\\\/lean.org.hu\\\/lean-konyvesbolt\\\/a-lean-menedzsment-es-a-versenykepesseg-kapcsolata-ingyenesen-letoltheto\\\/#primaryimage\"},\"thumbnailUrl\":\"https:\\\/\\\/lean.org.hu\\\/wp-content\\\/uploads\\\/2020\\\/09\\\/A-lean-menedzsment-\u00e9s-a-versenyk\u00e9pess\u00e9g-kapcsolata_Bor\u00edt\u00f3_425x600.jpg\",\"datePublished\":\"2020-09-15T05:19:31+00:00\",\"dateModified\":\"2022-02-02T14:18:29+00:00\",\"description\":\"Ingyenesen let\u00f6lthet\u0151! \u00c9rdekel, hogy hogyan hat a lean menedzsment bevezet\u00e9se a v\u00e1llalati m\u0171k\u00f6d\u00e9sre? Olvasd el ezt az \u00e9rdekes tanulm\u00e1nyt!\",\"breadcrumb\":{\"@id\":\"https:\\\/\\\/lean.org.hu\\\/lean-konyvesbolt\\\/a-lean-menedzsment-es-a-versenykepesseg-kapcsolata-ingyenesen-letoltheto\\\/#breadcrumb\"},\"inLanguage\":\"en-GB\",\"potentialAction\":[{\"@type\":\"ReadAction\",\"target\":[\"https:\\\/\\\/lean.org.hu\\\/lean-konyvesbolt\\\/a-lean-menedzsment-es-a-versenykepesseg-kapcsolata-ingyenesen-letoltheto\\\/\"]}]},{\"@type\":\"ImageObject\",\"inLanguage\":\"en-GB\",\"@id\":\"https:\\\/\\\/lean.org.hu\\\/lean-konyvesbolt\\\/a-lean-menedzsment-es-a-versenykepesseg-kapcsolata-ingyenesen-letoltheto\\\/#primaryimage\",\"url\":\"https:\\\/\\\/lean.org.hu\\\/wp-content\\\/uploads\\\/2020\\\/09\\\/A-lean-menedzsment-\u00e9s-a-versenyk\u00e9pess\u00e9g-kapcsolata_Bor\u00edt\u00f3_425x600.jpg\",\"contentUrl\":\"https:\\\/\\\/lean.org.hu\\\/wp-content\\\/uploads\\\/2020\\\/09\\\/A-lean-menedzsment-\u00e9s-a-versenyk\u00e9pess\u00e9g-kapcsolata_Bor\u00edt\u00f3_425x600.jpg\",\"width\":425,\"height\":600,\"caption\":\"A lean menedzsment \u00e9s a versenyk\u00e9pess\u00e9g kapcsolata bor\u00edt\u00f3\"},{\"@type\":\"BreadcrumbList\",\"@id\":\"https:\\\/\\\/lean.org.hu\\\/lean-konyvesbolt\\\/a-lean-menedzsment-es-a-versenykepesseg-kapcsolata-ingyenesen-letoltheto\\\/#breadcrumb\",\"itemListElement\":[{\"@type\":\"ListItem\",\"position\":1,\"name\":\"Kezd\u0151lap\",\"item\":\"https:\\\/\\\/lean.org.hu\\\/\"},{\"@type\":\"ListItem\",\"position\":2,\"name\":\"Web\u00e1ruh\u00e1z oldal\",\"item\":\"http:\\\/\\\/lean.org.hu\\\/en\\\/webaruhaz-aloldal\\\/\"},{\"@type\":\"ListItem\",\"position\":3,\"name\":\"A Lean menedzsment \u00e9s a versenyk\u00e9pess\u00e9g kapcsolata &#8211; Ingyenesen let\u00f6lthet\u0151!\"}]},{\"@type\":\"WebSite\",\"@id\":\"https:\\\/\\\/lean.org.hu\\\/#website\",\"url\":\"https:\\\/\\\/lean.org.hu\\\/\",\"name\":\"LEI\",\"description\":\"\",\"publisher\":{\"@id\":\"https:\\\/\\\/lean.org.hu\\\/#organization\"},\"potentialAction\":[{\"@type\":\"SearchAction\",\"target\":{\"@type\":\"EntryPoint\",\"urlTemplate\":\"https:\\\/\\\/lean.org.hu\\\/?s={search_term_string}\"},\"query-input\":{\"@type\":\"PropertyValueSpecification\",\"valueRequired\":true,\"valueName\":\"search_term_string\"}}],\"inLanguage\":\"en-GB\"},{\"@type\":\"Organization\",\"@id\":\"https:\\\/\\\/lean.org.hu\\\/#organization\",\"name\":\"LEI\",\"url\":\"https:\\\/\\\/lean.org.hu\\\/\",\"logo\":{\"@type\":\"ImageObject\",\"inLanguage\":\"en-GB\",\"@id\":\"https:\\\/\\\/lean.org.hu\\\/#\\\/schema\\\/logo\\\/image\\\/\",\"url\":\"https:\\\/\\\/lean.org.hu\\\/wp-content\\\/uploads\\\/2020\\\/07\\\/cropped-lean_logo_final_color_horizontal.png\",\"contentUrl\":\"https:\\\/\\\/lean.org.hu\\\/wp-content\\\/uploads\\\/2020\\\/07\\\/cropped-lean_logo_final_color_horizontal.png\",\"width\":779,\"height\":288,\"caption\":\"LEI\"},\"image\":{\"@id\":\"https:\\\/\\\/lean.org.hu\\\/#\\\/schema\\\/logo\\\/image\\\/\"},\"sameAs\":[\"https:\\\/\\\/www.facebook.com\\\/LEI.Hungary\",\"https:\\\/\\\/www.linkedin.com\\\/company\\\/lean-enterprise-institute-hungary\"]}]}<\/script>\n<!-- \/ Yoast SEO plugin. -->","yoast_head_json":{"title":"A Lean menedzsment \u00e9s a versenyk\u00e9pess\u00e9g kapcsolata - LEI","description":"Ingyenesen let\u00f6lthet\u0151! \u00c9rdekel, hogy hogyan hat a lean menedzsment bevezet\u00e9se a v\u00e1llalati m\u0171k\u00f6d\u00e9sre? Olvasd el ezt az \u00e9rdekes tanulm\u00e1nyt!","robots":{"index":"index","follow":"follow","max-snippet":"max-snippet:-1","max-image-preview":"max-image-preview:large","max-video-preview":"max-video-preview:-1"},"canonical":"https:\/\/lean.org.hu\/en\/lean-konyvesbolt\/a-lean-menedzsment-es-a-versenykepesseg-kapcsolata-ingyenesen-letoltheto\/","og_locale":"en_GB","og_type":"article","og_title":"A lean tud\u00e1s megoszt\u00e1sa - Ingyenesen let\u00f6lthet\u0151!","og_description":"\u00c9rdekel, hogy hogyan hat a lean menedzsment bevezet\u00e9se a v\u00e1llalati m\u0171k\u00f6d\u00e9sre? Olvasd el ezt az \u00e9rdekes tanulm\u00e1nyt!","og_url":"https:\/\/lean.org.hu\/en\/lean-konyvesbolt\/a-lean-menedzsment-es-a-versenykepesseg-kapcsolata-ingyenesen-letoltheto\/","og_site_name":"LEI","article_publisher":"https:\/\/www.facebook.com\/LEI.Hungary","article_modified_time":"2022-02-02T14:18:29+00:00","og_image":[{"width":425,"height":600,"url":"https:\/\/lean.org.hu\/wp-content\/uploads\/2020\/09\/A-lean-menedzsment-\u00e9s-a-versenyk\u00e9pess\u00e9g-kapcsolata_Bor\u00edt\u00f3_425x600.jpg","type":"image\/jpeg"}],"twitter_card":"summary_large_image","twitter_misc":{"Estimated reading time":"2 minutes"},"schema":{"@context":"https:\/\/schema.org","@graph":[{"@type":"WebPage","@id":"https:\/\/lean.org.hu\/lean-konyvesbolt\/a-lean-menedzsment-es-a-versenykepesseg-kapcsolata-ingyenesen-letoltheto\/","url":"https:\/\/lean.org.hu\/lean-konyvesbolt\/a-lean-menedzsment-es-a-versenykepesseg-kapcsolata-ingyenesen-letoltheto\/","name":"A Lean menedzsment \u00e9s a versenyk\u00e9pess\u00e9g kapcsolata - LEI","isPartOf":{"@id":"https:\/\/lean.org.hu\/#website"},"primaryImageOfPage":{"@id":"https:\/\/lean.org.hu\/lean-konyvesbolt\/a-lean-menedzsment-es-a-versenykepesseg-kapcsolata-ingyenesen-letoltheto\/#primaryimage"},"image":{"@id":"https:\/\/lean.org.hu\/lean-konyvesbolt\/a-lean-menedzsment-es-a-versenykepesseg-kapcsolata-ingyenesen-letoltheto\/#primaryimage"},"thumbnailUrl":"https:\/\/lean.org.hu\/wp-content\/uploads\/2020\/09\/A-lean-menedzsment-\u00e9s-a-versenyk\u00e9pess\u00e9g-kapcsolata_Bor\u00edt\u00f3_425x600.jpg","datePublished":"2020-09-15T05:19:31+00:00","dateModified":"2022-02-02T14:18:29+00:00","description":"Ingyenesen let\u00f6lthet\u0151! \u00c9rdekel, hogy hogyan hat a lean menedzsment bevezet\u00e9se a v\u00e1llalati m\u0171k\u00f6d\u00e9sre? Olvasd el ezt az \u00e9rdekes tanulm\u00e1nyt!","breadcrumb":{"@id":"https:\/\/lean.org.hu\/lean-konyvesbolt\/a-lean-menedzsment-es-a-versenykepesseg-kapcsolata-ingyenesen-letoltheto\/#breadcrumb"},"inLanguage":"en-GB","potentialAction":[{"@type":"ReadAction","target":["https:\/\/lean.org.hu\/lean-konyvesbolt\/a-lean-menedzsment-es-a-versenykepesseg-kapcsolata-ingyenesen-letoltheto\/"]}]},{"@type":"ImageObject","inLanguage":"en-GB","@id":"https:\/\/lean.org.hu\/lean-konyvesbolt\/a-lean-menedzsment-es-a-versenykepesseg-kapcsolata-ingyenesen-letoltheto\/#primaryimage","url":"https:\/\/lean.org.hu\/wp-content\/uploads\/2020\/09\/A-lean-menedzsment-\u00e9s-a-versenyk\u00e9pess\u00e9g-kapcsolata_Bor\u00edt\u00f3_425x600.jpg","contentUrl":"https:\/\/lean.org.hu\/wp-content\/uploads\/2020\/09\/A-lean-menedzsment-\u00e9s-a-versenyk\u00e9pess\u00e9g-kapcsolata_Bor\u00edt\u00f3_425x600.jpg","width":425,"height":600,"caption":"A lean menedzsment \u00e9s a versenyk\u00e9pess\u00e9g kapcsolata bor\u00edt\u00f3"},{"@type":"BreadcrumbList","@id":"https:\/\/lean.org.hu\/lean-konyvesbolt\/a-lean-menedzsment-es-a-versenykepesseg-kapcsolata-ingyenesen-letoltheto\/#breadcrumb","itemListElement":[{"@type":"ListItem","position":1,"name":"Kezd\u0151lap","item":"https:\/\/lean.org.hu\/"},{"@type":"ListItem","position":2,"name":"Web\u00e1ruh\u00e1z oldal","item":"http:\/\/lean.org.hu\/en\/webaruhaz-aloldal\/"},{"@type":"ListItem","position":3,"name":"A Lean menedzsment \u00e9s a versenyk\u00e9pess\u00e9g kapcsolata &#8211; Ingyenesen let\u00f6lthet\u0151!"}]},{"@type":"WebSite","@id":"https:\/\/lean.org.hu\/#website","url":"https:\/\/lean.org.hu\/","name":"LEI","description":"","publisher":{"@id":"https:\/\/lean.org.hu\/#organization"},"potentialAction":[{"@type":"SearchAction","target":{"@type":"EntryPoint","urlTemplate":"https:\/\/lean.org.hu\/?s={search_term_string}"},"query-input":{"@type":"PropertyValueSpecification","valueRequired":true,"valueName":"search_term_string"}}],"inLanguage":"en-GB"},{"@type":"Organization","@id":"https:\/\/lean.org.hu\/#organization","name":"LEI","url":"https:\/\/lean.org.hu\/","logo":{"@type":"ImageObject","inLanguage":"en-GB","@id":"https:\/\/lean.org.hu\/#\/schema\/logo\/image\/","url":"https:\/\/lean.org.hu\/wp-content\/uploads\/2020\/07\/cropped-lean_logo_final_color_horizontal.png","contentUrl":"https:\/\/lean.org.hu\/wp-content\/uploads\/2020\/07\/cropped-lean_logo_final_color_horizontal.png","width":779,"height":288,"caption":"LEI"},"image":{"@id":"https:\/\/lean.org.hu\/#\/schema\/logo\/image\/"},"sameAs":["https:\/\/www.facebook.com\/LEI.Hungary","https:\/\/www.linkedin.com\/company\/lean-enterprise-institute-hungary"]}]}},"_links":{"self":[{"href":"https:\/\/lean.org.hu\/en\/wp-json\/wp\/v2\/product\/1278","targetHints":{"allow":["GET"]}}],"collection":[{"href":"https:\/\/lean.org.hu\/en\/wp-json\/wp\/v2\/product"}],"about":[{"href":"https:\/\/lean.org.hu\/en\/wp-json\/wp\/v2\/types\/product"}],"wp:featuredmedia":[{"embeddable":true,"href":"https:\/\/lean.org.hu\/en\/wp-json\/wp\/v2\/media\/1279"}],"wp:attachment":[{"href":"https:\/\/lean.org.hu\/en\/wp-json\/wp\/v2\/media?parent=1278"}],"wp:term":[{"taxonomy":"product_brand","embeddable":true,"href":"https:\/\/lean.org.hu\/en\/wp-json\/wp\/v2\/product_brand?post=1278"},{"taxonomy":"product_cat","embeddable":true,"href":"https:\/\/lean.org.hu\/en\/wp-json\/wp\/v2\/product_cat?post=1278"},{"taxonomy":"product_tag","embeddable":true,"href":"https:\/\/lean.org.hu\/en\/wp-json\/wp\/v2\/product_tag?post=1278"}],"curies":[{"name":"wp","href":"https:\/\/api.w.org\/{rel}","templated":true}]}}