{"id":1271,"date":"2020-09-15T06:23:40","date_gmt":"2020-09-15T04:23:40","guid":{"rendered":"http:\/\/generaciokpartnere.hu\/leiwp\/?post_type=product&#038;p=1271"},"modified":"2022-02-02T16:10:35","modified_gmt":"2022-02-02T14:10:35","slug":"a-lean-tudas-megosztasa-ingyenesen-letoltheto","status":"publish","type":"product","link":"https:\/\/lean.org.hu\/en\/lean-konyvesbolt\/a-lean-tudas-megosztasa-ingyenesen-letoltheto\/","title":{"rendered":"A lean tud\u00e1s megoszt\u00e1sa &#8211; Ingyenesen let\u00f6lthet\u0151!"},"content":{"rendered":"<p><strong>A lean tud\u00e1s megoszt\u00e1sa<\/strong><br \/>\n<em>Magyarorsz\u00e1gi esettanulm\u00e1nyokon alapul\u00f3 kutat\u00e1si eredm\u00e9nyek<\/em><\/p>\n<p><em>\u201cNapjainkban a verseny ell\u00e1t\u00e1si h\u00e1l\u00f3zatok k\u00f6z\u00f6tt folyik: az alapvet\u0151 k\u00e9pess\u00e9gek szerep\u00e9nek er\u0151s\u00f6d\u00e9s\u00e9vel az elm\u00falt \u00e9vtizedekben kiszervez\u00e9si hull\u00e1mok zajlottak le. \u00cdgy a v\u00e9gs\u0151 term\u00e9ket ma m\u00e1r jellemz\u0151en t\u00f6bb v\u00e1llalat hozza l\u00e9tre, ami a beszerzett anyagok, alkatr\u00e9szek \u00e9s r\u00e9szegys\u00e9gek ar\u00e1ny\u00e1nak n\u00f6veked\u00e9s\u00e9t eredm\u00e9nyezte. Mindemellett, a multinacion\u00e1lis v\u00e1llalatokon bel\u00fcl az \u00e9rt\u00e9kteremt\u00e9s region\u00e1lis, s\u0151t glob\u00e1lis szervez\u00e9se, optimaliz\u00e1ci\u00f3ja zajlik, ahol a bels\u0151 h\u00e1l\u00f3zatban sok le\u00e1nyv\u00e1llalat tesz hozz\u00e1 kisebb-nagyobb \u00e9rt\u00e9ket a v\u00e9gterm\u00e9khez. E k\u00e9t p\u00e1rhuzamos tendencia egyre komplexebb bels\u0151 \u00e9s k\u00fcls\u0151 h\u00e1l\u00f3zatokat hoz l\u00e9tre, ahol a rugalmas m\u0171k\u00f6d\u00e9s alapfelt\u00e9tele a hat\u00e9kony koordin\u00e1ci\u00f3, az inform\u00e1ci\u00f3- \u00e9s tud\u00e1smegoszt\u00e1s. \u00cdgy kijelenthetj\u00fck, hogy a fenntarthat\u00f3 versenyk\u00e9pess\u00e9g alapj\u00e1t a szervezetek tanul\u00f3k\u00e9pess\u00e9ge jelenti, melynek jelent\u0151s\u00e9g\u00e9t a turbulens k\u00f6rnyezet tov\u00e1bb n\u00f6veli. A fenti okfejt\u00e9s k\u00f6vetkezm\u00e9nye, hogy folyamatos alkalmazkod\u00e1sra, a tud\u00e1s gyors megszerz\u00e9s\u00e9re \u00e9s megoszt\u00e1s\u00e1ra van sz\u00fcks\u00e9g az ell\u00e1t\u00e1si h\u00e1l\u00f3zatokban. Jelen k\u00f6nyvben annak a h\u00e1rom\u00e9ves kutat\u00e1snak az eredm\u00e9nyeit foglaljuk \u00f6ssze, amit a Budapesti Corvinus Egyetemen folytattunk 2014-2017 k\u00f6z\u00f6tt. A kutat\u00e1st a Nemzeti Kutat\u00e1si, Fejleszt\u00e9si \u00e9s Innov\u00e1ci\u00f3s Hivatal (NKFIH) t\u00e1mogatta (K112745). A bemutatott kutat\u00e1s kiindul\u00f3 c\u00e9lja az volt, hogy a termel\u00e9si h\u00e1l\u00f3zatokon bel\u00fcli (multinacion\u00e1lis c\u00e9gek le\u00e1nyv\u00e1llalatai k\u00f6z\u00f6tt) \u00e9s e h\u00e1l\u00f3zati szerepl\u0151k ell\u00e1t\u00e1si h\u00e1l\u00f3zatai k\u00f6z\u00f6tti (a vev\u0151-besz\u00e1ll\u00edt\u00f3 kapcsolatok ment\u00e9n) tud\u00e1smegoszt\u00e1si mint\u00e1zatokat felt\u00e1rja. Olyan t\u00e9nyez\u0151ket tervezt\u00fcnk keresni, amelyek seg\u00edtik, hogy a termel\u00e9si h\u00e1l\u00f3zatokon bel\u00fcli tud\u00e1smegoszt\u00e1s kiterjedjen az ell\u00e1t\u00e1si h\u00e1l\u00f3zatokra is, ami hozz\u00e1j\u00e1rulhat a teljes termel\u00e9si \u00e9s ell\u00e1t\u00e1si h\u00e1l\u00f3zat versenyk\u00e9pess\u00e9g\u00e9nek n\u00f6veked\u00e9s\u00e9hez.\u201d <\/em><\/p>\n<p style=\"text-align: right;\"><em>R\u00e9szlet A lean tud\u00e1s megoszt\u00e1sa el\u0151szav\u00e1b\u00f3l<\/em><\/p>\n<p style=\"text-align: center;\"><a class=\"wp-block-button__link\" style=\"border-radius: 5px;\" href=\"https:\/\/lean.org.hu\/wp-content\/uploads\/2020\/09\/A-lean-tudas-megosztasa.pdf\" target=\"_blank\" rel=\"noreferrer noopener\">A let\u00f6lt\u00e9shez kattints ide!<\/a><\/p>\n<p>Demeter Krisztina, Losonci D\u00e1vid, Kov\u00e1cs Zolt\u00e1n<br \/>\nTerjedelem: 153 oldal<\/p>","protected":false},"excerpt":{"rendered":"<p><em>\u201cA bemutatott kutat\u00e1s kiindul\u00f3 c\u00e9lja az volt, hogy a termel\u00e9si h\u00e1l\u00f3zatokon bel\u00fcli (multinacion\u00e1lis c\u00e9gek le\u00e1nyv\u00e1llalatai k\u00f6z\u00f6tt) \u00e9s e h\u00e1l\u00f3zati szerepl\u0151k ell\u00e1t\u00e1si h\u00e1l\u00f3zatai k\u00f6z\u00f6tti (a vev\u0151-besz\u00e1ll\u00edt\u00f3 kapcsolatok ment\u00e9n) tud\u00e1smegoszt\u00e1si mint\u00e1zatokat felt\u00e1rja.\u201d<\/em><\/p>","protected":false},"featured_media":1274,"template":"","meta":{"_eb_attr":""},"product_brand":[],"product_cat":[87],"product_tag":[],"class_list":{"0":"post-1271","1":"product","2":"type-product","3":"status-publish","4":"has-post-thumbnail","6":"product_cat-letoltheto-tartalmak","7":"infinite-scroll-item","8":"no-featured-image-padding","9":"sales-flash-overlay","10":"woocommerce-text-align-left","11":"woocommerce-image-align-left","12":"do-quantity-buttons","14":"first","15":"outofstock","16":"taxable","17":"shipping-taxable","18":"purchasable","19":"product-type-simple"},"yoast_head":"<!-- This site is optimized with the Yoast SEO plugin v27.4 - https:\/\/yoast.com\/product\/yoast-seo-wordpress\/ -->\n<title>A lean tud\u00e1s megoszt\u00e1sa - Ingyenesen let\u00f6lthet\u0151! -LEI<\/title>\n<meta name=\"description\" content=\"A lean egyik alapk\u00f6ve a megszerzett tud\u00e1s megoszt\u00e1sa. Az \u00e9rt\u00e9kteremt\u00e9s v\u00e1rosokon, orsz\u00e1gokon \u00e1t\u00edvel\u0151 folyamata sok \u00e9rdekes k\u00e9rd\u00e9st vet fel.\" \/>\n<meta name=\"robots\" content=\"index, follow, max-snippet:-1, max-image-preview:large, max-video-preview:-1\" \/>\n<link rel=\"canonical\" href=\"https:\/\/lean.org.hu\/en\/lean-konyvesbolt\/a-lean-tudas-megosztasa-ingyenesen-letoltheto\/\" \/>\n<meta property=\"og:locale\" content=\"en_GB\" \/>\n<meta property=\"og:type\" content=\"article\" \/>\n<meta property=\"og:title\" content=\"A lean tud\u00e1s megoszt\u00e1sa - Ingyenesen let\u00f6lthet\u0151!\" \/>\n<meta property=\"og:description\" content=\"A lean egyik alapk\u00f6ve a megszerzett tud\u00e1s megoszt\u00e1sa. Az \u00e9rt\u00e9kteremt\u00e9s v\u00e1rosokon, orsz\u00e1gokon \u00e1t\u00edvel\u0151 folyamata sok \u00e9rdekes k\u00e9rd\u00e9st vet fel.\" \/>\n<meta property=\"og:url\" content=\"https:\/\/lean.org.hu\/en\/lean-konyvesbolt\/a-lean-tudas-megosztasa-ingyenesen-letoltheto\/\" \/>\n<meta property=\"og:site_name\" content=\"LEI\" \/>\n<meta property=\"article:publisher\" content=\"https:\/\/www.facebook.com\/LEI.Hungary\" \/>\n<meta property=\"article:modified_time\" content=\"2022-02-02T14:10:35+00:00\" \/>\n<meta property=\"og:image\" content=\"https:\/\/lean.org.hu\/wp-content\/uploads\/2020\/09\/A-lean-tud\u00e1s-megoszt\u00e1sa_Bor\u00edt\u00f3_425x600-1.jpg\" \/>\n\t<meta property=\"og:image:width\" content=\"425\" \/>\n\t<meta property=\"og:image:height\" content=\"600\" \/>\n\t<meta property=\"og:image:type\" content=\"image\/jpeg\" \/>\n<meta name=\"twitter:card\" content=\"summary_large_image\" \/>\n<meta name=\"twitter:label1\" content=\"Estimated reading time\" \/>\n\t<meta name=\"twitter:data1\" content=\"2 minutes\" \/>\n<script type=\"application\/ld+json\" class=\"yoast-schema-graph\">{\"@context\":\"https:\\\/\\\/schema.org\",\"@graph\":[{\"@type\":\"WebPage\",\"@id\":\"https:\\\/\\\/lean.org.hu\\\/lean-konyvesbolt\\\/a-lean-tudas-megosztasa-ingyenesen-letoltheto\\\/\",\"url\":\"https:\\\/\\\/lean.org.hu\\\/lean-konyvesbolt\\\/a-lean-tudas-megosztasa-ingyenesen-letoltheto\\\/\",\"name\":\"A lean tud\u00e1s megoszt\u00e1sa - Ingyenesen let\u00f6lthet\u0151! -LEI\",\"isPartOf\":{\"@id\":\"https:\\\/\\\/lean.org.hu\\\/#website\"},\"primaryImageOfPage\":{\"@id\":\"https:\\\/\\\/lean.org.hu\\\/lean-konyvesbolt\\\/a-lean-tudas-megosztasa-ingyenesen-letoltheto\\\/#primaryimage\"},\"image\":{\"@id\":\"https:\\\/\\\/lean.org.hu\\\/lean-konyvesbolt\\\/a-lean-tudas-megosztasa-ingyenesen-letoltheto\\\/#primaryimage\"},\"thumbnailUrl\":\"https:\\\/\\\/lean.org.hu\\\/wp-content\\\/uploads\\\/2020\\\/09\\\/A-lean-tud\u00e1s-megoszt\u00e1sa_Bor\u00edt\u00f3_425x600-1.jpg\",\"datePublished\":\"2020-09-15T04:23:40+00:00\",\"dateModified\":\"2022-02-02T14:10:35+00:00\",\"description\":\"A lean egyik alapk\u00f6ve a megszerzett tud\u00e1s megoszt\u00e1sa. Az \u00e9rt\u00e9kteremt\u00e9s v\u00e1rosokon, orsz\u00e1gokon \u00e1t\u00edvel\u0151 folyamata sok \u00e9rdekes k\u00e9rd\u00e9st vet fel.\",\"breadcrumb\":{\"@id\":\"https:\\\/\\\/lean.org.hu\\\/lean-konyvesbolt\\\/a-lean-tudas-megosztasa-ingyenesen-letoltheto\\\/#breadcrumb\"},\"inLanguage\":\"en-GB\",\"potentialAction\":[{\"@type\":\"ReadAction\",\"target\":[\"https:\\\/\\\/lean.org.hu\\\/lean-konyvesbolt\\\/a-lean-tudas-megosztasa-ingyenesen-letoltheto\\\/\"]}]},{\"@type\":\"ImageObject\",\"inLanguage\":\"en-GB\",\"@id\":\"https:\\\/\\\/lean.org.hu\\\/lean-konyvesbolt\\\/a-lean-tudas-megosztasa-ingyenesen-letoltheto\\\/#primaryimage\",\"url\":\"https:\\\/\\\/lean.org.hu\\\/wp-content\\\/uploads\\\/2020\\\/09\\\/A-lean-tud\u00e1s-megoszt\u00e1sa_Bor\u00edt\u00f3_425x600-1.jpg\",\"contentUrl\":\"https:\\\/\\\/lean.org.hu\\\/wp-content\\\/uploads\\\/2020\\\/09\\\/A-lean-tud\u00e1s-megoszt\u00e1sa_Bor\u00edt\u00f3_425x600-1.jpg\",\"width\":425,\"height\":600,\"caption\":\"A lean tud\u00e1s megoszt\u00e1sa\"},{\"@type\":\"BreadcrumbList\",\"@id\":\"https:\\\/\\\/lean.org.hu\\\/lean-konyvesbolt\\\/a-lean-tudas-megosztasa-ingyenesen-letoltheto\\\/#breadcrumb\",\"itemListElement\":[{\"@type\":\"ListItem\",\"position\":1,\"name\":\"Kezd\u0151lap\",\"item\":\"https:\\\/\\\/lean.org.hu\\\/\"},{\"@type\":\"ListItem\",\"position\":2,\"name\":\"Web\u00e1ruh\u00e1z oldal\",\"item\":\"http:\\\/\\\/lean.org.hu\\\/en\\\/webaruhaz-aloldal\\\/\"},{\"@type\":\"ListItem\",\"position\":3,\"name\":\"A lean tud\u00e1s megoszt\u00e1sa &#8211; Ingyenesen let\u00f6lthet\u0151!\"}]},{\"@type\":\"WebSite\",\"@id\":\"https:\\\/\\\/lean.org.hu\\\/#website\",\"url\":\"https:\\\/\\\/lean.org.hu\\\/\",\"name\":\"LEI\",\"description\":\"\",\"publisher\":{\"@id\":\"https:\\\/\\\/lean.org.hu\\\/#organization\"},\"potentialAction\":[{\"@type\":\"SearchAction\",\"target\":{\"@type\":\"EntryPoint\",\"urlTemplate\":\"https:\\\/\\\/lean.org.hu\\\/?s={search_term_string}\"},\"query-input\":{\"@type\":\"PropertyValueSpecification\",\"valueRequired\":true,\"valueName\":\"search_term_string\"}}],\"inLanguage\":\"en-GB\"},{\"@type\":\"Organization\",\"@id\":\"https:\\\/\\\/lean.org.hu\\\/#organization\",\"name\":\"LEI\",\"url\":\"https:\\\/\\\/lean.org.hu\\\/\",\"logo\":{\"@type\":\"ImageObject\",\"inLanguage\":\"en-GB\",\"@id\":\"https:\\\/\\\/lean.org.hu\\\/#\\\/schema\\\/logo\\\/image\\\/\",\"url\":\"https:\\\/\\\/lean.org.hu\\\/wp-content\\\/uploads\\\/2020\\\/07\\\/cropped-lean_logo_final_color_horizontal.png\",\"contentUrl\":\"https:\\\/\\\/lean.org.hu\\\/wp-content\\\/uploads\\\/2020\\\/07\\\/cropped-lean_logo_final_color_horizontal.png\",\"width\":779,\"height\":288,\"caption\":\"LEI\"},\"image\":{\"@id\":\"https:\\\/\\\/lean.org.hu\\\/#\\\/schema\\\/logo\\\/image\\\/\"},\"sameAs\":[\"https:\\\/\\\/www.facebook.com\\\/LEI.Hungary\",\"https:\\\/\\\/www.linkedin.com\\\/company\\\/lean-enterprise-institute-hungary\"]}]}<\/script>\n<!-- \/ Yoast SEO plugin. -->","yoast_head_json":{"title":"A lean tud\u00e1s megoszt\u00e1sa - Ingyenesen let\u00f6lthet\u0151! -LEI","description":"A lean egyik alapk\u00f6ve a megszerzett tud\u00e1s megoszt\u00e1sa. Az \u00e9rt\u00e9kteremt\u00e9s v\u00e1rosokon, orsz\u00e1gokon \u00e1t\u00edvel\u0151 folyamata sok \u00e9rdekes k\u00e9rd\u00e9st vet fel.","robots":{"index":"index","follow":"follow","max-snippet":"max-snippet:-1","max-image-preview":"max-image-preview:large","max-video-preview":"max-video-preview:-1"},"canonical":"https:\/\/lean.org.hu\/en\/lean-konyvesbolt\/a-lean-tudas-megosztasa-ingyenesen-letoltheto\/","og_locale":"en_GB","og_type":"article","og_title":"A lean tud\u00e1s megoszt\u00e1sa - Ingyenesen let\u00f6lthet\u0151!","og_description":"A lean egyik alapk\u00f6ve a megszerzett tud\u00e1s megoszt\u00e1sa. Az \u00e9rt\u00e9kteremt\u00e9s v\u00e1rosokon, orsz\u00e1gokon \u00e1t\u00edvel\u0151 folyamata sok \u00e9rdekes k\u00e9rd\u00e9st vet fel.","og_url":"https:\/\/lean.org.hu\/en\/lean-konyvesbolt\/a-lean-tudas-megosztasa-ingyenesen-letoltheto\/","og_site_name":"LEI","article_publisher":"https:\/\/www.facebook.com\/LEI.Hungary","article_modified_time":"2022-02-02T14:10:35+00:00","og_image":[{"width":425,"height":600,"url":"https:\/\/lean.org.hu\/wp-content\/uploads\/2020\/09\/A-lean-tud\u00e1s-megoszt\u00e1sa_Bor\u00edt\u00f3_425x600-1.jpg","type":"image\/jpeg"}],"twitter_card":"summary_large_image","twitter_misc":{"Estimated reading time":"2 minutes"},"schema":{"@context":"https:\/\/schema.org","@graph":[{"@type":"WebPage","@id":"https:\/\/lean.org.hu\/lean-konyvesbolt\/a-lean-tudas-megosztasa-ingyenesen-letoltheto\/","url":"https:\/\/lean.org.hu\/lean-konyvesbolt\/a-lean-tudas-megosztasa-ingyenesen-letoltheto\/","name":"A lean tud\u00e1s megoszt\u00e1sa - Ingyenesen let\u00f6lthet\u0151! -LEI","isPartOf":{"@id":"https:\/\/lean.org.hu\/#website"},"primaryImageOfPage":{"@id":"https:\/\/lean.org.hu\/lean-konyvesbolt\/a-lean-tudas-megosztasa-ingyenesen-letoltheto\/#primaryimage"},"image":{"@id":"https:\/\/lean.org.hu\/lean-konyvesbolt\/a-lean-tudas-megosztasa-ingyenesen-letoltheto\/#primaryimage"},"thumbnailUrl":"https:\/\/lean.org.hu\/wp-content\/uploads\/2020\/09\/A-lean-tud\u00e1s-megoszt\u00e1sa_Bor\u00edt\u00f3_425x600-1.jpg","datePublished":"2020-09-15T04:23:40+00:00","dateModified":"2022-02-02T14:10:35+00:00","description":"A lean egyik alapk\u00f6ve a megszerzett tud\u00e1s megoszt\u00e1sa. Az \u00e9rt\u00e9kteremt\u00e9s v\u00e1rosokon, orsz\u00e1gokon \u00e1t\u00edvel\u0151 folyamata sok \u00e9rdekes k\u00e9rd\u00e9st vet fel.","breadcrumb":{"@id":"https:\/\/lean.org.hu\/lean-konyvesbolt\/a-lean-tudas-megosztasa-ingyenesen-letoltheto\/#breadcrumb"},"inLanguage":"en-GB","potentialAction":[{"@type":"ReadAction","target":["https:\/\/lean.org.hu\/lean-konyvesbolt\/a-lean-tudas-megosztasa-ingyenesen-letoltheto\/"]}]},{"@type":"ImageObject","inLanguage":"en-GB","@id":"https:\/\/lean.org.hu\/lean-konyvesbolt\/a-lean-tudas-megosztasa-ingyenesen-letoltheto\/#primaryimage","url":"https:\/\/lean.org.hu\/wp-content\/uploads\/2020\/09\/A-lean-tud\u00e1s-megoszt\u00e1sa_Bor\u00edt\u00f3_425x600-1.jpg","contentUrl":"https:\/\/lean.org.hu\/wp-content\/uploads\/2020\/09\/A-lean-tud\u00e1s-megoszt\u00e1sa_Bor\u00edt\u00f3_425x600-1.jpg","width":425,"height":600,"caption":"A lean tud\u00e1s megoszt\u00e1sa"},{"@type":"BreadcrumbList","@id":"https:\/\/lean.org.hu\/lean-konyvesbolt\/a-lean-tudas-megosztasa-ingyenesen-letoltheto\/#breadcrumb","itemListElement":[{"@type":"ListItem","position":1,"name":"Kezd\u0151lap","item":"https:\/\/lean.org.hu\/"},{"@type":"ListItem","position":2,"name":"Web\u00e1ruh\u00e1z oldal","item":"http:\/\/lean.org.hu\/en\/webaruhaz-aloldal\/"},{"@type":"ListItem","position":3,"name":"A lean tud\u00e1s megoszt\u00e1sa &#8211; Ingyenesen let\u00f6lthet\u0151!"}]},{"@type":"WebSite","@id":"https:\/\/lean.org.hu\/#website","url":"https:\/\/lean.org.hu\/","name":"LEI","description":"","publisher":{"@id":"https:\/\/lean.org.hu\/#organization"},"potentialAction":[{"@type":"SearchAction","target":{"@type":"EntryPoint","urlTemplate":"https:\/\/lean.org.hu\/?s={search_term_string}"},"query-input":{"@type":"PropertyValueSpecification","valueRequired":true,"valueName":"search_term_string"}}],"inLanguage":"en-GB"},{"@type":"Organization","@id":"https:\/\/lean.org.hu\/#organization","name":"LEI","url":"https:\/\/lean.org.hu\/","logo":{"@type":"ImageObject","inLanguage":"en-GB","@id":"https:\/\/lean.org.hu\/#\/schema\/logo\/image\/","url":"https:\/\/lean.org.hu\/wp-content\/uploads\/2020\/07\/cropped-lean_logo_final_color_horizontal.png","contentUrl":"https:\/\/lean.org.hu\/wp-content\/uploads\/2020\/07\/cropped-lean_logo_final_color_horizontal.png","width":779,"height":288,"caption":"LEI"},"image":{"@id":"https:\/\/lean.org.hu\/#\/schema\/logo\/image\/"},"sameAs":["https:\/\/www.facebook.com\/LEI.Hungary","https:\/\/www.linkedin.com\/company\/lean-enterprise-institute-hungary"]}]}},"_links":{"self":[{"href":"https:\/\/lean.org.hu\/en\/wp-json\/wp\/v2\/product\/1271","targetHints":{"allow":["GET"]}}],"collection":[{"href":"https:\/\/lean.org.hu\/en\/wp-json\/wp\/v2\/product"}],"about":[{"href":"https:\/\/lean.org.hu\/en\/wp-json\/wp\/v2\/types\/product"}],"wp:featuredmedia":[{"embeddable":true,"href":"https:\/\/lean.org.hu\/en\/wp-json\/wp\/v2\/media\/1274"}],"wp:attachment":[{"href":"https:\/\/lean.org.hu\/en\/wp-json\/wp\/v2\/media?parent=1271"}],"wp:term":[{"taxonomy":"product_brand","embeddable":true,"href":"https:\/\/lean.org.hu\/en\/wp-json\/wp\/v2\/product_brand?post=1271"},{"taxonomy":"product_cat","embeddable":true,"href":"https:\/\/lean.org.hu\/en\/wp-json\/wp\/v2\/product_cat?post=1271"},{"taxonomy":"product_tag","embeddable":true,"href":"https:\/\/lean.org.hu\/en\/wp-json\/wp\/v2\/product_tag?post=1271"}],"curies":[{"name":"wp","href":"https:\/\/api.w.org\/{rel}","templated":true}]}}