{"id":121613,"date":"2022-02-02T14:06:14","date_gmt":"2022-02-02T12:06:14","guid":{"rendered":"https:\/\/lean.org.hu\/?post_type=product&#038;p=121613"},"modified":"2022-02-02T14:25:11","modified_gmt":"2022-02-02T12:25:11","slug":"how-lean-leaders-lead-download-it-for-free-masolat","status":"publish","type":"product","link":"https:\/\/lean.org.hu\/en\/lean-konyvesbolt\/how-lean-leaders-lead\/","title":{"rendered":"How Lean Leaders Lead? &#8211; Download it for free!"},"content":{"rendered":"<p>How Lean Leaders Lead? &#8211; Download it for free!<\/p>\n<p>The following collection of Lean Post articles from Lean Coach David Verble examines how the way managers and leaders talk to employees (and to each other) can contribute, or be a barrier to, creating and sustaining a culture of engagement and continuous improvement.<\/p>\n<p style=\"text-align: center;\"><a class=\"wp-block-button__link\" style=\"border-radius: 5px;\" href=\"https:\/\/lean.org.hu\/wp-content\/uploads\/2022\/02\/How-Lean-leaders-lead-david-verble.pdf\" target=\"_blank\" rel=\"noreferrer noopener\">Download it for free!<\/a><\/p>","protected":false},"excerpt":{"rendered":"<p><em>&#8222;Organizations and leaders aiming to create a culture of continuous improvement, where lean thinking and practice thrive&#8230;&#8221;<\/em><\/p>","protected":false},"featured_media":121615,"template":"","meta":{"_eb_attr":""},"product_brand":[],"product_cat":[87],"product_tag":[],"class_list":{"0":"post-121613","1":"product","2":"type-product","3":"status-publish","4":"has-post-thumbnail","6":"product_cat-letoltheto-tartalmak","7":"infinite-scroll-item","8":"no-featured-image-padding","9":"sales-flash-overlay","10":"woocommerce-text-align-left","11":"woocommerce-image-align-left","12":"do-quantity-buttons","14":"first","15":"outofstock","16":"taxable","17":"shipping-taxable","18":"purchasable","19":"product-type-simple"},"yoast_head":"<!-- This site is optimized with the Yoast SEO plugin v27.4 - https:\/\/yoast.com\/product\/yoast-seo-wordpress\/ -->\n<title>How Lean Leaders Lead? - Download it for free! - LEI<\/title>\n<meta name=\"description\" content=\"Organizations and leaders aiming to create a culture of continuous improvement, where lean thinking and practice thrive\" \/>\n<meta name=\"robots\" content=\"index, follow, max-snippet:-1, max-image-preview:large, max-video-preview:-1\" \/>\n<link rel=\"canonical\" href=\"https:\/\/lean.org.hu\/en\/lean-konyvesbolt\/how-lean-leaders-lead\/\" \/>\n<meta property=\"og:locale\" content=\"en_GB\" \/>\n<meta property=\"og:type\" content=\"article\" \/>\n<meta property=\"og:title\" content=\"Vezet\u0151k a g\u00e1ton - Ingyenesen let\u00f6lthet\u0151!\" \/>\n<meta property=\"og:description\" content=\"Gy\u0151zd meg embereidet a kaizen fontoss\u00e1g\u00e1r\u00f3l, \u00e9s \u00e9rd el, hogy a kaizen be\u00e9p\u00fclj\u00f6n a mindennapjaikba? Hogyan? A vezet\u0151k a g\u00e1ton seg\u00edthet.\" \/>\n<meta property=\"og:url\" content=\"https:\/\/lean.org.hu\/en\/lean-konyvesbolt\/how-lean-leaders-lead\/\" \/>\n<meta property=\"og:site_name\" content=\"LEI\" \/>\n<meta property=\"article:publisher\" content=\"https:\/\/www.facebook.com\/LEI.Hungary\" \/>\n<meta property=\"article:modified_time\" content=\"2022-02-02T12:25:11+00:00\" \/>\n<meta property=\"og:image\" content=\"https:\/\/lean.org.hu\/wp-content\/uploads\/2022\/02\/Termekkepek_how-lean-leaders-lead.jpg\" \/>\n\t<meta property=\"og:image:width\" content=\"425\" \/>\n\t<meta property=\"og:image:height\" content=\"600\" \/>\n\t<meta property=\"og:image:type\" content=\"image\/jpeg\" \/>\n<meta name=\"twitter:card\" content=\"summary_large_image\" \/>\n<meta name=\"twitter:label1\" content=\"Estimated reading time\" \/>\n\t<meta name=\"twitter:data1\" content=\"1 minute\" \/>\n<script type=\"application\/ld+json\" class=\"yoast-schema-graph\">{\"@context\":\"https:\\\/\\\/schema.org\",\"@graph\":[{\"@type\":\"WebPage\",\"@id\":\"https:\\\/\\\/lean.org.hu\\\/lean-konyvesbolt\\\/how-lean-leaders-lead\\\/\",\"url\":\"https:\\\/\\\/lean.org.hu\\\/lean-konyvesbolt\\\/how-lean-leaders-lead\\\/\",\"name\":\"How Lean Leaders Lead? - Download it for free! - LEI\",\"isPartOf\":{\"@id\":\"https:\\\/\\\/lean.org.hu\\\/#website\"},\"primaryImageOfPage\":{\"@id\":\"https:\\\/\\\/lean.org.hu\\\/lean-konyvesbolt\\\/how-lean-leaders-lead\\\/#primaryimage\"},\"image\":{\"@id\":\"https:\\\/\\\/lean.org.hu\\\/lean-konyvesbolt\\\/how-lean-leaders-lead\\\/#primaryimage\"},\"thumbnailUrl\":\"https:\\\/\\\/lean.org.hu\\\/wp-content\\\/uploads\\\/2022\\\/02\\\/Termekkepek_how-lean-leaders-lead.jpg\",\"datePublished\":\"2022-02-02T12:06:14+00:00\",\"dateModified\":\"2022-02-02T12:25:11+00:00\",\"description\":\"Organizations and leaders aiming to create a culture of continuous improvement, where lean thinking and practice thrive\",\"breadcrumb\":{\"@id\":\"https:\\\/\\\/lean.org.hu\\\/lean-konyvesbolt\\\/how-lean-leaders-lead\\\/#breadcrumb\"},\"inLanguage\":\"en-GB\",\"potentialAction\":[{\"@type\":\"ReadAction\",\"target\":[\"https:\\\/\\\/lean.org.hu\\\/lean-konyvesbolt\\\/how-lean-leaders-lead\\\/\"]}]},{\"@type\":\"ImageObject\",\"inLanguage\":\"en-GB\",\"@id\":\"https:\\\/\\\/lean.org.hu\\\/lean-konyvesbolt\\\/how-lean-leaders-lead\\\/#primaryimage\",\"url\":\"https:\\\/\\\/lean.org.hu\\\/wp-content\\\/uploads\\\/2022\\\/02\\\/Termekkepek_how-lean-leaders-lead.jpg\",\"contentUrl\":\"https:\\\/\\\/lean.org.hu\\\/wp-content\\\/uploads\\\/2022\\\/02\\\/Termekkepek_how-lean-leaders-lead.jpg\",\"width\":425,\"height\":600},{\"@type\":\"BreadcrumbList\",\"@id\":\"https:\\\/\\\/lean.org.hu\\\/lean-konyvesbolt\\\/how-lean-leaders-lead\\\/#breadcrumb\",\"itemListElement\":[{\"@type\":\"ListItem\",\"position\":1,\"name\":\"Kezd\u0151lap\",\"item\":\"https:\\\/\\\/lean.org.hu\\\/\"},{\"@type\":\"ListItem\",\"position\":2,\"name\":\"Web\u00e1ruh\u00e1z oldal\",\"item\":\"http:\\\/\\\/lean.org.hu\\\/en\\\/webaruhaz-aloldal\\\/\"},{\"@type\":\"ListItem\",\"position\":3,\"name\":\"How Lean Leaders Lead? &#8211; Download it for free!\"}]},{\"@type\":\"WebSite\",\"@id\":\"https:\\\/\\\/lean.org.hu\\\/#website\",\"url\":\"https:\\\/\\\/lean.org.hu\\\/\",\"name\":\"LEI\",\"description\":\"\",\"publisher\":{\"@id\":\"https:\\\/\\\/lean.org.hu\\\/#organization\"},\"potentialAction\":[{\"@type\":\"SearchAction\",\"target\":{\"@type\":\"EntryPoint\",\"urlTemplate\":\"https:\\\/\\\/lean.org.hu\\\/?s={search_term_string}\"},\"query-input\":{\"@type\":\"PropertyValueSpecification\",\"valueRequired\":true,\"valueName\":\"search_term_string\"}}],\"inLanguage\":\"en-GB\"},{\"@type\":\"Organization\",\"@id\":\"https:\\\/\\\/lean.org.hu\\\/#organization\",\"name\":\"LEI\",\"url\":\"https:\\\/\\\/lean.org.hu\\\/\",\"logo\":{\"@type\":\"ImageObject\",\"inLanguage\":\"en-GB\",\"@id\":\"https:\\\/\\\/lean.org.hu\\\/#\\\/schema\\\/logo\\\/image\\\/\",\"url\":\"https:\\\/\\\/lean.org.hu\\\/wp-content\\\/uploads\\\/2020\\\/07\\\/cropped-lean_logo_final_color_horizontal.png\",\"contentUrl\":\"https:\\\/\\\/lean.org.hu\\\/wp-content\\\/uploads\\\/2020\\\/07\\\/cropped-lean_logo_final_color_horizontal.png\",\"width\":779,\"height\":288,\"caption\":\"LEI\"},\"image\":{\"@id\":\"https:\\\/\\\/lean.org.hu\\\/#\\\/schema\\\/logo\\\/image\\\/\"},\"sameAs\":[\"https:\\\/\\\/www.facebook.com\\\/LEI.Hungary\",\"https:\\\/\\\/www.linkedin.com\\\/company\\\/lean-enterprise-institute-hungary\"]}]}<\/script>\n<!-- \/ Yoast SEO plugin. -->","yoast_head_json":{"title":"How Lean Leaders Lead? - Download it for free! - LEI","description":"Organizations and leaders aiming to create a culture of continuous improvement, where lean thinking and practice thrive","robots":{"index":"index","follow":"follow","max-snippet":"max-snippet:-1","max-image-preview":"max-image-preview:large","max-video-preview":"max-video-preview:-1"},"canonical":"https:\/\/lean.org.hu\/en\/lean-konyvesbolt\/how-lean-leaders-lead\/","og_locale":"en_GB","og_type":"article","og_title":"Vezet\u0151k a g\u00e1ton - Ingyenesen let\u00f6lthet\u0151!","og_description":"Gy\u0151zd meg embereidet a kaizen fontoss\u00e1g\u00e1r\u00f3l, \u00e9s \u00e9rd el, hogy a kaizen be\u00e9p\u00fclj\u00f6n a mindennapjaikba? Hogyan? A vezet\u0151k a g\u00e1ton seg\u00edthet.","og_url":"https:\/\/lean.org.hu\/en\/lean-konyvesbolt\/how-lean-leaders-lead\/","og_site_name":"LEI","article_publisher":"https:\/\/www.facebook.com\/LEI.Hungary","article_modified_time":"2022-02-02T12:25:11+00:00","og_image":[{"width":425,"height":600,"url":"https:\/\/lean.org.hu\/wp-content\/uploads\/2022\/02\/Termekkepek_how-lean-leaders-lead.jpg","type":"image\/jpeg"}],"twitter_card":"summary_large_image","twitter_misc":{"Estimated reading time":"1 minute"},"schema":{"@context":"https:\/\/schema.org","@graph":[{"@type":"WebPage","@id":"https:\/\/lean.org.hu\/lean-konyvesbolt\/how-lean-leaders-lead\/","url":"https:\/\/lean.org.hu\/lean-konyvesbolt\/how-lean-leaders-lead\/","name":"How Lean Leaders Lead? - Download it for free! - LEI","isPartOf":{"@id":"https:\/\/lean.org.hu\/#website"},"primaryImageOfPage":{"@id":"https:\/\/lean.org.hu\/lean-konyvesbolt\/how-lean-leaders-lead\/#primaryimage"},"image":{"@id":"https:\/\/lean.org.hu\/lean-konyvesbolt\/how-lean-leaders-lead\/#primaryimage"},"thumbnailUrl":"https:\/\/lean.org.hu\/wp-content\/uploads\/2022\/02\/Termekkepek_how-lean-leaders-lead.jpg","datePublished":"2022-02-02T12:06:14+00:00","dateModified":"2022-02-02T12:25:11+00:00","description":"Organizations and leaders aiming to create a culture of continuous improvement, where lean thinking and practice thrive","breadcrumb":{"@id":"https:\/\/lean.org.hu\/lean-konyvesbolt\/how-lean-leaders-lead\/#breadcrumb"},"inLanguage":"en-GB","potentialAction":[{"@type":"ReadAction","target":["https:\/\/lean.org.hu\/lean-konyvesbolt\/how-lean-leaders-lead\/"]}]},{"@type":"ImageObject","inLanguage":"en-GB","@id":"https:\/\/lean.org.hu\/lean-konyvesbolt\/how-lean-leaders-lead\/#primaryimage","url":"https:\/\/lean.org.hu\/wp-content\/uploads\/2022\/02\/Termekkepek_how-lean-leaders-lead.jpg","contentUrl":"https:\/\/lean.org.hu\/wp-content\/uploads\/2022\/02\/Termekkepek_how-lean-leaders-lead.jpg","width":425,"height":600},{"@type":"BreadcrumbList","@id":"https:\/\/lean.org.hu\/lean-konyvesbolt\/how-lean-leaders-lead\/#breadcrumb","itemListElement":[{"@type":"ListItem","position":1,"name":"Kezd\u0151lap","item":"https:\/\/lean.org.hu\/"},{"@type":"ListItem","position":2,"name":"Web\u00e1ruh\u00e1z oldal","item":"http:\/\/lean.org.hu\/en\/webaruhaz-aloldal\/"},{"@type":"ListItem","position":3,"name":"How Lean Leaders Lead? &#8211; Download it for free!"}]},{"@type":"WebSite","@id":"https:\/\/lean.org.hu\/#website","url":"https:\/\/lean.org.hu\/","name":"LEI","description":"","publisher":{"@id":"https:\/\/lean.org.hu\/#organization"},"potentialAction":[{"@type":"SearchAction","target":{"@type":"EntryPoint","urlTemplate":"https:\/\/lean.org.hu\/?s={search_term_string}"},"query-input":{"@type":"PropertyValueSpecification","valueRequired":true,"valueName":"search_term_string"}}],"inLanguage":"en-GB"},{"@type":"Organization","@id":"https:\/\/lean.org.hu\/#organization","name":"LEI","url":"https:\/\/lean.org.hu\/","logo":{"@type":"ImageObject","inLanguage":"en-GB","@id":"https:\/\/lean.org.hu\/#\/schema\/logo\/image\/","url":"https:\/\/lean.org.hu\/wp-content\/uploads\/2020\/07\/cropped-lean_logo_final_color_horizontal.png","contentUrl":"https:\/\/lean.org.hu\/wp-content\/uploads\/2020\/07\/cropped-lean_logo_final_color_horizontal.png","width":779,"height":288,"caption":"LEI"},"image":{"@id":"https:\/\/lean.org.hu\/#\/schema\/logo\/image\/"},"sameAs":["https:\/\/www.facebook.com\/LEI.Hungary","https:\/\/www.linkedin.com\/company\/lean-enterprise-institute-hungary"]}]}},"_links":{"self":[{"href":"https:\/\/lean.org.hu\/en\/wp-json\/wp\/v2\/product\/121613","targetHints":{"allow":["GET"]}}],"collection":[{"href":"https:\/\/lean.org.hu\/en\/wp-json\/wp\/v2\/product"}],"about":[{"href":"https:\/\/lean.org.hu\/en\/wp-json\/wp\/v2\/types\/product"}],"wp:featuredmedia":[{"embeddable":true,"href":"https:\/\/lean.org.hu\/en\/wp-json\/wp\/v2\/media\/121615"}],"wp:attachment":[{"href":"https:\/\/lean.org.hu\/en\/wp-json\/wp\/v2\/media?parent=121613"}],"wp:term":[{"taxonomy":"product_brand","embeddable":true,"href":"https:\/\/lean.org.hu\/en\/wp-json\/wp\/v2\/product_brand?post=121613"},{"taxonomy":"product_cat","embeddable":true,"href":"https:\/\/lean.org.hu\/en\/wp-json\/wp\/v2\/product_cat?post=121613"},{"taxonomy":"product_tag","embeddable":true,"href":"https:\/\/lean.org.hu\/en\/wp-json\/wp\/v2\/product_tag?post=121613"}],"curies":[{"name":"wp","href":"https:\/\/api.w.org\/{rel}","templated":true}]}}