{"id":1208,"date":"2020-09-11T11:42:17","date_gmt":"2020-09-11T09:42:17","guid":{"rendered":"http:\/\/generaciokpartnere.hu\/leiwp\/?post_type=product&#038;p=1208"},"modified":"2022-02-02T16:14:48","modified_gmt":"2022-02-02T14:14:48","slug":"lean-szotar-7-kiadas-ingyenesen-letoltheto","status":"publish","type":"product","link":"https:\/\/lean.org.hu\/en\/lean-konyvesbolt\/lean-szotar-7-kiadas-ingyenesen-letoltheto\/","title":{"rendered":"Lean sz\u00f3t\u00e1r (7. kiad\u00e1s) &#8211; Ingyenesen let\u00f6lthet\u0151!"},"content":{"rendered":"<p><strong>Lean sz\u00f3t\u00e1r (7. kiad\u00e1s)<\/strong><br \/>\nKosztol\u00e1nyi J\u00e1nos\u00a0\u00e9s Schwahofer G\u00e1bor<\/p>\n<p>\u201cAz ut\u00f3bbi \u00e9vekben egyre t\u00f6bb m\u00e9rn\u00f6k \u00e9s termel\u00e9si dolgoz\u00f3 ismerkedik meg a lean m\u00f3dszertannal. Mindazon\u00e1ltal csak keveseknek adatik meg, hogy tiszta forr\u00e1sb\u00f3l szerezz\u00e9k be ismereteiket. Sz\u00f3t\u00e1runk feladat\u00e1ul t\u0171zt\u00fck ki, hogy tiszt\u00e1zza a legfontosabb lean kifejez\u00e9sek jelent\u00e9s\u00e9t.<br \/>\nM\u00edg az angol nyelvter\u00fcleten j\u00f3 ideje kialakult a lean szaknyelv, addig itthon nem l\u00e9tezik egys\u00e9ges magyar lean zsargon. Az angol c\u00e9gekn\u00e9l dolgoz\u00f3k az angol terminol\u00f3gi\u00e1t haszn\u00e1lj\u00e1k, a n\u00e9met c\u00e9gekn\u00e9l a n\u00e9metet, valamint gyakran ezek magyar\u00edtott v\u00e1ltozatait. A magyar kifejez\u00e9seket m\u00e9g senki nem gy\u0171jt\u00f6tte \u00f6ssze, ez\u00e9rt ugyanazon dologra nemritk\u00e1n sz\u00e1mos k\u00fcl\u00f6nb\u00f6z\u0151 magyar megfelel\u0151 l\u00e9tezik. Fels\u0151oktat\u00e1si int\u00e9zm\u00e9nyeink a lean megismer\u00e9s\u00e9nek elej\u00e9n j\u00e1rnak, \u00edgy \u0151k sem tudnak ir\u00e1nymutat\u00e1st adni a gyakorlati alkalmaz\u00f3knak. E sz\u00f3t\u00e1r m\u00e1sodik feladata teh\u00e1t, hogy \u00f6sszegy\u0171jtse a haszn\u00e1latos magyar kifejez\u00e9seket, valamint javaslatot tegyen az egys\u00e9ges haszn\u00e1lat el\u0151seg\u00edt\u00e9se \u00e9rdek\u00e9ben.<br \/>\nAmint az els\u0151 kiad\u00e1sban lehet\u0151s\u00e9ge volt n\u00e9h\u00e1ny tan\u00e1csad\u00f3nak, valamint egyetemi oktat\u00f3nak bekapcsol\u00f3dni a sz\u00f3t\u00e1r fejleszt\u00e9s\u00e9be, \u00fagy a k\u00e9s\u0151bbiekben is szeretn\u00e9nk min\u00e9l t\u00f6bb lean szakember ismereteit megosztani az alakul\u00f3 tudom\u00e1nyter\u00fclet r\u00e9sztvev\u0151ivel.<br \/>\nA sz\u00f3t\u00e1r szerkeszt\u00e9s\u00e9nek \u00e9s kiad\u00e1s\u00e1nak c\u00e9lja a lean szakma \u00f6sszefog\u00e1sa \u00e9s terjeszt\u00e9se. Ez\u00e9rt a sz\u00f3t\u00e1r ingyenesen, \u00e9s a kor elv\u00e1r\u00e1sainak megfelel\u0151en, elektronikus form\u00e1ban ker\u00fcl forgalomba. Az elektronikus form\u00e1nak k\u00f6sz\u00f6nhet\u0151en a sz\u00f3cikkek v\u00e9g\u00e9n l\u00e9v\u0151 kereszthivatkoz\u00e1sok linkk\u00e9nt m\u0171k\u00f6dnek, ezzel is seg\u00edtve a hat\u00e9kony ismeretszerz\u00e9st.\u201d<\/p>\n<p><strong>\u00dajdons\u00e1gok a 7. kiad\u00e1sban:<\/strong><\/p>\n<p>\u2013 18 \u00faj sz\u00f3cikk<br \/>\n\u2013 29 \u00faj jap\u00e1n kifejez\u00e9s<br \/>\n\u2013 2 m\u00f3dos\u00edt\u00e1s a megl\u00e9v\u0151 sz\u00f3cikkekben<br \/>\n\u2013 2 \u00faj \u00e1bra<br \/>\n\u2013 N\u00e9h\u00e1ny apr\u00f3bb hibajav\u00edt\u00e1s<\/p>\n<p style=\"text-align: center;\"><a class=\"wp-block-button__link\" style=\"border-radius: 5px;\" href=\"https:\/\/drive.google.com\/file\/d\/1d7eIZNjKKOargJcFzEdtJlwGm5mO98kg\/view?usp=sharing\" target=\"_blank\" rel=\"noreferrer noopener\">A let\u00f6lt\u00e9shez kattints ide!<\/a><\/p>\n<p>ISBN 978-963-89-6354-3<br \/>\nTerjedelem: 186 oldal<\/p>","protected":false},"excerpt":{"rendered":"<p><em>\u201cAz ut\u00f3bbi \u00e9vekben egyre t\u00f6bb m\u00e9rn\u00f6k \u00e9s termel\u00e9si dolgoz\u00f3 ismerkedik meg a lean m\u00f3dszertannal. Mindazon\u00e1ltal csak keveseknek adatik meg, hogy tiszta forr\u00e1sb\u00f3l szerezz\u00e9k be ismereteiket. Sz\u00f3t\u00e1runk feladat\u00e1ul t\u0171zt\u00fck ki, hogy tiszt\u00e1zza a legfontosabb lean kifejez\u00e9sek jelent\u00e9s\u00e9t.\u201d<\/em><\/p>","protected":false},"featured_media":1262,"template":"","meta":{"_eb_attr":""},"product_brand":[],"product_cat":[87],"product_tag":[],"class_list":{"0":"post-1208","1":"product","2":"type-product","3":"status-publish","4":"has-post-thumbnail","6":"product_cat-letoltheto-tartalmak","7":"infinite-scroll-item","8":"no-featured-image-padding","9":"sales-flash-overlay","10":"woocommerce-text-align-left","11":"woocommerce-image-align-left","12":"do-quantity-buttons","14":"first","15":"outofstock","16":"taxable","17":"shipping-taxable","18":"purchasable","19":"product-type-simple"},"yoast_head":"<!-- This site is optimized with the Yoast SEO plugin v27.4 - https:\/\/yoast.com\/product\/yoast-seo-wordpress\/ -->\n<title>Lean sz\u00f3t\u00e1r (7. kiad\u00e1s) - Ingyenesen let\u00f6lthet\u0151! -LEI<\/title>\n<meta name=\"description\" content=\"A lean sz\u00f3t\u00e1r feladata, hogy tiszt\u00e1zza a legfontosabb lean kifejez\u00e9sek jelent\u00e9s\u00e9t.\" \/>\n<meta name=\"robots\" content=\"index, follow, max-snippet:-1, max-image-preview:large, max-video-preview:-1\" \/>\n<link rel=\"canonical\" href=\"https:\/\/lean.org.hu\/en\/lean-konyvesbolt\/lean-szotar-7-kiadas-ingyenesen-letoltheto\/\" \/>\n<meta property=\"og:locale\" content=\"en_GB\" \/>\n<meta property=\"og:type\" content=\"article\" \/>\n<meta property=\"og:title\" content=\"Lean sz\u00f3t\u00e1r - 7. kiad\u00e1s\" \/>\n<meta property=\"og:description\" content=\"A lean sz\u00f3t\u00e1r feladata, hogy tiszt\u00e1zza a legfontosabb lean kifejez\u00e9sek jelent\u00e9s\u00e9t.\" \/>\n<meta property=\"og:url\" content=\"https:\/\/lean.org.hu\/en\/lean-konyvesbolt\/lean-szotar-7-kiadas-ingyenesen-letoltheto\/\" \/>\n<meta property=\"og:site_name\" content=\"LEI\" \/>\n<meta property=\"article:publisher\" content=\"https:\/\/www.facebook.com\/LEI.Hungary\" \/>\n<meta property=\"article:modified_time\" content=\"2022-02-02T14:14:48+00:00\" \/>\n<meta property=\"og:image\" content=\"https:\/\/lean.org.hu\/wp-content\/uploads\/2020\/09\/Lean-sz\u00f3t\u00e1r_Bor\u00edt\u00f3_425x600.jpg\" \/>\n\t<meta property=\"og:image:width\" content=\"425\" \/>\n\t<meta property=\"og:image:height\" content=\"600\" \/>\n\t<meta property=\"og:image:type\" content=\"image\/jpeg\" \/>\n<meta name=\"twitter:card\" content=\"summary_large_image\" \/>\n<meta name=\"twitter:label1\" content=\"Estimated reading time\" \/>\n\t<meta name=\"twitter:data1\" content=\"2 minutes\" \/>\n<script type=\"application\/ld+json\" class=\"yoast-schema-graph\">{\"@context\":\"https:\\\/\\\/schema.org\",\"@graph\":[{\"@type\":\"WebPage\",\"@id\":\"https:\\\/\\\/lean.org.hu\\\/lean-konyvesbolt\\\/lean-szotar-7-kiadas-ingyenesen-letoltheto\\\/\",\"url\":\"https:\\\/\\\/lean.org.hu\\\/lean-konyvesbolt\\\/lean-szotar-7-kiadas-ingyenesen-letoltheto\\\/\",\"name\":\"Lean sz\u00f3t\u00e1r (7. kiad\u00e1s) - Ingyenesen let\u00f6lthet\u0151! -LEI\",\"isPartOf\":{\"@id\":\"https:\\\/\\\/lean.org.hu\\\/#website\"},\"primaryImageOfPage\":{\"@id\":\"https:\\\/\\\/lean.org.hu\\\/lean-konyvesbolt\\\/lean-szotar-7-kiadas-ingyenesen-letoltheto\\\/#primaryimage\"},\"image\":{\"@id\":\"https:\\\/\\\/lean.org.hu\\\/lean-konyvesbolt\\\/lean-szotar-7-kiadas-ingyenesen-letoltheto\\\/#primaryimage\"},\"thumbnailUrl\":\"https:\\\/\\\/lean.org.hu\\\/wp-content\\\/uploads\\\/2020\\\/09\\\/Lean-sz\u00f3t\u00e1r_Bor\u00edt\u00f3_425x600.jpg\",\"datePublished\":\"2020-09-11T09:42:17+00:00\",\"dateModified\":\"2022-02-02T14:14:48+00:00\",\"description\":\"A lean sz\u00f3t\u00e1r feladata, hogy tiszt\u00e1zza a legfontosabb lean kifejez\u00e9sek jelent\u00e9s\u00e9t.\",\"breadcrumb\":{\"@id\":\"https:\\\/\\\/lean.org.hu\\\/lean-konyvesbolt\\\/lean-szotar-7-kiadas-ingyenesen-letoltheto\\\/#breadcrumb\"},\"inLanguage\":\"en-GB\",\"potentialAction\":[{\"@type\":\"ReadAction\",\"target\":[\"https:\\\/\\\/lean.org.hu\\\/lean-konyvesbolt\\\/lean-szotar-7-kiadas-ingyenesen-letoltheto\\\/\"]}]},{\"@type\":\"ImageObject\",\"inLanguage\":\"en-GB\",\"@id\":\"https:\\\/\\\/lean.org.hu\\\/lean-konyvesbolt\\\/lean-szotar-7-kiadas-ingyenesen-letoltheto\\\/#primaryimage\",\"url\":\"https:\\\/\\\/lean.org.hu\\\/wp-content\\\/uploads\\\/2020\\\/09\\\/Lean-sz\u00f3t\u00e1r_Bor\u00edt\u00f3_425x600.jpg\",\"contentUrl\":\"https:\\\/\\\/lean.org.hu\\\/wp-content\\\/uploads\\\/2020\\\/09\\\/Lean-sz\u00f3t\u00e1r_Bor\u00edt\u00f3_425x600.jpg\",\"width\":425,\"height\":600,\"caption\":\"Lean sz\u00f3t\u00e1r bor\u00edt\u00f3\"},{\"@type\":\"BreadcrumbList\",\"@id\":\"https:\\\/\\\/lean.org.hu\\\/lean-konyvesbolt\\\/lean-szotar-7-kiadas-ingyenesen-letoltheto\\\/#breadcrumb\",\"itemListElement\":[{\"@type\":\"ListItem\",\"position\":1,\"name\":\"Kezd\u0151lap\",\"item\":\"https:\\\/\\\/lean.org.hu\\\/\"},{\"@type\":\"ListItem\",\"position\":2,\"name\":\"Web\u00e1ruh\u00e1z oldal\",\"item\":\"http:\\\/\\\/lean.org.hu\\\/en\\\/webaruhaz-aloldal\\\/\"},{\"@type\":\"ListItem\",\"position\":3,\"name\":\"Lean sz\u00f3t\u00e1r (7. kiad\u00e1s) &#8211; Ingyenesen let\u00f6lthet\u0151!\"}]},{\"@type\":\"WebSite\",\"@id\":\"https:\\\/\\\/lean.org.hu\\\/#website\",\"url\":\"https:\\\/\\\/lean.org.hu\\\/\",\"name\":\"LEI\",\"description\":\"\",\"publisher\":{\"@id\":\"https:\\\/\\\/lean.org.hu\\\/#organization\"},\"potentialAction\":[{\"@type\":\"SearchAction\",\"target\":{\"@type\":\"EntryPoint\",\"urlTemplate\":\"https:\\\/\\\/lean.org.hu\\\/?s={search_term_string}\"},\"query-input\":{\"@type\":\"PropertyValueSpecification\",\"valueRequired\":true,\"valueName\":\"search_term_string\"}}],\"inLanguage\":\"en-GB\"},{\"@type\":\"Organization\",\"@id\":\"https:\\\/\\\/lean.org.hu\\\/#organization\",\"name\":\"LEI\",\"url\":\"https:\\\/\\\/lean.org.hu\\\/\",\"logo\":{\"@type\":\"ImageObject\",\"inLanguage\":\"en-GB\",\"@id\":\"https:\\\/\\\/lean.org.hu\\\/#\\\/schema\\\/logo\\\/image\\\/\",\"url\":\"https:\\\/\\\/lean.org.hu\\\/wp-content\\\/uploads\\\/2020\\\/07\\\/cropped-lean_logo_final_color_horizontal.png\",\"contentUrl\":\"https:\\\/\\\/lean.org.hu\\\/wp-content\\\/uploads\\\/2020\\\/07\\\/cropped-lean_logo_final_color_horizontal.png\",\"width\":779,\"height\":288,\"caption\":\"LEI\"},\"image\":{\"@id\":\"https:\\\/\\\/lean.org.hu\\\/#\\\/schema\\\/logo\\\/image\\\/\"},\"sameAs\":[\"https:\\\/\\\/www.facebook.com\\\/LEI.Hungary\",\"https:\\\/\\\/www.linkedin.com\\\/company\\\/lean-enterprise-institute-hungary\"]}]}<\/script>\n<!-- \/ Yoast SEO plugin. -->","yoast_head_json":{"title":"Lean sz\u00f3t\u00e1r (7. kiad\u00e1s) - Ingyenesen let\u00f6lthet\u0151! -LEI","description":"A lean sz\u00f3t\u00e1r feladata, hogy tiszt\u00e1zza a legfontosabb lean kifejez\u00e9sek jelent\u00e9s\u00e9t.","robots":{"index":"index","follow":"follow","max-snippet":"max-snippet:-1","max-image-preview":"max-image-preview:large","max-video-preview":"max-video-preview:-1"},"canonical":"https:\/\/lean.org.hu\/en\/lean-konyvesbolt\/lean-szotar-7-kiadas-ingyenesen-letoltheto\/","og_locale":"en_GB","og_type":"article","og_title":"Lean sz\u00f3t\u00e1r - 7. kiad\u00e1s","og_description":"A lean sz\u00f3t\u00e1r feladata, hogy tiszt\u00e1zza a legfontosabb lean kifejez\u00e9sek jelent\u00e9s\u00e9t.","og_url":"https:\/\/lean.org.hu\/en\/lean-konyvesbolt\/lean-szotar-7-kiadas-ingyenesen-letoltheto\/","og_site_name":"LEI","article_publisher":"https:\/\/www.facebook.com\/LEI.Hungary","article_modified_time":"2022-02-02T14:14:48+00:00","og_image":[{"width":425,"height":600,"url":"https:\/\/lean.org.hu\/wp-content\/uploads\/2020\/09\/Lean-sz\u00f3t\u00e1r_Bor\u00edt\u00f3_425x600.jpg","type":"image\/jpeg"}],"twitter_card":"summary_large_image","twitter_misc":{"Estimated reading time":"2 minutes"},"schema":{"@context":"https:\/\/schema.org","@graph":[{"@type":"WebPage","@id":"https:\/\/lean.org.hu\/lean-konyvesbolt\/lean-szotar-7-kiadas-ingyenesen-letoltheto\/","url":"https:\/\/lean.org.hu\/lean-konyvesbolt\/lean-szotar-7-kiadas-ingyenesen-letoltheto\/","name":"Lean sz\u00f3t\u00e1r (7. kiad\u00e1s) - Ingyenesen let\u00f6lthet\u0151! -LEI","isPartOf":{"@id":"https:\/\/lean.org.hu\/#website"},"primaryImageOfPage":{"@id":"https:\/\/lean.org.hu\/lean-konyvesbolt\/lean-szotar-7-kiadas-ingyenesen-letoltheto\/#primaryimage"},"image":{"@id":"https:\/\/lean.org.hu\/lean-konyvesbolt\/lean-szotar-7-kiadas-ingyenesen-letoltheto\/#primaryimage"},"thumbnailUrl":"https:\/\/lean.org.hu\/wp-content\/uploads\/2020\/09\/Lean-sz\u00f3t\u00e1r_Bor\u00edt\u00f3_425x600.jpg","datePublished":"2020-09-11T09:42:17+00:00","dateModified":"2022-02-02T14:14:48+00:00","description":"A lean sz\u00f3t\u00e1r feladata, hogy tiszt\u00e1zza a legfontosabb lean kifejez\u00e9sek jelent\u00e9s\u00e9t.","breadcrumb":{"@id":"https:\/\/lean.org.hu\/lean-konyvesbolt\/lean-szotar-7-kiadas-ingyenesen-letoltheto\/#breadcrumb"},"inLanguage":"en-GB","potentialAction":[{"@type":"ReadAction","target":["https:\/\/lean.org.hu\/lean-konyvesbolt\/lean-szotar-7-kiadas-ingyenesen-letoltheto\/"]}]},{"@type":"ImageObject","inLanguage":"en-GB","@id":"https:\/\/lean.org.hu\/lean-konyvesbolt\/lean-szotar-7-kiadas-ingyenesen-letoltheto\/#primaryimage","url":"https:\/\/lean.org.hu\/wp-content\/uploads\/2020\/09\/Lean-sz\u00f3t\u00e1r_Bor\u00edt\u00f3_425x600.jpg","contentUrl":"https:\/\/lean.org.hu\/wp-content\/uploads\/2020\/09\/Lean-sz\u00f3t\u00e1r_Bor\u00edt\u00f3_425x600.jpg","width":425,"height":600,"caption":"Lean sz\u00f3t\u00e1r bor\u00edt\u00f3"},{"@type":"BreadcrumbList","@id":"https:\/\/lean.org.hu\/lean-konyvesbolt\/lean-szotar-7-kiadas-ingyenesen-letoltheto\/#breadcrumb","itemListElement":[{"@type":"ListItem","position":1,"name":"Kezd\u0151lap","item":"https:\/\/lean.org.hu\/"},{"@type":"ListItem","position":2,"name":"Web\u00e1ruh\u00e1z oldal","item":"http:\/\/lean.org.hu\/en\/webaruhaz-aloldal\/"},{"@type":"ListItem","position":3,"name":"Lean sz\u00f3t\u00e1r (7. kiad\u00e1s) &#8211; Ingyenesen let\u00f6lthet\u0151!"}]},{"@type":"WebSite","@id":"https:\/\/lean.org.hu\/#website","url":"https:\/\/lean.org.hu\/","name":"LEI","description":"","publisher":{"@id":"https:\/\/lean.org.hu\/#organization"},"potentialAction":[{"@type":"SearchAction","target":{"@type":"EntryPoint","urlTemplate":"https:\/\/lean.org.hu\/?s={search_term_string}"},"query-input":{"@type":"PropertyValueSpecification","valueRequired":true,"valueName":"search_term_string"}}],"inLanguage":"en-GB"},{"@type":"Organization","@id":"https:\/\/lean.org.hu\/#organization","name":"LEI","url":"https:\/\/lean.org.hu\/","logo":{"@type":"ImageObject","inLanguage":"en-GB","@id":"https:\/\/lean.org.hu\/#\/schema\/logo\/image\/","url":"https:\/\/lean.org.hu\/wp-content\/uploads\/2020\/07\/cropped-lean_logo_final_color_horizontal.png","contentUrl":"https:\/\/lean.org.hu\/wp-content\/uploads\/2020\/07\/cropped-lean_logo_final_color_horizontal.png","width":779,"height":288,"caption":"LEI"},"image":{"@id":"https:\/\/lean.org.hu\/#\/schema\/logo\/image\/"},"sameAs":["https:\/\/www.facebook.com\/LEI.Hungary","https:\/\/www.linkedin.com\/company\/lean-enterprise-institute-hungary"]}]}},"_links":{"self":[{"href":"https:\/\/lean.org.hu\/en\/wp-json\/wp\/v2\/product\/1208","targetHints":{"allow":["GET"]}}],"collection":[{"href":"https:\/\/lean.org.hu\/en\/wp-json\/wp\/v2\/product"}],"about":[{"href":"https:\/\/lean.org.hu\/en\/wp-json\/wp\/v2\/types\/product"}],"wp:featuredmedia":[{"embeddable":true,"href":"https:\/\/lean.org.hu\/en\/wp-json\/wp\/v2\/media\/1262"}],"wp:attachment":[{"href":"https:\/\/lean.org.hu\/en\/wp-json\/wp\/v2\/media?parent=1208"}],"wp:term":[{"taxonomy":"product_brand","embeddable":true,"href":"https:\/\/lean.org.hu\/en\/wp-json\/wp\/v2\/product_brand?post=1208"},{"taxonomy":"product_cat","embeddable":true,"href":"https:\/\/lean.org.hu\/en\/wp-json\/wp\/v2\/product_cat?post=1208"},{"taxonomy":"product_tag","embeddable":true,"href":"https:\/\/lean.org.hu\/en\/wp-json\/wp\/v2\/product_tag?post=1208"}],"curies":[{"name":"wp","href":"https:\/\/api.w.org\/{rel}","templated":true}]}}