{"id":1137,"date":"2020-09-19T06:43:07","date_gmt":"2020-09-19T04:43:07","guid":{"rendered":"http:\/\/generaciokpartnere.hu\/leiwp\/?post_type=product&#038;p=1137"},"modified":"2026-02-12T14:48:06","modified_gmt":"2026-02-12T13:48:06","slug":"kaizen-expressz-kaizen-express","status":"publish","type":"product","link":"https:\/\/lean.org.hu\/en\/lean-konyvesbolt\/kaizen-expressz-kaizen-express\/","title":{"rendered":"Kaizen Expressz &#8211; Alapismeretek a lean utaz\u00e1shoz"},"content":{"rendered":"<p><strong>Kaizen Expressz\u00a0<\/strong><em>(Kaizen Express)<\/em><br \/>\nToshiko Narusawa \u00e9s John Shook<\/p>\n<p>Hogyan fogjunk hozz\u00e1 a lean gy\u00e1rt\u00e1s megval\u00f3s\u00edt\u00e1s\u00e1hoz? Mi legyen a k\u00f6vetkez\u0151, majd az azt k\u00f6vet\u0151 l\u00e9p\u00e9s? Manaps\u00e1g m\u00e1r nem k\u00f6nny\u0171 eligazodni a lean elvekkel kapcsolatos inform\u00e1ci\u00f3k tenger\u00e9ben.<\/p>\n<p>A\u00a0<em>Kaizen Expressz<\/em>\u00a0egy\u00e9rtelm\u0171en bemutatja a folyamatot, \u00e9s p\u00f6rg\u0151s, g\u00f6rd\u00fcl\u00e9keny st\u00edlusban ismerteti a\u00a0<strong>Toyota termel\u00e9si rendszer (TPS)<\/strong>\u00a0alapvet\u0151 elemeit, m\u00e9gpedig a megval\u00f3s\u00edt\u00e1s logikus sorrendj\u00e9ben.<\/p>\n<p>Ez a t\u00f6m\u00f6r, de \u00e1tfog\u00f3, az alapokhoz visszany\u00fal\u00f3 k\u00f6nyv a lean ter\u00fcleten \u00fajoncnak \u00e9s veter\u00e1nnak sz\u00e1m\u00edt\u00f3 olvas\u00f3knak egyar\u00e1nt tartalmas bevezet\u00e9st k\u00edn\u00e1l a lean elvekbe \u00e9s megval\u00f3s\u00edt\u00e1sukba. A gy\u00f6kerekhez t\u00e9r vissza, \u00e9s hangs\u00falyozza a tev\u00e9kenys\u00e9g k\u00f6zben, gyakorlatban tanul\u00e1s fontoss\u00e1g\u00e1t egy\u00e9ni \u00e9s csapatszinten egyar\u00e1nt.<\/p>\n<p><em>\u201eAz ember hajlamos elfeledkezni az alapokr\u00f3l, amikor magasabb szint\u0171 m\u00f3dszereket alkalmaz\u201d<\/em>\u00a0\u2013 \u00edrja\u00a0Jim Womack, a LEI alap\u00edt\u00f3ja \u00e9s kor\u00e1bbi eln\u00f6ke az El\u0151sz\u00f3ban.\u00a0<em>\u201eGyakran tal\u00e1lkozom olyan c\u00e9gekkel, amelyek a lean menedzsment, strat\u00e9gia \u00e9s v\u00e1llalati kult\u00fara magas szint\u0171 \u00fcgyeire koncentr\u00e1lnak, mik\u00f6zben elmulasztj\u00e1k a szil\u00e1rd alap l\u00e9trehoz\u00e1s\u00e1t azon a szinten, ahol a val\u00f3di munkav\u00e9gz\u00e9s zajlik.\u201d<\/em><\/p>\n<p>A\u00a0<em>Kaizen Expresszt<\/em>\u00a0eredetileg a vil\u00e1g jap\u00e1n gy\u00e1raiban egy\u00fctt dolgoz\u00f3 jap\u00e1n \u00e9s nem jap\u00e1n anyanyelv\u0171 olvas\u00f3k sz\u00e1m\u00e1ra dolgozt\u00e1k ki, hogy megtanulj\u00e1k bel\u0151le a TPS alapelemeit, ez\u00e9rt az eredeti LEI kiadv\u00e1ny meg\u0151rizte a k\u00e9tnyelv\u0171 form\u00e1tumot, a l\u00e9nyeges pontokat szeml\u00e9ltet\u0151 \u00e1br\u00e1kkal \u00e9s diagramokkal egy\u00fctt. A magyar kiad\u00e1s szint\u00e9n\u00a0<strong>k\u00e9tnyelv\u0171<\/strong>, haz\u00e1nkban azonban\u00a0<strong>magyar \u00e9s angol\u00a0<\/strong>nyelven ker\u00fcl az olvas\u00f3k kez\u00e9be.<\/p>\n<p>A k\u00f6nyv tov\u00e1bb\u00e1 tartalmazza a TPS-fogalmak gy\u0171jtem\u00e9ny\u00e9t magyar \u00e9s angol nyelven, valamint egy sor standard \u0171rlapot is, amelyek a TPS bevezet\u00e9sekor haszn\u00e1latosak a Toyota \u00fczemeiben.<\/p>\n<p id=\"kexbetekinto\" style=\"text-align: center;\"><a class=\"wp-block-button__link\" style=\"border-radius: 5px;\" href=\"https:\/\/drive.google.com\/file\/d\/1FmyRIPEMiInlH3XWnqQBk2BlG66Tayi0\/view?usp=sharing\" target=\"_blank\" rel=\"noreferrer noopener\">Olvass bele a k\u00f6nyvbe!<\/a><\/p>\n<p><strong>Ingyenesen let\u00f6lthet\u0151 \u0171rlapok:<\/strong><\/p>\n<p><a href=\"https:\/\/drive.google.com\/file\/d\/1Tla-_UWRAkuohTMaXt6pMhA7No7ycB_Z\/view?usp=sharing\" target=\"_blank\" rel=\"noopener noreferrer\">Termel\u00e9selemz\u0151 t\u00e1bla<\/a><br \/>\n<a href=\"https:\/\/drive.google.com\/file\/d\/1EefC7op2c48JyUQHDCJOWxk6tlHCpyQo\/view?usp=sharing\" target=\"_blank\" rel=\"noopener noreferrer\">Folyamatfelm\u00e9r\u0151 lap<\/a><br \/>\n<a href=\"https:\/\/drive.google.com\/file\/d\/1F1zG7Yi8aZFAMTgMux-UM-x2qulXxDkr\/view?usp=sharing\" target=\"_blank\" rel=\"noopener noreferrer\">Oper\u00e1tor-kiegyenl\u00edtetts\u00e9gi diagram<\/a><br \/>\n<a href=\"https:\/\/drive.google.com\/file\/d\/1M8jPTgiAgraQESwWaVxV30AuqcSGXCid\/view?usp=sharing\" target=\"_blank\" rel=\"noopener noreferrer\">Standard munka 1: Folyamatkapacit\u00e1s-lap<\/a><br \/>\n<a href=\"https:\/\/drive.google.com\/file\/d\/1QGkxGhiWEkuKJniThrtptsqJ8RgdOX96\/view?usp=sharing\" target=\"_blank\" rel=\"noopener noreferrer\">Standard munka 2: Kombin\u00e1ci\u00f3st\u00e1bl\u00e1zat<\/a><br \/>\n<a href=\"https:\/\/drive.google.com\/file\/d\/10vLzJlAvhznd89zO7C04rQWoSfi7tgyp\/view?usp=sharing\" target=\"_blank\" rel=\"noopener noreferrer\">Standard munka 3: Standardmunka-t\u00e1bl\u00e1zat<\/a><\/p>\n<hr \/>\n<p><em>\u201c\u00d6r\u00f6m\u00f6mre szolg\u00e1lt, amikor Toshiko Narusawa \u00e9s John Shook megkereste a LEI-t ezzel a k\u00f6nyvvel, amit az\u00e9rt \u00edrtak, hogy seg\u00edtsen a Toyota Termel\u00e9si Rendszer (Toyota Production System \u2013 TPS) alapelveinek gyors meg\u00e9rt\u00e9s\u00e9ben, illetve a bevezet\u00e9s\u00fckben a gemb\u00e1n, logikus sorrendben, a kaizen folyamatos alkalmaz\u00e1s\u00e1val. Hasonl\u00f3k\u00e9pp \u00f6r\u00fcltem az anyag k\u00e9preg\u00e9nyszer\u0171 st\u00edlus\u00e1nak, k\u00f6nnyen \u00e1tl\u00e1that\u00f3 szerkezet\u00e9nek, amit m\u00e1r a Toyot\u00e1n\u00e1l kidolgozott eredeti jap\u00e1n TPS-ben megszerettem. Egy k\u00e9p val\u00f3ban fel\u00e9r ezer sz\u00f3val, \u00e9s ezek a k\u00e9pek a TPS alap\u00edt\u00f3inak szellem\u00e9ben k\u00e9sz\u00fcltek.\u201d<\/em><\/p>\n<p style=\"text-align: right;\"><strong>Jim Womack<\/strong><br \/>\nalap\u00edt\u00f3 \u00e9s eln\u00f6k<br \/>\nLean Enterprise Institute<\/p>\n<p><em>\u201cA Kaizen Expressz e k\u00fcl\u00f6nleges megk\u00f6zel\u00edt\u00e9se \u00e9s n\u00e9z\u0151pontja r\u00e9v\u00e9n egy\u00e9rtelm\u0171en kit\u00f6lti az eddigi r\u00e9st a magyar lean k\u00f6nyvek polc\u00e1n. Aj\u00e1nlom ezt a k\u00f6nyvet mindenkinek, aki a kor\u00e1bbi tapasztalatait\u00f3l f\u00fcggetlen\u00fcl szeretn\u00e9 sz\u00e9les\u00edteni lean ismereteit: a tapasztalt lean szakemberek is ugyanolyan haszonnal forgathatj\u00e1k, mint az egyetemi hallgat\u00f3k \u00e9s frissdiplom\u00e1sok.\u201d<\/em><\/p>\n<p style=\"text-align: right;\"><strong>Dr. Max Nitzsche<\/strong><br \/>\ngy\u00e1rigazgat\u00f3<br \/>\nRobert Bosch Energy and Body Systems Kft., Miskolc<\/p>\n<p>&nbsp;<\/p>\n<p><img fetchpriority=\"high\" decoding=\"async\" class=\"wp-image-1141 size-full aligncenter\" src=\"https:\/\/lean.org.hu\/wp-content\/uploads\/2020\/09\/K\u00e9p01_Kex-t\u00e1mogat\u00f3-e1599548662839.png\" alt=\"Kaizen expressz t\u00e1m\u00f3gat\u00f3ja a Bosch\" width=\"285\" height=\"274\" srcset=\"https:\/\/lean.org.hu\/wp-content\/uploads\/2020\/09\/K\u00e9p01_Kex-t\u00e1mogat\u00f3-e1599548662839.png 285w, https:\/\/lean.org.hu\/wp-content\/uploads\/2020\/09\/K\u00e9p01_Kex-t\u00e1mogat\u00f3-e1599548662839-200x192.png 200w\" sizes=\"(max-width: 285px) 100vw, 285px\" \/><\/p>\n<p>ISBN 978-963-08-9310-7<br \/>\nTerjedelem: 160 oldal (181\u00d7257 mm)<\/p>\n<hr \/>\n<h3>Lean Practitioner Program<\/h3>\n<p>&nbsp;<\/p>\n<p><img decoding=\"async\" class=\"size-medium wp-image-1102 alignright\" src=\"https:\/\/lean.org.hu\/wp-content\/uploads\/2020\/09\/K\u00e9p02_Lpp-300x158.jpg\" alt=\"\" width=\"300\" height=\"158\" srcset=\"https:\/\/lean.org.hu\/wp-content\/uploads\/2020\/09\/K\u00e9p02_Lpp-300x158.jpg 300w, https:\/\/lean.org.hu\/wp-content\/uploads\/2020\/09\/K\u00e9p02_Lpp-200x105.jpg 200w, https:\/\/lean.org.hu\/wp-content\/uploads\/2020\/09\/K\u00e9p02_Lpp-768x404.jpg 768w, https:\/\/lean.org.hu\/wp-content\/uploads\/2020\/09\/K\u00e9p02_Lpp.jpg 843w\" sizes=\"(max-width: 300px) 100vw, 300px\" \/>V\u00e1laszul a v\u00e1llalatok lean fejl\u0151d\u00e9s\u00fck sor\u00e1n fell\u00e9p\u0151 kih\u00edv\u00e1saira, a 18 LEI szervezetb\u0151l \u00e1ll\u00f3\u00a0Lean Global Network (LGN)\u00a0kifejlesztette a\u00a0<strong>8+2 napos Lean Practitioner k\u00e9pz\u00e9si program<\/strong>ot, mely a r\u00e9sztvev\u0151k lean tud\u00e1s\u00e1nak \u00e9s k\u00e9szs\u00e9geinek fejleszt\u00e9s\u00e9t hivatott szolg\u00e1lni.\u00a0A program hat\u00e9konyan kombin\u00e1lja a\u00a0<strong>szimul\u00e1ci\u00f3kon kereszt\u00fcl\u00a0<\/strong>elsaj\u00e1t\u00edtott tud\u00e1s alkalmaz\u00e1s\u00e1t \u00e9s a\u00a0<strong>gemba-gyakorlatot<\/strong>, valamint a r\u00e9sztvev\u0151k\u00a0<strong>szem\u00e9lyes projekt<\/strong>jein kereszt\u00fcl a\u00a0<strong>val\u00f3s probl\u00e9m\u00e1k megold\u00e1s\u00e1t\u00a0<\/strong>\u00e9s ezzel az \u00e9rt\u00e9kteremt\u00e9s fejleszt\u00e9s\u00e9t.<\/p>\n<p style=\"text-align: center;\"><a class=\"wp-block-button__link\" style=\"border-radius: 5px;\" href=\"https:\/\/lean.org.hu\/en\/leanpractitionerprogram\/\" target=\"_blank\" rel=\"noreferrer noopener\">A Lean Practitioner Program r\u00e9szletei\u00e9rt kattints ide!<\/a><\/p>","protected":false},"excerpt":{"rendered":"<p><em>\u201c\u2026tal\u00e1lkozom c\u00e9gekkel, amelyek a lean menedzsment, strat\u00e9gia \u00e9s v\u00e1llalati kult\u00fara magas szint\u0171 \u00fcgyeire koncentr\u00e1lnak, mik\u00f6zben elmulasztj\u00e1k a szil\u00e1rd alap l\u00e9trehoz\u00e1s\u00e1t ott, ahol a val\u00f3di munkav\u00e9gz\u00e9s zajlik.\u201d<\/em><\/p>","protected":false},"featured_media":66741,"template":"","meta":{"_eb_attr":""},"product_brand":[],"product_cat":[178,173,176],"product_tag":[],"class_list":{"0":"post-1137","1":"product","2":"type-product","3":"status-publish","4":"has-post-thumbnail","6":"product_cat-lean-konyvek-eszkozok","7":"product_cat-lean-konyvesbolt","8":"product_cat-lean-konyvek-alapok","9":"infinite-scroll-item","10":"no-featured-image-padding","11":"sales-flash-overlay","12":"woocommerce-text-align-left","13":"woocommerce-image-align-left","14":"do-quantity-buttons","16":"first","17":"instock","18":"taxable","19":"shipping-taxable","20":"purchasable","21":"product-type-variable"},"yoast_head":"<!-- This site is optimized with the Yoast SEO plugin v27.4 - https:\/\/yoast.com\/product\/yoast-seo-wordpress\/ -->\n<title>Kaizen Expressz - Alapismeretek a lean utaz\u00e1shoz - LEI<\/title>\n<meta name=\"description\" content=\"A Kaizen Expressz p\u00f6rg\u0151s, g\u00f6rd\u00fcl\u00e9keny st\u00edlusban vezet v\u00e9gig benn\u00fcnket a lean gy\u00e1rt\u00e1s kialak\u00edt\u00e1s\u00e1hoz vezet\u0151 alapvet\u0151 l\u00e9p\u00e9seken.\" \/>\n<meta name=\"robots\" content=\"index, follow, max-snippet:-1, max-image-preview:large, max-video-preview:-1\" \/>\n<link rel=\"canonical\" href=\"https:\/\/lean.org.hu\/en\/lean-konyvesbolt\/kaizen-expressz-kaizen-express\/\" \/>\n<meta property=\"og:locale\" content=\"en_GB\" \/>\n<meta property=\"og:type\" content=\"article\" \/>\n<meta property=\"og:title\" content=\"Kaizen Expressz - Alapismeretek a lean utaz\u00e1shoz\" \/>\n<meta property=\"og:description\" content=\"A Kaizen Expressz p\u00f6rg\u0151s, g\u00f6rd\u00fcl\u00e9keny st\u00edlusban vezet v\u00e9gig benn\u00fcnket a lean gy\u00e1rt\u00e1s kialak\u00edt\u00e1s\u00e1hoz vezet\u0151 alapvet\u0151 l\u00e9p\u00e9seken.\" \/>\n<meta property=\"og:url\" content=\"https:\/\/lean.org.hu\/en\/lean-konyvesbolt\/kaizen-expressz-kaizen-express\/\" \/>\n<meta property=\"og:site_name\" content=\"LEI\" \/>\n<meta property=\"article:publisher\" content=\"https:\/\/www.facebook.com\/LEI.Hungary\" \/>\n<meta property=\"article:modified_time\" content=\"2026-02-12T13:48:06+00:00\" \/>\n<meta property=\"og:image\" content=\"https:\/\/lean.org.hu\/wp-content\/uploads\/2020\/09\/KEX-1.jpg\" \/>\n\t<meta property=\"og:image:width\" content=\"425\" \/>\n\t<meta property=\"og:image:height\" content=\"600\" \/>\n\t<meta property=\"og:image:type\" content=\"image\/jpeg\" \/>\n<meta name=\"twitter:card\" content=\"summary_large_image\" \/>\n<meta name=\"twitter:label1\" content=\"Estimated reading time\" \/>\n\t<meta name=\"twitter:data1\" content=\"4 minutes\" \/>\n<script type=\"application\/ld+json\" class=\"yoast-schema-graph\">{\"@context\":\"https:\\\/\\\/schema.org\",\"@graph\":[{\"@type\":\"WebPage\",\"@id\":\"https:\\\/\\\/lean.org.hu\\\/lean-konyvesbolt\\\/kaizen-expressz-kaizen-express\\\/\",\"url\":\"https:\\\/\\\/lean.org.hu\\\/lean-konyvesbolt\\\/kaizen-expressz-kaizen-express\\\/\",\"name\":\"Kaizen Expressz - Alapismeretek a lean utaz\u00e1shoz - LEI\",\"isPartOf\":{\"@id\":\"https:\\\/\\\/lean.org.hu\\\/#website\"},\"primaryImageOfPage\":{\"@id\":\"https:\\\/\\\/lean.org.hu\\\/lean-konyvesbolt\\\/kaizen-expressz-kaizen-express\\\/#primaryimage\"},\"image\":{\"@id\":\"https:\\\/\\\/lean.org.hu\\\/lean-konyvesbolt\\\/kaizen-expressz-kaizen-express\\\/#primaryimage\"},\"thumbnailUrl\":\"https:\\\/\\\/lean.org.hu\\\/wp-content\\\/uploads\\\/2020\\\/09\\\/KEX-1.jpg\",\"datePublished\":\"2020-09-19T04:43:07+00:00\",\"dateModified\":\"2026-02-12T13:48:06+00:00\",\"description\":\"A Kaizen Expressz p\u00f6rg\u0151s, g\u00f6rd\u00fcl\u00e9keny st\u00edlusban vezet v\u00e9gig benn\u00fcnket a lean gy\u00e1rt\u00e1s kialak\u00edt\u00e1s\u00e1hoz vezet\u0151 alapvet\u0151 l\u00e9p\u00e9seken.\",\"breadcrumb\":{\"@id\":\"https:\\\/\\\/lean.org.hu\\\/lean-konyvesbolt\\\/kaizen-expressz-kaizen-express\\\/#breadcrumb\"},\"inLanguage\":\"en-GB\",\"potentialAction\":[{\"@type\":\"ReadAction\",\"target\":[\"https:\\\/\\\/lean.org.hu\\\/lean-konyvesbolt\\\/kaizen-expressz-kaizen-express\\\/\"]}]},{\"@type\":\"ImageObject\",\"inLanguage\":\"en-GB\",\"@id\":\"https:\\\/\\\/lean.org.hu\\\/lean-konyvesbolt\\\/kaizen-expressz-kaizen-express\\\/#primaryimage\",\"url\":\"https:\\\/\\\/lean.org.hu\\\/wp-content\\\/uploads\\\/2020\\\/09\\\/KEX-1.jpg\",\"contentUrl\":\"https:\\\/\\\/lean.org.hu\\\/wp-content\\\/uploads\\\/2020\\\/09\\\/KEX-1.jpg\",\"width\":425,\"height\":600,\"caption\":\"Kaizen Expressz\"},{\"@type\":\"BreadcrumbList\",\"@id\":\"https:\\\/\\\/lean.org.hu\\\/lean-konyvesbolt\\\/kaizen-expressz-kaizen-express\\\/#breadcrumb\",\"itemListElement\":[{\"@type\":\"ListItem\",\"position\":1,\"name\":\"Kezd\u0151lap\",\"item\":\"https:\\\/\\\/lean.org.hu\\\/\"},{\"@type\":\"ListItem\",\"position\":2,\"name\":\"Web\u00e1ruh\u00e1z oldal\",\"item\":\"http:\\\/\\\/lean.org.hu\\\/en\\\/webaruhaz-aloldal\\\/\"},{\"@type\":\"ListItem\",\"position\":3,\"name\":\"Kaizen Expressz &#8211; Alapismeretek a lean utaz\u00e1shoz\"}]},{\"@type\":\"WebSite\",\"@id\":\"https:\\\/\\\/lean.org.hu\\\/#website\",\"url\":\"https:\\\/\\\/lean.org.hu\\\/\",\"name\":\"LEI\",\"description\":\"\",\"publisher\":{\"@id\":\"https:\\\/\\\/lean.org.hu\\\/#organization\"},\"potentialAction\":[{\"@type\":\"SearchAction\",\"target\":{\"@type\":\"EntryPoint\",\"urlTemplate\":\"https:\\\/\\\/lean.org.hu\\\/?s={search_term_string}\"},\"query-input\":{\"@type\":\"PropertyValueSpecification\",\"valueRequired\":true,\"valueName\":\"search_term_string\"}}],\"inLanguage\":\"en-GB\"},{\"@type\":\"Organization\",\"@id\":\"https:\\\/\\\/lean.org.hu\\\/#organization\",\"name\":\"LEI\",\"url\":\"https:\\\/\\\/lean.org.hu\\\/\",\"logo\":{\"@type\":\"ImageObject\",\"inLanguage\":\"en-GB\",\"@id\":\"https:\\\/\\\/lean.org.hu\\\/#\\\/schema\\\/logo\\\/image\\\/\",\"url\":\"https:\\\/\\\/lean.org.hu\\\/wp-content\\\/uploads\\\/2020\\\/07\\\/cropped-lean_logo_final_color_horizontal.png\",\"contentUrl\":\"https:\\\/\\\/lean.org.hu\\\/wp-content\\\/uploads\\\/2020\\\/07\\\/cropped-lean_logo_final_color_horizontal.png\",\"width\":779,\"height\":288,\"caption\":\"LEI\"},\"image\":{\"@id\":\"https:\\\/\\\/lean.org.hu\\\/#\\\/schema\\\/logo\\\/image\\\/\"},\"sameAs\":[\"https:\\\/\\\/www.facebook.com\\\/LEI.Hungary\",\"https:\\\/\\\/www.linkedin.com\\\/company\\\/lean-enterprise-institute-hungary\"]}]}<\/script>\n<!-- \/ Yoast SEO plugin. -->","yoast_head_json":{"title":"Kaizen Expressz - Alapismeretek a lean utaz\u00e1shoz - LEI","description":"A Kaizen Expressz p\u00f6rg\u0151s, g\u00f6rd\u00fcl\u00e9keny st\u00edlusban vezet v\u00e9gig benn\u00fcnket a lean gy\u00e1rt\u00e1s kialak\u00edt\u00e1s\u00e1hoz vezet\u0151 alapvet\u0151 l\u00e9p\u00e9seken.","robots":{"index":"index","follow":"follow","max-snippet":"max-snippet:-1","max-image-preview":"max-image-preview:large","max-video-preview":"max-video-preview:-1"},"canonical":"https:\/\/lean.org.hu\/en\/lean-konyvesbolt\/kaizen-expressz-kaizen-express\/","og_locale":"en_GB","og_type":"article","og_title":"Kaizen Expressz - Alapismeretek a lean utaz\u00e1shoz","og_description":"A Kaizen Expressz p\u00f6rg\u0151s, g\u00f6rd\u00fcl\u00e9keny st\u00edlusban vezet v\u00e9gig benn\u00fcnket a lean gy\u00e1rt\u00e1s kialak\u00edt\u00e1s\u00e1hoz vezet\u0151 alapvet\u0151 l\u00e9p\u00e9seken.","og_url":"https:\/\/lean.org.hu\/en\/lean-konyvesbolt\/kaizen-expressz-kaizen-express\/","og_site_name":"LEI","article_publisher":"https:\/\/www.facebook.com\/LEI.Hungary","article_modified_time":"2026-02-12T13:48:06+00:00","og_image":[{"width":425,"height":600,"url":"https:\/\/lean.org.hu\/wp-content\/uploads\/2020\/09\/KEX-1.jpg","type":"image\/jpeg"}],"twitter_card":"summary_large_image","twitter_misc":{"Estimated reading time":"4 minutes"},"schema":{"@context":"https:\/\/schema.org","@graph":[{"@type":"WebPage","@id":"https:\/\/lean.org.hu\/lean-konyvesbolt\/kaizen-expressz-kaizen-express\/","url":"https:\/\/lean.org.hu\/lean-konyvesbolt\/kaizen-expressz-kaizen-express\/","name":"Kaizen Expressz - Alapismeretek a lean utaz\u00e1shoz - LEI","isPartOf":{"@id":"https:\/\/lean.org.hu\/#website"},"primaryImageOfPage":{"@id":"https:\/\/lean.org.hu\/lean-konyvesbolt\/kaizen-expressz-kaizen-express\/#primaryimage"},"image":{"@id":"https:\/\/lean.org.hu\/lean-konyvesbolt\/kaizen-expressz-kaizen-express\/#primaryimage"},"thumbnailUrl":"https:\/\/lean.org.hu\/wp-content\/uploads\/2020\/09\/KEX-1.jpg","datePublished":"2020-09-19T04:43:07+00:00","dateModified":"2026-02-12T13:48:06+00:00","description":"A Kaizen Expressz p\u00f6rg\u0151s, g\u00f6rd\u00fcl\u00e9keny st\u00edlusban vezet v\u00e9gig benn\u00fcnket a lean gy\u00e1rt\u00e1s kialak\u00edt\u00e1s\u00e1hoz vezet\u0151 alapvet\u0151 l\u00e9p\u00e9seken.","breadcrumb":{"@id":"https:\/\/lean.org.hu\/lean-konyvesbolt\/kaizen-expressz-kaizen-express\/#breadcrumb"},"inLanguage":"en-GB","potentialAction":[{"@type":"ReadAction","target":["https:\/\/lean.org.hu\/lean-konyvesbolt\/kaizen-expressz-kaizen-express\/"]}]},{"@type":"ImageObject","inLanguage":"en-GB","@id":"https:\/\/lean.org.hu\/lean-konyvesbolt\/kaizen-expressz-kaizen-express\/#primaryimage","url":"https:\/\/lean.org.hu\/wp-content\/uploads\/2020\/09\/KEX-1.jpg","contentUrl":"https:\/\/lean.org.hu\/wp-content\/uploads\/2020\/09\/KEX-1.jpg","width":425,"height":600,"caption":"Kaizen Expressz"},{"@type":"BreadcrumbList","@id":"https:\/\/lean.org.hu\/lean-konyvesbolt\/kaizen-expressz-kaizen-express\/#breadcrumb","itemListElement":[{"@type":"ListItem","position":1,"name":"Kezd\u0151lap","item":"https:\/\/lean.org.hu\/"},{"@type":"ListItem","position":2,"name":"Web\u00e1ruh\u00e1z oldal","item":"http:\/\/lean.org.hu\/en\/webaruhaz-aloldal\/"},{"@type":"ListItem","position":3,"name":"Kaizen Expressz &#8211; Alapismeretek a lean utaz\u00e1shoz"}]},{"@type":"WebSite","@id":"https:\/\/lean.org.hu\/#website","url":"https:\/\/lean.org.hu\/","name":"LEI","description":"","publisher":{"@id":"https:\/\/lean.org.hu\/#organization"},"potentialAction":[{"@type":"SearchAction","target":{"@type":"EntryPoint","urlTemplate":"https:\/\/lean.org.hu\/?s={search_term_string}"},"query-input":{"@type":"PropertyValueSpecification","valueRequired":true,"valueName":"search_term_string"}}],"inLanguage":"en-GB"},{"@type":"Organization","@id":"https:\/\/lean.org.hu\/#organization","name":"LEI","url":"https:\/\/lean.org.hu\/","logo":{"@type":"ImageObject","inLanguage":"en-GB","@id":"https:\/\/lean.org.hu\/#\/schema\/logo\/image\/","url":"https:\/\/lean.org.hu\/wp-content\/uploads\/2020\/07\/cropped-lean_logo_final_color_horizontal.png","contentUrl":"https:\/\/lean.org.hu\/wp-content\/uploads\/2020\/07\/cropped-lean_logo_final_color_horizontal.png","width":779,"height":288,"caption":"LEI"},"image":{"@id":"https:\/\/lean.org.hu\/#\/schema\/logo\/image\/"},"sameAs":["https:\/\/www.facebook.com\/LEI.Hungary","https:\/\/www.linkedin.com\/company\/lean-enterprise-institute-hungary"]}]}},"_links":{"self":[{"href":"https:\/\/lean.org.hu\/en\/wp-json\/wp\/v2\/product\/1137","targetHints":{"allow":["GET"]}}],"collection":[{"href":"https:\/\/lean.org.hu\/en\/wp-json\/wp\/v2\/product"}],"about":[{"href":"https:\/\/lean.org.hu\/en\/wp-json\/wp\/v2\/types\/product"}],"wp:featuredmedia":[{"embeddable":true,"href":"https:\/\/lean.org.hu\/en\/wp-json\/wp\/v2\/media\/66741"}],"wp:attachment":[{"href":"https:\/\/lean.org.hu\/en\/wp-json\/wp\/v2\/media?parent=1137"}],"wp:term":[{"taxonomy":"product_brand","embeddable":true,"href":"https:\/\/lean.org.hu\/en\/wp-json\/wp\/v2\/product_brand?post=1137"},{"taxonomy":"product_cat","embeddable":true,"href":"https:\/\/lean.org.hu\/en\/wp-json\/wp\/v2\/product_cat?post=1137"},{"taxonomy":"product_tag","embeddable":true,"href":"https:\/\/lean.org.hu\/en\/wp-json\/wp\/v2\/product_tag?post=1137"}],"curies":[{"name":"wp","href":"https:\/\/api.w.org\/{rel}","templated":true}]}}