{"id":1116,"date":"2020-09-20T11:31:19","date_gmt":"2020-09-20T09:31:19","guid":{"rendered":"http:\/\/generaciokpartnere.hu\/leiwp\/?post_type=product&#038;p=1116"},"modified":"2026-02-12T14:51:09","modified_gmt":"2026-02-12T13:51:09","slug":"gemba-setak-gemba-walks","status":"publish","type":"product","link":"https:\/\/lean.org.hu\/en\/lean-konyvesbolt\/gemba-setak-gemba-walks\/","title":{"rendered":"Gemba-s\u00e9t\u00e1k"},"content":{"rendered":"<p><strong>Gemba-s\u00e9t\u00e1k\u00a0<\/strong><em>(Gemba Walks)<\/em><br \/>\nJim Womack<\/p>\n<p>\u201eA lean vil\u00e1ga tapasztalatokon alapul. Minden sensei a gemb\u00e1n (a munkav\u00e9gz\u00e9s helysz\u00edn\u00e9n) szerzi tapasztalatait, nem szent\u00edr\u00e1sok dogmatikus \u00e9rtelmez\u00e9s\u00e9b\u0151l, vagy egy mozgalom elind\u00edt\u00f3it\u00f3l val\u00f3 minim\u00e1lis megk\u00fcl\u00f6nb\u00f6ztet\u00e9sb\u0151l. M\u00e1s sz\u00f3val, a lean nem egy vall\u00e1s, hanem a folyamatos k\u00eds\u00e9rletez\u00e9s mindennapi gyakorlata, valamint az ebb\u0151l ered\u0151 tud\u00e1s felhalmoz\u00e1sa.\u201d<\/p>\n<p>\u00cdgy \u00edr Jim Womack, aki az elm\u00falt 30 \u00e9vben sz\u00e1mtalan v\u00e1llalatn\u00e1l j\u00e1rva kifejlesztette a gemba bej\u00e1r\u00e1s\u00e1nak \u00e9s az \u00e9rt\u00e9kteremt\u00e9sben egy\u00fcttm\u0171k\u00f6d\u0151 dolgoz\u00f3k r\u00e9szletes megfigyel\u00e9s\u00e9nek m\u00f3dszer\u00e9t. Az elm\u00falt \u00e9vtizedben, a havonta k\u00fcld\u00f6tt e-Leveleiben megosztotta a Lean K\u00f6z\u00f6ss\u00e9ggel az ezekb\u0151l a l\u00e1togat\u00e1sokb\u00f3l sz\u00e1rmaz\u00f3 gondolatait \u00e9s felfedez\u00e9seit. A Gemba-s\u00e9t\u00e1k elk\u00e9sz\u00edt\u00e9se sor\u00e1n kiv\u00e1logatta \u00e9s \u00e1trendezte a legfontosabb leveleit, valamint \u00faj anyagokkal eg\u00e9sz\u00edtette ki ezzel is t\u00f6bbletjelent\u00e9st adva nekik.<\/p>\n<p>Gemba-s\u00e9t\u00e1k c\u00edm\u0171 k\u00f6nyv\u00e9ben megosztja megl\u00e1t\u00e1sait az egyes eszk\u00f6z\u00f6k alkalmaz\u00e1s\u00e1t\u00f3l, a menedzsment lean fenntart\u00e1s\u00e1ban j\u00e1tszott szerep\u00e9n kereszt\u00fcl, eg\u00e9szen ennek az alapj\u00e1ban \u00faj \u00e9rt\u00e9kteremt\u0151 m\u00f3dszernek a hossz\u00fa t\u00e1v\u00fa lehet\u0151s\u00e9geiig. A k\u00f6nyvet olvasva az olvas\u00f3 sz\u00e1m\u00e1ra felt\u00e1rul a lean alapelveinek sora, csak\u00fagy, mint a lean gyakorlat kritikus alapja: n\u00e9zd meg, k\u00e9rdezd meg, mi\u00e9rt \u00e9s tan\u00fas\u00edts tiszteletet (go see, ask why, and show respect).<\/p>\n<p>Womack elmagyar\u00e1zza:<\/p>\n<ul>\n<li>hogy a v\u00e1llalatoknak mi\u00e9rt van sz\u00fcks\u00e9ge\u00a0kevesebb \u201eh\u0151sre\u201d \u00e9s t\u00f6bb \u201efarmerre\u201d\u00a0(akik minden nap a t\u00f6k\u00e9letes munk\u00e1hoz sz\u00fcks\u00e9ges folyamatok \u00e9s rendszerek fejleszt\u00e9s\u00e9n dolgoznak, \u00e9s akik id\u0151t \u00e9s energi\u00e1t nem sajn\u00e1lva hossz\u00fa t\u00e1v\u00fa fejl\u0151d\u00e9st eredm\u00e9nyeznek)<\/li>\n<li>hogy \u201ej\u00f3\u201d emberek, akik \u201erossz\u201d folyamatokban dolgoznak, szint\u00e9n olyan \u201erosszak\u201d lesznek, mint maguk a folyamatok<\/li>\n<li>hogy a tisztelet a gyakorlatban ott kezd\u0151dik, hogy seg\u00edt\u00fcnk a dolgoz\u00f3knak k\u00f6r\u00fclhat\u00e1rolni \u00e9s megoldani probl\u00e9m\u00e1ikat<\/li>\n<li>hogy a lean eszk\u00f6z\u00f6k r\u00f6vidt\u00e1v\u00fa el\u0151nyei, hogyan alak\u00edthat\u00f3ak \u00e1t a lean menedzsment \u00e1ltal biztos\u00edtott tart\u00f3s v\u00e1ltoz\u00e1ss\u00e1<\/li>\n<li>hogy a lean menedzsernek \u201enyughatatlan bels\u0151 k\u00e9nyszere van a szervezet probl\u00e9m\u00e1inak folyamatos \u00fajragondol\u00e1s\u00e1ra, azok gy\u00f6k\u00e9rokainak kivizsg\u00e1l\u00e1s\u00e1ra \u00e9s k\u00eds\u00e9rletek ir\u00e1ny\u00edt\u00e1s\u00e1ra a jelenleg ismert legjobb ellenint\u00e9zked\u00e9sek tesztel\u00e9s\u00e9re.\u201d<\/li>\n<\/ul>\n<p>Womack az\u00e1ltal, hogy megosztja felfedez\u00e9s\u00e9nek szem\u00e9lyes \u00fatj\u00e1t, \u00faj f\u00e9nyt vet az elm\u00falt \u00f6tven \u00e9v legfontosabb \u00faj \u00fczleti rendszer\u00e9nek folyamatos adopt\u00e1ci\u00f3j\u00e1ra \u00e9s fejleszt\u00e9s\u00e9re. \u00datja joggal ny\u00fajt b\u00e1tors\u00e1got \u00e9s inspir\u00e1ci\u00f3t minden mai lean gyakorl\u00f3nak.<\/p>\n<p id=\"gwbetekinto\" style=\"text-align: center;\"><a class=\"wp-block-button__link\" style=\"border-radius: 5px;\" href=\"https:\/\/drive.google.com\/file\/d\/1LUcDJZfGuEVgAElORQCPQlwqFcYTAcnQ\/view?usp=sharing\" target=\"_blank\" rel=\"noreferrer noopener\">Olvass bele a k\u00f6nyvbe!<\/a><\/p>\n<p><em>\u201cV\u00e9gre egy olyan szakk\u00f6nyv, amely nemcsak egyes lean eszk\u00f6z\u00f6k alkalmaz\u00e1s\u00e1r\u00f3l, hanem a lean szeml\u00e9let \u00e1tfog\u00f3, gyakorlati alkalmaz\u00e1s\u00e1r\u00f3l, buktat\u00f3ir\u00f3l sz\u00f3l!\u201d<\/em><\/p>\n<p style=\"text-align: right;\"><strong>Tur\u00f3czi P\u00e9ter<\/strong><br \/>\nfolyamatmenedzsment vezet\u0151<br \/>\nAudi Hungaria Motor Kft.<\/p>\n<p><em>\u201cMenj, n\u00e9zd meg, k\u00e9rdezd meg, mi\u00e9rt, \u00e9s tan\u00fas\u00edts tiszteletet! \u2013 ez az elv, amit Jim Womack gyakran haszn\u00e1l, \u00fagy v\u00e9lem, minden vezet\u0151 \u00e9s folyamatfejleszt\u00e9si szakember sz\u00e1m\u00e1ra megsz\u00edvlelend\u0151.\u201d<\/em><\/p>\n<p style=\"text-align: right;\"><strong>Somogyi Rich\u00e1rd<\/strong><br \/>\n\u00fcgyvezet\u0151<br \/>\nJabil Circuit Magyarorsz\u00e1g Kft.<\/p>\n<p style=\"text-align: center;\"><strong>T\u00e1mogat\u00f3ink<\/strong><\/p>\n<p><img decoding=\"async\" class=\"size-medium wp-image-1120 aligncenter\" src=\"https:\/\/lean.org.hu\/wp-content\/uploads\/2020\/09\/K\u00e9p01_GW-t\u00e1mogat\u00f3k-300x100.jpg\" alt=\"Gemba s\u00e9t\u00e1k t\u00e1mogat\u00f3i\" width=\"300\" height=\"100\" srcset=\"https:\/\/lean.org.hu\/wp-content\/uploads\/2020\/09\/K\u00e9p01_GW-t\u00e1mogat\u00f3k-300x100.jpg 300w, https:\/\/lean.org.hu\/wp-content\/uploads\/2020\/09\/K\u00e9p01_GW-t\u00e1mogat\u00f3k-200x66.jpg 200w, https:\/\/lean.org.hu\/wp-content\/uploads\/2020\/09\/K\u00e9p01_GW-t\u00e1mogat\u00f3k.jpg 695w\" sizes=\"(max-width: 300px) 100vw, 300px\" \/><\/p>\n<p>ISBN 978-963-08-6524-1<br \/>\nTerjedelem: 351 oldal (132\u00d7185 mm)<\/p>","protected":false},"excerpt":{"rendered":"<p><em>\u201cA lean vil\u00e1ga tapasztalatokon alapul. Minden sensei a gemb\u00e1n (a munkav\u00e9gz\u00e9s helysz\u00edn\u00e9n) szerzi tapasztalatait, nem szent\u00edr\u00e1sok \u00e9rtelmez\u00e9s\u00e9b\u0151l, vagy egy mozgalom elind\u00edt\u00f3it\u00f3l val\u00f3\u00a0 megk\u00fcl\u00f6nb\u00f6ztet\u00e9sb\u0151l.\u201d<\/em><\/p>","protected":false},"featured_media":66738,"template":"","meta":{"_eb_attr":""},"product_brand":[],"product_cat":[179,182,173],"product_tag":[],"class_list":{"0":"post-1116","1":"product","2":"type-product","3":"status-publish","4":"has-post-thumbnail","6":"product_cat-lean-konyvek-esettanulmanyok","7":"product_cat-lean-konyvek-konnyed-olvasmanyok","8":"product_cat-lean-konyvesbolt","9":"infinite-scroll-item","10":"no-featured-image-padding","11":"sales-flash-overlay","12":"woocommerce-text-align-left","13":"woocommerce-image-align-left","14":"do-quantity-buttons","16":"first","17":"instock","18":"taxable","19":"shipping-taxable","20":"purchasable","21":"product-type-variable"},"yoast_head":"<!-- This site is optimized with the Yoast SEO plugin v27.6 - https:\/\/yoast.com\/product\/yoast-seo-wordpress\/ -->\n<title>Gemba-s\u00e9t\u00e1k - Menj, n\u00e9zd meg \u00e9s k\u00e9rdezd meg mi\u00e9rt! - LEI<\/title>\n<meta name=\"description\" content=\"Jim Womack a vil\u00e1g egyik legelismertebb lean szak\u00e9rt\u0151je a k\u00fcl\u00f6nb\u00f6z\u0151 c\u00e9gek gemb\u00e1in szerzett tapasztalatainak \u00f6sszefoglal\u00f3 m\u0171ve a Gemba-s\u00e9t\u00e1k.\" \/>\n<meta name=\"robots\" content=\"index, follow, max-snippet:-1, max-image-preview:large, max-video-preview:-1\" \/>\n<link rel=\"canonical\" href=\"https:\/\/lean.org.hu\/en\/lean-konyvesbolt\/gemba-setak-gemba-walks\/\" \/>\n<meta property=\"og:locale\" content=\"en_GB\" \/>\n<meta property=\"og:type\" content=\"article\" \/>\n<meta property=\"og:title\" content=\"Gemba-s\u00e9t\u00e1k - Menj, n\u00e9zd meg, k\u00e9rdezd meg mi\u00e9rt \u00e9s tan\u00fas\u00edts tiszteletet!\" \/>\n<meta property=\"og:description\" content=\"A Gemba-s\u00e9t\u00e1kban Jim Womack, a vil\u00e1g egyik legelismertebb lean szak\u00e9rt\u0151je osztja meg a k\u00fcl\u00f6nb\u00f6z\u0151 c\u00e9gek gemb\u00e1in szerzett tapasztalatait.\" \/>\n<meta property=\"og:url\" content=\"https:\/\/lean.org.hu\/en\/lean-konyvesbolt\/gemba-setak-gemba-walks\/\" \/>\n<meta property=\"og:site_name\" content=\"LEI\" \/>\n<meta property=\"article:publisher\" content=\"https:\/\/www.facebook.com\/LEI.Hungary\" \/>\n<meta property=\"article:modified_time\" content=\"2026-02-12T13:51:09+00:00\" \/>\n<meta property=\"og:image\" content=\"https:\/\/lean.org.hu\/wp-content\/uploads\/2020\/09\/GW-1.jpg\" \/>\n\t<meta property=\"og:image:width\" content=\"425\" \/>\n\t<meta property=\"og:image:height\" content=\"600\" \/>\n\t<meta property=\"og:image:type\" content=\"image\/jpeg\" \/>\n<meta name=\"twitter:card\" content=\"summary_large_image\" \/>\n<meta name=\"twitter:label1\" content=\"Estimated reading time\" \/>\n\t<meta name=\"twitter:data1\" content=\"3 minutes\" \/>\n<script type=\"application\/ld+json\" class=\"yoast-schema-graph\">{\"@context\":\"https:\\\/\\\/schema.org\",\"@graph\":[{\"@type\":\"WebPage\",\"@id\":\"https:\\\/\\\/lean.org.hu\\\/lean-konyvesbolt\\\/gemba-setak-gemba-walks\\\/\",\"url\":\"https:\\\/\\\/lean.org.hu\\\/lean-konyvesbolt\\\/gemba-setak-gemba-walks\\\/\",\"name\":\"Gemba-s\u00e9t\u00e1k - Menj, n\u00e9zd meg \u00e9s k\u00e9rdezd meg mi\u00e9rt! - LEI\",\"isPartOf\":{\"@id\":\"https:\\\/\\\/lean.org.hu\\\/#website\"},\"primaryImageOfPage\":{\"@id\":\"https:\\\/\\\/lean.org.hu\\\/lean-konyvesbolt\\\/gemba-setak-gemba-walks\\\/#primaryimage\"},\"image\":{\"@id\":\"https:\\\/\\\/lean.org.hu\\\/lean-konyvesbolt\\\/gemba-setak-gemba-walks\\\/#primaryimage\"},\"thumbnailUrl\":\"https:\\\/\\\/lean.org.hu\\\/wp-content\\\/uploads\\\/2020\\\/09\\\/GW-1.jpg\",\"datePublished\":\"2020-09-20T09:31:19+00:00\",\"dateModified\":\"2026-02-12T13:51:09+00:00\",\"description\":\"Jim Womack a vil\u00e1g egyik legelismertebb lean szak\u00e9rt\u0151je a k\u00fcl\u00f6nb\u00f6z\u0151 c\u00e9gek gemb\u00e1in szerzett tapasztalatainak \u00f6sszefoglal\u00f3 m\u0171ve a Gemba-s\u00e9t\u00e1k.\",\"breadcrumb\":{\"@id\":\"https:\\\/\\\/lean.org.hu\\\/lean-konyvesbolt\\\/gemba-setak-gemba-walks\\\/#breadcrumb\"},\"inLanguage\":\"en-GB\",\"potentialAction\":[{\"@type\":\"ReadAction\",\"target\":[\"https:\\\/\\\/lean.org.hu\\\/lean-konyvesbolt\\\/gemba-setak-gemba-walks\\\/\"]}]},{\"@type\":\"ImageObject\",\"inLanguage\":\"en-GB\",\"@id\":\"https:\\\/\\\/lean.org.hu\\\/lean-konyvesbolt\\\/gemba-setak-gemba-walks\\\/#primaryimage\",\"url\":\"https:\\\/\\\/lean.org.hu\\\/wp-content\\\/uploads\\\/2020\\\/09\\\/GW-1.jpg\",\"contentUrl\":\"https:\\\/\\\/lean.org.hu\\\/wp-content\\\/uploads\\\/2020\\\/09\\\/GW-1.jpg\",\"width\":425,\"height\":600,\"caption\":\"Gemba-s\u00e9t\u00e1k\"},{\"@type\":\"BreadcrumbList\",\"@id\":\"https:\\\/\\\/lean.org.hu\\\/lean-konyvesbolt\\\/gemba-setak-gemba-walks\\\/#breadcrumb\",\"itemListElement\":[{\"@type\":\"ListItem\",\"position\":1,\"name\":\"Kezd\u0151lap\",\"item\":\"https:\\\/\\\/lean.org.hu\\\/\"},{\"@type\":\"ListItem\",\"position\":2,\"name\":\"Web\u00e1ruh\u00e1z oldal\",\"item\":\"http:\\\/\\\/lean.org.hu\\\/en\\\/webaruhaz-aloldal\\\/\"},{\"@type\":\"ListItem\",\"position\":3,\"name\":\"Gemba-s\u00e9t\u00e1k\"}]},{\"@type\":\"WebSite\",\"@id\":\"https:\\\/\\\/lean.org.hu\\\/#website\",\"url\":\"https:\\\/\\\/lean.org.hu\\\/\",\"name\":\"LEI\",\"description\":\"\",\"publisher\":{\"@id\":\"https:\\\/\\\/lean.org.hu\\\/#organization\"},\"potentialAction\":[{\"@type\":\"SearchAction\",\"target\":{\"@type\":\"EntryPoint\",\"urlTemplate\":\"https:\\\/\\\/lean.org.hu\\\/?s={search_term_string}\"},\"query-input\":{\"@type\":\"PropertyValueSpecification\",\"valueRequired\":true,\"valueName\":\"search_term_string\"}}],\"inLanguage\":\"en-GB\"},{\"@type\":\"Organization\",\"@id\":\"https:\\\/\\\/lean.org.hu\\\/#organization\",\"name\":\"LEI\",\"url\":\"https:\\\/\\\/lean.org.hu\\\/\",\"logo\":{\"@type\":\"ImageObject\",\"inLanguage\":\"en-GB\",\"@id\":\"https:\\\/\\\/lean.org.hu\\\/#\\\/schema\\\/logo\\\/image\\\/\",\"url\":\"https:\\\/\\\/lean.org.hu\\\/wp-content\\\/uploads\\\/2020\\\/07\\\/cropped-lean_logo_final_color_horizontal.png\",\"contentUrl\":\"https:\\\/\\\/lean.org.hu\\\/wp-content\\\/uploads\\\/2020\\\/07\\\/cropped-lean_logo_final_color_horizontal.png\",\"width\":779,\"height\":288,\"caption\":\"LEI\"},\"image\":{\"@id\":\"https:\\\/\\\/lean.org.hu\\\/#\\\/schema\\\/logo\\\/image\\\/\"},\"sameAs\":[\"https:\\\/\\\/www.facebook.com\\\/LEI.Hungary\",\"https:\\\/\\\/www.linkedin.com\\\/company\\\/lean-enterprise-institute-hungary\"]}]}<\/script>\n<!-- \/ Yoast SEO plugin. -->","yoast_head_json":{"title":"Gemba-s\u00e9t\u00e1k - Menj, n\u00e9zd meg \u00e9s k\u00e9rdezd meg mi\u00e9rt! - LEI","description":"Jim Womack a vil\u00e1g egyik legelismertebb lean szak\u00e9rt\u0151je a k\u00fcl\u00f6nb\u00f6z\u0151 c\u00e9gek gemb\u00e1in szerzett tapasztalatainak \u00f6sszefoglal\u00f3 m\u0171ve a Gemba-s\u00e9t\u00e1k.","robots":{"index":"index","follow":"follow","max-snippet":"max-snippet:-1","max-image-preview":"max-image-preview:large","max-video-preview":"max-video-preview:-1"},"canonical":"https:\/\/lean.org.hu\/en\/lean-konyvesbolt\/gemba-setak-gemba-walks\/","og_locale":"en_GB","og_type":"article","og_title":"Gemba-s\u00e9t\u00e1k - Menj, n\u00e9zd meg, k\u00e9rdezd meg mi\u00e9rt \u00e9s tan\u00fas\u00edts tiszteletet!","og_description":"A Gemba-s\u00e9t\u00e1kban Jim Womack, a vil\u00e1g egyik legelismertebb lean szak\u00e9rt\u0151je osztja meg a k\u00fcl\u00f6nb\u00f6z\u0151 c\u00e9gek gemb\u00e1in szerzett tapasztalatait.","og_url":"https:\/\/lean.org.hu\/en\/lean-konyvesbolt\/gemba-setak-gemba-walks\/","og_site_name":"LEI","article_publisher":"https:\/\/www.facebook.com\/LEI.Hungary","article_modified_time":"2026-02-12T13:51:09+00:00","og_image":[{"width":425,"height":600,"url":"https:\/\/lean.org.hu\/wp-content\/uploads\/2020\/09\/GW-1.jpg","type":"image\/jpeg"}],"twitter_card":"summary_large_image","twitter_misc":{"Estimated reading time":"3 minutes"},"schema":{"@context":"https:\/\/schema.org","@graph":[{"@type":"WebPage","@id":"https:\/\/lean.org.hu\/lean-konyvesbolt\/gemba-setak-gemba-walks\/","url":"https:\/\/lean.org.hu\/lean-konyvesbolt\/gemba-setak-gemba-walks\/","name":"Gemba-s\u00e9t\u00e1k - Menj, n\u00e9zd meg \u00e9s k\u00e9rdezd meg mi\u00e9rt! - LEI","isPartOf":{"@id":"https:\/\/lean.org.hu\/#website"},"primaryImageOfPage":{"@id":"https:\/\/lean.org.hu\/lean-konyvesbolt\/gemba-setak-gemba-walks\/#primaryimage"},"image":{"@id":"https:\/\/lean.org.hu\/lean-konyvesbolt\/gemba-setak-gemba-walks\/#primaryimage"},"thumbnailUrl":"https:\/\/lean.org.hu\/wp-content\/uploads\/2020\/09\/GW-1.jpg","datePublished":"2020-09-20T09:31:19+00:00","dateModified":"2026-02-12T13:51:09+00:00","description":"Jim Womack a vil\u00e1g egyik legelismertebb lean szak\u00e9rt\u0151je a k\u00fcl\u00f6nb\u00f6z\u0151 c\u00e9gek gemb\u00e1in szerzett tapasztalatainak \u00f6sszefoglal\u00f3 m\u0171ve a Gemba-s\u00e9t\u00e1k.","breadcrumb":{"@id":"https:\/\/lean.org.hu\/lean-konyvesbolt\/gemba-setak-gemba-walks\/#breadcrumb"},"inLanguage":"en-GB","potentialAction":[{"@type":"ReadAction","target":["https:\/\/lean.org.hu\/lean-konyvesbolt\/gemba-setak-gemba-walks\/"]}]},{"@type":"ImageObject","inLanguage":"en-GB","@id":"https:\/\/lean.org.hu\/lean-konyvesbolt\/gemba-setak-gemba-walks\/#primaryimage","url":"https:\/\/lean.org.hu\/wp-content\/uploads\/2020\/09\/GW-1.jpg","contentUrl":"https:\/\/lean.org.hu\/wp-content\/uploads\/2020\/09\/GW-1.jpg","width":425,"height":600,"caption":"Gemba-s\u00e9t\u00e1k"},{"@type":"BreadcrumbList","@id":"https:\/\/lean.org.hu\/lean-konyvesbolt\/gemba-setak-gemba-walks\/#breadcrumb","itemListElement":[{"@type":"ListItem","position":1,"name":"Kezd\u0151lap","item":"https:\/\/lean.org.hu\/"},{"@type":"ListItem","position":2,"name":"Web\u00e1ruh\u00e1z oldal","item":"http:\/\/lean.org.hu\/en\/webaruhaz-aloldal\/"},{"@type":"ListItem","position":3,"name":"Gemba-s\u00e9t\u00e1k"}]},{"@type":"WebSite","@id":"https:\/\/lean.org.hu\/#website","url":"https:\/\/lean.org.hu\/","name":"LEI","description":"","publisher":{"@id":"https:\/\/lean.org.hu\/#organization"},"potentialAction":[{"@type":"SearchAction","target":{"@type":"EntryPoint","urlTemplate":"https:\/\/lean.org.hu\/?s={search_term_string}"},"query-input":{"@type":"PropertyValueSpecification","valueRequired":true,"valueName":"search_term_string"}}],"inLanguage":"en-GB"},{"@type":"Organization","@id":"https:\/\/lean.org.hu\/#organization","name":"LEI","url":"https:\/\/lean.org.hu\/","logo":{"@type":"ImageObject","inLanguage":"en-GB","@id":"https:\/\/lean.org.hu\/#\/schema\/logo\/image\/","url":"https:\/\/lean.org.hu\/wp-content\/uploads\/2020\/07\/cropped-lean_logo_final_color_horizontal.png","contentUrl":"https:\/\/lean.org.hu\/wp-content\/uploads\/2020\/07\/cropped-lean_logo_final_color_horizontal.png","width":779,"height":288,"caption":"LEI"},"image":{"@id":"https:\/\/lean.org.hu\/#\/schema\/logo\/image\/"},"sameAs":["https:\/\/www.facebook.com\/LEI.Hungary","https:\/\/www.linkedin.com\/company\/lean-enterprise-institute-hungary"]}]}},"_links":{"self":[{"href":"https:\/\/lean.org.hu\/en\/wp-json\/wp\/v2\/product\/1116","targetHints":{"allow":["GET"]}}],"collection":[{"href":"https:\/\/lean.org.hu\/en\/wp-json\/wp\/v2\/product"}],"about":[{"href":"https:\/\/lean.org.hu\/en\/wp-json\/wp\/v2\/types\/product"}],"wp:featuredmedia":[{"embeddable":true,"href":"https:\/\/lean.org.hu\/en\/wp-json\/wp\/v2\/media\/66738"}],"wp:attachment":[{"href":"https:\/\/lean.org.hu\/en\/wp-json\/wp\/v2\/media?parent=1116"}],"wp:term":[{"taxonomy":"product_brand","embeddable":true,"href":"https:\/\/lean.org.hu\/en\/wp-json\/wp\/v2\/product_brand?post=1116"},{"taxonomy":"product_cat","embeddable":true,"href":"https:\/\/lean.org.hu\/en\/wp-json\/wp\/v2\/product_cat?post=1116"},{"taxonomy":"product_tag","embeddable":true,"href":"https:\/\/lean.org.hu\/en\/wp-json\/wp\/v2\/product_tag?post=1116"}],"curies":[{"name":"wp","href":"https:\/\/api.w.org\/{rel}","templated":true}]}}