{"id":1105,"date":"2020-09-24T10:27:10","date_gmt":"2020-09-24T08:27:10","guid":{"rendered":"http:\/\/generaciokpartnere.hu\/leiwp\/?post_type=product&#038;p=1105"},"modified":"2026-02-12T14:47:15","modified_gmt":"2026-02-12T13:47:15","slug":"elemi-lean-mindent-amit-a-leanrol-tudok-az-elso-osztalyban-tanultam","status":"publish","type":"product","link":"https:\/\/lean.org.hu\/en\/lean-konyvesbolt\/elemi-lean-mindent-amit-a-leanrol-tudok-az-elso-osztalyban-tanultam\/","title":{"rendered":"Elemi lean &#8211; Mindent, amit a leanr\u0151l tudok, az els\u0151 oszt\u00e1lyban tanultam"},"content":{"rendered":"<p><strong>Elemi lean \u2013 Mindent, amit a leanr\u0151l tudok, az els\u0151 oszt\u00e1lyban tanultam<\/strong> <em>(Everything I Know About Lean I Learned in First Grade)<\/em> <br \/>Robert Martichenko<\/p>\r\n<p>Minden gyakorl\u00f3 lean szakemberben id\u0151r\u0151l-id\u0151re felmer\u00fcl a gondolat, hogy milyen j\u00f3 lenne egy\u00a0<strong>k\u00f6nnyen olvashat\u00f3, r\u00f6vid, \u00f6sszefoglal\u00f3<\/strong>\u00a0anyag a lean szeml\u00e9let alapjair\u00f3l, amelyet oda lehet adni ismer\u0151seinknek, munkat\u00e1rsainknak \u00e9s csal\u00e1dtagjainknak \u2013 ak\u00e1r m\u00e9g a gyerekeinknek is. Amennyiben a lean szeml\u00e9let gyakran egy\u00fctt j\u00e1r azzal, hogy leszokunk rossz szok\u00e1saink t\u00f6mkeleg\u00e9r\u0151l, nem lenne jobb, ha m\u00e1r a kezdetekt\u0151l egyb\u0151l jobb szeml\u00e9letet \u2013 \u00e9s szok\u00e1sokat \u2013 tanuln\u00e1nk? Az\u00a0<em>Elemi lean \u2013 Mindent, amit a leanr\u0151l tudok, az els\u0151 oszt\u00e1lyban tanultam<\/em>\u00a0pontosan ilyen k\u00f6nyv. Visszaviszi a leant az egyszer\u0171 gy\u00f6kereihez az\u00e1ltal, hogy megmutatja, mik\u00e9nt van jelen a lean egy els\u0151 oszt\u00e1lyos tanteremben. A k\u00f6nyv \u00f6sszekapcsolja az \u00e1ltal\u00e1nosan haszn\u00e1lt lean eszk\u00f6z\u00f6ket a hosszabb t\u00e1v\u00fa lean utaz\u00e1ssal, azaz nemcsak a vesztes\u00e9gek azonos\u00edt\u00e1s\u00e1nak \u00e9s megsz\u00fcntet\u00e9s\u00e9nek m\u00f3djait mutatja meg, hanem az olvas\u00f3 megismerheti a lean igazi val\u00f3j\u00e1t is: a tanul\u00f3 \u00e9s probl\u00e9mamegold\u00f3 kult\u00far\u00e1hoz vezet\u0151 utat. K\u00e9sz\u00fclt minden \u00e9rdekl\u0151d\u0151 sz\u00e1m\u00e1ra,\u00a0<strong>a lean szeml\u00e9let alapjainak elsaj\u00e1t\u00edt\u00e1s\u00e1hoz.<\/strong>\u00a0T\u00f6k\u00e9letes forr\u00e1s a munkat\u00e1rsak lean ir\u00e1nti elk\u00f6telezetts\u00e9g\u00e9nek n\u00f6vel\u00e9s\u00e9hez\u00a0<strong>a szervezet minden szintj\u00e9n.<\/strong><\/p>\r\n<p>&nbsp;<\/p>\r\n<p id=\"lfgbetekinto\" style=\"text-align: center;\"><a class=\"wp-block-button__link\" style=\"border-radius: 5px;\" href=\"https:\/\/drive.google.com\/file\/d\/1VYWSo34vYndsjtg8zbWu9Ie2k_jvg1jg\/view?usp=sharing\" target=\"_blank\" rel=\"noreferrer noopener\">Olvass bele a k\u00f6nyvbe!<\/a><\/p>\r\n<p><em>\u201cAmikor a LEI szerz\u0151je, bar\u00e1tom, Robert Martichenko 2008-ban \u00f6n\u00e1ll\u00f3an kiadta a Mindent, amit a leanr\u0151l tudok, az els\u0151 oszt\u00e1lyban tanultam c\u00edm\u0171 k\u00f6nyvet, azonnal beleszerett\u00fcnk ebbe a m\u0171be. Hamarosan kider\u00fclt, hogy sose marad n\u00e1lam sok\u00e1ig a p\u00e9ld\u00e1nyom, mert mindig tov\u00e1bb aj\u00e1nd\u00e9kozom, \u00e9s szerezhetem be \u00fajra. A legt\u00f6bb lean k\u00f6nyv hajlamos t\u00falbonyol\u00edtani a t\u00e9m\u00e1j\u00e1t \u2013 noha \u00e9ppen arr\u00f3l a szeml\u00e9letr\u0151l \u00edrt\u00e1k, ami l\u00e9nyeg\u00e9n\u00e9l fogva a munka, az \u00e9let \u00e9s a tanul\u00e1s lehet\u0151 legegyszer\u0171bb megk\u00f6zel\u00edt\u00e9s\u00e9t c\u00e9lozza.<\/em> <em>A LEI-n\u00e9l annyira megszerett\u00fck ezt a k\u00f6nyvet \u2013 ami ennyire nyilv\u00e1nval\u00f3, m\u00e9gis figyelmen k\u00edv\u00fcl hagyott hi\u00e1nyt p\u00f3tol \u2013, hogy elhat\u00e1roztuk: t\u00f6bb ember sz\u00e1m\u00e1ra tessz\u00fck el\u00e9rhet\u0151v\u00e9, mint amennyinek a szerz\u0151 terjeszt\u0151je, a LeanCor biztos\u00edtani tudja. Ez\u00e9rt azt javasoltuk neki, hogy \u00fajra adja ki k\u00f6nyv\u00e9t a LEI-n kereszt\u00fcl, amivel az eg\u00e9sz lean k\u00f6z\u00f6ss\u00e9get el tudja \u00e9rni.<\/em> <em>Most teh\u00e1t \u00f6r\u00f6mmel adjuk \u00e1t a sz\u00e9lesebb nyilv\u00e1noss\u00e1gnak ezt a gy\u00f6ngyszemet. De vigy\u00e1zat, ehhez a term\u00e9khez v\u00e1s\u00e1rl\u00f3i figyelmeztet\u00e9s is tartozik: a Kedves Olvas\u00f3 hozz\u00e1m hasonl\u00f3an r\u00e1 fog \u00e9bredni, hogy ebb\u0151l nem lehet egyetlen p\u00e9ld\u00e1nyt v\u00e1s\u00e1rolni \u2013 valah\u00e1nyszor vesz egyet, sz\u00fcks\u00e9gk\u00e9ppen tov\u00e1bbaj\u00e1nd\u00e9kozza valakinek, azt\u00e1n vehet bel\u0151le megint egyet.\u201d<\/em><\/p>\r\n<p style=\"text-align: right;\"><strong>\u00a0John Shook <br \/><\/strong>eln\u00f6k &amp; CEO <br \/>Lean Enterprise Institute<\/p>\r\n<p><em>\u201eE k\u00f6nyv nosztalgikus, sz\u00f3rakoztat\u00f3 gyerekkori utaz\u00e1sban r\u00e9szes\u00edtett, amib\u0151l meg\u00e9rtettem: egykoron igazi \u00bbleanes\u00ab voltam, csak \u00e9pp nem tudtam r\u00f3la. Id\u00e9zz\u00fck vissza egy\u00fctt elemi lean \u00e9lm\u00e9nyeinket! K\u00edv\u00e1nok \u00d6n\u00f6knek is kellemes utaz\u00e1st, az eml\u00e9keken elid\u0151zve, e remek k\u00f6nyv olvas\u00e1sa k\u00f6zben!\u201d<\/em><\/p>\r\n<p style=\"text-align: right;\"><strong>\u00a0Martin Melkowitsch<\/strong> <br \/>COO &amp; igazgat\u00f3s\u00e1gi tag <br \/>Raiffeisen Bank Hungary<\/p>\r\n<p><em>\u201eK\u00f6telez\u0151 olvasm\u00e1nyokra nemcsak az iskol\u00e1ban lenne sz\u00fcks\u00e9g, hanem az \u00e9letben is. Ha volna ilyen, a lean szakma r\u00e9sz\u00e9r\u0151l ez a k\u00f6nyv lenne az: olyan alapvet\u0151 lean elveket tartalmaz, amelyek v\u00e1llalati k\u00f6rnyezetben \u2013 oper\u00e1torokt\u00f3l a fels\u0151 vezet\u0151kig \u2013 \u00e9pp \u00fagy alkalmazhat\u00f3k, mint a mag\u00e1n\u00e9letben. Teh\u00e1t mindenkinek k\u00f6telez\u0151en aj\u00e1nlott!\u201d<\/em><\/p>\r\n<p style=\"text-align: right;\"><strong>\u00a0 K\u00fati Csaba<\/strong> <br \/>kereskedelmi vezet\u0151 <br \/>Trilogiq Hung\u00e1ria Kft.<\/p>\r\n<p>&nbsp;<\/p>\r\n<p style=\"text-align: center;\"><strong>A k\u00f6nyv megjelen\u00e9s\u00e9t t\u00e1mogatt\u00e1k<\/strong><\/p>\r\n<p><img decoding=\"async\" class=\"aligncenter wp-image-1109\" src=\"https:\/\/lean.org.hu\/wp-content\/uploads\/2020\/09\/K\u00e9p01_elemi_lean_tamogatok-e1599474690299-300x58.jpg\" alt=\"\" width=\"352\" height=\"68\" srcset=\"https:\/\/lean.org.hu\/wp-content\/uploads\/2020\/09\/K\u00e9p01_elemi_lean_tamogatok-e1599474690299-300x58.jpg 300w, https:\/\/lean.org.hu\/wp-content\/uploads\/2020\/09\/K\u00e9p01_elemi_lean_tamogatok-e1599474690299-200x38.jpg 200w, https:\/\/lean.org.hu\/wp-content\/uploads\/2020\/09\/K\u00e9p01_elemi_lean_tamogatok-e1599474690299-768x148.jpg 768w, https:\/\/lean.org.hu\/wp-content\/uploads\/2020\/09\/K\u00e9p01_elemi_lean_tamogatok-e1599474690299.jpg 796w\" sizes=\"(max-width: 352px) 100vw, 352px\" \/><\/p>\r\n<p>ISBN 978-963-08-5977-6 <br \/>Terjedelem: 103 oldal (151\u00d7228 mm)<\/p>\r\n<hr \/>\r\n<h3>Lean Practitioner Program<\/h3>\r\n<p>\u00a0 <img decoding=\"async\" class=\"size-medium wp-image-1102 alignright\" src=\"https:\/\/lean.org.hu\/wp-content\/uploads\/2020\/09\/K\u00e9p02_Lpp-300x158.jpg\" alt=\"\" width=\"300\" height=\"158\" srcset=\"https:\/\/lean.org.hu\/wp-content\/uploads\/2020\/09\/K\u00e9p02_Lpp-300x158.jpg 300w, https:\/\/lean.org.hu\/wp-content\/uploads\/2020\/09\/K\u00e9p02_Lpp-200x105.jpg 200w, https:\/\/lean.org.hu\/wp-content\/uploads\/2020\/09\/K\u00e9p02_Lpp-768x404.jpg 768w, https:\/\/lean.org.hu\/wp-content\/uploads\/2020\/09\/K\u00e9p02_Lpp.jpg 843w\" sizes=\"(max-width: 300px) 100vw, 300px\" \/>V\u00e1laszul a v\u00e1llalatok lean fejl\u0151d\u00e9s\u00fck sor\u00e1n fell\u00e9p\u0151 kih\u00edv\u00e1saira, a 18 LEI szervezetb\u0151l \u00e1ll\u00f3\u00a0Lean Global Network (LGN)\u00a0kifejlesztette a\u00a0<strong>8+2 napos Lean Practitioner k\u00e9pz\u00e9si program<\/strong>ot, mely a r\u00e9sztvev\u0151k lean tud\u00e1s\u00e1nak \u00e9s k\u00e9szs\u00e9geinek fejleszt\u00e9s\u00e9t hivatott szolg\u00e1lni.\u00a0A program hat\u00e9konyan kombin\u00e1lja a\u00a0<strong>szimul\u00e1ci\u00f3kon kereszt\u00fcl\u00a0<\/strong>elsaj\u00e1t\u00edtott tud\u00e1s alkalmaz\u00e1s\u00e1t \u00e9s a\u00a0<strong>gemba-gyakorlatot<\/strong>, valamint a r\u00e9sztvev\u0151k\u00a0<strong>szem\u00e9lyes projekt<\/strong>jein kereszt\u00fcl a\u00a0<strong>val\u00f3s probl\u00e9m\u00e1k megold\u00e1s\u00e1t\u00a0<\/strong>\u00e9s ezzel az \u00e9rt\u00e9kteremt\u00e9s fejleszt\u00e9s\u00e9t.<\/p>\r\n<p>&nbsp;<\/p>\r\n<div class=\"wp-block-buttons aligncenter\">\r\n<div class=\"wp-block-button\"><a class=\"wp-block-button__link\" style=\"border-radius: 5px;\" href=\"https:\/\/lean.org.hu\/en\/leanpractitionerprogram\/\" target=\"_blank\" rel=\"noreferrer noopener\">A Lean Practitioner Program r\u00e9szletei\u00e9rt kattints ide!<\/a><\/div>\r\n<\/div>","protected":false},"excerpt":{"rendered":"<p><em>\u201cK\u00f6telez\u0151 olvasm\u00e1nyokra nemcsak az iskol\u00e1ban lenne sz\u00fcks\u00e9g, hanem az \u00e9letben is. Ha volna ilyen, a lean szakma r\u00e9sz\u00e9r\u0151l ez a k\u00f6nyv lenne az.\u201d<\/em><\/p>","protected":false},"featured_media":87701,"template":"","meta":{"_eb_attr":""},"product_brand":[],"product_cat":[182,173,176],"product_tag":[],"class_list":{"0":"post-1105","1":"product","2":"type-product","3":"status-publish","4":"has-post-thumbnail","6":"product_cat-lean-konyvek-konnyed-olvasmanyok","7":"product_cat-lean-konyvesbolt","8":"product_cat-lean-konyvek-alapok","9":"infinite-scroll-item","10":"no-featured-image-padding","11":"sales-flash-overlay","12":"woocommerce-text-align-left","13":"woocommerce-image-align-left","14":"do-quantity-buttons","16":"first","17":"instock","18":"taxable","19":"shipping-taxable","20":"purchasable","21":"product-type-variable"},"yoast_head":"<!-- This site is optimized with the Yoast SEO plugin v27.4 - https:\/\/yoast.com\/product\/yoast-seo-wordpress\/ -->\n<title>Elemi lean - Mindent, amit a leanr\u0151l tudok, az els\u0151 oszt\u00e1lyban tanultam - LEI<\/title>\n<meta name=\"description\" content=\"Az Elemi lean azoknak k\u00e9sz\u00fclt akik szeretn\u00e9k elsaj\u00e1t\u00edtani\u00a0a lean szeml\u00e9let alapjait.\u00a0T\u00f6k\u00e9letes a munkat\u00e1rsak lean ir\u00e1nti elk\u00f6telezetts\u00e9g\u00e9nek n\u00f6vel\u00e9s\u00e9hez.\" \/>\n<meta name=\"robots\" content=\"index, follow, max-snippet:-1, max-image-preview:large, max-video-preview:-1\" \/>\n<link rel=\"canonical\" href=\"https:\/\/lean.org.hu\/en\/lean-konyvesbolt\/elemi-lean-mindent-amit-a-leanrol-tudok-az-elso-osztalyban-tanultam\/\" \/>\n<meta property=\"og:locale\" content=\"en_GB\" \/>\n<meta property=\"og:type\" content=\"article\" \/>\n<meta property=\"og:title\" content=\"Elemi lean \u2013 Mindent, amit a leanr\u0151l tudok, az els\u0151 oszt\u00e1lyban tanultam\" \/>\n<meta property=\"og:description\" content=\"Az Elemi lean azoknak k\u00e9sz\u00fclt akik szeretn\u00e9k elsaj\u00e1t\u00edtani\u00a0a lean szeml\u00e9let alapjait.\u00a0T\u00f6k\u00e9letes a munkat\u00e1rsak lean ir\u00e1nti elk\u00f6telezetts\u00e9g\u00e9nek n\u00f6vel\u00e9s\u00e9hez.\" \/>\n<meta property=\"og:url\" content=\"https:\/\/lean.org.hu\/en\/lean-konyvesbolt\/elemi-lean-mindent-amit-a-leanrol-tudok-az-elso-osztalyban-tanultam\/\" \/>\n<meta property=\"og:site_name\" content=\"LEI\" \/>\n<meta property=\"article:publisher\" content=\"https:\/\/www.facebook.com\/LEI.Hungary\" \/>\n<meta property=\"article:modified_time\" content=\"2026-02-12T13:47:15+00:00\" \/>\n<meta property=\"og:image\" content=\"https:\/\/lean.org.hu\/wp-content\/uploads\/2020\/09\/elemi-lean_SEO_1200x628-1.jpg\" \/>\n\t<meta property=\"og:image:width\" content=\"1200\" \/>\n\t<meta property=\"og:image:height\" content=\"628\" \/>\n\t<meta property=\"og:image:type\" content=\"image\/jpeg\" \/>\n<meta name=\"twitter:card\" content=\"summary_large_image\" \/>\n<meta name=\"twitter:label1\" content=\"Estimated reading time\" \/>\n\t<meta name=\"twitter:data1\" content=\"4 minutes\" \/>\n<script type=\"application\/ld+json\" class=\"yoast-schema-graph\">{\"@context\":\"https:\\\/\\\/schema.org\",\"@graph\":[{\"@type\":\"WebPage\",\"@id\":\"https:\\\/\\\/lean.org.hu\\\/lean-konyvesbolt\\\/elemi-lean-mindent-amit-a-leanrol-tudok-az-elso-osztalyban-tanultam\\\/\",\"url\":\"https:\\\/\\\/lean.org.hu\\\/lean-konyvesbolt\\\/elemi-lean-mindent-amit-a-leanrol-tudok-az-elso-osztalyban-tanultam\\\/\",\"name\":\"Elemi lean - Mindent, amit a leanr\u0151l tudok, az els\u0151 oszt\u00e1lyban tanultam - LEI\",\"isPartOf\":{\"@id\":\"https:\\\/\\\/lean.org.hu\\\/#website\"},\"primaryImageOfPage\":{\"@id\":\"https:\\\/\\\/lean.org.hu\\\/lean-konyvesbolt\\\/elemi-lean-mindent-amit-a-leanrol-tudok-az-elso-osztalyban-tanultam\\\/#primaryimage\"},\"image\":{\"@id\":\"https:\\\/\\\/lean.org.hu\\\/lean-konyvesbolt\\\/elemi-lean-mindent-amit-a-leanrol-tudok-az-elso-osztalyban-tanultam\\\/#primaryimage\"},\"thumbnailUrl\":\"https:\\\/\\\/lean.org.hu\\\/wp-content\\\/uploads\\\/2020\\\/09\\\/boritokepek-2.png\",\"datePublished\":\"2020-09-24T08:27:10+00:00\",\"dateModified\":\"2026-02-12T13:47:15+00:00\",\"description\":\"Az Elemi lean azoknak k\u00e9sz\u00fclt akik szeretn\u00e9k elsaj\u00e1t\u00edtani\u00a0a lean szeml\u00e9let alapjait.\u00a0T\u00f6k\u00e9letes a munkat\u00e1rsak lean ir\u00e1nti elk\u00f6telezetts\u00e9g\u00e9nek n\u00f6vel\u00e9s\u00e9hez.\",\"breadcrumb\":{\"@id\":\"https:\\\/\\\/lean.org.hu\\\/lean-konyvesbolt\\\/elemi-lean-mindent-amit-a-leanrol-tudok-az-elso-osztalyban-tanultam\\\/#breadcrumb\"},\"inLanguage\":\"en-GB\",\"potentialAction\":[{\"@type\":\"ReadAction\",\"target\":[\"https:\\\/\\\/lean.org.hu\\\/lean-konyvesbolt\\\/elemi-lean-mindent-amit-a-leanrol-tudok-az-elso-osztalyban-tanultam\\\/\"]}]},{\"@type\":\"ImageObject\",\"inLanguage\":\"en-GB\",\"@id\":\"https:\\\/\\\/lean.org.hu\\\/lean-konyvesbolt\\\/elemi-lean-mindent-amit-a-leanrol-tudok-az-elso-osztalyban-tanultam\\\/#primaryimage\",\"url\":\"https:\\\/\\\/lean.org.hu\\\/wp-content\\\/uploads\\\/2020\\\/09\\\/boritokepek-2.png\",\"contentUrl\":\"https:\\\/\\\/lean.org.hu\\\/wp-content\\\/uploads\\\/2020\\\/09\\\/boritokepek-2.png\",\"width\":425,\"height\":600,\"caption\":\"Legn\u00e9pszer\u0171bb term\u00e9k - Elemi lean\"},{\"@type\":\"BreadcrumbList\",\"@id\":\"https:\\\/\\\/lean.org.hu\\\/lean-konyvesbolt\\\/elemi-lean-mindent-amit-a-leanrol-tudok-az-elso-osztalyban-tanultam\\\/#breadcrumb\",\"itemListElement\":[{\"@type\":\"ListItem\",\"position\":1,\"name\":\"Kezd\u0151lap\",\"item\":\"https:\\\/\\\/lean.org.hu\\\/\"},{\"@type\":\"ListItem\",\"position\":2,\"name\":\"Web\u00e1ruh\u00e1z oldal\",\"item\":\"http:\\\/\\\/lean.org.hu\\\/en\\\/webaruhaz-aloldal\\\/\"},{\"@type\":\"ListItem\",\"position\":3,\"name\":\"Elemi lean &#8211; Mindent, amit a leanr\u0151l tudok, az els\u0151 oszt\u00e1lyban tanultam\"}]},{\"@type\":\"WebSite\",\"@id\":\"https:\\\/\\\/lean.org.hu\\\/#website\",\"url\":\"https:\\\/\\\/lean.org.hu\\\/\",\"name\":\"LEI\",\"description\":\"\",\"publisher\":{\"@id\":\"https:\\\/\\\/lean.org.hu\\\/#organization\"},\"potentialAction\":[{\"@type\":\"SearchAction\",\"target\":{\"@type\":\"EntryPoint\",\"urlTemplate\":\"https:\\\/\\\/lean.org.hu\\\/?s={search_term_string}\"},\"query-input\":{\"@type\":\"PropertyValueSpecification\",\"valueRequired\":true,\"valueName\":\"search_term_string\"}}],\"inLanguage\":\"en-GB\"},{\"@type\":\"Organization\",\"@id\":\"https:\\\/\\\/lean.org.hu\\\/#organization\",\"name\":\"LEI\",\"url\":\"https:\\\/\\\/lean.org.hu\\\/\",\"logo\":{\"@type\":\"ImageObject\",\"inLanguage\":\"en-GB\",\"@id\":\"https:\\\/\\\/lean.org.hu\\\/#\\\/schema\\\/logo\\\/image\\\/\",\"url\":\"https:\\\/\\\/lean.org.hu\\\/wp-content\\\/uploads\\\/2020\\\/07\\\/cropped-lean_logo_final_color_horizontal.png\",\"contentUrl\":\"https:\\\/\\\/lean.org.hu\\\/wp-content\\\/uploads\\\/2020\\\/07\\\/cropped-lean_logo_final_color_horizontal.png\",\"width\":779,\"height\":288,\"caption\":\"LEI\"},\"image\":{\"@id\":\"https:\\\/\\\/lean.org.hu\\\/#\\\/schema\\\/logo\\\/image\\\/\"},\"sameAs\":[\"https:\\\/\\\/www.facebook.com\\\/LEI.Hungary\",\"https:\\\/\\\/www.linkedin.com\\\/company\\\/lean-enterprise-institute-hungary\"]}]}<\/script>\n<!-- \/ Yoast SEO plugin. -->","yoast_head_json":{"title":"Elemi lean - Mindent, amit a leanr\u0151l tudok, az els\u0151 oszt\u00e1lyban tanultam - LEI","description":"Az Elemi lean azoknak k\u00e9sz\u00fclt akik szeretn\u00e9k elsaj\u00e1t\u00edtani\u00a0a lean szeml\u00e9let alapjait.\u00a0T\u00f6k\u00e9letes a munkat\u00e1rsak lean ir\u00e1nti elk\u00f6telezetts\u00e9g\u00e9nek n\u00f6vel\u00e9s\u00e9hez.","robots":{"index":"index","follow":"follow","max-snippet":"max-snippet:-1","max-image-preview":"max-image-preview:large","max-video-preview":"max-video-preview:-1"},"canonical":"https:\/\/lean.org.hu\/en\/lean-konyvesbolt\/elemi-lean-mindent-amit-a-leanrol-tudok-az-elso-osztalyban-tanultam\/","og_locale":"en_GB","og_type":"article","og_title":"Elemi lean \u2013 Mindent, amit a leanr\u0151l tudok, az els\u0151 oszt\u00e1lyban tanultam","og_description":"Az Elemi lean azoknak k\u00e9sz\u00fclt akik szeretn\u00e9k elsaj\u00e1t\u00edtani\u00a0a lean szeml\u00e9let alapjait.\u00a0T\u00f6k\u00e9letes a munkat\u00e1rsak lean ir\u00e1nti elk\u00f6telezetts\u00e9g\u00e9nek n\u00f6vel\u00e9s\u00e9hez.","og_url":"https:\/\/lean.org.hu\/en\/lean-konyvesbolt\/elemi-lean-mindent-amit-a-leanrol-tudok-az-elso-osztalyban-tanultam\/","og_site_name":"LEI","article_publisher":"https:\/\/www.facebook.com\/LEI.Hungary","article_modified_time":"2026-02-12T13:47:15+00:00","og_image":[{"width":1200,"height":628,"url":"https:\/\/lean.org.hu\/wp-content\/uploads\/2020\/09\/elemi-lean_SEO_1200x628-1.jpg","type":"image\/jpeg"}],"twitter_card":"summary_large_image","twitter_misc":{"Estimated reading time":"4 minutes"},"schema":{"@context":"https:\/\/schema.org","@graph":[{"@type":"WebPage","@id":"https:\/\/lean.org.hu\/lean-konyvesbolt\/elemi-lean-mindent-amit-a-leanrol-tudok-az-elso-osztalyban-tanultam\/","url":"https:\/\/lean.org.hu\/lean-konyvesbolt\/elemi-lean-mindent-amit-a-leanrol-tudok-az-elso-osztalyban-tanultam\/","name":"Elemi lean - Mindent, amit a leanr\u0151l tudok, az els\u0151 oszt\u00e1lyban tanultam - LEI","isPartOf":{"@id":"https:\/\/lean.org.hu\/#website"},"primaryImageOfPage":{"@id":"https:\/\/lean.org.hu\/lean-konyvesbolt\/elemi-lean-mindent-amit-a-leanrol-tudok-az-elso-osztalyban-tanultam\/#primaryimage"},"image":{"@id":"https:\/\/lean.org.hu\/lean-konyvesbolt\/elemi-lean-mindent-amit-a-leanrol-tudok-az-elso-osztalyban-tanultam\/#primaryimage"},"thumbnailUrl":"https:\/\/lean.org.hu\/wp-content\/uploads\/2020\/09\/boritokepek-2.png","datePublished":"2020-09-24T08:27:10+00:00","dateModified":"2026-02-12T13:47:15+00:00","description":"Az Elemi lean azoknak k\u00e9sz\u00fclt akik szeretn\u00e9k elsaj\u00e1t\u00edtani\u00a0a lean szeml\u00e9let alapjait.\u00a0T\u00f6k\u00e9letes a munkat\u00e1rsak lean ir\u00e1nti elk\u00f6telezetts\u00e9g\u00e9nek n\u00f6vel\u00e9s\u00e9hez.","breadcrumb":{"@id":"https:\/\/lean.org.hu\/lean-konyvesbolt\/elemi-lean-mindent-amit-a-leanrol-tudok-az-elso-osztalyban-tanultam\/#breadcrumb"},"inLanguage":"en-GB","potentialAction":[{"@type":"ReadAction","target":["https:\/\/lean.org.hu\/lean-konyvesbolt\/elemi-lean-mindent-amit-a-leanrol-tudok-az-elso-osztalyban-tanultam\/"]}]},{"@type":"ImageObject","inLanguage":"en-GB","@id":"https:\/\/lean.org.hu\/lean-konyvesbolt\/elemi-lean-mindent-amit-a-leanrol-tudok-az-elso-osztalyban-tanultam\/#primaryimage","url":"https:\/\/lean.org.hu\/wp-content\/uploads\/2020\/09\/boritokepek-2.png","contentUrl":"https:\/\/lean.org.hu\/wp-content\/uploads\/2020\/09\/boritokepek-2.png","width":425,"height":600,"caption":"Legn\u00e9pszer\u0171bb term\u00e9k - Elemi lean"},{"@type":"BreadcrumbList","@id":"https:\/\/lean.org.hu\/lean-konyvesbolt\/elemi-lean-mindent-amit-a-leanrol-tudok-az-elso-osztalyban-tanultam\/#breadcrumb","itemListElement":[{"@type":"ListItem","position":1,"name":"Kezd\u0151lap","item":"https:\/\/lean.org.hu\/"},{"@type":"ListItem","position":2,"name":"Web\u00e1ruh\u00e1z oldal","item":"http:\/\/lean.org.hu\/en\/webaruhaz-aloldal\/"},{"@type":"ListItem","position":3,"name":"Elemi lean &#8211; Mindent, amit a leanr\u0151l tudok, az els\u0151 oszt\u00e1lyban tanultam"}]},{"@type":"WebSite","@id":"https:\/\/lean.org.hu\/#website","url":"https:\/\/lean.org.hu\/","name":"LEI","description":"","publisher":{"@id":"https:\/\/lean.org.hu\/#organization"},"potentialAction":[{"@type":"SearchAction","target":{"@type":"EntryPoint","urlTemplate":"https:\/\/lean.org.hu\/?s={search_term_string}"},"query-input":{"@type":"PropertyValueSpecification","valueRequired":true,"valueName":"search_term_string"}}],"inLanguage":"en-GB"},{"@type":"Organization","@id":"https:\/\/lean.org.hu\/#organization","name":"LEI","url":"https:\/\/lean.org.hu\/","logo":{"@type":"ImageObject","inLanguage":"en-GB","@id":"https:\/\/lean.org.hu\/#\/schema\/logo\/image\/","url":"https:\/\/lean.org.hu\/wp-content\/uploads\/2020\/07\/cropped-lean_logo_final_color_horizontal.png","contentUrl":"https:\/\/lean.org.hu\/wp-content\/uploads\/2020\/07\/cropped-lean_logo_final_color_horizontal.png","width":779,"height":288,"caption":"LEI"},"image":{"@id":"https:\/\/lean.org.hu\/#\/schema\/logo\/image\/"},"sameAs":["https:\/\/www.facebook.com\/LEI.Hungary","https:\/\/www.linkedin.com\/company\/lean-enterprise-institute-hungary"]}]}},"_links":{"self":[{"href":"https:\/\/lean.org.hu\/en\/wp-json\/wp\/v2\/product\/1105","targetHints":{"allow":["GET"]}}],"collection":[{"href":"https:\/\/lean.org.hu\/en\/wp-json\/wp\/v2\/product"}],"about":[{"href":"https:\/\/lean.org.hu\/en\/wp-json\/wp\/v2\/types\/product"}],"wp:featuredmedia":[{"embeddable":true,"href":"https:\/\/lean.org.hu\/en\/wp-json\/wp\/v2\/media\/87701"}],"wp:attachment":[{"href":"https:\/\/lean.org.hu\/en\/wp-json\/wp\/v2\/media?parent=1105"}],"wp:term":[{"taxonomy":"product_brand","embeddable":true,"href":"https:\/\/lean.org.hu\/en\/wp-json\/wp\/v2\/product_brand?post=1105"},{"taxonomy":"product_cat","embeddable":true,"href":"https:\/\/lean.org.hu\/en\/wp-json\/wp\/v2\/product_cat?post=1105"},{"taxonomy":"product_tag","embeddable":true,"href":"https:\/\/lean.org.hu\/en\/wp-json\/wp\/v2\/product_tag?post=1105"}],"curies":[{"name":"wp","href":"https:\/\/api.w.org\/{rel}","templated":true}]}}