{"id":1098,"date":"2020-09-18T09:41:26","date_gmt":"2020-09-18T07:41:26","guid":{"rendered":"http:\/\/generaciokpartnere.hu\/leiwp\/?post_type=product&#038;p=1098"},"modified":"2026-01-22T09:07:38","modified_gmt":"2026-01-22T08:07:38","slug":"tanulj-meg-latni-learning-to-see-vsm","status":"publish","type":"product","link":"https:\/\/lean.org.hu\/en\/lean-konyvesbolt\/tanulj-meg-latni-learning-to-see-vsm\/","title":{"rendered":"Tanulj meg l\u00e1tni (VSM)"},"content":{"rendered":"<p><strong>Tanulj meg l\u00e1tni (VSM)\u00a0<\/strong><em>(Learning to See)<\/em><strong>\u00a0<\/strong><br \/>\nMike Rother\u00a0\u00e9s John Shook<\/p>\n<p><em>\u201eAz \u00e1ltalunk \u00e9rt\u00e9kfolyamat-t\u00e9rk\u00e9pez\u00e9snek nevezett m\u00f3dszert a Toyot\u00e1n\u00e1l anyag- \u00e9s inform\u00e1ci\u00f3\u00e1raml\u00e1s-t\u00e9rk\u00e9pez\u00e9snek h\u00edvj\u00e1k. Nem k\u00e9pz\u00e9si m\u00f3dszerk\u00e9nt haszn\u00e1lj\u00e1k, nem is a szemek felnyit\u00e1s\u00e1ra. A Toyota Termel\u00e9si Rendszer (Toyota Production System, TPS) gyakorl\u00f3 szakemberei a lean rendszerek bevezet\u00e9s\u00e9nek megval\u00f3s\u00edt\u00e1si terveiben a jelen- \u00e9s j\u00f6v\u0151-, vagy ide\u00e1lis \u00e1llapot meghat\u00e1roz\u00e1s\u00e1ra haszn\u00e1lj\u00e1k. Noha a Toyot\u00e1n\u00e1l ritk\u00e1n hallhat\u00f3 az \u201e\u00e9rt\u00e9kfolyamat\u201d kifejez\u00e9s, korl\u00e1tlan figyelmet szentelnek az \u00e1raml\u00e1s kialak\u00edt\u00e1s\u00e1ra, a vesztes\u00e9gforr\u00e1sok megsz\u00fcntet\u00e9s\u00e9re \u00e9s az \u00e9rt\u00e9k n\u00f6vel\u00e9s\u00e9re. A Toyot\u00e1n\u00e1l h\u00e1romf\u00e9le \u00e1raml\u00e1st ismernek meg a termel\u00e9sben: az anyag\u00e1raml\u00e1st, az inform\u00e1ci\u00f3\u00e1raml\u00e1st \u00e9s az emberek\/folyamatok \u00e1raml\u00e1s\u00e1t. Az itt ismertetett \u00e9rt\u00e9kfolyamat-t\u00e9rk\u00e9pez\u00e9s m\u00f3dszere az els\u0151 k\u00e9t \u00e1raml\u00e1st foglalja mag\u00e1ba, \u00e9s a Toyot\u00e1n\u00e1l haszn\u00e1lt anyag- \u00e9s inform\u00e1ci\u00f3\u00e1raml\u00e1s-t\u00e9rk\u00e9pekre \u00e9p\u00fcl.<\/em><br \/>\n<em>Mint az elm\u00falt \u00e9vekben oly sokan, mi is azt pr\u00f3b\u00e1ltuk meg\u00e9rtetni a gy\u00e1rt\u00f3kkal, hogy ne k\u00fcl\u00f6n\u00e1ll\u00f3 termel\u00e9si l\u00e9p\u00e9sekben, hanem az \u00e1raml\u00e1s eg\u00e9sz\u00e9ben gondolkodjanak, \u00e9s ne az elk\u00fcl\u00f6n\u00fclt l\u00e9p\u00e9sek fejleszt\u00e9s\u00e9re, hanem lean rendszerek bevezet\u00e9s\u00e9re t\u00f6rekedjenek. Pr\u00f3b\u00e1ltunk seg\u00edteni a hossz\u00fa t\u00e1v\u00fa szisztematikus fejleszt\u00e9sek v\u00e9grehajt\u00e1s\u00e1ban, amivel nemcsak a vesztes\u00e9geket, de a forr\u00e1sukat is meg lehet sz\u00fcntetni. Ahol \u00e9ltek a t\u00e9rk\u00e9pez\u00e9s eszk\u00f6z\u00e9vel, ott \u00f6r\u00f6mmel tapasztaltuk, hogy a m\u00f3dszer kiv\u00e9telesen hat\u00e9kony: a figyelem k\u00f6z\u00e9ppontj\u00e1ba helyezi az \u00e1raml\u00e1st, \u00e9s seg\u00edt a felismer\u00e9s folyamat\u00e1ban. \u00c9s most, e k\u00f6nyvben ugyanezt szeretn\u00e9nk megmutatni az Olvas\u00f3inknak is.\u201d<\/em><\/p>\n<p style=\"text-align: right;\"><strong>Mike Rother \u00e9s John Shook<\/strong><\/p>\n<p id=\"ltsbetekinto\" style=\"text-align: center;\"><a class=\"wp-block-button__link\" style=\"border-radius: 5px;\" href=\"https:\/\/drive.google.com\/file\/d\/14tzxtQzzW_SCg-0ljyJRtM9d7YuXxGd6\/view?usp=sharing\" target=\"_blank\" rel=\"noreferrer noopener\">Olvass bele a k\u00f6nyvbe!<\/a><\/p>\n<p><em>\u201eA lean szeml\u00e9let a banki szektorban r\u00f6videbb m\u00faltra tekint vissza, mint termel\u00e9si k\u00f6rnyezetben. A Raiffeisen Bank c\u00e9lul t\u0171zte ki, hogy a lean eszk\u00f6z\u00f6k alkalmaz\u00e1s\u00e1val magasabb min\u0151s\u00e9g\u0171 szolg\u00e1ltat\u00e1st ny\u00fajtson \u00fcgyfeleinek. Az \u00e9rt\u00e9kfolyamat-t\u00e9rk\u00e9pez\u00e9s lehet\u0151v\u00e9 teszi, hogy nyitott szemmel j\u00e1rjunk a folyamataink ment\u00e9n, \u00edgy a vesztes\u00e9gek felismer\u00e9s\u00e9vel \u00e9s kik\u00fcsz\u00f6b\u00f6l\u00e9s\u00e9vel m\u00e9g t\u00f6bb \u00e9rt\u00e9ket teremts\u00fcnk \u00fcgyfeleink sz\u00e1m\u00e1ra.\u201d<\/em><\/p>\n<p style=\"text-align: right;\"><strong>Martin Melkowitsch<\/strong><br \/>\nCOO<br \/>\nRaiffeisen Bank Hungary<\/p>\n<p><em>\u201eAz \u00e9rt\u00e9kfolyamat-t\u00e9rk\u00e9pez\u00e9s \u00faj n\u00e9z\u0151pontot adott. Alkalmaz\u00e1sa r\u00e1vil\u00e1g\u00edtott a folyamatainkban rejl\u0151 tartal\u00e9kokra, amelyeket \u00edgy r\u00f6videbb \u00e1tfut\u00e1si id\u0151vel, alacsonyabb k\u00f6lts\u00e9gen tudunk m\u0171k\u00f6dtetni. A jelen- \u00e9s j\u00f6v\u0151\u00e1llapot \u00e1br\u00e1zol\u00e1s\u00e1val kapott \u00e1tfog\u00f3 k\u00e9p seg\u00edts\u00e9g\u00e9vel az \u00fczemben dolgoz\u00f3 koll\u00e9g\u00e1k is k\u00f6nnyebben meg\u00e9rtett\u00e9k a v\u00e1ltoz\u00e1sok sz\u00fcks\u00e9gess\u00e9g\u00e9t, mi\u00e9rtj\u00e9t. Ez a mi titkunk!\u201d<\/em><\/p>\n<p style=\"text-align: right;\"><strong>Zsukk L\u00e1szl\u00f3<\/strong><br \/>\nvez\u00e9rigazgat\u00f3<br \/>\nColor Pack Zrt.<\/p>\n<p><em>\u201cTudni akarsz? Tanulj meg l\u00e1tni. Minden ismeretedet k\u00edv\u00fclr\u0151l kaptad: semmi sincs lelkedben, ami nem volt meg el\u0151bb \u00e9rz\u00e9keidben.\u201d<\/em><\/p>\n<p style=\"text-align: right;\"><strong>Babits Mih\u00e1ly<\/strong><\/p>\n<p>&nbsp;<\/p>\n<p style=\"text-align: center;\"><strong>A k\u00f6nyv megjelen\u00e9s\u00e9t t\u00e1mogatt\u00e1k<\/strong><\/p>\n<p><img decoding=\"async\" class=\"size-full wp-image-1039 aligncenter\" src=\"https:\/\/lean.org.hu\/wp-content\/uploads\/2020\/09\/MTL-t\u00e1mogat\u00f3k-m\u00e1solata.png\" alt=\"\" width=\"600\" height=\"80\" srcset=\"https:\/\/lean.org.hu\/wp-content\/uploads\/2020\/09\/MTL-t\u00e1mogat\u00f3k-m\u00e1solata.png 600w, https:\/\/lean.org.hu\/wp-content\/uploads\/2020\/09\/MTL-t\u00e1mogat\u00f3k-m\u00e1solata-200x27.png 200w, https:\/\/lean.org.hu\/wp-content\/uploads\/2020\/09\/MTL-t\u00e1mogat\u00f3k-m\u00e1solata-300x40.png 300w\" sizes=\"(max-width: 600px) 100vw, 600px\" \/><\/p>\n<p>ISBN 978-963-08-3579-4<br \/>\nTerjedelem: 102 oldal (241\u00d7280 mm)<\/p>\n<hr \/>\n<h3>Lean Practitioner Program<\/h3>\n<p>&nbsp;<\/p>\n<p><img decoding=\"async\" class=\"size-medium wp-image-1102 alignright\" src=\"https:\/\/lean.org.hu\/wp-content\/uploads\/2020\/09\/K\u00e9p02_Lpp-300x158.jpg\" alt=\"\" width=\"300\" height=\"158\" srcset=\"https:\/\/lean.org.hu\/wp-content\/uploads\/2020\/09\/K\u00e9p02_Lpp-300x158.jpg 300w, https:\/\/lean.org.hu\/wp-content\/uploads\/2020\/09\/K\u00e9p02_Lpp-200x105.jpg 200w, https:\/\/lean.org.hu\/wp-content\/uploads\/2020\/09\/K\u00e9p02_Lpp-768x404.jpg 768w, https:\/\/lean.org.hu\/wp-content\/uploads\/2020\/09\/K\u00e9p02_Lpp.jpg 843w\" sizes=\"(max-width: 300px) 100vw, 300px\" \/>V\u00e1laszul a v\u00e1llalatok lean fejl\u0151d\u00e9s\u00fck sor\u00e1n fell\u00e9p\u0151 kih\u00edv\u00e1saira, a 18 LEI szervezetb\u0151l \u00e1ll\u00f3\u00a0Lean Global Network (LGN)\u00a0kifejlesztette a\u00a0<strong>8+2 napos Lean Practitioner k\u00e9pz\u00e9si program<\/strong>ot, mely a r\u00e9sztvev\u0151k lean tud\u00e1s\u00e1nak \u00e9s k\u00e9szs\u00e9geinek fejleszt\u00e9s\u00e9t hivatott szolg\u00e1lni.\u00a0A program hat\u00e9konyan kombin\u00e1lja a\u00a0<strong>szimul\u00e1ci\u00f3kon kereszt\u00fcl\u00a0<\/strong>elsaj\u00e1t\u00edtott tud\u00e1s alkalmaz\u00e1s\u00e1t \u00e9s a\u00a0<strong>gemba-gyakorlatot<\/strong>, valamint a r\u00e9sztvev\u0151k\u00a0<strong>szem\u00e9lyes projekt<\/strong>jein kereszt\u00fcl a\u00a0<strong>val\u00f3s probl\u00e9m\u00e1k megold\u00e1s\u00e1t\u00a0<\/strong>\u00e9s ezzel az \u00e9rt\u00e9kteremt\u00e9s fejleszt\u00e9s\u00e9t.<\/p>\n<p style=\"text-align: center;\"><a class=\"wp-block-button__link\" style=\"border-radius: 5px;\" href=\"https:\/\/lean.org.hu\/en\/leanpractitionerprogram\/\" target=\"_blank\" rel=\"noreferrer noopener\">A Lean Practitioner Program r\u00e9szletei\u00e9rt kattints ide!<\/a><\/p>","protected":false},"excerpt":{"rendered":"<p><em>\u201c\u2026 a gy\u00e1rt\u00f3k ne k\u00fcl\u00f6n\u00e1ll\u00f3 termel\u00e9si l\u00e9p\u00e9sekben, hanem az \u00e1raml\u00e1s eg\u00e9sz\u00e9ben gondolkodjanak, ne elk\u00fcl\u00f6n\u00fclt l\u00e9p\u00e9sek fejleszt\u00e9s\u00e9re, hanem lean rendszerek bevezet\u00e9s\u00e9re t\u00f6rekedjenek.\u201d<\/em><\/p>","protected":false},"featured_media":66723,"template":"","meta":{"_eb_attr":""},"product_brand":[],"product_cat":[178,173],"product_tag":[],"class_list":{"0":"post-1098","1":"product","2":"type-product","3":"status-publish","4":"has-post-thumbnail","6":"product_cat-lean-konyvek-eszkozok","7":"product_cat-lean-konyvesbolt","8":"infinite-scroll-item","9":"no-featured-image-padding","10":"sales-flash-overlay","11":"woocommerce-text-align-left","12":"woocommerce-image-align-left","13":"do-quantity-buttons","15":"first","16":"outofstock","17":"taxable","18":"shipping-taxable","19":"purchasable","20":"product-type-variable"},"yoast_head":"<!-- This site is optimized with the Yoast SEO plugin v27.6 - https:\/\/yoast.com\/product\/yoast-seo-wordpress\/ -->\n<title>Tanulj meg l\u00e1tni (VSM) - Az \u00e9rt\u00e9kfolyamat-t\u00e9rk\u00e9pez\u00e9s itt kezd\u0151dik - LEI<\/title>\n<meta name=\"description\" content=\"A Tanulj meg l\u00e1tni seg\u00edt elsaj\u00e1t\u00edtani a jelen- \u00e9s j\u00f6v\u0151-, vagy ide\u00e1lis \u00e1llapot meghat\u00e1roz\u00e1shoz elengedhetetlen ismereteket.\" \/>\n<meta name=\"robots\" content=\"index, follow, max-snippet:-1, max-image-preview:large, max-video-preview:-1\" \/>\n<link rel=\"canonical\" href=\"https:\/\/lean.org.hu\/en\/lean-konyvesbolt\/tanulj-meg-latni-learning-to-see-vsm\/\" \/>\n<meta property=\"og:locale\" content=\"en_GB\" \/>\n<meta property=\"og:type\" content=\"article\" \/>\n<meta property=\"og:title\" content=\"Tanulj meg l\u00e1tni (VSM) - Minden amit a folyamat-t\u00e9rk\u00e9pez\u00e9sr\u0151l tudnod kell\" \/>\n<meta property=\"og:description\" content=\"A Tanulj meg l\u00e1tni seg\u00edt elsaj\u00e1t\u00edtani a jelen- \u00e9s j\u00f6v\u0151-, vagy ide\u00e1lis \u00e1llapot meghat\u00e1roz\u00e1shoz elengedhetetlen ismereteket.\" \/>\n<meta property=\"og:url\" content=\"https:\/\/lean.org.hu\/en\/lean-konyvesbolt\/tanulj-meg-latni-learning-to-see-vsm\/\" \/>\n<meta property=\"og:site_name\" content=\"LEI\" \/>\n<meta property=\"article:publisher\" content=\"https:\/\/www.facebook.com\/LEI.Hungary\" \/>\n<meta property=\"article:modified_time\" content=\"2026-01-22T08:07:38+00:00\" \/>\n<meta property=\"og:image\" content=\"https:\/\/lean.org.hu\/wp-content\/uploads\/2020\/09\/LTS-1.jpg\" \/>\n\t<meta property=\"og:image:width\" content=\"425\" \/>\n\t<meta property=\"og:image:height\" content=\"600\" \/>\n\t<meta property=\"og:image:type\" content=\"image\/jpeg\" \/>\n<meta name=\"twitter:card\" content=\"summary_large_image\" \/>\n<meta name=\"twitter:label1\" content=\"Estimated reading time\" \/>\n\t<meta name=\"twitter:data1\" content=\"3 minutes\" \/>\n<script type=\"application\/ld+json\" class=\"yoast-schema-graph\">{\"@context\":\"https:\\\/\\\/schema.org\",\"@graph\":[{\"@type\":\"WebPage\",\"@id\":\"https:\\\/\\\/lean.org.hu\\\/lean-konyvesbolt\\\/tanulj-meg-latni-learning-to-see-vsm\\\/\",\"url\":\"https:\\\/\\\/lean.org.hu\\\/lean-konyvesbolt\\\/tanulj-meg-latni-learning-to-see-vsm\\\/\",\"name\":\"Tanulj meg l\u00e1tni (VSM) - Az \u00e9rt\u00e9kfolyamat-t\u00e9rk\u00e9pez\u00e9s itt kezd\u0151dik - LEI\",\"isPartOf\":{\"@id\":\"https:\\\/\\\/lean.org.hu\\\/#website\"},\"primaryImageOfPage\":{\"@id\":\"https:\\\/\\\/lean.org.hu\\\/lean-konyvesbolt\\\/tanulj-meg-latni-learning-to-see-vsm\\\/#primaryimage\"},\"image\":{\"@id\":\"https:\\\/\\\/lean.org.hu\\\/lean-konyvesbolt\\\/tanulj-meg-latni-learning-to-see-vsm\\\/#primaryimage\"},\"thumbnailUrl\":\"https:\\\/\\\/lean.org.hu\\\/wp-content\\\/uploads\\\/2020\\\/09\\\/LTS-1.jpg\",\"datePublished\":\"2020-09-18T07:41:26+00:00\",\"dateModified\":\"2026-01-22T08:07:38+00:00\",\"description\":\"A Tanulj meg l\u00e1tni seg\u00edt elsaj\u00e1t\u00edtani a jelen- \u00e9s j\u00f6v\u0151-, vagy ide\u00e1lis \u00e1llapot meghat\u00e1roz\u00e1shoz elengedhetetlen ismereteket.\",\"breadcrumb\":{\"@id\":\"https:\\\/\\\/lean.org.hu\\\/lean-konyvesbolt\\\/tanulj-meg-latni-learning-to-see-vsm\\\/#breadcrumb\"},\"inLanguage\":\"en-GB\",\"potentialAction\":[{\"@type\":\"ReadAction\",\"target\":[\"https:\\\/\\\/lean.org.hu\\\/lean-konyvesbolt\\\/tanulj-meg-latni-learning-to-see-vsm\\\/\"]}]},{\"@type\":\"ImageObject\",\"inLanguage\":\"en-GB\",\"@id\":\"https:\\\/\\\/lean.org.hu\\\/lean-konyvesbolt\\\/tanulj-meg-latni-learning-to-see-vsm\\\/#primaryimage\",\"url\":\"https:\\\/\\\/lean.org.hu\\\/wp-content\\\/uploads\\\/2020\\\/09\\\/LTS-1.jpg\",\"contentUrl\":\"https:\\\/\\\/lean.org.hu\\\/wp-content\\\/uploads\\\/2020\\\/09\\\/LTS-1.jpg\",\"width\":425,\"height\":600,\"caption\":\"Tanulj meg l\u00e1tni\"},{\"@type\":\"BreadcrumbList\",\"@id\":\"https:\\\/\\\/lean.org.hu\\\/lean-konyvesbolt\\\/tanulj-meg-latni-learning-to-see-vsm\\\/#breadcrumb\",\"itemListElement\":[{\"@type\":\"ListItem\",\"position\":1,\"name\":\"Kezd\u0151lap\",\"item\":\"https:\\\/\\\/lean.org.hu\\\/\"},{\"@type\":\"ListItem\",\"position\":2,\"name\":\"Web\u00e1ruh\u00e1z oldal\",\"item\":\"http:\\\/\\\/lean.org.hu\\\/en\\\/webaruhaz-aloldal\\\/\"},{\"@type\":\"ListItem\",\"position\":3,\"name\":\"Tanulj meg l\u00e1tni (VSM)\"}]},{\"@type\":\"WebSite\",\"@id\":\"https:\\\/\\\/lean.org.hu\\\/#website\",\"url\":\"https:\\\/\\\/lean.org.hu\\\/\",\"name\":\"LEI\",\"description\":\"\",\"publisher\":{\"@id\":\"https:\\\/\\\/lean.org.hu\\\/#organization\"},\"potentialAction\":[{\"@type\":\"SearchAction\",\"target\":{\"@type\":\"EntryPoint\",\"urlTemplate\":\"https:\\\/\\\/lean.org.hu\\\/?s={search_term_string}\"},\"query-input\":{\"@type\":\"PropertyValueSpecification\",\"valueRequired\":true,\"valueName\":\"search_term_string\"}}],\"inLanguage\":\"en-GB\"},{\"@type\":\"Organization\",\"@id\":\"https:\\\/\\\/lean.org.hu\\\/#organization\",\"name\":\"LEI\",\"url\":\"https:\\\/\\\/lean.org.hu\\\/\",\"logo\":{\"@type\":\"ImageObject\",\"inLanguage\":\"en-GB\",\"@id\":\"https:\\\/\\\/lean.org.hu\\\/#\\\/schema\\\/logo\\\/image\\\/\",\"url\":\"https:\\\/\\\/lean.org.hu\\\/wp-content\\\/uploads\\\/2020\\\/07\\\/cropped-lean_logo_final_color_horizontal.png\",\"contentUrl\":\"https:\\\/\\\/lean.org.hu\\\/wp-content\\\/uploads\\\/2020\\\/07\\\/cropped-lean_logo_final_color_horizontal.png\",\"width\":779,\"height\":288,\"caption\":\"LEI\"},\"image\":{\"@id\":\"https:\\\/\\\/lean.org.hu\\\/#\\\/schema\\\/logo\\\/image\\\/\"},\"sameAs\":[\"https:\\\/\\\/www.facebook.com\\\/LEI.Hungary\",\"https:\\\/\\\/www.linkedin.com\\\/company\\\/lean-enterprise-institute-hungary\"]}]}<\/script>\n<!-- \/ Yoast SEO plugin. -->","yoast_head_json":{"title":"Tanulj meg l\u00e1tni (VSM) - Az \u00e9rt\u00e9kfolyamat-t\u00e9rk\u00e9pez\u00e9s itt kezd\u0151dik - LEI","description":"A Tanulj meg l\u00e1tni seg\u00edt elsaj\u00e1t\u00edtani a jelen- \u00e9s j\u00f6v\u0151-, vagy ide\u00e1lis \u00e1llapot meghat\u00e1roz\u00e1shoz elengedhetetlen ismereteket.","robots":{"index":"index","follow":"follow","max-snippet":"max-snippet:-1","max-image-preview":"max-image-preview:large","max-video-preview":"max-video-preview:-1"},"canonical":"https:\/\/lean.org.hu\/en\/lean-konyvesbolt\/tanulj-meg-latni-learning-to-see-vsm\/","og_locale":"en_GB","og_type":"article","og_title":"Tanulj meg l\u00e1tni (VSM) - Minden amit a folyamat-t\u00e9rk\u00e9pez\u00e9sr\u0151l tudnod kell","og_description":"A Tanulj meg l\u00e1tni seg\u00edt elsaj\u00e1t\u00edtani a jelen- \u00e9s j\u00f6v\u0151-, vagy ide\u00e1lis \u00e1llapot meghat\u00e1roz\u00e1shoz elengedhetetlen ismereteket.","og_url":"https:\/\/lean.org.hu\/en\/lean-konyvesbolt\/tanulj-meg-latni-learning-to-see-vsm\/","og_site_name":"LEI","article_publisher":"https:\/\/www.facebook.com\/LEI.Hungary","article_modified_time":"2026-01-22T08:07:38+00:00","og_image":[{"width":425,"height":600,"url":"https:\/\/lean.org.hu\/wp-content\/uploads\/2020\/09\/LTS-1.jpg","type":"image\/jpeg"}],"twitter_card":"summary_large_image","twitter_misc":{"Estimated reading time":"3 minutes"},"schema":{"@context":"https:\/\/schema.org","@graph":[{"@type":"WebPage","@id":"https:\/\/lean.org.hu\/lean-konyvesbolt\/tanulj-meg-latni-learning-to-see-vsm\/","url":"https:\/\/lean.org.hu\/lean-konyvesbolt\/tanulj-meg-latni-learning-to-see-vsm\/","name":"Tanulj meg l\u00e1tni (VSM) - Az \u00e9rt\u00e9kfolyamat-t\u00e9rk\u00e9pez\u00e9s itt kezd\u0151dik - LEI","isPartOf":{"@id":"https:\/\/lean.org.hu\/#website"},"primaryImageOfPage":{"@id":"https:\/\/lean.org.hu\/lean-konyvesbolt\/tanulj-meg-latni-learning-to-see-vsm\/#primaryimage"},"image":{"@id":"https:\/\/lean.org.hu\/lean-konyvesbolt\/tanulj-meg-latni-learning-to-see-vsm\/#primaryimage"},"thumbnailUrl":"https:\/\/lean.org.hu\/wp-content\/uploads\/2020\/09\/LTS-1.jpg","datePublished":"2020-09-18T07:41:26+00:00","dateModified":"2026-01-22T08:07:38+00:00","description":"A Tanulj meg l\u00e1tni seg\u00edt elsaj\u00e1t\u00edtani a jelen- \u00e9s j\u00f6v\u0151-, vagy ide\u00e1lis \u00e1llapot meghat\u00e1roz\u00e1shoz elengedhetetlen ismereteket.","breadcrumb":{"@id":"https:\/\/lean.org.hu\/lean-konyvesbolt\/tanulj-meg-latni-learning-to-see-vsm\/#breadcrumb"},"inLanguage":"en-GB","potentialAction":[{"@type":"ReadAction","target":["https:\/\/lean.org.hu\/lean-konyvesbolt\/tanulj-meg-latni-learning-to-see-vsm\/"]}]},{"@type":"ImageObject","inLanguage":"en-GB","@id":"https:\/\/lean.org.hu\/lean-konyvesbolt\/tanulj-meg-latni-learning-to-see-vsm\/#primaryimage","url":"https:\/\/lean.org.hu\/wp-content\/uploads\/2020\/09\/LTS-1.jpg","contentUrl":"https:\/\/lean.org.hu\/wp-content\/uploads\/2020\/09\/LTS-1.jpg","width":425,"height":600,"caption":"Tanulj meg l\u00e1tni"},{"@type":"BreadcrumbList","@id":"https:\/\/lean.org.hu\/lean-konyvesbolt\/tanulj-meg-latni-learning-to-see-vsm\/#breadcrumb","itemListElement":[{"@type":"ListItem","position":1,"name":"Kezd\u0151lap","item":"https:\/\/lean.org.hu\/"},{"@type":"ListItem","position":2,"name":"Web\u00e1ruh\u00e1z oldal","item":"http:\/\/lean.org.hu\/en\/webaruhaz-aloldal\/"},{"@type":"ListItem","position":3,"name":"Tanulj meg l\u00e1tni (VSM)"}]},{"@type":"WebSite","@id":"https:\/\/lean.org.hu\/#website","url":"https:\/\/lean.org.hu\/","name":"LEI","description":"","publisher":{"@id":"https:\/\/lean.org.hu\/#organization"},"potentialAction":[{"@type":"SearchAction","target":{"@type":"EntryPoint","urlTemplate":"https:\/\/lean.org.hu\/?s={search_term_string}"},"query-input":{"@type":"PropertyValueSpecification","valueRequired":true,"valueName":"search_term_string"}}],"inLanguage":"en-GB"},{"@type":"Organization","@id":"https:\/\/lean.org.hu\/#organization","name":"LEI","url":"https:\/\/lean.org.hu\/","logo":{"@type":"ImageObject","inLanguage":"en-GB","@id":"https:\/\/lean.org.hu\/#\/schema\/logo\/image\/","url":"https:\/\/lean.org.hu\/wp-content\/uploads\/2020\/07\/cropped-lean_logo_final_color_horizontal.png","contentUrl":"https:\/\/lean.org.hu\/wp-content\/uploads\/2020\/07\/cropped-lean_logo_final_color_horizontal.png","width":779,"height":288,"caption":"LEI"},"image":{"@id":"https:\/\/lean.org.hu\/#\/schema\/logo\/image\/"},"sameAs":["https:\/\/www.facebook.com\/LEI.Hungary","https:\/\/www.linkedin.com\/company\/lean-enterprise-institute-hungary"]}]}},"_links":{"self":[{"href":"https:\/\/lean.org.hu\/en\/wp-json\/wp\/v2\/product\/1098","targetHints":{"allow":["GET"]}}],"collection":[{"href":"https:\/\/lean.org.hu\/en\/wp-json\/wp\/v2\/product"}],"about":[{"href":"https:\/\/lean.org.hu\/en\/wp-json\/wp\/v2\/types\/product"}],"wp:featuredmedia":[{"embeddable":true,"href":"https:\/\/lean.org.hu\/en\/wp-json\/wp\/v2\/media\/66723"}],"wp:attachment":[{"href":"https:\/\/lean.org.hu\/en\/wp-json\/wp\/v2\/media?parent=1098"}],"wp:term":[{"taxonomy":"product_brand","embeddable":true,"href":"https:\/\/lean.org.hu\/en\/wp-json\/wp\/v2\/product_brand?post=1098"},{"taxonomy":"product_cat","embeddable":true,"href":"https:\/\/lean.org.hu\/en\/wp-json\/wp\/v2\/product_cat?post=1098"},{"taxonomy":"product_tag","embeddable":true,"href":"https:\/\/lean.org.hu\/en\/wp-json\/wp\/v2\/product_tag?post=1098"}],"curies":[{"name":"wp","href":"https:\/\/api.w.org\/{rel}","templated":true}]}}