{"id":107,"date":"2020-09-27T08:40:24","date_gmt":"2020-09-27T06:40:24","guid":{"rendered":"http:\/\/generaciokpartnere.hu\/leiwp\/?post_type=product&#038;p=107"},"modified":"2026-02-12T14:46:01","modified_gmt":"2026-02-12T13:46:01","slug":"lean-sensei","status":"publish","type":"product","link":"https:\/\/lean.org.hu\/en\/lean-konyvesbolt\/lean-sensei\/","title":{"rendered":"Lean Sensei &#8211; A Toyota tan\u00edt\u00f3inak \u00fatj\u00e1n"},"content":{"rendered":"<p><strong>Lean Sensei<\/strong>\u00a0&#8211; A Toyota tan\u00edt\u00f3inak \u00fatj\u00e1n <em>(The Lean Sensei)<\/em> <br \/>Michael Ball\u00e9 <br \/><br \/><\/p>\r\n<p><strong>Mindenkinek sz\u00fcks\u00e9ge van egy olyan senseire, aki elvezeti \u0151t a k\u00f6vetkez\u0151 teljes\u00edtm\u00e9nyszintre!<\/strong>\u00a0<\/p>\r\n<p style=\"text-align: justify;\">&#8222;A lean szeml\u00e9letet a Toyota p\u00e9ld\u00e1ja ihlette, \u00e9s a mai napig abb\u00f3l t\u00e1pl\u00e1lkozik; manaps\u00e1g \u00fajra felfedezt\u00e9k a k\u00f6z\u00f6s \u00e9rt\u00e9kteremt\u00e9s els\u0151 igaz\u00e1n glob\u00e1lis megk\u00f6zel\u00edt\u00e9sek\u00e9nt. A Toyota lean elgondol\u00e1sait vil\u00e1gszerte \u00e1tvett\u00e9k, az ipart\u00f3l kezdve az eg\u00e9szs\u00e9g\u00fcgy\u00f6n \u00e1t a digit\u00e1lis startupokig. A rendszer kialakul\u00e1s\u00e1nak korai id\u0151szak\u00e1ban sokan hajdani Toyota mesterekt\u0151l tanultunk, akik zavarba ejt\u0151 k\u00e9rd\u00e9seket tettek fel, \u00e9s k\u00edm\u00e9letlen\u00fcl megk\u00e9rd\u0151jelezt\u00e9k a meglev\u0151 gondolkod\u00e1st \u00e9s gyakorlatot. B\u00e1r a viselked\u00e9s\u00fck val\u00f3ban szokatlan, nem jellemezhet\u0151 csup\u00e1n tan\u00edt\u00e1sk\u00e9nt, tan\u00e1csad\u00e1sk\u00e9nt, mentor\u00e1l\u00e1sk\u00e9nt vagy coachingk\u00e9nt. Valamikor r\u00e9gen valaki a <em>sensei<\/em> kifejez\u00e9st v\u00e1lasztotta, amely eredetileg harcm\u0171v\u00e9sz-mesterekre utal. A kifejez\u00e9s meggy\u00f6kerezett, \u00e9s sok jap\u00e1n ember megr\u00f6k\u00f6ny\u00f6d\u00e9s\u00e9re be is \u00e9p\u00fclt a lean nyelvezetbe. Az\u00f3ta is nehezen tudjuk pontosan k\u00f6r\u00fcl\u00edrni a lean tud\u00e1s\u00e1tad\u00e1s ter\u00e9n bet\u00f6lt\u00f6tt fontos szerep\u00e9t. Ha ezt nem tiszt\u00e1zzuk, k\u00f6nnyen f\u00e9lre\u00e9rthetj\u00fck a leanhez vezet\u0151 utat, \u00e9s visszacs\u00faszhatunk a hagyom\u00e1nyos tan\u00e1csad\u00e1shoz, illetve az utas\u00edt\u00e1son \u00e9s ir\u00e1ny\u00edt\u00e1son alapul\u00f3 \u00fczleti modellhez.<\/p>\r\n<p style=\"text-align: justify;\">Mi lehet ez a rejt\u00e9lyes sensei szerep? Mi a c\u00e9lja? Mit csin\u00e1l? Hogyan lehet valakib\u0151l sensei? Ez a k\u00f6nyv semmik\u00e9pp sem jelent kiz\u00e1r\u00f3lagos v\u00e1laszt ezekre az \u00f6sszetett k\u00e9rd\u00e9sekre, de tal\u00e1n kiindul\u00e1snak megteszi, hogy elgondolkozzunk arr\u00f3l, ki is az a sensei, \u00e9s milyen k\u00f6zponti szerepet t\u00f6lt be a lean szeml\u00e9letben, ez\u00e1ltal az igazgat\u00f3k felpillantva megl\u00e1thatj\u00e1k a nagy vesztes\u00e9geket az ell\u00e1t\u00e1si l\u00e1ncban. Szem\u00fcgyre vehetik a mindennapos munkav\u00e9gz\u00e9s sor\u00e1n keletkez\u0151 kis vesztes\u00e9geket, \u00e9s a maguk, majd az alkalmazottaik, ez\u00e1ltal a r\u00e9szleg\u00fck \u00e9s a v\u00e1llalat eg\u00e9sze fejleszt\u00e9se \u00e9rdek\u00e9ben megv\u00e1ltoztathatj\u00e1k a gondolkod\u00e1sukat.<\/p>\r\n<p style=\"text-align: justify;\">E k\u00f6nyv szerz\u0151csapata kiv\u00e1l\u00f3 francia, amerikai, norv\u00e9g \u00e9s brit lean \u00fatt\u00f6r\u0151kb\u0151l \u00e1ll, akik nagy tapasztalattal rendelkeznek, \u00e9s a senseiek \u00fatj\u00e1t j\u00e1rj\u00e1k. Van k\u00f6zt\u00fck lean szerz\u0151, aki m\u00e1r a kezdetekt\u0151l r\u00e9szt vesz a mozgalomban, egy gyorsan n\u00f6vekv\u0151 digit\u00e1lis v\u00e1llalat vez\u00e9rigazgat\u00f3ja, egy nagy, \u00e1llami tulajdonban lev\u0151 v\u00e1llalat folyamatgazd\u00e1ja, az agilis k\u00f6z\u00f6ss\u00e9g egyik vezet\u0151je, egy lean \u00edr\u00f3 \u00e9s tan\u00e1csad\u00f3, illetve egy gyakorl\u00f3 lean szakember \u00e9s tudom\u00e1nyos kutat\u00f3. B\u00e1rmi is a szerep\u00fcnk, ez a t\u00f6rt\u00e9net megv\u00e1ltoztatja, amit a leanr\u0151l eddig hitt\u00fcnk. Alapm\u0171 azoknak, akik igazi halad\u00e1st szeretn\u00e9nek el\u00e9rni a lean szeml\u00e9lettel.&#8221;<\/p>\r\n<div class=\"wp-block-buttons aligncenter\">\r\n<div id=\"senbetekinto\" class=\"wp-block-button\"><a class=\"wp-block-button__link\" style=\"border-radius: 5px;\" href=\"https:\/\/drive.google.com\/file\/d\/1H140yDTMiFccXWuV7O9kN4N-re2FuJ-f\/view?usp=sharing\" target=\"_blank\" rel=\"noreferrer noopener\">Olvass bele a k\u00f6nyvbe!<\/a><\/div>\r\n<\/div>\r\n<p style=\"text-align: justify;\"><em>&#8222;Senki sem alkalmazhatja helyett\u00fcnk a leant. Ez csak rajtunk m\u00falik. \u00c1m sz\u00fcks\u00e9g\u00fcnk lesz egy senseire is, aki seg\u00edt nek\u00fcnk friss szemmel l\u00e1tni a helyzetet, a kor\u00e1bbiakt\u00f3l elt\u00e9r\u0151en cselekedni, valamint alkalmazkodni a gyorsan v\u00e1ltoz\u00f3 vil\u00e1ghoz. E k\u00f6nyv szerz\u0151i felfedezt\u00e9k, val\u00f3j\u00e1ban mit is tesz a sensei. Tanuljunk t\u0151l\u00fck, miel\u0151tt elindulunk megkeresni a saj\u00e1t sensei\u00fcnket.&#8221;<\/em><\/p>\r\n<p style=\"text-align: right;\"><strong>Daniel T. Jones<\/strong> <br \/>a The Machine That Changed The World,<br \/>a Lean szeml\u00e9let, a Lean Solutions,<br \/>\u00e9s a The Lean Strategy t\u00e1rsszerz\u0151je<\/p>\r\n<p style=\"text-align: justify;\"><em>&#8222;A munkahelyeket &#8211; ahol \u00e9let\u00fcnk k\u00f6zel egyharmad\u00e1t t\u00f6ltj\u00fck &#8211; tekinthetn\u00e9nk ak\u00e1r oktat\u00e1si int\u00e9zm\u00e9nyeknek is. Itt tanulunk ugyanis konfliktust kezelni, csapatban dolgozni \u00e9s helyzeteket megoldani. \u00c9ppen ez\u00e9rt k\u00fcl\u00f6n\u00f6sen nagy a v\u00e1llalatok \u00e9s a vezet\u0151k felel\u0151ss\u00e9ge, hogy milyen p\u00e9ld\u00e1val is j\u00e1rnak \u00e9len a tanul\u00e1sban, a tan\u00edt\u00e1sban, a vezet\u00e9sben \u00e9s a folyamatos fejleszt\u00e9sben &#8211; nap mint nap. Ez a k\u00f6nyv r\u00e1mutat a folyamatos tanul\u00e1s \u00e9s tan\u00edt\u00e1s fontoss\u00e1g\u00e1ra, \u00e9s bevezeti a sensei &#8211; a szervezet &#8222;tan\u00edt\u00f3mestere&#8221; &#8211; fogalm\u00e1t. Emellett r\u00e9szletesen megtudhatjuk azt is, milyen k\u00e9pess\u00e9gekkel rendelkezik a sensei, \u00e9s mi a pontos szerepe a lean transzform\u00e1ci\u00f3ban.&#8221;<\/em><\/p>\r\n<p style=\"text-align: right;\"><strong>Sebesty\u00e9n Bal\u00e1zs<\/strong> <br \/>\u00fcgyvezet\u0151 <br \/>CooperVision CL Kft.<\/p>\r\n<p style=\"text-align: center;\"><strong>T\u00e1mogat\u00f3nk<\/strong><\/p>\r\n<p><img decoding=\"async\" class=\"size-thumbnail wp-image-1821 aligncenter\" src=\"https:\/\/lean.org.hu\/wp-content\/uploads\/2020\/09\/cooper-150x125.jpg\" alt=\"\" width=\"150\" height=\"125\" \/><\/p>\r\n<p style=\"text-align: justify;\">ISBN 978-615-5887-02-4 <br \/>Terjedelem:\u00a0136 oldal (145\u00d7205 mm)<\/p>\r\n<p>&nbsp;<\/p>","protected":false},"excerpt":{"rendered":"<p><em>\u201cMi lehet az a rejt\u00e9lyes sensei szerep? Mi a sensei c\u00e9lja? Mit csin\u00e1l? Hogyan lehet valakib\u0151l sensei? T\u00f6rt\u00e9net, amely megv\u00e1ltoztatja mindazt, amit a leanr\u0151l eddig hitt\u00fcnk. Alapm\u0171 azok sz\u00e1m\u00e1ra, akik igazi halad\u00e1st szeretn\u00e9nek el\u00e9rni a lean szeml\u00e9let \u00e1ltal.&#8221;<\/em><\/p>","protected":false},"featured_media":66729,"template":"","meta":{"_eb_attr":""},"product_brand":[],"product_cat":[180,173],"product_tag":[],"class_list":{"0":"post-107","1":"product","2":"type-product","3":"status-publish","4":"has-post-thumbnail","6":"product_cat-lean-konyvek-lean-vezetes","7":"product_cat-lean-konyvesbolt","8":"infinite-scroll-item","9":"no-featured-image-padding","10":"sales-flash-overlay","11":"woocommerce-text-align-left","12":"woocommerce-image-align-left","13":"do-quantity-buttons","15":"first","16":"instock","17":"taxable","18":"shipping-taxable","19":"purchasable","20":"product-type-variable"},"yoast_head":"<!-- This site is optimized with the Yoast SEO plugin v27.4 - https:\/\/yoast.com\/product\/yoast-seo-wordpress\/ -->\n<title>Lean Sensei - A Toyota tan\u00edt\u00f3inak \u00fatj\u00e1n - Michael Ball\u00e9 - LEI<\/title>\n<meta name=\"description\" content=\"Lean sensei... Mindenkinek sz\u00fcks\u00e9ge van r\u00e1 ahhoz, hogy eljusson a k\u00f6vetkez\u0151 teljes\u00edtm\u00e9nyszintre, de ki is az a lean sensei?\" \/>\n<meta name=\"robots\" content=\"index, follow, max-snippet:-1, max-image-preview:large, max-video-preview:-1\" \/>\n<link rel=\"canonical\" href=\"https:\/\/lean.org.hu\/en\/lean-konyvesbolt\/lean-sensei\/\" \/>\n<meta property=\"og:locale\" content=\"en_GB\" \/>\n<meta property=\"og:type\" content=\"article\" \/>\n<meta property=\"og:title\" content=\"Lean Sensei - A Toyota tan\u00edt\u00f3inak \u00fatj\u00e1n\" \/>\n<meta property=\"og:description\" content=\"Mindenkinek sz\u00fcks\u00e9ge van egy olyan senseire, aki elvezeti \u0151t a k\u00f6vetkez\u0151 teljes\u00edtm\u00e9nyszintre!\" \/>\n<meta property=\"og:url\" content=\"https:\/\/lean.org.hu\/en\/lean-konyvesbolt\/lean-sensei\/\" \/>\n<meta property=\"og:site_name\" content=\"LEI\" \/>\n<meta property=\"article:publisher\" content=\"https:\/\/www.facebook.com\/LEI.Hungary\" \/>\n<meta property=\"article:modified_time\" content=\"2026-02-12T13:46:01+00:00\" \/>\n<meta property=\"og:image\" content=\"https:\/\/lean.org.hu\/wp-content\/uploads\/2020\/07\/Lean-Sensei_SEO_1200x628.jpg\" \/>\n\t<meta property=\"og:image:width\" content=\"1200\" \/>\n\t<meta property=\"og:image:height\" content=\"628\" \/>\n\t<meta property=\"og:image:type\" content=\"image\/jpeg\" \/>\n<meta name=\"twitter:card\" content=\"summary_large_image\" \/>\n<meta name=\"twitter:label1\" content=\"Estimated reading time\" \/>\n\t<meta name=\"twitter:data1\" content=\"4 minutes\" \/>\n<script type=\"application\/ld+json\" class=\"yoast-schema-graph\">{\"@context\":\"https:\\\/\\\/schema.org\",\"@graph\":[{\"@type\":\"WebPage\",\"@id\":\"https:\\\/\\\/lean.org.hu\\\/lean-konyvesbolt\\\/lean-sensei\\\/\",\"url\":\"https:\\\/\\\/lean.org.hu\\\/lean-konyvesbolt\\\/lean-sensei\\\/\",\"name\":\"Lean Sensei - A Toyota tan\u00edt\u00f3inak \u00fatj\u00e1n - Michael Ball\u00e9 - LEI\",\"isPartOf\":{\"@id\":\"https:\\\/\\\/lean.org.hu\\\/#website\"},\"primaryImageOfPage\":{\"@id\":\"https:\\\/\\\/lean.org.hu\\\/lean-konyvesbolt\\\/lean-sensei\\\/#primaryimage\"},\"image\":{\"@id\":\"https:\\\/\\\/lean.org.hu\\\/lean-konyvesbolt\\\/lean-sensei\\\/#primaryimage\"},\"thumbnailUrl\":\"https:\\\/\\\/lean.org.hu\\\/wp-content\\\/uploads\\\/2020\\\/09\\\/SEN-2.jpg\",\"datePublished\":\"2020-09-27T06:40:24+00:00\",\"dateModified\":\"2026-02-12T13:46:01+00:00\",\"description\":\"Lean sensei... Mindenkinek sz\u00fcks\u00e9ge van r\u00e1 ahhoz, hogy eljusson a k\u00f6vetkez\u0151 teljes\u00edtm\u00e9nyszintre, de ki is az a lean sensei?\",\"breadcrumb\":{\"@id\":\"https:\\\/\\\/lean.org.hu\\\/lean-konyvesbolt\\\/lean-sensei\\\/#breadcrumb\"},\"inLanguage\":\"en-GB\",\"potentialAction\":[{\"@type\":\"ReadAction\",\"target\":[\"https:\\\/\\\/lean.org.hu\\\/lean-konyvesbolt\\\/lean-sensei\\\/\"]}]},{\"@type\":\"ImageObject\",\"inLanguage\":\"en-GB\",\"@id\":\"https:\\\/\\\/lean.org.hu\\\/lean-konyvesbolt\\\/lean-sensei\\\/#primaryimage\",\"url\":\"https:\\\/\\\/lean.org.hu\\\/wp-content\\\/uploads\\\/2020\\\/09\\\/SEN-2.jpg\",\"contentUrl\":\"https:\\\/\\\/lean.org.hu\\\/wp-content\\\/uploads\\\/2020\\\/09\\\/SEN-2.jpg\",\"width\":425,\"height\":600,\"caption\":\"Lean sensei\"},{\"@type\":\"BreadcrumbList\",\"@id\":\"https:\\\/\\\/lean.org.hu\\\/lean-konyvesbolt\\\/lean-sensei\\\/#breadcrumb\",\"itemListElement\":[{\"@type\":\"ListItem\",\"position\":1,\"name\":\"Kezd\u0151lap\",\"item\":\"https:\\\/\\\/lean.org.hu\\\/\"},{\"@type\":\"ListItem\",\"position\":2,\"name\":\"Web\u00e1ruh\u00e1z oldal\",\"item\":\"http:\\\/\\\/lean.org.hu\\\/en\\\/webaruhaz-aloldal\\\/\"},{\"@type\":\"ListItem\",\"position\":3,\"name\":\"Lean Sensei &#8211; A Toyota tan\u00edt\u00f3inak \u00fatj\u00e1n\"}]},{\"@type\":\"WebSite\",\"@id\":\"https:\\\/\\\/lean.org.hu\\\/#website\",\"url\":\"https:\\\/\\\/lean.org.hu\\\/\",\"name\":\"LEI\",\"description\":\"\",\"publisher\":{\"@id\":\"https:\\\/\\\/lean.org.hu\\\/#organization\"},\"potentialAction\":[{\"@type\":\"SearchAction\",\"target\":{\"@type\":\"EntryPoint\",\"urlTemplate\":\"https:\\\/\\\/lean.org.hu\\\/?s={search_term_string}\"},\"query-input\":{\"@type\":\"PropertyValueSpecification\",\"valueRequired\":true,\"valueName\":\"search_term_string\"}}],\"inLanguage\":\"en-GB\"},{\"@type\":\"Organization\",\"@id\":\"https:\\\/\\\/lean.org.hu\\\/#organization\",\"name\":\"LEI\",\"url\":\"https:\\\/\\\/lean.org.hu\\\/\",\"logo\":{\"@type\":\"ImageObject\",\"inLanguage\":\"en-GB\",\"@id\":\"https:\\\/\\\/lean.org.hu\\\/#\\\/schema\\\/logo\\\/image\\\/\",\"url\":\"https:\\\/\\\/lean.org.hu\\\/wp-content\\\/uploads\\\/2020\\\/07\\\/cropped-lean_logo_final_color_horizontal.png\",\"contentUrl\":\"https:\\\/\\\/lean.org.hu\\\/wp-content\\\/uploads\\\/2020\\\/07\\\/cropped-lean_logo_final_color_horizontal.png\",\"width\":779,\"height\":288,\"caption\":\"LEI\"},\"image\":{\"@id\":\"https:\\\/\\\/lean.org.hu\\\/#\\\/schema\\\/logo\\\/image\\\/\"},\"sameAs\":[\"https:\\\/\\\/www.facebook.com\\\/LEI.Hungary\",\"https:\\\/\\\/www.linkedin.com\\\/company\\\/lean-enterprise-institute-hungary\"]}]}<\/script>\n<!-- \/ Yoast SEO plugin. -->","yoast_head_json":{"title":"Lean Sensei - A Toyota tan\u00edt\u00f3inak \u00fatj\u00e1n - Michael Ball\u00e9 - LEI","description":"Lean sensei... Mindenkinek sz\u00fcks\u00e9ge van r\u00e1 ahhoz, hogy eljusson a k\u00f6vetkez\u0151 teljes\u00edtm\u00e9nyszintre, de ki is az a lean sensei?","robots":{"index":"index","follow":"follow","max-snippet":"max-snippet:-1","max-image-preview":"max-image-preview:large","max-video-preview":"max-video-preview:-1"},"canonical":"https:\/\/lean.org.hu\/en\/lean-konyvesbolt\/lean-sensei\/","og_locale":"en_GB","og_type":"article","og_title":"Lean Sensei - A Toyota tan\u00edt\u00f3inak \u00fatj\u00e1n","og_description":"Mindenkinek sz\u00fcks\u00e9ge van egy olyan senseire, aki elvezeti \u0151t a k\u00f6vetkez\u0151 teljes\u00edtm\u00e9nyszintre!","og_url":"https:\/\/lean.org.hu\/en\/lean-konyvesbolt\/lean-sensei\/","og_site_name":"LEI","article_publisher":"https:\/\/www.facebook.com\/LEI.Hungary","article_modified_time":"2026-02-12T13:46:01+00:00","og_image":[{"width":1200,"height":628,"url":"https:\/\/lean.org.hu\/wp-content\/uploads\/2020\/07\/Lean-Sensei_SEO_1200x628.jpg","type":"image\/jpeg"}],"twitter_card":"summary_large_image","twitter_misc":{"Estimated reading time":"4 minutes"},"schema":{"@context":"https:\/\/schema.org","@graph":[{"@type":"WebPage","@id":"https:\/\/lean.org.hu\/lean-konyvesbolt\/lean-sensei\/","url":"https:\/\/lean.org.hu\/lean-konyvesbolt\/lean-sensei\/","name":"Lean Sensei - A Toyota tan\u00edt\u00f3inak \u00fatj\u00e1n - Michael Ball\u00e9 - LEI","isPartOf":{"@id":"https:\/\/lean.org.hu\/#website"},"primaryImageOfPage":{"@id":"https:\/\/lean.org.hu\/lean-konyvesbolt\/lean-sensei\/#primaryimage"},"image":{"@id":"https:\/\/lean.org.hu\/lean-konyvesbolt\/lean-sensei\/#primaryimage"},"thumbnailUrl":"https:\/\/lean.org.hu\/wp-content\/uploads\/2020\/09\/SEN-2.jpg","datePublished":"2020-09-27T06:40:24+00:00","dateModified":"2026-02-12T13:46:01+00:00","description":"Lean sensei... Mindenkinek sz\u00fcks\u00e9ge van r\u00e1 ahhoz, hogy eljusson a k\u00f6vetkez\u0151 teljes\u00edtm\u00e9nyszintre, de ki is az a lean sensei?","breadcrumb":{"@id":"https:\/\/lean.org.hu\/lean-konyvesbolt\/lean-sensei\/#breadcrumb"},"inLanguage":"en-GB","potentialAction":[{"@type":"ReadAction","target":["https:\/\/lean.org.hu\/lean-konyvesbolt\/lean-sensei\/"]}]},{"@type":"ImageObject","inLanguage":"en-GB","@id":"https:\/\/lean.org.hu\/lean-konyvesbolt\/lean-sensei\/#primaryimage","url":"https:\/\/lean.org.hu\/wp-content\/uploads\/2020\/09\/SEN-2.jpg","contentUrl":"https:\/\/lean.org.hu\/wp-content\/uploads\/2020\/09\/SEN-2.jpg","width":425,"height":600,"caption":"Lean sensei"},{"@type":"BreadcrumbList","@id":"https:\/\/lean.org.hu\/lean-konyvesbolt\/lean-sensei\/#breadcrumb","itemListElement":[{"@type":"ListItem","position":1,"name":"Kezd\u0151lap","item":"https:\/\/lean.org.hu\/"},{"@type":"ListItem","position":2,"name":"Web\u00e1ruh\u00e1z oldal","item":"http:\/\/lean.org.hu\/en\/webaruhaz-aloldal\/"},{"@type":"ListItem","position":3,"name":"Lean Sensei &#8211; A Toyota tan\u00edt\u00f3inak \u00fatj\u00e1n"}]},{"@type":"WebSite","@id":"https:\/\/lean.org.hu\/#website","url":"https:\/\/lean.org.hu\/","name":"LEI","description":"","publisher":{"@id":"https:\/\/lean.org.hu\/#organization"},"potentialAction":[{"@type":"SearchAction","target":{"@type":"EntryPoint","urlTemplate":"https:\/\/lean.org.hu\/?s={search_term_string}"},"query-input":{"@type":"PropertyValueSpecification","valueRequired":true,"valueName":"search_term_string"}}],"inLanguage":"en-GB"},{"@type":"Organization","@id":"https:\/\/lean.org.hu\/#organization","name":"LEI","url":"https:\/\/lean.org.hu\/","logo":{"@type":"ImageObject","inLanguage":"en-GB","@id":"https:\/\/lean.org.hu\/#\/schema\/logo\/image\/","url":"https:\/\/lean.org.hu\/wp-content\/uploads\/2020\/07\/cropped-lean_logo_final_color_horizontal.png","contentUrl":"https:\/\/lean.org.hu\/wp-content\/uploads\/2020\/07\/cropped-lean_logo_final_color_horizontal.png","width":779,"height":288,"caption":"LEI"},"image":{"@id":"https:\/\/lean.org.hu\/#\/schema\/logo\/image\/"},"sameAs":["https:\/\/www.facebook.com\/LEI.Hungary","https:\/\/www.linkedin.com\/company\/lean-enterprise-institute-hungary"]}]}},"_links":{"self":[{"href":"https:\/\/lean.org.hu\/en\/wp-json\/wp\/v2\/product\/107","targetHints":{"allow":["GET"]}}],"collection":[{"href":"https:\/\/lean.org.hu\/en\/wp-json\/wp\/v2\/product"}],"about":[{"href":"https:\/\/lean.org.hu\/en\/wp-json\/wp\/v2\/types\/product"}],"wp:featuredmedia":[{"embeddable":true,"href":"https:\/\/lean.org.hu\/en\/wp-json\/wp\/v2\/media\/66729"}],"wp:attachment":[{"href":"https:\/\/lean.org.hu\/en\/wp-json\/wp\/v2\/media?parent=107"}],"wp:term":[{"taxonomy":"product_brand","embeddable":true,"href":"https:\/\/lean.org.hu\/en\/wp-json\/wp\/v2\/product_brand?post=107"},{"taxonomy":"product_cat","embeddable":true,"href":"https:\/\/lean.org.hu\/en\/wp-json\/wp\/v2\/product_cat?post=107"},{"taxonomy":"product_tag","embeddable":true,"href":"https:\/\/lean.org.hu\/en\/wp-json\/wp\/v2\/product_tag?post=107"}],"curies":[{"name":"wp","href":"https:\/\/api.w.org\/{rel}","templated":true}]}}