{"id":1048,"date":"2020-09-22T11:52:55","date_gmt":"2020-09-22T09:52:55","guid":{"rendered":"http:\/\/generaciokpartnere.hu\/leiwp\/?post_type=product&#038;p=1048"},"modified":"2026-02-12T14:42:35","modified_gmt":"2026-02-12T13:42:35","slug":"a-tisztelet-ereje-lead-with-respect","status":"publish","type":"product","link":"https:\/\/lean.org.hu\/en\/lean-konyvesbolt\/a-tisztelet-ereje-lead-with-respect\/","title":{"rendered":"A tisztelet ereje &#8211; Reg\u00e9ny a lean szeml\u00e9let\u0171 vezet\u00e9sr\u0151l"},"content":{"rendered":"<p><strong>A tisztelet ereje \u2013 reg\u00e9ny a lean szeml\u00e9let\u0171 vezet\u00e9sr\u0151l<\/strong>\u00a0<em>(Lead with Respect)<\/em><br \/>\nMichael Ball\u00e9\u00a0\u00e9s\u00a0Freddy Ball\u00e9<\/p>\n<p>\u201eA\u00a0<em>Tisztelet ereje<\/em>\u00a0nagyszer\u0171 k\u00f6nyv: a hiteles motiv\u00e1ci\u00f3 elemeit sz\u00e9lesebb kontextusba helyezi, ez\u00e1ltal el\u0151seg\u00edti, hogy a vezet\u0151k ezeket az elveket a gyakorlatban is megval\u00f3s\u00edthass\u00e1k.\u201d<\/p>\n<p style=\"text-align: right;\"><strong>Daniel H. Pink<\/strong>,<br \/>\naz\u00a0<em>ELADNI EMBERI DOLOG<\/em>\u00a0\u00e9s a\u00a0<em>MOTIV\u00c1CI\u00d3 3.0<\/em>\u00a0szerz\u0151je<\/p>\n<p>\u201eA Ball\u00e9-k\u00f6nyvek remek kiindul\u00f3pontot jelentenek, s\u0151t felgyors\u00edthatj\u00e1k mind a szem\u00e9lyes, mind a szervezeti \u00e1talakul\u00e1st.\u201d<\/p>\n<p style=\"text-align: right;\"><strong>Jim Womack<\/strong>,<br \/>\na Lean Enterprise Institute alap\u00edt\u00f3ja<\/p>\n<p>\u201eRengeteg vezet\u00e9sr\u0151l sz\u00f3l\u00f3 k\u00f6nyv \u00e9rhet\u0151 el napjainkban, melyek a sikeres vezet\u00e9shez sz\u00fcks\u00e9ges k\u00fcl\u00f6nb\u00f6z\u0151 kompetenci\u00e1k fejleszt\u00e9s\u00e9r\u0151l, a helyes vezet\u0151i magatart\u00e1s kialak\u00edt\u00e1s\u00e1r\u00f3l sz\u00f3lnak. Ugyanakkor alig-alig tal\u00e1lhat\u00f3 olyan m\u0171, amely arra helyezi a hangs\u00falyt, hogyan ismerj\u00fck meg \u2013 \u00e9s nem mellesleg vezess\u00fck is \u2013 azt, ami val\u00f3j\u00e1ban k\u00f6r\u00fcl\u00f6tt\u00fcnk zajlik. E reg\u00e9ny \u00e9pp ehhez ad egyfajta \u00fatmutat\u00e1st egyszer\u0171, \u00e9rthet\u0151, olvasm\u00e1nyos form\u00e1ban mind a vezet\u0151knek, mind a vezetetteknek.\u201d<\/p>\n<p style=\"text-align: right;\"><strong>Kelemen B\u00e9la<\/strong>,<br \/>\n\u00fcgyvezet\u0151 igazgat\u00f3<br \/>\nMOL Csoport<\/p>\n<p id=\"lwrbetekinto\" style=\"text-align: center;\"><a class=\"wp-block-button__link\" style=\"border-radius: 5px;\" href=\"https:\/\/drive.google.com\/file\/d\/1MvAWgJ9xnQ2-8jm4zX7lKjLrCrU_lSD2\/view?usp=sharing\" target=\"_blank\" rel=\"noreferrer noopener\">Olvass bele a k\u00f6nyvbe!<\/a><\/p>\n<p><strong>V\u00e1llalati n\u00f6veked\u00e9s az emberek fejleszt\u00e9se \u00e1ltal<\/strong><\/p>\n<p>Melyek azok a vezet\u0151i titkok, amelyekkel a lean \u00edg\u00e9reteit val\u00f3ra lehet v\u00e1ltani? Michael \u00e9s Freddy Ball\u00e9 most felfedi, hogy a vezet\u0151 szervezetek mik\u00e9pp haszn\u00e1lj\u00e1k a lean gyakorlat\u00e1t a tart\u00f3s siker el\u00e9r\u00e9s\u00e9nek \u00e9rdek\u00e9ben, s milyen j\u00f3l bev\u00e1lt eszk\u00f6z\u00f6ket \u00e9s technik\u00e1kat vetnek be az emberek fejleszt\u00e9s\u00e9ben.<\/p>\n<p>A reg\u00e9ny meggy\u0151z\u0151en mutatja be, hogyan lehet egy v\u00e1llalkoz\u00e1st n\u00f6veked\u00e9si p\u00e1ly\u00e1ra \u00e1ll\u00edtani azzal, hogy az emberekre \u00f6sszpontos\u00edtunk. A t\u00f6rt\u00e9netben Andy Ward sensei Jane Delaney vez\u00e9rigazgat\u00f3t tan\u00edtja meg arra, hogyan vesse be tudatosan a lean vezet\u00e9si eszk\u00f6z\u00f6ket a szem\u00e9lyes kompetenci\u00e1i fejleszt\u00e9s\u00e9re, \u00e9s mik\u00e9nt \u00e9rje el, hogy v\u00e1llalata c\u00e9ltudatosan \u00e9s folyamatosan fejlessze a mindennapi munkav\u00e9gz\u00e9st. Jane felismeri: ahhoz, hogy m\u00e1sokat megv\u00e1ltoztasson, el\u0151sz\u00f6r \u00f6nmag\u00e1t kell megv\u00e1ltoztatnia. A feladat nem az, hogy puszt\u00e1n alkalmazza a lean elveket, hanem az, hogy saj\u00e1t maga is lean szeml\u00e9let\u0171 vezet\u0151v\u00e9 v\u00e1ljon.<\/p>\n<p>Ismerd meg azokat az elveket, melyek \u00e1ltal az embereket hat\u00e9konyan lehet fejleszteni a folyamatelv\u0171s\u00e9g seg\u00edts\u00e9g\u00e9vel! Tudj meg szinte mindent a tiszteleten alapul\u00f3 vezet\u00e9s m\u0171k\u00f6d\u00e9s\u00e9r\u0151l! Ez a fajta vezet\u00e9s a szervezet minden egyes szintj\u00e9t \u00e9rint\u0151 probl\u00e9mamegold\u00e1sok, a k\u00e9rdez\u00e9salap\u00fa mentor\u00e1l\u00e1s \u00e9s a technikai k\u00e9szs\u00e9gek fejleszt\u00e9se \u00e1ltal k\u00f6ti \u00f6ssze a vev\u0151ket \u00e9s a munkav\u00e1llal\u00f3kat.<\/p>\n<p style=\"text-align: center;\"><img fetchpriority=\"high\" decoding=\"async\" class=\"alignnone size-full wp-image-1052\" src=\"https:\/\/lean.org.hu\/wp-content\/uploads\/2020\/09\/LWR_t\u00e1mogat\u00f3k-e1599134263921.png\" alt=\"tisztelet ereje t\u00e1mogat\u00f3i MOL Eisberg\" width=\"600\" height=\"209\" srcset=\"https:\/\/lean.org.hu\/wp-content\/uploads\/2020\/09\/LWR_t\u00e1mogat\u00f3k-e1599134263921.png 600w, https:\/\/lean.org.hu\/wp-content\/uploads\/2020\/09\/LWR_t\u00e1mogat\u00f3k-e1599134263921-200x70.png 200w, https:\/\/lean.org.hu\/wp-content\/uploads\/2020\/09\/LWR_t\u00e1mogat\u00f3k-e1599134263921-300x105.png 300w\" sizes=\"(max-width: 600px) 100vw, 600px\" \/><\/p>\n<p>ISBN 978-963-12-2357-6<br \/>\nTerjedelem: 228 oldal (145\u00d7205 mm)<\/p>","protected":false},"excerpt":{"rendered":"<p><em>\u201eSz\u00e1munkra a lean l\u00e9nyege az, hogy arra \u00f6szt\u00f6k\u00e9lj\u00fck magunkat \u00e9s egym\u00e1st is, hogy megtal\u00e1ljuk az igazi probl\u00e9m\u00e1kat, \u00e9s minden nap kem\u00e9nyen dolgozzunk azon, hogy az embereket bevonjuk azok megold\u00e1s\u00e1ba.\u201d<\/em><\/p>","protected":false},"featured_media":66724,"template":"","meta":{"_eb_attr":""},"product_brand":[],"product_cat":[180,182,173],"product_tag":[],"class_list":{"0":"post-1048","1":"product","2":"type-product","3":"status-publish","4":"has-post-thumbnail","6":"product_cat-lean-konyvek-lean-vezetes","7":"product_cat-lean-konyvek-konnyed-olvasmanyok","8":"product_cat-lean-konyvesbolt","9":"infinite-scroll-item","10":"no-featured-image-padding","11":"sales-flash-overlay","12":"woocommerce-text-align-left","13":"woocommerce-image-align-left","14":"do-quantity-buttons","16":"first","17":"instock","18":"taxable","19":"shipping-taxable","20":"purchasable","21":"product-type-variable"},"yoast_head":"<!-- This site is optimized with the Yoast SEO plugin v27.4 - https:\/\/yoast.com\/product\/yoast-seo-wordpress\/ -->\n<title>A tisztelet ereje - Reg\u00e9ny a lean szeml\u00e9let\u0171 vezet\u00e9sr\u0151l - LEI<\/title>\n<meta name=\"description\" content=\"A tisztelet ereje meggy\u0151z\u0151en mutatja be, hogyan lehet egy v\u00e1llalkoz\u00e1st n\u00f6veked\u00e9si p\u00e1ly\u00e1ra \u00e1ll\u00edtani azzal, hogy az emberekre \u00f6sszpontos\u00edtunk.\" \/>\n<meta name=\"robots\" content=\"index, follow, max-snippet:-1, max-image-preview:large, max-video-preview:-1\" \/>\n<link rel=\"canonical\" href=\"https:\/\/lean.org.hu\/en\/lean-konyvesbolt\/a-tisztelet-ereje-lead-with-respect\/\" \/>\n<meta property=\"og:locale\" content=\"en_GB\" \/>\n<meta property=\"og:type\" content=\"article\" \/>\n<meta property=\"og:title\" content=\"A tisztelet ereje - reg\u00e9ny a lean szeml\u00e9let\u0171 vezet\u00e9sr\u0151l\" \/>\n<meta property=\"og:description\" content=\"A tisztelet ereje meggy\u0151z\u0151en mutatja be, hogyan lehet egy v\u00e1llalkoz\u00e1st n\u00f6veked\u00e9si p\u00e1ly\u00e1ra \u00e1ll\u00edtani azzal, hogy az emberekre \u00f6sszpontos\u00edtunk.\" \/>\n<meta property=\"og:url\" content=\"https:\/\/lean.org.hu\/en\/lean-konyvesbolt\/a-tisztelet-ereje-lead-with-respect\/\" \/>\n<meta property=\"og:site_name\" content=\"LEI\" \/>\n<meta property=\"article:publisher\" content=\"https:\/\/www.facebook.com\/LEI.Hungary\" \/>\n<meta property=\"article:modified_time\" content=\"2026-02-12T13:42:35+00:00\" \/>\n<meta property=\"og:image\" content=\"https:\/\/lean.org.hu\/wp-content\/uploads\/2020\/09\/lwr_fb_da.png\" \/>\n\t<meta property=\"og:image:width\" content=\"1200\" \/>\n\t<meta property=\"og:image:height\" content=\"628\" \/>\n\t<meta property=\"og:image:type\" content=\"image\/png\" \/>\n<meta name=\"twitter:card\" content=\"summary_large_image\" \/>\n<meta name=\"twitter:label1\" content=\"Estimated reading time\" \/>\n\t<meta name=\"twitter:data1\" content=\"3 minutes\" \/>\n<script type=\"application\/ld+json\" class=\"yoast-schema-graph\">{\"@context\":\"https:\\\/\\\/schema.org\",\"@graph\":[{\"@type\":\"WebPage\",\"@id\":\"https:\\\/\\\/lean.org.hu\\\/lean-konyvesbolt\\\/a-tisztelet-ereje-lead-with-respect\\\/\",\"url\":\"https:\\\/\\\/lean.org.hu\\\/lean-konyvesbolt\\\/a-tisztelet-ereje-lead-with-respect\\\/\",\"name\":\"A tisztelet ereje - Reg\u00e9ny a lean szeml\u00e9let\u0171 vezet\u00e9sr\u0151l - LEI\",\"isPartOf\":{\"@id\":\"https:\\\/\\\/lean.org.hu\\\/#website\"},\"primaryImageOfPage\":{\"@id\":\"https:\\\/\\\/lean.org.hu\\\/lean-konyvesbolt\\\/a-tisztelet-ereje-lead-with-respect\\\/#primaryimage\"},\"image\":{\"@id\":\"https:\\\/\\\/lean.org.hu\\\/lean-konyvesbolt\\\/a-tisztelet-ereje-lead-with-respect\\\/#primaryimage\"},\"thumbnailUrl\":\"https:\\\/\\\/lean.org.hu\\\/wp-content\\\/uploads\\\/2020\\\/09\\\/LWR-1.jpg\",\"datePublished\":\"2020-09-22T09:52:55+00:00\",\"dateModified\":\"2026-02-12T13:42:35+00:00\",\"description\":\"A tisztelet ereje meggy\u0151z\u0151en mutatja be, hogyan lehet egy v\u00e1llalkoz\u00e1st n\u00f6veked\u00e9si p\u00e1ly\u00e1ra \u00e1ll\u00edtani azzal, hogy az emberekre \u00f6sszpontos\u00edtunk.\",\"breadcrumb\":{\"@id\":\"https:\\\/\\\/lean.org.hu\\\/lean-konyvesbolt\\\/a-tisztelet-ereje-lead-with-respect\\\/#breadcrumb\"},\"inLanguage\":\"en-GB\",\"potentialAction\":[{\"@type\":\"ReadAction\",\"target\":[\"https:\\\/\\\/lean.org.hu\\\/lean-konyvesbolt\\\/a-tisztelet-ereje-lead-with-respect\\\/\"]}]},{\"@type\":\"ImageObject\",\"inLanguage\":\"en-GB\",\"@id\":\"https:\\\/\\\/lean.org.hu\\\/lean-konyvesbolt\\\/a-tisztelet-ereje-lead-with-respect\\\/#primaryimage\",\"url\":\"https:\\\/\\\/lean.org.hu\\\/wp-content\\\/uploads\\\/2020\\\/09\\\/LWR-1.jpg\",\"contentUrl\":\"https:\\\/\\\/lean.org.hu\\\/wp-content\\\/uploads\\\/2020\\\/09\\\/LWR-1.jpg\",\"width\":425,\"height\":600,\"caption\":\"A tisztelet ereje\"},{\"@type\":\"BreadcrumbList\",\"@id\":\"https:\\\/\\\/lean.org.hu\\\/lean-konyvesbolt\\\/a-tisztelet-ereje-lead-with-respect\\\/#breadcrumb\",\"itemListElement\":[{\"@type\":\"ListItem\",\"position\":1,\"name\":\"Kezd\u0151lap\",\"item\":\"https:\\\/\\\/lean.org.hu\\\/\"},{\"@type\":\"ListItem\",\"position\":2,\"name\":\"Web\u00e1ruh\u00e1z oldal\",\"item\":\"http:\\\/\\\/lean.org.hu\\\/en\\\/webaruhaz-aloldal\\\/\"},{\"@type\":\"ListItem\",\"position\":3,\"name\":\"A tisztelet ereje &#8211; Reg\u00e9ny a lean szeml\u00e9let\u0171 vezet\u00e9sr\u0151l\"}]},{\"@type\":\"WebSite\",\"@id\":\"https:\\\/\\\/lean.org.hu\\\/#website\",\"url\":\"https:\\\/\\\/lean.org.hu\\\/\",\"name\":\"LEI\",\"description\":\"\",\"publisher\":{\"@id\":\"https:\\\/\\\/lean.org.hu\\\/#organization\"},\"potentialAction\":[{\"@type\":\"SearchAction\",\"target\":{\"@type\":\"EntryPoint\",\"urlTemplate\":\"https:\\\/\\\/lean.org.hu\\\/?s={search_term_string}\"},\"query-input\":{\"@type\":\"PropertyValueSpecification\",\"valueRequired\":true,\"valueName\":\"search_term_string\"}}],\"inLanguage\":\"en-GB\"},{\"@type\":\"Organization\",\"@id\":\"https:\\\/\\\/lean.org.hu\\\/#organization\",\"name\":\"LEI\",\"url\":\"https:\\\/\\\/lean.org.hu\\\/\",\"logo\":{\"@type\":\"ImageObject\",\"inLanguage\":\"en-GB\",\"@id\":\"https:\\\/\\\/lean.org.hu\\\/#\\\/schema\\\/logo\\\/image\\\/\",\"url\":\"https:\\\/\\\/lean.org.hu\\\/wp-content\\\/uploads\\\/2020\\\/07\\\/cropped-lean_logo_final_color_horizontal.png\",\"contentUrl\":\"https:\\\/\\\/lean.org.hu\\\/wp-content\\\/uploads\\\/2020\\\/07\\\/cropped-lean_logo_final_color_horizontal.png\",\"width\":779,\"height\":288,\"caption\":\"LEI\"},\"image\":{\"@id\":\"https:\\\/\\\/lean.org.hu\\\/#\\\/schema\\\/logo\\\/image\\\/\"},\"sameAs\":[\"https:\\\/\\\/www.facebook.com\\\/LEI.Hungary\",\"https:\\\/\\\/www.linkedin.com\\\/company\\\/lean-enterprise-institute-hungary\"]}]}<\/script>\n<!-- \/ Yoast SEO plugin. -->","yoast_head_json":{"title":"A tisztelet ereje - Reg\u00e9ny a lean szeml\u00e9let\u0171 vezet\u00e9sr\u0151l - LEI","description":"A tisztelet ereje meggy\u0151z\u0151en mutatja be, hogyan lehet egy v\u00e1llalkoz\u00e1st n\u00f6veked\u00e9si p\u00e1ly\u00e1ra \u00e1ll\u00edtani azzal, hogy az emberekre \u00f6sszpontos\u00edtunk.","robots":{"index":"index","follow":"follow","max-snippet":"max-snippet:-1","max-image-preview":"max-image-preview:large","max-video-preview":"max-video-preview:-1"},"canonical":"https:\/\/lean.org.hu\/en\/lean-konyvesbolt\/a-tisztelet-ereje-lead-with-respect\/","og_locale":"en_GB","og_type":"article","og_title":"A tisztelet ereje - reg\u00e9ny a lean szeml\u00e9let\u0171 vezet\u00e9sr\u0151l","og_description":"A tisztelet ereje meggy\u0151z\u0151en mutatja be, hogyan lehet egy v\u00e1llalkoz\u00e1st n\u00f6veked\u00e9si p\u00e1ly\u00e1ra \u00e1ll\u00edtani azzal, hogy az emberekre \u00f6sszpontos\u00edtunk.","og_url":"https:\/\/lean.org.hu\/en\/lean-konyvesbolt\/a-tisztelet-ereje-lead-with-respect\/","og_site_name":"LEI","article_publisher":"https:\/\/www.facebook.com\/LEI.Hungary","article_modified_time":"2026-02-12T13:42:35+00:00","og_image":[{"width":1200,"height":628,"url":"https:\/\/lean.org.hu\/wp-content\/uploads\/2020\/09\/lwr_fb_da.png","type":"image\/png"}],"twitter_card":"summary_large_image","twitter_misc":{"Estimated reading time":"3 minutes"},"schema":{"@context":"https:\/\/schema.org","@graph":[{"@type":"WebPage","@id":"https:\/\/lean.org.hu\/lean-konyvesbolt\/a-tisztelet-ereje-lead-with-respect\/","url":"https:\/\/lean.org.hu\/lean-konyvesbolt\/a-tisztelet-ereje-lead-with-respect\/","name":"A tisztelet ereje - Reg\u00e9ny a lean szeml\u00e9let\u0171 vezet\u00e9sr\u0151l - LEI","isPartOf":{"@id":"https:\/\/lean.org.hu\/#website"},"primaryImageOfPage":{"@id":"https:\/\/lean.org.hu\/lean-konyvesbolt\/a-tisztelet-ereje-lead-with-respect\/#primaryimage"},"image":{"@id":"https:\/\/lean.org.hu\/lean-konyvesbolt\/a-tisztelet-ereje-lead-with-respect\/#primaryimage"},"thumbnailUrl":"https:\/\/lean.org.hu\/wp-content\/uploads\/2020\/09\/LWR-1.jpg","datePublished":"2020-09-22T09:52:55+00:00","dateModified":"2026-02-12T13:42:35+00:00","description":"A tisztelet ereje meggy\u0151z\u0151en mutatja be, hogyan lehet egy v\u00e1llalkoz\u00e1st n\u00f6veked\u00e9si p\u00e1ly\u00e1ra \u00e1ll\u00edtani azzal, hogy az emberekre \u00f6sszpontos\u00edtunk.","breadcrumb":{"@id":"https:\/\/lean.org.hu\/lean-konyvesbolt\/a-tisztelet-ereje-lead-with-respect\/#breadcrumb"},"inLanguage":"en-GB","potentialAction":[{"@type":"ReadAction","target":["https:\/\/lean.org.hu\/lean-konyvesbolt\/a-tisztelet-ereje-lead-with-respect\/"]}]},{"@type":"ImageObject","inLanguage":"en-GB","@id":"https:\/\/lean.org.hu\/lean-konyvesbolt\/a-tisztelet-ereje-lead-with-respect\/#primaryimage","url":"https:\/\/lean.org.hu\/wp-content\/uploads\/2020\/09\/LWR-1.jpg","contentUrl":"https:\/\/lean.org.hu\/wp-content\/uploads\/2020\/09\/LWR-1.jpg","width":425,"height":600,"caption":"A tisztelet ereje"},{"@type":"BreadcrumbList","@id":"https:\/\/lean.org.hu\/lean-konyvesbolt\/a-tisztelet-ereje-lead-with-respect\/#breadcrumb","itemListElement":[{"@type":"ListItem","position":1,"name":"Kezd\u0151lap","item":"https:\/\/lean.org.hu\/"},{"@type":"ListItem","position":2,"name":"Web\u00e1ruh\u00e1z oldal","item":"http:\/\/lean.org.hu\/en\/webaruhaz-aloldal\/"},{"@type":"ListItem","position":3,"name":"A tisztelet ereje &#8211; Reg\u00e9ny a lean szeml\u00e9let\u0171 vezet\u00e9sr\u0151l"}]},{"@type":"WebSite","@id":"https:\/\/lean.org.hu\/#website","url":"https:\/\/lean.org.hu\/","name":"LEI","description":"","publisher":{"@id":"https:\/\/lean.org.hu\/#organization"},"potentialAction":[{"@type":"SearchAction","target":{"@type":"EntryPoint","urlTemplate":"https:\/\/lean.org.hu\/?s={search_term_string}"},"query-input":{"@type":"PropertyValueSpecification","valueRequired":true,"valueName":"search_term_string"}}],"inLanguage":"en-GB"},{"@type":"Organization","@id":"https:\/\/lean.org.hu\/#organization","name":"LEI","url":"https:\/\/lean.org.hu\/","logo":{"@type":"ImageObject","inLanguage":"en-GB","@id":"https:\/\/lean.org.hu\/#\/schema\/logo\/image\/","url":"https:\/\/lean.org.hu\/wp-content\/uploads\/2020\/07\/cropped-lean_logo_final_color_horizontal.png","contentUrl":"https:\/\/lean.org.hu\/wp-content\/uploads\/2020\/07\/cropped-lean_logo_final_color_horizontal.png","width":779,"height":288,"caption":"LEI"},"image":{"@id":"https:\/\/lean.org.hu\/#\/schema\/logo\/image\/"},"sameAs":["https:\/\/www.facebook.com\/LEI.Hungary","https:\/\/www.linkedin.com\/company\/lean-enterprise-institute-hungary"]}]}},"_links":{"self":[{"href":"https:\/\/lean.org.hu\/en\/wp-json\/wp\/v2\/product\/1048","targetHints":{"allow":["GET"]}}],"collection":[{"href":"https:\/\/lean.org.hu\/en\/wp-json\/wp\/v2\/product"}],"about":[{"href":"https:\/\/lean.org.hu\/en\/wp-json\/wp\/v2\/types\/product"}],"wp:featuredmedia":[{"embeddable":true,"href":"https:\/\/lean.org.hu\/en\/wp-json\/wp\/v2\/media\/66724"}],"wp:attachment":[{"href":"https:\/\/lean.org.hu\/en\/wp-json\/wp\/v2\/media?parent=1048"}],"wp:term":[{"taxonomy":"product_brand","embeddable":true,"href":"https:\/\/lean.org.hu\/en\/wp-json\/wp\/v2\/product_brand?post=1048"},{"taxonomy":"product_cat","embeddable":true,"href":"https:\/\/lean.org.hu\/en\/wp-json\/wp\/v2\/product_cat?post=1048"},{"taxonomy":"product_tag","embeddable":true,"href":"https:\/\/lean.org.hu\/en\/wp-json\/wp\/v2\/product_tag?post=1048"}],"curies":[{"name":"wp","href":"https:\/\/api.w.org\/{rel}","templated":true}]}}