{"id":1042,"date":"2020-09-21T11:33:09","date_gmt":"2020-09-21T09:33:09","guid":{"rendered":"http:\/\/generaciokpartnere.hu\/leiwp\/?post_type=product&#038;p=1042"},"modified":"2026-02-12T14:41:19","modified_gmt":"2026-02-12T13:41:19","slug":"a-menedzsment-munkaja","status":"publish","type":"product","link":"https:\/\/lean.org.hu\/en\/lean-konyvesbolt\/a-menedzsment-munkaja\/","title":{"rendered":"A menedzsment munk\u00e1ja"},"content":{"rendered":"<p><strong>A menedzsment munk\u00e1ja\u00a0<\/strong><em>(<\/em><em>The Work of Management)<\/em><strong><br \/>\n<\/strong>Jim Lancaster \u00e9s Emily Adams<\/p>\n<p>A k\u00f6nyv szerz\u0151je Jim Lancaster, a Lantech v\u00e1llalat vez\u00e9rigazgat\u00f3ja, aki els\u0151 k\u00e9zb\u0151l, \u0151szint\u00e9n sz\u00e1mol be arr\u00f3l, milyen szem\u00e9lyes \u00e1talakul\u00e1son ment kereszt\u00fcl vezet\u0151k\u00e9nt, tov\u00e1bb\u00e1 miben nyilv\u00e1nul meg sz\u00e1m\u00e1ra a menedzsment munk\u00e1ja. A k\u00f6nyvet \u2013 amely egyben gyakorlati, r\u00e9szletes \u00fczleti esettanulm\u00e1ny is a Lantech lean transzform\u00e1ci\u00f3j\u00e1r\u00f3l, visszaes\u00e9s\u00e9r\u0151l \u00e9s visszat\u00e9r\u00e9s\u00e9r\u0151l \u2013 nem csup\u00e1n az amerikai, hanem m\u00e1s orsz\u00e1gok gy\u00e1rt\u00f3- \u00e9s egy\u00e9b ipar\u00e1gainak szerepl\u0151i is haszonnal forgathatj\u00e1k a saj\u00e1t \u00e1talakul\u00e1suk el\u0151seg\u00edt\u00e9s\u00e9re.<\/p>\n<p>A Lantech v\u00e1llalat neve ismer\u0151sen csenghet a\u00a0<a href=\"https:\/\/lean.org.hu\/en\/konyvesbolt\/lean-szemlelet-lean-thinking\/\"><em>Lean szeml\u00e9let<\/em><\/a>\u00a0c\u00edm\u0171 gondolat\u00e9breszt\u0151 k\u00f6nyv 6. fejezet\u00e9b\u0151l, melyben a szerz\u0151k a v\u00e1llalatot a lean gy\u00e1rt\u00f3k els\u0151rang\u00fa p\u00e9ld\u00e1jak\u00e9nt mutatt\u00e1k be.<\/p>\n<p>\u00c9rdekel\u00a0az ut\u00f3bbi \u00e9vek egyik legfontosabb lean kiadv\u00e1ny\u00e1nak \u00edg\u00e9rkez\u0151\u00a0\u00a0<em>A menedzsment munk\u00e1ja<\/em>\u00a0c\u00edm\u0171 m\u0171?<\/p>\n<p id=\"wombetekinto\" style=\"text-align: center;\"><a class=\"wp-block-button__link\" style=\"border-radius: 5px;\" href=\"https:\/\/drive.google.com\/file\/d\/1CNdGTI44tF7c4nQVaLCOMQ7H52ekP2Px\/view?usp=sharing\" target=\"_blank\" rel=\"noreferrer noopener\">Olvass bele a k\u00f6nyvbe!<\/a><\/p>\n<p>A sodr\u00f3 lend\u00fclet\u0171 m\u0171ben Lancaster a k\u00f6vetkez\u0151kre t\u00e9r ki r\u00e9szletesen:<\/p>\n<ul>\n<li>Mi\u00e9rt kezdett el egy id\u0151 ut\u00e1n a Lantech \u2013 amely egy \u00e9vtizeden \u00e1t remek\u00fcl alkalmazta a lean szeml\u00e9letet \u2013 k\u00fcszk\u00f6dni, hogy megtartsa a nyeres\u00e9get \u00e9s jav\u00edtsa a p\u00e9nz\u00fcgyi teljes\u00edtm\u00e9ny\u00e9t?<\/li>\n<li>Hogyan v\u00e1lik a gemb\u00e1n t\u00f6lt\u00f6tt 60-90 perces napi menedzsmentrutin a vez\u00e9rigazgat\u00f3 napj\u00e1nak legfontosabb id\u0151szak\u00e1v\u00e1 az \u00fczlet fenntart\u00e1sa \u00e9s n\u00f6veked\u00e9se \u00e9rdek\u00e9ben?<\/li>\n<li>Melyik az a nyolc l\u00e9p\u00e9s, amely seg\u00edts\u00e9g\u00e9vel a fels\u0151 vezet\u0151k biztos k\u00e9zzel ir\u00e1ny\u00edthatj\u00e1k a pr\u00f3b\u00e1lkoz\u00e1sokat, hogy egy bombabiztos, val\u00f3s idej\u0171 menedzsmentrendszert hozzanak l\u00e9tre k\u00f6lts\u00e9ges szak\u00e9rt\u0151k bevon\u00e1sa n\u00e9lk\u00fcl?<\/li>\n<li>Mi\u00e9rt ig\u00e9nyli a napi menedzsment a szok\u00e1sos menedzseri mentalit\u00e1s \u00e9s viselked\u00e9s jelent\u0151s v\u00e1ltoz\u00e1s\u00e1t, azaz elt\u00e1volod\u00e1st az utas\u00edt\u00e1sokt\u00f3l \u00e9s \u00edt\u00e9lkez\u00e9st\u0151l a k\u00e9rd\u00e9sfeltev\u00e9s \u00e9s a j\u00f3 munkav\u00e9gz\u00e9s lehet\u0151v\u00e9 t\u00e9tele fel\u00e9 az als\u00f3bb szinteken is, hogy a sz\u00e1mszer\u0171s\u00edtett c\u00e9lkit\u0171z\u00e9sek rutinszer\u0171en teljes\u00fcljenek?<\/li>\n<li>Hogyan hoz dr\u00e1mai, pozit\u00edv, p\u00e9nz\u00fcgyileg is kimutathat\u00f3 v\u00e1ltoz\u00e1st a napi menedzsmentrendszer \u00e9s a fenntarthat\u00f3 folyamatos fejl\u0151d\u00e9s?<\/li>\n<\/ul>\n<p>A k\u00f6nyv \u0151szint\u00e9n mutatja be, hogy a Lantech vez\u00e9rigazgat\u00f3ja hogyan \u00e9li meg az egy\u00e9bk\u00e9nt mindenkinek k\u00fczdelmet jelent\u0151 kih\u00edv\u00e1sokat, a napi menedzsmentrendszert\u0151l kezdve a fenntarthat\u00f3s\u00e1gon \u00e1t eg\u00e9szen a vezet\u0151k megnyer\u00e9s\u00e9ig.<\/p>\n<p><em>&#8222;A k\u00f6nyv r\u00e1mutatott, mi volt a hi\u00e1nyz\u00f3 l\u00e1ncszem a vezet\u0151i rendszer\u00fcnkben, amelyt\u0151l az \u00fcgyf\u00e9l-el\u00e9gedetts\u00e9g n\u0151ni kezdett, a folyamatok javultak, a hib\u00e1k cs\u00f6kkentek, \u00e9s az alkalmazottak lojalit\u00e1sa is emelkedett. R\u00e1vezeti az olvas\u00f3t arra is, hogyan kell l\u00e9trehozni val\u00f3s idej\u0171 d\u00f6nt\u00e9shozatalt, azaz hogyan \u00e9rdemes sz\u00e1mon k\u00e9rni a h\u00e9tk\u00f6znapi probl\u00e9mamegold\u00e1sokat, ami egy\u00e9bk\u00e9nt az innov\u00e1ci\u00f3 motorja. Vil\u00e1gosan le\u00edrja azt is, hogy napi szinten mire van sz\u00fcks\u00e9ge egy vezet\u0151nek \u2013 ak\u00e1r frontvonalbeli menedzserr\u0151l, ak\u00e1r fels\u0151 vezet\u0151r\u0151l van sz\u00f3 \u2013 ahhoz, hogy megtal\u00e1lja azt a rendk\u00edv\u00fcl keskeny, k\u00e9nyes utat a mikromenedzsment \u00e9s a ter\u00fclett\u0151l val\u00f3 t\u00fals\u00e1gos elt\u00e1volod\u00e1s k\u00f6z\u00f6tt, ahol az igazi csod\u00e1k megt\u00f6rt\u00e9nnek.&#8221;<\/em><\/p>\n<p style=\"text-align: right;\"><strong>Kovach Anton<\/strong><br \/>\nvez\u00e9rigazgat\u00f3<br \/>\nShiwaForce.com<\/p>\n<p style=\"text-align: center;\"><strong>T\u00e1mogat\u00f3nk<\/strong><\/p>\n<p><img decoding=\"async\" class=\"size-full wp-image-914 aligncenter\" src=\"https:\/\/lean.org.hu\/wp-content\/uploads\/2020\/08\/shiwaforce-1.jpg\" alt=\"\" width=\"250\" height=\"125\" srcset=\"https:\/\/lean.org.hu\/wp-content\/uploads\/2020\/08\/shiwaforce-1.jpg 250w, https:\/\/lean.org.hu\/wp-content\/uploads\/2020\/08\/shiwaforce-1-200x100.jpg 200w\" sizes=\"(max-width: 250px) 100vw, 250px\" \/><\/p>\n<p>ISBN 978-963-12-8538-3<br \/>\nTerjedelem:\u00a0162 oldal (145\u00d7205 mm)<\/p>","protected":false},"excerpt":{"rendered":"<p><em>\u201cA k\u00f6nyv \u0151szint\u00e9n mutatja be, hogy a Lantech vez\u00e9rigazgat\u00f3ja hogyan \u00e9li meg az egy\u00e9bk\u00e9nt mindenkinek k\u00fczdelmet jelent\u0151 kih\u00edv\u00e1sokat\u201d<\/em><\/p>","protected":false},"featured_media":66734,"template":"","meta":{"_eb_attr":""},"product_brand":[],"product_cat":[180,179,173],"product_tag":[],"class_list":{"0":"post-1042","1":"product","2":"type-product","3":"status-publish","4":"has-post-thumbnail","6":"product_cat-lean-konyvek-lean-vezetes","7":"product_cat-lean-konyvek-esettanulmanyok","8":"product_cat-lean-konyvesbolt","9":"infinite-scroll-item","10":"no-featured-image-padding","11":"sales-flash-overlay","12":"woocommerce-text-align-left","13":"woocommerce-image-align-left","14":"do-quantity-buttons","16":"first","17":"instock","18":"taxable","19":"shipping-taxable","20":"purchasable","21":"product-type-variable"},"yoast_head":"<!-- This site is optimized with the Yoast SEO plugin v27.4 - https:\/\/yoast.com\/product\/yoast-seo-wordpress\/ -->\n<title>A menedzsment munk\u00e1ja - Napi rutin a fenntarthat\u00f3 fejl\u0151d\u00e9shez - LEI<\/title>\n<meta name=\"description\" content=\"Tedd er\u0151sebb\u00e9 \u00e9s rugalmasabb\u00e1 a folyamatokat! A menedzsment munk\u00e1ja seg\u00edt meg\u00e9rteni mekkora szerepe van a napi rutinnak a c\u00e9g siker\u00e9ben....\" \/>\n<meta name=\"robots\" content=\"index, follow, max-snippet:-1, max-image-preview:large, max-video-preview:-1\" \/>\n<link rel=\"canonical\" href=\"https:\/\/lean.org.hu\/en\/lean-konyvesbolt\/a-menedzsment-munkaja\/\" \/>\n<meta property=\"og:locale\" content=\"en_GB\" \/>\n<meta property=\"og:type\" content=\"article\" \/>\n<meta property=\"og:title\" content=\"A menedzsment munk\u00e1ja - Napi rutin a fenntarthat\u00f3 fejl\u0151d\u00e9shez\" \/>\n<meta property=\"og:description\" content=\"Tedd er\u0151sebb\u00e9 \u00e9s rugalmasabb\u00e1 a folyamatokat! A menedzsment munk\u00e1ja seg\u00edt meg\u00e9rteni mekkora szerepe van a napi rutinnak a c\u00e9g siker\u00e9ben....\" \/>\n<meta property=\"og:url\" content=\"https:\/\/lean.org.hu\/en\/lean-konyvesbolt\/a-menedzsment-munkaja\/\" \/>\n<meta property=\"og:site_name\" content=\"LEI\" \/>\n<meta property=\"article:publisher\" content=\"https:\/\/www.facebook.com\/LEI.Hungary\" \/>\n<meta property=\"article:modified_time\" content=\"2026-02-12T13:41:19+00:00\" \/>\n<meta property=\"og:image\" content=\"https:\/\/lean.org.hu\/wp-content\/uploads\/2020\/09\/WOM-1.jpg\" \/>\n\t<meta property=\"og:image:width\" content=\"425\" \/>\n\t<meta property=\"og:image:height\" content=\"600\" \/>\n\t<meta property=\"og:image:type\" content=\"image\/jpeg\" \/>\n<meta name=\"twitter:card\" content=\"summary_large_image\" \/>\n<meta name=\"twitter:label1\" content=\"Estimated reading time\" \/>\n\t<meta name=\"twitter:data1\" content=\"3 minutes\" \/>\n<script type=\"application\/ld+json\" class=\"yoast-schema-graph\">{\"@context\":\"https:\\\/\\\/schema.org\",\"@graph\":[{\"@type\":\"WebPage\",\"@id\":\"https:\\\/\\\/lean.org.hu\\\/lean-konyvesbolt\\\/a-menedzsment-munkaja\\\/\",\"url\":\"https:\\\/\\\/lean.org.hu\\\/lean-konyvesbolt\\\/a-menedzsment-munkaja\\\/\",\"name\":\"A menedzsment munk\u00e1ja - Napi rutin a fenntarthat\u00f3 fejl\u0151d\u00e9shez - LEI\",\"isPartOf\":{\"@id\":\"https:\\\/\\\/lean.org.hu\\\/#website\"},\"primaryImageOfPage\":{\"@id\":\"https:\\\/\\\/lean.org.hu\\\/lean-konyvesbolt\\\/a-menedzsment-munkaja\\\/#primaryimage\"},\"image\":{\"@id\":\"https:\\\/\\\/lean.org.hu\\\/lean-konyvesbolt\\\/a-menedzsment-munkaja\\\/#primaryimage\"},\"thumbnailUrl\":\"https:\\\/\\\/lean.org.hu\\\/wp-content\\\/uploads\\\/2020\\\/09\\\/WOM-1.jpg\",\"datePublished\":\"2020-09-21T09:33:09+00:00\",\"dateModified\":\"2026-02-12T13:41:19+00:00\",\"description\":\"Tedd er\u0151sebb\u00e9 \u00e9s rugalmasabb\u00e1 a folyamatokat! A menedzsment munk\u00e1ja seg\u00edt meg\u00e9rteni mekkora szerepe van a napi rutinnak a c\u00e9g siker\u00e9ben....\",\"breadcrumb\":{\"@id\":\"https:\\\/\\\/lean.org.hu\\\/lean-konyvesbolt\\\/a-menedzsment-munkaja\\\/#breadcrumb\"},\"inLanguage\":\"en-GB\",\"potentialAction\":[{\"@type\":\"ReadAction\",\"target\":[\"https:\\\/\\\/lean.org.hu\\\/lean-konyvesbolt\\\/a-menedzsment-munkaja\\\/\"]}]},{\"@type\":\"ImageObject\",\"inLanguage\":\"en-GB\",\"@id\":\"https:\\\/\\\/lean.org.hu\\\/lean-konyvesbolt\\\/a-menedzsment-munkaja\\\/#primaryimage\",\"url\":\"https:\\\/\\\/lean.org.hu\\\/wp-content\\\/uploads\\\/2020\\\/09\\\/WOM-1.jpg\",\"contentUrl\":\"https:\\\/\\\/lean.org.hu\\\/wp-content\\\/uploads\\\/2020\\\/09\\\/WOM-1.jpg\",\"width\":425,\"height\":600,\"caption\":\"A menedzsment munk\u00e1ja\"},{\"@type\":\"BreadcrumbList\",\"@id\":\"https:\\\/\\\/lean.org.hu\\\/lean-konyvesbolt\\\/a-menedzsment-munkaja\\\/#breadcrumb\",\"itemListElement\":[{\"@type\":\"ListItem\",\"position\":1,\"name\":\"Kezd\u0151lap\",\"item\":\"https:\\\/\\\/lean.org.hu\\\/\"},{\"@type\":\"ListItem\",\"position\":2,\"name\":\"Web\u00e1ruh\u00e1z oldal\",\"item\":\"http:\\\/\\\/lean.org.hu\\\/en\\\/webaruhaz-aloldal\\\/\"},{\"@type\":\"ListItem\",\"position\":3,\"name\":\"A menedzsment munk\u00e1ja\"}]},{\"@type\":\"WebSite\",\"@id\":\"https:\\\/\\\/lean.org.hu\\\/#website\",\"url\":\"https:\\\/\\\/lean.org.hu\\\/\",\"name\":\"LEI\",\"description\":\"\",\"publisher\":{\"@id\":\"https:\\\/\\\/lean.org.hu\\\/#organization\"},\"potentialAction\":[{\"@type\":\"SearchAction\",\"target\":{\"@type\":\"EntryPoint\",\"urlTemplate\":\"https:\\\/\\\/lean.org.hu\\\/?s={search_term_string}\"},\"query-input\":{\"@type\":\"PropertyValueSpecification\",\"valueRequired\":true,\"valueName\":\"search_term_string\"}}],\"inLanguage\":\"en-GB\"},{\"@type\":\"Organization\",\"@id\":\"https:\\\/\\\/lean.org.hu\\\/#organization\",\"name\":\"LEI\",\"url\":\"https:\\\/\\\/lean.org.hu\\\/\",\"logo\":{\"@type\":\"ImageObject\",\"inLanguage\":\"en-GB\",\"@id\":\"https:\\\/\\\/lean.org.hu\\\/#\\\/schema\\\/logo\\\/image\\\/\",\"url\":\"https:\\\/\\\/lean.org.hu\\\/wp-content\\\/uploads\\\/2020\\\/07\\\/cropped-lean_logo_final_color_horizontal.png\",\"contentUrl\":\"https:\\\/\\\/lean.org.hu\\\/wp-content\\\/uploads\\\/2020\\\/07\\\/cropped-lean_logo_final_color_horizontal.png\",\"width\":779,\"height\":288,\"caption\":\"LEI\"},\"image\":{\"@id\":\"https:\\\/\\\/lean.org.hu\\\/#\\\/schema\\\/logo\\\/image\\\/\"},\"sameAs\":[\"https:\\\/\\\/www.facebook.com\\\/LEI.Hungary\",\"https:\\\/\\\/www.linkedin.com\\\/company\\\/lean-enterprise-institute-hungary\"]}]}<\/script>\n<!-- \/ Yoast SEO plugin. -->","yoast_head_json":{"title":"A menedzsment munk\u00e1ja - Napi rutin a fenntarthat\u00f3 fejl\u0151d\u00e9shez - LEI","description":"Tedd er\u0151sebb\u00e9 \u00e9s rugalmasabb\u00e1 a folyamatokat! A menedzsment munk\u00e1ja seg\u00edt meg\u00e9rteni mekkora szerepe van a napi rutinnak a c\u00e9g siker\u00e9ben....","robots":{"index":"index","follow":"follow","max-snippet":"max-snippet:-1","max-image-preview":"max-image-preview:large","max-video-preview":"max-video-preview:-1"},"canonical":"https:\/\/lean.org.hu\/en\/lean-konyvesbolt\/a-menedzsment-munkaja\/","og_locale":"en_GB","og_type":"article","og_title":"A menedzsment munk\u00e1ja - Napi rutin a fenntarthat\u00f3 fejl\u0151d\u00e9shez","og_description":"Tedd er\u0151sebb\u00e9 \u00e9s rugalmasabb\u00e1 a folyamatokat! A menedzsment munk\u00e1ja seg\u00edt meg\u00e9rteni mekkora szerepe van a napi rutinnak a c\u00e9g siker\u00e9ben....","og_url":"https:\/\/lean.org.hu\/en\/lean-konyvesbolt\/a-menedzsment-munkaja\/","og_site_name":"LEI","article_publisher":"https:\/\/www.facebook.com\/LEI.Hungary","article_modified_time":"2026-02-12T13:41:19+00:00","og_image":[{"width":425,"height":600,"url":"https:\/\/lean.org.hu\/wp-content\/uploads\/2020\/09\/WOM-1.jpg","type":"image\/jpeg"}],"twitter_card":"summary_large_image","twitter_misc":{"Estimated reading time":"3 minutes"},"schema":{"@context":"https:\/\/schema.org","@graph":[{"@type":"WebPage","@id":"https:\/\/lean.org.hu\/lean-konyvesbolt\/a-menedzsment-munkaja\/","url":"https:\/\/lean.org.hu\/lean-konyvesbolt\/a-menedzsment-munkaja\/","name":"A menedzsment munk\u00e1ja - Napi rutin a fenntarthat\u00f3 fejl\u0151d\u00e9shez - LEI","isPartOf":{"@id":"https:\/\/lean.org.hu\/#website"},"primaryImageOfPage":{"@id":"https:\/\/lean.org.hu\/lean-konyvesbolt\/a-menedzsment-munkaja\/#primaryimage"},"image":{"@id":"https:\/\/lean.org.hu\/lean-konyvesbolt\/a-menedzsment-munkaja\/#primaryimage"},"thumbnailUrl":"https:\/\/lean.org.hu\/wp-content\/uploads\/2020\/09\/WOM-1.jpg","datePublished":"2020-09-21T09:33:09+00:00","dateModified":"2026-02-12T13:41:19+00:00","description":"Tedd er\u0151sebb\u00e9 \u00e9s rugalmasabb\u00e1 a folyamatokat! A menedzsment munk\u00e1ja seg\u00edt meg\u00e9rteni mekkora szerepe van a napi rutinnak a c\u00e9g siker\u00e9ben....","breadcrumb":{"@id":"https:\/\/lean.org.hu\/lean-konyvesbolt\/a-menedzsment-munkaja\/#breadcrumb"},"inLanguage":"en-GB","potentialAction":[{"@type":"ReadAction","target":["https:\/\/lean.org.hu\/lean-konyvesbolt\/a-menedzsment-munkaja\/"]}]},{"@type":"ImageObject","inLanguage":"en-GB","@id":"https:\/\/lean.org.hu\/lean-konyvesbolt\/a-menedzsment-munkaja\/#primaryimage","url":"https:\/\/lean.org.hu\/wp-content\/uploads\/2020\/09\/WOM-1.jpg","contentUrl":"https:\/\/lean.org.hu\/wp-content\/uploads\/2020\/09\/WOM-1.jpg","width":425,"height":600,"caption":"A menedzsment munk\u00e1ja"},{"@type":"BreadcrumbList","@id":"https:\/\/lean.org.hu\/lean-konyvesbolt\/a-menedzsment-munkaja\/#breadcrumb","itemListElement":[{"@type":"ListItem","position":1,"name":"Kezd\u0151lap","item":"https:\/\/lean.org.hu\/"},{"@type":"ListItem","position":2,"name":"Web\u00e1ruh\u00e1z oldal","item":"http:\/\/lean.org.hu\/en\/webaruhaz-aloldal\/"},{"@type":"ListItem","position":3,"name":"A menedzsment munk\u00e1ja"}]},{"@type":"WebSite","@id":"https:\/\/lean.org.hu\/#website","url":"https:\/\/lean.org.hu\/","name":"LEI","description":"","publisher":{"@id":"https:\/\/lean.org.hu\/#organization"},"potentialAction":[{"@type":"SearchAction","target":{"@type":"EntryPoint","urlTemplate":"https:\/\/lean.org.hu\/?s={search_term_string}"},"query-input":{"@type":"PropertyValueSpecification","valueRequired":true,"valueName":"search_term_string"}}],"inLanguage":"en-GB"},{"@type":"Organization","@id":"https:\/\/lean.org.hu\/#organization","name":"LEI","url":"https:\/\/lean.org.hu\/","logo":{"@type":"ImageObject","inLanguage":"en-GB","@id":"https:\/\/lean.org.hu\/#\/schema\/logo\/image\/","url":"https:\/\/lean.org.hu\/wp-content\/uploads\/2020\/07\/cropped-lean_logo_final_color_horizontal.png","contentUrl":"https:\/\/lean.org.hu\/wp-content\/uploads\/2020\/07\/cropped-lean_logo_final_color_horizontal.png","width":779,"height":288,"caption":"LEI"},"image":{"@id":"https:\/\/lean.org.hu\/#\/schema\/logo\/image\/"},"sameAs":["https:\/\/www.facebook.com\/LEI.Hungary","https:\/\/www.linkedin.com\/company\/lean-enterprise-institute-hungary"]}]}},"_links":{"self":[{"href":"https:\/\/lean.org.hu\/en\/wp-json\/wp\/v2\/product\/1042","targetHints":{"allow":["GET"]}}],"collection":[{"href":"https:\/\/lean.org.hu\/en\/wp-json\/wp\/v2\/product"}],"about":[{"href":"https:\/\/lean.org.hu\/en\/wp-json\/wp\/v2\/types\/product"}],"wp:featuredmedia":[{"embeddable":true,"href":"https:\/\/lean.org.hu\/en\/wp-json\/wp\/v2\/media\/66734"}],"wp:attachment":[{"href":"https:\/\/lean.org.hu\/en\/wp-json\/wp\/v2\/media?parent=1042"}],"wp:term":[{"taxonomy":"product_brand","embeddable":true,"href":"https:\/\/lean.org.hu\/en\/wp-json\/wp\/v2\/product_brand?post=1042"},{"taxonomy":"product_cat","embeddable":true,"href":"https:\/\/lean.org.hu\/en\/wp-json\/wp\/v2\/product_cat?post=1042"},{"taxonomy":"product_tag","embeddable":true,"href":"https:\/\/lean.org.hu\/en\/wp-json\/wp\/v2\/product_tag?post=1042"}],"curies":[{"name":"wp","href":"https:\/\/api.w.org\/{rel}","templated":true}]}}