{"id":1031,"date":"2020-09-23T09:55:58","date_gmt":"2020-09-23T07:55:58","guid":{"rendered":"http:\/\/generaciokpartnere.hu\/leiwp\/?post_type=product&#038;p=1031"},"modified":"2026-02-12T14:38:03","modified_gmt":"2026-02-12T13:38:03","slug":"vezesd-a-tanulast-managing-to-learn-a3","status":"publish","type":"product","link":"https:\/\/lean.org.hu\/en\/lean-konyvesbolt\/vezesd-a-tanulast-managing-to-learn-a3\/","title":{"rendered":"Vezesd a tanul\u00e1st (A3)"},"content":{"rendered":"<p><strong>Vezesd a tanul\u00e1st (A3)\u00a0<\/strong><em>(<\/em><em>Managing to Learn)\u00a0<\/em><br \/>\nJohn Shook<\/p>\n<p>Probl\u00e9mamegold\u00e1s, egyet\u00e9rt\u00e9s, mentor\u00e1l\u00e1s \u00e9s vezet\u00e9s az A3-menedzsmentfolyamat seg\u00edts\u00e9g\u00e9vel.<\/p>\n<p>Akik ismerik az A3 jelent\u00e9st, t\u00f6bbs\u00e9g\u00fckben f\u0151leg a kommunik\u00e1ci\u00f3 vagy probl\u00e9mamegold\u00e1s egyszer\u0171 eszk\u00f6zek\u00e9nt tekintenek r\u00e1. Pedig sokkal t\u00f6bb ann\u00e1l: az A3-m\u00f3dszer strukt\u00far\u00e1j\u00e1ban benne foglaltatik az eg\u00e9sz folyamat, ahogy egy v\u00e1llalat azonos\u00edtja, k\u00f6r\u00fcl\u00edrja, megoldja, majd nyomon k\u00f6veti a probl\u00e9m\u00e1kat, projekteket \u00e9s javaslatokat. Az A3-folyamat val\u00f3j\u00e1ban\u00a0<strong>egy szervezet tanul\u00e1si folyamat\u00e1nak modellje<\/strong>, aminek a megjelen\u00e9si form\u00e1ja azt jelk\u00e9pezi, ahogy az adott v\u00e1llalati kult\u00fara ezt mag\u00e1\u00e9v\u00e1 teszi.<\/p>\n<p>A\u00a0<em>Vezesd a tanul\u00e1st<\/em>\u00a0c\u00edm\u0171 k\u00f6nyv egy menedzser, Ken Sanderson \u00e9s a beosztottja, Desi Porter t\u00f6rt\u00e9net\u00e9t mondja el, amelynek sor\u00e1n megmutatkozik az A3 eg\u00e9sz komplexit\u00e1sa: a tanul\u00e1s \u00e9s tan\u00edt\u00e1s, a munkav\u00e9gz\u00e9s \u00e9s vezet\u00e9s eszk\u00f6zek\u00e9nt rajzol\u00f3dik ki el\u0151tt\u00fcnk. A t\u00f6rt\u00e9netb\u0151l megismerhetj\u00fck az A3 alkalmaz\u00e1s\u00e1t\u00a0<strong>menedzsmentfolyamatk\u00e9nt<\/strong>: a k\u00f6nyv r\u00e9szletesen bemutatja, ahogy a szervezet kialak\u00edtja standard fejleszt\u00e9si, tervez\u00e9si, probl\u00e9mamegold\u00f3 m\u00f3dszereit, \u00e9s megalapozza a sz\u00e9lesk\u00f6r\u0171, m\u00e9lyre hat\u00f3 gondolkod\u00e1sm\u00f3d strukt\u00far\u00e1j\u00e1t.<\/p>\n<p>Ezt v\u00e9gigk\u00f6vetve az Olvas\u00f3 megbizonyosodhat arr\u00f3l, hogy az A3-folyamat b\u00e1rmely v\u00e1llalati kult\u00far\u00e1ban j\u00f3l alkalmazhat\u00f3, gyakorlatias megk\u00f6zel\u00edt\u00e9se \u00e9s folytonosan megism\u00e9telhet\u0151 m\u00f3dszere a szervezeti tanul\u00e1snak.<\/p>\n<p id=\"mtlbetekinto\" style=\"text-align: center;\"><a class=\"wp-block-button__link\" style=\"border-radius: 5px;\" href=\"https:\/\/drive.google.com\/file\/d\/136JVi-xHinTi3_hILoAcb6z9Xll6toQg\/view?usp=sharing\" target=\"_blank\" rel=\"noreferrer noopener\">Olvass bele a k\u00f6nyvbe!<\/a><\/p>\n<p><em>\u201eMin\u0151s\u00e9gi Kiv\u00e1l\u00f3s\u00e1g programunk r\u00e9szek\u00e9nt az A3-menedzsmentet v\u00e1lasztottuk, hogy megalapozzuk a folyamatos fejleszt\u00e9s kult\u00far\u00e1j\u00e1t \u00e9s v\u00e1llalatunkat elind\u00edtsuk a v\u00e9get nem \u00e9r\u0151 tanul\u00e1s, t\u00f6k\u00e9letes\u00edt\u00e9s \u00fatj\u00e1n. Az eredm\u00e9nyek maguk\u00e9rt besz\u00e9lnek, ez siker\u00fcnk egyik legfontosabb z\u00e1loga, ez a legf\u0151bb eszk\u00f6ze annak, hogy Kiv\u00e1l\u00f3s\u00e1gi K\u00f6zpontt\u00e1 v\u00e1ljunk.\u201d<\/em><\/p>\n<p style=\"text-align: right;\"><strong>\u00a0<\/strong><strong>Vill\u00e1nyi P\u00e9ter<\/strong><br \/>\n\u00fcgyvezet\u0151 igazgat\u00f3<br \/>\nAvis Budget Group BSC Kft.<\/p>\n<p><em>\u201eA lean szeml\u00e9let t\u00falmutat a lean eszk\u00f6z\u00f6k \u00e9s m\u00f3dszerek szisztematikus alkalmaz\u00e1s\u00e1n. A c\u00e9l a folyamatos fejl\u0151d\u00e9s k\u00e9pess\u00e9g\u00e9nek kialak\u00edt\u00e1sa, amelynek el\u0151felt\u00e9tele az egy\u00fcttm\u0171k\u00f6d\u00e9sen alapul\u00f3, probl\u00e9mamegold\u00f3 szervezet. Az A3 megfelel\u0151 eszk\u00f6z e szeml\u00e9let kialak\u00edt\u00e1s\u00e1hoz. Ezzel a k\u00f6nyvvel k\u00edv\u00e1nunk sok sikert a v\u00e9get nem \u00e9r\u0151 tanul\u00e1s \u00fatj\u00e1n!\u201d<\/em><\/p>\n<p style=\"text-align: right;\"><strong>Kar\u00e1szi Zolt\u00e1n<\/strong><br \/>\n\u00fcgyvezet\u0151 igazgat\u00f3<br \/>\nT\u00dcV Rheinland InterCert Kft.<\/p>\n<p>&nbsp;<\/p>\n<p style=\"text-align: center;\"><a class=\"wp-block-button__link\" style=\"border-radius: 5px;\" href=\"https:\/\/lean.org.hu\/en\/konyvesbolt\/a3-mappa\/\" target=\"_blank\" rel=\"noreferrer noopener\">V\u00e1s\u00e1rolj A3 mapp\u00e1t a k\u00f6nyv mell\u00e9!<\/a><\/p>\n<p>&nbsp;<\/p>\n<p style=\"text-align: center;\"><strong>A k\u00f6nyv megjelen\u00e9s\u00e9t t\u00e1mogatt\u00e1k<\/strong><\/p>\n<p><img decoding=\"async\" class=\"size-full wp-image-1039 aligncenter\" src=\"https:\/\/lean.org.hu\/wp-content\/uploads\/2020\/09\/MTL-t\u00e1mogat\u00f3k-m\u00e1solata.png\" alt=\"\" width=\"600\" height=\"80\" srcset=\"https:\/\/lean.org.hu\/wp-content\/uploads\/2020\/09\/MTL-t\u00e1mogat\u00f3k-m\u00e1solata.png 600w, https:\/\/lean.org.hu\/wp-content\/uploads\/2020\/09\/MTL-t\u00e1mogat\u00f3k-m\u00e1solata-200x27.png 200w, https:\/\/lean.org.hu\/wp-content\/uploads\/2020\/09\/MTL-t\u00e1mogat\u00f3k-m\u00e1solata-300x40.png 300w\" sizes=\"(max-width: 600px) 100vw, 600px\" \/><\/p>\n<p>ISBN 978-963-08-3580-0<br \/>\nTerjedelem: 138 oldal (228\u00d7254 mm)<\/p>\n<hr \/>\n<h3><strong>A3 Workshop &#8211; A Vezesd a tanul\u00e1st c\u00edm\u0171 k\u00f6nyv alapj\u00e1n<\/strong><\/h3>\n<p><img decoding=\"async\" class=\"size-medium wp-image-944 alignright\" src=\"https:\/\/lean.org.hu\/wp-content\/uploads\/2019\/04\/Vezesd-a-tanul\u00e1st_SEO_1200x628-300x157.jpg\" alt=\"vezesd a tanul\u00e1st lapozgat\u00e1sa\" width=\"300\" height=\"157\" srcset=\"https:\/\/lean.org.hu\/wp-content\/uploads\/2019\/04\/Vezesd-a-tanul\u00e1st_SEO_1200x628-300x157.jpg 300w, https:\/\/lean.org.hu\/wp-content\/uploads\/2019\/04\/Vezesd-a-tanul\u00e1st_SEO_1200x628-200x105.jpg 200w, https:\/\/lean.org.hu\/wp-content\/uploads\/2019\/04\/Vezesd-a-tanul\u00e1st_SEO_1200x628-1024x536.jpg 1024w, https:\/\/lean.org.hu\/wp-content\/uploads\/2019\/04\/Vezesd-a-tanul\u00e1st_SEO_1200x628-768x402.jpg 768w, https:\/\/lean.org.hu\/wp-content\/uploads\/2019\/04\/Vezesd-a-tanul\u00e1st_SEO_1200x628.jpg 1200w\" sizes=\"(max-width: 300px) 100vw, 300px\" \/><\/p>\n<p>A workshop c\u00e9lja, hogy a Vezesd a tanul\u00e1st c\u00edm\u0171 k\u00f6nyv tanuls\u00e1gait, megl\u00e1t\u00e1sait n\u00e9gy k\u00fcl\u00f6nb\u00f6z\u0151 n\u00e9z\u0151pontb\u00f3l dolgozza fel:<\/p>\n<p>1.\u00a0<strong>El\u0151sz\u00f6r\u00a0<\/strong>a r\u00e9sztvev\u0151k\u00a0<strong>felt\u00e1<\/strong><strong>rj\u00e1k\u00a0<\/strong>az igazi A3 szeml\u00e9let \u00e9s menedzsment k\u00f6vetelm\u00e9nyeit a k\u00f6nyvben bemutatott tanul\u00e1si f\u00e1zisok \u00e1llom\u00e1sain kereszt\u00fcl.<br \/>\n2.\u00a0<strong>M\u00e1sodszor\u00a0<\/strong>a r\u00e9sztev\u0151knek lehet\u0151s\u00e9g\u00fck lesz a hat\u00e9kony A3 t\u00f6rt\u00e9netek felismer\u00e9s\u00e9hez sz\u00fcks\u00e9ges l\u00e1t\u00e1sm\u00f3d \u00e9s figyelem kifejleszt\u00e9s\u00e9re.<br \/>\n3.\u00a0<strong>Harmadszor\u00a0<\/strong>a r\u00e9sztvev\u0151k\u00a0<strong>kit\u00f6ltik\u00a0<\/strong>a saj\u00e1t munk\u00e1juk egy helyzet\u00e9re az A3 k\u00fcl\u00f6nb\u00f6z\u0151 \u2013\u00a0<em>C\u00edm, H\u00e1tt\u00e9r, Jelenlegi helyzet, C\u00e9l, Elemz\u00e9s\u00a0<\/em>\u2013 szekci\u00f3it.<br \/>\n4.\u00a0<strong>Negyedszer\u00a0<\/strong>pedig a r\u00e9sztvev\u0151k\u00a0<strong>megismerik\u00a0<\/strong>az A3 form\u00e1tum k\u00fcl\u00f6nb\u00f6z\u0151 fajt\u00e1it \u00e9s haszn\u00e1lat\u00e1t.<\/p>\n<p>&nbsp;<\/p>\n<p style=\"text-align: center;\"><a class=\"wp-block-button__link\" style=\"border-radius: 5px;\" href=\"https:\/\/lean.org.hu\/en\/a3\/\" target=\"_blank\" rel=\"noreferrer noopener\">Az A3 workshop r\u00e9szletei\u00e9rt kattints ide!<\/a><\/p>","protected":false},"excerpt":{"rendered":"<p><em>\u201c\u2026az Olvas\u00f3 megbizonyosodhat arr\u00f3l, hogy az A3-folyamat b\u00e1rmely v\u00e1llalati kult\u00far\u00e1ban j\u00f3l alkalmazhat\u00f3, gyakorlatias megk\u00f6zel\u00edt\u00e9se \u00e9s folytonosan megism\u00e9telhet\u0151 m\u00f3dszere a szervezeti tanul\u00e1snak.\u201d<\/em><\/p>","protected":false},"featured_media":66725,"template":"","meta":{"_eb_attr":""},"product_brand":[],"product_cat":[178,173,177],"product_tag":[],"class_list":{"0":"post-1031","1":"product","2":"type-product","3":"status-publish","4":"has-post-thumbnail","6":"product_cat-lean-konyvek-eszkozok","7":"product_cat-lean-konyvesbolt","8":"product_cat-lean-konyvek-problemamegoldas","9":"infinite-scroll-item","10":"no-featured-image-padding","11":"sales-flash-overlay","12":"woocommerce-text-align-left","13":"woocommerce-image-align-left","14":"do-quantity-buttons","16":"first","17":"instock","18":"taxable","19":"shipping-taxable","20":"purchasable","21":"product-type-variable"},"yoast_head":"<!-- This site is optimized with the Yoast SEO plugin v27.6 - https:\/\/yoast.com\/product\/yoast-seo-wordpress\/ -->\n<title>Vezesd a tanul\u00e1st (A3) - A probl\u00e9m\u00e1k hat\u00e9kony megold\u00e1s\u00e1\u00e9rt - LEI<\/title>\n<meta name=\"description\" content=\"A Vezesd a tanul\u00e1st c\u00edm\u0171 k\u00f6nyv seg\u00edt meg\u00e9rteni, hogyan oldjunk meg hat\u00e9konyan v\u00e1llalati probl\u00e9m\u00e1kat \u00e9s ez\u00e1ltal hogyan \u00e9rj\u00fcnk el sikereket!\" \/>\n<meta name=\"robots\" content=\"index, follow, max-snippet:-1, max-image-preview:large, max-video-preview:-1\" \/>\n<link rel=\"canonical\" href=\"https:\/\/lean.org.hu\/en\/lean-konyvesbolt\/vezesd-a-tanulast-managing-to-learn-a3\/\" \/>\n<meta property=\"og:locale\" content=\"en_GB\" \/>\n<meta property=\"og:type\" content=\"article\" \/>\n<meta property=\"og:title\" content=\"Vezesd a tanul\u00e1st (A3) - John Shook k\u00f6nyve a probl\u00e9mamegold\u00e1sr\u00f3l\" \/>\n<meta property=\"og:description\" content=\"A Vezesd a tanul\u00e1st c\u00edm\u0171 k\u00f6nyv seg\u00edt meg\u00e9rteni, hogyan oldjunk meg hat\u00e9konyan v\u00e1llalati probl\u00e9m\u00e1kat \u00e9s ez\u00e1ltal hogyan \u00e9rj\u00fcnk el sikereket!\" \/>\n<meta property=\"og:url\" content=\"https:\/\/lean.org.hu\/en\/lean-konyvesbolt\/vezesd-a-tanulast-managing-to-learn-a3\/\" \/>\n<meta property=\"og:site_name\" content=\"LEI\" \/>\n<meta property=\"article:publisher\" content=\"https:\/\/www.facebook.com\/LEI.Hungary\" \/>\n<meta property=\"article:modified_time\" content=\"2026-02-12T13:38:03+00:00\" \/>\n<meta property=\"og:image\" content=\"https:\/\/lean.org.hu\/wp-content\/uploads\/2019\/04\/Vezesd-a-tanul\u00e1st_SEO_1200x628.jpg\" \/>\n\t<meta property=\"og:image:width\" content=\"1200\" \/>\n\t<meta property=\"og:image:height\" content=\"628\" \/>\n\t<meta property=\"og:image:type\" content=\"image\/jpeg\" \/>\n<meta name=\"twitter:card\" content=\"summary_large_image\" \/>\n<meta name=\"twitter:label1\" content=\"Estimated reading time\" \/>\n\t<meta name=\"twitter:data1\" content=\"3 minutes\" \/>\n<script type=\"application\/ld+json\" class=\"yoast-schema-graph\">{\"@context\":\"https:\\\/\\\/schema.org\",\"@graph\":[{\"@type\":\"WebPage\",\"@id\":\"https:\\\/\\\/lean.org.hu\\\/lean-konyvesbolt\\\/vezesd-a-tanulast-managing-to-learn-a3\\\/\",\"url\":\"https:\\\/\\\/lean.org.hu\\\/lean-konyvesbolt\\\/vezesd-a-tanulast-managing-to-learn-a3\\\/\",\"name\":\"Vezesd a tanul\u00e1st (A3) - A probl\u00e9m\u00e1k hat\u00e9kony megold\u00e1s\u00e1\u00e9rt - LEI\",\"isPartOf\":{\"@id\":\"https:\\\/\\\/lean.org.hu\\\/#website\"},\"primaryImageOfPage\":{\"@id\":\"https:\\\/\\\/lean.org.hu\\\/lean-konyvesbolt\\\/vezesd-a-tanulast-managing-to-learn-a3\\\/#primaryimage\"},\"image\":{\"@id\":\"https:\\\/\\\/lean.org.hu\\\/lean-konyvesbolt\\\/vezesd-a-tanulast-managing-to-learn-a3\\\/#primaryimage\"},\"thumbnailUrl\":\"https:\\\/\\\/lean.org.hu\\\/wp-content\\\/uploads\\\/2020\\\/09\\\/MTL-1.jpg\",\"datePublished\":\"2020-09-23T07:55:58+00:00\",\"dateModified\":\"2026-02-12T13:38:03+00:00\",\"description\":\"A Vezesd a tanul\u00e1st c\u00edm\u0171 k\u00f6nyv seg\u00edt meg\u00e9rteni, hogyan oldjunk meg hat\u00e9konyan v\u00e1llalati probl\u00e9m\u00e1kat \u00e9s ez\u00e1ltal hogyan \u00e9rj\u00fcnk el sikereket!\",\"breadcrumb\":{\"@id\":\"https:\\\/\\\/lean.org.hu\\\/lean-konyvesbolt\\\/vezesd-a-tanulast-managing-to-learn-a3\\\/#breadcrumb\"},\"inLanguage\":\"en-GB\",\"potentialAction\":[{\"@type\":\"ReadAction\",\"target\":[\"https:\\\/\\\/lean.org.hu\\\/lean-konyvesbolt\\\/vezesd-a-tanulast-managing-to-learn-a3\\\/\"]}]},{\"@type\":\"ImageObject\",\"inLanguage\":\"en-GB\",\"@id\":\"https:\\\/\\\/lean.org.hu\\\/lean-konyvesbolt\\\/vezesd-a-tanulast-managing-to-learn-a3\\\/#primaryimage\",\"url\":\"https:\\\/\\\/lean.org.hu\\\/wp-content\\\/uploads\\\/2020\\\/09\\\/MTL-1.jpg\",\"contentUrl\":\"https:\\\/\\\/lean.org.hu\\\/wp-content\\\/uploads\\\/2020\\\/09\\\/MTL-1.jpg\",\"width\":425,\"height\":600,\"caption\":\"Vezesd a tanul\u00e1st\"},{\"@type\":\"BreadcrumbList\",\"@id\":\"https:\\\/\\\/lean.org.hu\\\/lean-konyvesbolt\\\/vezesd-a-tanulast-managing-to-learn-a3\\\/#breadcrumb\",\"itemListElement\":[{\"@type\":\"ListItem\",\"position\":1,\"name\":\"Kezd\u0151lap\",\"item\":\"https:\\\/\\\/lean.org.hu\\\/\"},{\"@type\":\"ListItem\",\"position\":2,\"name\":\"Web\u00e1ruh\u00e1z oldal\",\"item\":\"http:\\\/\\\/lean.org.hu\\\/en\\\/webaruhaz-aloldal\\\/\"},{\"@type\":\"ListItem\",\"position\":3,\"name\":\"Vezesd a tanul\u00e1st (A3)\"}]},{\"@type\":\"WebSite\",\"@id\":\"https:\\\/\\\/lean.org.hu\\\/#website\",\"url\":\"https:\\\/\\\/lean.org.hu\\\/\",\"name\":\"LEI\",\"description\":\"\",\"publisher\":{\"@id\":\"https:\\\/\\\/lean.org.hu\\\/#organization\"},\"potentialAction\":[{\"@type\":\"SearchAction\",\"target\":{\"@type\":\"EntryPoint\",\"urlTemplate\":\"https:\\\/\\\/lean.org.hu\\\/?s={search_term_string}\"},\"query-input\":{\"@type\":\"PropertyValueSpecification\",\"valueRequired\":true,\"valueName\":\"search_term_string\"}}],\"inLanguage\":\"en-GB\"},{\"@type\":\"Organization\",\"@id\":\"https:\\\/\\\/lean.org.hu\\\/#organization\",\"name\":\"LEI\",\"url\":\"https:\\\/\\\/lean.org.hu\\\/\",\"logo\":{\"@type\":\"ImageObject\",\"inLanguage\":\"en-GB\",\"@id\":\"https:\\\/\\\/lean.org.hu\\\/#\\\/schema\\\/logo\\\/image\\\/\",\"url\":\"https:\\\/\\\/lean.org.hu\\\/wp-content\\\/uploads\\\/2020\\\/07\\\/cropped-lean_logo_final_color_horizontal.png\",\"contentUrl\":\"https:\\\/\\\/lean.org.hu\\\/wp-content\\\/uploads\\\/2020\\\/07\\\/cropped-lean_logo_final_color_horizontal.png\",\"width\":779,\"height\":288,\"caption\":\"LEI\"},\"image\":{\"@id\":\"https:\\\/\\\/lean.org.hu\\\/#\\\/schema\\\/logo\\\/image\\\/\"},\"sameAs\":[\"https:\\\/\\\/www.facebook.com\\\/LEI.Hungary\",\"https:\\\/\\\/www.linkedin.com\\\/company\\\/lean-enterprise-institute-hungary\"]}]}<\/script>\n<!-- \/ Yoast SEO plugin. -->","yoast_head_json":{"title":"Vezesd a tanul\u00e1st (A3) - A probl\u00e9m\u00e1k hat\u00e9kony megold\u00e1s\u00e1\u00e9rt - LEI","description":"A Vezesd a tanul\u00e1st c\u00edm\u0171 k\u00f6nyv seg\u00edt meg\u00e9rteni, hogyan oldjunk meg hat\u00e9konyan v\u00e1llalati probl\u00e9m\u00e1kat \u00e9s ez\u00e1ltal hogyan \u00e9rj\u00fcnk el sikereket!","robots":{"index":"index","follow":"follow","max-snippet":"max-snippet:-1","max-image-preview":"max-image-preview:large","max-video-preview":"max-video-preview:-1"},"canonical":"https:\/\/lean.org.hu\/en\/lean-konyvesbolt\/vezesd-a-tanulast-managing-to-learn-a3\/","og_locale":"en_GB","og_type":"article","og_title":"Vezesd a tanul\u00e1st (A3) - John Shook k\u00f6nyve a probl\u00e9mamegold\u00e1sr\u00f3l","og_description":"A Vezesd a tanul\u00e1st c\u00edm\u0171 k\u00f6nyv seg\u00edt meg\u00e9rteni, hogyan oldjunk meg hat\u00e9konyan v\u00e1llalati probl\u00e9m\u00e1kat \u00e9s ez\u00e1ltal hogyan \u00e9rj\u00fcnk el sikereket!","og_url":"https:\/\/lean.org.hu\/en\/lean-konyvesbolt\/vezesd-a-tanulast-managing-to-learn-a3\/","og_site_name":"LEI","article_publisher":"https:\/\/www.facebook.com\/LEI.Hungary","article_modified_time":"2026-02-12T13:38:03+00:00","og_image":[{"width":1200,"height":628,"url":"https:\/\/lean.org.hu\/wp-content\/uploads\/2019\/04\/Vezesd-a-tanul\u00e1st_SEO_1200x628.jpg","type":"image\/jpeg"}],"twitter_card":"summary_large_image","twitter_misc":{"Estimated reading time":"3 minutes"},"schema":{"@context":"https:\/\/schema.org","@graph":[{"@type":"WebPage","@id":"https:\/\/lean.org.hu\/lean-konyvesbolt\/vezesd-a-tanulast-managing-to-learn-a3\/","url":"https:\/\/lean.org.hu\/lean-konyvesbolt\/vezesd-a-tanulast-managing-to-learn-a3\/","name":"Vezesd a tanul\u00e1st (A3) - A probl\u00e9m\u00e1k hat\u00e9kony megold\u00e1s\u00e1\u00e9rt - LEI","isPartOf":{"@id":"https:\/\/lean.org.hu\/#website"},"primaryImageOfPage":{"@id":"https:\/\/lean.org.hu\/lean-konyvesbolt\/vezesd-a-tanulast-managing-to-learn-a3\/#primaryimage"},"image":{"@id":"https:\/\/lean.org.hu\/lean-konyvesbolt\/vezesd-a-tanulast-managing-to-learn-a3\/#primaryimage"},"thumbnailUrl":"https:\/\/lean.org.hu\/wp-content\/uploads\/2020\/09\/MTL-1.jpg","datePublished":"2020-09-23T07:55:58+00:00","dateModified":"2026-02-12T13:38:03+00:00","description":"A Vezesd a tanul\u00e1st c\u00edm\u0171 k\u00f6nyv seg\u00edt meg\u00e9rteni, hogyan oldjunk meg hat\u00e9konyan v\u00e1llalati probl\u00e9m\u00e1kat \u00e9s ez\u00e1ltal hogyan \u00e9rj\u00fcnk el sikereket!","breadcrumb":{"@id":"https:\/\/lean.org.hu\/lean-konyvesbolt\/vezesd-a-tanulast-managing-to-learn-a3\/#breadcrumb"},"inLanguage":"en-GB","potentialAction":[{"@type":"ReadAction","target":["https:\/\/lean.org.hu\/lean-konyvesbolt\/vezesd-a-tanulast-managing-to-learn-a3\/"]}]},{"@type":"ImageObject","inLanguage":"en-GB","@id":"https:\/\/lean.org.hu\/lean-konyvesbolt\/vezesd-a-tanulast-managing-to-learn-a3\/#primaryimage","url":"https:\/\/lean.org.hu\/wp-content\/uploads\/2020\/09\/MTL-1.jpg","contentUrl":"https:\/\/lean.org.hu\/wp-content\/uploads\/2020\/09\/MTL-1.jpg","width":425,"height":600,"caption":"Vezesd a tanul\u00e1st"},{"@type":"BreadcrumbList","@id":"https:\/\/lean.org.hu\/lean-konyvesbolt\/vezesd-a-tanulast-managing-to-learn-a3\/#breadcrumb","itemListElement":[{"@type":"ListItem","position":1,"name":"Kezd\u0151lap","item":"https:\/\/lean.org.hu\/"},{"@type":"ListItem","position":2,"name":"Web\u00e1ruh\u00e1z oldal","item":"http:\/\/lean.org.hu\/en\/webaruhaz-aloldal\/"},{"@type":"ListItem","position":3,"name":"Vezesd a tanul\u00e1st (A3)"}]},{"@type":"WebSite","@id":"https:\/\/lean.org.hu\/#website","url":"https:\/\/lean.org.hu\/","name":"LEI","description":"","publisher":{"@id":"https:\/\/lean.org.hu\/#organization"},"potentialAction":[{"@type":"SearchAction","target":{"@type":"EntryPoint","urlTemplate":"https:\/\/lean.org.hu\/?s={search_term_string}"},"query-input":{"@type":"PropertyValueSpecification","valueRequired":true,"valueName":"search_term_string"}}],"inLanguage":"en-GB"},{"@type":"Organization","@id":"https:\/\/lean.org.hu\/#organization","name":"LEI","url":"https:\/\/lean.org.hu\/","logo":{"@type":"ImageObject","inLanguage":"en-GB","@id":"https:\/\/lean.org.hu\/#\/schema\/logo\/image\/","url":"https:\/\/lean.org.hu\/wp-content\/uploads\/2020\/07\/cropped-lean_logo_final_color_horizontal.png","contentUrl":"https:\/\/lean.org.hu\/wp-content\/uploads\/2020\/07\/cropped-lean_logo_final_color_horizontal.png","width":779,"height":288,"caption":"LEI"},"image":{"@id":"https:\/\/lean.org.hu\/#\/schema\/logo\/image\/"},"sameAs":["https:\/\/www.facebook.com\/LEI.Hungary","https:\/\/www.linkedin.com\/company\/lean-enterprise-institute-hungary"]}]}},"_links":{"self":[{"href":"https:\/\/lean.org.hu\/en\/wp-json\/wp\/v2\/product\/1031","targetHints":{"allow":["GET"]}}],"collection":[{"href":"https:\/\/lean.org.hu\/en\/wp-json\/wp\/v2\/product"}],"about":[{"href":"https:\/\/lean.org.hu\/en\/wp-json\/wp\/v2\/types\/product"}],"wp:featuredmedia":[{"embeddable":true,"href":"https:\/\/lean.org.hu\/en\/wp-json\/wp\/v2\/media\/66725"}],"wp:attachment":[{"href":"https:\/\/lean.org.hu\/en\/wp-json\/wp\/v2\/media?parent=1031"}],"wp:term":[{"taxonomy":"product_brand","embeddable":true,"href":"https:\/\/lean.org.hu\/en\/wp-json\/wp\/v2\/product_brand?post=1031"},{"taxonomy":"product_cat","embeddable":true,"href":"https:\/\/lean.org.hu\/en\/wp-json\/wp\/v2\/product_cat?post=1031"},{"taxonomy":"product_tag","embeddable":true,"href":"https:\/\/lean.org.hu\/en\/wp-json\/wp\/v2\/product_tag?post=1031"}],"curies":[{"name":"wp","href":"https:\/\/api.w.org\/{rel}","templated":true}]}}