{"id":3138,"date":"2020-10-21T11:10:18","date_gmt":"2020-10-21T09:10:18","guid":{"rendered":"https:\/\/lean.org.hu\/?page_id=3138"},"modified":"2026-03-18T15:18:32","modified_gmt":"2026-03-18T14:18:32","slug":"lean-workshopok","status":"publish","type":"page","link":"https:\/\/lean.org.hu\/en\/lean-workshopok\/","title":{"rendered":"Lean workshopok"},"content":{"rendered":"<div style=\"height:20px\" aria-hidden=\"true\" class=\"wp-block-spacer\"><\/div>\n\n\n\n<div class=\"wp-block-columns is-layout-flex wp-container-core-columns-is-layout-9d6595d7 wp-block-columns-is-layout-flex\">\n<div class=\"wp-block-column is-layout-flow wp-block-column-is-layout-flow\">\n<figure class=\"wp-block-image size-large kepanimacio\"><a href=\"https:\/\/lean.org.hu\/en\/lpp\/\" target=\"_blank\" rel=\"noopener noreferrer\"><img fetchpriority=\"high\" decoding=\"async\" width=\"600\" height=\"300\" src=\"https:\/\/lean.org.hu\/wp-content\/uploads\/2020\/11\/01_Lean-workshopok_LPP.jpg\" alt=\"Lean Practitioner Program\" class=\"wp-image-3718\" srcset=\"https:\/\/lean.org.hu\/wp-content\/uploads\/2020\/11\/01_Lean-workshopok_LPP.jpg 600w, https:\/\/lean.org.hu\/wp-content\/uploads\/2020\/11\/01_Lean-workshopok_LPP-200x100.jpg 200w, https:\/\/lean.org.hu\/wp-content\/uploads\/2020\/11\/01_Lean-workshopok_LPP-300x150.jpg 300w\" sizes=\"(max-width: 600px) 100vw, 600px\" \/><\/a><\/figure>\n\n\n\n<div style=\"height:30px\" aria-hidden=\"true\" class=\"wp-block-spacer\"><\/div>\n\n\n\n<figure class=\"wp-block-image size-full kepanimacio\"><a href=\"https:\/\/lean.org.hu\/en\/hoshin-kanri-by-mark\/\" target=\"_blank\" rel=\"noopener noreferrer\"><img decoding=\"async\" width=\"600\" height=\"300\" src=\"https:\/\/lean.org.hu\/wp-content\/uploads\/2023\/09\/hoshin-2.png\" alt=\"\" class=\"wp-image-141469\" srcset=\"https:\/\/lean.org.hu\/wp-content\/uploads\/2023\/09\/hoshin-2.png 600w, https:\/\/lean.org.hu\/wp-content\/uploads\/2023\/09\/hoshin-2-300x150.png 300w, https:\/\/lean.org.hu\/wp-content\/uploads\/2023\/09\/hoshin-2-18x9.png 18w, https:\/\/lean.org.hu\/wp-content\/uploads\/2023\/09\/hoshin-2-200x100.png 200w\" sizes=\"(max-width: 600px) 100vw, 600px\" \/><\/a><\/figure>\n\n\n\n<div style=\"height:30px\" aria-hidden=\"true\" class=\"wp-block-spacer\"><\/div>\n\n\n\n<figure class=\"wp-block-image size-full kepanimacio\"><a href=\"https:\/\/lean.org.hu\/en\/toyota-kata\/\" target=\"_blank\" rel=\"noopener noreferrer\"><img decoding=\"async\" width=\"600\" height=\"300\" src=\"https:\/\/lean.org.hu\/wp-content\/uploads\/2020\/11\/04_Lean-workshopok_Toyota-Kata-1.jpg\" alt=\"\" class=\"wp-image-3743\" srcset=\"https:\/\/lean.org.hu\/wp-content\/uploads\/2020\/11\/04_Lean-workshopok_Toyota-Kata-1.jpg 600w, https:\/\/lean.org.hu\/wp-content\/uploads\/2020\/11\/04_Lean-workshopok_Toyota-Kata-1-200x100.jpg 200w, https:\/\/lean.org.hu\/wp-content\/uploads\/2020\/11\/04_Lean-workshopok_Toyota-Kata-1-300x150.jpg 300w\" sizes=\"(max-width: 600px) 100vw, 600px\" \/><\/a><\/figure>\n\n\n\n<div style=\"height:30px\" aria-hidden=\"true\" class=\"wp-block-spacer\"><\/div>\n\n\n\n<figure class=\"wp-block-image size-large kepanimacio\"><a href=\"https:\/\/lean.org.hu\/en\/problemaknegytipusa\/\" target=\"_blank\" rel=\"noopener noreferrer\"><img loading=\"lazy\" decoding=\"async\" width=\"600\" height=\"300\" src=\"https:\/\/lean.org.hu\/wp-content\/uploads\/2020\/11\/05_Lean-workshopok_Problemak-negy-tipusa.jpg\" alt=\"Probl\u00e9m\u00e1k n\u00e9gy t\u00edpusa workshop\" class=\"wp-image-3731\" srcset=\"https:\/\/lean.org.hu\/wp-content\/uploads\/2020\/11\/05_Lean-workshopok_Problemak-negy-tipusa.jpg 600w, https:\/\/lean.org.hu\/wp-content\/uploads\/2020\/11\/05_Lean-workshopok_Problemak-negy-tipusa-200x100.jpg 200w, https:\/\/lean.org.hu\/wp-content\/uploads\/2020\/11\/05_Lean-workshopok_Problemak-negy-tipusa-300x150.jpg 300w\" sizes=\"(max-width: 600px) 100vw, 600px\" \/><\/a><\/figure>\n<\/div>\n\n\n\n<div class=\"wp-block-column is-layout-flow wp-block-column-is-layout-flow\">\n<figure class=\"wp-block-image size-large kepanimacio\"><a href=\"https:\/\/lean.org.hu\/en\/a3\/\" target=\"_blank\" rel=\"noopener noreferrer\"><img loading=\"lazy\" decoding=\"async\" width=\"600\" height=\"300\" src=\"https:\/\/lean.org.hu\/wp-content\/uploads\/2020\/11\/03_A3-workshop.jpg\" alt=\"Lean workshopok - A3\" class=\"wp-image-3500\" srcset=\"https:\/\/lean.org.hu\/wp-content\/uploads\/2020\/11\/03_A3-workshop.jpg 600w, https:\/\/lean.org.hu\/wp-content\/uploads\/2020\/11\/03_A3-workshop-200x100.jpg 200w, https:\/\/lean.org.hu\/wp-content\/uploads\/2020\/11\/03_A3-workshop-300x150.jpg 300w\" sizes=\"(max-width: 600px) 100vw, 600px\" \/><\/a><\/figure>\n\n\n\n<div style=\"height:30px\" aria-hidden=\"true\" class=\"wp-block-spacer\"><\/div>\n\n\n\n<figure class=\"wp-block-image size-large kepanimacio\"><a href=\"https:\/\/lean.org.hu\/en\/twi\/\" target=\"_blank\" rel=\"noopener noreferrer\"><img loading=\"lazy\" decoding=\"async\" width=\"600\" height=\"300\" src=\"https:\/\/lean.org.hu\/wp-content\/uploads\/2020\/11\/02_Lean-workshopok_TWI.jpg\" alt=\"TWI workshop\" class=\"wp-image-3730\" srcset=\"https:\/\/lean.org.hu\/wp-content\/uploads\/2020\/11\/02_Lean-workshopok_TWI.jpg 600w, https:\/\/lean.org.hu\/wp-content\/uploads\/2020\/11\/02_Lean-workshopok_TWI-200x100.jpg 200w, https:\/\/lean.org.hu\/wp-content\/uploads\/2020\/11\/02_Lean-workshopok_TWI-300x150.jpg 300w\" sizes=\"(max-width: 600px) 100vw, 600px\" \/><\/a><\/figure>\n\n\n\n<div style=\"height:30px\" aria-hidden=\"true\" class=\"wp-block-spacer\"><\/div>\n\n\n\n<figure class=\"wp-block-image size-large kepanimacio\"><a href=\"https:\/\/lean.org.hu\/en\/lean-vezetes-a-gyakorlatban-workshop\/\" target=\"_blank\" rel=\"noopener noreferrer\"><img loading=\"lazy\" decoding=\"async\" width=\"600\" height=\"300\" src=\"https:\/\/lean.org.hu\/wp-content\/uploads\/2020\/11\/06_Lean-workshopok_Lean-vezetes.jpg\" alt=\"Lean vezet\u00e9s a gyakorlatban workshop\" class=\"wp-image-3732\" srcset=\"https:\/\/lean.org.hu\/wp-content\/uploads\/2020\/11\/06_Lean-workshopok_Lean-vezetes.jpg 600w, https:\/\/lean.org.hu\/wp-content\/uploads\/2020\/11\/06_Lean-workshopok_Lean-vezetes-200x100.jpg 200w, https:\/\/lean.org.hu\/wp-content\/uploads\/2020\/11\/06_Lean-workshopok_Lean-vezetes-300x150.jpg 300w\" sizes=\"(max-width: 600px) 100vw, 600px\" \/><\/a><\/figure>\n<\/div>\n<\/div>\n\n\n\n<p><\/p>","protected":false},"excerpt":{"rendered":"","protected":false},"author":1,"featured_media":0,"parent":0,"menu_order":0,"comment_status":"closed","ping_status":"closed","template":"","meta":{"_eb_attr":"","footnotes":""},"class_list":{"0":"post-3138","1":"page","2":"type-page","3":"status-publish","5":"infinite-scroll-item","6":"no-featured-image-padding"},"featured_image_src":null,"yoast_head":"<!-- This site is optimized with the Yoast SEO plugin v27.4 - https:\/\/yoast.com\/product\/yoast-seo-wordpress\/ -->\n<title>Lean workshopok - LEI<\/title>\n<meta name=\"description\" content=\"Workshopjaink neves k\u00fclf\u00f6ldi szak\u00e9rt\u0151k anyagaira \u00e9p\u00fclnek. Nyitott \u00e9s kihelyezett form\u00e1ban szerezhetsz hiteles, gyakorlati tud\u00e1st.\" \/>\n<meta name=\"robots\" content=\"index, follow, max-snippet:-1, max-image-preview:large, max-video-preview:-1\" \/>\n<link rel=\"canonical\" href=\"https:\/\/lean.org.hu\/en\/lean-workshopok\/\" \/>\n<meta property=\"og:locale\" content=\"en_GB\" \/>\n<meta property=\"og:type\" content=\"article\" \/>\n<meta property=\"og:title\" content=\"Lean workshopok - LEI\" \/>\n<meta property=\"og:description\" content=\"Workshopjaink neves k\u00fclf\u00f6ldi szak\u00e9rt\u0151k anyagaira \u00e9p\u00fclnek. Nyitott \u00e9s kihelyezett form\u00e1ban szerezhetsz hiteles, gyakorlati tud\u00e1st.\" \/>\n<meta property=\"og:url\" content=\"https:\/\/lean.org.hu\/en\/lean-workshopok\/\" \/>\n<meta property=\"og:site_name\" content=\"LEI\" \/>\n<meta property=\"article:publisher\" content=\"https:\/\/www.facebook.com\/LEI.Hungary\" \/>\n<meta property=\"article:modified_time\" content=\"2026-03-18T14:18:32+00:00\" \/>\n<meta property=\"og:image\" content=\"https:\/\/lean.org.hu\/wp-content\/uploads\/2023\/11\/20OFF_seoo.png\" \/>\n\t<meta property=\"og:image:width\" content=\"1200\" \/>\n\t<meta property=\"og:image:height\" content=\"628\" \/>\n\t<meta property=\"og:image:type\" content=\"image\/png\" \/>\n<meta name=\"twitter:card\" content=\"summary_large_image\" \/>\n<meta name=\"twitter:label1\" content=\"Estimated reading time\" \/>\n\t<meta name=\"twitter:data1\" content=\"2 minutes\" \/>\n<script type=\"application\/ld+json\" class=\"yoast-schema-graph\">{\"@context\":\"https:\\\/\\\/schema.org\",\"@graph\":[{\"@type\":\"WebPage\",\"@id\":\"https:\\\/\\\/lean.org.hu\\\/lean-workshopok\\\/\",\"url\":\"https:\\\/\\\/lean.org.hu\\\/lean-workshopok\\\/\",\"name\":\"Lean workshopok - LEI\",\"isPartOf\":{\"@id\":\"https:\\\/\\\/lean.org.hu\\\/#website\"},\"primaryImageOfPage\":{\"@id\":\"https:\\\/\\\/lean.org.hu\\\/lean-workshopok\\\/#primaryimage\"},\"image\":{\"@id\":\"https:\\\/\\\/lean.org.hu\\\/lean-workshopok\\\/#primaryimage\"},\"thumbnailUrl\":\"https:\\\/\\\/lean.org.hu\\\/wp-content\\\/uploads\\\/2020\\\/11\\\/01_Lean-workshopok_LPP.jpg\",\"datePublished\":\"2020-10-21T09:10:18+00:00\",\"dateModified\":\"2026-03-18T14:18:32+00:00\",\"description\":\"Workshopjaink neves k\u00fclf\u00f6ldi szak\u00e9rt\u0151k anyagaira \u00e9p\u00fclnek. Nyitott \u00e9s kihelyezett form\u00e1ban szerezhetsz hiteles, gyakorlati tud\u00e1st.\",\"breadcrumb\":{\"@id\":\"https:\\\/\\\/lean.org.hu\\\/lean-workshopok\\\/#breadcrumb\"},\"inLanguage\":\"en-GB\",\"potentialAction\":[{\"@type\":\"ReadAction\",\"target\":[\"https:\\\/\\\/lean.org.hu\\\/lean-workshopok\\\/\"]}]},{\"@type\":\"ImageObject\",\"inLanguage\":\"en-GB\",\"@id\":\"https:\\\/\\\/lean.org.hu\\\/lean-workshopok\\\/#primaryimage\",\"url\":\"https:\\\/\\\/lean.org.hu\\\/wp-content\\\/uploads\\\/2020\\\/11\\\/01_Lean-workshopok_LPP.jpg\",\"contentUrl\":\"https:\\\/\\\/lean.org.hu\\\/wp-content\\\/uploads\\\/2020\\\/11\\\/01_Lean-workshopok_LPP.jpg\"},{\"@type\":\"BreadcrumbList\",\"@id\":\"https:\\\/\\\/lean.org.hu\\\/lean-workshopok\\\/#breadcrumb\",\"itemListElement\":[{\"@type\":\"ListItem\",\"position\":1,\"name\":\"Kezd\u0151lap\",\"item\":\"https:\\\/\\\/lean.org.hu\\\/\"},{\"@type\":\"ListItem\",\"position\":2,\"name\":\"Lean workshopok\"}]},{\"@type\":\"WebSite\",\"@id\":\"https:\\\/\\\/lean.org.hu\\\/#website\",\"url\":\"https:\\\/\\\/lean.org.hu\\\/\",\"name\":\"LEI\",\"description\":\"\",\"publisher\":{\"@id\":\"https:\\\/\\\/lean.org.hu\\\/#organization\"},\"potentialAction\":[{\"@type\":\"SearchAction\",\"target\":{\"@type\":\"EntryPoint\",\"urlTemplate\":\"https:\\\/\\\/lean.org.hu\\\/?s={search_term_string}\"},\"query-input\":{\"@type\":\"PropertyValueSpecification\",\"valueRequired\":true,\"valueName\":\"search_term_string\"}}],\"inLanguage\":\"en-GB\"},{\"@type\":\"Organization\",\"@id\":\"https:\\\/\\\/lean.org.hu\\\/#organization\",\"name\":\"LEI\",\"url\":\"https:\\\/\\\/lean.org.hu\\\/\",\"logo\":{\"@type\":\"ImageObject\",\"inLanguage\":\"en-GB\",\"@id\":\"https:\\\/\\\/lean.org.hu\\\/#\\\/schema\\\/logo\\\/image\\\/\",\"url\":\"https:\\\/\\\/lean.org.hu\\\/wp-content\\\/uploads\\\/2020\\\/07\\\/cropped-lean_logo_final_color_horizontal.png\",\"contentUrl\":\"https:\\\/\\\/lean.org.hu\\\/wp-content\\\/uploads\\\/2020\\\/07\\\/cropped-lean_logo_final_color_horizontal.png\",\"width\":779,\"height\":288,\"caption\":\"LEI\"},\"image\":{\"@id\":\"https:\\\/\\\/lean.org.hu\\\/#\\\/schema\\\/logo\\\/image\\\/\"},\"sameAs\":[\"https:\\\/\\\/www.facebook.com\\\/LEI.Hungary\",\"https:\\\/\\\/www.linkedin.com\\\/company\\\/lean-enterprise-institute-hungary\"]}]}<\/script>\n<!-- \/ Yoast SEO plugin. -->","yoast_head_json":{"title":"Lean workshopok - LEI","description":"Workshopjaink neves k\u00fclf\u00f6ldi szak\u00e9rt\u0151k anyagaira \u00e9p\u00fclnek. Nyitott \u00e9s kihelyezett form\u00e1ban szerezhetsz hiteles, gyakorlati tud\u00e1st.","robots":{"index":"index","follow":"follow","max-snippet":"max-snippet:-1","max-image-preview":"max-image-preview:large","max-video-preview":"max-video-preview:-1"},"canonical":"https:\/\/lean.org.hu\/en\/lean-workshopok\/","og_locale":"en_GB","og_type":"article","og_title":"Lean workshopok - LEI","og_description":"Workshopjaink neves k\u00fclf\u00f6ldi szak\u00e9rt\u0151k anyagaira \u00e9p\u00fclnek. Nyitott \u00e9s kihelyezett form\u00e1ban szerezhetsz hiteles, gyakorlati tud\u00e1st.","og_url":"https:\/\/lean.org.hu\/en\/lean-workshopok\/","og_site_name":"LEI","article_publisher":"https:\/\/www.facebook.com\/LEI.Hungary","article_modified_time":"2026-03-18T14:18:32+00:00","og_image":[{"width":1200,"height":628,"url":"https:\/\/lean.org.hu\/wp-content\/uploads\/2023\/11\/20OFF_seoo.png","type":"image\/png"}],"twitter_card":"summary_large_image","twitter_misc":{"Estimated reading time":"2 minutes"},"schema":{"@context":"https:\/\/schema.org","@graph":[{"@type":"WebPage","@id":"https:\/\/lean.org.hu\/lean-workshopok\/","url":"https:\/\/lean.org.hu\/lean-workshopok\/","name":"Lean workshopok - LEI","isPartOf":{"@id":"https:\/\/lean.org.hu\/#website"},"primaryImageOfPage":{"@id":"https:\/\/lean.org.hu\/lean-workshopok\/#primaryimage"},"image":{"@id":"https:\/\/lean.org.hu\/lean-workshopok\/#primaryimage"},"thumbnailUrl":"https:\/\/lean.org.hu\/wp-content\/uploads\/2020\/11\/01_Lean-workshopok_LPP.jpg","datePublished":"2020-10-21T09:10:18+00:00","dateModified":"2026-03-18T14:18:32+00:00","description":"Workshopjaink neves k\u00fclf\u00f6ldi szak\u00e9rt\u0151k anyagaira \u00e9p\u00fclnek. Nyitott \u00e9s kihelyezett form\u00e1ban szerezhetsz hiteles, gyakorlati tud\u00e1st.","breadcrumb":{"@id":"https:\/\/lean.org.hu\/lean-workshopok\/#breadcrumb"},"inLanguage":"en-GB","potentialAction":[{"@type":"ReadAction","target":["https:\/\/lean.org.hu\/lean-workshopok\/"]}]},{"@type":"ImageObject","inLanguage":"en-GB","@id":"https:\/\/lean.org.hu\/lean-workshopok\/#primaryimage","url":"https:\/\/lean.org.hu\/wp-content\/uploads\/2020\/11\/01_Lean-workshopok_LPP.jpg","contentUrl":"https:\/\/lean.org.hu\/wp-content\/uploads\/2020\/11\/01_Lean-workshopok_LPP.jpg"},{"@type":"BreadcrumbList","@id":"https:\/\/lean.org.hu\/lean-workshopok\/#breadcrumb","itemListElement":[{"@type":"ListItem","position":1,"name":"Kezd\u0151lap","item":"https:\/\/lean.org.hu\/"},{"@type":"ListItem","position":2,"name":"Lean workshopok"}]},{"@type":"WebSite","@id":"https:\/\/lean.org.hu\/#website","url":"https:\/\/lean.org.hu\/","name":"LEI","description":"","publisher":{"@id":"https:\/\/lean.org.hu\/#organization"},"potentialAction":[{"@type":"SearchAction","target":{"@type":"EntryPoint","urlTemplate":"https:\/\/lean.org.hu\/?s={search_term_string}"},"query-input":{"@type":"PropertyValueSpecification","valueRequired":true,"valueName":"search_term_string"}}],"inLanguage":"en-GB"},{"@type":"Organization","@id":"https:\/\/lean.org.hu\/#organization","name":"LEI","url":"https:\/\/lean.org.hu\/","logo":{"@type":"ImageObject","inLanguage":"en-GB","@id":"https:\/\/lean.org.hu\/#\/schema\/logo\/image\/","url":"https:\/\/lean.org.hu\/wp-content\/uploads\/2020\/07\/cropped-lean_logo_final_color_horizontal.png","contentUrl":"https:\/\/lean.org.hu\/wp-content\/uploads\/2020\/07\/cropped-lean_logo_final_color_horizontal.png","width":779,"height":288,"caption":"LEI"},"image":{"@id":"https:\/\/lean.org.hu\/#\/schema\/logo\/image\/"},"sameAs":["https:\/\/www.facebook.com\/LEI.Hungary","https:\/\/www.linkedin.com\/company\/lean-enterprise-institute-hungary"]}]}},"_links":{"self":[{"href":"https:\/\/lean.org.hu\/en\/wp-json\/wp\/v2\/pages\/3138","targetHints":{"allow":["GET"]}}],"collection":[{"href":"https:\/\/lean.org.hu\/en\/wp-json\/wp\/v2\/pages"}],"about":[{"href":"https:\/\/lean.org.hu\/en\/wp-json\/wp\/v2\/types\/page"}],"author":[{"embeddable":true,"href":"https:\/\/lean.org.hu\/en\/wp-json\/wp\/v2\/users\/1"}],"replies":[{"embeddable":true,"href":"https:\/\/lean.org.hu\/en\/wp-json\/wp\/v2\/comments?post=3138"}],"version-history":[{"count":6,"href":"https:\/\/lean.org.hu\/en\/wp-json\/wp\/v2\/pages\/3138\/revisions"}],"predecessor-version":[{"id":151809,"href":"https:\/\/lean.org.hu\/en\/wp-json\/wp\/v2\/pages\/3138\/revisions\/151809"}],"wp:attachment":[{"href":"https:\/\/lean.org.hu\/en\/wp-json\/wp\/v2\/media?parent=3138"}],"curies":[{"name":"wp","href":"https:\/\/api.w.org\/{rel}","templated":true}]}}