{"id":274,"date":"2020-07-18T15:33:07","date_gmt":"2020-07-18T15:33:07","guid":{"rendered":"http:\/\/generaciokpartnere.hu\/leiwp\/?page_id=274"},"modified":"2025-11-17T15:44:37","modified_gmt":"2025-11-17T14:44:37","slug":"impresszum","status":"publish","type":"page","link":"https:\/\/lean.org.hu\/en\/impresszum\/","title":{"rendered":"Impresszum"},"content":{"rendered":"<div class=\"wp-block-columns is-layout-flex wp-container-core-columns-is-layout-9d6595d7 wp-block-columns-is-layout-flex\">\n<div class=\"wp-block-column is-layout-flow wp-block-column-is-layout-flow\">\n<h3 class=\"wp-block-heading\"><strong>Magyarorsz\u00e1gi Lean Sz\u00f6vets\u00e9g<\/strong><\/h3>\n\n\n\n<p>nonprofit, k\u00f6zhaszn\u00fa szervezet<\/p>\n\n\n\n<p>8200 Veszpr\u00e9m, Alm\u00e1di \u00fat 3., fsz. 11-12.<br>+36 70 940-9449<br><a href=\"mailto:info@lean.org.hu\">info@lean.org.hu<\/a><\/p>\n\n\n\n<p><strong>Nyilv\u00e1ntart\u00e1si sz\u00e1m: <\/strong>3337<br><strong>Bejegyz\u0151 hat\u00f3s\u00e1g:<\/strong> Veszpr\u00e9m Megyei B\u00edr\u00f3s\u00e1g<br><strong>Ad\u00f3sz\u00e1m:\u00a0<\/strong>18276084-2-19<br><strong>Banksz\u00e1mlasz\u00e1m:<\/strong> 10700189-67102594-51100005<br><strong>T\u00e1rhelyszolg\u00e1ltat\u00f3:<\/strong> Sybell Informatika Kft. (1158 Budapest, K\u00e9sm\u00e1rk u. 7.\/b , <a href=\"mailto:szerviz@silverfrog.hu\"><a href=\"https:\/\/sybell.hu\/\">https:\/\/sybell.hu\/<\/a><\/a>)<br><\/p>\n\n\n\n<div class=\"wp-block-group alignwide\"><div class=\"wp-block-group__inner-container is-layout-flow wp-block-group-is-layout-flow\">\n<a align=\"center\" class=\"button footer\" href=\"https:\/\/drive.google.com\/file\/d\/15-qQW64vXL5TqXa7fm9hRGJSI_BozpaD\/view?usp=sharing\">Alapszab\u00e1ly &#8211; Magyarorsz\u00e1gi Lean Sz\u00f6vets\u00e9g<\/a>\n<\/div><\/div>\n<\/div>\n\n\n\n<div class=\"wp-block-column is-layout-flow wp-block-column-is-layout-flow\">\n<h3 class=\"wp-block-heading\"><strong>LEI Hungary Korl\u00e1tolt Felel\u0151ss\u00e9g\u0171 T\u00e1rsas\u00e1g<\/strong><\/h3>\n\n\n\n<p><\/p>\n\n\n\n<p>8200 Veszpr\u00e9m, Alm\u00e1di \u00fat 3., fsz. 11-12.<br>+36 70 940-9449<br><a href=\"mailto:info@lean.org.hu\">info@lean.org.hu<\/a><\/p>\n\n\n\n<p><strong>C\u00e9gjegyz\u00e9k sz\u00e1m: <\/strong>19-09-521840<br><strong>A c\u00e9get bejegyz\u0151 hat\u00f3s\u00e1g:<\/strong> Veszpr\u00e9mi T\u00f6rv\u00e9nysz\u00e9k C\u00e9gb\u00edr\u00f3s\u00e1ga<br><strong>Ad\u00f3sz\u00e1m: <\/strong>29147858-2-19<br><strong>Banksz\u00e1mlasz\u00e1m:<\/strong> 30400001-00000000-51885300<\/p>\n\n\n\n<p>A LEI Hungary Korl\u00e1tolt Felel\u0151ss\u00e9g\u0171 T\u00e1rsas\u00e1g 2021. j\u00fanius 27. \u00f3ta enged\u00e9llyel rendelkez\u0151 feln\u0151ttk\u00e9pz\u00e9si int\u00e9zm\u00e9ny.<\/p>\n\n\n\n<p><strong>Enged\u00e9lyez\u0151 hat\u00f3s\u00e1g:<\/strong> Nemzeti Szakk\u00e9pz\u00e9si \u00e9s Feln\u0151ttk\u00e9pz\u00e9si Hivatal (C\u00edm: H-1089 Budapest, K\u00e1lv\u00e1ria t\u00e9r 7. Tel.: 06 1 303-9300)<br><strong>Feln\u0151ttk\u00e9pz\u00e9si nyilv\u00e1ntart\u00e1sba v\u00e9teli azonos\u00edt\u00f3:<\/strong>&nbsp;B\/2021\/001636<\/p>\n<\/div>\n<\/div>\n\n\n\n<p><\/p>","protected":false},"excerpt":{"rendered":"","protected":false},"author":1,"featured_media":0,"parent":0,"menu_order":0,"comment_status":"closed","ping_status":"closed","template":"","meta":{"_eb_attr":"","footnotes":""},"class_list":{"0":"post-274","1":"page","2":"type-page","3":"status-publish","5":"infinite-scroll-item","6":"no-featured-image-padding"},"featured_image_src":null,"yoast_head":"<!-- This site is optimized with the Yoast SEO plugin v27.6 - https:\/\/yoast.com\/product\/yoast-seo-wordpress\/ -->\n<title>Impresszum - LEI<\/title>\n<meta name=\"description\" content=\"A LEI Magyarorsz\u00e1gi Egyes\u00fclete \u00e9s a Lean Enterprise Institute Hungary Nonprofit Kft. impresszuma.\" \/>\n<meta name=\"robots\" content=\"index, follow, max-snippet:-1, max-image-preview:large, max-video-preview:-1\" \/>\n<link rel=\"canonical\" href=\"https:\/\/lean.org.hu\/en\/impresszum\/\" \/>\n<meta property=\"og:locale\" content=\"en_GB\" \/>\n<meta property=\"og:type\" content=\"article\" \/>\n<meta property=\"og:title\" content=\"Impresszum - LEI\" \/>\n<meta property=\"og:description\" content=\"A LEI Magyarorsz\u00e1gi Egyes\u00fclete \u00e9s a Lean Enterprise Institute Hungary Nonprofit Kft. impresszuma.\" \/>\n<meta property=\"og:url\" content=\"https:\/\/lean.org.hu\/en\/impresszum\/\" \/>\n<meta property=\"og:site_name\" content=\"LEI\" \/>\n<meta property=\"article:publisher\" content=\"https:\/\/www.facebook.com\/LEI.Hungary\" \/>\n<meta property=\"article:modified_time\" content=\"2025-11-17T14:44:37+00:00\" \/>\n<meta name=\"twitter:card\" content=\"summary_large_image\" \/>\n<meta name=\"twitter:label1\" content=\"Estimated reading time\" \/>\n\t<meta name=\"twitter:data1\" content=\"1 minute\" \/>\n<script type=\"application\/ld+json\" class=\"yoast-schema-graph\">{\"@context\":\"https:\\\/\\\/schema.org\",\"@graph\":[{\"@type\":\"WebPage\",\"@id\":\"https:\\\/\\\/lean.org.hu\\\/impresszum\\\/\",\"url\":\"https:\\\/\\\/lean.org.hu\\\/impresszum\\\/\",\"name\":\"Impresszum - LEI\",\"isPartOf\":{\"@id\":\"https:\\\/\\\/lean.org.hu\\\/#website\"},\"datePublished\":\"2020-07-18T15:33:07+00:00\",\"dateModified\":\"2025-11-17T14:44:37+00:00\",\"description\":\"A LEI Magyarorsz\u00e1gi Egyes\u00fclete \u00e9s a Lean Enterprise Institute Hungary Nonprofit Kft. impresszuma.\",\"breadcrumb\":{\"@id\":\"https:\\\/\\\/lean.org.hu\\\/impresszum\\\/#breadcrumb\"},\"inLanguage\":\"en-GB\",\"potentialAction\":[{\"@type\":\"ReadAction\",\"target\":[\"https:\\\/\\\/lean.org.hu\\\/impresszum\\\/\"]}]},{\"@type\":\"BreadcrumbList\",\"@id\":\"https:\\\/\\\/lean.org.hu\\\/impresszum\\\/#breadcrumb\",\"itemListElement\":[{\"@type\":\"ListItem\",\"position\":1,\"name\":\"Kezd\u0151lap\",\"item\":\"https:\\\/\\\/lean.org.hu\\\/\"},{\"@type\":\"ListItem\",\"position\":2,\"name\":\"Impresszum\"}]},{\"@type\":\"WebSite\",\"@id\":\"https:\\\/\\\/lean.org.hu\\\/#website\",\"url\":\"https:\\\/\\\/lean.org.hu\\\/\",\"name\":\"LEI\",\"description\":\"\",\"publisher\":{\"@id\":\"https:\\\/\\\/lean.org.hu\\\/#organization\"},\"potentialAction\":[{\"@type\":\"SearchAction\",\"target\":{\"@type\":\"EntryPoint\",\"urlTemplate\":\"https:\\\/\\\/lean.org.hu\\\/?s={search_term_string}\"},\"query-input\":{\"@type\":\"PropertyValueSpecification\",\"valueRequired\":true,\"valueName\":\"search_term_string\"}}],\"inLanguage\":\"en-GB\"},{\"@type\":\"Organization\",\"@id\":\"https:\\\/\\\/lean.org.hu\\\/#organization\",\"name\":\"LEI\",\"url\":\"https:\\\/\\\/lean.org.hu\\\/\",\"logo\":{\"@type\":\"ImageObject\",\"inLanguage\":\"en-GB\",\"@id\":\"https:\\\/\\\/lean.org.hu\\\/#\\\/schema\\\/logo\\\/image\\\/\",\"url\":\"https:\\\/\\\/lean.org.hu\\\/wp-content\\\/uploads\\\/2020\\\/07\\\/cropped-lean_logo_final_color_horizontal.png\",\"contentUrl\":\"https:\\\/\\\/lean.org.hu\\\/wp-content\\\/uploads\\\/2020\\\/07\\\/cropped-lean_logo_final_color_horizontal.png\",\"width\":779,\"height\":288,\"caption\":\"LEI\"},\"image\":{\"@id\":\"https:\\\/\\\/lean.org.hu\\\/#\\\/schema\\\/logo\\\/image\\\/\"},\"sameAs\":[\"https:\\\/\\\/www.facebook.com\\\/LEI.Hungary\",\"https:\\\/\\\/www.linkedin.com\\\/company\\\/lean-enterprise-institute-hungary\"]}]}<\/script>\n<!-- \/ Yoast SEO plugin. -->","yoast_head_json":{"title":"Impresszum - LEI","description":"A LEI Magyarorsz\u00e1gi Egyes\u00fclete \u00e9s a Lean Enterprise Institute Hungary Nonprofit Kft. impresszuma.","robots":{"index":"index","follow":"follow","max-snippet":"max-snippet:-1","max-image-preview":"max-image-preview:large","max-video-preview":"max-video-preview:-1"},"canonical":"https:\/\/lean.org.hu\/en\/impresszum\/","og_locale":"en_GB","og_type":"article","og_title":"Impresszum - LEI","og_description":"A LEI Magyarorsz\u00e1gi Egyes\u00fclete \u00e9s a Lean Enterprise Institute Hungary Nonprofit Kft. impresszuma.","og_url":"https:\/\/lean.org.hu\/en\/impresszum\/","og_site_name":"LEI","article_publisher":"https:\/\/www.facebook.com\/LEI.Hungary","article_modified_time":"2025-11-17T14:44:37+00:00","twitter_card":"summary_large_image","twitter_misc":{"Estimated reading time":"1 minute"},"schema":{"@context":"https:\/\/schema.org","@graph":[{"@type":"WebPage","@id":"https:\/\/lean.org.hu\/impresszum\/","url":"https:\/\/lean.org.hu\/impresszum\/","name":"Impresszum - LEI","isPartOf":{"@id":"https:\/\/lean.org.hu\/#website"},"datePublished":"2020-07-18T15:33:07+00:00","dateModified":"2025-11-17T14:44:37+00:00","description":"A LEI Magyarorsz\u00e1gi Egyes\u00fclete \u00e9s a Lean Enterprise Institute Hungary Nonprofit Kft. impresszuma.","breadcrumb":{"@id":"https:\/\/lean.org.hu\/impresszum\/#breadcrumb"},"inLanguage":"en-GB","potentialAction":[{"@type":"ReadAction","target":["https:\/\/lean.org.hu\/impresszum\/"]}]},{"@type":"BreadcrumbList","@id":"https:\/\/lean.org.hu\/impresszum\/#breadcrumb","itemListElement":[{"@type":"ListItem","position":1,"name":"Kezd\u0151lap","item":"https:\/\/lean.org.hu\/"},{"@type":"ListItem","position":2,"name":"Impresszum"}]},{"@type":"WebSite","@id":"https:\/\/lean.org.hu\/#website","url":"https:\/\/lean.org.hu\/","name":"LEI","description":"","publisher":{"@id":"https:\/\/lean.org.hu\/#organization"},"potentialAction":[{"@type":"SearchAction","target":{"@type":"EntryPoint","urlTemplate":"https:\/\/lean.org.hu\/?s={search_term_string}"},"query-input":{"@type":"PropertyValueSpecification","valueRequired":true,"valueName":"search_term_string"}}],"inLanguage":"en-GB"},{"@type":"Organization","@id":"https:\/\/lean.org.hu\/#organization","name":"LEI","url":"https:\/\/lean.org.hu\/","logo":{"@type":"ImageObject","inLanguage":"en-GB","@id":"https:\/\/lean.org.hu\/#\/schema\/logo\/image\/","url":"https:\/\/lean.org.hu\/wp-content\/uploads\/2020\/07\/cropped-lean_logo_final_color_horizontal.png","contentUrl":"https:\/\/lean.org.hu\/wp-content\/uploads\/2020\/07\/cropped-lean_logo_final_color_horizontal.png","width":779,"height":288,"caption":"LEI"},"image":{"@id":"https:\/\/lean.org.hu\/#\/schema\/logo\/image\/"},"sameAs":["https:\/\/www.facebook.com\/LEI.Hungary","https:\/\/www.linkedin.com\/company\/lean-enterprise-institute-hungary"]}]}},"_links":{"self":[{"href":"https:\/\/lean.org.hu\/en\/wp-json\/wp\/v2\/pages\/274","targetHints":{"allow":["GET"]}}],"collection":[{"href":"https:\/\/lean.org.hu\/en\/wp-json\/wp\/v2\/pages"}],"about":[{"href":"https:\/\/lean.org.hu\/en\/wp-json\/wp\/v2\/types\/page"}],"author":[{"embeddable":true,"href":"https:\/\/lean.org.hu\/en\/wp-json\/wp\/v2\/users\/1"}],"replies":[{"embeddable":true,"href":"https:\/\/lean.org.hu\/en\/wp-json\/wp\/v2\/comments?post=274"}],"version-history":[{"count":5,"href":"https:\/\/lean.org.hu\/en\/wp-json\/wp\/v2\/pages\/274\/revisions"}],"predecessor-version":[{"id":149868,"href":"https:\/\/lean.org.hu\/en\/wp-json\/wp\/v2\/pages\/274\/revisions\/149868"}],"wp:attachment":[{"href":"https:\/\/lean.org.hu\/en\/wp-json\/wp\/v2\/media?parent=274"}],"curies":[{"name":"wp","href":"https:\/\/api.w.org\/{rel}","templated":true}]}}