{"id":2702,"date":"2020-10-08T07:02:05","date_gmt":"2020-10-08T07:02:05","guid":{"rendered":"http:\/\/generaciokpartnere.hu\/leiwp\/?page_id=2702"},"modified":"2023-08-17T10:07:05","modified_gmt":"2023-08-17T08:07:05","slug":"visszahivast-kerek","status":"publish","type":"page","link":"https:\/\/lean.org.hu\/en\/visszahivast-kerek\/","title":{"rendered":"Call me back"},"content":{"rendered":"<div class=\"wp-block-group has-base-3-background-color has-background\"><div class=\"wp-block-group__inner-container is-layout-flow wp-block-group-is-layout-flow\">\n<h2 class=\"wp-block-heading has-text-align-center\">Call me back<\/h2>\n\n\n\n<p class=\"has-text-align-center\">Szeretn\u00e9k t\u00f6bbet megtudni a tov\u00e1bbi lehet\u0151s\u00e9gekr\u0151l<\/p>\n\n\n\n<div class=\"wp-block-columns is-layout-flex wp-container-core-columns-is-layout-9d6595d7 wp-block-columns-is-layout-flex\">\n<div class=\"wp-block-column is-layout-flow wp-block-column-is-layout-flow\">\n<p class=\"has-text-align-center\">Adatkezel\u00e9si t\u00e1j\u00e9koztat\u00f3nkat <a href=\"https:\/\/lean.org.hu\/en\/adatkezelesi-tajekoztato\/\" target=\"_blank\" rel=\"noreferrer noopener\">itt <\/a>tudod elolvasni.<\/p>\n<\/div>\n<\/div>\n\n\n\n<div class=\"wp-block-columns is-layout-flex wp-container-core-columns-is-layout-9d6595d7 wp-block-columns-is-layout-flex\">\n<div class=\"wp-block-column is-layout-flow wp-block-column-is-layout-flow\"><p><script async src='https:\/\/r3.minicrm.hu\/api\/loader.js?59057-1g8f7p73a80vbon4wxs70kqs8jyxjp'><\/script><\/p>\n<\/div>\n<\/div>\n\n\n\n<p class=\"has-text-align-center\"><\/p>\n<\/div><\/div>\n\n\n\n<div style=\"height:100px\" aria-hidden=\"true\" class=\"wp-block-spacer\"><\/div>","protected":false},"excerpt":{"rendered":"","protected":false},"author":1,"featured_media":0,"parent":0,"menu_order":0,"comment_status":"closed","ping_status":"closed","template":"","meta":{"_eb_attr":"","footnotes":""},"class_list":{"0":"post-2702","1":"page","2":"type-page","3":"status-publish","5":"infinite-scroll-item","6":"no-featured-image-padding"},"featured_image_src":null,"yoast_head":"<!-- This site is optimized with the Yoast SEO plugin v27.4 - https:\/\/yoast.com\/product\/yoast-seo-wordpress\/ -->\n<title>Visszah\u00edv\u00e1st k\u00e9rek - LEI<\/title>\n<meta name=\"description\" content=\"T\u00e1mogat\u00e1sra van sz\u00fcks\u00e9ged a lean transzform\u00e1ci\u00f3ban? Vedd fel vel\u00fcnk a kapcsolatot!\" \/>\n<meta name=\"robots\" content=\"index, follow, max-snippet:-1, max-image-preview:large, max-video-preview:-1\" \/>\n<link rel=\"canonical\" href=\"https:\/\/lean.org.hu\/en\/visszahivast-kerek\/\" \/>\n<meta property=\"og:locale\" content=\"en_GB\" \/>\n<meta property=\"og:type\" content=\"article\" \/>\n<meta property=\"og:title\" content=\"Visszah\u00edv\u00e1st k\u00e9rek - LEI\" \/>\n<meta property=\"og:description\" content=\"T\u00e1mogat\u00e1sra van sz\u00fcks\u00e9ged a lean transzform\u00e1ci\u00f3ban? Vedd fel vel\u00fcnk a kapcsolatot!\" \/>\n<meta property=\"og:url\" content=\"https:\/\/lean.org.hu\/en\/visszahivast-kerek\/\" \/>\n<meta property=\"og:site_name\" content=\"LEI\" \/>\n<meta property=\"article:publisher\" content=\"https:\/\/www.facebook.com\/LEI.Hungary\" \/>\n<meta property=\"article:modified_time\" content=\"2023-08-17T08:07:05+00:00\" \/>\n<meta name=\"twitter:card\" content=\"summary_large_image\" \/>\n<meta name=\"twitter:label1\" content=\"Estimated reading time\" \/>\n\t<meta name=\"twitter:data1\" content=\"1 minute\" \/>\n<script type=\"application\/ld+json\" class=\"yoast-schema-graph\">{\"@context\":\"https:\\\/\\\/schema.org\",\"@graph\":[{\"@type\":\"WebPage\",\"@id\":\"https:\\\/\\\/lean.org.hu\\\/visszahivast-kerek\\\/\",\"url\":\"https:\\\/\\\/lean.org.hu\\\/visszahivast-kerek\\\/\",\"name\":\"Visszah\u00edv\u00e1st k\u00e9rek - LEI\",\"isPartOf\":{\"@id\":\"https:\\\/\\\/lean.org.hu\\\/#website\"},\"datePublished\":\"2020-10-08T07:02:05+00:00\",\"dateModified\":\"2023-08-17T08:07:05+00:00\",\"description\":\"T\u00e1mogat\u00e1sra van sz\u00fcks\u00e9ged a lean transzform\u00e1ci\u00f3ban? Vedd fel vel\u00fcnk a kapcsolatot!\",\"breadcrumb\":{\"@id\":\"https:\\\/\\\/lean.org.hu\\\/visszahivast-kerek\\\/#breadcrumb\"},\"inLanguage\":\"en-GB\",\"potentialAction\":[{\"@type\":\"ReadAction\",\"target\":[\"https:\\\/\\\/lean.org.hu\\\/visszahivast-kerek\\\/\"]}]},{\"@type\":\"BreadcrumbList\",\"@id\":\"https:\\\/\\\/lean.org.hu\\\/visszahivast-kerek\\\/#breadcrumb\",\"itemListElement\":[{\"@type\":\"ListItem\",\"position\":1,\"name\":\"Kezd\u0151lap\",\"item\":\"https:\\\/\\\/lean.org.hu\\\/\"},{\"@type\":\"ListItem\",\"position\":2,\"name\":\"Visszah\u00edv\u00e1st k\u00e9rek\"}]},{\"@type\":\"WebSite\",\"@id\":\"https:\\\/\\\/lean.org.hu\\\/#website\",\"url\":\"https:\\\/\\\/lean.org.hu\\\/\",\"name\":\"LEI\",\"description\":\"\",\"publisher\":{\"@id\":\"https:\\\/\\\/lean.org.hu\\\/#organization\"},\"potentialAction\":[{\"@type\":\"SearchAction\",\"target\":{\"@type\":\"EntryPoint\",\"urlTemplate\":\"https:\\\/\\\/lean.org.hu\\\/?s={search_term_string}\"},\"query-input\":{\"@type\":\"PropertyValueSpecification\",\"valueRequired\":true,\"valueName\":\"search_term_string\"}}],\"inLanguage\":\"en-GB\"},{\"@type\":\"Organization\",\"@id\":\"https:\\\/\\\/lean.org.hu\\\/#organization\",\"name\":\"LEI\",\"url\":\"https:\\\/\\\/lean.org.hu\\\/\",\"logo\":{\"@type\":\"ImageObject\",\"inLanguage\":\"en-GB\",\"@id\":\"https:\\\/\\\/lean.org.hu\\\/#\\\/schema\\\/logo\\\/image\\\/\",\"url\":\"https:\\\/\\\/lean.org.hu\\\/wp-content\\\/uploads\\\/2020\\\/07\\\/cropped-lean_logo_final_color_horizontal.png\",\"contentUrl\":\"https:\\\/\\\/lean.org.hu\\\/wp-content\\\/uploads\\\/2020\\\/07\\\/cropped-lean_logo_final_color_horizontal.png\",\"width\":779,\"height\":288,\"caption\":\"LEI\"},\"image\":{\"@id\":\"https:\\\/\\\/lean.org.hu\\\/#\\\/schema\\\/logo\\\/image\\\/\"},\"sameAs\":[\"https:\\\/\\\/www.facebook.com\\\/LEI.Hungary\",\"https:\\\/\\\/www.linkedin.com\\\/company\\\/lean-enterprise-institute-hungary\"]}]}<\/script>\n<!-- \/ Yoast SEO plugin. -->","yoast_head_json":{"title":"Visszah\u00edv\u00e1st k\u00e9rek - LEI","description":"T\u00e1mogat\u00e1sra van sz\u00fcks\u00e9ged a lean transzform\u00e1ci\u00f3ban? Vedd fel vel\u00fcnk a kapcsolatot!","robots":{"index":"index","follow":"follow","max-snippet":"max-snippet:-1","max-image-preview":"max-image-preview:large","max-video-preview":"max-video-preview:-1"},"canonical":"https:\/\/lean.org.hu\/en\/visszahivast-kerek\/","og_locale":"en_GB","og_type":"article","og_title":"Visszah\u00edv\u00e1st k\u00e9rek - LEI","og_description":"T\u00e1mogat\u00e1sra van sz\u00fcks\u00e9ged a lean transzform\u00e1ci\u00f3ban? Vedd fel vel\u00fcnk a kapcsolatot!","og_url":"https:\/\/lean.org.hu\/en\/visszahivast-kerek\/","og_site_name":"LEI","article_publisher":"https:\/\/www.facebook.com\/LEI.Hungary","article_modified_time":"2023-08-17T08:07:05+00:00","twitter_card":"summary_large_image","twitter_misc":{"Estimated reading time":"1 minute"},"schema":{"@context":"https:\/\/schema.org","@graph":[{"@type":"WebPage","@id":"https:\/\/lean.org.hu\/visszahivast-kerek\/","url":"https:\/\/lean.org.hu\/visszahivast-kerek\/","name":"Visszah\u00edv\u00e1st k\u00e9rek - LEI","isPartOf":{"@id":"https:\/\/lean.org.hu\/#website"},"datePublished":"2020-10-08T07:02:05+00:00","dateModified":"2023-08-17T08:07:05+00:00","description":"T\u00e1mogat\u00e1sra van sz\u00fcks\u00e9ged a lean transzform\u00e1ci\u00f3ban? Vedd fel vel\u00fcnk a kapcsolatot!","breadcrumb":{"@id":"https:\/\/lean.org.hu\/visszahivast-kerek\/#breadcrumb"},"inLanguage":"en-GB","potentialAction":[{"@type":"ReadAction","target":["https:\/\/lean.org.hu\/visszahivast-kerek\/"]}]},{"@type":"BreadcrumbList","@id":"https:\/\/lean.org.hu\/visszahivast-kerek\/#breadcrumb","itemListElement":[{"@type":"ListItem","position":1,"name":"Kezd\u0151lap","item":"https:\/\/lean.org.hu\/"},{"@type":"ListItem","position":2,"name":"Visszah\u00edv\u00e1st k\u00e9rek"}]},{"@type":"WebSite","@id":"https:\/\/lean.org.hu\/#website","url":"https:\/\/lean.org.hu\/","name":"LEI","description":"","publisher":{"@id":"https:\/\/lean.org.hu\/#organization"},"potentialAction":[{"@type":"SearchAction","target":{"@type":"EntryPoint","urlTemplate":"https:\/\/lean.org.hu\/?s={search_term_string}"},"query-input":{"@type":"PropertyValueSpecification","valueRequired":true,"valueName":"search_term_string"}}],"inLanguage":"en-GB"},{"@type":"Organization","@id":"https:\/\/lean.org.hu\/#organization","name":"LEI","url":"https:\/\/lean.org.hu\/","logo":{"@type":"ImageObject","inLanguage":"en-GB","@id":"https:\/\/lean.org.hu\/#\/schema\/logo\/image\/","url":"https:\/\/lean.org.hu\/wp-content\/uploads\/2020\/07\/cropped-lean_logo_final_color_horizontal.png","contentUrl":"https:\/\/lean.org.hu\/wp-content\/uploads\/2020\/07\/cropped-lean_logo_final_color_horizontal.png","width":779,"height":288,"caption":"LEI"},"image":{"@id":"https:\/\/lean.org.hu\/#\/schema\/logo\/image\/"},"sameAs":["https:\/\/www.facebook.com\/LEI.Hungary","https:\/\/www.linkedin.com\/company\/lean-enterprise-institute-hungary"]}]}},"_links":{"self":[{"href":"https:\/\/lean.org.hu\/en\/wp-json\/wp\/v2\/pages\/2702","targetHints":{"allow":["GET"]}}],"collection":[{"href":"https:\/\/lean.org.hu\/en\/wp-json\/wp\/v2\/pages"}],"about":[{"href":"https:\/\/lean.org.hu\/en\/wp-json\/wp\/v2\/types\/page"}],"author":[{"embeddable":true,"href":"https:\/\/lean.org.hu\/en\/wp-json\/wp\/v2\/users\/1"}],"replies":[{"embeddable":true,"href":"https:\/\/lean.org.hu\/en\/wp-json\/wp\/v2\/comments?post=2702"}],"version-history":[{"count":5,"href":"https:\/\/lean.org.hu\/en\/wp-json\/wp\/v2\/pages\/2702\/revisions"}],"predecessor-version":[{"id":141236,"href":"https:\/\/lean.org.hu\/en\/wp-json\/wp\/v2\/pages\/2702\/revisions\/141236"}],"wp:attachment":[{"href":"https:\/\/lean.org.hu\/en\/wp-json\/wp\/v2\/media?parent=2702"}],"curies":[{"name":"wp","href":"https:\/\/api.w.org\/{rel}","templated":true}]}}