{"id":149231,"date":"2025-06-24T14:21:28","date_gmt":"2025-06-24T12:21:28","guid":{"rendered":"https:\/\/lean.org.hu\/?page_id=149231"},"modified":"2025-07-17T12:16:28","modified_gmt":"2025-07-17T10:16:28","slug":"dft-hungaria-tamogatas","status":"publish","type":"page","link":"https:\/\/lean.org.hu\/en\/dft-hungaria-tamogatas","title":{"rendered":"DFT-Hung\u00e1ria t\u00e1mogat\u00e1s"},"content":{"rendered":"<div class=\"wp-block-image\">\n<figure class=\"aligncenter size-full is-resized\"><img fetchpriority=\"high\" decoding=\"async\" width=\"1400\" height=\"280\" src=\"https:\/\/lean.org.hu\/wp-content\/uploads\/2025\/06\/dft_banner.png\" alt=\"\" class=\"wp-image-149232\" style=\"width:1020px;height:auto\" srcset=\"https:\/\/lean.org.hu\/wp-content\/uploads\/2025\/06\/dft_banner.png 1400w, https:\/\/lean.org.hu\/wp-content\/uploads\/2025\/06\/dft_banner-300x60.png 300w, https:\/\/lean.org.hu\/wp-content\/uploads\/2025\/06\/dft_banner-1024x205.png 1024w, https:\/\/lean.org.hu\/wp-content\/uploads\/2025\/06\/dft_banner-768x154.png 768w, https:\/\/lean.org.hu\/wp-content\/uploads\/2025\/06\/dft_banner-18x4.png 18w, https:\/\/lean.org.hu\/wp-content\/uploads\/2025\/06\/dft_banner-200x40.png 200w\" sizes=\"(max-width: 1400px) 100vw, 1400px\" \/><\/figure><\/div>\n\n\n<div class=\"wp-block-columns is-layout-flex wp-container-core-columns-is-layout-9d6595d7 wp-block-columns-is-layout-flex\">\n<div class=\"wp-block-column is-layout-flow wp-block-column-is-layout-flow\">\n<div style=\"height:20px\" aria-hidden=\"true\" class=\"wp-block-spacer\"><\/div>\n\n\n\n<p class=\"has-text-align-center\"><strong>A Lean Enterprise Institute Hungary \u00e9s a DFT-Hung\u00e1ria Zrt. <\/strong>egy\u00fcttm\u0171k\u00f6d\u00e9s\u00e9ben most el\u00e9rhet\u0151 a GINOP 3.2.1 k\u00e9pz\u00e9si program, amely <strong>val\u00f3s t\u00e1mogat\u00e1ssal \u00e9s szakmai garanci\u00e1val seg\u00edti v\u00e1llalatod fejl\u0151d\u00e9s\u00e9t, legyen sz\u00f3 lean tr\u00e9ningr\u0151l, workshopr\u00f3l vagy tan\u00e1csad\u00e1sr\u00f3l.<br><\/strong><br>Szakmai h\u00e1tter\u00fcnk \u00e9s a DFT-Hung\u00e1ria feln\u0151ttk\u00e9pz\u00e9si tapasztalata egyes\u00fcl annak \u00e9rdek\u00e9ben, hogy <strong>val\u00f3di, fenntarthat\u00f3 fejl\u0151d\u00e9st<\/strong> biztos\u00edtsunk partnereink sz\u00e1m\u00e1ra, nem csup\u00e1n k\u00e9pz\u00e9seket, hanem <strong>\u00e9rt\u00e9kteremt\u0151 megold\u00e1sokat <\/strong>k\u00edn\u00e1lunk.<\/p>\n\n\n\n<div style=\"height:10px\" aria-hidden=\"true\" class=\"wp-block-spacer\"><\/div>\n<\/div>\n<\/div>\n\n\n\n<h2 class=\"wp-block-heading has-text-align-center has-accent-color has-text-color has-link-color wp-elements-02e2d5282d08af51d1823f509d4329dd\"><strong>MI\u00c9RT \u00c9RDEMES P\u00c1LY\u00c1ZNI?<\/strong><\/h2>\n\n\n\n<div style=\"height:5px\" aria-hidden=\"true\" class=\"wp-block-spacer\"><\/div>\n\n\n\n<div class=\"wp-block-columns is-layout-flex wp-container-core-columns-is-layout-9d6595d7 wp-block-columns-is-layout-flex\">\n<div class=\"wp-block-column is-layout-flow wp-block-column-is-layout-flow\"><div class=\"wp-block-image\">\n<figure class=\"aligncenter size-full is-resized\"><img decoding=\"async\" width=\"400\" height=\"400\" src=\"https:\/\/lean.org.hu\/wp-content\/uploads\/2025\/06\/pipa.png\" alt=\"\" class=\"wp-image-149240\" style=\"width:60px\" srcset=\"https:\/\/lean.org.hu\/wp-content\/uploads\/2025\/06\/pipa.png 400w, https:\/\/lean.org.hu\/wp-content\/uploads\/2025\/06\/pipa-300x300.png 300w, https:\/\/lean.org.hu\/wp-content\/uploads\/2025\/06\/pipa-150x150.png 150w, https:\/\/lean.org.hu\/wp-content\/uploads\/2025\/06\/pipa-12x12.png 12w, https:\/\/lean.org.hu\/wp-content\/uploads\/2025\/06\/pipa-200x200.png 200w, https:\/\/lean.org.hu\/wp-content\/uploads\/2025\/06\/pipa-100x100.png 100w, https:\/\/lean.org.hu\/wp-content\/uploads\/2025\/06\/pipa-50x50.png 50w\" sizes=\"(max-width: 400px) 100vw, 400px\" \/><\/figure><\/div>\n\n\n<p class=\"has-text-align-center has-accent-color has-text-color has-link-color has-medium-font-size wp-elements-86ab3ae5b0bb0a03a88a4b503c2121b7\">A tr\u00e9ningek, workshopok, tan\u00e1csad\u00e1s <strong>ak\u00e1r<\/strong> <strong>80%-os* finansz\u00edrozotts\u00e1ggal<\/strong> is el\u00e9rhet\u0151k \u2013 projektalap\u00fa kalkul\u00e1ci\u00f3 alapj\u00e1n.<\/p>\n<\/div>\n\n\n\n<div class=\"wp-block-column is-layout-flow wp-block-column-is-layout-flow\"><div class=\"wp-block-image\">\n<figure class=\"aligncenter size-full is-resized\"><img decoding=\"async\" width=\"400\" height=\"400\" src=\"https:\/\/lean.org.hu\/wp-content\/uploads\/2025\/06\/pipa.png\" alt=\"\" class=\"wp-image-149240\" style=\"width:60px\" srcset=\"https:\/\/lean.org.hu\/wp-content\/uploads\/2025\/06\/pipa.png 400w, https:\/\/lean.org.hu\/wp-content\/uploads\/2025\/06\/pipa-300x300.png 300w, https:\/\/lean.org.hu\/wp-content\/uploads\/2025\/06\/pipa-150x150.png 150w, https:\/\/lean.org.hu\/wp-content\/uploads\/2025\/06\/pipa-12x12.png 12w, https:\/\/lean.org.hu\/wp-content\/uploads\/2025\/06\/pipa-200x200.png 200w, https:\/\/lean.org.hu\/wp-content\/uploads\/2025\/06\/pipa-100x100.png 100w, https:\/\/lean.org.hu\/wp-content\/uploads\/2025\/06\/pipa-50x50.png 50w\" sizes=\"(max-width: 400px) 100vw, 400px\" \/><\/figure><\/div>\n\n\n<p class=\"has-text-align-center has-accent-color has-text-color has-link-color has-medium-font-size wp-elements-35d2c147d19b28d2ea4ecec3c291309d\">Az elb\u00edr\u00e1l\u00e1s gyors, <strong>el\u0151leg \u00e9rkezik<\/strong> a projekt elkezd\u00e9s\u00e9hez.<\/p>\n<\/div>\n\n\n\n<div class=\"wp-block-column is-layout-flow wp-block-column-is-layout-flow\"><div class=\"wp-block-image\">\n<figure class=\"aligncenter size-full is-resized\"><img decoding=\"async\" width=\"400\" height=\"400\" src=\"https:\/\/lean.org.hu\/wp-content\/uploads\/2025\/06\/pipa.png\" alt=\"\" class=\"wp-image-149240\" style=\"width:60px\" srcset=\"https:\/\/lean.org.hu\/wp-content\/uploads\/2025\/06\/pipa.png 400w, https:\/\/lean.org.hu\/wp-content\/uploads\/2025\/06\/pipa-300x300.png 300w, https:\/\/lean.org.hu\/wp-content\/uploads\/2025\/06\/pipa-150x150.png 150w, https:\/\/lean.org.hu\/wp-content\/uploads\/2025\/06\/pipa-12x12.png 12w, https:\/\/lean.org.hu\/wp-content\/uploads\/2025\/06\/pipa-200x200.png 200w, https:\/\/lean.org.hu\/wp-content\/uploads\/2025\/06\/pipa-100x100.png 100w, https:\/\/lean.org.hu\/wp-content\/uploads\/2025\/06\/pipa-50x50.png 50w\" sizes=\"(max-width: 400px) 100vw, 400px\" \/><\/figure><\/div>\n\n\n<p class=\"has-text-align-center has-accent-color has-text-color has-link-color has-medium-font-size wp-elements-ec87a75b610040119b0b1678962a0ddd\">A k\u00e9pz\u00e9sek mellett <strong>b\u00e9rt\u00e1mogat\u00e1s is ig\u00e9nybe vehet\u0151<\/strong> a munkav\u00e1llal\u00f3k kies\u0151 munkaidej\u00e9re.<\/p>\n<\/div>\n<\/div>\n\n\n\n<p><strong><em>*A t\u00e1mogat\u00e1s m\u00e9rt\u00e9ke az al\u00e1bbiakt\u00f3l f\u00fcgg: \u00e1gazat, szervezet m\u00e9rete, f\u00f6ldrajzi, elhelyezked\u00e9s, k\u00e9pz\u00e9s id\u0151tartam, r\u00e9sztvev\u0151k l\u00e9tsz\u00e1ma, t\u00e1mogat\u00e1s keretein bel\u00fcl megval\u00f3sul-e nyelvi- vagy informatikai k\u00e9pz\u00e9s is<\/em><\/strong><\/p>\n\n\n\n<div style=\"height:20px\" aria-hidden=\"true\" class=\"wp-block-spacer\"><\/div>\n\n\n\n<div class=\"wp-block-columns has-background is-layout-flex wp-container-core-columns-is-layout-9d6595d7 wp-block-columns-is-layout-flex\" style=\"background:linear-gradient(135deg,rgb(168,183,183) 2%,rgb(32,107,81) 91%)\">\n<div class=\"wp-block-column is-vertically-aligned-center is-layout-flow wp-block-column-is-layout-flow\">\n<div style=\"height:20px\" aria-hidden=\"true\" class=\"wp-block-spacer\"><\/div>\n\n\n\n<h2 class=\"wp-block-heading alignwide has-text-align-center has-base-3-color has-text-color has-link-color wp-elements-5a2c4d923078d119261e299ffdf99cee\" style=\"font-size:34px\"><strong>A DFT-HUNG\u00c1RIA ZRT.-R\u0150L<\/strong><\/h2>\n\n\n\n<div style=\"height:15px\" aria-hidden=\"true\" class=\"wp-block-spacer\"><\/div>\n\n\n\n<div class=\"wp-block-columns are-vertically-aligned-center is-layout-flex wp-container-core-columns-is-layout-9d6595d7 wp-block-columns-is-layout-flex\">\n<div class=\"wp-block-column is-vertically-aligned-center is-layout-flow wp-block-column-is-layout-flow\" style=\"flex-basis:35%\"><div class=\"wp-block-image\">\n<figure class=\"aligncenter size-full is-resized\"><img decoding=\"async\" width=\"485\" height=\"404\" src=\"https:\/\/lean.org.hu\/wp-content\/uploads\/2025\/06\/dft_logo-1.jpg\" alt=\"\" class=\"wp-image-149262\" style=\"width:300px\" srcset=\"https:\/\/lean.org.hu\/wp-content\/uploads\/2025\/06\/dft_logo-1.jpg 485w, https:\/\/lean.org.hu\/wp-content\/uploads\/2025\/06\/dft_logo-1-300x250.jpg 300w, https:\/\/lean.org.hu\/wp-content\/uploads\/2025\/06\/dft_logo-1-14x12.jpg 14w, https:\/\/lean.org.hu\/wp-content\/uploads\/2025\/06\/dft_logo-1-200x167.jpg 200w\" sizes=\"(max-width: 485px) 100vw, 485px\" \/><\/figure><\/div><\/div>\n\n\n\n<div class=\"wp-block-column is-vertically-aligned-center is-layout-flow wp-block-column-is-layout-flow\" style=\"flex-basis:65%\">\n<p class=\"has-text-align-center has-base-3-color has-text-color has-link-color wp-elements-6d9aecb9d309e85837898f4281bb5777\">T\u00f6bb mint 30 \u00e9ve m\u0171k\u00f6dnek k\u00f6z\u00e9pv\u00e1llalatk\u00e9nt, teljes m\u00e9rt\u00e9kben magyar tulajdonosi h\u00e1tt\u00e9rrel.<br>Az ESZA t\u00edpus\u00fa szolg\u00e1ltat\u00e1sok ter\u00e9n \u2013 legyen sz\u00f3 emberek \u00e9s k\u00f6z\u00f6ss\u00e9gek, munkat\u00e1rsak, vezet\u0151k vagy munkaszervezetek fejleszt\u00e9s\u00e9r\u0151l \u2013 <strong>a legnagyobb szerepl\u0151k k\u00f6z\u00f6tt tartj\u00e1k sz\u00e1mon \u0151ket.<\/strong><\/p>\n\n\n\n<p class=\"has-text-align-center has-base-3-color has-text-color has-link-color wp-elements-f337e4facb2f06372568515810ff4281\">A GINOP PLUSZ-3.2.1-21 k\u00e9pz\u00e9si alapban az orsz\u00e1gos piac 13 sz\u00e1zal\u00e9ka a DFT-Hung\u00e1ri\u00e1val dolgozik. T\u00f6bb mint 300 projektet vezetnek, van, ahol m\u00e1r harmadik alkalommal ugyanebben a p\u00e1ly\u00e1zati keretben.<br><br><strong>A DFT-Hung\u00e1ria Zrt.-hez eddig beny\u00fajtott forr\u00e1sig\u00e9nyek 100%-ban pozit\u00edv b\u00edr\u00e1latot \u00e9rtek el.<\/strong><\/p>\n<\/div>\n\n\n\n<div class=\"wp-block-column is-layout-flow wp-block-column-is-layout-flow\" style=\"flex-basis:5px\"><\/div>\n<\/div>\n<\/div>\n<\/div>\n\n\n\n<div style=\"height:10px\" aria-hidden=\"true\" class=\"wp-block-spacer\"><\/div>\n\n\n\n<h2 class=\"wp-block-heading has-text-align-center\"><strong>P\u00c1LY\u00c1ZATI KORL\u00c1TOK<\/strong><\/h2>\n\n\n\n<div style=\"height:5px\" aria-hidden=\"true\" class=\"wp-block-spacer\"><\/div>\n\n\n\n<div class=\"wp-block-columns is-layout-flex wp-container-core-columns-is-layout-9d6595d7 wp-block-columns-is-layout-flex\">\n<div class=\"wp-block-column is-layout-flow wp-block-column-is-layout-flow\">\n<p class=\"has-text-align-center has-medium-font-size\">Minimum 24 \u00f3r\u00e1s k\u00e9pz\u00e9sek megval\u00f3s\u00edt\u00e1s\u00e1t javasoljuk (p\u00e1ly\u00e1zati minimum: 16 \u00f3ra)<\/p>\n<\/div>\n\n\n\n<div class=\"wp-block-column is-layout-flow wp-block-column-is-layout-flow\">\n<p class=\"has-text-align-center has-medium-font-size\">Maximum 12 k\u00fcl\u00f6nb\u00f6z\u0151 k\u00e9pz\u00e9s tervezhet\u0151<\/p>\n<\/div>\n<\/div>\n\n\n\n<p><em>Olvasd el mik a t\u00e1mogat\u00e1s ig\u00e9nybev\u00e9tel\u00e9hez sz\u00fcks\u00e9ges <a href=\"https:\/\/www.dft.hu\/wp-content\/uploads\/2025\/03\/GINOP_Plusz_321_21_Munkaero_fejlesztese_4_szakasz.pdf\">felt\u00e9telek<\/a>!<\/em><\/p>\n\n\n\n<div style=\"height:20px\" aria-hidden=\"true\" class=\"wp-block-spacer\"><\/div>\n\n\n\n<div class=\"wp-block-columns is-layout-flex wp-container-core-columns-is-layout-9d6595d7 wp-block-columns-is-layout-flex\">\n<div class=\"wp-block-column is-layout-flow wp-block-column-is-layout-flow\">\n<div class=\"wp-block-buttons is-content-justification-center is-layout-flex wp-container-core-buttons-is-layout-16018d1d wp-block-buttons-is-layout-flex\">\n<div class=\"wp-block-button\"><a class=\"wp-block-button__link has-background wp-element-button\" href=\"https:\/\/www.dft.hu\/wp-content\/uploads\/2024\/07\/Hosszabbitas-GINOP-PLUSZ-3.2.1.-21-III.-B-utem-.pdf\" style=\"background-color:#006443\" target=\"_blank\" rel=\"noreferrer noopener\">Olvasd el a forr\u00e1sr\u00f3l sz\u00f3l\u00f3 tov\u00e1bbi r\u00e9szleteket!<\/a><\/div>\n<\/div>\n<\/div>\n\n\n\n<div class=\"wp-block-column is-layout-flow wp-block-column-is-layout-flow\">\n<div class=\"wp-block-buttons is-content-justification-center is-layout-flex wp-container-core-buttons-is-layout-16018d1d wp-block-buttons-is-layout-flex\">\n<div class=\"wp-block-button is-style-fill\"><a class=\"wp-block-button__link has-contrast-2-background-color has-background wp-element-button\" href=\"mailto:info@lean.org.hu\" target=\"_blank\" rel=\"noreferrer noopener\">K\u00e9rd\u00e9sed van? \u00cdrj nek\u00fcnk e-mailt!<\/a><\/div>\n<\/div>\n<\/div>\n<\/div>\n\n\n\n<div style=\"height:10px\" aria-hidden=\"true\" class=\"wp-block-spacer\"><\/div>\n\n\n\n<h2 class=\"wp-block-heading has-text-align-center\"><strong>K\u00c9RJ AJ\u00c1NLATOT!<\/strong><\/h2>\n\n\n\n<p class=\"has-text-align-center\">Az \u0171rlap kit\u00f6lt\u00e9s\u00e9t k\u00f6vet\u0151en felvessz\u00fck veled a kapcsolatot, \u00e9s elk\u00e9sz\u00edtj\u00fck a szem\u00e9lyre szabott \u00e1raj\u00e1nlatot. Ezt k\u00f6vet\u0151en a DFT-Hung\u00e1ri\u00e1val k\u00f6z\u00f6sen felm\u00e9rj\u00fck a projekt param\u00e9tereit, \u00e9s meghat\u00e1rozzuk, milyen m\u00e9rt\u00e9k\u0171 t\u00e1mogat\u00e1s \u00e9rhet\u0151 el a k\u00e9pz\u00e9s finansz\u00edroz\u00e1s\u00e1hoz.<\/p>\n\n\n\n<script async src='https:\/\/r3.minicrm.hu\/api\/loader.js?59057-0lf8812dvh1rd2hsbfh801wqb2e6do'><\/script>\n\n\n\n<div style=\"height:50px\" aria-hidden=\"true\" class=\"wp-block-spacer\"><\/div>","protected":false},"excerpt":{"rendered":"","protected":false},"author":9,"featured_media":0,"parent":0,"menu_order":0,"comment_status":"closed","ping_status":"closed","template":"","meta":{"_eb_attr":"","footnotes":""},"class_list":{"0":"post-149231","1":"page","2":"type-page","3":"status-publish","5":"infinite-scroll-item","6":"no-featured-image-padding"},"featured_image_src":null,"yoast_head":"<!-- This site is optimized with the Yoast SEO plugin v27.5 - https:\/\/yoast.com\/product\/yoast-seo-wordpress\/ -->\n<title>DFT-Hung\u00e1ria t\u00e1mogat\u00e1s - LEI<\/title>\n<meta name=\"robots\" content=\"index, follow, max-snippet:-1, max-image-preview:large, max-video-preview:-1\" \/>\n<link rel=\"canonical\" href=\"https:\/\/lean.org.hu\/en\/dft-hungaria-tamogatas\/\" \/>\n<meta property=\"og:locale\" content=\"en_GB\" \/>\n<meta property=\"og:type\" content=\"article\" \/>\n<meta property=\"og:title\" content=\"DFT-Hung\u00e1ria t\u00e1mogat\u00e1s - LEI\" \/>\n<meta property=\"og:url\" content=\"https:\/\/lean.org.hu\/en\/dft-hungaria-tamogatas\/\" \/>\n<meta property=\"og:site_name\" content=\"LEI\" \/>\n<meta property=\"article:publisher\" content=\"https:\/\/www.facebook.com\/LEI.Hungary\" \/>\n<meta property=\"article:modified_time\" content=\"2025-07-17T10:16:28+00:00\" \/>\n<meta property=\"og:image\" content=\"https:\/\/lean.org.hu\/wp-content\/uploads\/2025\/07\/dft-seo-3.png\" \/>\n\t<meta property=\"og:image:width\" content=\"1200\" \/>\n\t<meta property=\"og:image:height\" content=\"628\" \/>\n\t<meta property=\"og:image:type\" content=\"image\/png\" \/>\n<meta name=\"twitter:card\" content=\"summary_large_image\" \/>\n<meta name=\"twitter:label1\" content=\"Estimated reading time\" \/>\n\t<meta name=\"twitter:data1\" content=\"3 minutes\" \/>\n<script type=\"application\/ld+json\" class=\"yoast-schema-graph\">{\"@context\":\"https:\\\/\\\/schema.org\",\"@graph\":[{\"@type\":\"WebPage\",\"@id\":\"https:\\\/\\\/lean.org.hu\\\/dft-hungaria-tamogatas\\\/\",\"url\":\"https:\\\/\\\/lean.org.hu\\\/dft-hungaria-tamogatas\\\/\",\"name\":\"DFT-Hung\u00e1ria t\u00e1mogat\u00e1s - LEI\",\"isPartOf\":{\"@id\":\"https:\\\/\\\/lean.org.hu\\\/#website\"},\"primaryImageOfPage\":{\"@id\":\"https:\\\/\\\/lean.org.hu\\\/dft-hungaria-tamogatas\\\/#primaryimage\"},\"image\":{\"@id\":\"https:\\\/\\\/lean.org.hu\\\/dft-hungaria-tamogatas\\\/#primaryimage\"},\"thumbnailUrl\":\"https:\\\/\\\/lean.org.hu\\\/wp-content\\\/uploads\\\/2025\\\/06\\\/dft_banner.png\",\"datePublished\":\"2025-06-24T12:21:28+00:00\",\"dateModified\":\"2025-07-17T10:16:28+00:00\",\"breadcrumb\":{\"@id\":\"https:\\\/\\\/lean.org.hu\\\/dft-hungaria-tamogatas\\\/#breadcrumb\"},\"inLanguage\":\"en-GB\",\"potentialAction\":[{\"@type\":\"ReadAction\",\"target\":[\"https:\\\/\\\/lean.org.hu\\\/dft-hungaria-tamogatas\\\/\"]}]},{\"@type\":\"ImageObject\",\"inLanguage\":\"en-GB\",\"@id\":\"https:\\\/\\\/lean.org.hu\\\/dft-hungaria-tamogatas\\\/#primaryimage\",\"url\":\"https:\\\/\\\/lean.org.hu\\\/wp-content\\\/uploads\\\/2025\\\/06\\\/dft_banner.png\",\"contentUrl\":\"https:\\\/\\\/lean.org.hu\\\/wp-content\\\/uploads\\\/2025\\\/06\\\/dft_banner.png\"},{\"@type\":\"BreadcrumbList\",\"@id\":\"https:\\\/\\\/lean.org.hu\\\/dft-hungaria-tamogatas\\\/#breadcrumb\",\"itemListElement\":[{\"@type\":\"ListItem\",\"position\":1,\"name\":\"Kezd\u0151lap\",\"item\":\"https:\\\/\\\/lean.org.hu\\\/\"},{\"@type\":\"ListItem\",\"position\":2,\"name\":\"DFT-Hung\u00e1ria t\u00e1mogat\u00e1s\"}]},{\"@type\":\"WebSite\",\"@id\":\"https:\\\/\\\/lean.org.hu\\\/#website\",\"url\":\"https:\\\/\\\/lean.org.hu\\\/\",\"name\":\"LEI\",\"description\":\"\",\"publisher\":{\"@id\":\"https:\\\/\\\/lean.org.hu\\\/#organization\"},\"potentialAction\":[{\"@type\":\"SearchAction\",\"target\":{\"@type\":\"EntryPoint\",\"urlTemplate\":\"https:\\\/\\\/lean.org.hu\\\/?s={search_term_string}\"},\"query-input\":{\"@type\":\"PropertyValueSpecification\",\"valueRequired\":true,\"valueName\":\"search_term_string\"}}],\"inLanguage\":\"en-GB\"},{\"@type\":\"Organization\",\"@id\":\"https:\\\/\\\/lean.org.hu\\\/#organization\",\"name\":\"LEI\",\"url\":\"https:\\\/\\\/lean.org.hu\\\/\",\"logo\":{\"@type\":\"ImageObject\",\"inLanguage\":\"en-GB\",\"@id\":\"https:\\\/\\\/lean.org.hu\\\/#\\\/schema\\\/logo\\\/image\\\/\",\"url\":\"https:\\\/\\\/lean.org.hu\\\/wp-content\\\/uploads\\\/2020\\\/07\\\/cropped-lean_logo_final_color_horizontal.png\",\"contentUrl\":\"https:\\\/\\\/lean.org.hu\\\/wp-content\\\/uploads\\\/2020\\\/07\\\/cropped-lean_logo_final_color_horizontal.png\",\"width\":779,\"height\":288,\"caption\":\"LEI\"},\"image\":{\"@id\":\"https:\\\/\\\/lean.org.hu\\\/#\\\/schema\\\/logo\\\/image\\\/\"},\"sameAs\":[\"https:\\\/\\\/www.facebook.com\\\/LEI.Hungary\",\"https:\\\/\\\/www.linkedin.com\\\/company\\\/lean-enterprise-institute-hungary\"]}]}<\/script>\n<!-- \/ Yoast SEO plugin. -->","yoast_head_json":{"title":"DFT-Hung\u00e1ria t\u00e1mogat\u00e1s - LEI","robots":{"index":"index","follow":"follow","max-snippet":"max-snippet:-1","max-image-preview":"max-image-preview:large","max-video-preview":"max-video-preview:-1"},"canonical":"https:\/\/lean.org.hu\/en\/dft-hungaria-tamogatas\/","og_locale":"en_GB","og_type":"article","og_title":"DFT-Hung\u00e1ria t\u00e1mogat\u00e1s - LEI","og_url":"https:\/\/lean.org.hu\/en\/dft-hungaria-tamogatas\/","og_site_name":"LEI","article_publisher":"https:\/\/www.facebook.com\/LEI.Hungary","article_modified_time":"2025-07-17T10:16:28+00:00","og_image":[{"width":1200,"height":628,"url":"https:\/\/lean.org.hu\/wp-content\/uploads\/2025\/07\/dft-seo-3.png","type":"image\/png"}],"twitter_card":"summary_large_image","twitter_misc":{"Estimated reading time":"3 minutes"},"schema":{"@context":"https:\/\/schema.org","@graph":[{"@type":"WebPage","@id":"https:\/\/lean.org.hu\/dft-hungaria-tamogatas\/","url":"https:\/\/lean.org.hu\/dft-hungaria-tamogatas\/","name":"DFT-Hung\u00e1ria t\u00e1mogat\u00e1s - LEI","isPartOf":{"@id":"https:\/\/lean.org.hu\/#website"},"primaryImageOfPage":{"@id":"https:\/\/lean.org.hu\/dft-hungaria-tamogatas\/#primaryimage"},"image":{"@id":"https:\/\/lean.org.hu\/dft-hungaria-tamogatas\/#primaryimage"},"thumbnailUrl":"https:\/\/lean.org.hu\/wp-content\/uploads\/2025\/06\/dft_banner.png","datePublished":"2025-06-24T12:21:28+00:00","dateModified":"2025-07-17T10:16:28+00:00","breadcrumb":{"@id":"https:\/\/lean.org.hu\/dft-hungaria-tamogatas\/#breadcrumb"},"inLanguage":"en-GB","potentialAction":[{"@type":"ReadAction","target":["https:\/\/lean.org.hu\/dft-hungaria-tamogatas\/"]}]},{"@type":"ImageObject","inLanguage":"en-GB","@id":"https:\/\/lean.org.hu\/dft-hungaria-tamogatas\/#primaryimage","url":"https:\/\/lean.org.hu\/wp-content\/uploads\/2025\/06\/dft_banner.png","contentUrl":"https:\/\/lean.org.hu\/wp-content\/uploads\/2025\/06\/dft_banner.png"},{"@type":"BreadcrumbList","@id":"https:\/\/lean.org.hu\/dft-hungaria-tamogatas\/#breadcrumb","itemListElement":[{"@type":"ListItem","position":1,"name":"Kezd\u0151lap","item":"https:\/\/lean.org.hu\/"},{"@type":"ListItem","position":2,"name":"DFT-Hung\u00e1ria t\u00e1mogat\u00e1s"}]},{"@type":"WebSite","@id":"https:\/\/lean.org.hu\/#website","url":"https:\/\/lean.org.hu\/","name":"LEI","description":"","publisher":{"@id":"https:\/\/lean.org.hu\/#organization"},"potentialAction":[{"@type":"SearchAction","target":{"@type":"EntryPoint","urlTemplate":"https:\/\/lean.org.hu\/?s={search_term_string}"},"query-input":{"@type":"PropertyValueSpecification","valueRequired":true,"valueName":"search_term_string"}}],"inLanguage":"en-GB"},{"@type":"Organization","@id":"https:\/\/lean.org.hu\/#organization","name":"LEI","url":"https:\/\/lean.org.hu\/","logo":{"@type":"ImageObject","inLanguage":"en-GB","@id":"https:\/\/lean.org.hu\/#\/schema\/logo\/image\/","url":"https:\/\/lean.org.hu\/wp-content\/uploads\/2020\/07\/cropped-lean_logo_final_color_horizontal.png","contentUrl":"https:\/\/lean.org.hu\/wp-content\/uploads\/2020\/07\/cropped-lean_logo_final_color_horizontal.png","width":779,"height":288,"caption":"LEI"},"image":{"@id":"https:\/\/lean.org.hu\/#\/schema\/logo\/image\/"},"sameAs":["https:\/\/www.facebook.com\/LEI.Hungary","https:\/\/www.linkedin.com\/company\/lean-enterprise-institute-hungary"]}]}},"_links":{"self":[{"href":"https:\/\/lean.org.hu\/en\/wp-json\/wp\/v2\/pages\/149231","targetHints":{"allow":["GET"]}}],"collection":[{"href":"https:\/\/lean.org.hu\/en\/wp-json\/wp\/v2\/pages"}],"about":[{"href":"https:\/\/lean.org.hu\/en\/wp-json\/wp\/v2\/types\/page"}],"author":[{"embeddable":true,"href":"https:\/\/lean.org.hu\/en\/wp-json\/wp\/v2\/users\/9"}],"replies":[{"embeddable":true,"href":"https:\/\/lean.org.hu\/en\/wp-json\/wp\/v2\/comments?post=149231"}],"version-history":[{"count":5,"href":"https:\/\/lean.org.hu\/en\/wp-json\/wp\/v2\/pages\/149231\/revisions"}],"predecessor-version":[{"id":149386,"href":"https:\/\/lean.org.hu\/en\/wp-json\/wp\/v2\/pages\/149231\/revisions\/149386"}],"wp:attachment":[{"href":"https:\/\/lean.org.hu\/en\/wp-json\/wp\/v2\/media?parent=149231"}],"curies":[{"name":"wp","href":"https:\/\/api.w.org\/{rel}","templated":true}]}}